{"id":35340,"date":"2025-04-08T22:09:52","date_gmt":"2025-04-09T04:09:52","guid":{"rendered":"https:\/\/www.mexicanguitarplayers.com\/tienda\/sin categor\u00eda\/bafle-audiocenter-mod-gt515a\/"},"modified":"2026-04-10T04:28:27","modified_gmt":"2026-04-10T10:28:27","slug":"bafle-audiocenter-mod-gt515a","status":"publish","type":"product","link":"https:\/\/www.mexicanguitarplayers.com\/en\/tienda\/audio\/bafles-y-bocinas\/bafles\/bafles-activos\/bafle-audiocenter-mod-gt515a\/","title":{"rendered":"BAFLE AUDIOCENTER MOD. GT515A"},"content":{"rendered":"<div style=\"text-align: justify\">\n<div>\n<h3>Audiocenter GT515A sistema de altavoces<\/h3>\n<\/div>\n<div>Bafle Audiocenter GT515A integrado con gran potencia masiva, tecnolog\u00eda de fuente de alimentaci\u00f3n conmutada y DSP con tecnolog\u00eda de control  DSP incorporada, todas las funciones como ajuste de ecualizaci\u00f3n, fase, la correcci\u00f3n, el retraso, el limitador, etc., se pueden realizar f\u00e1cilmente.  Tecnolog\u00eda de amplificador Clase D de alta eficiencia, peso ligero y m\u00e1s compacto. Con 3 ajustes preestablecidos de la serie GTA, los usuarios pueden recuperar diferentes ajustes preestablecidos para diferentes aplicaciones para obtener el rendimiento de sonido adecuado. Potente funci\u00f3n de protecci\u00f3n con circuito de procesamiento DSP incorporado que puede dar fuerte limitador de protecci\u00f3n a los HF y LF por separado. Convertidor AD\/DA avanzado. Frecuencia de muestreo de se\u00f1al de 48 KHz y precisi\u00f3n de 24 bits. Dispositivo para garantizar un sonido claro y limpio. Hay tres preajustes en los altavoces de rango completo de la serie GTA para que los usuarios los recuerden para su uso en diferentes aplicaciones. Para presentaciones en vivo y uso como monitor en el escenario. El preajuste de voz se utiliza para las actividades de la empresa, presentaciones y discursos p\u00fablicos, etc. Preajuste LF BOOST (solo disponible para GT512A y GT515A) Ideal para aplicaci\u00f3n de DJ\u00b4s y Club, dando un impulso extra en baja frecuencia. La combinaci\u00f3n perfecta para usar junto con Audiocenter Sub, obteniendo una fase adecuada alineaci\u00f3n. El mejor rendimiento sonoro y confiabilidad de su clase, la tecnolog\u00eda Audiocenter BrainCore incorporada, hacen que la serie GT5 sea ideal para aplicaciones de refuerzo de sonido tanto port\u00e1tiles como fijas.<\/div>\n<div>\n<h4>Characteristics<\/h4>\n<\/div>\n<div>\n<ul style=\"margin: 0px 0px 0px 25px\">\n<li style=\"list-style-type: circle;margin: 5px\">Kind<\/li>\n<li style=\"list-style-type: circle;margin: 5px\">Respuesta en frecuencia(-6 dB)<\/li>\n<li style=\"list-style-type: circle;margin: 5px\">SPL\/1M m\u00e1ximo calculado (continuo\/pico)<\/li>\n<li style=\"list-style-type: circle;margin: 5px\">LF<\/li>\n<li style=\"list-style-type: circle;margin: 5px\">HF<\/li>\n<li style=\"list-style-type: circle;margin: 5px\">Cobertura horizontal<\/li>\n<li style=\"list-style-type: circle;margin: 5px\">Cobertura vertical<\/li>\n<li style=\"list-style-type: circle;margin: 5px\">Circuitos de amplificaci\u00f3n<\/li>\n<li style=\"list-style-type: circle;margin: 5px\">Potencia(pico)<\/li>\n<li style=\"list-style-type: circle;margin: 5px\">Respuesta en frecuencia(1W \ud83d\ude2f 2ch)<\/li>\n<li style=\"list-style-type: circle;margin: 5px\">Distorsi\u00f3n por intermodulaci\u00f3n<\/li>\n<li style=\"list-style-type: circle;margin: 5px\">Distorsi\u00f3n arm\u00f3nica total<\/li>\n<li style=\"list-style-type: circle;margin: 5px\">Protecci\u00f3n<\/li>\n<li style=\"list-style-type: circle;margin: 5px\">Sistema de refrigeraci\u00f3n<\/li>\n<li style=\"list-style-type: circle;margin: 5px\">Procesador<\/li>\n<li style=\"list-style-type: circle;margin: 5px\">Preajustes<\/li>\n<li style=\"list-style-type: circle;margin: 5px\">Entrada de se\u00f1al<\/li>\n<li style=\"list-style-type: circle;margin: 5px\">Salida de se\u00f1al<\/li>\n<li style=\"list-style-type: circle;margin: 5px\">Entrada de alimentaci\u00f3n<\/li>\n<li style=\"list-style-type: circle;margin: 5px\">Tensi\u00f3n de trabajo<\/li>\n<li style=\"list-style-type: circle;margin: 5px\">Consumo (1\/8 potencia de salida)<\/li>\n<li style=\"list-style-type: circle;margin: 5px\">Material del armario<\/li>\n<li style=\"list-style-type: circle;margin: 5px\">\u00c1ngulo del monitor<\/li>\n<li style=\"list-style-type: circle;margin: 5px\">Herrajes para colgar<\/li>\n<li style=\"list-style-type: circle;margin: 5px\">Montaje en poste<\/li>\n<li style=\"list-style-type: circle;margin: 5px\">Accesorios opcionales<\/li>\n<li style=\"list-style-type: circle;margin: 5px\">Color del armario<\/li>\n<li style=\"list-style-type: circle;margin: 5px\">Dimensiones (An\u00d7Al\u00d7F)<\/li>\n<li style=\"list-style-type: circle;margin: 5px\">Peso neto<\/li>\n<\/ul>\n<\/div>\n<\/div>","protected":false},"excerpt":{"rendered":"<p>Bafle Audiocenter GT515A integrado con gran potencia masiva, tecnolog\u00eda de fuente de alimentaci\u00f3n conmutada y DSP con tecnolog\u00eda de control  DSP incorporada, todas las funciones como ajuste de ecualizaci\u00f3n, fase, la correcci\u00f3n, el retraso, el limitador, etc., se pueden realizar f\u00e1cilmente.  Tecnolog\u00eda de amplificador Clase D de alta eficiencia, peso ligero y m\u00e1s compacto. Con 3 ajustes preestablecidos de la serie GTA, los usuarios pueden recuperar diferentes ajustes preestablecidos para diferentes aplicaciones para obtener el rendimiento de sonido adecuado. Potente funci\u00f3n de protecci\u00f3n con circuito de procesamiento DSP incorporado que puede dar fuerte limitador de protecci\u00f3n a los HF y LF por separado. Convertidor AD\/DA avanzado. Frecuencia de muestreo de se\u00f1al de 48 KHz y precisi\u00f3n de 24 bits. Dispositivo para garantizar un sonido claro y limpio. Hay tres preajustes en los altavoces de rango completo de la serie GTA para que los usuarios los recuerden para su uso en diferentes aplicaciones. Para presentaciones en vivo y uso como monitor en el escenario. El preajuste de voz se utiliza para las actividades de la empresa, presentaciones y discursos p\u00fablicos, etc. Preajuste LF BOOST (solo disponible para GT512A y GT515A) Ideal para aplicaci\u00f3n de DJ\u00b4s y Club, dando un impulso extra en baja frecuencia. La combinaci\u00f3n perfecta para usar junto con Audiocenter Sub, obteniendo una fase adecuada alineaci\u00f3n.&hellip; <a class=\"kt-excerpt-readmore more-link\" href=\"https:\/\/www.mexicanguitarplayers.com\/en\/tienda\/audio\/bafles-y-bocinas\/bafles\/bafles-activos\/bafle-audiocenter-mod-gt515a\/\">Read more<\/a><\/p>","protected":false},"featured_media":35339,"comment_status":"open","ping_status":"closed","template":"","meta":{"kt_blocks_editor_width":""},"pwb-brand":[525],"product_brand":[],"product_cat":[213,222,472,221],"product_tag":[],"class_list":{"0":"post-35340","1":"product","2":"type-product","3":"status-publish","4":"has-post-thumbnail","6":"pwb-brand-audiocenter","7":"product_cat-audio","8":"product_cat-bafles","9":"product_cat-bafles-activos","10":"product_cat-bafles-y-bocinas","11":"product_shipping_class-25-30-kg","13":"first","14":"outofstock","15":"taxable","16":"shipping-taxable","17":"purchasable","18":"product-type-simple"},"yoast_head":"<!-- This site is optimized with the Yoast SEO plugin v27.5 - https:\/\/yoast.com\/product\/yoast-seo-wordpress\/ -->\n<title>BAFLE AUDIOCENTER MOD. GT515A - Mexican Guitar Players<\/title>\n<meta name=\"description\" content=\"Bafle Audiocenter GT515A integrado con gran potencia masiva, tecnolog\u00eda de fuente de alimentaci\u00f3n conmutada y DSP con tecnolog\u00eda de control DSP incorporada, todas las funciones como ajuste de ecualizaci\u00f3n, fase, la correcci\u00f3n, el retraso, el limitador, etc., se pueden realizar f\u00e1cilmente. Tecnolog\u00eda de amplificador Clase D de alta eficiencia, peso ligero y m\u00e1s compacto. Con 3 ajustes preestablecidos de la serie GTA, los usuarios pueden recuperar diferentes ajustes preestablecidos para diferentes aplicaciones para obtener el rendimiento de sonido adecuado. Potente funci\u00f3n de protecci\u00f3n con circuito de procesamiento DSP incorporado que puede dar fuerte limitador de protecci\u00f3n a los HF y LF por separado. Convertidor AD\/DA avanzado. Frecuencia de muestreo de se\u00f1al de 48 KHz y precisi\u00f3n de 24 bits. Dispositivo para garantizar un sonido claro y limpio. Hay tres preajustes en los altavoces de rango completo de la serie GTA para que los usuarios los recuerden para su uso en diferentes aplicaciones. Para presentaciones en vivo y uso como monitor en el escenario. El preajuste de voz se utiliza para las actividades de la empresa, presentaciones y discursos p\u00fablicos, etc. Preajuste LF BOOST (solo disponible para GT512A y GT515A) Ideal para aplicaci\u00f3n de DJ\u00b4s y Club, dando un impulso extra en baja frecuencia. La combinaci\u00f3n perfecta para usar junto con Audiocenter Sub, obteniendo una fase adecuada alineaci\u00f3n.\" \/>\n<meta name=\"robots\" content=\"index, follow, max-snippet:-1, max-image-preview:large, max-video-preview:-1\" \/>\n<link rel=\"canonical\" href=\"https:\/\/www.mexicanguitarplayers.com\/en\/tienda\/sin%20categor\u00eda\/bafle-audiocenter-mod-gt515a\/\" \/>\n<meta property=\"og:locale\" content=\"en_US\" \/>\n<meta property=\"og:type\" content=\"article\" \/>\n<meta property=\"og:title\" content=\"BAFLE AUDIOCENTER MOD. GT515A - Mexican Guitar Players\" \/>\n<meta property=\"og:description\" content=\"Bafle Audiocenter GT515A integrado con gran potencia masiva, tecnolog\u00eda de fuente de alimentaci\u00f3n conmutada y DSP con tecnolog\u00eda de control DSP incorporada, todas las funciones como ajuste de ecualizaci\u00f3n, fase, la correcci\u00f3n, el retraso, el limitador, etc., se pueden realizar f\u00e1cilmente. Tecnolog\u00eda de amplificador Clase D de alta eficiencia, peso ligero y m\u00e1s compacto. Con 3 ajustes preestablecidos de la serie GTA, los usuarios pueden recuperar diferentes ajustes preestablecidos para diferentes aplicaciones para obtener el rendimiento de sonido adecuado. Potente funci\u00f3n de protecci\u00f3n con circuito de procesamiento DSP incorporado que puede dar fuerte limitador de protecci\u00f3n a los HF y LF por separado. Convertidor AD\/DA avanzado. Frecuencia de muestreo de se\u00f1al de 48 KHz y precisi\u00f3n de 24 bits. Dispositivo para garantizar un sonido claro y limpio. Hay tres preajustes en los altavoces de rango completo de la serie GTA para que los usuarios los recuerden para su uso en diferentes aplicaciones. Para presentaciones en vivo y uso como monitor en el escenario. El preajuste de voz se utiliza para las actividades de la empresa, presentaciones y discursos p\u00fablicos, etc. Preajuste LF BOOST (solo disponible para GT512A y GT515A) Ideal para aplicaci\u00f3n de DJ\u00b4s y Club, dando un impulso extra en baja frecuencia. La combinaci\u00f3n perfecta para usar junto con Audiocenter Sub, obteniendo una fase adecuada alineaci\u00f3n.\" \/>\n<meta property=\"og:url\" content=\"https:\/\/www.mexicanguitarplayers.com\/en\/tienda\/sin categor\u00eda\/bafle-audiocenter-mod-gt515a\/\" \/>\n<meta property=\"og:site_name\" content=\"Mexican Guitar Players\" \/>\n<meta property=\"article:modified_time\" content=\"2026-04-10T10:28:27+00:00\" \/>\n<meta name=\"twitter:card\" content=\"summary_large_image\" \/>\n<meta name=\"twitter:label1\" content=\"Est. reading time\" \/>\n\t<meta name=\"twitter:data1\" content=\"2 minutes\" \/>\n<script type=\"application\/ld+json\" class=\"yoast-schema-graph\">{\"@context\":\"https:\\\/\\\/schema.org\",\"@graph\":[{\"@type\":[\"WebPage\",\"ItemPage\"],\"@id\":\"https:\\\/\\\/www.mexicanguitarplayers.com\\\/tienda\\\/sin categor\u00eda\\\/bafle-audiocenter-mod-gt515a\\\/\",\"url\":\"https:\\\/\\\/www.mexicanguitarplayers.com\\\/tienda\\\/sin categor\u00eda\\\/bafle-audiocenter-mod-gt515a\\\/\",\"name\":\"BAFLE AUDIOCENTER MOD. GT515A - Mexican Guitar Players\",\"isPartOf\":{\"@id\":\"https:\\\/\\\/www.mexicanguitarplayers.com\\\/#website\"},\"primaryImageOfPage\":{\"@id\":\"https:\\\/\\\/www.mexicanguitarplayers.com\\\/tienda\\\/sin categor\u00eda\\\/bafle-audiocenter-mod-gt515a\\\/#primaryimage\"},\"image\":{\"@id\":\"https:\\\/\\\/www.mexicanguitarplayers.com\\\/tienda\\\/sin categor\u00eda\\\/bafle-audiocenter-mod-gt515a\\\/#primaryimage\"},\"thumbnailUrl\":\"https:\\\/\\\/www.mexicanguitarplayers.com\\\/wp-content\\\/uploads\\\/2025\\\/04\\\/IAACTGT515A.jpg\",\"datePublished\":\"2025-04-09T04:09:52+00:00\",\"dateModified\":\"2026-04-10T10:28:27+00:00\",\"description\":\"Bafle Audiocenter GT515A integrado con gran potencia masiva, tecnolog\u00eda de fuente de alimentaci\u00f3n conmutada y DSP con tecnolog\u00eda de control DSP incorporada, todas las funciones como ajuste de ecualizaci\u00f3n, fase, la correcci\u00f3n, el retraso, el limitador, etc., se pueden realizar f\u00e1cilmente. Tecnolog\u00eda de amplificador Clase D de alta eficiencia, peso ligero y m\u00e1s compacto. Con 3 ajustes preestablecidos de la serie GTA, los usuarios pueden recuperar diferentes ajustes preestablecidos para diferentes aplicaciones para obtener el rendimiento de sonido adecuado. Potente funci\u00f3n de protecci\u00f3n con circuito de procesamiento DSP incorporado que puede dar fuerte limitador de protecci\u00f3n a los HF y LF por separado. Convertidor AD\\\/DA avanzado. Frecuencia de muestreo de se\u00f1al de 48 KHz y precisi\u00f3n de 24 bits. Dispositivo para garantizar un sonido claro y limpio. Hay tres preajustes en los altavoces de rango completo de la serie GTA para que los usuarios los recuerden para su uso en diferentes aplicaciones. Para presentaciones en vivo y uso como monitor en el escenario. El preajuste de voz se utiliza para las actividades de la empresa, presentaciones y discursos p\u00fablicos, etc. Preajuste LF BOOST (solo disponible para GT512A y GT515A) Ideal para aplicaci\u00f3n de DJ\u00b4s y Club, dando un impulso extra en baja frecuencia. La combinaci\u00f3n perfecta para usar junto con Audiocenter Sub, obteniendo una fase adecuada alineaci\u00f3n.\",\"breadcrumb\":{\"@id\":\"https:\\\/\\\/www.mexicanguitarplayers.com\\\/tienda\\\/sin categor\u00eda\\\/bafle-audiocenter-mod-gt515a\\\/#breadcrumb\"},\"inLanguage\":\"en-US\",\"potentialAction\":[{\"@type\":\"ReadAction\",\"target\":[\"https:\\\/\\\/www.mexicanguitarplayers.com\\\/tienda\\\/sin categor\u00eda\\\/bafle-audiocenter-mod-gt515a\\\/\"]}]},{\"@type\":\"ImageObject\",\"inLanguage\":\"en-US\",\"@id\":\"https:\\\/\\\/www.mexicanguitarplayers.com\\\/tienda\\\/sin categor\u00eda\\\/bafle-audiocenter-mod-gt515a\\\/#primaryimage\",\"url\":\"https:\\\/\\\/www.mexicanguitarplayers.com\\\/wp-content\\\/uploads\\\/2025\\\/04\\\/IAACTGT515A.jpg\",\"contentUrl\":\"https:\\\/\\\/www.mexicanguitarplayers.com\\\/wp-content\\\/uploads\\\/2025\\\/04\\\/IAACTGT515A.jpg\",\"width\":1200,\"height\":1200},{\"@type\":\"BreadcrumbList\",\"@id\":\"https:\\\/\\\/www.mexicanguitarplayers.com\\\/tienda\\\/sin categor\u00eda\\\/bafle-audiocenter-mod-gt515a\\\/#breadcrumb\",\"itemListElement\":[{\"@type\":\"ListItem\",\"position\":1,\"name\":\"Portada\",\"item\":\"https:\\\/\\\/www.mexicanguitarplayers.com\\\/\"},{\"@type\":\"ListItem\",\"position\":2,\"name\":\"Tienda\",\"item\":\"https:\\\/\\\/www.mexicanguitarplayers.com\\\/tienda\\\/\"},{\"@type\":\"ListItem\",\"position\":3,\"name\":\"BAFLE AUDIOCENTER MOD. GT515A\"}]},{\"@type\":\"WebSite\",\"@id\":\"https:\\\/\\\/www.mexicanguitarplayers.com\\\/#website\",\"url\":\"https:\\\/\\\/www.mexicanguitarplayers.com\\\/\",\"name\":\"Mexican Guitar Players\",\"description\":\"Website\",\"publisher\":{\"@id\":\"https:\\\/\\\/www.mexicanguitarplayers.com\\\/#organization\"},\"potentialAction\":[{\"@type\":\"SearchAction\",\"target\":{\"@type\":\"EntryPoint\",\"urlTemplate\":\"https:\\\/\\\/www.mexicanguitarplayers.com\\\/?s={search_term_string}\"},\"query-input\":{\"@type\":\"PropertyValueSpecification\",\"valueRequired\":true,\"valueName\":\"search_term_string\"}}],\"inLanguage\":\"en-US\"},{\"@type\":\"Organization\",\"@id\":\"https:\\\/\\\/www.mexicanguitarplayers.com\\\/#organization\",\"name\":\"Mexican Guitar Players\",\"url\":\"https:\\\/\\\/www.mexicanguitarplayers.com\\\/\",\"logo\":{\"@type\":\"ImageObject\",\"inLanguage\":\"en-US\",\"@id\":\"https:\\\/\\\/www.mexicanguitarplayers.com\\\/#\\\/schema\\\/logo\\\/image\\\/\",\"url\":\"\",\"contentUrl\":\"\",\"caption\":\"Mexican Guitar Players\"},\"image\":{\"@id\":\"https:\\\/\\\/www.mexicanguitarplayers.com\\\/#\\\/schema\\\/logo\\\/image\\\/\"}}]}<\/script>\n<!-- \/ Yoast SEO plugin. -->","yoast_head_json":{"title":"BAFLE AUDIOCENTER MOD. GT515A - Mexican Guitar Players","description":"Bafle Audiocenter GT515A integrado con gran potencia masiva, tecnolog\u00eda de fuente de alimentaci\u00f3n conmutada y DSP con tecnolog\u00eda de control DSP incorporada, todas las funciones como ajuste de ecualizaci\u00f3n, fase, la correcci\u00f3n, el retraso, el limitador, etc., se pueden realizar f\u00e1cilmente. Tecnolog\u00eda de amplificador Clase D de alta eficiencia, peso ligero y m\u00e1s compacto. Con 3 ajustes preestablecidos de la serie GTA, los usuarios pueden recuperar diferentes ajustes preestablecidos para diferentes aplicaciones para obtener el rendimiento de sonido adecuado. Potente funci\u00f3n de protecci\u00f3n con circuito de procesamiento DSP incorporado que puede dar fuerte limitador de protecci\u00f3n a los HF y LF por separado. Convertidor AD\/DA avanzado. Frecuencia de muestreo de se\u00f1al de 48 KHz y precisi\u00f3n de 24 bits. Dispositivo para garantizar un sonido claro y limpio. Hay tres preajustes en los altavoces de rango completo de la serie GTA para que los usuarios los recuerden para su uso en diferentes aplicaciones. Para presentaciones en vivo y uso como monitor en el escenario. El preajuste de voz se utiliza para las actividades de la empresa, presentaciones y discursos p\u00fablicos, etc. Preajuste LF BOOST (solo disponible para GT512A y GT515A) Ideal para aplicaci\u00f3n de DJ\u00b4s y Club, dando un impulso extra en baja frecuencia. La combinaci\u00f3n perfecta para usar junto con Audiocenter Sub, obteniendo una fase adecuada alineaci\u00f3n.","robots":{"index":"index","follow":"follow","max-snippet":"max-snippet:-1","max-image-preview":"max-image-preview:large","max-video-preview":"max-video-preview:-1"},"canonical":"https:\/\/www.mexicanguitarplayers.com\/en\/tienda\/sin categor\u00eda\/bafle-audiocenter-mod-gt515a\/","og_locale":"en_US","og_type":"article","og_title":"BAFLE AUDIOCENTER MOD. GT515A - Mexican Guitar Players","og_description":"Bafle Audiocenter GT515A integrado con gran potencia masiva, tecnolog\u00eda de fuente de alimentaci\u00f3n conmutada y DSP con tecnolog\u00eda de control DSP incorporada, todas las funciones como ajuste de ecualizaci\u00f3n, fase, la correcci\u00f3n, el retraso, el limitador, etc., se pueden realizar f\u00e1cilmente. Tecnolog\u00eda de amplificador Clase D de alta eficiencia, peso ligero y m\u00e1s compacto. Con 3 ajustes preestablecidos de la serie GTA, los usuarios pueden recuperar diferentes ajustes preestablecidos para diferentes aplicaciones para obtener el rendimiento de sonido adecuado. Potente funci\u00f3n de protecci\u00f3n con circuito de procesamiento DSP incorporado que puede dar fuerte limitador de protecci\u00f3n a los HF y LF por separado. Convertidor AD\/DA avanzado. Frecuencia de muestreo de se\u00f1al de 48 KHz y precisi\u00f3n de 24 bits. Dispositivo para garantizar un sonido claro y limpio. Hay tres preajustes en los altavoces de rango completo de la serie GTA para que los usuarios los recuerden para su uso en diferentes aplicaciones. Para presentaciones en vivo y uso como monitor en el escenario. El preajuste de voz se utiliza para las actividades de la empresa, presentaciones y discursos p\u00fablicos, etc. Preajuste LF BOOST (solo disponible para GT512A y GT515A) Ideal para aplicaci\u00f3n de DJ\u00b4s y Club, dando un impulso extra en baja frecuencia. La combinaci\u00f3n perfecta para usar junto con Audiocenter Sub, obteniendo una fase adecuada alineaci\u00f3n.","og_url":"https:\/\/www.mexicanguitarplayers.com\/en\/tienda\/sin categor\u00eda\/bafle-audiocenter-mod-gt515a\/","og_site_name":"Mexican Guitar Players","article_modified_time":"2026-04-10T10:28:27+00:00","twitter_card":"summary_large_image","twitter_misc":{"Est. reading time":"2 minutes"},"schema":{"@context":"https:\/\/schema.org","@graph":[{"@type":["WebPage","ItemPage"],"@id":"https:\/\/www.mexicanguitarplayers.com\/tienda\/sin categor\u00eda\/bafle-audiocenter-mod-gt515a\/","url":"https:\/\/www.mexicanguitarplayers.com\/tienda\/sin categor\u00eda\/bafle-audiocenter-mod-gt515a\/","name":"BAFLE AUDIOCENTER MOD. GT515A - Mexican Guitar Players","isPartOf":{"@id":"https:\/\/www.mexicanguitarplayers.com\/#website"},"primaryImageOfPage":{"@id":"https:\/\/www.mexicanguitarplayers.com\/tienda\/sin categor\u00eda\/bafle-audiocenter-mod-gt515a\/#primaryimage"},"image":{"@id":"https:\/\/www.mexicanguitarplayers.com\/tienda\/sin categor\u00eda\/bafle-audiocenter-mod-gt515a\/#primaryimage"},"thumbnailUrl":"https:\/\/www.mexicanguitarplayers.com\/wp-content\/uploads\/2025\/04\/IAACTGT515A.jpg","datePublished":"2025-04-09T04:09:52+00:00","dateModified":"2026-04-10T10:28:27+00:00","description":"Bafle Audiocenter GT515A integrado con gran potencia masiva, tecnolog\u00eda de fuente de alimentaci\u00f3n conmutada y DSP con tecnolog\u00eda de control DSP incorporada, todas las funciones como ajuste de ecualizaci\u00f3n, fase, la correcci\u00f3n, el retraso, el limitador, etc., se pueden realizar f\u00e1cilmente. Tecnolog\u00eda de amplificador Clase D de alta eficiencia, peso ligero y m\u00e1s compacto. Con 3 ajustes preestablecidos de la serie GTA, los usuarios pueden recuperar diferentes ajustes preestablecidos para diferentes aplicaciones para obtener el rendimiento de sonido adecuado. Potente funci\u00f3n de protecci\u00f3n con circuito de procesamiento DSP incorporado que puede dar fuerte limitador de protecci\u00f3n a los HF y LF por separado. Convertidor AD\/DA avanzado. Frecuencia de muestreo de se\u00f1al de 48 KHz y precisi\u00f3n de 24 bits. Dispositivo para garantizar un sonido claro y limpio. Hay tres preajustes en los altavoces de rango completo de la serie GTA para que los usuarios los recuerden para su uso en diferentes aplicaciones. Para presentaciones en vivo y uso como monitor en el escenario. El preajuste de voz se utiliza para las actividades de la empresa, presentaciones y discursos p\u00fablicos, etc. Preajuste LF BOOST (solo disponible para GT512A y GT515A) Ideal para aplicaci\u00f3n de DJ\u00b4s y Club, dando un impulso extra en baja frecuencia. La combinaci\u00f3n perfecta para usar junto con Audiocenter Sub, obteniendo una fase adecuada alineaci\u00f3n.","breadcrumb":{"@id":"https:\/\/www.mexicanguitarplayers.com\/tienda\/sin categor\u00eda\/bafle-audiocenter-mod-gt515a\/#breadcrumb"},"inLanguage":"en-US","potentialAction":[{"@type":"ReadAction","target":["https:\/\/www.mexicanguitarplayers.com\/tienda\/sin categor\u00eda\/bafle-audiocenter-mod-gt515a\/"]}]},{"@type":"ImageObject","inLanguage":"en-US","@id":"https:\/\/www.mexicanguitarplayers.com\/tienda\/sin categor\u00eda\/bafle-audiocenter-mod-gt515a\/#primaryimage","url":"https:\/\/www.mexicanguitarplayers.com\/wp-content\/uploads\/2025\/04\/IAACTGT515A.jpg","contentUrl":"https:\/\/www.mexicanguitarplayers.com\/wp-content\/uploads\/2025\/04\/IAACTGT515A.jpg","width":1200,"height":1200},{"@type":"BreadcrumbList","@id":"https:\/\/www.mexicanguitarplayers.com\/tienda\/sin categor\u00eda\/bafle-audiocenter-mod-gt515a\/#breadcrumb","itemListElement":[{"@type":"ListItem","position":1,"name":"Portada","item":"https:\/\/www.mexicanguitarplayers.com\/"},{"@type":"ListItem","position":2,"name":"Tienda","item":"https:\/\/www.mexicanguitarplayers.com\/tienda\/"},{"@type":"ListItem","position":3,"name":"BAFLE AUDIOCENTER MOD. GT515A"}]},{"@type":"WebSite","@id":"https:\/\/www.mexicanguitarplayers.com\/#website","url":"https:\/\/www.mexicanguitarplayers.com\/","name":"Mexican Guitar Players","description":"Website","publisher":{"@id":"https:\/\/www.mexicanguitarplayers.com\/#organization"},"potentialAction":[{"@type":"SearchAction","target":{"@type":"EntryPoint","urlTemplate":"https:\/\/www.mexicanguitarplayers.com\/?s={search_term_string}"},"query-input":{"@type":"PropertyValueSpecification","valueRequired":true,"valueName":"search_term_string"}}],"inLanguage":"en-US"},{"@type":"Organization","@id":"https:\/\/www.mexicanguitarplayers.com\/#organization","name":"Mexican Guitar Players","url":"https:\/\/www.mexicanguitarplayers.com\/","logo":{"@type":"ImageObject","inLanguage":"en-US","@id":"https:\/\/www.mexicanguitarplayers.com\/#\/schema\/logo\/image\/","url":"","contentUrl":"","caption":"Mexican Guitar Players"},"image":{"@id":"https:\/\/www.mexicanguitarplayers.com\/#\/schema\/logo\/image\/"}}]}},"brands":[{"id":525,"name":"AUDIOCENTER","slug":"audiocenter"}],"_links":{"self":[{"href":"https:\/\/www.mexicanguitarplayers.com\/en\/wp-json\/wp\/v2\/product\/35340","targetHints":{"allow":["GET"]}}],"collection":[{"href":"https:\/\/www.mexicanguitarplayers.com\/en\/wp-json\/wp\/v2\/product"}],"about":[{"href":"https:\/\/www.mexicanguitarplayers.com\/en\/wp-json\/wp\/v2\/types\/product"}],"replies":[{"embeddable":true,"href":"https:\/\/www.mexicanguitarplayers.com\/en\/wp-json\/wp\/v2\/comments?post=35340"}],"wp:featuredmedia":[{"embeddable":true,"href":"https:\/\/www.mexicanguitarplayers.com\/en\/wp-json\/wp\/v2\/media\/35339"}],"wp:attachment":[{"href":"https:\/\/www.mexicanguitarplayers.com\/en\/wp-json\/wp\/v2\/media?parent=35340"}],"wp:term":[{"taxonomy":"pwb-brand","embeddable":true,"href":"https:\/\/www.mexicanguitarplayers.com\/en\/wp-json\/wp\/v2\/pwb-brand?post=35340"},{"taxonomy":"product_brand","embeddable":true,"href":"https:\/\/www.mexicanguitarplayers.com\/en\/wp-json\/wp\/v2\/product_brand?post=35340"},{"taxonomy":"product_cat","embeddable":true,"href":"https:\/\/www.mexicanguitarplayers.com\/en\/wp-json\/wp\/v2\/product_cat?post=35340"},{"taxonomy":"product_tag","embeddable":true,"href":"https:\/\/www.mexicanguitarplayers.com\/en\/wp-json\/wp\/v2\/product_tag?post=35340"}],"curies":[{"name":"wp","href":"https:\/\/api.w.org\/{rel}","templated":true}]}}