{"id":35365,"date":"2025-04-08T22:10:29","date_gmt":"2025-04-09T04:10:29","guid":{"rendered":"https:\/\/www.mexicanguitarplayers.com\/tienda\/sin categor\u00eda\/pastillas-sd-juego-antq-ii-for-strat-surfer\/"},"modified":"2026-05-01T07:21:17","modified_gmt":"2026-05-01T13:21:17","slug":"pastillas-sd-juego-antq-ii-for-strat-surfer","status":"publish","type":"product","link":"https:\/\/www.mexicanguitarplayers.com\/en\/tienda\/accesorios\/para-guitarras\/pastillas-para-guitarra-electrica\/pastillas-sd-juego-antq-ii-for-strat-surfer\/","title":{"rendered":"PASTILLAS SD JUEGO ANTQ II FOR STRAT SURFER"},"content":{"rendered":"<div style=\"text-align: justify\">\n<div>\n<h3>Stratocaster vintage Antiquity II Surfer.<\/h3>\n<\/div>\n<div>Toma tu Stratocaster en un viaje a trav\u00e9s de d\u00e9cadas de g\u00e9nero seminal que define tonos de rock, surf, country y blues con las pastillas Stratocaster vintage Antiquity II Surfer. EL brazo de Surf Antiquity II proporciona ese rebote suave y resonante que solo una Stratocaster puede producir. Nuestros imanes de varilla de alnico 5 especialmente calibrados y la bobina enrollada de dispersi\u00f3n personalizada le dan al ataque de agudos una sutil dulzura sin perder nada del brillo arm\u00f3nico. La pastilla del centro en el set es RW\/RP para el cloqueo perfecto sin zumbidos en las posiciones 2 y 4. La pastilla de puente Antiquity II Surf para Strat Custom est\u00e1 enrollada para tener un rango medio y una salida adicionales para una mayor versatilidad. Los enrollamos un 50% m\u00e1s calientes para obtener m\u00e1s medios y luego suavizamos ligeramente el ataque de los agudos desmagnetizando los imanes de varilla de alnico 5. Atraviesa la mezcla mucho m\u00e1s f\u00e1cilmente que una pastilla de puente Strat tradicional, al tiempo que conserva el car\u00e1cter tonal cl\u00e1sico de Stratocaster. Los solos resaltar\u00e1n m\u00e1s musicalmente y los acordes sonar\u00e1n con la cantidad perfecta de brillo de rango medio. Construido a mano en nuestra Custom Shop, cada pastilla est\u00e1 envejecida para lucir y sonar como una original de los a\u00f1os 60. Utilizamos un cable conductor de retroceso de tela azul\/amarillo correcto vintage, una parte inferior plana de color gris claro y cubiertas envejecidas personalizadas para lograr el aspecto perfecto. Las pastillas Antiquity II Surfer Vintage Strat est\u00e1n todas laqueadas y enceradas. Todos los sets, excepto el modelo exclusivo de Jimi Hendrix, vienen con un RWRP central como pastilla intermedia. Posici\u00f3n RWRP central (viento inverso\/polaridad inversa): Elije esta opci\u00f3n para tener una pastilla que cancele el zumbido con uno de nuestros modelos de brazo o puente.<\/div>\n<div>\n<h4>Quick look<\/h4>\n<\/div>\n<ul style=\"margin: 0px 0px 0px 25px\">\n<li style=\"list-style-type: circle;margin: 5px\">Modelo.<\/li>\n<li style=\"list-style-type: circle;margin: 5px\">Posici\u00f3n.<\/li>\n<li style=\"list-style-type: circle;margin: 5px\">Espaciado.<\/li>\n<li style=\"list-style-type: circle;margin: 5px\">Alambrado.<\/li>\n<li style=\"list-style-type: circle;margin: 5px\">Im\u00e1n.<\/li>\n<\/ul>\n<div>\n<div style=\"font-weight: bold\">Modelo.<\/div>\n<div>\n<p>Stratocaster vintage Antiquity II Surfer.<\/p>\n<\/div>\n<div style=\"font-weight: bold\">Posici\u00f3n.<\/div>\n<div>\n<p>Para puente, centro y brazo.<\/p>\n<\/div>\n<div style=\"font-weight: bold\">Espaciado.<\/div>\n<div>\n<p>Est\u00e1ndar.<\/p>\n<\/div>\n<div style=\"font-weight: bold\">Alambrado.<\/div>\n<div>\n<p>Cloth push-back.<\/p>\n<\/div>\n<div style=\"font-weight: bold\">Im\u00e1n.<\/div>\n<div>\n<p>Alnico 5.<\/p>\n<\/div>\n<\/div>\n<\/div>","protected":false},"excerpt":{"rendered":"<p>Set de pastillas humbucker pasivas para guitarra el\u00e9ctrica de 6 cuerdas, modelo Antiquity II\u2122 Surfer Strat, posici\u00f3n: puente, centro y brazo, cableado: cloth push-back, im\u00e1n: alnico 5, brillante, impactante y envejecido a la perfecci\u00f3n, capturan todos los tonos cl\u00e1sicos single-coil de los a\u00f1os 60.&hellip; <a class=\"kt-excerpt-readmore more-link\" href=\"https:\/\/www.mexicanguitarplayers.com\/en\/tienda\/accesorios\/para-guitarras\/pastillas-para-guitarra-electrica\/pastillas-sd-juego-antq-ii-for-strat-surfer\/\">Read more<\/a><\/p>","protected":false},"featured_media":35356,"comment_status":"open","ping_status":"closed","template":"","meta":{"kt_blocks_editor_width":""},"pwb-brand":[502],"product_brand":[],"product_cat":[85,336,353],"product_tag":[],"class_list":{"0":"post-35365","1":"product","2":"type-product","3":"status-publish","4":"has-post-thumbnail","6":"pwb-brand-seymour-duncan","7":"product_cat-accesorios","8":"product_cat-para-guitarras","9":"product_cat-pastillas-para-guitarra-electrica","10":"product_shipping_class-0-5-kg","12":"first","13":"instock","14":"taxable","15":"shipping-taxable","16":"purchasable","17":"product-type-simple"},"yoast_head":"<!-- This site is optimized with the Yoast SEO plugin v27.5 - https:\/\/yoast.com\/product\/yoast-seo-wordpress\/ -->\n<title>PASTILLAS SD JUEGO ANTQ II FOR STRAT SURFER - Mexican Guitar Players<\/title>\n<meta name=\"description\" content=\"Set de pastillas humbucker pasivas para guitarra el\u00e9ctrica de 6 cuerdas, modelo Antiquity II\u2122 Surfer Strat, posici\u00f3n: puente, centro y brazo, cableado: cloth push-back, im\u00e1n: alnico 5, brillante, impactante y envejecido a la perfecci\u00f3n, capturan todos los tonos cl\u00e1sicos single-coil de los a\u00f1os 60.\" \/>\n<meta name=\"robots\" content=\"index, follow, max-snippet:-1, max-image-preview:large, max-video-preview:-1\" \/>\n<link rel=\"canonical\" href=\"https:\/\/www.mexicanguitarplayers.com\/en\/tienda\/sin%20categor\u00eda\/pastillas-sd-juego-antq-ii-for-strat-surfer\/\" \/>\n<meta property=\"og:locale\" content=\"en_US\" \/>\n<meta property=\"og:type\" content=\"article\" \/>\n<meta property=\"og:title\" content=\"PASTILLAS SD JUEGO ANTQ II FOR STRAT SURFER - Mexican Guitar Players\" \/>\n<meta property=\"og:description\" content=\"Set de pastillas humbucker pasivas para guitarra el\u00e9ctrica de 6 cuerdas, modelo Antiquity II\u2122 Surfer Strat, posici\u00f3n: puente, centro y brazo, cableado: cloth push-back, im\u00e1n: alnico 5, brillante, impactante y envejecido a la perfecci\u00f3n, capturan todos los tonos cl\u00e1sicos single-coil de los a\u00f1os 60.\" \/>\n<meta property=\"og:url\" content=\"https:\/\/www.mexicanguitarplayers.com\/en\/tienda\/sin categor\u00eda\/pastillas-sd-juego-antq-ii-for-strat-surfer\/\" \/>\n<meta property=\"og:site_name\" content=\"Mexican Guitar Players\" \/>\n<meta property=\"article:modified_time\" content=\"2026-05-01T13:21:17+00:00\" \/>\n<meta name=\"twitter:card\" content=\"summary_large_image\" \/>\n<meta name=\"twitter:label1\" content=\"Est. reading time\" \/>\n\t<meta name=\"twitter:data1\" content=\"2 minutes\" \/>\n<script type=\"application\/ld+json\" class=\"yoast-schema-graph\">{\"@context\":\"https:\\\/\\\/schema.org\",\"@graph\":[{\"@type\":[\"WebPage\",\"ItemPage\"],\"@id\":\"https:\\\/\\\/www.mexicanguitarplayers.com\\\/tienda\\\/sin categor\u00eda\\\/pastillas-sd-juego-antq-ii-for-strat-surfer\\\/\",\"url\":\"https:\\\/\\\/www.mexicanguitarplayers.com\\\/tienda\\\/sin categor\u00eda\\\/pastillas-sd-juego-antq-ii-for-strat-surfer\\\/\",\"name\":\"PASTILLAS SD JUEGO ANTQ II FOR STRAT SURFER - Mexican Guitar Players\",\"isPartOf\":{\"@id\":\"https:\\\/\\\/www.mexicanguitarplayers.com\\\/#website\"},\"primaryImageOfPage\":{\"@id\":\"https:\\\/\\\/www.mexicanguitarplayers.com\\\/tienda\\\/sin categor\u00eda\\\/pastillas-sd-juego-antq-ii-for-strat-surfer\\\/#primaryimage\"},\"image\":{\"@id\":\"https:\\\/\\\/www.mexicanguitarplayers.com\\\/tienda\\\/sin categor\u00eda\\\/pastillas-sd-juego-antq-ii-for-strat-surfer\\\/#primaryimage\"},\"thumbnailUrl\":\"https:\\\/\\\/www.mexicanguitarplayers.com\\\/wp-content\\\/uploads\\\/2025\\\/04\\\/RASEOANTFORSUR.jpg\",\"datePublished\":\"2025-04-09T04:10:29+00:00\",\"dateModified\":\"2026-05-01T13:21:17+00:00\",\"description\":\"Set de pastillas humbucker pasivas para guitarra el\u00e9ctrica de 6 cuerdas, modelo Antiquity II\u2122 Surfer Strat, posici\u00f3n: puente, centro y brazo, cableado: cloth push-back, im\u00e1n: alnico 5, brillante, impactante y envejecido a la perfecci\u00f3n, capturan todos los tonos cl\u00e1sicos single-coil de los a\u00f1os 60.\",\"breadcrumb\":{\"@id\":\"https:\\\/\\\/www.mexicanguitarplayers.com\\\/tienda\\\/sin categor\u00eda\\\/pastillas-sd-juego-antq-ii-for-strat-surfer\\\/#breadcrumb\"},\"inLanguage\":\"en-US\",\"potentialAction\":[{\"@type\":\"ReadAction\",\"target\":[\"https:\\\/\\\/www.mexicanguitarplayers.com\\\/tienda\\\/sin categor\u00eda\\\/pastillas-sd-juego-antq-ii-for-strat-surfer\\\/\"]}]},{\"@type\":\"ImageObject\",\"inLanguage\":\"en-US\",\"@id\":\"https:\\\/\\\/www.mexicanguitarplayers.com\\\/tienda\\\/sin categor\u00eda\\\/pastillas-sd-juego-antq-ii-for-strat-surfer\\\/#primaryimage\",\"url\":\"https:\\\/\\\/www.mexicanguitarplayers.com\\\/wp-content\\\/uploads\\\/2025\\\/04\\\/RASEOANTFORSUR.jpg\",\"contentUrl\":\"https:\\\/\\\/www.mexicanguitarplayers.com\\\/wp-content\\\/uploads\\\/2025\\\/04\\\/RASEOANTFORSUR.jpg\",\"width\":1200,\"height\":1200},{\"@type\":\"BreadcrumbList\",\"@id\":\"https:\\\/\\\/www.mexicanguitarplayers.com\\\/tienda\\\/sin categor\u00eda\\\/pastillas-sd-juego-antq-ii-for-strat-surfer\\\/#breadcrumb\",\"itemListElement\":[{\"@type\":\"ListItem\",\"position\":1,\"name\":\"Portada\",\"item\":\"https:\\\/\\\/www.mexicanguitarplayers.com\\\/\"},{\"@type\":\"ListItem\",\"position\":2,\"name\":\"Tienda\",\"item\":\"https:\\\/\\\/www.mexicanguitarplayers.com\\\/tienda\\\/\"},{\"@type\":\"ListItem\",\"position\":3,\"name\":\"PASTILLAS SD JUEGO ANTQ II FOR STRAT SURFER\"}]},{\"@type\":\"WebSite\",\"@id\":\"https:\\\/\\\/www.mexicanguitarplayers.com\\\/#website\",\"url\":\"https:\\\/\\\/www.mexicanguitarplayers.com\\\/\",\"name\":\"Mexican Guitar Players\",\"description\":\"Website\",\"publisher\":{\"@id\":\"https:\\\/\\\/www.mexicanguitarplayers.com\\\/#organization\"},\"potentialAction\":[{\"@type\":\"SearchAction\",\"target\":{\"@type\":\"EntryPoint\",\"urlTemplate\":\"https:\\\/\\\/www.mexicanguitarplayers.com\\\/?s={search_term_string}\"},\"query-input\":{\"@type\":\"PropertyValueSpecification\",\"valueRequired\":true,\"valueName\":\"search_term_string\"}}],\"inLanguage\":\"en-US\"},{\"@type\":\"Organization\",\"@id\":\"https:\\\/\\\/www.mexicanguitarplayers.com\\\/#organization\",\"name\":\"Mexican Guitar Players\",\"url\":\"https:\\\/\\\/www.mexicanguitarplayers.com\\\/\",\"logo\":{\"@type\":\"ImageObject\",\"inLanguage\":\"en-US\",\"@id\":\"https:\\\/\\\/www.mexicanguitarplayers.com\\\/#\\\/schema\\\/logo\\\/image\\\/\",\"url\":\"\",\"contentUrl\":\"\",\"caption\":\"Mexican Guitar Players\"},\"image\":{\"@id\":\"https:\\\/\\\/www.mexicanguitarplayers.com\\\/#\\\/schema\\\/logo\\\/image\\\/\"}}]}<\/script>\n<!-- \/ Yoast SEO plugin. -->","yoast_head_json":{"title":"PASTILLAS SD JUEGO ANTQ II FOR STRAT SURFER - Mexican Guitar Players","description":"Set de pastillas humbucker pasivas para guitarra el\u00e9ctrica de 6 cuerdas, modelo Antiquity II\u2122 Surfer Strat, posici\u00f3n: puente, centro y brazo, cableado: cloth push-back, im\u00e1n: alnico 5, brillante, impactante y envejecido a la perfecci\u00f3n, capturan todos los tonos cl\u00e1sicos single-coil de los a\u00f1os 60.","robots":{"index":"index","follow":"follow","max-snippet":"max-snippet:-1","max-image-preview":"max-image-preview:large","max-video-preview":"max-video-preview:-1"},"canonical":"https:\/\/www.mexicanguitarplayers.com\/en\/tienda\/sin categor\u00eda\/pastillas-sd-juego-antq-ii-for-strat-surfer\/","og_locale":"en_US","og_type":"article","og_title":"PASTILLAS SD JUEGO ANTQ II FOR STRAT SURFER - Mexican Guitar Players","og_description":"Set de pastillas humbucker pasivas para guitarra el\u00e9ctrica de 6 cuerdas, modelo Antiquity II\u2122 Surfer Strat, posici\u00f3n: puente, centro y brazo, cableado: cloth push-back, im\u00e1n: alnico 5, brillante, impactante y envejecido a la perfecci\u00f3n, capturan todos los tonos cl\u00e1sicos single-coil de los a\u00f1os 60.","og_url":"https:\/\/www.mexicanguitarplayers.com\/en\/tienda\/sin categor\u00eda\/pastillas-sd-juego-antq-ii-for-strat-surfer\/","og_site_name":"Mexican Guitar Players","article_modified_time":"2026-05-01T13:21:17+00:00","twitter_card":"summary_large_image","twitter_misc":{"Est. reading time":"2 minutes"},"schema":{"@context":"https:\/\/schema.org","@graph":[{"@type":["WebPage","ItemPage"],"@id":"https:\/\/www.mexicanguitarplayers.com\/tienda\/sin categor\u00eda\/pastillas-sd-juego-antq-ii-for-strat-surfer\/","url":"https:\/\/www.mexicanguitarplayers.com\/tienda\/sin categor\u00eda\/pastillas-sd-juego-antq-ii-for-strat-surfer\/","name":"PASTILLAS SD JUEGO ANTQ II FOR STRAT SURFER - Mexican Guitar Players","isPartOf":{"@id":"https:\/\/www.mexicanguitarplayers.com\/#website"},"primaryImageOfPage":{"@id":"https:\/\/www.mexicanguitarplayers.com\/tienda\/sin categor\u00eda\/pastillas-sd-juego-antq-ii-for-strat-surfer\/#primaryimage"},"image":{"@id":"https:\/\/www.mexicanguitarplayers.com\/tienda\/sin categor\u00eda\/pastillas-sd-juego-antq-ii-for-strat-surfer\/#primaryimage"},"thumbnailUrl":"https:\/\/www.mexicanguitarplayers.com\/wp-content\/uploads\/2025\/04\/RASEOANTFORSUR.jpg","datePublished":"2025-04-09T04:10:29+00:00","dateModified":"2026-05-01T13:21:17+00:00","description":"Set de pastillas humbucker pasivas para guitarra el\u00e9ctrica de 6 cuerdas, modelo Antiquity II\u2122 Surfer Strat, posici\u00f3n: puente, centro y brazo, cableado: cloth push-back, im\u00e1n: alnico 5, brillante, impactante y envejecido a la perfecci\u00f3n, capturan todos los tonos cl\u00e1sicos single-coil de los a\u00f1os 60.","breadcrumb":{"@id":"https:\/\/www.mexicanguitarplayers.com\/tienda\/sin categor\u00eda\/pastillas-sd-juego-antq-ii-for-strat-surfer\/#breadcrumb"},"inLanguage":"en-US","potentialAction":[{"@type":"ReadAction","target":["https:\/\/www.mexicanguitarplayers.com\/tienda\/sin categor\u00eda\/pastillas-sd-juego-antq-ii-for-strat-surfer\/"]}]},{"@type":"ImageObject","inLanguage":"en-US","@id":"https:\/\/www.mexicanguitarplayers.com\/tienda\/sin categor\u00eda\/pastillas-sd-juego-antq-ii-for-strat-surfer\/#primaryimage","url":"https:\/\/www.mexicanguitarplayers.com\/wp-content\/uploads\/2025\/04\/RASEOANTFORSUR.jpg","contentUrl":"https:\/\/www.mexicanguitarplayers.com\/wp-content\/uploads\/2025\/04\/RASEOANTFORSUR.jpg","width":1200,"height":1200},{"@type":"BreadcrumbList","@id":"https:\/\/www.mexicanguitarplayers.com\/tienda\/sin categor\u00eda\/pastillas-sd-juego-antq-ii-for-strat-surfer\/#breadcrumb","itemListElement":[{"@type":"ListItem","position":1,"name":"Portada","item":"https:\/\/www.mexicanguitarplayers.com\/"},{"@type":"ListItem","position":2,"name":"Tienda","item":"https:\/\/www.mexicanguitarplayers.com\/tienda\/"},{"@type":"ListItem","position":3,"name":"PASTILLAS SD JUEGO ANTQ II FOR STRAT SURFER"}]},{"@type":"WebSite","@id":"https:\/\/www.mexicanguitarplayers.com\/#website","url":"https:\/\/www.mexicanguitarplayers.com\/","name":"Mexican Guitar Players","description":"Website","publisher":{"@id":"https:\/\/www.mexicanguitarplayers.com\/#organization"},"potentialAction":[{"@type":"SearchAction","target":{"@type":"EntryPoint","urlTemplate":"https:\/\/www.mexicanguitarplayers.com\/?s={search_term_string}"},"query-input":{"@type":"PropertyValueSpecification","valueRequired":true,"valueName":"search_term_string"}}],"inLanguage":"en-US"},{"@type":"Organization","@id":"https:\/\/www.mexicanguitarplayers.com\/#organization","name":"Mexican Guitar Players","url":"https:\/\/www.mexicanguitarplayers.com\/","logo":{"@type":"ImageObject","inLanguage":"en-US","@id":"https:\/\/www.mexicanguitarplayers.com\/#\/schema\/logo\/image\/","url":"","contentUrl":"","caption":"Mexican Guitar Players"},"image":{"@id":"https:\/\/www.mexicanguitarplayers.com\/#\/schema\/logo\/image\/"}}]}},"brands":[{"id":502,"name":"SEYMOUR DUNCAN","slug":"seymour-duncan"}],"_links":{"self":[{"href":"https:\/\/www.mexicanguitarplayers.com\/en\/wp-json\/wp\/v2\/product\/35365","targetHints":{"allow":["GET"]}}],"collection":[{"href":"https:\/\/www.mexicanguitarplayers.com\/en\/wp-json\/wp\/v2\/product"}],"about":[{"href":"https:\/\/www.mexicanguitarplayers.com\/en\/wp-json\/wp\/v2\/types\/product"}],"replies":[{"embeddable":true,"href":"https:\/\/www.mexicanguitarplayers.com\/en\/wp-json\/wp\/v2\/comments?post=35365"}],"wp:featuredmedia":[{"embeddable":true,"href":"https:\/\/www.mexicanguitarplayers.com\/en\/wp-json\/wp\/v2\/media\/35356"}],"wp:attachment":[{"href":"https:\/\/www.mexicanguitarplayers.com\/en\/wp-json\/wp\/v2\/media?parent=35365"}],"wp:term":[{"taxonomy":"pwb-brand","embeddable":true,"href":"https:\/\/www.mexicanguitarplayers.com\/en\/wp-json\/wp\/v2\/pwb-brand?post=35365"},{"taxonomy":"product_brand","embeddable":true,"href":"https:\/\/www.mexicanguitarplayers.com\/en\/wp-json\/wp\/v2\/product_brand?post=35365"},{"taxonomy":"product_cat","embeddable":true,"href":"https:\/\/www.mexicanguitarplayers.com\/en\/wp-json\/wp\/v2\/product_cat?post=35365"},{"taxonomy":"product_tag","embeddable":true,"href":"https:\/\/www.mexicanguitarplayers.com\/en\/wp-json\/wp\/v2\/product_tag?post=35365"}],"curies":[{"name":"wp","href":"https:\/\/api.w.org\/{rel}","templated":true}]}}