{"id":35377,"date":"2025-04-08T22:10:44","date_gmt":"2025-04-09T04:10:44","guid":{"rendered":"https:\/\/www.mexicanguitarplayers.com\/tienda\/sin categor\u00eda\/teclado-portatil-casio-mod-sa-51\/"},"modified":"2026-04-01T04:15:20","modified_gmt":"2026-04-01T10:15:20","slug":"teclado-portatil-casio-mod-sa-51","status":"publish","type":"product","link":"https:\/\/www.mexicanguitarplayers.com\/en\/tienda\/teclas\/teclados\/mini\/teclado-portatil-casio-mod-sa-51\/","title":{"rendered":"TECLADO PORTATIL CASIO  MOD. SA-51"},"content":{"rendered":"<div style=\"text-align: justify\">\n<div>\n<h3>Casiotone SA-51<\/h3>\n<\/div>\n<div>F\u00e1cil de usar, divertido de tocar: la elecci\u00f3n perfecta para su primer instrumento de teclado Un cuerpo compacto repleto de hermosos tonos, ritmos y funciones<\/div>\n<div>\n<h4>Characteristics<\/h4>\n<\/div>\n<div>\n<ul style=\"margin: 0px 0px 0px 25px\">\n<li style=\"list-style-type: circle;margin: 5px\">N\u00famero de teclas<\/li>\n<li style=\"list-style-type: circle;margin: 5px\">N\u00famero de tonos<\/li>\n<li style=\"list-style-type: circle;margin: 5px\">Canciones integradas<\/li>\n<li style=\"list-style-type: circle;margin: 5px\">bocina<\/li>\n<li style=\"list-style-type: circle;margin: 5px\">Fuenta alimentaci\u00f3n<\/li>\n<li style=\"list-style-type: circle;margin: 5px\">Dimensions<\/li>\n<li style=\"list-style-type: circle;margin: 5px\">Color<\/li>\n<li style=\"list-style-type: circle;margin: 5px\">Polifon\u00eda M\u00e1xima<\/li>\n<li style=\"list-style-type: circle;margin: 5px\">N\u00famero de ritmos\/patrones<\/li>\n<li style=\"list-style-type: circle;margin: 5px\">Canciones<\/li>\n<li style=\"list-style-type: circle;margin: 5px\">Amplifiers<\/li>\n<li style=\"list-style-type: circle;margin: 5px\"> consumo de energ\u00eda<\/li>\n<li style=\"list-style-type: circle;margin: 5px\">Weight<\/li>\n<li style=\"list-style-type: circle;margin: 5px\">Effects edit<\/li>\n<li style=\"list-style-type: circle;margin: 5px\">Transponer<\/li>\n<li style=\"list-style-type: circle;margin: 5px\">Metr\u00f3nomo<\/li>\n<li style=\"list-style-type: circle;margin: 5px\">Cambio de octava<\/li>\n<li style=\"list-style-type: circle;margin: 5px\">Control de sintonizaci\u00f3n<\/li>\n<li style=\"list-style-type: circle;margin: 5px\">LCD<\/li>\n<li style=\"list-style-type: circle;margin: 5px\">Otros<\/li>\n<li style=\"list-style-type: circle;margin: 5px\">Terminales de entrada\/salida<\/li>\n<\/ul>\n<\/div>\n<\/div>","protected":false},"excerpt":{"rendered":"<p>32 miniteclas hacen que sea f\u00e1cil de tocar, incluso para manos peque\u00f1as, 100 tonos incorporados de alta calidad que cubren una variedad de instrumentos, incluidos piano, viento, percusi\u00f3n y muchos otros, muestreados de instrumentos ac\u00fasticos. Los botones directos de tono le permiten seleccionar tonos de piano, trompeta o bater\u00eda con un solo toque, 50 patrones de ritmo en una variedad de g\u00e9neros, incluidos pop, balada, baile y m\u00e1s. 10 canciones integradas para tocar, o silenciar la melod\u00eda y tocarla t\u00fa mismo. Cuerpo port\u00e1til de 446 mm x 208 mm x 51 mm. Blanco y negro para un look chic. Toma de auriculares (minitoma est\u00e9reo) Alimentaci\u00f3n mediante bater\u00edas o fuente de alimentaci\u00f3n de CA (las bater\u00edas\/adaptador de CA se venden por separado)&hellip; <a class=\"kt-excerpt-readmore more-link\" href=\"https:\/\/www.mexicanguitarplayers.com\/en\/tienda\/teclas\/teclados\/mini\/teclado-portatil-casio-mod-sa-51\/\">Read more<\/a><\/p>","protected":false},"featured_media":35373,"comment_status":"open","ping_status":"closed","template":"","meta":{"kt_blocks_editor_width":""},"pwb-brand":[274],"product_brand":[],"product_cat":[384,380,376],"product_tag":[],"class_list":{"0":"post-35377","1":"product","2":"type-product","3":"status-publish","4":"has-post-thumbnail","6":"pwb-brand-casio","7":"product_cat-mini","8":"product_cat-teclados","9":"product_cat-teclas","10":"product_shipping_class-0-5-kg","12":"first","13":"outofstock","14":"taxable","15":"shipping-taxable","16":"purchasable","17":"product-type-simple"},"yoast_head":"<!-- This site is optimized with the Yoast SEO plugin v27.3 - https:\/\/yoast.com\/product\/yoast-seo-wordpress\/ -->\n<title>TECLADO PORTATIL CASIO MOD. SA-51 - Mexican Guitar Players<\/title>\n<meta name=\"description\" content=\"32 miniteclas hacen que sea f\u00e1cil de tocar, incluso para manos peque\u00f1as, 100 tonos incorporados de alta calidad que cubren una variedad de instrumentos, incluidos piano, viento, percusi\u00f3n y muchos otros, muestreados de instrumentos ac\u00fasticos. Los botones directos de tono le permiten seleccionar tonos de piano, trompeta o bater\u00eda con un solo toque, 50 patrones de ritmo en una variedad de g\u00e9neros, incluidos pop, balada, baile y m\u00e1s. 10 canciones integradas para tocar, o silenciar la melod\u00eda y tocarla t\u00fa mismo. Cuerpo port\u00e1til de 446 mm x 208 mm x 51 mm. Blanco y negro para un look chic. Toma de auriculares (minitoma est\u00e9reo) Alimentaci\u00f3n mediante bater\u00edas o fuente de alimentaci\u00f3n de CA (las bater\u00edas\/adaptador de CA se venden por separado)\" \/>\n<meta name=\"robots\" content=\"index, follow, max-snippet:-1, max-image-preview:large, max-video-preview:-1\" \/>\n<link rel=\"canonical\" href=\"https:\/\/www.mexicanguitarplayers.com\/en\/tienda\/sin%20categor\u00eda\/teclado-portatil-casio-mod-sa-51\/\" \/>\n<meta property=\"og:locale\" content=\"en_US\" \/>\n<meta property=\"og:type\" content=\"article\" \/>\n<meta property=\"og:title\" content=\"TECLADO PORTATIL CASIO MOD. SA-51 - Mexican Guitar Players\" \/>\n<meta property=\"og:description\" content=\"32 miniteclas hacen que sea f\u00e1cil de tocar, incluso para manos peque\u00f1as, 100 tonos incorporados de alta calidad que cubren una variedad de instrumentos, incluidos piano, viento, percusi\u00f3n y muchos otros, muestreados de instrumentos ac\u00fasticos. Los botones directos de tono le permiten seleccionar tonos de piano, trompeta o bater\u00eda con un solo toque, 50 patrones de ritmo en una variedad de g\u00e9neros, incluidos pop, balada, baile y m\u00e1s. 10 canciones integradas para tocar, o silenciar la melod\u00eda y tocarla t\u00fa mismo. Cuerpo port\u00e1til de 446 mm x 208 mm x 51 mm. Blanco y negro para un look chic. Toma de auriculares (minitoma est\u00e9reo) Alimentaci\u00f3n mediante bater\u00edas o fuente de alimentaci\u00f3n de CA (las bater\u00edas\/adaptador de CA se venden por separado)\" \/>\n<meta property=\"og:url\" content=\"https:\/\/www.mexicanguitarplayers.com\/en\/tienda\/sin categor\u00eda\/teclado-portatil-casio-mod-sa-51\/\" \/>\n<meta property=\"og:site_name\" content=\"Mexican Guitar Players\" \/>\n<meta property=\"article:modified_time\" content=\"2026-04-01T10:15:20+00:00\" \/>\n<meta name=\"twitter:card\" content=\"summary_large_image\" \/>\n<script type=\"application\/ld+json\" class=\"yoast-schema-graph\">{\"@context\":\"https:\\\/\\\/schema.org\",\"@graph\":[{\"@type\":[\"WebPage\",\"ItemPage\"],\"@id\":\"https:\\\/\\\/www.mexicanguitarplayers.com\\\/tienda\\\/sin categor\u00eda\\\/teclado-portatil-casio-mod-sa-51\\\/\",\"url\":\"https:\\\/\\\/www.mexicanguitarplayers.com\\\/tienda\\\/sin categor\u00eda\\\/teclado-portatil-casio-mod-sa-51\\\/\",\"name\":\"TECLADO PORTATIL CASIO MOD. SA-51 - Mexican Guitar Players\",\"isPartOf\":{\"@id\":\"https:\\\/\\\/www.mexicanguitarplayers.com\\\/#website\"},\"primaryImageOfPage\":{\"@id\":\"https:\\\/\\\/www.mexicanguitarplayers.com\\\/tienda\\\/sin categor\u00eda\\\/teclado-portatil-casio-mod-sa-51\\\/#primaryimage\"},\"image\":{\"@id\":\"https:\\\/\\\/www.mexicanguitarplayers.com\\\/tienda\\\/sin categor\u00eda\\\/teclado-portatil-casio-mod-sa-51\\\/#primaryimage\"},\"thumbnailUrl\":\"https:\\\/\\\/www.mexicanguitarplayers.com\\\/wp-content\\\/uploads\\\/2025\\\/04\\\/ITCASSA51.jpg\",\"datePublished\":\"2025-04-09T04:10:44+00:00\",\"dateModified\":\"2026-04-01T10:15:20+00:00\",\"description\":\"32 miniteclas hacen que sea f\u00e1cil de tocar, incluso para manos peque\u00f1as, 100 tonos incorporados de alta calidad que cubren una variedad de instrumentos, incluidos piano, viento, percusi\u00f3n y muchos otros, muestreados de instrumentos ac\u00fasticos. Los botones directos de tono le permiten seleccionar tonos de piano, trompeta o bater\u00eda con un solo toque, 50 patrones de ritmo en una variedad de g\u00e9neros, incluidos pop, balada, baile y m\u00e1s. 10 canciones integradas para tocar, o silenciar la melod\u00eda y tocarla t\u00fa mismo. Cuerpo port\u00e1til de 446 mm x 208 mm x 51 mm. Blanco y negro para un look chic. Toma de auriculares (minitoma est\u00e9reo) Alimentaci\u00f3n mediante bater\u00edas o fuente de alimentaci\u00f3n de CA (las bater\u00edas\\\/adaptador de CA se venden por separado)\",\"breadcrumb\":{\"@id\":\"https:\\\/\\\/www.mexicanguitarplayers.com\\\/tienda\\\/sin categor\u00eda\\\/teclado-portatil-casio-mod-sa-51\\\/#breadcrumb\"},\"inLanguage\":\"en-US\",\"potentialAction\":[{\"@type\":\"ReadAction\",\"target\":[\"https:\\\/\\\/www.mexicanguitarplayers.com\\\/tienda\\\/sin categor\u00eda\\\/teclado-portatil-casio-mod-sa-51\\\/\"]}]},{\"@type\":\"ImageObject\",\"inLanguage\":\"en-US\",\"@id\":\"https:\\\/\\\/www.mexicanguitarplayers.com\\\/tienda\\\/sin categor\u00eda\\\/teclado-portatil-casio-mod-sa-51\\\/#primaryimage\",\"url\":\"https:\\\/\\\/www.mexicanguitarplayers.com\\\/wp-content\\\/uploads\\\/2025\\\/04\\\/ITCASSA51.jpg\",\"contentUrl\":\"https:\\\/\\\/www.mexicanguitarplayers.com\\\/wp-content\\\/uploads\\\/2025\\\/04\\\/ITCASSA51.jpg\",\"width\":1600,\"height\":800},{\"@type\":\"BreadcrumbList\",\"@id\":\"https:\\\/\\\/www.mexicanguitarplayers.com\\\/tienda\\\/sin categor\u00eda\\\/teclado-portatil-casio-mod-sa-51\\\/#breadcrumb\",\"itemListElement\":[{\"@type\":\"ListItem\",\"position\":1,\"name\":\"Portada\",\"item\":\"https:\\\/\\\/www.mexicanguitarplayers.com\\\/\"},{\"@type\":\"ListItem\",\"position\":2,\"name\":\"Tienda\",\"item\":\"https:\\\/\\\/www.mexicanguitarplayers.com\\\/tienda\\\/\"},{\"@type\":\"ListItem\",\"position\":3,\"name\":\"TECLADO PORTATIL CASIO MOD. SA-51\"}]},{\"@type\":\"WebSite\",\"@id\":\"https:\\\/\\\/www.mexicanguitarplayers.com\\\/#website\",\"url\":\"https:\\\/\\\/www.mexicanguitarplayers.com\\\/\",\"name\":\"Mexican Guitar Players\",\"description\":\"Website\",\"publisher\":{\"@id\":\"https:\\\/\\\/www.mexicanguitarplayers.com\\\/#organization\"},\"potentialAction\":[{\"@type\":\"SearchAction\",\"target\":{\"@type\":\"EntryPoint\",\"urlTemplate\":\"https:\\\/\\\/www.mexicanguitarplayers.com\\\/?s={search_term_string}\"},\"query-input\":{\"@type\":\"PropertyValueSpecification\",\"valueRequired\":true,\"valueName\":\"search_term_string\"}}],\"inLanguage\":\"en-US\"},{\"@type\":\"Organization\",\"@id\":\"https:\\\/\\\/www.mexicanguitarplayers.com\\\/#organization\",\"name\":\"Mexican Guitar Players\",\"url\":\"https:\\\/\\\/www.mexicanguitarplayers.com\\\/\",\"logo\":{\"@type\":\"ImageObject\",\"inLanguage\":\"en-US\",\"@id\":\"https:\\\/\\\/www.mexicanguitarplayers.com\\\/#\\\/schema\\\/logo\\\/image\\\/\",\"url\":\"\",\"contentUrl\":\"\",\"caption\":\"Mexican Guitar Players\"},\"image\":{\"@id\":\"https:\\\/\\\/www.mexicanguitarplayers.com\\\/#\\\/schema\\\/logo\\\/image\\\/\"}}]}<\/script>\n<!-- \/ Yoast SEO plugin. -->","yoast_head_json":{"title":"TECLADO PORTATIL CASIO MOD. SA-51 - Mexican Guitar Players","description":"32 miniteclas hacen que sea f\u00e1cil de tocar, incluso para manos peque\u00f1as, 100 tonos incorporados de alta calidad que cubren una variedad de instrumentos, incluidos piano, viento, percusi\u00f3n y muchos otros, muestreados de instrumentos ac\u00fasticos. Los botones directos de tono le permiten seleccionar tonos de piano, trompeta o bater\u00eda con un solo toque, 50 patrones de ritmo en una variedad de g\u00e9neros, incluidos pop, balada, baile y m\u00e1s. 10 canciones integradas para tocar, o silenciar la melod\u00eda y tocarla t\u00fa mismo. Cuerpo port\u00e1til de 446 mm x 208 mm x 51 mm. Blanco y negro para un look chic. Toma de auriculares (minitoma est\u00e9reo) Alimentaci\u00f3n mediante bater\u00edas o fuente de alimentaci\u00f3n de CA (las bater\u00edas\/adaptador de CA se venden por separado)","robots":{"index":"index","follow":"follow","max-snippet":"max-snippet:-1","max-image-preview":"max-image-preview:large","max-video-preview":"max-video-preview:-1"},"canonical":"https:\/\/www.mexicanguitarplayers.com\/en\/tienda\/sin categor\u00eda\/teclado-portatil-casio-mod-sa-51\/","og_locale":"en_US","og_type":"article","og_title":"TECLADO PORTATIL CASIO MOD. SA-51 - Mexican Guitar Players","og_description":"32 miniteclas hacen que sea f\u00e1cil de tocar, incluso para manos peque\u00f1as, 100 tonos incorporados de alta calidad que cubren una variedad de instrumentos, incluidos piano, viento, percusi\u00f3n y muchos otros, muestreados de instrumentos ac\u00fasticos. Los botones directos de tono le permiten seleccionar tonos de piano, trompeta o bater\u00eda con un solo toque, 50 patrones de ritmo en una variedad de g\u00e9neros, incluidos pop, balada, baile y m\u00e1s. 10 canciones integradas para tocar, o silenciar la melod\u00eda y tocarla t\u00fa mismo. Cuerpo port\u00e1til de 446 mm x 208 mm x 51 mm. Blanco y negro para un look chic. Toma de auriculares (minitoma est\u00e9reo) Alimentaci\u00f3n mediante bater\u00edas o fuente de alimentaci\u00f3n de CA (las bater\u00edas\/adaptador de CA se venden por separado)","og_url":"https:\/\/www.mexicanguitarplayers.com\/en\/tienda\/sin categor\u00eda\/teclado-portatil-casio-mod-sa-51\/","og_site_name":"Mexican Guitar Players","article_modified_time":"2026-04-01T10:15:20+00:00","twitter_card":"summary_large_image","schema":{"@context":"https:\/\/schema.org","@graph":[{"@type":["WebPage","ItemPage"],"@id":"https:\/\/www.mexicanguitarplayers.com\/tienda\/sin categor\u00eda\/teclado-portatil-casio-mod-sa-51\/","url":"https:\/\/www.mexicanguitarplayers.com\/tienda\/sin categor\u00eda\/teclado-portatil-casio-mod-sa-51\/","name":"TECLADO PORTATIL CASIO MOD. SA-51 - Mexican Guitar Players","isPartOf":{"@id":"https:\/\/www.mexicanguitarplayers.com\/#website"},"primaryImageOfPage":{"@id":"https:\/\/www.mexicanguitarplayers.com\/tienda\/sin categor\u00eda\/teclado-portatil-casio-mod-sa-51\/#primaryimage"},"image":{"@id":"https:\/\/www.mexicanguitarplayers.com\/tienda\/sin categor\u00eda\/teclado-portatil-casio-mod-sa-51\/#primaryimage"},"thumbnailUrl":"https:\/\/www.mexicanguitarplayers.com\/wp-content\/uploads\/2025\/04\/ITCASSA51.jpg","datePublished":"2025-04-09T04:10:44+00:00","dateModified":"2026-04-01T10:15:20+00:00","description":"32 miniteclas hacen que sea f\u00e1cil de tocar, incluso para manos peque\u00f1as, 100 tonos incorporados de alta calidad que cubren una variedad de instrumentos, incluidos piano, viento, percusi\u00f3n y muchos otros, muestreados de instrumentos ac\u00fasticos. Los botones directos de tono le permiten seleccionar tonos de piano, trompeta o bater\u00eda con un solo toque, 50 patrones de ritmo en una variedad de g\u00e9neros, incluidos pop, balada, baile y m\u00e1s. 10 canciones integradas para tocar, o silenciar la melod\u00eda y tocarla t\u00fa mismo. Cuerpo port\u00e1til de 446 mm x 208 mm x 51 mm. Blanco y negro para un look chic. Toma de auriculares (minitoma est\u00e9reo) Alimentaci\u00f3n mediante bater\u00edas o fuente de alimentaci\u00f3n de CA (las bater\u00edas\/adaptador de CA se venden por separado)","breadcrumb":{"@id":"https:\/\/www.mexicanguitarplayers.com\/tienda\/sin categor\u00eda\/teclado-portatil-casio-mod-sa-51\/#breadcrumb"},"inLanguage":"en-US","potentialAction":[{"@type":"ReadAction","target":["https:\/\/www.mexicanguitarplayers.com\/tienda\/sin categor\u00eda\/teclado-portatil-casio-mod-sa-51\/"]}]},{"@type":"ImageObject","inLanguage":"en-US","@id":"https:\/\/www.mexicanguitarplayers.com\/tienda\/sin categor\u00eda\/teclado-portatil-casio-mod-sa-51\/#primaryimage","url":"https:\/\/www.mexicanguitarplayers.com\/wp-content\/uploads\/2025\/04\/ITCASSA51.jpg","contentUrl":"https:\/\/www.mexicanguitarplayers.com\/wp-content\/uploads\/2025\/04\/ITCASSA51.jpg","width":1600,"height":800},{"@type":"BreadcrumbList","@id":"https:\/\/www.mexicanguitarplayers.com\/tienda\/sin categor\u00eda\/teclado-portatil-casio-mod-sa-51\/#breadcrumb","itemListElement":[{"@type":"ListItem","position":1,"name":"Portada","item":"https:\/\/www.mexicanguitarplayers.com\/"},{"@type":"ListItem","position":2,"name":"Tienda","item":"https:\/\/www.mexicanguitarplayers.com\/tienda\/"},{"@type":"ListItem","position":3,"name":"TECLADO PORTATIL CASIO MOD. SA-51"}]},{"@type":"WebSite","@id":"https:\/\/www.mexicanguitarplayers.com\/#website","url":"https:\/\/www.mexicanguitarplayers.com\/","name":"Mexican Guitar Players","description":"Website","publisher":{"@id":"https:\/\/www.mexicanguitarplayers.com\/#organization"},"potentialAction":[{"@type":"SearchAction","target":{"@type":"EntryPoint","urlTemplate":"https:\/\/www.mexicanguitarplayers.com\/?s={search_term_string}"},"query-input":{"@type":"PropertyValueSpecification","valueRequired":true,"valueName":"search_term_string"}}],"inLanguage":"en-US"},{"@type":"Organization","@id":"https:\/\/www.mexicanguitarplayers.com\/#organization","name":"Mexican Guitar Players","url":"https:\/\/www.mexicanguitarplayers.com\/","logo":{"@type":"ImageObject","inLanguage":"en-US","@id":"https:\/\/www.mexicanguitarplayers.com\/#\/schema\/logo\/image\/","url":"","contentUrl":"","caption":"Mexican Guitar Players"},"image":{"@id":"https:\/\/www.mexicanguitarplayers.com\/#\/schema\/logo\/image\/"}}]}},"brands":[{"id":274,"name":"CASIO","slug":"casio"}],"_links":{"self":[{"href":"https:\/\/www.mexicanguitarplayers.com\/en\/wp-json\/wp\/v2\/product\/35377","targetHints":{"allow":["GET"]}}],"collection":[{"href":"https:\/\/www.mexicanguitarplayers.com\/en\/wp-json\/wp\/v2\/product"}],"about":[{"href":"https:\/\/www.mexicanguitarplayers.com\/en\/wp-json\/wp\/v2\/types\/product"}],"replies":[{"embeddable":true,"href":"https:\/\/www.mexicanguitarplayers.com\/en\/wp-json\/wp\/v2\/comments?post=35377"}],"wp:featuredmedia":[{"embeddable":true,"href":"https:\/\/www.mexicanguitarplayers.com\/en\/wp-json\/wp\/v2\/media\/35373"}],"wp:attachment":[{"href":"https:\/\/www.mexicanguitarplayers.com\/en\/wp-json\/wp\/v2\/media?parent=35377"}],"wp:term":[{"taxonomy":"pwb-brand","embeddable":true,"href":"https:\/\/www.mexicanguitarplayers.com\/en\/wp-json\/wp\/v2\/pwb-brand?post=35377"},{"taxonomy":"product_brand","embeddable":true,"href":"https:\/\/www.mexicanguitarplayers.com\/en\/wp-json\/wp\/v2\/product_brand?post=35377"},{"taxonomy":"product_cat","embeddable":true,"href":"https:\/\/www.mexicanguitarplayers.com\/en\/wp-json\/wp\/v2\/product_cat?post=35377"},{"taxonomy":"product_tag","embeddable":true,"href":"https:\/\/www.mexicanguitarplayers.com\/en\/wp-json\/wp\/v2\/product_tag?post=35377"}],"curies":[{"name":"wp","href":"https:\/\/api.w.org\/{rel}","templated":true}]}}