{"id":35395,"date":"2025-04-08T22:11:08","date_gmt":"2025-04-09T04:11:08","guid":{"rendered":"https:\/\/www.mexicanguitarplayers.com\/tienda\/sin categor\u00eda\/ukelele-flight-soprano-mod-nus380-amber\/"},"modified":"2026-04-10T04:28:22","modified_gmt":"2026-04-10T10:28:22","slug":"ukelele-flight-soprano-mod-nus380-amber","status":"publish","type":"product","link":"https:\/\/www.mexicanguitarplayers.com\/en\/tienda\/cuerdas\/folkloricos-y-regionales\/ukelele-flight-soprano-mod-nus380-amber\/","title":{"rendered":"UKELELE FLIGHT SOPRANO MOD. NUS380 AMBER"},"content":{"rendered":"<div style=\"text-align: justify\">\n<div>\n<h3>El color del mar y el color de tu alma.<\/h3>\n<\/div>\n<div>Este ukelele canta y te env\u00eda en un viaje de arriba a abajo por todo el diapas\u00f3n como un experimentado explorador. Este ser\u00e1 el caballo de batalla que resiste todas las tormentas y te mantiene flotando con la adulaci\u00f3n de tu audiencia. Hemos empaquetado esta belleza en un tama\u00f1o soprano para comprimir y enfocar los mejores activos de este instrumento. La madera de sapele resalta el golpe de la percusi\u00f3n de un uke soprano. Con los llamativos colores \u00e1mbar concentrados en esta peque\u00f1a joya, no querr\u00e1s dejarla.<\/div>\n<div>\n<h4>Quick look<\/h4>\n<\/div>\n<ul style=\"margin: 0px 0px 0px 25px\">\n<li style=\"list-style-type: circle;margin: 5px\">El rojo dorado se vuelve azul profundo.<\/li>\n<li style=\"list-style-type: circle;margin: 5px\">Vamos a tocar.<\/li>\n<li style=\"list-style-type: circle;margin: 5px\">Abrocha tu cintur\u00f3n de seguridad.<\/li>\n<li style=\"list-style-type: circle;margin: 5px\">Tono de perfecta calidad.<\/li>\n<li style=\"list-style-type: circle;margin: 5px\">Todo comienza con el cabezal.<\/li>\n<li style=\"list-style-type: circle;margin: 5px\">Excelente protecci\u00f3n para tu uke.<\/li>\n<li style=\"list-style-type: circle;margin: 5px\">Folleto instruccional.<\/li>\n<\/ul>\n<div>\n<div style=\"font-weight: bold\">El rojo dorado se vuelve azul profundo.<\/div>\n<div>\n<p>El sapele es una madera dura de \u00c1frica tropical con un color de dorado a marr\u00f3n rojizo oscuro. Luego agregamos un hermoso acabado para producir un aspecto diferente y llamativo. Un pariente cercano de la caoba, su grano est\u00e1 entrelazado y tiene una textura uniforma con un buen brillo natural. La resonancia es aumentada y concentrada por la parte posterior arqueada de este ukelele, que produce un tono claro y brillante. Las rosetas en todos nuestros ukeleles est\u00e1n dibujados a mano y grabados con l\u00e1ser.<\/p>\n<\/div>\n<div style=\"font-weight: bold\">Vamos a tocar.<\/div>\n<div>\n<p>El brazo y el diapas\u00f3n est\u00e1n hechos de okoume africano y nogal. Es una gran combinaci\u00f3n que garantiza una afinaci\u00f3n estable en el diapas\u00f3n, es suave con las manos y tambi\u00e9n se ve muy bien.<\/p>\n<\/div>\n<div style=\"font-weight: bold\">Abrocha tu cintur\u00f3n de seguridad.<\/div>\n<div>\n<p>Por supuesto, es bueno aprender a tocar el ukelele sin usar un tahal\u00ed, pero \u00bfpor qu\u00e9 no usar un tahal\u00ed su puedes usarlo en ambos sentidos? El tahal\u00ed facilita sostener el ukelele para que puedas seguir tocando durante horas. Tambi\u00e9n te permite estar &#8220;manos libres&#8221; entre canciones. En Flight nos importa la comodidad de nuestros usuarios, por eso comenzamos a agregar botones de tahal\u00ed a todos los ukes de Flight.<\/p>\n<\/div>\n<div style=\"font-weight: bold\">Tono de perfecta calidad.<\/div>\n<div>\n<p>La cejuela puede ser un componente peque\u00f1o, pero puede determinar el tono. La cejuela y la montura de este ukelele est\u00e1n hechos de hueso (no de pl\u00e1stico). S\u00f3lo uno de los detalles que hacen que este ukelele sea realmente especial.<\/p>\n<\/div>\n<div style=\"font-weight: bold\">Todo comienza con el cabezal.<\/div>\n<div>\n<p>El dise\u00f1o del cabezal es una parte integral de nuestra identidad, Todos los ukeleles de Flight cuentan con un cabezal cuidadosamente dise\u00f1ado con afinadores que siempre te mantendr\u00e1n afinado.<\/p>\n<\/div>\n<div style=\"font-weight: bold\">Excelente protecci\u00f3n para tu uke.<\/div>\n<div>\n<p>Fundas ligeras y elegante pero que ofrecen una excelente protecci\u00f3n para tu ukelele, las fundas de Flight se han vuelto legendarias y una colgando de tus hombros, definitivamente har\u00e1 que la gente gire la cabeza.<\/p>\n<\/div>\n<div style=\"font-weight: bold\">Folleto instruccional.<\/div>\n<div>\n<p>Tambi\u00e9n hemos dise\u00f1ado una linda gu\u00eda de 8 p\u00e1ginas para ayudarte en el camino hacia la futura fama del ukelele. Est\u00e1 repleto de toda la informaci\u00f3n necesaria para un inicio r\u00e1pido, incluidos los gr\u00e1ficos de acordes, patrones de rasgueo y progresiones de acordes para tus primeros ejercicios.<\/p>\n<\/div>\n<\/div>\n<\/div>","protected":false},"excerpt":{"rendered":"<p>Ukelele ac\u00fastico soprano de 12 trastes, tapa, aros y fondo de sapele africano, puente de nogal, brazo de okoume africano, diapas\u00f3n de nogal, cejuela y montura de hueso cejuela de 35 mm de ancho, marcadores de posici\u00f3n en los trastos 5, 7 y 10, espalda arqueada, afinadores con engranajes abiertos, roseta grabada a l\u00e1ser, puntos laterales, bot\u00f3n de tahal\u00ed, incluye funda y folleto instruccional.&hellip; <a class=\"kt-excerpt-readmore more-link\" href=\"https:\/\/www.mexicanguitarplayers.com\/en\/tienda\/cuerdas\/folkloricos-y-regionales\/ukelele-flight-soprano-mod-nus380-amber\/\">Read more<\/a><\/p>","protected":false},"featured_media":35392,"comment_status":"open","ping_status":"closed","template":"","meta":{"kt_blocks_editor_width":""},"pwb-brand":[322],"product_brand":[],"product_cat":[224,320],"product_tag":[],"class_list":{"0":"post-35395","1":"product","2":"type-product","3":"status-publish","4":"has-post-thumbnail","6":"pwb-brand-flight","7":"product_cat-cuerdas","8":"product_cat-folkloricos-y-regionales","9":"product_shipping_class-0-5-kg","11":"first","12":"outofstock","13":"taxable","14":"shipping-taxable","15":"purchasable","16":"product-type-simple"},"yoast_head":"<!-- This site is optimized with the Yoast SEO plugin v27.6 - https:\/\/yoast.com\/product\/yoast-seo-wordpress\/ -->\n<title>UKELELE FLIGHT SOPRANO MOD. NUS380 AMBER - Mexican Guitar Players<\/title>\n<meta name=\"description\" content=\"Ukelele ac\u00fastico soprano de 12 trastes, tapa, aros y fondo de sapele africano, puente de nogal, brazo de okoume africano, diapas\u00f3n de nogal, cejuela y montura de hueso cejuela de 35 mm de ancho, marcadores de posici\u00f3n en los trastos 5, 7 y 10, espalda arqueada, afinadores con engranajes abiertos, roseta grabada a l\u00e1ser, puntos laterales, bot\u00f3n de tahal\u00ed, incluye funda y folleto instruccional.\" \/>\n<meta name=\"robots\" content=\"index, follow, max-snippet:-1, max-image-preview:large, max-video-preview:-1\" \/>\n<link rel=\"canonical\" href=\"https:\/\/www.mexicanguitarplayers.com\/en\/tienda\/sin%20categor\u00eda\/ukelele-flight-soprano-mod-nus380-amber\/\" \/>\n<meta property=\"og:locale\" content=\"en_US\" \/>\n<meta property=\"og:type\" content=\"article\" \/>\n<meta property=\"og:title\" content=\"UKELELE FLIGHT SOPRANO MOD. NUS380 AMBER - Mexican Guitar Players\" \/>\n<meta property=\"og:description\" content=\"Ukelele ac\u00fastico soprano de 12 trastes, tapa, aros y fondo de sapele africano, puente de nogal, brazo de okoume africano, diapas\u00f3n de nogal, cejuela y montura de hueso cejuela de 35 mm de ancho, marcadores de posici\u00f3n en los trastos 5, 7 y 10, espalda arqueada, afinadores con engranajes abiertos, roseta grabada a l\u00e1ser, puntos laterales, bot\u00f3n de tahal\u00ed, incluye funda y folleto instruccional.\" \/>\n<meta property=\"og:url\" content=\"https:\/\/www.mexicanguitarplayers.com\/en\/tienda\/sin categor\u00eda\/ukelele-flight-soprano-mod-nus380-amber\/\" \/>\n<meta property=\"og:site_name\" content=\"Mexican Guitar Players\" \/>\n<meta property=\"article:modified_time\" content=\"2026-04-10T10:28:22+00:00\" \/>\n<meta name=\"twitter:card\" content=\"summary_large_image\" \/>\n<meta name=\"twitter:label1\" content=\"Est. reading time\" \/>\n\t<meta name=\"twitter:data1\" content=\"3 minutes\" \/>\n<script type=\"application\/ld+json\" class=\"yoast-schema-graph\">{\"@context\":\"https:\\\/\\\/schema.org\",\"@graph\":[{\"@type\":[\"WebPage\",\"ItemPage\"],\"@id\":\"https:\\\/\\\/www.mexicanguitarplayers.com\\\/tienda\\\/sin categor\u00eda\\\/ukelele-flight-soprano-mod-nus380-amber\\\/\",\"url\":\"https:\\\/\\\/www.mexicanguitarplayers.com\\\/tienda\\\/sin categor\u00eda\\\/ukelele-flight-soprano-mod-nus380-amber\\\/\",\"name\":\"UKELELE FLIGHT SOPRANO MOD. NUS380 AMBER - Mexican Guitar Players\",\"isPartOf\":{\"@id\":\"https:\\\/\\\/www.mexicanguitarplayers.com\\\/#website\"},\"primaryImageOfPage\":{\"@id\":\"https:\\\/\\\/www.mexicanguitarplayers.com\\\/tienda\\\/sin categor\u00eda\\\/ukelele-flight-soprano-mod-nus380-amber\\\/#primaryimage\"},\"image\":{\"@id\":\"https:\\\/\\\/www.mexicanguitarplayers.com\\\/tienda\\\/sin categor\u00eda\\\/ukelele-flight-soprano-mod-nus380-amber\\\/#primaryimage\"},\"thumbnailUrl\":\"https:\\\/\\\/www.mexicanguitarplayers.com\\\/wp-content\\\/uploads\\\/2025\\\/04\\\/ISFLINUS380AMB.jpg\",\"datePublished\":\"2025-04-09T04:11:08+00:00\",\"dateModified\":\"2026-04-10T10:28:22+00:00\",\"description\":\"Ukelele ac\u00fastico soprano de 12 trastes, tapa, aros y fondo de sapele africano, puente de nogal, brazo de okoume africano, diapas\u00f3n de nogal, cejuela y montura de hueso cejuela de 35 mm de ancho, marcadores de posici\u00f3n en los trastos 5, 7 y 10, espalda arqueada, afinadores con engranajes abiertos, roseta grabada a l\u00e1ser, puntos laterales, bot\u00f3n de tahal\u00ed, incluye funda y folleto instruccional.\",\"breadcrumb\":{\"@id\":\"https:\\\/\\\/www.mexicanguitarplayers.com\\\/tienda\\\/sin categor\u00eda\\\/ukelele-flight-soprano-mod-nus380-amber\\\/#breadcrumb\"},\"inLanguage\":\"en-US\",\"potentialAction\":[{\"@type\":\"ReadAction\",\"target\":[\"https:\\\/\\\/www.mexicanguitarplayers.com\\\/tienda\\\/sin categor\u00eda\\\/ukelele-flight-soprano-mod-nus380-amber\\\/\"]}]},{\"@type\":\"ImageObject\",\"inLanguage\":\"en-US\",\"@id\":\"https:\\\/\\\/www.mexicanguitarplayers.com\\\/tienda\\\/sin categor\u00eda\\\/ukelele-flight-soprano-mod-nus380-amber\\\/#primaryimage\",\"url\":\"https:\\\/\\\/www.mexicanguitarplayers.com\\\/wp-content\\\/uploads\\\/2025\\\/04\\\/ISFLINUS380AMB.jpg\",\"contentUrl\":\"https:\\\/\\\/www.mexicanguitarplayers.com\\\/wp-content\\\/uploads\\\/2025\\\/04\\\/ISFLINUS380AMB.jpg\",\"width\":1200,\"height\":1200},{\"@type\":\"BreadcrumbList\",\"@id\":\"https:\\\/\\\/www.mexicanguitarplayers.com\\\/tienda\\\/sin categor\u00eda\\\/ukelele-flight-soprano-mod-nus380-amber\\\/#breadcrumb\",\"itemListElement\":[{\"@type\":\"ListItem\",\"position\":1,\"name\":\"Portada\",\"item\":\"https:\\\/\\\/www.mexicanguitarplayers.com\\\/\"},{\"@type\":\"ListItem\",\"position\":2,\"name\":\"Tienda\",\"item\":\"https:\\\/\\\/www.mexicanguitarplayers.com\\\/tienda\\\/\"},{\"@type\":\"ListItem\",\"position\":3,\"name\":\"UKELELE FLIGHT SOPRANO MOD. NUS380 AMBER\"}]},{\"@type\":\"WebSite\",\"@id\":\"https:\\\/\\\/www.mexicanguitarplayers.com\\\/#website\",\"url\":\"https:\\\/\\\/www.mexicanguitarplayers.com\\\/\",\"name\":\"Mexican Guitar Players\",\"description\":\"Website\",\"publisher\":{\"@id\":\"https:\\\/\\\/www.mexicanguitarplayers.com\\\/#organization\"},\"potentialAction\":[{\"@type\":\"SearchAction\",\"target\":{\"@type\":\"EntryPoint\",\"urlTemplate\":\"https:\\\/\\\/www.mexicanguitarplayers.com\\\/?s={search_term_string}\"},\"query-input\":{\"@type\":\"PropertyValueSpecification\",\"valueRequired\":true,\"valueName\":\"search_term_string\"}}],\"inLanguage\":\"en-US\"},{\"@type\":\"Organization\",\"@id\":\"https:\\\/\\\/www.mexicanguitarplayers.com\\\/#organization\",\"name\":\"Mexican Guitar Players\",\"url\":\"https:\\\/\\\/www.mexicanguitarplayers.com\\\/\",\"logo\":{\"@type\":\"ImageObject\",\"inLanguage\":\"en-US\",\"@id\":\"https:\\\/\\\/www.mexicanguitarplayers.com\\\/#\\\/schema\\\/logo\\\/image\\\/\",\"url\":\"\",\"contentUrl\":\"\",\"caption\":\"Mexican Guitar Players\"},\"image\":{\"@id\":\"https:\\\/\\\/www.mexicanguitarplayers.com\\\/#\\\/schema\\\/logo\\\/image\\\/\"}}]}<\/script>\n<!-- \/ Yoast SEO plugin. -->","yoast_head_json":{"title":"UKELELE FLIGHT SOPRANO MOD. NUS380 AMBER - Mexican Guitar Players","description":"Ukelele ac\u00fastico soprano de 12 trastes, tapa, aros y fondo de sapele africano, puente de nogal, brazo de okoume africano, diapas\u00f3n de nogal, cejuela y montura de hueso cejuela de 35 mm de ancho, marcadores de posici\u00f3n en los trastos 5, 7 y 10, espalda arqueada, afinadores con engranajes abiertos, roseta grabada a l\u00e1ser, puntos laterales, bot\u00f3n de tahal\u00ed, incluye funda y folleto instruccional.","robots":{"index":"index","follow":"follow","max-snippet":"max-snippet:-1","max-image-preview":"max-image-preview:large","max-video-preview":"max-video-preview:-1"},"canonical":"https:\/\/www.mexicanguitarplayers.com\/en\/tienda\/sin categor\u00eda\/ukelele-flight-soprano-mod-nus380-amber\/","og_locale":"en_US","og_type":"article","og_title":"UKELELE FLIGHT SOPRANO MOD. NUS380 AMBER - Mexican Guitar Players","og_description":"Ukelele ac\u00fastico soprano de 12 trastes, tapa, aros y fondo de sapele africano, puente de nogal, brazo de okoume africano, diapas\u00f3n de nogal, cejuela y montura de hueso cejuela de 35 mm de ancho, marcadores de posici\u00f3n en los trastos 5, 7 y 10, espalda arqueada, afinadores con engranajes abiertos, roseta grabada a l\u00e1ser, puntos laterales, bot\u00f3n de tahal\u00ed, incluye funda y folleto instruccional.","og_url":"https:\/\/www.mexicanguitarplayers.com\/en\/tienda\/sin categor\u00eda\/ukelele-flight-soprano-mod-nus380-amber\/","og_site_name":"Mexican Guitar Players","article_modified_time":"2026-04-10T10:28:22+00:00","twitter_card":"summary_large_image","twitter_misc":{"Est. reading time":"3 minutes"},"schema":{"@context":"https:\/\/schema.org","@graph":[{"@type":["WebPage","ItemPage"],"@id":"https:\/\/www.mexicanguitarplayers.com\/tienda\/sin categor\u00eda\/ukelele-flight-soprano-mod-nus380-amber\/","url":"https:\/\/www.mexicanguitarplayers.com\/tienda\/sin categor\u00eda\/ukelele-flight-soprano-mod-nus380-amber\/","name":"UKELELE FLIGHT SOPRANO MOD. NUS380 AMBER - Mexican Guitar Players","isPartOf":{"@id":"https:\/\/www.mexicanguitarplayers.com\/#website"},"primaryImageOfPage":{"@id":"https:\/\/www.mexicanguitarplayers.com\/tienda\/sin categor\u00eda\/ukelele-flight-soprano-mod-nus380-amber\/#primaryimage"},"image":{"@id":"https:\/\/www.mexicanguitarplayers.com\/tienda\/sin categor\u00eda\/ukelele-flight-soprano-mod-nus380-amber\/#primaryimage"},"thumbnailUrl":"https:\/\/www.mexicanguitarplayers.com\/wp-content\/uploads\/2025\/04\/ISFLINUS380AMB.jpg","datePublished":"2025-04-09T04:11:08+00:00","dateModified":"2026-04-10T10:28:22+00:00","description":"Ukelele ac\u00fastico soprano de 12 trastes, tapa, aros y fondo de sapele africano, puente de nogal, brazo de okoume africano, diapas\u00f3n de nogal, cejuela y montura de hueso cejuela de 35 mm de ancho, marcadores de posici\u00f3n en los trastos 5, 7 y 10, espalda arqueada, afinadores con engranajes abiertos, roseta grabada a l\u00e1ser, puntos laterales, bot\u00f3n de tahal\u00ed, incluye funda y folleto instruccional.","breadcrumb":{"@id":"https:\/\/www.mexicanguitarplayers.com\/tienda\/sin categor\u00eda\/ukelele-flight-soprano-mod-nus380-amber\/#breadcrumb"},"inLanguage":"en-US","potentialAction":[{"@type":"ReadAction","target":["https:\/\/www.mexicanguitarplayers.com\/tienda\/sin categor\u00eda\/ukelele-flight-soprano-mod-nus380-amber\/"]}]},{"@type":"ImageObject","inLanguage":"en-US","@id":"https:\/\/www.mexicanguitarplayers.com\/tienda\/sin categor\u00eda\/ukelele-flight-soprano-mod-nus380-amber\/#primaryimage","url":"https:\/\/www.mexicanguitarplayers.com\/wp-content\/uploads\/2025\/04\/ISFLINUS380AMB.jpg","contentUrl":"https:\/\/www.mexicanguitarplayers.com\/wp-content\/uploads\/2025\/04\/ISFLINUS380AMB.jpg","width":1200,"height":1200},{"@type":"BreadcrumbList","@id":"https:\/\/www.mexicanguitarplayers.com\/tienda\/sin categor\u00eda\/ukelele-flight-soprano-mod-nus380-amber\/#breadcrumb","itemListElement":[{"@type":"ListItem","position":1,"name":"Portada","item":"https:\/\/www.mexicanguitarplayers.com\/"},{"@type":"ListItem","position":2,"name":"Tienda","item":"https:\/\/www.mexicanguitarplayers.com\/tienda\/"},{"@type":"ListItem","position":3,"name":"UKELELE FLIGHT SOPRANO MOD. NUS380 AMBER"}]},{"@type":"WebSite","@id":"https:\/\/www.mexicanguitarplayers.com\/#website","url":"https:\/\/www.mexicanguitarplayers.com\/","name":"Mexican Guitar Players","description":"Website","publisher":{"@id":"https:\/\/www.mexicanguitarplayers.com\/#organization"},"potentialAction":[{"@type":"SearchAction","target":{"@type":"EntryPoint","urlTemplate":"https:\/\/www.mexicanguitarplayers.com\/?s={search_term_string}"},"query-input":{"@type":"PropertyValueSpecification","valueRequired":true,"valueName":"search_term_string"}}],"inLanguage":"en-US"},{"@type":"Organization","@id":"https:\/\/www.mexicanguitarplayers.com\/#organization","name":"Mexican Guitar Players","url":"https:\/\/www.mexicanguitarplayers.com\/","logo":{"@type":"ImageObject","inLanguage":"en-US","@id":"https:\/\/www.mexicanguitarplayers.com\/#\/schema\/logo\/image\/","url":"","contentUrl":"","caption":"Mexican Guitar Players"},"image":{"@id":"https:\/\/www.mexicanguitarplayers.com\/#\/schema\/logo\/image\/"}}]}},"brands":[{"id":322,"name":"FLIGHT","slug":"flight"}],"_links":{"self":[{"href":"https:\/\/www.mexicanguitarplayers.com\/en\/wp-json\/wp\/v2\/product\/35395","targetHints":{"allow":["GET"]}}],"collection":[{"href":"https:\/\/www.mexicanguitarplayers.com\/en\/wp-json\/wp\/v2\/product"}],"about":[{"href":"https:\/\/www.mexicanguitarplayers.com\/en\/wp-json\/wp\/v2\/types\/product"}],"replies":[{"embeddable":true,"href":"https:\/\/www.mexicanguitarplayers.com\/en\/wp-json\/wp\/v2\/comments?post=35395"}],"wp:featuredmedia":[{"embeddable":true,"href":"https:\/\/www.mexicanguitarplayers.com\/en\/wp-json\/wp\/v2\/media\/35392"}],"wp:attachment":[{"href":"https:\/\/www.mexicanguitarplayers.com\/en\/wp-json\/wp\/v2\/media?parent=35395"}],"wp:term":[{"taxonomy":"pwb-brand","embeddable":true,"href":"https:\/\/www.mexicanguitarplayers.com\/en\/wp-json\/wp\/v2\/pwb-brand?post=35395"},{"taxonomy":"product_brand","embeddable":true,"href":"https:\/\/www.mexicanguitarplayers.com\/en\/wp-json\/wp\/v2\/product_brand?post=35395"},{"taxonomy":"product_cat","embeddable":true,"href":"https:\/\/www.mexicanguitarplayers.com\/en\/wp-json\/wp\/v2\/product_cat?post=35395"},{"taxonomy":"product_tag","embeddable":true,"href":"https:\/\/www.mexicanguitarplayers.com\/en\/wp-json\/wp\/v2\/product_tag?post=35395"}],"curies":[{"name":"wp","href":"https:\/\/api.w.org\/{rel}","templated":true}]}}