{"id":35402,"date":"2025-04-08T22:11:18","date_gmt":"2025-04-09T04:11:18","guid":{"rendered":"https:\/\/www.mexicanguitarplayers.com\/tienda\/sin categor\u00eda\/interfaz-a-r-t-mod-tube-mix\/"},"modified":"2026-01-22T04:18:31","modified_gmt":"2026-01-22T10:18:31","slug":"interfaz-a-r-t-mod-tube-mix","status":"publish","type":"product","link":"https:\/\/www.mexicanguitarplayers.com\/en\/tienda\/audio\/interfaces\/interfaz-a-r-t-mod-tube-mix\/","title":{"rendered":"INTERFAZ A.R.T. MOD. TUBE MIX"},"content":{"rendered":"<div style=\"text-align: justify\">\n<div>\n<h3>Una gran interfaz para tus producciones.<\/h3>\n<\/div>\n<div>ART Tube Mix proporciona una interfaz de audio compacta y vers\u00e1til. La mezcladora admite dos entradas de micr\u00f3fono, una entrada de instrumento de alta impedancia y dos entradas de l\u00ednea simult\u00e1neamente. El bulbo puede asignarse para actuar como un preamplificador de micr\u00f3fono de bulbo de dos canales o apilarse y aplicarse a la entrada de instrumento para agregar calidez y tono con guitarra o bajo.<\/div>\n<div>\n<h4>Quick look<\/h4>\n<\/div>\n<ul style=\"margin: 0px 0px 0px 25px\">\n<li style=\"list-style-type: circle;margin: 5px\">Input impedance.<\/li>\n<li style=\"list-style-type: circle;margin: 5px\">Output impedance.<\/li>\n<li style=\"list-style-type: circle;margin: 5px\">Frequency response.<\/li>\n<li style=\"list-style-type: circle;margin: 5px\">Nivel de entrada m\u00e1ximo.<\/li>\n<li style=\"list-style-type: circle;margin: 5px\">Nivel de salida m\u00e1ximo.<\/li>\n<li style=\"list-style-type: circle;margin: 5px\">Ganancia m\u00e1xima.<\/li>\n<li style=\"list-style-type: circle;margin: 5px\">Equivalent noise level.<\/li>\n<li style=\"list-style-type: circle;margin: 5px\">Interfaz computadora USB.<\/li>\n<li style=\"list-style-type: circle;margin: 5px\">A\/D, D\/A,<\/li>\n<li style=\"list-style-type: circle;margin: 5px\">Alimentaci\u00f3n phantom.<\/li>\n<li style=\"list-style-type: circle;margin: 5px\">Energy.<\/li>\n<li style=\"list-style-type: circle;margin: 5px\">Dimensions.<\/li>\n<li style=\"list-style-type: circle;margin: 5px\">Weight.<\/li>\n<li style=\"list-style-type: circle;margin: 5px\">Nota.<\/li>\n<\/ul>\n<div>\n<div style=\"font-weight: bold\">Input impedance.<\/div>\n<div>\n<p>Micr\u00f3fono: 3.5 kilo-ohms. Line (CH1, CH2, CH3\/4), 10 kilo-ohms. CH5 (Inst.), 1 mili-ohm.<\/p>\n<\/div>\n<div style=\"font-weight: bold\">Output impedance.<\/div>\n<div>\n<p>Main, Control Room (Balanceado; 150 ohms, Desbalanceado: 100 ohms. Salidas auxiliares: 150 ohms. Aud\u00edfonos: 100 ohms.<\/p>\n<\/div>\n<div style=\"font-weight: bold\">Frequency response.<\/div>\n<div>\n<p>20 &#8211; 100 kHz + 1 dB.<\/p>\n<\/div>\n<div style=\"font-weight: bold\">Nivel de entrada m\u00e1ximo.<\/div>\n<div>\n<p>CH1, CH2 (Mic), + 9 dBu. CH1 CH2 (Line In), + 20 dBu. CH3\/4 (EQ Flat), + 20 dBu. CH5 (EQ Flat), + 16 dBu. AUX Return, + 24 dBu.<\/p>\n<\/div>\n<div style=\"font-weight: bold\">Nivel de salida m\u00e1ximo.<\/div>\n<div>\n<p>Main, Control Room (Balanceado: 20 dBu, Desbalanceado: 17 dBu. Aux Send: + 20 dBu. Aud\u00edfonos: 100 mW \/ Ch @ 300 ohms, 50 mW \/ Ch @ 32 ohms.<\/p>\n<\/div>\n<div style=\"font-weight: bold\">Ganancia m\u00e1xima.<\/div>\n<div>\n<p>LINE IN a salida Main (balanceado): +63 dB. CH 5 a salida Main (balanceado): 56 dB. CH3\/4 a salida Main (balanceado): +30 dB.<\/p>\n<\/div>\n<div style=\"font-weight: bold\">Equivalent noise level.<\/div>\n<div>\n<p>Micr\u00f3fono (@ganancia m\u00e1xima), 127 dBu \u201cC\u201d wtd. Line (@ ganancia m\u00e1xima), -105 dBu \u201cC\u201d wtd. Instrumento (@ ganancia m\u00e1xima), -112 dBu \u201cC\u201d wtd.<\/p>\n<\/div>\n<div style=\"font-weight: bold\">Interfaz computadora USB.<\/div>\n<div>\n<p>Interfaz para Mac y PC plug-and-play compatible con clase USB<\/p>\n<\/div>\n<div style=\"font-weight: bold\">A\/D, D\/A,<\/div>\n<div>\n<p>16 Bit, 44.1 kHz o 48 kHz, USB seleccionable desde la computadora.<\/p>\n<\/div>\n<div style=\"font-weight: bold\">Alimentaci\u00f3n phantom.<\/div>\n<div>\n<p>Switch seleccionable, +48V DC, filtrado, corriente limitada.<\/p>\n<\/div>\n<div style=\"font-weight: bold\">Energy.<\/div>\n<div>\n<p>18 VAC, 1000 mA.<\/p>\n<\/div>\n<div style=\"font-weight: bold\">Dimensions.<\/div>\n<div>\n<p>84 x 198 x 265 mm.<\/p>\n<\/div>\n<div style=\"font-weight: bold\">Weight.<\/div>\n<div>\n<p>2.5 kg.<\/p>\n<\/div>\n<div style=\"font-weight: bold\">Nota.<\/div>\n<div>\n<p>0 dBu = 0.775 Vrms.<\/p>\n<\/div>\n<\/div>\n<\/div>","protected":false},"excerpt":{"rendered":"<p>Interfaz de audio compacta y vers\u00e1til, mezclador USB est\u00e9reo de 5 canales impulsado por bulbos con todas las funciones, entrada de instrumento de alta impedancia dedicada con simulador de amplificador,  alimentaci\u00f3n phantom conmutable de bajo ruido +48V para micr\u00f3fonos de condensador, todos los canales de entrada cuentan con todas las funciones de ecualizador de 3 bandas, dos env\u00edos auxiliares, controles de panor\u00e1mica y nivel, compatible con USB 2.0 (no se requieren drivers especiales con la mayor\u00eda de las versiones modernas de Windows, MacOS y Linux), dos canales de preamplificador de micr\u00f3fono de amplio rango din\u00e1mico y bajo ruido, el bulbo integrado 12AX7 se puede aplicar a entradas de micr\u00f3fono o de instrumento, aut\u00e9nticos medidores VU precisos, medidores LED de amplio rango con fuente seleccionable y paneles laterales de madera que ofrecen una gran apariencia y sensaci\u00f3n vintage, control room flexible y secci\u00f3n de monitor, las entradas seleccionadas incluyen control de recorte de entrada e indicadores de recorte para un ajuste de nivel \u00f3ptimo, la secci\u00f3n de salida vers\u00e1til permite una mezcla de monitor est\u00e9reo separada en el bus principal mientras graba por medio del bus auxiliar o viceversa si es necesario, la secci\u00f3n de sala de control flexible\/aud\u00edfonos, permite el enrutamiento para monitorear la mezcla principal, la entrada USB y los env\u00edos auxiliares para una m\u00e1xima flexibilidad, dimensiones: 84 x 198 x 265 mm, peso: 2.5 kg.&hellip; <a class=\"kt-excerpt-readmore more-link\" href=\"https:\/\/www.mexicanguitarplayers.com\/en\/tienda\/audio\/interfaces\/interfaz-a-r-t-mod-tube-mix\/\">Read more<\/a><\/p>","protected":false},"featured_media":35396,"comment_status":"open","ping_status":"closed","template":"","meta":{"kt_blocks_editor_width":""},"pwb-brand":[531],"product_brand":[],"product_cat":[213,233],"product_tag":[],"class_list":{"0":"post-35402","1":"product","2":"type-product","3":"status-publish","4":"has-post-thumbnail","6":"pwb-brand-a-r-t","7":"product_cat-audio","8":"product_cat-interfaces","9":"product_shipping_class-0-5-kg","11":"first","12":"outofstock","13":"taxable","14":"shipping-taxable","15":"purchasable","16":"product-type-simple"},"yoast_head":"<!-- This site is optimized with the Yoast SEO plugin v27.3 - https:\/\/yoast.com\/product\/yoast-seo-wordpress\/ -->\n<title>INTERFAZ A.R.T. MOD. TUBE MIX - Mexican Guitar Players<\/title>\n<meta name=\"description\" content=\"Interfaz de audio compacta y vers\u00e1til, mezclador USB est\u00e9reo de 5 canales impulsado por bulbos con todas las funciones, entrada de instrumento de alta impedancia dedicada con simulador de amplificador, alimentaci\u00f3n phantom conmutable de bajo ruido +48V para micr\u00f3fonos de condensador, todos los canales de entrada cuentan con todas las funciones de ecualizador de 3 bandas, dos env\u00edos auxiliares, controles de panor\u00e1mica y nivel, compatible con USB 2.0 (no se requieren drivers especiales con la mayor\u00eda de las versiones modernas de Windows, MacOS y Linux), dos canales de preamplificador de micr\u00f3fono de amplio rango din\u00e1mico y bajo ruido, el bulbo integrado 12AX7 se puede aplicar a entradas de micr\u00f3fono o de instrumento, aut\u00e9nticos medidores VU precisos, medidores LED de amplio rango con fuente seleccionable y paneles laterales de madera que ofrecen una gran apariencia y sensaci\u00f3n vintage, control room flexible y secci\u00f3n de monitor, las entradas seleccionadas incluyen control de recorte de entrada e indicadores de recorte para un ajuste de nivel \u00f3ptimo, la secci\u00f3n de salida vers\u00e1til permite una mezcla de monitor est\u00e9reo separada en el bus principal mientras graba por medio del bus auxiliar o viceversa si es necesario, la secci\u00f3n de sala de control flexible\/aud\u00edfonos, permite el enrutamiento para monitorear la mezcla principal, la entrada USB y los env\u00edos auxiliares para una m\u00e1xima flexibilidad, dimensiones: 84 x 198 x 265 mm, peso: 2.5 kg.\" \/>\n<meta name=\"robots\" content=\"index, follow, max-snippet:-1, max-image-preview:large, max-video-preview:-1\" \/>\n<link rel=\"canonical\" href=\"https:\/\/www.mexicanguitarplayers.com\/en\/tienda\/sin%20categor\u00eda\/interfaz-a-r-t-mod-tube-mix\/\" \/>\n<meta property=\"og:locale\" content=\"en_US\" \/>\n<meta property=\"og:type\" content=\"article\" \/>\n<meta property=\"og:title\" content=\"INTERFAZ A.R.T. MOD. TUBE MIX - Mexican Guitar Players\" \/>\n<meta property=\"og:description\" content=\"Interfaz de audio compacta y vers\u00e1til, mezclador USB est\u00e9reo de 5 canales impulsado por bulbos con todas las funciones, entrada de instrumento de alta impedancia dedicada con simulador de amplificador, alimentaci\u00f3n phantom conmutable de bajo ruido +48V para micr\u00f3fonos de condensador, todos los canales de entrada cuentan con todas las funciones de ecualizador de 3 bandas, dos env\u00edos auxiliares, controles de panor\u00e1mica y nivel, compatible con USB 2.0 (no se requieren drivers especiales con la mayor\u00eda de las versiones modernas de Windows, MacOS y Linux), dos canales de preamplificador de micr\u00f3fono de amplio rango din\u00e1mico y bajo ruido, el bulbo integrado 12AX7 se puede aplicar a entradas de micr\u00f3fono o de instrumento, aut\u00e9nticos medidores VU precisos, medidores LED de amplio rango con fuente seleccionable y paneles laterales de madera que ofrecen una gran apariencia y sensaci\u00f3n vintage, control room flexible y secci\u00f3n de monitor, las entradas seleccionadas incluyen control de recorte de entrada e indicadores de recorte para un ajuste de nivel \u00f3ptimo, la secci\u00f3n de salida vers\u00e1til permite una mezcla de monitor est\u00e9reo separada en el bus principal mientras graba por medio del bus auxiliar o viceversa si es necesario, la secci\u00f3n de sala de control flexible\/aud\u00edfonos, permite el enrutamiento para monitorear la mezcla principal, la entrada USB y los env\u00edos auxiliares para una m\u00e1xima flexibilidad, dimensiones: 84 x 198 x 265 mm, peso: 2.5 kg.\" \/>\n<meta property=\"og:url\" content=\"https:\/\/www.mexicanguitarplayers.com\/en\/tienda\/sin categor\u00eda\/interfaz-a-r-t-mod-tube-mix\/\" \/>\n<meta property=\"og:site_name\" content=\"Mexican Guitar Players\" \/>\n<meta property=\"article:modified_time\" content=\"2026-01-22T10:18:31+00:00\" \/>\n<meta name=\"twitter:card\" content=\"summary_large_image\" \/>\n<meta name=\"twitter:label1\" content=\"Est. reading time\" \/>\n\t<meta name=\"twitter:data1\" content=\"2 minutes\" \/>\n<script type=\"application\/ld+json\" class=\"yoast-schema-graph\">{\"@context\":\"https:\\\/\\\/schema.org\",\"@graph\":[{\"@type\":[\"WebPage\",\"ItemPage\"],\"@id\":\"https:\\\/\\\/www.mexicanguitarplayers.com\\\/tienda\\\/sin categor\u00eda\\\/interfaz-a-r-t-mod-tube-mix\\\/\",\"url\":\"https:\\\/\\\/www.mexicanguitarplayers.com\\\/tienda\\\/sin categor\u00eda\\\/interfaz-a-r-t-mod-tube-mix\\\/\",\"name\":\"INTERFAZ A.R.T. MOD. TUBE MIX - Mexican Guitar Players\",\"isPartOf\":{\"@id\":\"https:\\\/\\\/www.mexicanguitarplayers.com\\\/#website\"},\"primaryImageOfPage\":{\"@id\":\"https:\\\/\\\/www.mexicanguitarplayers.com\\\/tienda\\\/sin categor\u00eda\\\/interfaz-a-r-t-mod-tube-mix\\\/#primaryimage\"},\"image\":{\"@id\":\"https:\\\/\\\/www.mexicanguitarplayers.com\\\/tienda\\\/sin categor\u00eda\\\/interfaz-a-r-t-mod-tube-mix\\\/#primaryimage\"},\"thumbnailUrl\":\"https:\\\/\\\/www.mexicanguitarplayers.com\\\/wp-content\\\/uploads\\\/2025\\\/04\\\/IAARTTUBEMIX.jpg\",\"datePublished\":\"2025-04-09T04:11:18+00:00\",\"dateModified\":\"2026-01-22T10:18:31+00:00\",\"description\":\"Interfaz de audio compacta y vers\u00e1til, mezclador USB est\u00e9reo de 5 canales impulsado por bulbos con todas las funciones, entrada de instrumento de alta impedancia dedicada con simulador de amplificador, alimentaci\u00f3n phantom conmutable de bajo ruido +48V para micr\u00f3fonos de condensador, todos los canales de entrada cuentan con todas las funciones de ecualizador de 3 bandas, dos env\u00edos auxiliares, controles de panor\u00e1mica y nivel, compatible con USB 2.0 (no se requieren drivers especiales con la mayor\u00eda de las versiones modernas de Windows, MacOS y Linux), dos canales de preamplificador de micr\u00f3fono de amplio rango din\u00e1mico y bajo ruido, el bulbo integrado 12AX7 se puede aplicar a entradas de micr\u00f3fono o de instrumento, aut\u00e9nticos medidores VU precisos, medidores LED de amplio rango con fuente seleccionable y paneles laterales de madera que ofrecen una gran apariencia y sensaci\u00f3n vintage, control room flexible y secci\u00f3n de monitor, las entradas seleccionadas incluyen control de recorte de entrada e indicadores de recorte para un ajuste de nivel \u00f3ptimo, la secci\u00f3n de salida vers\u00e1til permite una mezcla de monitor est\u00e9reo separada en el bus principal mientras graba por medio del bus auxiliar o viceversa si es necesario, la secci\u00f3n de sala de control flexible\\\/aud\u00edfonos, permite el enrutamiento para monitorear la mezcla principal, la entrada USB y los env\u00edos auxiliares para una m\u00e1xima flexibilidad, dimensiones: 84 x 198 x 265 mm, peso: 2.5 kg.\",\"breadcrumb\":{\"@id\":\"https:\\\/\\\/www.mexicanguitarplayers.com\\\/tienda\\\/sin categor\u00eda\\\/interfaz-a-r-t-mod-tube-mix\\\/#breadcrumb\"},\"inLanguage\":\"en-US\",\"potentialAction\":[{\"@type\":\"ReadAction\",\"target\":[\"https:\\\/\\\/www.mexicanguitarplayers.com\\\/tienda\\\/sin categor\u00eda\\\/interfaz-a-r-t-mod-tube-mix\\\/\"]}]},{\"@type\":\"ImageObject\",\"inLanguage\":\"en-US\",\"@id\":\"https:\\\/\\\/www.mexicanguitarplayers.com\\\/tienda\\\/sin categor\u00eda\\\/interfaz-a-r-t-mod-tube-mix\\\/#primaryimage\",\"url\":\"https:\\\/\\\/www.mexicanguitarplayers.com\\\/wp-content\\\/uploads\\\/2025\\\/04\\\/IAARTTUBEMIX.jpg\",\"contentUrl\":\"https:\\\/\\\/www.mexicanguitarplayers.com\\\/wp-content\\\/uploads\\\/2025\\\/04\\\/IAARTTUBEMIX.jpg\",\"width\":1200,\"height\":1200},{\"@type\":\"BreadcrumbList\",\"@id\":\"https:\\\/\\\/www.mexicanguitarplayers.com\\\/tienda\\\/sin categor\u00eda\\\/interfaz-a-r-t-mod-tube-mix\\\/#breadcrumb\",\"itemListElement\":[{\"@type\":\"ListItem\",\"position\":1,\"name\":\"Portada\",\"item\":\"https:\\\/\\\/www.mexicanguitarplayers.com\\\/\"},{\"@type\":\"ListItem\",\"position\":2,\"name\":\"Tienda\",\"item\":\"https:\\\/\\\/www.mexicanguitarplayers.com\\\/tienda\\\/\"},{\"@type\":\"ListItem\",\"position\":3,\"name\":\"INTERFAZ A.R.T. MOD. TUBE MIX\"}]},{\"@type\":\"WebSite\",\"@id\":\"https:\\\/\\\/www.mexicanguitarplayers.com\\\/#website\",\"url\":\"https:\\\/\\\/www.mexicanguitarplayers.com\\\/\",\"name\":\"Mexican Guitar Players\",\"description\":\"Website\",\"publisher\":{\"@id\":\"https:\\\/\\\/www.mexicanguitarplayers.com\\\/#organization\"},\"potentialAction\":[{\"@type\":\"SearchAction\",\"target\":{\"@type\":\"EntryPoint\",\"urlTemplate\":\"https:\\\/\\\/www.mexicanguitarplayers.com\\\/?s={search_term_string}\"},\"query-input\":{\"@type\":\"PropertyValueSpecification\",\"valueRequired\":true,\"valueName\":\"search_term_string\"}}],\"inLanguage\":\"en-US\"},{\"@type\":\"Organization\",\"@id\":\"https:\\\/\\\/www.mexicanguitarplayers.com\\\/#organization\",\"name\":\"Mexican Guitar Players\",\"url\":\"https:\\\/\\\/www.mexicanguitarplayers.com\\\/\",\"logo\":{\"@type\":\"ImageObject\",\"inLanguage\":\"en-US\",\"@id\":\"https:\\\/\\\/www.mexicanguitarplayers.com\\\/#\\\/schema\\\/logo\\\/image\\\/\",\"url\":\"\",\"contentUrl\":\"\",\"caption\":\"Mexican Guitar Players\"},\"image\":{\"@id\":\"https:\\\/\\\/www.mexicanguitarplayers.com\\\/#\\\/schema\\\/logo\\\/image\\\/\"}}]}<\/script>\n<!-- \/ Yoast SEO plugin. -->","yoast_head_json":{"title":"INTERFAZ A.R.T. MOD. TUBE MIX - Mexican Guitar Players","description":"Interfaz de audio compacta y vers\u00e1til, mezclador USB est\u00e9reo de 5 canales impulsado por bulbos con todas las funciones, entrada de instrumento de alta impedancia dedicada con simulador de amplificador, alimentaci\u00f3n phantom conmutable de bajo ruido +48V para micr\u00f3fonos de condensador, todos los canales de entrada cuentan con todas las funciones de ecualizador de 3 bandas, dos env\u00edos auxiliares, controles de panor\u00e1mica y nivel, compatible con USB 2.0 (no se requieren drivers especiales con la mayor\u00eda de las versiones modernas de Windows, MacOS y Linux), dos canales de preamplificador de micr\u00f3fono de amplio rango din\u00e1mico y bajo ruido, el bulbo integrado 12AX7 se puede aplicar a entradas de micr\u00f3fono o de instrumento, aut\u00e9nticos medidores VU precisos, medidores LED de amplio rango con fuente seleccionable y paneles laterales de madera que ofrecen una gran apariencia y sensaci\u00f3n vintage, control room flexible y secci\u00f3n de monitor, las entradas seleccionadas incluyen control de recorte de entrada e indicadores de recorte para un ajuste de nivel \u00f3ptimo, la secci\u00f3n de salida vers\u00e1til permite una mezcla de monitor est\u00e9reo separada en el bus principal mientras graba por medio del bus auxiliar o viceversa si es necesario, la secci\u00f3n de sala de control flexible\/aud\u00edfonos, permite el enrutamiento para monitorear la mezcla principal, la entrada USB y los env\u00edos auxiliares para una m\u00e1xima flexibilidad, dimensiones: 84 x 198 x 265 mm, peso: 2.5 kg.","robots":{"index":"index","follow":"follow","max-snippet":"max-snippet:-1","max-image-preview":"max-image-preview:large","max-video-preview":"max-video-preview:-1"},"canonical":"https:\/\/www.mexicanguitarplayers.com\/en\/tienda\/sin categor\u00eda\/interfaz-a-r-t-mod-tube-mix\/","og_locale":"en_US","og_type":"article","og_title":"INTERFAZ A.R.T. MOD. TUBE MIX - Mexican Guitar Players","og_description":"Interfaz de audio compacta y vers\u00e1til, mezclador USB est\u00e9reo de 5 canales impulsado por bulbos con todas las funciones, entrada de instrumento de alta impedancia dedicada con simulador de amplificador, alimentaci\u00f3n phantom conmutable de bajo ruido +48V para micr\u00f3fonos de condensador, todos los canales de entrada cuentan con todas las funciones de ecualizador de 3 bandas, dos env\u00edos auxiliares, controles de panor\u00e1mica y nivel, compatible con USB 2.0 (no se requieren drivers especiales con la mayor\u00eda de las versiones modernas de Windows, MacOS y Linux), dos canales de preamplificador de micr\u00f3fono de amplio rango din\u00e1mico y bajo ruido, el bulbo integrado 12AX7 se puede aplicar a entradas de micr\u00f3fono o de instrumento, aut\u00e9nticos medidores VU precisos, medidores LED de amplio rango con fuente seleccionable y paneles laterales de madera que ofrecen una gran apariencia y sensaci\u00f3n vintage, control room flexible y secci\u00f3n de monitor, las entradas seleccionadas incluyen control de recorte de entrada e indicadores de recorte para un ajuste de nivel \u00f3ptimo, la secci\u00f3n de salida vers\u00e1til permite una mezcla de monitor est\u00e9reo separada en el bus principal mientras graba por medio del bus auxiliar o viceversa si es necesario, la secci\u00f3n de sala de control flexible\/aud\u00edfonos, permite el enrutamiento para monitorear la mezcla principal, la entrada USB y los env\u00edos auxiliares para una m\u00e1xima flexibilidad, dimensiones: 84 x 198 x 265 mm, peso: 2.5 kg.","og_url":"https:\/\/www.mexicanguitarplayers.com\/en\/tienda\/sin categor\u00eda\/interfaz-a-r-t-mod-tube-mix\/","og_site_name":"Mexican Guitar Players","article_modified_time":"2026-01-22T10:18:31+00:00","twitter_card":"summary_large_image","twitter_misc":{"Est. reading time":"2 minutes"},"schema":{"@context":"https:\/\/schema.org","@graph":[{"@type":["WebPage","ItemPage"],"@id":"https:\/\/www.mexicanguitarplayers.com\/tienda\/sin categor\u00eda\/interfaz-a-r-t-mod-tube-mix\/","url":"https:\/\/www.mexicanguitarplayers.com\/tienda\/sin categor\u00eda\/interfaz-a-r-t-mod-tube-mix\/","name":"INTERFAZ A.R.T. MOD. TUBE MIX - Mexican Guitar Players","isPartOf":{"@id":"https:\/\/www.mexicanguitarplayers.com\/#website"},"primaryImageOfPage":{"@id":"https:\/\/www.mexicanguitarplayers.com\/tienda\/sin categor\u00eda\/interfaz-a-r-t-mod-tube-mix\/#primaryimage"},"image":{"@id":"https:\/\/www.mexicanguitarplayers.com\/tienda\/sin categor\u00eda\/interfaz-a-r-t-mod-tube-mix\/#primaryimage"},"thumbnailUrl":"https:\/\/www.mexicanguitarplayers.com\/wp-content\/uploads\/2025\/04\/IAARTTUBEMIX.jpg","datePublished":"2025-04-09T04:11:18+00:00","dateModified":"2026-01-22T10:18:31+00:00","description":"Interfaz de audio compacta y vers\u00e1til, mezclador USB est\u00e9reo de 5 canales impulsado por bulbos con todas las funciones, entrada de instrumento de alta impedancia dedicada con simulador de amplificador, alimentaci\u00f3n phantom conmutable de bajo ruido +48V para micr\u00f3fonos de condensador, todos los canales de entrada cuentan con todas las funciones de ecualizador de 3 bandas, dos env\u00edos auxiliares, controles de panor\u00e1mica y nivel, compatible con USB 2.0 (no se requieren drivers especiales con la mayor\u00eda de las versiones modernas de Windows, MacOS y Linux), dos canales de preamplificador de micr\u00f3fono de amplio rango din\u00e1mico y bajo ruido, el bulbo integrado 12AX7 se puede aplicar a entradas de micr\u00f3fono o de instrumento, aut\u00e9nticos medidores VU precisos, medidores LED de amplio rango con fuente seleccionable y paneles laterales de madera que ofrecen una gran apariencia y sensaci\u00f3n vintage, control room flexible y secci\u00f3n de monitor, las entradas seleccionadas incluyen control de recorte de entrada e indicadores de recorte para un ajuste de nivel \u00f3ptimo, la secci\u00f3n de salida vers\u00e1til permite una mezcla de monitor est\u00e9reo separada en el bus principal mientras graba por medio del bus auxiliar o viceversa si es necesario, la secci\u00f3n de sala de control flexible\/aud\u00edfonos, permite el enrutamiento para monitorear la mezcla principal, la entrada USB y los env\u00edos auxiliares para una m\u00e1xima flexibilidad, dimensiones: 84 x 198 x 265 mm, peso: 2.5 kg.","breadcrumb":{"@id":"https:\/\/www.mexicanguitarplayers.com\/tienda\/sin categor\u00eda\/interfaz-a-r-t-mod-tube-mix\/#breadcrumb"},"inLanguage":"en-US","potentialAction":[{"@type":"ReadAction","target":["https:\/\/www.mexicanguitarplayers.com\/tienda\/sin categor\u00eda\/interfaz-a-r-t-mod-tube-mix\/"]}]},{"@type":"ImageObject","inLanguage":"en-US","@id":"https:\/\/www.mexicanguitarplayers.com\/tienda\/sin categor\u00eda\/interfaz-a-r-t-mod-tube-mix\/#primaryimage","url":"https:\/\/www.mexicanguitarplayers.com\/wp-content\/uploads\/2025\/04\/IAARTTUBEMIX.jpg","contentUrl":"https:\/\/www.mexicanguitarplayers.com\/wp-content\/uploads\/2025\/04\/IAARTTUBEMIX.jpg","width":1200,"height":1200},{"@type":"BreadcrumbList","@id":"https:\/\/www.mexicanguitarplayers.com\/tienda\/sin categor\u00eda\/interfaz-a-r-t-mod-tube-mix\/#breadcrumb","itemListElement":[{"@type":"ListItem","position":1,"name":"Portada","item":"https:\/\/www.mexicanguitarplayers.com\/"},{"@type":"ListItem","position":2,"name":"Tienda","item":"https:\/\/www.mexicanguitarplayers.com\/tienda\/"},{"@type":"ListItem","position":3,"name":"INTERFAZ A.R.T. MOD. TUBE MIX"}]},{"@type":"WebSite","@id":"https:\/\/www.mexicanguitarplayers.com\/#website","url":"https:\/\/www.mexicanguitarplayers.com\/","name":"Mexican Guitar Players","description":"Website","publisher":{"@id":"https:\/\/www.mexicanguitarplayers.com\/#organization"},"potentialAction":[{"@type":"SearchAction","target":{"@type":"EntryPoint","urlTemplate":"https:\/\/www.mexicanguitarplayers.com\/?s={search_term_string}"},"query-input":{"@type":"PropertyValueSpecification","valueRequired":true,"valueName":"search_term_string"}}],"inLanguage":"en-US"},{"@type":"Organization","@id":"https:\/\/www.mexicanguitarplayers.com\/#organization","name":"Mexican Guitar Players","url":"https:\/\/www.mexicanguitarplayers.com\/","logo":{"@type":"ImageObject","inLanguage":"en-US","@id":"https:\/\/www.mexicanguitarplayers.com\/#\/schema\/logo\/image\/","url":"","contentUrl":"","caption":"Mexican Guitar Players"},"image":{"@id":"https:\/\/www.mexicanguitarplayers.com\/#\/schema\/logo\/image\/"}}]}},"brands":[{"id":531,"name":"ART","slug":"a-r-t"}],"_links":{"self":[{"href":"https:\/\/www.mexicanguitarplayers.com\/en\/wp-json\/wp\/v2\/product\/35402","targetHints":{"allow":["GET"]}}],"collection":[{"href":"https:\/\/www.mexicanguitarplayers.com\/en\/wp-json\/wp\/v2\/product"}],"about":[{"href":"https:\/\/www.mexicanguitarplayers.com\/en\/wp-json\/wp\/v2\/types\/product"}],"replies":[{"embeddable":true,"href":"https:\/\/www.mexicanguitarplayers.com\/en\/wp-json\/wp\/v2\/comments?post=35402"}],"wp:featuredmedia":[{"embeddable":true,"href":"https:\/\/www.mexicanguitarplayers.com\/en\/wp-json\/wp\/v2\/media\/35396"}],"wp:attachment":[{"href":"https:\/\/www.mexicanguitarplayers.com\/en\/wp-json\/wp\/v2\/media?parent=35402"}],"wp:term":[{"taxonomy":"pwb-brand","embeddable":true,"href":"https:\/\/www.mexicanguitarplayers.com\/en\/wp-json\/wp\/v2\/pwb-brand?post=35402"},{"taxonomy":"product_brand","embeddable":true,"href":"https:\/\/www.mexicanguitarplayers.com\/en\/wp-json\/wp\/v2\/product_brand?post=35402"},{"taxonomy":"product_cat","embeddable":true,"href":"https:\/\/www.mexicanguitarplayers.com\/en\/wp-json\/wp\/v2\/product_cat?post=35402"},{"taxonomy":"product_tag","embeddable":true,"href":"https:\/\/www.mexicanguitarplayers.com\/en\/wp-json\/wp\/v2\/product_tag?post=35402"}],"curies":[{"name":"wp","href":"https:\/\/api.w.org\/{rel}","templated":true}]}}