{"id":35405,"date":"2025-04-08T22:11:21","date_gmt":"2025-04-09T04:11:21","guid":{"rendered":"https:\/\/www.mexicanguitarplayers.com\/tienda\/sin categor\u00eda\/controlador-hotone-pedal-ec-10-cybery\/"},"modified":"2026-04-10T04:28:21","modified_gmt":"2026-04-10T10:28:21","slug":"controlador-hotone-pedal-ec-10-cybery","status":"publish","type":"product","link":"https:\/\/www.mexicanguitarplayers.com\/en\/tienda\/accesorios\/para-guitarras\/pedales-conmutacion\/controlador-hotone-pedal-ec-10-cybery\/","title":{"rendered":"CONTROLADOR HOTONE PEDAL  EC-10 CYBERY"},"content":{"rendered":"<div style=\"text-align: justify\">\n<div>\n<h3>El mejor loop switcher.<\/h3>\n<\/div>\n<div>Conoce tu controlador de matriz cibern\u00e9tica. Cybery es un administrador de pedales compacto pero vers\u00e1til que te ayuda a mantener todo en orden. Cuatro loops true bypass garantizan una se\u00f1al impecable, el MIDI programable te brinda un control masivo y una aplicaci\u00f3n m\u00f3vil gratuita te libera de la compleja y molesta programaci\u00f3n de hardware.<\/div>\n<div>\n<h4>Characteristics<\/h4>\n<\/div>\n<div>\n<ul style=\"margin: 0px 0px 0px 25px\">\n<li style=\"list-style-type: circle;margin: 5px\">Controlador de pedales compacto.<\/li>\n<li style=\"list-style-type: circle;margin: 5px\">Aluminum housing.<\/li>\n<li style=\"list-style-type: circle;margin: 5px\">4 audio loops true-bypass relay-based.<\/li>\n<li style=\"list-style-type: circle;margin: 5px\">Control MIDI programable.<\/li>\n<li style=\"list-style-type: circle;margin: 5px\">M\u00f3dulo bluetooth para programaci\u00f3n y control inal\u00e1mbrico.<\/li>\n<li style=\"list-style-type: circle;margin: 5px\">Buffer de entrada conmutable para prevenir p\u00e9rdida de alta frecuencia.<\/li>\n<li style=\"list-style-type: circle;margin: 5px\">Funci\u00f3n Mute\/Afinador con salida independiente de afinador.<\/li>\n<li style=\"list-style-type: circle;margin: 5px\">Funci\u00f3n SW A\/B para cambio de canal de amplificador.<\/li>\n<li style=\"list-style-type: circle;margin: 5px\">Switcheo directo, para acceso instant\u00e1neo y switcheo Preajuste con 40 preajustes programables<\/li>\n<li style=\"list-style-type: circle;margin: 5px\">Conmutaci\u00f3n de bajo ruido.<\/li>\n<li style=\"list-style-type: circle;margin: 5px\">Fuente de alimentaci\u00f3n: 9V DC.<\/li>\n<\/ul>\n<\/div>\n<\/div>","protected":false},"excerpt":{"rendered":"<p>Controlador de pedales compacto, s\u00f3lida carcasa de aluminio, 4 audio loops true-bypass relay-based, control MIDI programable (env\u00eda mensajes CC y PC) para comandos de pedal, multi-efectos, aplicaciones m\u00f3viles, entre otros, m\u00f3dulo bluetooth incorporado para programaci\u00f3n y control inal\u00e1mbrico, buffer de entrada conmutable de alta calidad para prevenir la p\u00e9rdida de alta frecuencia, funci\u00f3n Mute\/Afinador con salida independiente de afinador, funci\u00f3n SW A\/B para cambio de canal de amplificador, 2 modos de switcheo: Directo, para acceso instant\u00e1neo y Pre-ajuste con 40 pre-ajustes programables para diferentes combinaciones, switcheo de bajo ruido, fuente de alimentaci\u00f3n: 9V DC.&hellip; <a class=\"kt-excerpt-readmore more-link\" href=\"https:\/\/www.mexicanguitarplayers.com\/en\/tienda\/accesorios\/para-guitarras\/pedales-conmutacion\/controlador-hotone-pedal-ec-10-cybery\/\">Read more<\/a><\/p>","protected":false},"featured_media":35403,"comment_status":"open","ping_status":"closed","template":"","meta":{"kt_blocks_editor_width":""},"pwb-brand":[183],"product_brand":[],"product_cat":[85,336,503],"product_tag":[],"class_list":{"0":"post-35405","1":"product","2":"type-product","3":"status-publish","4":"has-post-thumbnail","6":"pwb-brand-hotone","7":"product_cat-accesorios","8":"product_cat-para-guitarras","9":"product_cat-pedales-conmutacion","10":"product_shipping_class-0-5-kg","12":"first","13":"outofstock","14":"taxable","15":"shipping-taxable","16":"purchasable","17":"product-type-simple"},"yoast_head":"<!-- This site is optimized with the Yoast SEO plugin v27.5 - https:\/\/yoast.com\/product\/yoast-seo-wordpress\/ -->\n<title>CONTROLADOR HOTONE PEDAL EC-10 CYBERY - Mexican Guitar Players<\/title>\n<meta name=\"description\" content=\"Controlador de pedales compacto, s\u00f3lida carcasa de aluminio, 4 audio loops true-bypass relay-based, control MIDI programable (env\u00eda mensajes CC y PC) para comandos de pedal, multi-efectos, aplicaciones m\u00f3viles, entre otros, m\u00f3dulo bluetooth incorporado para programaci\u00f3n y control inal\u00e1mbrico, buffer de entrada conmutable de alta calidad para prevenir la p\u00e9rdida de alta frecuencia, funci\u00f3n Mute\/Afinador con salida independiente de afinador, funci\u00f3n SW A\/B para cambio de canal de amplificador, 2 modos de switcheo: Directo, para acceso instant\u00e1neo y Pre-ajuste con 40 pre-ajustes programables para diferentes combinaciones, switcheo de bajo ruido, fuente de alimentaci\u00f3n: 9V DC.\" \/>\n<meta name=\"robots\" content=\"index, follow, max-snippet:-1, max-image-preview:large, max-video-preview:-1\" \/>\n<link rel=\"canonical\" href=\"https:\/\/www.mexicanguitarplayers.com\/en\/tienda\/sin%20categor\u00eda\/controlador-hotone-pedal-ec-10-cybery\/\" \/>\n<meta property=\"og:locale\" content=\"en_US\" \/>\n<meta property=\"og:type\" content=\"article\" \/>\n<meta property=\"og:title\" content=\"CONTROLADOR HOTONE PEDAL EC-10 CYBERY - Mexican Guitar Players\" \/>\n<meta property=\"og:description\" content=\"Controlador de pedales compacto, s\u00f3lida carcasa de aluminio, 4 audio loops true-bypass relay-based, control MIDI programable (env\u00eda mensajes CC y PC) para comandos de pedal, multi-efectos, aplicaciones m\u00f3viles, entre otros, m\u00f3dulo bluetooth incorporado para programaci\u00f3n y control inal\u00e1mbrico, buffer de entrada conmutable de alta calidad para prevenir la p\u00e9rdida de alta frecuencia, funci\u00f3n Mute\/Afinador con salida independiente de afinador, funci\u00f3n SW A\/B para cambio de canal de amplificador, 2 modos de switcheo: Directo, para acceso instant\u00e1neo y Pre-ajuste con 40 pre-ajustes programables para diferentes combinaciones, switcheo de bajo ruido, fuente de alimentaci\u00f3n: 9V DC.\" \/>\n<meta property=\"og:url\" content=\"https:\/\/www.mexicanguitarplayers.com\/en\/tienda\/sin categor\u00eda\/controlador-hotone-pedal-ec-10-cybery\/\" \/>\n<meta property=\"og:site_name\" content=\"Mexican Guitar Players\" \/>\n<meta property=\"article:modified_time\" content=\"2026-04-10T10:28:21+00:00\" \/>\n<meta name=\"twitter:card\" content=\"summary_large_image\" \/>\n<meta name=\"twitter:label1\" content=\"Est. reading time\" \/>\n\t<meta name=\"twitter:data1\" content=\"1 minute\" \/>\n<script type=\"application\/ld+json\" class=\"yoast-schema-graph\">{\"@context\":\"https:\\\/\\\/schema.org\",\"@graph\":[{\"@type\":[\"WebPage\",\"ItemPage\"],\"@id\":\"https:\\\/\\\/www.mexicanguitarplayers.com\\\/tienda\\\/sin categor\u00eda\\\/controlador-hotone-pedal-ec-10-cybery\\\/\",\"url\":\"https:\\\/\\\/www.mexicanguitarplayers.com\\\/tienda\\\/sin categor\u00eda\\\/controlador-hotone-pedal-ec-10-cybery\\\/\",\"name\":\"CONTROLADOR HOTONE PEDAL EC-10 CYBERY - Mexican Guitar Players\",\"isPartOf\":{\"@id\":\"https:\\\/\\\/www.mexicanguitarplayers.com\\\/#website\"},\"primaryImageOfPage\":{\"@id\":\"https:\\\/\\\/www.mexicanguitarplayers.com\\\/tienda\\\/sin categor\u00eda\\\/controlador-hotone-pedal-ec-10-cybery\\\/#primaryimage\"},\"image\":{\"@id\":\"https:\\\/\\\/www.mexicanguitarplayers.com\\\/tienda\\\/sin categor\u00eda\\\/controlador-hotone-pedal-ec-10-cybery\\\/#primaryimage\"},\"thumbnailUrl\":\"https:\\\/\\\/www.mexicanguitarplayers.com\\\/wp-content\\\/uploads\\\/2025\\\/04\\\/VAHOTEC10.jpg\",\"datePublished\":\"2025-04-09T04:11:21+00:00\",\"dateModified\":\"2026-04-10T10:28:21+00:00\",\"description\":\"Controlador de pedales compacto, s\u00f3lida carcasa de aluminio, 4 audio loops true-bypass relay-based, control MIDI programable (env\u00eda mensajes CC y PC) para comandos de pedal, multi-efectos, aplicaciones m\u00f3viles, entre otros, m\u00f3dulo bluetooth incorporado para programaci\u00f3n y control inal\u00e1mbrico, buffer de entrada conmutable de alta calidad para prevenir la p\u00e9rdida de alta frecuencia, funci\u00f3n Mute\\\/Afinador con salida independiente de afinador, funci\u00f3n SW A\\\/B para cambio de canal de amplificador, 2 modos de switcheo: Directo, para acceso instant\u00e1neo y Pre-ajuste con 40 pre-ajustes programables para diferentes combinaciones, switcheo de bajo ruido, fuente de alimentaci\u00f3n: 9V DC.\",\"breadcrumb\":{\"@id\":\"https:\\\/\\\/www.mexicanguitarplayers.com\\\/tienda\\\/sin categor\u00eda\\\/controlador-hotone-pedal-ec-10-cybery\\\/#breadcrumb\"},\"inLanguage\":\"en-US\",\"potentialAction\":[{\"@type\":\"ReadAction\",\"target\":[\"https:\\\/\\\/www.mexicanguitarplayers.com\\\/tienda\\\/sin categor\u00eda\\\/controlador-hotone-pedal-ec-10-cybery\\\/\"]}]},{\"@type\":\"ImageObject\",\"inLanguage\":\"en-US\",\"@id\":\"https:\\\/\\\/www.mexicanguitarplayers.com\\\/tienda\\\/sin categor\u00eda\\\/controlador-hotone-pedal-ec-10-cybery\\\/#primaryimage\",\"url\":\"https:\\\/\\\/www.mexicanguitarplayers.com\\\/wp-content\\\/uploads\\\/2025\\\/04\\\/VAHOTEC10.jpg\",\"contentUrl\":\"https:\\\/\\\/www.mexicanguitarplayers.com\\\/wp-content\\\/uploads\\\/2025\\\/04\\\/VAHOTEC10.jpg\",\"width\":1600,\"height\":800},{\"@type\":\"BreadcrumbList\",\"@id\":\"https:\\\/\\\/www.mexicanguitarplayers.com\\\/tienda\\\/sin categor\u00eda\\\/controlador-hotone-pedal-ec-10-cybery\\\/#breadcrumb\",\"itemListElement\":[{\"@type\":\"ListItem\",\"position\":1,\"name\":\"Portada\",\"item\":\"https:\\\/\\\/www.mexicanguitarplayers.com\\\/\"},{\"@type\":\"ListItem\",\"position\":2,\"name\":\"Tienda\",\"item\":\"https:\\\/\\\/www.mexicanguitarplayers.com\\\/tienda\\\/\"},{\"@type\":\"ListItem\",\"position\":3,\"name\":\"CONTROLADOR HOTONE PEDAL EC-10 CYBERY\"}]},{\"@type\":\"WebSite\",\"@id\":\"https:\\\/\\\/www.mexicanguitarplayers.com\\\/#website\",\"url\":\"https:\\\/\\\/www.mexicanguitarplayers.com\\\/\",\"name\":\"Mexican Guitar Players\",\"description\":\"Website\",\"publisher\":{\"@id\":\"https:\\\/\\\/www.mexicanguitarplayers.com\\\/#organization\"},\"potentialAction\":[{\"@type\":\"SearchAction\",\"target\":{\"@type\":\"EntryPoint\",\"urlTemplate\":\"https:\\\/\\\/www.mexicanguitarplayers.com\\\/?s={search_term_string}\"},\"query-input\":{\"@type\":\"PropertyValueSpecification\",\"valueRequired\":true,\"valueName\":\"search_term_string\"}}],\"inLanguage\":\"en-US\"},{\"@type\":\"Organization\",\"@id\":\"https:\\\/\\\/www.mexicanguitarplayers.com\\\/#organization\",\"name\":\"Mexican Guitar Players\",\"url\":\"https:\\\/\\\/www.mexicanguitarplayers.com\\\/\",\"logo\":{\"@type\":\"ImageObject\",\"inLanguage\":\"en-US\",\"@id\":\"https:\\\/\\\/www.mexicanguitarplayers.com\\\/#\\\/schema\\\/logo\\\/image\\\/\",\"url\":\"\",\"contentUrl\":\"\",\"caption\":\"Mexican Guitar Players\"},\"image\":{\"@id\":\"https:\\\/\\\/www.mexicanguitarplayers.com\\\/#\\\/schema\\\/logo\\\/image\\\/\"}}]}<\/script>\n<!-- \/ Yoast SEO plugin. -->","yoast_head_json":{"title":"CONTROLADOR HOTONE PEDAL EC-10 CYBERY - Mexican Guitar Players","description":"Controlador de pedales compacto, s\u00f3lida carcasa de aluminio, 4 audio loops true-bypass relay-based, control MIDI programable (env\u00eda mensajes CC y PC) para comandos de pedal, multi-efectos, aplicaciones m\u00f3viles, entre otros, m\u00f3dulo bluetooth incorporado para programaci\u00f3n y control inal\u00e1mbrico, buffer de entrada conmutable de alta calidad para prevenir la p\u00e9rdida de alta frecuencia, funci\u00f3n Mute\/Afinador con salida independiente de afinador, funci\u00f3n SW A\/B para cambio de canal de amplificador, 2 modos de switcheo: Directo, para acceso instant\u00e1neo y Pre-ajuste con 40 pre-ajustes programables para diferentes combinaciones, switcheo de bajo ruido, fuente de alimentaci\u00f3n: 9V DC.","robots":{"index":"index","follow":"follow","max-snippet":"max-snippet:-1","max-image-preview":"max-image-preview:large","max-video-preview":"max-video-preview:-1"},"canonical":"https:\/\/www.mexicanguitarplayers.com\/en\/tienda\/sin categor\u00eda\/controlador-hotone-pedal-ec-10-cybery\/","og_locale":"en_US","og_type":"article","og_title":"CONTROLADOR HOTONE PEDAL EC-10 CYBERY - Mexican Guitar Players","og_description":"Controlador de pedales compacto, s\u00f3lida carcasa de aluminio, 4 audio loops true-bypass relay-based, control MIDI programable (env\u00eda mensajes CC y PC) para comandos de pedal, multi-efectos, aplicaciones m\u00f3viles, entre otros, m\u00f3dulo bluetooth incorporado para programaci\u00f3n y control inal\u00e1mbrico, buffer de entrada conmutable de alta calidad para prevenir la p\u00e9rdida de alta frecuencia, funci\u00f3n Mute\/Afinador con salida independiente de afinador, funci\u00f3n SW A\/B para cambio de canal de amplificador, 2 modos de switcheo: Directo, para acceso instant\u00e1neo y Pre-ajuste con 40 pre-ajustes programables para diferentes combinaciones, switcheo de bajo ruido, fuente de alimentaci\u00f3n: 9V DC.","og_url":"https:\/\/www.mexicanguitarplayers.com\/en\/tienda\/sin categor\u00eda\/controlador-hotone-pedal-ec-10-cybery\/","og_site_name":"Mexican Guitar Players","article_modified_time":"2026-04-10T10:28:21+00:00","twitter_card":"summary_large_image","twitter_misc":{"Est. reading time":"1 minute"},"schema":{"@context":"https:\/\/schema.org","@graph":[{"@type":["WebPage","ItemPage"],"@id":"https:\/\/www.mexicanguitarplayers.com\/tienda\/sin categor\u00eda\/controlador-hotone-pedal-ec-10-cybery\/","url":"https:\/\/www.mexicanguitarplayers.com\/tienda\/sin categor\u00eda\/controlador-hotone-pedal-ec-10-cybery\/","name":"CONTROLADOR HOTONE PEDAL EC-10 CYBERY - Mexican Guitar Players","isPartOf":{"@id":"https:\/\/www.mexicanguitarplayers.com\/#website"},"primaryImageOfPage":{"@id":"https:\/\/www.mexicanguitarplayers.com\/tienda\/sin categor\u00eda\/controlador-hotone-pedal-ec-10-cybery\/#primaryimage"},"image":{"@id":"https:\/\/www.mexicanguitarplayers.com\/tienda\/sin categor\u00eda\/controlador-hotone-pedal-ec-10-cybery\/#primaryimage"},"thumbnailUrl":"https:\/\/www.mexicanguitarplayers.com\/wp-content\/uploads\/2025\/04\/VAHOTEC10.jpg","datePublished":"2025-04-09T04:11:21+00:00","dateModified":"2026-04-10T10:28:21+00:00","description":"Controlador de pedales compacto, s\u00f3lida carcasa de aluminio, 4 audio loops true-bypass relay-based, control MIDI programable (env\u00eda mensajes CC y PC) para comandos de pedal, multi-efectos, aplicaciones m\u00f3viles, entre otros, m\u00f3dulo bluetooth incorporado para programaci\u00f3n y control inal\u00e1mbrico, buffer de entrada conmutable de alta calidad para prevenir la p\u00e9rdida de alta frecuencia, funci\u00f3n Mute\/Afinador con salida independiente de afinador, funci\u00f3n SW A\/B para cambio de canal de amplificador, 2 modos de switcheo: Directo, para acceso instant\u00e1neo y Pre-ajuste con 40 pre-ajustes programables para diferentes combinaciones, switcheo de bajo ruido, fuente de alimentaci\u00f3n: 9V DC.","breadcrumb":{"@id":"https:\/\/www.mexicanguitarplayers.com\/tienda\/sin categor\u00eda\/controlador-hotone-pedal-ec-10-cybery\/#breadcrumb"},"inLanguage":"en-US","potentialAction":[{"@type":"ReadAction","target":["https:\/\/www.mexicanguitarplayers.com\/tienda\/sin categor\u00eda\/controlador-hotone-pedal-ec-10-cybery\/"]}]},{"@type":"ImageObject","inLanguage":"en-US","@id":"https:\/\/www.mexicanguitarplayers.com\/tienda\/sin categor\u00eda\/controlador-hotone-pedal-ec-10-cybery\/#primaryimage","url":"https:\/\/www.mexicanguitarplayers.com\/wp-content\/uploads\/2025\/04\/VAHOTEC10.jpg","contentUrl":"https:\/\/www.mexicanguitarplayers.com\/wp-content\/uploads\/2025\/04\/VAHOTEC10.jpg","width":1600,"height":800},{"@type":"BreadcrumbList","@id":"https:\/\/www.mexicanguitarplayers.com\/tienda\/sin categor\u00eda\/controlador-hotone-pedal-ec-10-cybery\/#breadcrumb","itemListElement":[{"@type":"ListItem","position":1,"name":"Portada","item":"https:\/\/www.mexicanguitarplayers.com\/"},{"@type":"ListItem","position":2,"name":"Tienda","item":"https:\/\/www.mexicanguitarplayers.com\/tienda\/"},{"@type":"ListItem","position":3,"name":"CONTROLADOR HOTONE PEDAL EC-10 CYBERY"}]},{"@type":"WebSite","@id":"https:\/\/www.mexicanguitarplayers.com\/#website","url":"https:\/\/www.mexicanguitarplayers.com\/","name":"Mexican Guitar Players","description":"Website","publisher":{"@id":"https:\/\/www.mexicanguitarplayers.com\/#organization"},"potentialAction":[{"@type":"SearchAction","target":{"@type":"EntryPoint","urlTemplate":"https:\/\/www.mexicanguitarplayers.com\/?s={search_term_string}"},"query-input":{"@type":"PropertyValueSpecification","valueRequired":true,"valueName":"search_term_string"}}],"inLanguage":"en-US"},{"@type":"Organization","@id":"https:\/\/www.mexicanguitarplayers.com\/#organization","name":"Mexican Guitar Players","url":"https:\/\/www.mexicanguitarplayers.com\/","logo":{"@type":"ImageObject","inLanguage":"en-US","@id":"https:\/\/www.mexicanguitarplayers.com\/#\/schema\/logo\/image\/","url":"","contentUrl":"","caption":"Mexican Guitar Players"},"image":{"@id":"https:\/\/www.mexicanguitarplayers.com\/#\/schema\/logo\/image\/"}}]}},"brands":[{"id":183,"name":"HOTONE","slug":"hotone"}],"_links":{"self":[{"href":"https:\/\/www.mexicanguitarplayers.com\/en\/wp-json\/wp\/v2\/product\/35405","targetHints":{"allow":["GET"]}}],"collection":[{"href":"https:\/\/www.mexicanguitarplayers.com\/en\/wp-json\/wp\/v2\/product"}],"about":[{"href":"https:\/\/www.mexicanguitarplayers.com\/en\/wp-json\/wp\/v2\/types\/product"}],"replies":[{"embeddable":true,"href":"https:\/\/www.mexicanguitarplayers.com\/en\/wp-json\/wp\/v2\/comments?post=35405"}],"wp:featuredmedia":[{"embeddable":true,"href":"https:\/\/www.mexicanguitarplayers.com\/en\/wp-json\/wp\/v2\/media\/35403"}],"wp:attachment":[{"href":"https:\/\/www.mexicanguitarplayers.com\/en\/wp-json\/wp\/v2\/media?parent=35405"}],"wp:term":[{"taxonomy":"pwb-brand","embeddable":true,"href":"https:\/\/www.mexicanguitarplayers.com\/en\/wp-json\/wp\/v2\/pwb-brand?post=35405"},{"taxonomy":"product_brand","embeddable":true,"href":"https:\/\/www.mexicanguitarplayers.com\/en\/wp-json\/wp\/v2\/product_brand?post=35405"},{"taxonomy":"product_cat","embeddable":true,"href":"https:\/\/www.mexicanguitarplayers.com\/en\/wp-json\/wp\/v2\/product_cat?post=35405"},{"taxonomy":"product_tag","embeddable":true,"href":"https:\/\/www.mexicanguitarplayers.com\/en\/wp-json\/wp\/v2\/product_tag?post=35405"}],"curies":[{"name":"wp","href":"https:\/\/api.w.org\/{rel}","templated":true}]}}