{"id":35428,"date":"2025-04-08T22:11:53","date_gmt":"2025-04-09T04:11:53","guid":{"rendered":"https:\/\/www.mexicanguitarplayers.com\/tienda\/sin categor\u00eda\/interfaz-reloop-usb-c-mod-flux\/"},"modified":"2026-01-01T13:31:03","modified_gmt":"2026-01-01T19:31:03","slug":"interfaz-reloop-usb-c-mod-flux","status":"publish","type":"product","link":"https:\/\/www.mexicanguitarplayers.com\/en\/tienda\/audio\/interfaces\/interfaz-reloop-usb-c-mod-flux\/","title":{"rendered":"INTERFAZ RELOOP USB-C MOD. FLUX"},"content":{"rendered":"<div style=\"text-align: justify\">\n<div>\n<h3>FLUX 6X6 IN\/OUT USB-C DVS INTERFACE FOR SERATO DJ PRO<\/h3>\n<\/div>\n<div>Reloop Flux es una interfaz USB-C de pr\u00f3xima generaci\u00f3n para usar Serato DJ Pro con tocadiscos, CDJ u otros reproductores multimedia. La interfaz cuenta con calidades de audio superiores, un concepto operativo bien dise\u00f1ado y un dise\u00f1o listo para el club. Puede transformar cualquier mesa de mezclas convencional en un sistema de vinilo digital profesional.<\/div>\n<div>\n<h4>Characteristics<\/h4>\n<\/div>\n<div>\n<ul style=\"margin: 0px 0px 0px 25px\">\n<li style=\"list-style-type: circle;margin: 5px\">Fuerza:<\/li>\n<li style=\"list-style-type: circle;margin: 5px\">Audio:<\/li>\n<li style=\"list-style-type: circle;margin: 5px\">Ganancia m\u00e1xima<\/li>\n<li style=\"list-style-type: circle;margin: 5px\">USB:<\/li>\n<li style=\"list-style-type: circle;margin: 5px\">General:<\/li>\n<li style=\"list-style-type: circle;margin: 5px\">Accesorios:<\/li>\n<\/ul>\n<\/div>\n<\/div>","protected":false},"excerpt":{"rendered":"<p>Interfaz USB-C DVS de 3 canales (6&#215;6 entradas\/salidas) para Serato DJ Pro.Convierta cualquier mesa de mezclas en un sistema de vinilo digital profesionalDesbloquea la versi\u00f3n completa de Serato DJ Pro y Serato DVSTarjeta de sonido de 24 bits de calidad de estudio con audio n\u00edtido y respuesta de latencia ultrabajaAdmite hasta 96 kHz con convertidores D\/A de alta calidad para un procesamiento de audio superiorTambi\u00e9n funciona como una interfaz de estudio independiente para grabar y reproducir audioEntradas 3x para tocadiscos, reproductores de CD o AUX-In para se\u00f1al de transmisi\u00f3n en vivo, conmutable en cualquier combinaci\u00f3n a trav\u00e9s de interruptores DIP dedicadosTerminal GND dedicado para conectar giradiscos a tierraConexiones de audio chapadas en oro resistentes a la corrosi\u00f3n3 salidas de l\u00ednea, incluida AUX-Out, asignables al SamplerBotones directos f\u00e1ciles y accesibles para la reproducci\u00f3n de decks anal\u00f3gicosTodos los terminales son visibles desde la parte superior de la unidad para una f\u00e1cil instalaci\u00f3n en entornos oscurosConexi\u00f3n de cable alimentado por bus para alimentaci\u00f3n y audioPuerto de entrada de CC USB-C opcional para fuente de alimentaci\u00f3n externaCompatibilidad con suministro de energ\u00eda para dispositivos USB-C (m\u00e1x. 60 W)LED de flujo de se\u00f1al para todas las entradas y salidas (L\/R) y a trav\u00e9s de la indicaci\u00f3n para una visibilidad claraLED de alimentaci\u00f3n en el panel superior para el estado de la conexi\u00f3n (Hub, PD, DC)Concentrador USB-A de 2 puertos para conectar m\u00e1s accesoriosCarcasa de metal resistente y resistente con un acabado negro resistente a los rayones para mayor durabilidad en la carretera y confiabilidad en el clubDise\u00f1o de borde extendido muy robusto para proteger los terminales de conexi\u00f3nAdmite el uso de vinilo de control Serato NoiseMap\u2122 (no incluido) o archivo WAV de se\u00f1al de control personalizado para usar a trav\u00e9s de CD o unidad USB (descarga disponible) sin necesidad de comprar una licencia adicionalVolumen de entrega: 2 cables de audio RCA, 1 USB-A a USB-C, 1 USB-C a USB-C, manual de usuario&hellip; <a class=\"kt-excerpt-readmore more-link\" href=\"https:\/\/www.mexicanguitarplayers.com\/en\/tienda\/audio\/interfaces\/interfaz-reloop-usb-c-mod-flux\/\">Read more<\/a><\/p>","protected":false},"featured_media":35422,"comment_status":"open","ping_status":"closed","template":"","meta":{"kt_blocks_editor_width":""},"pwb-brand":[496],"product_brand":[],"product_cat":[213,233],"product_tag":[],"class_list":{"0":"post-35428","1":"product","2":"type-product","3":"status-publish","4":"has-post-thumbnail","6":"pwb-brand-reloop","7":"product_cat-audio","8":"product_cat-interfaces","9":"product_shipping_class-0-5-kg","11":"first","12":"instock","13":"taxable","14":"shipping-taxable","15":"purchasable","16":"product-type-simple"},"yoast_head":"<!-- This site is optimized with the Yoast SEO plugin v27.3 - https:\/\/yoast.com\/product\/yoast-seo-wordpress\/ -->\n<title>INTERFAZ RELOOP USB-C MOD. FLUX - Mexican Guitar Players<\/title>\n<meta name=\"description\" content=\"Interfaz USB-C DVS de 3 canales (6x6 entradas\/salidas) para Serato DJ Pro.Convierta cualquier mesa de mezclas en un sistema de vinilo digital profesionalDesbloquea la versi\u00f3n completa de Serato DJ Pro y Serato DVSTarjeta de sonido de 24 bits de calidad de estudio con audio n\u00edtido y respuesta de latencia ultrabajaAdmite hasta 96 kHz con convertidores D\/A de alta calidad para un procesamiento de audio superiorTambi\u00e9n funciona como una interfaz de estudio independiente para grabar y reproducir audioEntradas 3x para tocadiscos, reproductores de CD o AUX-In para se\u00f1al de transmisi\u00f3n en vivo, conmutable en cualquier combinaci\u00f3n a trav\u00e9s de interruptores DIP dedicadosTerminal GND dedicado para conectar giradiscos a tierraConexiones de audio chapadas en oro resistentes a la corrosi\u00f3n3 salidas de l\u00ednea, incluida AUX-Out, asignables al SamplerBotones directos f\u00e1ciles y accesibles para la reproducci\u00f3n de decks anal\u00f3gicosTodos los terminales son visibles desde la parte superior de la unidad para una f\u00e1cil instalaci\u00f3n en entornos oscurosConexi\u00f3n de cable alimentado por bus para alimentaci\u00f3n y audioPuerto de entrada de CC USB-C opcional para fuente de alimentaci\u00f3n externaCompatibilidad con suministro de energ\u00eda para dispositivos USB-C (m\u00e1x. 60 W)LED de flujo de se\u00f1al para todas las entradas y salidas (L\/R) y a trav\u00e9s de la indicaci\u00f3n para una visibilidad claraLED de alimentaci\u00f3n en el panel superior para el estado de la conexi\u00f3n (Hub, PD, DC)Concentrador USB-A de 2 puertos para conectar m\u00e1s accesoriosCarcasa de metal resistente y resistente con un acabado negro resistente a los rayones para mayor durabilidad en la carretera y confiabilidad en el clubDise\u00f1o de borde extendido muy robusto para proteger los terminales de conexi\u00f3nAdmite el uso de vinilo de control Serato NoiseMap\u2122 (no incluido) o archivo WAV de se\u00f1al de control personalizado para usar a trav\u00e9s de CD o unidad USB (descarga disponible) sin necesidad de comprar una licencia adicionalVolumen de entrega: 2 cables de audio RCA, 1 USB-A a USB-C, 1 USB-C a USB-C, manual de usuario\" \/>\n<meta name=\"robots\" content=\"index, follow, max-snippet:-1, max-image-preview:large, max-video-preview:-1\" \/>\n<link rel=\"canonical\" href=\"https:\/\/www.mexicanguitarplayers.com\/en\/tienda\/sin%20categor\u00eda\/interfaz-reloop-usb-c-mod-flux\/\" \/>\n<meta property=\"og:locale\" content=\"en_US\" \/>\n<meta property=\"og:type\" content=\"article\" \/>\n<meta property=\"og:title\" content=\"INTERFAZ RELOOP USB-C MOD. FLUX - Mexican Guitar Players\" \/>\n<meta property=\"og:description\" content=\"Interfaz USB-C DVS de 3 canales (6x6 entradas\/salidas) para Serato DJ Pro.Convierta cualquier mesa de mezclas en un sistema de vinilo digital profesionalDesbloquea la versi\u00f3n completa de Serato DJ Pro y Serato DVSTarjeta de sonido de 24 bits de calidad de estudio con audio n\u00edtido y respuesta de latencia ultrabajaAdmite hasta 96 kHz con convertidores D\/A de alta calidad para un procesamiento de audio superiorTambi\u00e9n funciona como una interfaz de estudio independiente para grabar y reproducir audioEntradas 3x para tocadiscos, reproductores de CD o AUX-In para se\u00f1al de transmisi\u00f3n en vivo, conmutable en cualquier combinaci\u00f3n a trav\u00e9s de interruptores DIP dedicadosTerminal GND dedicado para conectar giradiscos a tierraConexiones de audio chapadas en oro resistentes a la corrosi\u00f3n3 salidas de l\u00ednea, incluida AUX-Out, asignables al SamplerBotones directos f\u00e1ciles y accesibles para la reproducci\u00f3n de decks anal\u00f3gicosTodos los terminales son visibles desde la parte superior de la unidad para una f\u00e1cil instalaci\u00f3n en entornos oscurosConexi\u00f3n de cable alimentado por bus para alimentaci\u00f3n y audioPuerto de entrada de CC USB-C opcional para fuente de alimentaci\u00f3n externaCompatibilidad con suministro de energ\u00eda para dispositivos USB-C (m\u00e1x. 60 W)LED de flujo de se\u00f1al para todas las entradas y salidas (L\/R) y a trav\u00e9s de la indicaci\u00f3n para una visibilidad claraLED de alimentaci\u00f3n en el panel superior para el estado de la conexi\u00f3n (Hub, PD, DC)Concentrador USB-A de 2 puertos para conectar m\u00e1s accesoriosCarcasa de metal resistente y resistente con un acabado negro resistente a los rayones para mayor durabilidad en la carretera y confiabilidad en el clubDise\u00f1o de borde extendido muy robusto para proteger los terminales de conexi\u00f3nAdmite el uso de vinilo de control Serato NoiseMap\u2122 (no incluido) o archivo WAV de se\u00f1al de control personalizado para usar a trav\u00e9s de CD o unidad USB (descarga disponible) sin necesidad de comprar una licencia adicionalVolumen de entrega: 2 cables de audio RCA, 1 USB-A a USB-C, 1 USB-C a USB-C, manual de usuario\" \/>\n<meta property=\"og:url\" content=\"https:\/\/www.mexicanguitarplayers.com\/en\/tienda\/sin categor\u00eda\/interfaz-reloop-usb-c-mod-flux\/\" \/>\n<meta property=\"og:site_name\" content=\"Mexican Guitar Players\" \/>\n<meta property=\"article:modified_time\" content=\"2026-01-01T19:31:03+00:00\" \/>\n<meta name=\"twitter:card\" content=\"summary_large_image\" \/>\n<script type=\"application\/ld+json\" class=\"yoast-schema-graph\">{\"@context\":\"https:\\\/\\\/schema.org\",\"@graph\":[{\"@type\":[\"WebPage\",\"ItemPage\"],\"@id\":\"https:\\\/\\\/www.mexicanguitarplayers.com\\\/tienda\\\/sin categor\u00eda\\\/interfaz-reloop-usb-c-mod-flux\\\/\",\"url\":\"https:\\\/\\\/www.mexicanguitarplayers.com\\\/tienda\\\/sin categor\u00eda\\\/interfaz-reloop-usb-c-mod-flux\\\/\",\"name\":\"INTERFAZ RELOOP USB-C MOD. FLUX - Mexican Guitar Players\",\"isPartOf\":{\"@id\":\"https:\\\/\\\/www.mexicanguitarplayers.com\\\/#website\"},\"primaryImageOfPage\":{\"@id\":\"https:\\\/\\\/www.mexicanguitarplayers.com\\\/tienda\\\/sin categor\u00eda\\\/interfaz-reloop-usb-c-mod-flux\\\/#primaryimage\"},\"image\":{\"@id\":\"https:\\\/\\\/www.mexicanguitarplayers.com\\\/tienda\\\/sin categor\u00eda\\\/interfaz-reloop-usb-c-mod-flux\\\/#primaryimage\"},\"thumbnailUrl\":\"https:\\\/\\\/www.mexicanguitarplayers.com\\\/wp-content\\\/uploads\\\/2025\\\/04\\\/IARELFLUX.jpg\",\"datePublished\":\"2025-04-09T04:11:53+00:00\",\"dateModified\":\"2026-01-01T19:31:03+00:00\",\"description\":\"Interfaz USB-C DVS de 3 canales (6x6 entradas\\\/salidas) para Serato DJ Pro.Convierta cualquier mesa de mezclas en un sistema de vinilo digital profesionalDesbloquea la versi\u00f3n completa de Serato DJ Pro y Serato DVSTarjeta de sonido de 24 bits de calidad de estudio con audio n\u00edtido y respuesta de latencia ultrabajaAdmite hasta 96 kHz con convertidores D\\\/A de alta calidad para un procesamiento de audio superiorTambi\u00e9n funciona como una interfaz de estudio independiente para grabar y reproducir audioEntradas 3x para tocadiscos, reproductores de CD o AUX-In para se\u00f1al de transmisi\u00f3n en vivo, conmutable en cualquier combinaci\u00f3n a trav\u00e9s de interruptores DIP dedicadosTerminal GND dedicado para conectar giradiscos a tierraConexiones de audio chapadas en oro resistentes a la corrosi\u00f3n3 salidas de l\u00ednea, incluida AUX-Out, asignables al SamplerBotones directos f\u00e1ciles y accesibles para la reproducci\u00f3n de decks anal\u00f3gicosTodos los terminales son visibles desde la parte superior de la unidad para una f\u00e1cil instalaci\u00f3n en entornos oscurosConexi\u00f3n de cable alimentado por bus para alimentaci\u00f3n y audioPuerto de entrada de CC USB-C opcional para fuente de alimentaci\u00f3n externaCompatibilidad con suministro de energ\u00eda para dispositivos USB-C (m\u00e1x. 60 W)LED de flujo de se\u00f1al para todas las entradas y salidas (L\\\/R) y a trav\u00e9s de la indicaci\u00f3n para una visibilidad claraLED de alimentaci\u00f3n en el panel superior para el estado de la conexi\u00f3n (Hub, PD, DC)Concentrador USB-A de 2 puertos para conectar m\u00e1s accesoriosCarcasa de metal resistente y resistente con un acabado negro resistente a los rayones para mayor durabilidad en la carretera y confiabilidad en el clubDise\u00f1o de borde extendido muy robusto para proteger los terminales de conexi\u00f3nAdmite el uso de vinilo de control Serato NoiseMap\u2122 (no incluido) o archivo WAV de se\u00f1al de control personalizado para usar a trav\u00e9s de CD o unidad USB (descarga disponible) sin necesidad de comprar una licencia adicionalVolumen de entrega: 2 cables de audio RCA, 1 USB-A a USB-C, 1 USB-C a USB-C, manual de usuario\",\"breadcrumb\":{\"@id\":\"https:\\\/\\\/www.mexicanguitarplayers.com\\\/tienda\\\/sin categor\u00eda\\\/interfaz-reloop-usb-c-mod-flux\\\/#breadcrumb\"},\"inLanguage\":\"en-US\",\"potentialAction\":[{\"@type\":\"ReadAction\",\"target\":[\"https:\\\/\\\/www.mexicanguitarplayers.com\\\/tienda\\\/sin categor\u00eda\\\/interfaz-reloop-usb-c-mod-flux\\\/\"]}]},{\"@type\":\"ImageObject\",\"inLanguage\":\"en-US\",\"@id\":\"https:\\\/\\\/www.mexicanguitarplayers.com\\\/tienda\\\/sin categor\u00eda\\\/interfaz-reloop-usb-c-mod-flux\\\/#primaryimage\",\"url\":\"https:\\\/\\\/www.mexicanguitarplayers.com\\\/wp-content\\\/uploads\\\/2025\\\/04\\\/IARELFLUX.jpg\",\"contentUrl\":\"https:\\\/\\\/www.mexicanguitarplayers.com\\\/wp-content\\\/uploads\\\/2025\\\/04\\\/IARELFLUX.jpg\",\"width\":1200,\"height\":1200},{\"@type\":\"BreadcrumbList\",\"@id\":\"https:\\\/\\\/www.mexicanguitarplayers.com\\\/tienda\\\/sin categor\u00eda\\\/interfaz-reloop-usb-c-mod-flux\\\/#breadcrumb\",\"itemListElement\":[{\"@type\":\"ListItem\",\"position\":1,\"name\":\"Portada\",\"item\":\"https:\\\/\\\/www.mexicanguitarplayers.com\\\/\"},{\"@type\":\"ListItem\",\"position\":2,\"name\":\"Tienda\",\"item\":\"https:\\\/\\\/www.mexicanguitarplayers.com\\\/tienda\\\/\"},{\"@type\":\"ListItem\",\"position\":3,\"name\":\"INTERFAZ RELOOP USB-C MOD. FLUX\"}]},{\"@type\":\"WebSite\",\"@id\":\"https:\\\/\\\/www.mexicanguitarplayers.com\\\/#website\",\"url\":\"https:\\\/\\\/www.mexicanguitarplayers.com\\\/\",\"name\":\"Mexican Guitar Players\",\"description\":\"Website\",\"publisher\":{\"@id\":\"https:\\\/\\\/www.mexicanguitarplayers.com\\\/#organization\"},\"potentialAction\":[{\"@type\":\"SearchAction\",\"target\":{\"@type\":\"EntryPoint\",\"urlTemplate\":\"https:\\\/\\\/www.mexicanguitarplayers.com\\\/?s={search_term_string}\"},\"query-input\":{\"@type\":\"PropertyValueSpecification\",\"valueRequired\":true,\"valueName\":\"search_term_string\"}}],\"inLanguage\":\"en-US\"},{\"@type\":\"Organization\",\"@id\":\"https:\\\/\\\/www.mexicanguitarplayers.com\\\/#organization\",\"name\":\"Mexican Guitar Players\",\"url\":\"https:\\\/\\\/www.mexicanguitarplayers.com\\\/\",\"logo\":{\"@type\":\"ImageObject\",\"inLanguage\":\"en-US\",\"@id\":\"https:\\\/\\\/www.mexicanguitarplayers.com\\\/#\\\/schema\\\/logo\\\/image\\\/\",\"url\":\"\",\"contentUrl\":\"\",\"caption\":\"Mexican Guitar Players\"},\"image\":{\"@id\":\"https:\\\/\\\/www.mexicanguitarplayers.com\\\/#\\\/schema\\\/logo\\\/image\\\/\"}}]}<\/script>\n<!-- \/ Yoast SEO plugin. -->","yoast_head_json":{"title":"INTERFAZ RELOOP USB-C MOD. FLUX - Mexican Guitar Players","description":"Interfaz USB-C DVS de 3 canales (6x6 entradas\/salidas) para Serato DJ Pro.Convierta cualquier mesa de mezclas en un sistema de vinilo digital profesionalDesbloquea la versi\u00f3n completa de Serato DJ Pro y Serato DVSTarjeta de sonido de 24 bits de calidad de estudio con audio n\u00edtido y respuesta de latencia ultrabajaAdmite hasta 96 kHz con convertidores D\/A de alta calidad para un procesamiento de audio superiorTambi\u00e9n funciona como una interfaz de estudio independiente para grabar y reproducir audioEntradas 3x para tocadiscos, reproductores de CD o AUX-In para se\u00f1al de transmisi\u00f3n en vivo, conmutable en cualquier combinaci\u00f3n a trav\u00e9s de interruptores DIP dedicadosTerminal GND dedicado para conectar giradiscos a tierraConexiones de audio chapadas en oro resistentes a la corrosi\u00f3n3 salidas de l\u00ednea, incluida AUX-Out, asignables al SamplerBotones directos f\u00e1ciles y accesibles para la reproducci\u00f3n de decks anal\u00f3gicosTodos los terminales son visibles desde la parte superior de la unidad para una f\u00e1cil instalaci\u00f3n en entornos oscurosConexi\u00f3n de cable alimentado por bus para alimentaci\u00f3n y audioPuerto de entrada de CC USB-C opcional para fuente de alimentaci\u00f3n externaCompatibilidad con suministro de energ\u00eda para dispositivos USB-C (m\u00e1x. 60 W)LED de flujo de se\u00f1al para todas las entradas y salidas (L\/R) y a trav\u00e9s de la indicaci\u00f3n para una visibilidad claraLED de alimentaci\u00f3n en el panel superior para el estado de la conexi\u00f3n (Hub, PD, DC)Concentrador USB-A de 2 puertos para conectar m\u00e1s accesoriosCarcasa de metal resistente y resistente con un acabado negro resistente a los rayones para mayor durabilidad en la carretera y confiabilidad en el clubDise\u00f1o de borde extendido muy robusto para proteger los terminales de conexi\u00f3nAdmite el uso de vinilo de control Serato NoiseMap\u2122 (no incluido) o archivo WAV de se\u00f1al de control personalizado para usar a trav\u00e9s de CD o unidad USB (descarga disponible) sin necesidad de comprar una licencia adicionalVolumen de entrega: 2 cables de audio RCA, 1 USB-A a USB-C, 1 USB-C a USB-C, manual de usuario","robots":{"index":"index","follow":"follow","max-snippet":"max-snippet:-1","max-image-preview":"max-image-preview:large","max-video-preview":"max-video-preview:-1"},"canonical":"https:\/\/www.mexicanguitarplayers.com\/en\/tienda\/sin categor\u00eda\/interfaz-reloop-usb-c-mod-flux\/","og_locale":"en_US","og_type":"article","og_title":"INTERFAZ RELOOP USB-C MOD. FLUX - Mexican Guitar Players","og_description":"Interfaz USB-C DVS de 3 canales (6x6 entradas\/salidas) para Serato DJ Pro.Convierta cualquier mesa de mezclas en un sistema de vinilo digital profesionalDesbloquea la versi\u00f3n completa de Serato DJ Pro y Serato DVSTarjeta de sonido de 24 bits de calidad de estudio con audio n\u00edtido y respuesta de latencia ultrabajaAdmite hasta 96 kHz con convertidores D\/A de alta calidad para un procesamiento de audio superiorTambi\u00e9n funciona como una interfaz de estudio independiente para grabar y reproducir audioEntradas 3x para tocadiscos, reproductores de CD o AUX-In para se\u00f1al de transmisi\u00f3n en vivo, conmutable en cualquier combinaci\u00f3n a trav\u00e9s de interruptores DIP dedicadosTerminal GND dedicado para conectar giradiscos a tierraConexiones de audio chapadas en oro resistentes a la corrosi\u00f3n3 salidas de l\u00ednea, incluida AUX-Out, asignables al SamplerBotones directos f\u00e1ciles y accesibles para la reproducci\u00f3n de decks anal\u00f3gicosTodos los terminales son visibles desde la parte superior de la unidad para una f\u00e1cil instalaci\u00f3n en entornos oscurosConexi\u00f3n de cable alimentado por bus para alimentaci\u00f3n y audioPuerto de entrada de CC USB-C opcional para fuente de alimentaci\u00f3n externaCompatibilidad con suministro de energ\u00eda para dispositivos USB-C (m\u00e1x. 60 W)LED de flujo de se\u00f1al para todas las entradas y salidas (L\/R) y a trav\u00e9s de la indicaci\u00f3n para una visibilidad claraLED de alimentaci\u00f3n en el panel superior para el estado de la conexi\u00f3n (Hub, PD, DC)Concentrador USB-A de 2 puertos para conectar m\u00e1s accesoriosCarcasa de metal resistente y resistente con un acabado negro resistente a los rayones para mayor durabilidad en la carretera y confiabilidad en el clubDise\u00f1o de borde extendido muy robusto para proteger los terminales de conexi\u00f3nAdmite el uso de vinilo de control Serato NoiseMap\u2122 (no incluido) o archivo WAV de se\u00f1al de control personalizado para usar a trav\u00e9s de CD o unidad USB (descarga disponible) sin necesidad de comprar una licencia adicionalVolumen de entrega: 2 cables de audio RCA, 1 USB-A a USB-C, 1 USB-C a USB-C, manual de usuario","og_url":"https:\/\/www.mexicanguitarplayers.com\/en\/tienda\/sin categor\u00eda\/interfaz-reloop-usb-c-mod-flux\/","og_site_name":"Mexican Guitar Players","article_modified_time":"2026-01-01T19:31:03+00:00","twitter_card":"summary_large_image","schema":{"@context":"https:\/\/schema.org","@graph":[{"@type":["WebPage","ItemPage"],"@id":"https:\/\/www.mexicanguitarplayers.com\/tienda\/sin categor\u00eda\/interfaz-reloop-usb-c-mod-flux\/","url":"https:\/\/www.mexicanguitarplayers.com\/tienda\/sin categor\u00eda\/interfaz-reloop-usb-c-mod-flux\/","name":"INTERFAZ RELOOP USB-C MOD. FLUX - Mexican Guitar Players","isPartOf":{"@id":"https:\/\/www.mexicanguitarplayers.com\/#website"},"primaryImageOfPage":{"@id":"https:\/\/www.mexicanguitarplayers.com\/tienda\/sin categor\u00eda\/interfaz-reloop-usb-c-mod-flux\/#primaryimage"},"image":{"@id":"https:\/\/www.mexicanguitarplayers.com\/tienda\/sin categor\u00eda\/interfaz-reloop-usb-c-mod-flux\/#primaryimage"},"thumbnailUrl":"https:\/\/www.mexicanguitarplayers.com\/wp-content\/uploads\/2025\/04\/IARELFLUX.jpg","datePublished":"2025-04-09T04:11:53+00:00","dateModified":"2026-01-01T19:31:03+00:00","description":"Interfaz USB-C DVS de 3 canales (6x6 entradas\/salidas) para Serato DJ Pro.Convierta cualquier mesa de mezclas en un sistema de vinilo digital profesionalDesbloquea la versi\u00f3n completa de Serato DJ Pro y Serato DVSTarjeta de sonido de 24 bits de calidad de estudio con audio n\u00edtido y respuesta de latencia ultrabajaAdmite hasta 96 kHz con convertidores D\/A de alta calidad para un procesamiento de audio superiorTambi\u00e9n funciona como una interfaz de estudio independiente para grabar y reproducir audioEntradas 3x para tocadiscos, reproductores de CD o AUX-In para se\u00f1al de transmisi\u00f3n en vivo, conmutable en cualquier combinaci\u00f3n a trav\u00e9s de interruptores DIP dedicadosTerminal GND dedicado para conectar giradiscos a tierraConexiones de audio chapadas en oro resistentes a la corrosi\u00f3n3 salidas de l\u00ednea, incluida AUX-Out, asignables al SamplerBotones directos f\u00e1ciles y accesibles para la reproducci\u00f3n de decks anal\u00f3gicosTodos los terminales son visibles desde la parte superior de la unidad para una f\u00e1cil instalaci\u00f3n en entornos oscurosConexi\u00f3n de cable alimentado por bus para alimentaci\u00f3n y audioPuerto de entrada de CC USB-C opcional para fuente de alimentaci\u00f3n externaCompatibilidad con suministro de energ\u00eda para dispositivos USB-C (m\u00e1x. 60 W)LED de flujo de se\u00f1al para todas las entradas y salidas (L\/R) y a trav\u00e9s de la indicaci\u00f3n para una visibilidad claraLED de alimentaci\u00f3n en el panel superior para el estado de la conexi\u00f3n (Hub, PD, DC)Concentrador USB-A de 2 puertos para conectar m\u00e1s accesoriosCarcasa de metal resistente y resistente con un acabado negro resistente a los rayones para mayor durabilidad en la carretera y confiabilidad en el clubDise\u00f1o de borde extendido muy robusto para proteger los terminales de conexi\u00f3nAdmite el uso de vinilo de control Serato NoiseMap\u2122 (no incluido) o archivo WAV de se\u00f1al de control personalizado para usar a trav\u00e9s de CD o unidad USB (descarga disponible) sin necesidad de comprar una licencia adicionalVolumen de entrega: 2 cables de audio RCA, 1 USB-A a USB-C, 1 USB-C a USB-C, manual de usuario","breadcrumb":{"@id":"https:\/\/www.mexicanguitarplayers.com\/tienda\/sin categor\u00eda\/interfaz-reloop-usb-c-mod-flux\/#breadcrumb"},"inLanguage":"en-US","potentialAction":[{"@type":"ReadAction","target":["https:\/\/www.mexicanguitarplayers.com\/tienda\/sin categor\u00eda\/interfaz-reloop-usb-c-mod-flux\/"]}]},{"@type":"ImageObject","inLanguage":"en-US","@id":"https:\/\/www.mexicanguitarplayers.com\/tienda\/sin categor\u00eda\/interfaz-reloop-usb-c-mod-flux\/#primaryimage","url":"https:\/\/www.mexicanguitarplayers.com\/wp-content\/uploads\/2025\/04\/IARELFLUX.jpg","contentUrl":"https:\/\/www.mexicanguitarplayers.com\/wp-content\/uploads\/2025\/04\/IARELFLUX.jpg","width":1200,"height":1200},{"@type":"BreadcrumbList","@id":"https:\/\/www.mexicanguitarplayers.com\/tienda\/sin categor\u00eda\/interfaz-reloop-usb-c-mod-flux\/#breadcrumb","itemListElement":[{"@type":"ListItem","position":1,"name":"Portada","item":"https:\/\/www.mexicanguitarplayers.com\/"},{"@type":"ListItem","position":2,"name":"Tienda","item":"https:\/\/www.mexicanguitarplayers.com\/tienda\/"},{"@type":"ListItem","position":3,"name":"INTERFAZ RELOOP USB-C MOD. FLUX"}]},{"@type":"WebSite","@id":"https:\/\/www.mexicanguitarplayers.com\/#website","url":"https:\/\/www.mexicanguitarplayers.com\/","name":"Mexican Guitar Players","description":"Website","publisher":{"@id":"https:\/\/www.mexicanguitarplayers.com\/#organization"},"potentialAction":[{"@type":"SearchAction","target":{"@type":"EntryPoint","urlTemplate":"https:\/\/www.mexicanguitarplayers.com\/?s={search_term_string}"},"query-input":{"@type":"PropertyValueSpecification","valueRequired":true,"valueName":"search_term_string"}}],"inLanguage":"en-US"},{"@type":"Organization","@id":"https:\/\/www.mexicanguitarplayers.com\/#organization","name":"Mexican Guitar Players","url":"https:\/\/www.mexicanguitarplayers.com\/","logo":{"@type":"ImageObject","inLanguage":"en-US","@id":"https:\/\/www.mexicanguitarplayers.com\/#\/schema\/logo\/image\/","url":"","contentUrl":"","caption":"Mexican Guitar Players"},"image":{"@id":"https:\/\/www.mexicanguitarplayers.com\/#\/schema\/logo\/image\/"}}]}},"brands":[{"id":496,"name":"RELOOP","slug":"reloop"}],"_links":{"self":[{"href":"https:\/\/www.mexicanguitarplayers.com\/en\/wp-json\/wp\/v2\/product\/35428","targetHints":{"allow":["GET"]}}],"collection":[{"href":"https:\/\/www.mexicanguitarplayers.com\/en\/wp-json\/wp\/v2\/product"}],"about":[{"href":"https:\/\/www.mexicanguitarplayers.com\/en\/wp-json\/wp\/v2\/types\/product"}],"replies":[{"embeddable":true,"href":"https:\/\/www.mexicanguitarplayers.com\/en\/wp-json\/wp\/v2\/comments?post=35428"}],"wp:featuredmedia":[{"embeddable":true,"href":"https:\/\/www.mexicanguitarplayers.com\/en\/wp-json\/wp\/v2\/media\/35422"}],"wp:attachment":[{"href":"https:\/\/www.mexicanguitarplayers.com\/en\/wp-json\/wp\/v2\/media?parent=35428"}],"wp:term":[{"taxonomy":"pwb-brand","embeddable":true,"href":"https:\/\/www.mexicanguitarplayers.com\/en\/wp-json\/wp\/v2\/pwb-brand?post=35428"},{"taxonomy":"product_brand","embeddable":true,"href":"https:\/\/www.mexicanguitarplayers.com\/en\/wp-json\/wp\/v2\/product_brand?post=35428"},{"taxonomy":"product_cat","embeddable":true,"href":"https:\/\/www.mexicanguitarplayers.com\/en\/wp-json\/wp\/v2\/product_cat?post=35428"},{"taxonomy":"product_tag","embeddable":true,"href":"https:\/\/www.mexicanguitarplayers.com\/en\/wp-json\/wp\/v2\/product_tag?post=35428"}],"curies":[{"name":"wp","href":"https:\/\/api.w.org\/{rel}","templated":true}]}}