{"id":35430,"date":"2025-04-08T22:11:55","date_gmt":"2025-04-09T04:11:55","guid":{"rendered":"https:\/\/www.mexicanguitarplayers.com\/tienda\/sin categor\u00eda\/crossover-beyma-pasivo-mod-fd-350\/"},"modified":"2026-05-01T07:21:15","modified_gmt":"2026-05-01T13:21:15","slug":"crossover-beyma-pasivo-mod-fd-350","status":"publish","type":"product","link":"https:\/\/www.mexicanguitarplayers.com\/en\/tienda\/audio\/bafles-y-bocinas\/bocinas-y-componentes\/refacciones-y-componentes\/crossover-beyma-pasivo-mod-fd-350\/","title":{"rendered":"CROSSOVER BEYMA PASIVO MOD. FD-350"},"content":{"rendered":"<div style=\"text-align: justify\">\n<div>\n<h3>Los mejores accesorios para audio.<\/h3>\n<\/div>\n<div>Este filtro de 3 v\u00edas ha sido dise\u00f1ado para proporcionar unas frecuencias de transici\u00f3n \u00f3ptimas, con unas pendientes de corte de 12 dB\/octava, y una potencia admisible superior a 500 W RMS. Se ha buscado una gran polivalencia, de manera que el usuario pueda contemplar posibles alternativas en sus dise\u00f1os de sistemas ac\u00fasticos, siendo factible combinaciones de altavoces o atenuaciones y ecualizaciones de forma muy sencilla y r\u00e1pida. En baja frecuencia, la impedancia de carga puede ser 8 o 4 ohms, sin que se vean afectadas la frecuencia de corte, la pendiente de atenuaci\u00f3n o la potencia admisible, etc. Esta soluci\u00f3n es id\u00f3nea cuando se quiere utilizar m\u00e1s de un altavoz en esta zona de trabajo, sin tener que recurrir a impedancias poco corrientes (16 ohms, 4 ohms) o cuando se quiera obtener la m\u00e1xima potencia de salida del amplificador, utilizando una impedancia de salida baja. En las v\u00edas de medias y altas frecuencias, existen varias opciones de atenuaci\u00f3n. Es posible trabajar con una atenuaci\u00f3n nula, o al contrario, aplicar la atenuaci\u00f3n m\u00e1s apropiada en una u otra v\u00eda, o bien en ambas, dependiendo de la eficiencia de los altavoces. Adicionalmente, se puede realizar una atenuaci\u00f3n selectiva (ecualizaci\u00f3n) en la zona de medias frecuencias, lo cual es muy \u00fatil cuando se emplean sistemas con bocinas de directividad constante que suelen presentar una mayor ganancia en esta zona.<\/div>\n<div>\n<h4>Quick look<\/h4>\n<\/div>\n<ul style=\"margin: 0px 0px 0px 25px\">\n<li style=\"list-style-type: circle;margin: 5px\">Dise\u00f1ado para proporcionar unas frecuencias de transici\u00f3n \u00f3ptimas<\/li>\n<li style=\"list-style-type: circle;margin: 5px\">Frecuencias de corte.<\/li>\n<li style=\"list-style-type: circle;margin: 5px\">Capacidad.<\/li>\n<li style=\"list-style-type: circle;margin: 5px\">Impedancia Low.<\/li>\n<li style=\"list-style-type: circle;margin: 5px\">Impedancia Hi.<\/li>\n<li style=\"list-style-type: circle;margin: 5px\">Pendiente de atenuaci\u00f3n.<\/li>\n<li style=\"list-style-type: circle;margin: 5px\">Atenuaci\u00f3n HF.<\/li>\n<li style=\"list-style-type: circle;margin: 5px\">EQ.<\/li>\n<\/ul>\n<div>\n<div style=\"font-weight: bold\">Dise\u00f1ado para proporcionar unas frecuencias de transici\u00f3n \u00f3ptimas<\/div>\n<div>\n<p>Pendientes de corte de 12 dB\/octava, y una potencia admisible superior a 500 W RMS. <\/p>\n<\/div>\n<div style=\"font-weight: bold\">Frecuencias de corte.<\/div>\n<div>\n<p>2000 &#8211; 7000 Hz.<\/p>\n<\/div>\n<div style=\"font-weight: bold\">Capacidad.<\/div>\n<div>\n<p>600 Watts RMS.<\/p>\n<\/div>\n<div style=\"font-weight: bold\">Impedancia Low.<\/div>\n<div>\n<p>4 &#8211; 8 ohms.<\/p>\n<\/div>\n<div style=\"font-weight: bold\">Impedancia Hi.<\/div>\n<div>\n<p>8 ohms.<\/p>\n<\/div>\n<div style=\"font-weight: bold\">Pendiente de atenuaci\u00f3n.<\/div>\n<div>\n<p>12 dB \/ oct.<\/p>\n<\/div>\n<div style=\"font-weight: bold\">Atenuaci\u00f3n HF.<\/div>\n<div>\n<p>0, -6 dB (MF y HF)<\/p>\n<\/div>\n<div style=\"font-weight: bold\">EQ.<\/div>\n<div>\n<p>-3 dB @ 3.5 kHz.<\/p>\n<\/div>\n<\/div>\n<div>\n<h4>Characteristics<\/h4>\n<\/div>\n<div>\n<ul style=\"margin: 0px 0px 0px 25px\">\n<li style=\"list-style-type: circle;margin: 5px\">3 v\u00edas.<\/li>\n<\/ul>\n<\/div>\n<\/div>","protected":false},"excerpt":{"rendered":"<p>Crossover a 3 v\u00edas, frecuencia de cruce\/corte: 2 &#8211; 7 kHz, potencia admisible de 600 watts RMS, impedancia LF: 4 &#8211; 8 ohms, impedancia HF: 8 ohms, pendiente de atenuaci\u00f3n (PB\/PA): 12 dB\/oct, atenuaci\u00f3n AF: 0, -6 dB (MF &amp; HF), ecualizaci\u00f3n: -3 dB @ 3,5 kHz.&hellip; <a class=\"kt-excerpt-readmore more-link\" href=\"https:\/\/www.mexicanguitarplayers.com\/en\/tienda\/audio\/bafles-y-bocinas\/bocinas-y-componentes\/refacciones-y-componentes\/crossover-beyma-pasivo-mod-fd-350\/\">Read more<\/a><\/p>","protected":false},"featured_media":35429,"comment_status":"open","ping_status":"closed","template":"","meta":{"kt_blocks_editor_width":""},"pwb-brand":[477],"product_brand":[],"product_cat":[213,221,474,475],"product_tag":[],"class_list":{"0":"post-35430","1":"product","2":"type-product","3":"status-publish","4":"has-post-thumbnail","6":"pwb-brand-beyma","7":"product_cat-audio","8":"product_cat-bafles-y-bocinas","9":"product_cat-bocinas-y-componentes","10":"product_cat-refacciones-y-componentes","11":"product_shipping_class-0-5-kg","13":"first","14":"instock","15":"taxable","16":"shipping-taxable","17":"purchasable","18":"product-type-simple"},"yoast_head":"<!-- This site is optimized with the Yoast SEO plugin v27.5 - https:\/\/yoast.com\/product\/yoast-seo-wordpress\/ -->\n<title>CROSSOVER BEYMA PASIVO MOD. FD-350 - Mexican Guitar Players<\/title>\n<meta name=\"description\" content=\"Crossover a 3 v\u00edas, frecuencia de cruce\/corte: 2 - 7 kHz, potencia admisible de 600 watts RMS, impedancia LF: 4 - 8 ohms, impedancia HF: 8 ohms, pendiente de atenuaci\u00f3n (PB\/PA): 12 dB\/oct, atenuaci\u00f3n AF: 0, -6 dB (MF &amp; HF), ecualizaci\u00f3n: -3 dB @ 3,5 kHz.\" \/>\n<meta name=\"robots\" content=\"index, follow, max-snippet:-1, max-image-preview:large, max-video-preview:-1\" \/>\n<link rel=\"canonical\" href=\"https:\/\/www.mexicanguitarplayers.com\/en\/tienda\/sin%20categor\u00eda\/crossover-beyma-pasivo-mod-fd-350\/\" \/>\n<meta property=\"og:locale\" content=\"en_US\" \/>\n<meta property=\"og:type\" content=\"article\" \/>\n<meta property=\"og:title\" content=\"CROSSOVER BEYMA PASIVO MOD. FD-350 - Mexican Guitar Players\" \/>\n<meta property=\"og:description\" content=\"Crossover a 3 v\u00edas, frecuencia de cruce\/corte: 2 - 7 kHz, potencia admisible de 600 watts RMS, impedancia LF: 4 - 8 ohms, impedancia HF: 8 ohms, pendiente de atenuaci\u00f3n (PB\/PA): 12 dB\/oct, atenuaci\u00f3n AF: 0, -6 dB (MF &amp; HF), ecualizaci\u00f3n: -3 dB @ 3,5 kHz.\" \/>\n<meta property=\"og:url\" content=\"https:\/\/www.mexicanguitarplayers.com\/en\/tienda\/sin categor\u00eda\/crossover-beyma-pasivo-mod-fd-350\/\" \/>\n<meta property=\"og:site_name\" content=\"Mexican Guitar Players\" \/>\n<meta property=\"article:modified_time\" content=\"2026-05-01T13:21:15+00:00\" \/>\n<meta name=\"twitter:card\" content=\"summary_large_image\" \/>\n<meta name=\"twitter:label1\" content=\"Est. reading time\" \/>\n\t<meta name=\"twitter:data1\" content=\"2 minutes\" \/>\n<script type=\"application\/ld+json\" class=\"yoast-schema-graph\">{\"@context\":\"https:\\\/\\\/schema.org\",\"@graph\":[{\"@type\":[\"WebPage\",\"ItemPage\"],\"@id\":\"https:\\\/\\\/www.mexicanguitarplayers.com\\\/tienda\\\/sin categor\u00eda\\\/crossover-beyma-pasivo-mod-fd-350\\\/\",\"url\":\"https:\\\/\\\/www.mexicanguitarplayers.com\\\/tienda\\\/sin categor\u00eda\\\/crossover-beyma-pasivo-mod-fd-350\\\/\",\"name\":\"CROSSOVER BEYMA PASIVO MOD. FD-350 - Mexican Guitar Players\",\"isPartOf\":{\"@id\":\"https:\\\/\\\/www.mexicanguitarplayers.com\\\/#website\"},\"primaryImageOfPage\":{\"@id\":\"https:\\\/\\\/www.mexicanguitarplayers.com\\\/tienda\\\/sin categor\u00eda\\\/crossover-beyma-pasivo-mod-fd-350\\\/#primaryimage\"},\"image\":{\"@id\":\"https:\\\/\\\/www.mexicanguitarplayers.com\\\/tienda\\\/sin categor\u00eda\\\/crossover-beyma-pasivo-mod-fd-350\\\/#primaryimage\"},\"thumbnailUrl\":\"https:\\\/\\\/www.mexicanguitarplayers.com\\\/wp-content\\\/uploads\\\/2025\\\/04\\\/IABEYFD350.jpg\",\"datePublished\":\"2025-04-09T04:11:55+00:00\",\"dateModified\":\"2026-05-01T13:21:15+00:00\",\"description\":\"Crossover a 3 v\u00edas, frecuencia de cruce\\\/corte: 2 - 7 kHz, potencia admisible de 600 watts RMS, impedancia LF: 4 - 8 ohms, impedancia HF: 8 ohms, pendiente de atenuaci\u00f3n (PB\\\/PA): 12 dB\\\/oct, atenuaci\u00f3n AF: 0, -6 dB (MF &amp; HF), ecualizaci\u00f3n: -3 dB @ 3,5 kHz.\",\"breadcrumb\":{\"@id\":\"https:\\\/\\\/www.mexicanguitarplayers.com\\\/tienda\\\/sin categor\u00eda\\\/crossover-beyma-pasivo-mod-fd-350\\\/#breadcrumb\"},\"inLanguage\":\"en-US\",\"potentialAction\":[{\"@type\":\"ReadAction\",\"target\":[\"https:\\\/\\\/www.mexicanguitarplayers.com\\\/tienda\\\/sin categor\u00eda\\\/crossover-beyma-pasivo-mod-fd-350\\\/\"]}]},{\"@type\":\"ImageObject\",\"inLanguage\":\"en-US\",\"@id\":\"https:\\\/\\\/www.mexicanguitarplayers.com\\\/tienda\\\/sin categor\u00eda\\\/crossover-beyma-pasivo-mod-fd-350\\\/#primaryimage\",\"url\":\"https:\\\/\\\/www.mexicanguitarplayers.com\\\/wp-content\\\/uploads\\\/2025\\\/04\\\/IABEYFD350.jpg\",\"contentUrl\":\"https:\\\/\\\/www.mexicanguitarplayers.com\\\/wp-content\\\/uploads\\\/2025\\\/04\\\/IABEYFD350.jpg\",\"width\":1200,\"height\":1200},{\"@type\":\"BreadcrumbList\",\"@id\":\"https:\\\/\\\/www.mexicanguitarplayers.com\\\/tienda\\\/sin categor\u00eda\\\/crossover-beyma-pasivo-mod-fd-350\\\/#breadcrumb\",\"itemListElement\":[{\"@type\":\"ListItem\",\"position\":1,\"name\":\"Portada\",\"item\":\"https:\\\/\\\/www.mexicanguitarplayers.com\\\/\"},{\"@type\":\"ListItem\",\"position\":2,\"name\":\"Tienda\",\"item\":\"https:\\\/\\\/www.mexicanguitarplayers.com\\\/tienda\\\/\"},{\"@type\":\"ListItem\",\"position\":3,\"name\":\"CROSSOVER BEYMA PASIVO MOD. FD-350\"}]},{\"@type\":\"WebSite\",\"@id\":\"https:\\\/\\\/www.mexicanguitarplayers.com\\\/#website\",\"url\":\"https:\\\/\\\/www.mexicanguitarplayers.com\\\/\",\"name\":\"Mexican Guitar Players\",\"description\":\"Website\",\"publisher\":{\"@id\":\"https:\\\/\\\/www.mexicanguitarplayers.com\\\/#organization\"},\"potentialAction\":[{\"@type\":\"SearchAction\",\"target\":{\"@type\":\"EntryPoint\",\"urlTemplate\":\"https:\\\/\\\/www.mexicanguitarplayers.com\\\/?s={search_term_string}\"},\"query-input\":{\"@type\":\"PropertyValueSpecification\",\"valueRequired\":true,\"valueName\":\"search_term_string\"}}],\"inLanguage\":\"en-US\"},{\"@type\":\"Organization\",\"@id\":\"https:\\\/\\\/www.mexicanguitarplayers.com\\\/#organization\",\"name\":\"Mexican Guitar Players\",\"url\":\"https:\\\/\\\/www.mexicanguitarplayers.com\\\/\",\"logo\":{\"@type\":\"ImageObject\",\"inLanguage\":\"en-US\",\"@id\":\"https:\\\/\\\/www.mexicanguitarplayers.com\\\/#\\\/schema\\\/logo\\\/image\\\/\",\"url\":\"\",\"contentUrl\":\"\",\"caption\":\"Mexican Guitar Players\"},\"image\":{\"@id\":\"https:\\\/\\\/www.mexicanguitarplayers.com\\\/#\\\/schema\\\/logo\\\/image\\\/\"}}]}<\/script>\n<!-- \/ Yoast SEO plugin. -->","yoast_head_json":{"title":"CROSSOVER BEYMA PASIVO MOD. FD-350 - Mexican Guitar Players","description":"Crossover a 3 v\u00edas, frecuencia de cruce\/corte: 2 - 7 kHz, potencia admisible de 600 watts RMS, impedancia LF: 4 - 8 ohms, impedancia HF: 8 ohms, pendiente de atenuaci\u00f3n (PB\/PA): 12 dB\/oct, atenuaci\u00f3n AF: 0, -6 dB (MF &amp; HF), ecualizaci\u00f3n: -3 dB @ 3,5 kHz.","robots":{"index":"index","follow":"follow","max-snippet":"max-snippet:-1","max-image-preview":"max-image-preview:large","max-video-preview":"max-video-preview:-1"},"canonical":"https:\/\/www.mexicanguitarplayers.com\/en\/tienda\/sin categor\u00eda\/crossover-beyma-pasivo-mod-fd-350\/","og_locale":"en_US","og_type":"article","og_title":"CROSSOVER BEYMA PASIVO MOD. FD-350 - Mexican Guitar Players","og_description":"Crossover a 3 v\u00edas, frecuencia de cruce\/corte: 2 - 7 kHz, potencia admisible de 600 watts RMS, impedancia LF: 4 - 8 ohms, impedancia HF: 8 ohms, pendiente de atenuaci\u00f3n (PB\/PA): 12 dB\/oct, atenuaci\u00f3n AF: 0, -6 dB (MF &amp; HF), ecualizaci\u00f3n: -3 dB @ 3,5 kHz.","og_url":"https:\/\/www.mexicanguitarplayers.com\/en\/tienda\/sin categor\u00eda\/crossover-beyma-pasivo-mod-fd-350\/","og_site_name":"Mexican Guitar Players","article_modified_time":"2026-05-01T13:21:15+00:00","twitter_card":"summary_large_image","twitter_misc":{"Est. reading time":"2 minutes"},"schema":{"@context":"https:\/\/schema.org","@graph":[{"@type":["WebPage","ItemPage"],"@id":"https:\/\/www.mexicanguitarplayers.com\/tienda\/sin categor\u00eda\/crossover-beyma-pasivo-mod-fd-350\/","url":"https:\/\/www.mexicanguitarplayers.com\/tienda\/sin categor\u00eda\/crossover-beyma-pasivo-mod-fd-350\/","name":"CROSSOVER BEYMA PASIVO MOD. FD-350 - Mexican Guitar Players","isPartOf":{"@id":"https:\/\/www.mexicanguitarplayers.com\/#website"},"primaryImageOfPage":{"@id":"https:\/\/www.mexicanguitarplayers.com\/tienda\/sin categor\u00eda\/crossover-beyma-pasivo-mod-fd-350\/#primaryimage"},"image":{"@id":"https:\/\/www.mexicanguitarplayers.com\/tienda\/sin categor\u00eda\/crossover-beyma-pasivo-mod-fd-350\/#primaryimage"},"thumbnailUrl":"https:\/\/www.mexicanguitarplayers.com\/wp-content\/uploads\/2025\/04\/IABEYFD350.jpg","datePublished":"2025-04-09T04:11:55+00:00","dateModified":"2026-05-01T13:21:15+00:00","description":"Crossover a 3 v\u00edas, frecuencia de cruce\/corte: 2 - 7 kHz, potencia admisible de 600 watts RMS, impedancia LF: 4 - 8 ohms, impedancia HF: 8 ohms, pendiente de atenuaci\u00f3n (PB\/PA): 12 dB\/oct, atenuaci\u00f3n AF: 0, -6 dB (MF &amp; HF), ecualizaci\u00f3n: -3 dB @ 3,5 kHz.","breadcrumb":{"@id":"https:\/\/www.mexicanguitarplayers.com\/tienda\/sin categor\u00eda\/crossover-beyma-pasivo-mod-fd-350\/#breadcrumb"},"inLanguage":"en-US","potentialAction":[{"@type":"ReadAction","target":["https:\/\/www.mexicanguitarplayers.com\/tienda\/sin categor\u00eda\/crossover-beyma-pasivo-mod-fd-350\/"]}]},{"@type":"ImageObject","inLanguage":"en-US","@id":"https:\/\/www.mexicanguitarplayers.com\/tienda\/sin categor\u00eda\/crossover-beyma-pasivo-mod-fd-350\/#primaryimage","url":"https:\/\/www.mexicanguitarplayers.com\/wp-content\/uploads\/2025\/04\/IABEYFD350.jpg","contentUrl":"https:\/\/www.mexicanguitarplayers.com\/wp-content\/uploads\/2025\/04\/IABEYFD350.jpg","width":1200,"height":1200},{"@type":"BreadcrumbList","@id":"https:\/\/www.mexicanguitarplayers.com\/tienda\/sin categor\u00eda\/crossover-beyma-pasivo-mod-fd-350\/#breadcrumb","itemListElement":[{"@type":"ListItem","position":1,"name":"Portada","item":"https:\/\/www.mexicanguitarplayers.com\/"},{"@type":"ListItem","position":2,"name":"Tienda","item":"https:\/\/www.mexicanguitarplayers.com\/tienda\/"},{"@type":"ListItem","position":3,"name":"CROSSOVER BEYMA PASIVO MOD. FD-350"}]},{"@type":"WebSite","@id":"https:\/\/www.mexicanguitarplayers.com\/#website","url":"https:\/\/www.mexicanguitarplayers.com\/","name":"Mexican Guitar Players","description":"Website","publisher":{"@id":"https:\/\/www.mexicanguitarplayers.com\/#organization"},"potentialAction":[{"@type":"SearchAction","target":{"@type":"EntryPoint","urlTemplate":"https:\/\/www.mexicanguitarplayers.com\/?s={search_term_string}"},"query-input":{"@type":"PropertyValueSpecification","valueRequired":true,"valueName":"search_term_string"}}],"inLanguage":"en-US"},{"@type":"Organization","@id":"https:\/\/www.mexicanguitarplayers.com\/#organization","name":"Mexican Guitar Players","url":"https:\/\/www.mexicanguitarplayers.com\/","logo":{"@type":"ImageObject","inLanguage":"en-US","@id":"https:\/\/www.mexicanguitarplayers.com\/#\/schema\/logo\/image\/","url":"","contentUrl":"","caption":"Mexican Guitar Players"},"image":{"@id":"https:\/\/www.mexicanguitarplayers.com\/#\/schema\/logo\/image\/"}}]}},"brands":[{"id":477,"name":"BEYMA","slug":"beyma"}],"_links":{"self":[{"href":"https:\/\/www.mexicanguitarplayers.com\/en\/wp-json\/wp\/v2\/product\/35430","targetHints":{"allow":["GET"]}}],"collection":[{"href":"https:\/\/www.mexicanguitarplayers.com\/en\/wp-json\/wp\/v2\/product"}],"about":[{"href":"https:\/\/www.mexicanguitarplayers.com\/en\/wp-json\/wp\/v2\/types\/product"}],"replies":[{"embeddable":true,"href":"https:\/\/www.mexicanguitarplayers.com\/en\/wp-json\/wp\/v2\/comments?post=35430"}],"wp:featuredmedia":[{"embeddable":true,"href":"https:\/\/www.mexicanguitarplayers.com\/en\/wp-json\/wp\/v2\/media\/35429"}],"wp:attachment":[{"href":"https:\/\/www.mexicanguitarplayers.com\/en\/wp-json\/wp\/v2\/media?parent=35430"}],"wp:term":[{"taxonomy":"pwb-brand","embeddable":true,"href":"https:\/\/www.mexicanguitarplayers.com\/en\/wp-json\/wp\/v2\/pwb-brand?post=35430"},{"taxonomy":"product_brand","embeddable":true,"href":"https:\/\/www.mexicanguitarplayers.com\/en\/wp-json\/wp\/v2\/product_brand?post=35430"},{"taxonomy":"product_cat","embeddable":true,"href":"https:\/\/www.mexicanguitarplayers.com\/en\/wp-json\/wp\/v2\/product_cat?post=35430"},{"taxonomy":"product_tag","embeddable":true,"href":"https:\/\/www.mexicanguitarplayers.com\/en\/wp-json\/wp\/v2\/product_tag?post=35430"}],"curies":[{"name":"wp","href":"https:\/\/api.w.org\/{rel}","templated":true}]}}