{"id":35440,"date":"2025-04-08T22:12:08","date_gmt":"2025-04-09T04:12:08","guid":{"rendered":"https:\/\/www.mexicanguitarplayers.com\/tienda\/sin categor\u00eda\/bajo-schecter-electrico-model-t-session\/"},"modified":"2026-05-01T07:21:14","modified_gmt":"2026-05-01T13:21:14","slug":"bajo-schecter-electrico-model-t-session","status":"publish","type":"product","link":"https:\/\/www.mexicanguitarplayers.com\/en\/tienda\/cuerdas\/bajos\/electricos\/electricos-activos\/bajo-schecter-electrico-model-t-session\/","title":{"rendered":"BAJO SCHECTER ELECTRICO MODEL-T SESSION"},"content":{"rendered":"<div style=\"text-align: justify\">\n<div>\n<h3>Model-T Session Schecter  Aged Natural Satin<\/h3>\n<\/div>\n<div>Creados para hacerlo todo, los bajos Session de Schecter son para aquellos bajistas que exigen un instrumento multifac\u00e9tico. El Model-T Session se ajust\u00f3 desde cero, comenzando con la selecci\u00f3n de maderas hasta la electr\u00f3nica y eligiendo con precisi\u00f3n la pastilla adecuada para complementar los tonos de madera.<\/div>\n<div>\n<h4>Characteristics<\/h4>\n<\/div>\n<div>\n<ul style=\"margin: 0px 0px 0px 25px\">\n<li style=\"list-style-type: circle;margin: 5px\">COLOR<\/li>\n<li style=\"list-style-type: circle;margin: 5px\">CUELLO<\/li>\n<li style=\"list-style-type: circle;margin: 5px\">CUERPO<\/li>\n<li style=\"list-style-type: circle;margin: 5px\">ELECTR\u00d3NICA<\/li>\n<li style=\"list-style-type: circle;margin: 5px\">ACCESORIOS<\/li>\n<\/ul>\n<\/div>\n<\/div>","protected":false},"excerpt":{"rendered":"<p>El Model-T Session se ajust\u00f3 desde cero, comenzando con la selecci\u00f3n de maderas hasta la electr\u00f3nica y eligiendo con precisi\u00f3n la pastilla adecuada para complementar los tonos de madera. Pastillas EMG activas, ecualizador activo de 2 bandas EMG con sistema de 18v para una mayor versatilidad de modelado de tonos. El m\u00e1stil est\u00e1 atornillado con 6 pernos para una uni\u00f3n m\u00e1s fuerte entre el m\u00e1stil y el cuerpo. Color satinado natural envejecido,  clavijeros Grover Vintage Bass 142 Series Diapas\u00f3n y material del m\u00e1stil de arce, incrustaciones de marcadores y de puntos laterales de \u00e9bano, forma del m\u00e1stil &#8216;C&#8217; delgada con  grosor de @ 1.er traste: .826\u201d (21 mm)\/ @ 12. \u00b0 traste: .905\u201d (23 mm)22 Trastes X-Jumbo y radio del diapas\u00f3n: 12\u201d (305 mm), tuerca: Graph Tech XL Black Tusq y ancho de la tuerca: 1,653\u201d (42 mm), Truss Rod: Varilla ajustable de 2 v\u00edas con tuerca Allen de 5\/32\u201d (4 mm), con color de los herrajes: negro, tipo de destreza diestro y puente Schecter Custom Bass String Thru (o carga superior), controles Master Volume\/Blend\/2-Band EMG Active E\/Q, pastilla del puente: EMG Jy pastilla de m\u00e1stil: EMG P. Compartimiento de la bater\u00eda: 18 voltios con placa roscada y perillas de metal moleteado con tornillo de fijaci\u00f3n. Cuerdas Ernie Ball 4 Cuerdas Super Largas #2849 (.045-.105)&hellip; <a class=\"kt-excerpt-readmore more-link\" href=\"https:\/\/www.mexicanguitarplayers.com\/en\/tienda\/cuerdas\/bajos\/electricos\/electricos-activos\/bajo-schecter-electrico-model-t-session\/\">Read more<\/a><\/p>","protected":false},"featured_media":35431,"comment_status":"open","ping_status":"closed","template":"","meta":{"kt_blocks_editor_width":""},"pwb-brand":[175],"product_brand":[],"product_cat":[317,224,318,326],"product_tag":[],"class_list":{"0":"post-35440","1":"product","2":"type-product","3":"status-publish","4":"has-post-thumbnail","6":"pwb-brand-schecter","7":"product_cat-bajos","8":"product_cat-cuerdas","9":"product_cat-electricos","10":"product_cat-electricos-activos","11":"product_shipping_class-5-10-kg","13":"first","14":"instock","15":"taxable","16":"shipping-taxable","17":"purchasable","18":"product-type-simple"},"yoast_head":"<!-- This site is optimized with the Yoast SEO plugin v27.5 - https:\/\/yoast.com\/product\/yoast-seo-wordpress\/ -->\n<title>BAJO SCHECTER ELECTRICO MODEL-T SESSION - Mexican Guitar Players<\/title>\n<meta name=\"description\" content=\"El Model-T Session se ajust\u00f3 desde cero, comenzando con la selecci\u00f3n de maderas hasta la electr\u00f3nica y eligiendo con precisi\u00f3n la pastilla adecuada para complementar los tonos de madera. Pastillas EMG activas, ecualizador activo de 2 bandas EMG con sistema de 18v para una mayor versatilidad de modelado de tonos. El m\u00e1stil est\u00e1 atornillado con 6 pernos para una uni\u00f3n m\u00e1s fuerte entre el m\u00e1stil y el cuerpo. Color satinado natural envejecido, clavijeros Grover Vintage Bass 142 Series Diapas\u00f3n y material del m\u00e1stil de arce, incrustaciones de marcadores y de puntos laterales de \u00e9bano, forma del m\u00e1stil &#039;C&#039; delgada con grosor de @ 1.er traste: .826\u201d (21 mm)\/ @ 12. \u00b0 traste: .905\u201d (23 mm)22 Trastes X-Jumbo y radio del diapas\u00f3n: 12\u201d (305 mm), tuerca: Graph Tech XL Black Tusq y ancho de la tuerca: 1,653\u201d (42 mm), Truss Rod: Varilla ajustable de 2 v\u00edas con tuerca Allen de 5\/32\u201d (4 mm), con color de los herrajes: negro, tipo de destreza diestro y puente Schecter Custom Bass String Thru (o carga superior), controles Master Volume\/Blend\/2-Band EMG Active E\/Q, pastilla del puente: EMG Jy pastilla de m\u00e1stil: EMG P. Compartimiento de la bater\u00eda: 18 voltios con placa roscada y perillas de metal moleteado con tornillo de fijaci\u00f3n. Cuerdas Ernie Ball 4 Cuerdas Super Largas #2849 (.045-.105)\" \/>\n<meta name=\"robots\" content=\"index, follow, max-snippet:-1, max-image-preview:large, max-video-preview:-1\" \/>\n<link rel=\"canonical\" href=\"https:\/\/www.mexicanguitarplayers.com\/en\/tienda\/sin%20categor\u00eda\/bajo-schecter-electrico-model-t-session\/\" \/>\n<meta property=\"og:locale\" content=\"en_US\" \/>\n<meta property=\"og:type\" content=\"article\" \/>\n<meta property=\"og:title\" content=\"BAJO SCHECTER ELECTRICO MODEL-T SESSION - Mexican Guitar Players\" \/>\n<meta property=\"og:description\" content=\"El Model-T Session se ajust\u00f3 desde cero, comenzando con la selecci\u00f3n de maderas hasta la electr\u00f3nica y eligiendo con precisi\u00f3n la pastilla adecuada para complementar los tonos de madera. Pastillas EMG activas, ecualizador activo de 2 bandas EMG con sistema de 18v para una mayor versatilidad de modelado de tonos. El m\u00e1stil est\u00e1 atornillado con 6 pernos para una uni\u00f3n m\u00e1s fuerte entre el m\u00e1stil y el cuerpo. Color satinado natural envejecido, clavijeros Grover Vintage Bass 142 Series Diapas\u00f3n y material del m\u00e1stil de arce, incrustaciones de marcadores y de puntos laterales de \u00e9bano, forma del m\u00e1stil &#039;C&#039; delgada con grosor de @ 1.er traste: .826\u201d (21 mm)\/ @ 12. \u00b0 traste: .905\u201d (23 mm)22 Trastes X-Jumbo y radio del diapas\u00f3n: 12\u201d (305 mm), tuerca: Graph Tech XL Black Tusq y ancho de la tuerca: 1,653\u201d (42 mm), Truss Rod: Varilla ajustable de 2 v\u00edas con tuerca Allen de 5\/32\u201d (4 mm), con color de los herrajes: negro, tipo de destreza diestro y puente Schecter Custom Bass String Thru (o carga superior), controles Master Volume\/Blend\/2-Band EMG Active E\/Q, pastilla del puente: EMG Jy pastilla de m\u00e1stil: EMG P. Compartimiento de la bater\u00eda: 18 voltios con placa roscada y perillas de metal moleteado con tornillo de fijaci\u00f3n. Cuerdas Ernie Ball 4 Cuerdas Super Largas #2849 (.045-.105)\" \/>\n<meta property=\"og:url\" content=\"https:\/\/www.mexicanguitarplayers.com\/en\/tienda\/sin categor\u00eda\/bajo-schecter-electrico-model-t-session\/\" \/>\n<meta property=\"og:site_name\" content=\"Mexican Guitar Players\" \/>\n<meta property=\"article:modified_time\" content=\"2026-05-01T13:21:14+00:00\" \/>\n<meta name=\"twitter:card\" content=\"summary_large_image\" \/>\n<script type=\"application\/ld+json\" class=\"yoast-schema-graph\">{\"@context\":\"https:\\\/\\\/schema.org\",\"@graph\":[{\"@type\":[\"WebPage\",\"ItemPage\"],\"@id\":\"https:\\\/\\\/www.mexicanguitarplayers.com\\\/tienda\\\/sin categor\u00eda\\\/bajo-schecter-electrico-model-t-session\\\/\",\"url\":\"https:\\\/\\\/www.mexicanguitarplayers.com\\\/tienda\\\/sin categor\u00eda\\\/bajo-schecter-electrico-model-t-session\\\/\",\"name\":\"BAJO SCHECTER ELECTRICO MODEL-T SESSION - Mexican Guitar Players\",\"isPartOf\":{\"@id\":\"https:\\\/\\\/www.mexicanguitarplayers.com\\\/#website\"},\"primaryImageOfPage\":{\"@id\":\"https:\\\/\\\/www.mexicanguitarplayers.com\\\/tienda\\\/sin categor\u00eda\\\/bajo-schecter-electrico-model-t-session\\\/#primaryimage\"},\"image\":{\"@id\":\"https:\\\/\\\/www.mexicanguitarplayers.com\\\/tienda\\\/sin categor\u00eda\\\/bajo-schecter-electrico-model-t-session\\\/#primaryimage\"},\"thumbnailUrl\":\"https:\\\/\\\/www.mexicanguitarplayers.com\\\/wp-content\\\/uploads\\\/2025\\\/04\\\/ISSCCMODELTSES.jpg\",\"datePublished\":\"2025-04-09T04:12:08+00:00\",\"dateModified\":\"2026-05-01T13:21:14+00:00\",\"description\":\"El Model-T Session se ajust\u00f3 desde cero, comenzando con la selecci\u00f3n de maderas hasta la electr\u00f3nica y eligiendo con precisi\u00f3n la pastilla adecuada para complementar los tonos de madera. Pastillas EMG activas, ecualizador activo de 2 bandas EMG con sistema de 18v para una mayor versatilidad de modelado de tonos. El m\u00e1stil est\u00e1 atornillado con 6 pernos para una uni\u00f3n m\u00e1s fuerte entre el m\u00e1stil y el cuerpo. Color satinado natural envejecido, clavijeros Grover Vintage Bass 142 Series Diapas\u00f3n y material del m\u00e1stil de arce, incrustaciones de marcadores y de puntos laterales de \u00e9bano, forma del m\u00e1stil 'C' delgada con grosor de @ 1.er traste: .826\u201d (21 mm)\\\/ @ 12. \u00b0 traste: .905\u201d (23 mm)22 Trastes X-Jumbo y radio del diapas\u00f3n: 12\u201d (305 mm), tuerca: Graph Tech XL Black Tusq y ancho de la tuerca: 1,653\u201d (42 mm), Truss Rod: Varilla ajustable de 2 v\u00edas con tuerca Allen de 5\\\/32\u201d (4 mm), con color de los herrajes: negro, tipo de destreza diestro y puente Schecter Custom Bass String Thru (o carga superior), controles Master Volume\\\/Blend\\\/2-Band EMG Active E\\\/Q, pastilla del puente: EMG Jy pastilla de m\u00e1stil: EMG P. Compartimiento de la bater\u00eda: 18 voltios con placa roscada y perillas de metal moleteado con tornillo de fijaci\u00f3n. Cuerdas Ernie Ball 4 Cuerdas Super Largas #2849 (.045-.105)\",\"breadcrumb\":{\"@id\":\"https:\\\/\\\/www.mexicanguitarplayers.com\\\/tienda\\\/sin categor\u00eda\\\/bajo-schecter-electrico-model-t-session\\\/#breadcrumb\"},\"inLanguage\":\"en-US\",\"potentialAction\":[{\"@type\":\"ReadAction\",\"target\":[\"https:\\\/\\\/www.mexicanguitarplayers.com\\\/tienda\\\/sin categor\u00eda\\\/bajo-schecter-electrico-model-t-session\\\/\"]}]},{\"@type\":\"ImageObject\",\"inLanguage\":\"en-US\",\"@id\":\"https:\\\/\\\/www.mexicanguitarplayers.com\\\/tienda\\\/sin categor\u00eda\\\/bajo-schecter-electrico-model-t-session\\\/#primaryimage\",\"url\":\"https:\\\/\\\/www.mexicanguitarplayers.com\\\/wp-content\\\/uploads\\\/2025\\\/04\\\/ISSCCMODELTSES.jpg\",\"contentUrl\":\"https:\\\/\\\/www.mexicanguitarplayers.com\\\/wp-content\\\/uploads\\\/2025\\\/04\\\/ISSCCMODELTSES.jpg\",\"width\":800,\"height\":1600},{\"@type\":\"BreadcrumbList\",\"@id\":\"https:\\\/\\\/www.mexicanguitarplayers.com\\\/tienda\\\/sin categor\u00eda\\\/bajo-schecter-electrico-model-t-session\\\/#breadcrumb\",\"itemListElement\":[{\"@type\":\"ListItem\",\"position\":1,\"name\":\"Portada\",\"item\":\"https:\\\/\\\/www.mexicanguitarplayers.com\\\/\"},{\"@type\":\"ListItem\",\"position\":2,\"name\":\"Tienda\",\"item\":\"https:\\\/\\\/www.mexicanguitarplayers.com\\\/tienda\\\/\"},{\"@type\":\"ListItem\",\"position\":3,\"name\":\"BAJO SCHECTER ELECTRICO MODEL-T SESSION\"}]},{\"@type\":\"WebSite\",\"@id\":\"https:\\\/\\\/www.mexicanguitarplayers.com\\\/#website\",\"url\":\"https:\\\/\\\/www.mexicanguitarplayers.com\\\/\",\"name\":\"Mexican Guitar Players\",\"description\":\"Website\",\"publisher\":{\"@id\":\"https:\\\/\\\/www.mexicanguitarplayers.com\\\/#organization\"},\"potentialAction\":[{\"@type\":\"SearchAction\",\"target\":{\"@type\":\"EntryPoint\",\"urlTemplate\":\"https:\\\/\\\/www.mexicanguitarplayers.com\\\/?s={search_term_string}\"},\"query-input\":{\"@type\":\"PropertyValueSpecification\",\"valueRequired\":true,\"valueName\":\"search_term_string\"}}],\"inLanguage\":\"en-US\"},{\"@type\":\"Organization\",\"@id\":\"https:\\\/\\\/www.mexicanguitarplayers.com\\\/#organization\",\"name\":\"Mexican Guitar Players\",\"url\":\"https:\\\/\\\/www.mexicanguitarplayers.com\\\/\",\"logo\":{\"@type\":\"ImageObject\",\"inLanguage\":\"en-US\",\"@id\":\"https:\\\/\\\/www.mexicanguitarplayers.com\\\/#\\\/schema\\\/logo\\\/image\\\/\",\"url\":\"\",\"contentUrl\":\"\",\"caption\":\"Mexican Guitar Players\"},\"image\":{\"@id\":\"https:\\\/\\\/www.mexicanguitarplayers.com\\\/#\\\/schema\\\/logo\\\/image\\\/\"}}]}<\/script>\n<!-- \/ Yoast SEO plugin. -->","yoast_head_json":{"title":"BAJO SCHECTER ELECTRICO MODEL-T SESSION - Mexican Guitar Players","description":"El Model-T Session se ajust\u00f3 desde cero, comenzando con la selecci\u00f3n de maderas hasta la electr\u00f3nica y eligiendo con precisi\u00f3n la pastilla adecuada para complementar los tonos de madera. Pastillas EMG activas, ecualizador activo de 2 bandas EMG con sistema de 18v para una mayor versatilidad de modelado de tonos. El m\u00e1stil est\u00e1 atornillado con 6 pernos para una uni\u00f3n m\u00e1s fuerte entre el m\u00e1stil y el cuerpo. Color satinado natural envejecido, clavijeros Grover Vintage Bass 142 Series Diapas\u00f3n y material del m\u00e1stil de arce, incrustaciones de marcadores y de puntos laterales de \u00e9bano, forma del m\u00e1stil 'C' delgada con grosor de @ 1.er traste: .826\u201d (21 mm)\/ @ 12. \u00b0 traste: .905\u201d (23 mm)22 Trastes X-Jumbo y radio del diapas\u00f3n: 12\u201d (305 mm), tuerca: Graph Tech XL Black Tusq y ancho de la tuerca: 1,653\u201d (42 mm), Truss Rod: Varilla ajustable de 2 v\u00edas con tuerca Allen de 5\/32\u201d (4 mm), con color de los herrajes: negro, tipo de destreza diestro y puente Schecter Custom Bass String Thru (o carga superior), controles Master Volume\/Blend\/2-Band EMG Active E\/Q, pastilla del puente: EMG Jy pastilla de m\u00e1stil: EMG P. Compartimiento de la bater\u00eda: 18 voltios con placa roscada y perillas de metal moleteado con tornillo de fijaci\u00f3n. Cuerdas Ernie Ball 4 Cuerdas Super Largas #2849 (.045-.105)","robots":{"index":"index","follow":"follow","max-snippet":"max-snippet:-1","max-image-preview":"max-image-preview:large","max-video-preview":"max-video-preview:-1"},"canonical":"https:\/\/www.mexicanguitarplayers.com\/en\/tienda\/sin categor\u00eda\/bajo-schecter-electrico-model-t-session\/","og_locale":"en_US","og_type":"article","og_title":"BAJO SCHECTER ELECTRICO MODEL-T SESSION - Mexican Guitar Players","og_description":"El Model-T Session se ajust\u00f3 desde cero, comenzando con la selecci\u00f3n de maderas hasta la electr\u00f3nica y eligiendo con precisi\u00f3n la pastilla adecuada para complementar los tonos de madera. Pastillas EMG activas, ecualizador activo de 2 bandas EMG con sistema de 18v para una mayor versatilidad de modelado de tonos. El m\u00e1stil est\u00e1 atornillado con 6 pernos para una uni\u00f3n m\u00e1s fuerte entre el m\u00e1stil y el cuerpo. Color satinado natural envejecido, clavijeros Grover Vintage Bass 142 Series Diapas\u00f3n y material del m\u00e1stil de arce, incrustaciones de marcadores y de puntos laterales de \u00e9bano, forma del m\u00e1stil 'C' delgada con grosor de @ 1.er traste: .826\u201d (21 mm)\/ @ 12. \u00b0 traste: .905\u201d (23 mm)22 Trastes X-Jumbo y radio del diapas\u00f3n: 12\u201d (305 mm), tuerca: Graph Tech XL Black Tusq y ancho de la tuerca: 1,653\u201d (42 mm), Truss Rod: Varilla ajustable de 2 v\u00edas con tuerca Allen de 5\/32\u201d (4 mm), con color de los herrajes: negro, tipo de destreza diestro y puente Schecter Custom Bass String Thru (o carga superior), controles Master Volume\/Blend\/2-Band EMG Active E\/Q, pastilla del puente: EMG Jy pastilla de m\u00e1stil: EMG P. Compartimiento de la bater\u00eda: 18 voltios con placa roscada y perillas de metal moleteado con tornillo de fijaci\u00f3n. Cuerdas Ernie Ball 4 Cuerdas Super Largas #2849 (.045-.105)","og_url":"https:\/\/www.mexicanguitarplayers.com\/en\/tienda\/sin categor\u00eda\/bajo-schecter-electrico-model-t-session\/","og_site_name":"Mexican Guitar Players","article_modified_time":"2026-05-01T13:21:14+00:00","twitter_card":"summary_large_image","schema":{"@context":"https:\/\/schema.org","@graph":[{"@type":["WebPage","ItemPage"],"@id":"https:\/\/www.mexicanguitarplayers.com\/tienda\/sin categor\u00eda\/bajo-schecter-electrico-model-t-session\/","url":"https:\/\/www.mexicanguitarplayers.com\/tienda\/sin categor\u00eda\/bajo-schecter-electrico-model-t-session\/","name":"BAJO SCHECTER ELECTRICO MODEL-T SESSION - Mexican Guitar Players","isPartOf":{"@id":"https:\/\/www.mexicanguitarplayers.com\/#website"},"primaryImageOfPage":{"@id":"https:\/\/www.mexicanguitarplayers.com\/tienda\/sin categor\u00eda\/bajo-schecter-electrico-model-t-session\/#primaryimage"},"image":{"@id":"https:\/\/www.mexicanguitarplayers.com\/tienda\/sin categor\u00eda\/bajo-schecter-electrico-model-t-session\/#primaryimage"},"thumbnailUrl":"https:\/\/www.mexicanguitarplayers.com\/wp-content\/uploads\/2025\/04\/ISSCCMODELTSES.jpg","datePublished":"2025-04-09T04:12:08+00:00","dateModified":"2026-05-01T13:21:14+00:00","description":"El Model-T Session se ajust\u00f3 desde cero, comenzando con la selecci\u00f3n de maderas hasta la electr\u00f3nica y eligiendo con precisi\u00f3n la pastilla adecuada para complementar los tonos de madera. Pastillas EMG activas, ecualizador activo de 2 bandas EMG con sistema de 18v para una mayor versatilidad de modelado de tonos. El m\u00e1stil est\u00e1 atornillado con 6 pernos para una uni\u00f3n m\u00e1s fuerte entre el m\u00e1stil y el cuerpo. Color satinado natural envejecido, clavijeros Grover Vintage Bass 142 Series Diapas\u00f3n y material del m\u00e1stil de arce, incrustaciones de marcadores y de puntos laterales de \u00e9bano, forma del m\u00e1stil 'C' delgada con grosor de @ 1.er traste: .826\u201d (21 mm)\/ @ 12. \u00b0 traste: .905\u201d (23 mm)22 Trastes X-Jumbo y radio del diapas\u00f3n: 12\u201d (305 mm), tuerca: Graph Tech XL Black Tusq y ancho de la tuerca: 1,653\u201d (42 mm), Truss Rod: Varilla ajustable de 2 v\u00edas con tuerca Allen de 5\/32\u201d (4 mm), con color de los herrajes: negro, tipo de destreza diestro y puente Schecter Custom Bass String Thru (o carga superior), controles Master Volume\/Blend\/2-Band EMG Active E\/Q, pastilla del puente: EMG Jy pastilla de m\u00e1stil: EMG P. Compartimiento de la bater\u00eda: 18 voltios con placa roscada y perillas de metal moleteado con tornillo de fijaci\u00f3n. Cuerdas Ernie Ball 4 Cuerdas Super Largas #2849 (.045-.105)","breadcrumb":{"@id":"https:\/\/www.mexicanguitarplayers.com\/tienda\/sin categor\u00eda\/bajo-schecter-electrico-model-t-session\/#breadcrumb"},"inLanguage":"en-US","potentialAction":[{"@type":"ReadAction","target":["https:\/\/www.mexicanguitarplayers.com\/tienda\/sin categor\u00eda\/bajo-schecter-electrico-model-t-session\/"]}]},{"@type":"ImageObject","inLanguage":"en-US","@id":"https:\/\/www.mexicanguitarplayers.com\/tienda\/sin categor\u00eda\/bajo-schecter-electrico-model-t-session\/#primaryimage","url":"https:\/\/www.mexicanguitarplayers.com\/wp-content\/uploads\/2025\/04\/ISSCCMODELTSES.jpg","contentUrl":"https:\/\/www.mexicanguitarplayers.com\/wp-content\/uploads\/2025\/04\/ISSCCMODELTSES.jpg","width":800,"height":1600},{"@type":"BreadcrumbList","@id":"https:\/\/www.mexicanguitarplayers.com\/tienda\/sin categor\u00eda\/bajo-schecter-electrico-model-t-session\/#breadcrumb","itemListElement":[{"@type":"ListItem","position":1,"name":"Portada","item":"https:\/\/www.mexicanguitarplayers.com\/"},{"@type":"ListItem","position":2,"name":"Tienda","item":"https:\/\/www.mexicanguitarplayers.com\/tienda\/"},{"@type":"ListItem","position":3,"name":"BAJO SCHECTER ELECTRICO MODEL-T SESSION"}]},{"@type":"WebSite","@id":"https:\/\/www.mexicanguitarplayers.com\/#website","url":"https:\/\/www.mexicanguitarplayers.com\/","name":"Mexican Guitar Players","description":"Website","publisher":{"@id":"https:\/\/www.mexicanguitarplayers.com\/#organization"},"potentialAction":[{"@type":"SearchAction","target":{"@type":"EntryPoint","urlTemplate":"https:\/\/www.mexicanguitarplayers.com\/?s={search_term_string}"},"query-input":{"@type":"PropertyValueSpecification","valueRequired":true,"valueName":"search_term_string"}}],"inLanguage":"en-US"},{"@type":"Organization","@id":"https:\/\/www.mexicanguitarplayers.com\/#organization","name":"Mexican Guitar Players","url":"https:\/\/www.mexicanguitarplayers.com\/","logo":{"@type":"ImageObject","inLanguage":"en-US","@id":"https:\/\/www.mexicanguitarplayers.com\/#\/schema\/logo\/image\/","url":"","contentUrl":"","caption":"Mexican Guitar Players"},"image":{"@id":"https:\/\/www.mexicanguitarplayers.com\/#\/schema\/logo\/image\/"}}]}},"brands":[{"id":175,"name":"SCHECTER","slug":"schecter"}],"_links":{"self":[{"href":"https:\/\/www.mexicanguitarplayers.com\/en\/wp-json\/wp\/v2\/product\/35440","targetHints":{"allow":["GET"]}}],"collection":[{"href":"https:\/\/www.mexicanguitarplayers.com\/en\/wp-json\/wp\/v2\/product"}],"about":[{"href":"https:\/\/www.mexicanguitarplayers.com\/en\/wp-json\/wp\/v2\/types\/product"}],"replies":[{"embeddable":true,"href":"https:\/\/www.mexicanguitarplayers.com\/en\/wp-json\/wp\/v2\/comments?post=35440"}],"wp:featuredmedia":[{"embeddable":true,"href":"https:\/\/www.mexicanguitarplayers.com\/en\/wp-json\/wp\/v2\/media\/35431"}],"wp:attachment":[{"href":"https:\/\/www.mexicanguitarplayers.com\/en\/wp-json\/wp\/v2\/media?parent=35440"}],"wp:term":[{"taxonomy":"pwb-brand","embeddable":true,"href":"https:\/\/www.mexicanguitarplayers.com\/en\/wp-json\/wp\/v2\/pwb-brand?post=35440"},{"taxonomy":"product_brand","embeddable":true,"href":"https:\/\/www.mexicanguitarplayers.com\/en\/wp-json\/wp\/v2\/product_brand?post=35440"},{"taxonomy":"product_cat","embeddable":true,"href":"https:\/\/www.mexicanguitarplayers.com\/en\/wp-json\/wp\/v2\/product_cat?post=35440"},{"taxonomy":"product_tag","embeddable":true,"href":"https:\/\/www.mexicanguitarplayers.com\/en\/wp-json\/wp\/v2\/product_tag?post=35440"}],"curies":[{"name":"wp","href":"https:\/\/api.w.org\/{rel}","templated":true}]}}