{"id":35444,"date":"2025-04-08T22:12:12","date_gmt":"2025-04-09T04:12:12","guid":{"rendered":"https:\/\/www.mexicanguitarplayers.com\/tienda\/sin categor\u00eda\/lampara-adj-inno-pocket-wash\/"},"modified":"2026-01-22T04:18:25","modified_gmt":"2026-01-22T10:18:25","slug":"lampara-adj-inno-pocket-wash","status":"publish","type":"product","link":"https:\/\/www.mexicanguitarplayers.com\/en\/tienda\/iluminacion\/leds\/wash\/lampara-adj-inno-pocket-wash\/","title":{"rendered":"LAMPARA ADJ INNO POCKET WASH"},"content":{"rendered":"<div style=\"text-align: justify\">\n<div>\n<h3>Pura emoci\u00f3n en iluminaci\u00f3n.<\/h3>\n<\/div>\n<div>El Inno Pocket Wash es una mini cabeza m\u00f3vil que crea incre\u00edbles efectos wash de color con su \u00e1ngulo de haz de 28 grados. Su tama\u00f1o compacto y peso ligero lo hacen ideal para artistas itinerantes, peque\u00f1os clubes, bares, pistas de patinaje, boleras, iglesias o cualquier producci\u00f3n m\u00f3vil.  Equipado con un sistema LEDs 4x 10W 4-EN1 Quad (RGBW &#8211; rojo, verde, azul y blanco), el Inno Pocket Wash dar\u00e1 pura emoci\u00f3n de iluminaci\u00f3n con su cabeza m\u00f3vil r\u00e1pida y brillantes whashes de color. Tiene un modo de inversi\u00f3n de giro e inclinaci\u00f3n que hace que una cabeza haga lo contrario que otra, si est\u00e1n relacionados entre s\u00ed. Los usuarios pueden controlar la Inno Pocket Wash por activaci\u00f3n de sonido, con 12 programas integrados, con el control remoto inal\u00e1mbrico UC IR opcional o usar un controlador DMX para crear sus propios espect\u00e1culos de luz.<\/div>\n<div>\n<h4>Quick look<\/h4>\n<\/div>\n<ul style=\"margin: 0px 0px 0px 25px\">\n<li style=\"list-style-type: circle;margin: 5px\">Cabeza m\u00f3vil.<\/li>\n<li style=\"list-style-type: circle;margin: 5px\">3 modos de funcionamiento.<\/li>\n<li style=\"list-style-type: circle;margin: 5px\">4 modos de canal DMX.<\/li>\n<li style=\"list-style-type: circle;margin: 5px\">\u00c1ngulo de haz.<\/li>\n<li style=\"list-style-type: circle;margin: 5px\">5 curvas DIM seleccionables.<\/li>\n<li style=\"list-style-type: circle;margin: 5px\">Obturador.<\/li>\n<li style=\"list-style-type: circle;margin: 5px\">Atenuaci\u00f3n.<\/li>\n<li style=\"list-style-type: circle;margin: 5px\">Conexiones.<\/li>\n<li style=\"list-style-type: circle;margin: 5px\">Control remoto (no incluido).<\/li>\n<li style=\"list-style-type: circle;margin: 5px\">Energy consumption.<\/li>\n<li style=\"list-style-type: circle;margin: 5px\">Operaci\u00f3n multi voltaje.<\/li>\n<li style=\"list-style-type: circle;margin: 5px\">Fuente del LED.<\/li>\n<li style=\"list-style-type: circle;margin: 5px\">Dimensions.<\/li>\n<li style=\"list-style-type: circle;margin: 5px\">Weight.<\/li>\n<\/ul>\n<div>\n<div style=\"font-weight: bold\">Cabeza m\u00f3vil.<\/div>\n<div>\n<p>Mini cabeza m\u00f3vil con fuente de luz de alta capacidad blanco 4 x 10W Quad LED RGBW brillante.<\/p>\n<\/div>\n<div style=\"font-weight: bold\">3 modos de funcionamiento.<\/div>\n<div>\n<p>Controlado por DMX, activado por sonido y  modo de demostraci\u00f3n.<\/p>\n<\/div>\n<div style=\"font-weight: bold\">4 modos de canal DMX.<\/div>\n<div>\n<p>9\/11\/19\/21.<\/p>\n<\/div>\n<div style=\"font-weight: bold\">\u00c1ngulo de haz.<\/div>\n<div>\n<p>28 grados.<\/p>\n<\/div>\n<div style=\"font-weight: bold\">5 curvas DIM seleccionables.<\/div>\n<div>\n<p>Est\u00e1ndar, escenario, TV, arquitect\u00f3nico y teatro.<\/p>\n<\/div>\n<div style=\"font-weight: bold\">Obturador.<\/div>\n<div>\n<p>Efecto pulso; estrobosc\u00f3pico aleatorio lento a r\u00e1pido.<\/p>\n<\/div>\n<div style=\"font-weight: bold\">Atenuaci\u00f3n.<\/div>\n<div>\n<p>0% &#8211; 100%.<\/p>\n<\/div>\n<div style=\"font-weight: bold\">Conexiones.<\/div>\n<div>\n<p>DMX mediante un cable XLR de 3 pines.<\/p>\n<\/div>\n<div style=\"font-weight: bold\">Control remoto (no incluido).<\/div>\n<div>\n<p>Control remoto inal\u00e1mbrico ADJ UC IR opcional: Full On, modo espera, estrobosc\u00f3pico, cambio de color, atenuaci\u00f3n, Activador por sonido On \/ Off.<\/p>\n<\/div>\n<div style=\"font-weight: bold\">Energy consumption.<\/div>\n<div>\n<p>64.5 watts m\u00e1ximo.<\/p>\n<\/div>\n<div style=\"font-weight: bold\">Operaci\u00f3n multi voltaje.<\/div>\n<div>\n<p>AC 100 &#8211; 240V, 50\/60 Hz.<\/p>\n<\/div>\n<div style=\"font-weight: bold\">Fuente del LED.<\/div>\n<div>\n<p>4 x 10W 4-en-1 RGBW  (aproximadamente 50,000 horas).<\/p>\n<\/div>\n<div style=\"font-weight: bold\">Dimensions.<\/div>\n<div>\n<p>171 x 149 x 214 mm.<\/p>\n<\/div>\n<div style=\"font-weight: bold\">Weight.<\/div>\n<div>\n<p>2.8 kg.<\/p>\n<\/div>\n<\/div>\n<div>\n<h4>Characteristics<\/h4>\n<\/div>\n<div>\n<ul style=\"margin: 0px 0px 0px 25px\">\n<li style=\"list-style-type: circle;margin: 5px\">12 programas integrados.<\/li>\n<li style=\"list-style-type: circle;margin: 5px\">540\u00b0 de giro horizontal \/ 180\u00b0 de inclinaci\u00f3n (8-bit y 16-bit).<\/li>\n<li style=\"list-style-type: circle;margin: 5px\">Modo inversi\u00f3n Pan\/Tilt.<\/li>\n<li style=\"list-style-type: circle;margin: 5px\">Modo inversi\u00f3n de Display.<\/li>\n<li style=\"list-style-type: circle;margin: 5px\">Soporte Omega incluido.<\/li>\n<\/ul>\n<\/div>\n<\/div>","protected":false},"excerpt":{"rendered":"<p>Mini cabeza m\u00f3vil con fuente de luz de alta capacidad blanco 4 x 10W Quad LED RGBW brillante, 3 modos de funcionamiento: Controlado por DMX, activado por sonido y  modo de demostraci\u00f3n, 4 modos de canal DMX: 9\/11\/19\/21, 12 programas integrados, \u00e1ngulo de haz: 28 grados, 540\u00b0 de giro horizontal \/ 180\u00b0 de inclinaci\u00f3n (8-bit y 16-bit), modo inversi\u00f3n Pan\/Tilt, 5 curvas DIM seleccionables, modo inversi\u00f3n de Display, soporte Omega incluido, compatible con control remoto ADJ UC IR (no incluido), consumo de energ\u00eda: 64.5 watts m\u00e1ximo.&hellip; <a class=\"kt-excerpt-readmore more-link\" href=\"https:\/\/www.mexicanguitarplayers.com\/en\/tienda\/iluminacion\/leds\/wash\/lampara-adj-inno-pocket-wash\/\">Read more<\/a><\/p>","protected":false},"featured_media":35443,"comment_status":"open","ping_status":"closed","template":"","meta":{"kt_blocks_editor_width":""},"pwb-brand":[556],"product_brand":[],"product_cat":[406,547,549],"product_tag":[],"class_list":{"0":"post-35444","1":"product","2":"type-product","3":"status-publish","4":"has-post-thumbnail","6":"pwb-brand-adj","7":"product_cat-iluminacion","8":"product_cat-iluminacion-convencional","9":"product_cat-wash","10":"product_shipping_class-0-5-kg","12":"first","13":"outofstock","14":"taxable","15":"shipping-taxable","16":"purchasable","17":"product-type-simple"},"yoast_head":"<!-- This site is optimized with the Yoast SEO plugin v27.3 - https:\/\/yoast.com\/product\/yoast-seo-wordpress\/ -->\n<title>LAMPARA ADJ INNO POCKET WASH - Mexican Guitar Players<\/title>\n<meta name=\"description\" content=\"Mini cabeza m\u00f3vil con fuente de luz de alta capacidad blanco 4 x 10W Quad LED RGBW brillante, 3 modos de funcionamiento: Controlado por DMX, activado por sonido y modo de demostraci\u00f3n, 4 modos de canal DMX: 9\/11\/19\/21, 12 programas integrados, \u00e1ngulo de haz: 28 grados, 540\u00b0 de giro horizontal \/ 180\u00b0 de inclinaci\u00f3n (8-bit y 16-bit), modo inversi\u00f3n Pan\/Tilt, 5 curvas DIM seleccionables, modo inversi\u00f3n de Display, soporte Omega incluido, compatible con control remoto ADJ UC IR (no incluido), consumo de energ\u00eda: 64.5 watts m\u00e1ximo.\" \/>\n<meta name=\"robots\" content=\"index, follow, max-snippet:-1, max-image-preview:large, max-video-preview:-1\" \/>\n<link rel=\"canonical\" href=\"https:\/\/www.mexicanguitarplayers.com\/en\/tienda\/sin%20categor\u00eda\/lampara-adj-inno-pocket-wash\/\" \/>\n<meta property=\"og:locale\" content=\"en_US\" \/>\n<meta property=\"og:type\" content=\"article\" \/>\n<meta property=\"og:title\" content=\"LAMPARA ADJ INNO POCKET WASH - Mexican Guitar Players\" \/>\n<meta property=\"og:description\" content=\"Mini cabeza m\u00f3vil con fuente de luz de alta capacidad blanco 4 x 10W Quad LED RGBW brillante, 3 modos de funcionamiento: Controlado por DMX, activado por sonido y modo de demostraci\u00f3n, 4 modos de canal DMX: 9\/11\/19\/21, 12 programas integrados, \u00e1ngulo de haz: 28 grados, 540\u00b0 de giro horizontal \/ 180\u00b0 de inclinaci\u00f3n (8-bit y 16-bit), modo inversi\u00f3n Pan\/Tilt, 5 curvas DIM seleccionables, modo inversi\u00f3n de Display, soporte Omega incluido, compatible con control remoto ADJ UC IR (no incluido), consumo de energ\u00eda: 64.5 watts m\u00e1ximo.\" \/>\n<meta property=\"og:url\" content=\"https:\/\/www.mexicanguitarplayers.com\/en\/tienda\/sin categor\u00eda\/lampara-adj-inno-pocket-wash\/\" \/>\n<meta property=\"og:site_name\" content=\"Mexican Guitar Players\" \/>\n<meta property=\"article:modified_time\" content=\"2026-01-22T10:18:25+00:00\" \/>\n<meta name=\"twitter:card\" content=\"summary_large_image\" \/>\n<meta name=\"twitter:label1\" content=\"Est. reading time\" \/>\n\t<meta name=\"twitter:data1\" content=\"2 minutes\" \/>\n<script type=\"application\/ld+json\" class=\"yoast-schema-graph\">{\"@context\":\"https:\\\/\\\/schema.org\",\"@graph\":[{\"@type\":[\"WebPage\",\"ItemPage\"],\"@id\":\"https:\\\/\\\/www.mexicanguitarplayers.com\\\/tienda\\\/sin categor\u00eda\\\/lampara-adj-inno-pocket-wash\\\/\",\"url\":\"https:\\\/\\\/www.mexicanguitarplayers.com\\\/tienda\\\/sin categor\u00eda\\\/lampara-adj-inno-pocket-wash\\\/\",\"name\":\"LAMPARA ADJ INNO POCKET WASH - Mexican Guitar Players\",\"isPartOf\":{\"@id\":\"https:\\\/\\\/www.mexicanguitarplayers.com\\\/#website\"},\"primaryImageOfPage\":{\"@id\":\"https:\\\/\\\/www.mexicanguitarplayers.com\\\/tienda\\\/sin categor\u00eda\\\/lampara-adj-inno-pocket-wash\\\/#primaryimage\"},\"image\":{\"@id\":\"https:\\\/\\\/www.mexicanguitarplayers.com\\\/tienda\\\/sin categor\u00eda\\\/lampara-adj-inno-pocket-wash\\\/#primaryimage\"},\"thumbnailUrl\":\"https:\\\/\\\/www.mexicanguitarplayers.com\\\/wp-content\\\/uploads\\\/2025\\\/04\\\/LUADJINN790.jpg\",\"datePublished\":\"2025-04-09T04:12:12+00:00\",\"dateModified\":\"2026-01-22T10:18:25+00:00\",\"description\":\"Mini cabeza m\u00f3vil con fuente de luz de alta capacidad blanco 4 x 10W Quad LED RGBW brillante, 3 modos de funcionamiento: Controlado por DMX, activado por sonido y modo de demostraci\u00f3n, 4 modos de canal DMX: 9\\\/11\\\/19\\\/21, 12 programas integrados, \u00e1ngulo de haz: 28 grados, 540\u00b0 de giro horizontal \\\/ 180\u00b0 de inclinaci\u00f3n (8-bit y 16-bit), modo inversi\u00f3n Pan\\\/Tilt, 5 curvas DIM seleccionables, modo inversi\u00f3n de Display, soporte Omega incluido, compatible con control remoto ADJ UC IR (no incluido), consumo de energ\u00eda: 64.5 watts m\u00e1ximo.\",\"breadcrumb\":{\"@id\":\"https:\\\/\\\/www.mexicanguitarplayers.com\\\/tienda\\\/sin categor\u00eda\\\/lampara-adj-inno-pocket-wash\\\/#breadcrumb\"},\"inLanguage\":\"en-US\",\"potentialAction\":[{\"@type\":\"ReadAction\",\"target\":[\"https:\\\/\\\/www.mexicanguitarplayers.com\\\/tienda\\\/sin categor\u00eda\\\/lampara-adj-inno-pocket-wash\\\/\"]}]},{\"@type\":\"ImageObject\",\"inLanguage\":\"en-US\",\"@id\":\"https:\\\/\\\/www.mexicanguitarplayers.com\\\/tienda\\\/sin categor\u00eda\\\/lampara-adj-inno-pocket-wash\\\/#primaryimage\",\"url\":\"https:\\\/\\\/www.mexicanguitarplayers.com\\\/wp-content\\\/uploads\\\/2025\\\/04\\\/LUADJINN790.jpg\",\"contentUrl\":\"https:\\\/\\\/www.mexicanguitarplayers.com\\\/wp-content\\\/uploads\\\/2025\\\/04\\\/LUADJINN790.jpg\",\"width\":1200,\"height\":1200},{\"@type\":\"BreadcrumbList\",\"@id\":\"https:\\\/\\\/www.mexicanguitarplayers.com\\\/tienda\\\/sin categor\u00eda\\\/lampara-adj-inno-pocket-wash\\\/#breadcrumb\",\"itemListElement\":[{\"@type\":\"ListItem\",\"position\":1,\"name\":\"Portada\",\"item\":\"https:\\\/\\\/www.mexicanguitarplayers.com\\\/\"},{\"@type\":\"ListItem\",\"position\":2,\"name\":\"Tienda\",\"item\":\"https:\\\/\\\/www.mexicanguitarplayers.com\\\/tienda\\\/\"},{\"@type\":\"ListItem\",\"position\":3,\"name\":\"LAMPARA ADJ INNO POCKET WASH\"}]},{\"@type\":\"WebSite\",\"@id\":\"https:\\\/\\\/www.mexicanguitarplayers.com\\\/#website\",\"url\":\"https:\\\/\\\/www.mexicanguitarplayers.com\\\/\",\"name\":\"Mexican Guitar Players\",\"description\":\"Website\",\"publisher\":{\"@id\":\"https:\\\/\\\/www.mexicanguitarplayers.com\\\/#organization\"},\"potentialAction\":[{\"@type\":\"SearchAction\",\"target\":{\"@type\":\"EntryPoint\",\"urlTemplate\":\"https:\\\/\\\/www.mexicanguitarplayers.com\\\/?s={search_term_string}\"},\"query-input\":{\"@type\":\"PropertyValueSpecification\",\"valueRequired\":true,\"valueName\":\"search_term_string\"}}],\"inLanguage\":\"en-US\"},{\"@type\":\"Organization\",\"@id\":\"https:\\\/\\\/www.mexicanguitarplayers.com\\\/#organization\",\"name\":\"Mexican Guitar Players\",\"url\":\"https:\\\/\\\/www.mexicanguitarplayers.com\\\/\",\"logo\":{\"@type\":\"ImageObject\",\"inLanguage\":\"en-US\",\"@id\":\"https:\\\/\\\/www.mexicanguitarplayers.com\\\/#\\\/schema\\\/logo\\\/image\\\/\",\"url\":\"\",\"contentUrl\":\"\",\"caption\":\"Mexican Guitar Players\"},\"image\":{\"@id\":\"https:\\\/\\\/www.mexicanguitarplayers.com\\\/#\\\/schema\\\/logo\\\/image\\\/\"}}]}<\/script>\n<!-- \/ Yoast SEO plugin. -->","yoast_head_json":{"title":"LAMPARA ADJ INNO POCKET WASH - Mexican Guitar Players","description":"Mini cabeza m\u00f3vil con fuente de luz de alta capacidad blanco 4 x 10W Quad LED RGBW brillante, 3 modos de funcionamiento: Controlado por DMX, activado por sonido y modo de demostraci\u00f3n, 4 modos de canal DMX: 9\/11\/19\/21, 12 programas integrados, \u00e1ngulo de haz: 28 grados, 540\u00b0 de giro horizontal \/ 180\u00b0 de inclinaci\u00f3n (8-bit y 16-bit), modo inversi\u00f3n Pan\/Tilt, 5 curvas DIM seleccionables, modo inversi\u00f3n de Display, soporte Omega incluido, compatible con control remoto ADJ UC IR (no incluido), consumo de energ\u00eda: 64.5 watts m\u00e1ximo.","robots":{"index":"index","follow":"follow","max-snippet":"max-snippet:-1","max-image-preview":"max-image-preview:large","max-video-preview":"max-video-preview:-1"},"canonical":"https:\/\/www.mexicanguitarplayers.com\/en\/tienda\/sin categor\u00eda\/lampara-adj-inno-pocket-wash\/","og_locale":"en_US","og_type":"article","og_title":"LAMPARA ADJ INNO POCKET WASH - Mexican Guitar Players","og_description":"Mini cabeza m\u00f3vil con fuente de luz de alta capacidad blanco 4 x 10W Quad LED RGBW brillante, 3 modos de funcionamiento: Controlado por DMX, activado por sonido y modo de demostraci\u00f3n, 4 modos de canal DMX: 9\/11\/19\/21, 12 programas integrados, \u00e1ngulo de haz: 28 grados, 540\u00b0 de giro horizontal \/ 180\u00b0 de inclinaci\u00f3n (8-bit y 16-bit), modo inversi\u00f3n Pan\/Tilt, 5 curvas DIM seleccionables, modo inversi\u00f3n de Display, soporte Omega incluido, compatible con control remoto ADJ UC IR (no incluido), consumo de energ\u00eda: 64.5 watts m\u00e1ximo.","og_url":"https:\/\/www.mexicanguitarplayers.com\/en\/tienda\/sin categor\u00eda\/lampara-adj-inno-pocket-wash\/","og_site_name":"Mexican Guitar Players","article_modified_time":"2026-01-22T10:18:25+00:00","twitter_card":"summary_large_image","twitter_misc":{"Est. reading time":"2 minutes"},"schema":{"@context":"https:\/\/schema.org","@graph":[{"@type":["WebPage","ItemPage"],"@id":"https:\/\/www.mexicanguitarplayers.com\/tienda\/sin categor\u00eda\/lampara-adj-inno-pocket-wash\/","url":"https:\/\/www.mexicanguitarplayers.com\/tienda\/sin categor\u00eda\/lampara-adj-inno-pocket-wash\/","name":"LAMPARA ADJ INNO POCKET WASH - Mexican Guitar Players","isPartOf":{"@id":"https:\/\/www.mexicanguitarplayers.com\/#website"},"primaryImageOfPage":{"@id":"https:\/\/www.mexicanguitarplayers.com\/tienda\/sin categor\u00eda\/lampara-adj-inno-pocket-wash\/#primaryimage"},"image":{"@id":"https:\/\/www.mexicanguitarplayers.com\/tienda\/sin categor\u00eda\/lampara-adj-inno-pocket-wash\/#primaryimage"},"thumbnailUrl":"https:\/\/www.mexicanguitarplayers.com\/wp-content\/uploads\/2025\/04\/LUADJINN790.jpg","datePublished":"2025-04-09T04:12:12+00:00","dateModified":"2026-01-22T10:18:25+00:00","description":"Mini cabeza m\u00f3vil con fuente de luz de alta capacidad blanco 4 x 10W Quad LED RGBW brillante, 3 modos de funcionamiento: Controlado por DMX, activado por sonido y modo de demostraci\u00f3n, 4 modos de canal DMX: 9\/11\/19\/21, 12 programas integrados, \u00e1ngulo de haz: 28 grados, 540\u00b0 de giro horizontal \/ 180\u00b0 de inclinaci\u00f3n (8-bit y 16-bit), modo inversi\u00f3n Pan\/Tilt, 5 curvas DIM seleccionables, modo inversi\u00f3n de Display, soporte Omega incluido, compatible con control remoto ADJ UC IR (no incluido), consumo de energ\u00eda: 64.5 watts m\u00e1ximo.","breadcrumb":{"@id":"https:\/\/www.mexicanguitarplayers.com\/tienda\/sin categor\u00eda\/lampara-adj-inno-pocket-wash\/#breadcrumb"},"inLanguage":"en-US","potentialAction":[{"@type":"ReadAction","target":["https:\/\/www.mexicanguitarplayers.com\/tienda\/sin categor\u00eda\/lampara-adj-inno-pocket-wash\/"]}]},{"@type":"ImageObject","inLanguage":"en-US","@id":"https:\/\/www.mexicanguitarplayers.com\/tienda\/sin categor\u00eda\/lampara-adj-inno-pocket-wash\/#primaryimage","url":"https:\/\/www.mexicanguitarplayers.com\/wp-content\/uploads\/2025\/04\/LUADJINN790.jpg","contentUrl":"https:\/\/www.mexicanguitarplayers.com\/wp-content\/uploads\/2025\/04\/LUADJINN790.jpg","width":1200,"height":1200},{"@type":"BreadcrumbList","@id":"https:\/\/www.mexicanguitarplayers.com\/tienda\/sin categor\u00eda\/lampara-adj-inno-pocket-wash\/#breadcrumb","itemListElement":[{"@type":"ListItem","position":1,"name":"Portada","item":"https:\/\/www.mexicanguitarplayers.com\/"},{"@type":"ListItem","position":2,"name":"Tienda","item":"https:\/\/www.mexicanguitarplayers.com\/tienda\/"},{"@type":"ListItem","position":3,"name":"LAMPARA ADJ INNO POCKET WASH"}]},{"@type":"WebSite","@id":"https:\/\/www.mexicanguitarplayers.com\/#website","url":"https:\/\/www.mexicanguitarplayers.com\/","name":"Mexican Guitar Players","description":"Website","publisher":{"@id":"https:\/\/www.mexicanguitarplayers.com\/#organization"},"potentialAction":[{"@type":"SearchAction","target":{"@type":"EntryPoint","urlTemplate":"https:\/\/www.mexicanguitarplayers.com\/?s={search_term_string}"},"query-input":{"@type":"PropertyValueSpecification","valueRequired":true,"valueName":"search_term_string"}}],"inLanguage":"en-US"},{"@type":"Organization","@id":"https:\/\/www.mexicanguitarplayers.com\/#organization","name":"Mexican Guitar Players","url":"https:\/\/www.mexicanguitarplayers.com\/","logo":{"@type":"ImageObject","inLanguage":"en-US","@id":"https:\/\/www.mexicanguitarplayers.com\/#\/schema\/logo\/image\/","url":"","contentUrl":"","caption":"Mexican Guitar Players"},"image":{"@id":"https:\/\/www.mexicanguitarplayers.com\/#\/schema\/logo\/image\/"}}]}},"brands":[{"id":556,"name":"ADJ","slug":"adj"}],"_links":{"self":[{"href":"https:\/\/www.mexicanguitarplayers.com\/en\/wp-json\/wp\/v2\/product\/35444","targetHints":{"allow":["GET"]}}],"collection":[{"href":"https:\/\/www.mexicanguitarplayers.com\/en\/wp-json\/wp\/v2\/product"}],"about":[{"href":"https:\/\/www.mexicanguitarplayers.com\/en\/wp-json\/wp\/v2\/types\/product"}],"replies":[{"embeddable":true,"href":"https:\/\/www.mexicanguitarplayers.com\/en\/wp-json\/wp\/v2\/comments?post=35444"}],"wp:featuredmedia":[{"embeddable":true,"href":"https:\/\/www.mexicanguitarplayers.com\/en\/wp-json\/wp\/v2\/media\/35443"}],"wp:attachment":[{"href":"https:\/\/www.mexicanguitarplayers.com\/en\/wp-json\/wp\/v2\/media?parent=35444"}],"wp:term":[{"taxonomy":"pwb-brand","embeddable":true,"href":"https:\/\/www.mexicanguitarplayers.com\/en\/wp-json\/wp\/v2\/pwb-brand?post=35444"},{"taxonomy":"product_brand","embeddable":true,"href":"https:\/\/www.mexicanguitarplayers.com\/en\/wp-json\/wp\/v2\/product_brand?post=35444"},{"taxonomy":"product_cat","embeddable":true,"href":"https:\/\/www.mexicanguitarplayers.com\/en\/wp-json\/wp\/v2\/product_cat?post=35444"},{"taxonomy":"product_tag","embeddable":true,"href":"https:\/\/www.mexicanguitarplayers.com\/en\/wp-json\/wp\/v2\/product_tag?post=35444"}],"curies":[{"name":"wp","href":"https:\/\/api.w.org\/{rel}","templated":true}]}}