{"id":35462,"date":"2025-04-08T22:12:40","date_gmt":"2025-04-09T04:12:40","guid":{"rendered":"https:\/\/www.mexicanguitarplayers.com\/tienda\/sin categor\u00eda\/receptor-akg-uhf-mod-sr40-div-us58\/"},"modified":"2026-04-10T04:28:16","modified_gmt":"2026-04-10T10:28:16","slug":"receptor-akg-uhf-mod-sr40-div-us58","status":"publish","type":"product","link":"https:\/\/www.mexicanguitarplayers.com\/en\/tienda\/audio\/sistema-de-monitoreo-personal\/transmisores-y-receptores-sistema-de-monitoreo-personal\/receptor-akg-uhf-mod-sr40-div-us58\/","title":{"rendered":"RECEPTOR AKG UHF     MOD. SR40 DIV.US58"},"content":{"rendered":"<div style=\"text-align: justify\">\n<div>\n<h3>Equipo inal\u00e1mbrico AKG de alto desempe\u00f1o<\/h3>\n<\/div>\n<div>Confiable receptor sencillo de utilizar, con supresor de ruido ajustable para una recepci\u00f3n libre de ruidos, antena plegable en el panel frontal para un sencillo uso en rack, frecuencia en c\u00f3digo de color y LED RF que indica el estado de recepci\u00f3n de la se\u00f1al. El receptor estacionario SR40 se puede utilizar con todos los transmisores de la serie WMS40. EL supresor de ruido ajustable y un control de nivel de salida permiten una se\u00f1al \u00f3ptima para ajustar se\u00f1ales a los equipos subsecuentes. Salidas profesionales XLR y Jack de 1\/4. Resistente carcasa para uso independiente o para montaje en rack. El concepto Plug&amp;Play y la frecuencia prestablecida fija permiten configurar y operar el SR40 de manera r\u00e1pida y eficiente en peque\u00f1os lugares como clubes, salas de conferencia o para presentaciones. Adem\u00e1s, puedes a\u00f1adir receptores para expandir cualquier sistema WMS40 a un m\u00e1ximo de cuatro canales inal\u00e1mbricos que operan simult\u00e1neamente en diferentes frecuencias. Funciona con una frecuencia portadora fija estabilizada por cuarzo en la gama de frecuencia portadora UHF de 710 MHz hasta 865 MHz. El modelo US 58 tiene una frecuencia de 734,600 MHz, color p\u00farpura.<\/div>\n<div>\n<h4>Quick look<\/h4>\n<\/div>\n<ul style=\"margin: 0px 0px 0px 25px\">\n<li style=\"list-style-type: circle;margin: 5px\">Frecuencia.<\/li>\n<li style=\"list-style-type: circle;margin: 5px\">Modulaci\u00f3n.<\/li>\n<li style=\"list-style-type: circle;margin: 5px\">Ancho de banda de transmisi\u00f3n audio.<\/li>\n<li style=\"list-style-type: circle;margin: 5px\">Estabilidad de frecuencia (-10\u00b0C hasta +50\u00b0C).<\/li>\n<li style=\"list-style-type: circle;margin: 5px\">Factor de distorsi\u00f3n no lineal con 1 kHz.<\/li>\n<li style=\"list-style-type: circle;margin: 5px\">Compandor.<\/li>\n<li style=\"list-style-type: circle;margin: 5px\">Signal to noise ratio.<\/li>\n<li style=\"list-style-type: circle;margin: 5px\">Consumo de corriente.<\/li>\n<li style=\"list-style-type: circle;margin: 5px\">Alimentaci\u00f3n de tensi\u00f3n.<\/li>\n<li style=\"list-style-type: circle;margin: 5px\">Sensibilidad de entrada.<\/li>\n<li style=\"list-style-type: circle;margin: 5px\">Salida de audio.<\/li>\n<li style=\"list-style-type: circle;margin: 5px\">Dimensions.<\/li>\n<li style=\"list-style-type: circle;margin: 5px\">Peso neto.<\/li>\n<\/ul>\n<div>\n<div style=\"font-weight: bold\">Frecuencia.<\/div>\n<div>\n<p>US58 &#8211; 734.600 MHz<\/p>\n<\/div>\n<div style=\"font-weight: bold\">Modulaci\u00f3n.<\/div>\n<div>\n<p>FM.<\/p>\n<\/div>\n<div style=\"font-weight: bold\">Ancho de banda de transmisi\u00f3n audio.<\/div>\n<div>\n<p>40-20,000 Hz.<\/p>\n<\/div>\n<div style=\"font-weight: bold\">Estabilidad de frecuencia (-10\u00b0C hasta +50\u00b0C).<\/div>\n<div>\n<p>\u00b115 kHz.<\/p>\n<\/div>\n<div style=\"font-weight: bold\">Factor de distorsi\u00f3n no lineal con 1 kHz.<\/div>\n<div>\n<p>Tip. 0,8%.<\/p>\n<\/div>\n<div style=\"font-weight: bold\">Compandor.<\/div>\n<div>\n<p>Yes.<\/p>\n<\/div>\n<div style=\"font-weight: bold\">Signal to noise ratio.<\/div>\n<div>\n<p>Tip. 108 dB(A).<\/p>\n<\/div>\n<div style=\"font-weight: bold\">Consumo de corriente.<\/div>\n<div>\n<p>110 \u00b115 mA.<\/p>\n<\/div>\n<div style=\"font-weight: bold\">Alimentaci\u00f3n de tensi\u00f3n.<\/div>\n<div>\n<p>12 &#8211; 16 V CC.<\/p>\n<\/div>\n<div style=\"font-weight: bold\">Sensibilidad de entrada.<\/div>\n<div>\n<p>Tip. -95 dBm.<\/p>\n<\/div>\n<div style=\"font-weight: bold\">Salida de audio.<\/div>\n<div>\n<p>XLR balanceado y Jack 6.3 mm no balanceado.Ajustable entre nivel de micr\u00f3fono y nivel line: 2 V rms m\u00e1x.<\/p>\n<\/div>\n<div style=\"font-weight: bold\">Dimensions.<\/div>\n<div>\n<p>200 x 135 x 42 mm.<\/p>\n<\/div>\n<div style=\"font-weight: bold\">Peso neto.<\/div>\n<div>\n<p>470 g.<\/p>\n<\/div>\n<\/div>\n<\/div>","protected":false},"excerpt":{"rendered":"<p>Receptor AKG UHF. Modelo: SR40 DIV.US58. Frecuencia: US58 &#8211; 734,600 MHz. Modulaci\u00f3n FM. Ancho de banda de transmisi\u00f3n de audio: 40 &#8211; 20.000 Hz. Relaci\u00f3n se\u00f1al aruido: 108 dB. Dimensiones: 200 x 135 x 42 mm. Peso: 470 g.&hellip; <a class=\"kt-excerpt-readmore more-link\" href=\"https:\/\/www.mexicanguitarplayers.com\/en\/tienda\/audio\/sistema-de-monitoreo-personal\/transmisores-y-receptores-sistema-de-monitoreo-personal\/receptor-akg-uhf-mod-sr40-div-us58\/\">Read more<\/a><\/p>","protected":false},"featured_media":35461,"comment_status":"open","ping_status":"closed","template":"","meta":{"kt_blocks_editor_width":""},"pwb-brand":[528],"product_brand":[],"product_cat":[213,244,245],"product_tag":[],"class_list":{"0":"post-35462","1":"product","2":"type-product","3":"status-publish","4":"has-post-thumbnail","6":"pwb-brand-akg","7":"product_cat-audio","8":"product_cat-sistema-de-monitoreo-personal","9":"product_cat-transmisores-y-receptores-sistema-de-monitoreo-personal","10":"product_shipping_class-0-5-kg","12":"first","13":"instock","14":"taxable","15":"shipping-taxable","16":"purchasable","17":"product-type-simple"},"yoast_head":"<!-- This site is optimized with the Yoast SEO plugin v27.5 - https:\/\/yoast.com\/product\/yoast-seo-wordpress\/ -->\n<title>RECEPTOR AKG UHF   MOD. SR40 DIV.US58 - Mexican Guitar Players<\/title>\n<meta name=\"description\" content=\"Receptor AKG UHF. Modelo: SR40 DIV.US58. Frecuencia: US58 - 734,600 MHz. Modulaci\u00f3n FM. Ancho de banda de transmisi\u00f3n de audio: 40 - 20.000 Hz. Relaci\u00f3n se\u00f1al aruido: 108 dB. Dimensiones: 200 x 135 x 42 mm. Peso: 470 g.\" \/>\n<meta name=\"robots\" content=\"index, follow, max-snippet:-1, max-image-preview:large, max-video-preview:-1\" \/>\n<link rel=\"canonical\" href=\"https:\/\/www.mexicanguitarplayers.com\/en\/tienda\/sin%20categor\u00eda\/receptor-akg-uhf-mod-sr40-div-us58\/\" \/>\n<meta property=\"og:locale\" content=\"en_US\" \/>\n<meta property=\"og:type\" content=\"article\" \/>\n<meta property=\"og:title\" content=\"RECEPTOR AKG UHF   MOD. SR40 DIV.US58 - Mexican Guitar Players\" \/>\n<meta property=\"og:description\" content=\"Receptor AKG UHF. Modelo: SR40 DIV.US58. Frecuencia: US58 - 734,600 MHz. Modulaci\u00f3n FM. Ancho de banda de transmisi\u00f3n de audio: 40 - 20.000 Hz. Relaci\u00f3n se\u00f1al aruido: 108 dB. Dimensiones: 200 x 135 x 42 mm. Peso: 470 g.\" \/>\n<meta property=\"og:url\" content=\"https:\/\/www.mexicanguitarplayers.com\/en\/tienda\/sin categor\u00eda\/receptor-akg-uhf-mod-sr40-div-us58\/\" \/>\n<meta property=\"og:site_name\" content=\"Mexican Guitar Players\" \/>\n<meta property=\"article:modified_time\" content=\"2026-04-10T10:28:16+00:00\" \/>\n<meta name=\"twitter:card\" content=\"summary_large_image\" \/>\n<meta name=\"twitter:label1\" content=\"Est. reading time\" \/>\n\t<meta name=\"twitter:data1\" content=\"2 minutes\" \/>\n<script type=\"application\/ld+json\" class=\"yoast-schema-graph\">{\"@context\":\"https:\\\/\\\/schema.org\",\"@graph\":[{\"@type\":[\"WebPage\",\"ItemPage\"],\"@id\":\"https:\\\/\\\/www.mexicanguitarplayers.com\\\/tienda\\\/sin categor\u00eda\\\/receptor-akg-uhf-mod-sr40-div-us58\\\/\",\"url\":\"https:\\\/\\\/www.mexicanguitarplayers.com\\\/tienda\\\/sin categor\u00eda\\\/receptor-akg-uhf-mod-sr40-div-us58\\\/\",\"name\":\"RECEPTOR AKG UHF MOD. SR40 DIV.US58 - Mexican Guitar Players\",\"isPartOf\":{\"@id\":\"https:\\\/\\\/www.mexicanguitarplayers.com\\\/#website\"},\"primaryImageOfPage\":{\"@id\":\"https:\\\/\\\/www.mexicanguitarplayers.com\\\/tienda\\\/sin categor\u00eda\\\/receptor-akg-uhf-mod-sr40-div-us58\\\/#primaryimage\"},\"image\":{\"@id\":\"https:\\\/\\\/www.mexicanguitarplayers.com\\\/tienda\\\/sin categor\u00eda\\\/receptor-akg-uhf-mod-sr40-div-us58\\\/#primaryimage\"},\"thumbnailUrl\":\"https:\\\/\\\/www.mexicanguitarplayers.com\\\/wp-content\\\/uploads\\\/2025\\\/04\\\/IAAKGSR40DU58.jpg\",\"datePublished\":\"2025-04-09T04:12:40+00:00\",\"dateModified\":\"2026-04-10T10:28:16+00:00\",\"description\":\"Receptor AKG UHF. Modelo: SR40 DIV.US58. Frecuencia: US58 - 734,600 MHz. Modulaci\u00f3n FM. Ancho de banda de transmisi\u00f3n de audio: 40 - 20.000 Hz. Relaci\u00f3n se\u00f1al aruido: 108 dB. Dimensiones: 200 x 135 x 42 mm. Peso: 470 g.\",\"breadcrumb\":{\"@id\":\"https:\\\/\\\/www.mexicanguitarplayers.com\\\/tienda\\\/sin categor\u00eda\\\/receptor-akg-uhf-mod-sr40-div-us58\\\/#breadcrumb\"},\"inLanguage\":\"en-US\",\"potentialAction\":[{\"@type\":\"ReadAction\",\"target\":[\"https:\\\/\\\/www.mexicanguitarplayers.com\\\/tienda\\\/sin categor\u00eda\\\/receptor-akg-uhf-mod-sr40-div-us58\\\/\"]}]},{\"@type\":\"ImageObject\",\"inLanguage\":\"en-US\",\"@id\":\"https:\\\/\\\/www.mexicanguitarplayers.com\\\/tienda\\\/sin categor\u00eda\\\/receptor-akg-uhf-mod-sr40-div-us58\\\/#primaryimage\",\"url\":\"https:\\\/\\\/www.mexicanguitarplayers.com\\\/wp-content\\\/uploads\\\/2025\\\/04\\\/IAAKGSR40DU58.jpg\",\"contentUrl\":\"https:\\\/\\\/www.mexicanguitarplayers.com\\\/wp-content\\\/uploads\\\/2025\\\/04\\\/IAAKGSR40DU58.jpg\",\"width\":1200,\"height\":1200},{\"@type\":\"BreadcrumbList\",\"@id\":\"https:\\\/\\\/www.mexicanguitarplayers.com\\\/tienda\\\/sin categor\u00eda\\\/receptor-akg-uhf-mod-sr40-div-us58\\\/#breadcrumb\",\"itemListElement\":[{\"@type\":\"ListItem\",\"position\":1,\"name\":\"Portada\",\"item\":\"https:\\\/\\\/www.mexicanguitarplayers.com\\\/\"},{\"@type\":\"ListItem\",\"position\":2,\"name\":\"Tienda\",\"item\":\"https:\\\/\\\/www.mexicanguitarplayers.com\\\/tienda\\\/\"},{\"@type\":\"ListItem\",\"position\":3,\"name\":\"RECEPTOR AKG UHF MOD. SR40 DIV.US58\"}]},{\"@type\":\"WebSite\",\"@id\":\"https:\\\/\\\/www.mexicanguitarplayers.com\\\/#website\",\"url\":\"https:\\\/\\\/www.mexicanguitarplayers.com\\\/\",\"name\":\"Mexican Guitar Players\",\"description\":\"Website\",\"publisher\":{\"@id\":\"https:\\\/\\\/www.mexicanguitarplayers.com\\\/#organization\"},\"potentialAction\":[{\"@type\":\"SearchAction\",\"target\":{\"@type\":\"EntryPoint\",\"urlTemplate\":\"https:\\\/\\\/www.mexicanguitarplayers.com\\\/?s={search_term_string}\"},\"query-input\":{\"@type\":\"PropertyValueSpecification\",\"valueRequired\":true,\"valueName\":\"search_term_string\"}}],\"inLanguage\":\"en-US\"},{\"@type\":\"Organization\",\"@id\":\"https:\\\/\\\/www.mexicanguitarplayers.com\\\/#organization\",\"name\":\"Mexican Guitar Players\",\"url\":\"https:\\\/\\\/www.mexicanguitarplayers.com\\\/\",\"logo\":{\"@type\":\"ImageObject\",\"inLanguage\":\"en-US\",\"@id\":\"https:\\\/\\\/www.mexicanguitarplayers.com\\\/#\\\/schema\\\/logo\\\/image\\\/\",\"url\":\"\",\"contentUrl\":\"\",\"caption\":\"Mexican Guitar Players\"},\"image\":{\"@id\":\"https:\\\/\\\/www.mexicanguitarplayers.com\\\/#\\\/schema\\\/logo\\\/image\\\/\"}}]}<\/script>\n<!-- \/ Yoast SEO plugin. -->","yoast_head_json":{"title":"RECEPTOR AKG UHF   MOD. SR40 DIV.US58 - Mexican Guitar Players","description":"Receptor AKG UHF. Modelo: SR40 DIV.US58. Frecuencia: US58 - 734,600 MHz. Modulaci\u00f3n FM. Ancho de banda de transmisi\u00f3n de audio: 40 - 20.000 Hz. Relaci\u00f3n se\u00f1al aruido: 108 dB. Dimensiones: 200 x 135 x 42 mm. Peso: 470 g.","robots":{"index":"index","follow":"follow","max-snippet":"max-snippet:-1","max-image-preview":"max-image-preview:large","max-video-preview":"max-video-preview:-1"},"canonical":"https:\/\/www.mexicanguitarplayers.com\/en\/tienda\/sin categor\u00eda\/receptor-akg-uhf-mod-sr40-div-us58\/","og_locale":"en_US","og_type":"article","og_title":"RECEPTOR AKG UHF   MOD. SR40 DIV.US58 - Mexican Guitar Players","og_description":"Receptor AKG UHF. Modelo: SR40 DIV.US58. Frecuencia: US58 - 734,600 MHz. Modulaci\u00f3n FM. Ancho de banda de transmisi\u00f3n de audio: 40 - 20.000 Hz. Relaci\u00f3n se\u00f1al aruido: 108 dB. Dimensiones: 200 x 135 x 42 mm. Peso: 470 g.","og_url":"https:\/\/www.mexicanguitarplayers.com\/en\/tienda\/sin categor\u00eda\/receptor-akg-uhf-mod-sr40-div-us58\/","og_site_name":"Mexican Guitar Players","article_modified_time":"2026-04-10T10:28:16+00:00","twitter_card":"summary_large_image","twitter_misc":{"Est. reading time":"2 minutes"},"schema":{"@context":"https:\/\/schema.org","@graph":[{"@type":["WebPage","ItemPage"],"@id":"https:\/\/www.mexicanguitarplayers.com\/tienda\/sin categor\u00eda\/receptor-akg-uhf-mod-sr40-div-us58\/","url":"https:\/\/www.mexicanguitarplayers.com\/tienda\/sin categor\u00eda\/receptor-akg-uhf-mod-sr40-div-us58\/","name":"RECEPTOR AKG UHF MOD. SR40 DIV.US58 - Mexican Guitar Players","isPartOf":{"@id":"https:\/\/www.mexicanguitarplayers.com\/#website"},"primaryImageOfPage":{"@id":"https:\/\/www.mexicanguitarplayers.com\/tienda\/sin categor\u00eda\/receptor-akg-uhf-mod-sr40-div-us58\/#primaryimage"},"image":{"@id":"https:\/\/www.mexicanguitarplayers.com\/tienda\/sin categor\u00eda\/receptor-akg-uhf-mod-sr40-div-us58\/#primaryimage"},"thumbnailUrl":"https:\/\/www.mexicanguitarplayers.com\/wp-content\/uploads\/2025\/04\/IAAKGSR40DU58.jpg","datePublished":"2025-04-09T04:12:40+00:00","dateModified":"2026-04-10T10:28:16+00:00","description":"Receptor AKG UHF. Modelo: SR40 DIV.US58. Frecuencia: US58 - 734,600 MHz. Modulaci\u00f3n FM. Ancho de banda de transmisi\u00f3n de audio: 40 - 20.000 Hz. Relaci\u00f3n se\u00f1al aruido: 108 dB. Dimensiones: 200 x 135 x 42 mm. Peso: 470 g.","breadcrumb":{"@id":"https:\/\/www.mexicanguitarplayers.com\/tienda\/sin categor\u00eda\/receptor-akg-uhf-mod-sr40-div-us58\/#breadcrumb"},"inLanguage":"en-US","potentialAction":[{"@type":"ReadAction","target":["https:\/\/www.mexicanguitarplayers.com\/tienda\/sin categor\u00eda\/receptor-akg-uhf-mod-sr40-div-us58\/"]}]},{"@type":"ImageObject","inLanguage":"en-US","@id":"https:\/\/www.mexicanguitarplayers.com\/tienda\/sin categor\u00eda\/receptor-akg-uhf-mod-sr40-div-us58\/#primaryimage","url":"https:\/\/www.mexicanguitarplayers.com\/wp-content\/uploads\/2025\/04\/IAAKGSR40DU58.jpg","contentUrl":"https:\/\/www.mexicanguitarplayers.com\/wp-content\/uploads\/2025\/04\/IAAKGSR40DU58.jpg","width":1200,"height":1200},{"@type":"BreadcrumbList","@id":"https:\/\/www.mexicanguitarplayers.com\/tienda\/sin categor\u00eda\/receptor-akg-uhf-mod-sr40-div-us58\/#breadcrumb","itemListElement":[{"@type":"ListItem","position":1,"name":"Portada","item":"https:\/\/www.mexicanguitarplayers.com\/"},{"@type":"ListItem","position":2,"name":"Tienda","item":"https:\/\/www.mexicanguitarplayers.com\/tienda\/"},{"@type":"ListItem","position":3,"name":"RECEPTOR AKG UHF MOD. SR40 DIV.US58"}]},{"@type":"WebSite","@id":"https:\/\/www.mexicanguitarplayers.com\/#website","url":"https:\/\/www.mexicanguitarplayers.com\/","name":"Mexican Guitar Players","description":"Website","publisher":{"@id":"https:\/\/www.mexicanguitarplayers.com\/#organization"},"potentialAction":[{"@type":"SearchAction","target":{"@type":"EntryPoint","urlTemplate":"https:\/\/www.mexicanguitarplayers.com\/?s={search_term_string}"},"query-input":{"@type":"PropertyValueSpecification","valueRequired":true,"valueName":"search_term_string"}}],"inLanguage":"en-US"},{"@type":"Organization","@id":"https:\/\/www.mexicanguitarplayers.com\/#organization","name":"Mexican Guitar Players","url":"https:\/\/www.mexicanguitarplayers.com\/","logo":{"@type":"ImageObject","inLanguage":"en-US","@id":"https:\/\/www.mexicanguitarplayers.com\/#\/schema\/logo\/image\/","url":"","contentUrl":"","caption":"Mexican Guitar Players"},"image":{"@id":"https:\/\/www.mexicanguitarplayers.com\/#\/schema\/logo\/image\/"}}]}},"brands":[{"id":528,"name":"AKG","slug":"akg"}],"_links":{"self":[{"href":"https:\/\/www.mexicanguitarplayers.com\/en\/wp-json\/wp\/v2\/product\/35462","targetHints":{"allow":["GET"]}}],"collection":[{"href":"https:\/\/www.mexicanguitarplayers.com\/en\/wp-json\/wp\/v2\/product"}],"about":[{"href":"https:\/\/www.mexicanguitarplayers.com\/en\/wp-json\/wp\/v2\/types\/product"}],"replies":[{"embeddable":true,"href":"https:\/\/www.mexicanguitarplayers.com\/en\/wp-json\/wp\/v2\/comments?post=35462"}],"wp:featuredmedia":[{"embeddable":true,"href":"https:\/\/www.mexicanguitarplayers.com\/en\/wp-json\/wp\/v2\/media\/35461"}],"wp:attachment":[{"href":"https:\/\/www.mexicanguitarplayers.com\/en\/wp-json\/wp\/v2\/media?parent=35462"}],"wp:term":[{"taxonomy":"pwb-brand","embeddable":true,"href":"https:\/\/www.mexicanguitarplayers.com\/en\/wp-json\/wp\/v2\/pwb-brand?post=35462"},{"taxonomy":"product_brand","embeddable":true,"href":"https:\/\/www.mexicanguitarplayers.com\/en\/wp-json\/wp\/v2\/product_brand?post=35462"},{"taxonomy":"product_cat","embeddable":true,"href":"https:\/\/www.mexicanguitarplayers.com\/en\/wp-json\/wp\/v2\/product_cat?post=35462"},{"taxonomy":"product_tag","embeddable":true,"href":"https:\/\/www.mexicanguitarplayers.com\/en\/wp-json\/wp\/v2\/product_tag?post=35462"}],"curies":[{"name":"wp","href":"https:\/\/api.w.org\/{rel}","templated":true}]}}