{"id":35534,"date":"2025-04-08T22:14:16","date_gmt":"2025-04-09T04:14:16","guid":{"rendered":"https:\/\/www.mexicanguitarplayers.com\/tienda\/sin categor\u00eda\/guitarra-schecter-elec-zv-custom-reissue\/"},"modified":"2026-04-10T04:28:10","modified_gmt":"2026-04-10T10:28:10","slug":"guitarra-schecter-elec-zv-custom-reissue","status":"publish","type":"product","link":"https:\/\/www.mexicanguitarplayers.com\/en\/tienda\/cuerdas\/guitarras-cuerdas\/electricas\/guitarras-electricas-solidas\/guitarra-schecter-elec-zv-custom-reissue\/","title":{"rendered":"GUITARRA SCHECTER ELEC ZV CUSTOM REISSUE"},"content":{"rendered":"<div style=\"text-align: justify\">\n<div>\n<h3>Suena como los grandes.<\/h3>\n<\/div>\n<div>La guitarra el\u00e9ctrica Custom Reissue de Schecter Zacky Vengeance es la colaboraci\u00f3n entre Schecter y Zack Vengeance de Avenged Sevenfold para crear esta incre\u00edble guitarra. Con las pastillas Seymour Duncan JB, la Reissue puedes empacar punch cuando sea necesario mientras que tambi\u00e9n ofrece tonos ligeros, perfectos para tocar una amplia gama de m\u00fasica. La guitarra tiene cuerpo y brazo de caoba con diapas\u00f3n de palo de rosa de 22 trastes, maquinaria Grover, un puente TonePros y se le da una vista de color cereza transparente con un gr\u00e1fico 6661. La reedici\u00f3n personalizada de Schecter tiene un cuerpo construido de caoba de alta calidad para producir tonos potentes. El cuerpo de caoba ofrece tonos naturalmente ricos y c\u00e1lidos, con un equilibrio de molido y mordida para crear bajos y agudos atractivos. La madera ofrece a la guitarra excelentes cantidades de profundidad y ayuda a proporcionar un sustain incre\u00edble.<\/div>\n<div>\n<h4>Quick look<\/h4>\n<\/div>\n<ul style=\"margin: 0px 0px 0px 25px\">\n<li style=\"list-style-type: circle;margin: 5px\">Kind.<\/li>\n<li style=\"list-style-type: circle;margin: 5px\">Cuerpo.<\/li>\n<li style=\"list-style-type: circle;margin: 5px\">Hardware.<\/li>\n<li style=\"list-style-type: circle;margin: 5px\">Contorno de la tapa.<\/li>\n<li style=\"list-style-type: circle;margin: 5px\">Construcci\u00f3n.<\/li>\n<li style=\"list-style-type: circle;margin: 5px\">Uni\u00f3n.<\/li>\n<li style=\"list-style-type: circle;margin: 5px\">Arm.<\/li>\n<li style=\"list-style-type: circle;margin: 5px\">Forma del brazo.<\/li>\n<li style=\"list-style-type: circle;margin: 5px\">Bridge.<\/li>\n<li style=\"list-style-type: circle;margin: 5px\">Machinery.<\/li>\n<li style=\"list-style-type: circle;margin: 5px\">Diapason.<\/li>\n<li style=\"list-style-type: circle;margin: 5px\">Radio del diapas\u00f3n.<\/li>\n<li style=\"list-style-type: circle;margin: 5px\">Scale.<\/li>\n<li style=\"list-style-type: circle;margin: 5px\">Scale.<\/li>\n<li style=\"list-style-type: circle;margin: 5px\">Espesor.<\/li>\n<li style=\"list-style-type: circle;margin: 5px\">Frets<\/li>\n<li style=\"list-style-type: circle;margin: 5px\">Nut.<\/li>\n<li style=\"list-style-type: circle;margin: 5px\">Ancho de la cejuela.<\/li>\n<li style=\"list-style-type: circle;margin: 5px\">Alma<\/li>\n<li style=\"list-style-type: circle;margin: 5px\">Controls<\/li>\n<li style=\"list-style-type: circle;margin: 5px\">Selector.<\/li>\n<li style=\"list-style-type: circle;margin: 5px\">Pastillas.<\/li>\n<li style=\"list-style-type: circle;margin: 5px\">Accesorios.<\/li>\n<\/ul>\n<div>\n<div style=\"font-weight: bold\">Kind.<\/div>\n<div>\n<p>Solid electric guitar.<\/p>\n<\/div>\n<div style=\"font-weight: bold\">Cuerpo.<\/div>\n<div>\n<p>Mahogany.<\/p>\n<\/div>\n<div style=\"font-weight: bold\">Hardware.<\/div>\n<div>\n<p>Cromado.<\/p>\n<\/div>\n<div style=\"font-weight: bold\">Contorno de la tapa.<\/div>\n<div>\n<p>Plana con borde biselado.<\/p>\n<\/div>\n<div style=\"font-weight: bold\">Construcci\u00f3n.<\/div>\n<div>\n<p>Set-Neck.<\/p>\n<\/div>\n<div style=\"font-weight: bold\">Uni\u00f3n.<\/div>\n<div>\n<p>Creme, una capa.<\/p>\n<\/div>\n<div style=\"font-weight: bold\">Arm.<\/div>\n<div>\n<p>3 piezas de caoba.<\/p>\n<\/div>\n<div style=\"font-weight: bold\">Forma del brazo.<\/div>\n<div>\n<p>C thin.<\/p>\n<\/div>\n<div style=\"font-weight: bold\">Bridge.<\/div>\n<div>\n<p>TonePros T3BT TOM &amp; T1Z Tailpiece.<\/p>\n<\/div>\n<div style=\"font-weight: bold\">Machinery.<\/div>\n<div>\n<p>Grover.<\/p>\n<\/div>\n<div style=\"font-weight: bold\">Diapason.<\/div>\n<div>\n<p>Rosewood.<\/p>\n<\/div>\n<div style=\"font-weight: bold\">Radio del diapas\u00f3n.<\/div>\n<div>\n<p>14 &quot;(355mm).<\/p>\n<\/div>\n<div style=\"font-weight: bold\">Scale.<\/div>\n<div>\n<p>MOP y corona abalone con dise\u00f1o 6661 en el traste 12.<\/p>\n<\/div>\n<div style=\"font-weight: bold\">Scale.<\/div>\n<div>\n<p>24.75\u201d (628 mm).<\/p>\n<\/div>\n<div style=\"font-weight: bold\">Espesor.<\/div>\n<div>\n<p>At the 1st fret: .787 \u201d(20mm) and at the 12th fret: .866\u201d (22mm).<\/p>\n<\/div>\n<div style=\"font-weight: bold\">Frets<\/div>\n<div>\n<p>22 trastes X-Jumbo.<\/p>\n<\/div>\n<div style=\"font-weight: bold\">Nut.<\/div>\n<div>\n<p>Graph Tech XL Black Tusq.<\/p>\n<\/div>\n<div style=\"font-weight: bold\">Ancho de la cejuela.<\/div>\n<div>\n<p>1,653 \u201d(42mm).<\/p>\n<\/div>\n<div style=\"font-weight: bold\">Alma<\/div>\n<div>\n<p>Alma ajustable de 2 v\u00edas con tuerca Allen 5\/32\u201d (4 mm).<\/p>\n<\/div>\n<div style=\"font-weight: bold\">Controls<\/div>\n<div>\n<p>2 volumes and 1 tone (Push-Pull).<\/p>\n<\/div>\n<div style=\"font-weight: bold\">Selector.<\/div>\n<div>\n<p>3 positions.<\/p>\n<\/div>\n<div style=\"font-weight: bold\">Pastillas.<\/div>\n<div>\n<p>Pastilla del puente: Seymour Duncan JB SH-4B. Pastilla del brazo: Seymour Duncan JB SH-4N.<\/p>\n<\/div>\n<div style=\"font-weight: bold\">Accesorios.<\/div>\n<div>\n<p>Perillas de velocidad Deathbat personalizadas.<\/p>\n<\/div>\n<\/div>\n<\/div>","protected":false},"excerpt":{"rendered":"<p>Guitarra el\u00e9ctrica s\u00f3lida, tapa plana con borde biselado, cuerpo de caoba, hardware cromado, construcci\u00f3n Set-Neck, brazo C delgado de 3 piezas de caoba, puente TonePros T3BT TOM &amp; T1Z Tailpiece, maquinaria Grover, diapas\u00f3n de palo de rosa, incrustaciones MOP y corona abalone con dise\u00f1o 6661 en el traste 12, escala: 24.75\u201d (628 mm), 22 trastes X-Jumbo, cejuela Graph Tech XL Black Tusq de 1.653\u201d (42 mm) de ancho, alma ajustable de 2 v\u00edas con tuerca Allen 5\/32\u201d (4 mm), 2 vol\u00famenes y 1 tono (Push-Pull), selector de 3 posiciones, pastilla del puente: Seymour Duncan JB SH-4B, pastilla del brazo: Seymour Duncan JB SH-4N, perillas de velocidad Deathbat personalizadas.&hellip; <a class=\"kt-excerpt-readmore more-link\" href=\"https:\/\/www.mexicanguitarplayers.com\/en\/tienda\/cuerdas\/guitarras-cuerdas\/electricas\/guitarras-electricas-solidas\/guitarra-schecter-elec-zv-custom-reissue\/\">Read more<\/a><\/p>","protected":false},"featured_media":35526,"comment_status":"open","ping_status":"closed","template":"","meta":{"kt_blocks_editor_width":""},"pwb-brand":[175],"product_brand":[],"product_cat":[224,313,312,314],"product_tag":[],"class_list":{"0":"post-35534","1":"product","2":"type-product","3":"status-publish","4":"has-post-thumbnail","6":"pwb-brand-schecter","7":"product_cat-cuerdas","8":"product_cat-electricas","9":"product_cat-guitarras-cuerdas","10":"product_cat-guitarras-electricas-solidas","11":"product_shipping_class-0-5-kg","13":"first","14":"outofstock","15":"taxable","16":"shipping-taxable","17":"purchasable","18":"product-type-simple"},"yoast_head":"<!-- This site is optimized with the Yoast SEO plugin v27.5 - https:\/\/yoast.com\/product\/yoast-seo-wordpress\/ -->\n<title>GUITARRA SCHECTER ELEC ZV CUSTOM REISSUE - Mexican Guitar Players<\/title>\n<meta name=\"description\" content=\"Guitarra el\u00e9ctrica s\u00f3lida, tapa plana con borde biselado, cuerpo de caoba, hardware cromado, construcci\u00f3n Set-Neck, brazo C delgado de 3 piezas de caoba, puente TonePros T3BT TOM &amp; T1Z Tailpiece, maquinaria Grover, diapas\u00f3n de palo de rosa, incrustaciones MOP y corona abalone con dise\u00f1o 6661 en el traste 12, escala: 24.75\u201d (628 mm), 22 trastes X-Jumbo, cejuela Graph Tech XL Black Tusq de 1.653\u201d (42 mm) de ancho, alma ajustable de 2 v\u00edas con tuerca Allen 5\/32\u201d (4 mm), 2 vol\u00famenes y 1 tono (Push-Pull), selector de 3 posiciones, pastilla del puente: Seymour Duncan JB SH-4B, pastilla del brazo: Seymour Duncan JB SH-4N, perillas de velocidad Deathbat personalizadas.\" \/>\n<meta name=\"robots\" content=\"index, follow, max-snippet:-1, max-image-preview:large, max-video-preview:-1\" \/>\n<link rel=\"canonical\" href=\"https:\/\/www.mexicanguitarplayers.com\/en\/tienda\/sin%20categor\u00eda\/guitarra-schecter-elec-zv-custom-reissue\/\" \/>\n<meta property=\"og:locale\" content=\"en_US\" \/>\n<meta property=\"og:type\" content=\"article\" \/>\n<meta property=\"og:title\" content=\"GUITARRA SCHECTER ELEC ZV CUSTOM REISSUE - Mexican Guitar Players\" \/>\n<meta property=\"og:description\" content=\"Guitarra el\u00e9ctrica s\u00f3lida, tapa plana con borde biselado, cuerpo de caoba, hardware cromado, construcci\u00f3n Set-Neck, brazo C delgado de 3 piezas de caoba, puente TonePros T3BT TOM &amp; T1Z Tailpiece, maquinaria Grover, diapas\u00f3n de palo de rosa, incrustaciones MOP y corona abalone con dise\u00f1o 6661 en el traste 12, escala: 24.75\u201d (628 mm), 22 trastes X-Jumbo, cejuela Graph Tech XL Black Tusq de 1.653\u201d (42 mm) de ancho, alma ajustable de 2 v\u00edas con tuerca Allen 5\/32\u201d (4 mm), 2 vol\u00famenes y 1 tono (Push-Pull), selector de 3 posiciones, pastilla del puente: Seymour Duncan JB SH-4B, pastilla del brazo: Seymour Duncan JB SH-4N, perillas de velocidad Deathbat personalizadas.\" \/>\n<meta property=\"og:url\" content=\"https:\/\/www.mexicanguitarplayers.com\/en\/tienda\/sin categor\u00eda\/guitarra-schecter-elec-zv-custom-reissue\/\" \/>\n<meta property=\"og:site_name\" content=\"Mexican Guitar Players\" \/>\n<meta property=\"article:modified_time\" content=\"2026-04-10T10:28:10+00:00\" \/>\n<meta name=\"twitter:card\" content=\"summary_large_image\" \/>\n<meta name=\"twitter:label1\" content=\"Est. reading time\" \/>\n\t<meta name=\"twitter:data1\" content=\"2 minutes\" \/>\n<script type=\"application\/ld+json\" class=\"yoast-schema-graph\">{\"@context\":\"https:\\\/\\\/schema.org\",\"@graph\":[{\"@type\":[\"WebPage\",\"ItemPage\"],\"@id\":\"https:\\\/\\\/www.mexicanguitarplayers.com\\\/tienda\\\/sin categor\u00eda\\\/guitarra-schecter-elec-zv-custom-reissue\\\/\",\"url\":\"https:\\\/\\\/www.mexicanguitarplayers.com\\\/tienda\\\/sin categor\u00eda\\\/guitarra-schecter-elec-zv-custom-reissue\\\/\",\"name\":\"GUITARRA SCHECTER ELEC ZV CUSTOM REISSUE - Mexican Guitar Players\",\"isPartOf\":{\"@id\":\"https:\\\/\\\/www.mexicanguitarplayers.com\\\/#website\"},\"primaryImageOfPage\":{\"@id\":\"https:\\\/\\\/www.mexicanguitarplayers.com\\\/tienda\\\/sin categor\u00eda\\\/guitarra-schecter-elec-zv-custom-reissue\\\/#primaryimage\"},\"image\":{\"@id\":\"https:\\\/\\\/www.mexicanguitarplayers.com\\\/tienda\\\/sin categor\u00eda\\\/guitarra-schecter-elec-zv-custom-reissue\\\/#primaryimage\"},\"thumbnailUrl\":\"https:\\\/\\\/www.mexicanguitarplayers.com\\\/wp-content\\\/uploads\\\/2025\\\/04\\\/ISSCCZVCUSTOMR.jpg\",\"datePublished\":\"2025-04-09T04:14:16+00:00\",\"dateModified\":\"2026-04-10T10:28:10+00:00\",\"description\":\"Guitarra el\u00e9ctrica s\u00f3lida, tapa plana con borde biselado, cuerpo de caoba, hardware cromado, construcci\u00f3n Set-Neck, brazo C delgado de 3 piezas de caoba, puente TonePros T3BT TOM &amp; T1Z Tailpiece, maquinaria Grover, diapas\u00f3n de palo de rosa, incrustaciones MOP y corona abalone con dise\u00f1o 6661 en el traste 12, escala: 24.75\u201d (628 mm), 22 trastes X-Jumbo, cejuela Graph Tech XL Black Tusq de 1.653\u201d (42 mm) de ancho, alma ajustable de 2 v\u00edas con tuerca Allen 5\\\/32\u201d (4 mm), 2 vol\u00famenes y 1 tono (Push-Pull), selector de 3 posiciones, pastilla del puente: Seymour Duncan JB SH-4B, pastilla del brazo: Seymour Duncan JB SH-4N, perillas de velocidad Deathbat personalizadas.\",\"breadcrumb\":{\"@id\":\"https:\\\/\\\/www.mexicanguitarplayers.com\\\/tienda\\\/sin categor\u00eda\\\/guitarra-schecter-elec-zv-custom-reissue\\\/#breadcrumb\"},\"inLanguage\":\"en-US\",\"potentialAction\":[{\"@type\":\"ReadAction\",\"target\":[\"https:\\\/\\\/www.mexicanguitarplayers.com\\\/tienda\\\/sin categor\u00eda\\\/guitarra-schecter-elec-zv-custom-reissue\\\/\"]}]},{\"@type\":\"ImageObject\",\"inLanguage\":\"en-US\",\"@id\":\"https:\\\/\\\/www.mexicanguitarplayers.com\\\/tienda\\\/sin categor\u00eda\\\/guitarra-schecter-elec-zv-custom-reissue\\\/#primaryimage\",\"url\":\"https:\\\/\\\/www.mexicanguitarplayers.com\\\/wp-content\\\/uploads\\\/2025\\\/04\\\/ISSCCZVCUSTOMR.jpg\",\"contentUrl\":\"https:\\\/\\\/www.mexicanguitarplayers.com\\\/wp-content\\\/uploads\\\/2025\\\/04\\\/ISSCCZVCUSTOMR.jpg\",\"width\":800,\"height\":1600},{\"@type\":\"BreadcrumbList\",\"@id\":\"https:\\\/\\\/www.mexicanguitarplayers.com\\\/tienda\\\/sin categor\u00eda\\\/guitarra-schecter-elec-zv-custom-reissue\\\/#breadcrumb\",\"itemListElement\":[{\"@type\":\"ListItem\",\"position\":1,\"name\":\"Portada\",\"item\":\"https:\\\/\\\/www.mexicanguitarplayers.com\\\/\"},{\"@type\":\"ListItem\",\"position\":2,\"name\":\"Tienda\",\"item\":\"https:\\\/\\\/www.mexicanguitarplayers.com\\\/tienda\\\/\"},{\"@type\":\"ListItem\",\"position\":3,\"name\":\"GUITARRA SCHECTER ELEC ZV CUSTOM REISSUE\"}]},{\"@type\":\"WebSite\",\"@id\":\"https:\\\/\\\/www.mexicanguitarplayers.com\\\/#website\",\"url\":\"https:\\\/\\\/www.mexicanguitarplayers.com\\\/\",\"name\":\"Mexican Guitar Players\",\"description\":\"Website\",\"publisher\":{\"@id\":\"https:\\\/\\\/www.mexicanguitarplayers.com\\\/#organization\"},\"potentialAction\":[{\"@type\":\"SearchAction\",\"target\":{\"@type\":\"EntryPoint\",\"urlTemplate\":\"https:\\\/\\\/www.mexicanguitarplayers.com\\\/?s={search_term_string}\"},\"query-input\":{\"@type\":\"PropertyValueSpecification\",\"valueRequired\":true,\"valueName\":\"search_term_string\"}}],\"inLanguage\":\"en-US\"},{\"@type\":\"Organization\",\"@id\":\"https:\\\/\\\/www.mexicanguitarplayers.com\\\/#organization\",\"name\":\"Mexican Guitar Players\",\"url\":\"https:\\\/\\\/www.mexicanguitarplayers.com\\\/\",\"logo\":{\"@type\":\"ImageObject\",\"inLanguage\":\"en-US\",\"@id\":\"https:\\\/\\\/www.mexicanguitarplayers.com\\\/#\\\/schema\\\/logo\\\/image\\\/\",\"url\":\"\",\"contentUrl\":\"\",\"caption\":\"Mexican Guitar Players\"},\"image\":{\"@id\":\"https:\\\/\\\/www.mexicanguitarplayers.com\\\/#\\\/schema\\\/logo\\\/image\\\/\"}}]}<\/script>\n<!-- \/ Yoast SEO plugin. -->","yoast_head_json":{"title":"GUITARRA SCHECTER ELEC ZV CUSTOM REISSUE - Mexican Guitar Players","description":"Guitarra el\u00e9ctrica s\u00f3lida, tapa plana con borde biselado, cuerpo de caoba, hardware cromado, construcci\u00f3n Set-Neck, brazo C delgado de 3 piezas de caoba, puente TonePros T3BT TOM &amp; T1Z Tailpiece, maquinaria Grover, diapas\u00f3n de palo de rosa, incrustaciones MOP y corona abalone con dise\u00f1o 6661 en el traste 12, escala: 24.75\u201d (628 mm), 22 trastes X-Jumbo, cejuela Graph Tech XL Black Tusq de 1.653\u201d (42 mm) de ancho, alma ajustable de 2 v\u00edas con tuerca Allen 5\/32\u201d (4 mm), 2 vol\u00famenes y 1 tono (Push-Pull), selector de 3 posiciones, pastilla del puente: Seymour Duncan JB SH-4B, pastilla del brazo: Seymour Duncan JB SH-4N, perillas de velocidad Deathbat personalizadas.","robots":{"index":"index","follow":"follow","max-snippet":"max-snippet:-1","max-image-preview":"max-image-preview:large","max-video-preview":"max-video-preview:-1"},"canonical":"https:\/\/www.mexicanguitarplayers.com\/en\/tienda\/sin categor\u00eda\/guitarra-schecter-elec-zv-custom-reissue\/","og_locale":"en_US","og_type":"article","og_title":"GUITARRA SCHECTER ELEC ZV CUSTOM REISSUE - Mexican Guitar Players","og_description":"Guitarra el\u00e9ctrica s\u00f3lida, tapa plana con borde biselado, cuerpo de caoba, hardware cromado, construcci\u00f3n Set-Neck, brazo C delgado de 3 piezas de caoba, puente TonePros T3BT TOM &amp; T1Z Tailpiece, maquinaria Grover, diapas\u00f3n de palo de rosa, incrustaciones MOP y corona abalone con dise\u00f1o 6661 en el traste 12, escala: 24.75\u201d (628 mm), 22 trastes X-Jumbo, cejuela Graph Tech XL Black Tusq de 1.653\u201d (42 mm) de ancho, alma ajustable de 2 v\u00edas con tuerca Allen 5\/32\u201d (4 mm), 2 vol\u00famenes y 1 tono (Push-Pull), selector de 3 posiciones, pastilla del puente: Seymour Duncan JB SH-4B, pastilla del brazo: Seymour Duncan JB SH-4N, perillas de velocidad Deathbat personalizadas.","og_url":"https:\/\/www.mexicanguitarplayers.com\/en\/tienda\/sin categor\u00eda\/guitarra-schecter-elec-zv-custom-reissue\/","og_site_name":"Mexican Guitar Players","article_modified_time":"2026-04-10T10:28:10+00:00","twitter_card":"summary_large_image","twitter_misc":{"Est. reading time":"2 minutes"},"schema":{"@context":"https:\/\/schema.org","@graph":[{"@type":["WebPage","ItemPage"],"@id":"https:\/\/www.mexicanguitarplayers.com\/tienda\/sin categor\u00eda\/guitarra-schecter-elec-zv-custom-reissue\/","url":"https:\/\/www.mexicanguitarplayers.com\/tienda\/sin categor\u00eda\/guitarra-schecter-elec-zv-custom-reissue\/","name":"GUITARRA SCHECTER ELEC ZV CUSTOM REISSUE - Mexican Guitar Players","isPartOf":{"@id":"https:\/\/www.mexicanguitarplayers.com\/#website"},"primaryImageOfPage":{"@id":"https:\/\/www.mexicanguitarplayers.com\/tienda\/sin categor\u00eda\/guitarra-schecter-elec-zv-custom-reissue\/#primaryimage"},"image":{"@id":"https:\/\/www.mexicanguitarplayers.com\/tienda\/sin categor\u00eda\/guitarra-schecter-elec-zv-custom-reissue\/#primaryimage"},"thumbnailUrl":"https:\/\/www.mexicanguitarplayers.com\/wp-content\/uploads\/2025\/04\/ISSCCZVCUSTOMR.jpg","datePublished":"2025-04-09T04:14:16+00:00","dateModified":"2026-04-10T10:28:10+00:00","description":"Guitarra el\u00e9ctrica s\u00f3lida, tapa plana con borde biselado, cuerpo de caoba, hardware cromado, construcci\u00f3n Set-Neck, brazo C delgado de 3 piezas de caoba, puente TonePros T3BT TOM &amp; T1Z Tailpiece, maquinaria Grover, diapas\u00f3n de palo de rosa, incrustaciones MOP y corona abalone con dise\u00f1o 6661 en el traste 12, escala: 24.75\u201d (628 mm), 22 trastes X-Jumbo, cejuela Graph Tech XL Black Tusq de 1.653\u201d (42 mm) de ancho, alma ajustable de 2 v\u00edas con tuerca Allen 5\/32\u201d (4 mm), 2 vol\u00famenes y 1 tono (Push-Pull), selector de 3 posiciones, pastilla del puente: Seymour Duncan JB SH-4B, pastilla del brazo: Seymour Duncan JB SH-4N, perillas de velocidad Deathbat personalizadas.","breadcrumb":{"@id":"https:\/\/www.mexicanguitarplayers.com\/tienda\/sin categor\u00eda\/guitarra-schecter-elec-zv-custom-reissue\/#breadcrumb"},"inLanguage":"en-US","potentialAction":[{"@type":"ReadAction","target":["https:\/\/www.mexicanguitarplayers.com\/tienda\/sin categor\u00eda\/guitarra-schecter-elec-zv-custom-reissue\/"]}]},{"@type":"ImageObject","inLanguage":"en-US","@id":"https:\/\/www.mexicanguitarplayers.com\/tienda\/sin categor\u00eda\/guitarra-schecter-elec-zv-custom-reissue\/#primaryimage","url":"https:\/\/www.mexicanguitarplayers.com\/wp-content\/uploads\/2025\/04\/ISSCCZVCUSTOMR.jpg","contentUrl":"https:\/\/www.mexicanguitarplayers.com\/wp-content\/uploads\/2025\/04\/ISSCCZVCUSTOMR.jpg","width":800,"height":1600},{"@type":"BreadcrumbList","@id":"https:\/\/www.mexicanguitarplayers.com\/tienda\/sin categor\u00eda\/guitarra-schecter-elec-zv-custom-reissue\/#breadcrumb","itemListElement":[{"@type":"ListItem","position":1,"name":"Portada","item":"https:\/\/www.mexicanguitarplayers.com\/"},{"@type":"ListItem","position":2,"name":"Tienda","item":"https:\/\/www.mexicanguitarplayers.com\/tienda\/"},{"@type":"ListItem","position":3,"name":"GUITARRA SCHECTER ELEC ZV CUSTOM REISSUE"}]},{"@type":"WebSite","@id":"https:\/\/www.mexicanguitarplayers.com\/#website","url":"https:\/\/www.mexicanguitarplayers.com\/","name":"Mexican Guitar Players","description":"Website","publisher":{"@id":"https:\/\/www.mexicanguitarplayers.com\/#organization"},"potentialAction":[{"@type":"SearchAction","target":{"@type":"EntryPoint","urlTemplate":"https:\/\/www.mexicanguitarplayers.com\/?s={search_term_string}"},"query-input":{"@type":"PropertyValueSpecification","valueRequired":true,"valueName":"search_term_string"}}],"inLanguage":"en-US"},{"@type":"Organization","@id":"https:\/\/www.mexicanguitarplayers.com\/#organization","name":"Mexican Guitar Players","url":"https:\/\/www.mexicanguitarplayers.com\/","logo":{"@type":"ImageObject","inLanguage":"en-US","@id":"https:\/\/www.mexicanguitarplayers.com\/#\/schema\/logo\/image\/","url":"","contentUrl":"","caption":"Mexican Guitar Players"},"image":{"@id":"https:\/\/www.mexicanguitarplayers.com\/#\/schema\/logo\/image\/"}}]}},"brands":[{"id":175,"name":"SCHECTER","slug":"schecter"}],"_links":{"self":[{"href":"https:\/\/www.mexicanguitarplayers.com\/en\/wp-json\/wp\/v2\/product\/35534","targetHints":{"allow":["GET"]}}],"collection":[{"href":"https:\/\/www.mexicanguitarplayers.com\/en\/wp-json\/wp\/v2\/product"}],"about":[{"href":"https:\/\/www.mexicanguitarplayers.com\/en\/wp-json\/wp\/v2\/types\/product"}],"replies":[{"embeddable":true,"href":"https:\/\/www.mexicanguitarplayers.com\/en\/wp-json\/wp\/v2\/comments?post=35534"}],"wp:featuredmedia":[{"embeddable":true,"href":"https:\/\/www.mexicanguitarplayers.com\/en\/wp-json\/wp\/v2\/media\/35526"}],"wp:attachment":[{"href":"https:\/\/www.mexicanguitarplayers.com\/en\/wp-json\/wp\/v2\/media?parent=35534"}],"wp:term":[{"taxonomy":"pwb-brand","embeddable":true,"href":"https:\/\/www.mexicanguitarplayers.com\/en\/wp-json\/wp\/v2\/pwb-brand?post=35534"},{"taxonomy":"product_brand","embeddable":true,"href":"https:\/\/www.mexicanguitarplayers.com\/en\/wp-json\/wp\/v2\/product_brand?post=35534"},{"taxonomy":"product_cat","embeddable":true,"href":"https:\/\/www.mexicanguitarplayers.com\/en\/wp-json\/wp\/v2\/product_cat?post=35534"},{"taxonomy":"product_tag","embeddable":true,"href":"https:\/\/www.mexicanguitarplayers.com\/en\/wp-json\/wp\/v2\/product_tag?post=35534"}],"curies":[{"name":"wp","href":"https:\/\/api.w.org\/{rel}","templated":true}]}}