{"id":35541,"date":"2025-04-08T22:14:26","date_gmt":"2025-04-09T04:14:26","guid":{"rendered":"https:\/\/www.mexicanguitarplayers.com\/tienda\/sin categor\u00eda\/receptor-akg-uhf-mod-sr80\/"},"modified":"2026-04-10T04:28:08","modified_gmt":"2026-04-10T10:28:08","slug":"receptor-akg-uhf-mod-sr80","status":"publish","type":"product","link":"https:\/\/www.mexicanguitarplayers.com\/en\/tienda\/audio\/sistema-de-monitoreo-personal\/transmisores-y-receptores-sistema-de-monitoreo-personal\/receptor-akg-uhf-mod-sr80\/","title":{"rendered":"RECEPTOR AKG UHF     MOD. SR80"},"content":{"rendered":"<div style=\"text-align: justify\">\n<div>\n<h3>Sistemas legendarios AKG<\/h3>\n<\/div>\n<div>Receptor con resistente carcasa de medio rack. 15 frecuencias seleccionables. Sistemas Four Level Diversity para la recepci\u00f3n libre de ruidos. Salidas XLR profesionales y Jack 1\/4&#8243; desbalanceado. El SR80 es un receptor est\u00e1tico para usar con todos los transmisores de la serie WMS80. Ubicado en una resistente carcasa de medio rack, combina la tecnolog\u00eda profesional con facilidad de uso y m\u00e1xima fiabilidad. Se proporcionan 15 frecuencias UHF seleccionables para la operaci\u00f3n simult\u00e1nea de hasta 19 canales (dependiendo de los planes de frecuencias locales) y la m\u00e1xima flexibilidad en entornos hostiles a la propagaci\u00f3n RF. Un sistema digital Four Level Diversity garantiza una recepci\u00f3n muy fiable y reduce al m\u00ednimo los dropouts. Con un silenciador ajustable, control de nivel de salida y salidas profesionales XLR y Jack 1\/4&#8243;, el SR80 es una herramienta perfecta para cualquier aplicaci\u00f3n desde peque\u00f1os clubes y teatros al aire libre hasta estadios e instalaciones deportivas. Para los usuarios m\u00e1s profesionales o aficionados exigentes, el SR80 es uno de los receptores m\u00e1s fiables y de gran alcance ahora en el mercado.<\/div>\n<div>\n<h4>Quick look<\/h4>\n<\/div>\n<ul style=\"margin: 0px 0px 0px 25px\">\n<li style=\"list-style-type: circle;margin: 5px\">Frecuencia portadora.<\/li>\n<li style=\"list-style-type: circle;margin: 5px\">Modulaci\u00f3n.<\/li>\n<li style=\"list-style-type: circle;margin: 5px\">Ancho de banda de transmisi\u00f3n audio.<\/li>\n<li style=\"list-style-type: circle;margin: 5px\">Factor de distorsi\u00f3n no lineal con 1 kHz.<\/li>\n<li style=\"list-style-type: circle;margin: 5px\">Signal to noise ratio.<\/li>\n<li style=\"list-style-type: circle;margin: 5px\">Consumo de corriente.<\/li>\n<li style=\"list-style-type: circle;margin: 5px\">Alimentaci\u00f3n de tensi\u00f3n.<\/li>\n<li style=\"list-style-type: circle;margin: 5px\">Sensibilidad de entrada.<\/li>\n<li style=\"list-style-type: circle;margin: 5px\">Umbral del Squelch.<\/li>\n<li style=\"list-style-type: circle;margin: 5px\">-95 bis -80 dBmSalida de audio.<\/li>\n<li style=\"list-style-type: circle;margin: 5px\">Dimensions.<\/li>\n<\/ul>\n<div>\n<div style=\"font-weight: bold\">Frecuencia portadora.<\/div>\n<div>\n<p>710,2 &#8211; 869,9 MHz.<\/p>\n<\/div>\n<div style=\"font-weight: bold\">Modulaci\u00f3n.<\/div>\n<div>\n<p>FM.<\/p>\n<\/div>\n<div style=\"font-weight: bold\">Ancho de banda de transmisi\u00f3n audio.<\/div>\n<div>\n<p>50 &#8211; 20000 Hz.<\/p>\n<\/div>\n<div style=\"font-weight: bold\">Factor de distorsi\u00f3n no lineal con 1 kHz.<\/div>\n<div>\n<p>&lt;0,4%.<\/p>\n<\/div>\n<div style=\"font-weight: bold\">Signal to noise ratio.<\/div>\n<div>\n<p>&gt;100 dB (A).<\/p>\n<\/div>\n<div style=\"font-weight: bold\">Consumo de corriente.<\/div>\n<div>\n<p>200 mA.<\/p>\n<\/div>\n<div style=\"font-weight: bold\">Alimentaci\u00f3n de tensi\u00f3n.<\/div>\n<div>\n<p>120\/230 V AC 50\/60 Hz.<\/p>\n<\/div>\n<div style=\"font-weight: bold\">Sensibilidad de entrada.<\/div>\n<div>\n<p>tip. -95 dBm.<\/p>\n<\/div>\n<div style=\"font-weight: bold\">Umbral del Squelch.<\/div>\n<div>\n<p>-95 bis -80 dBm.<\/p>\n<\/div>\n<div style=\"font-weight: bold\">-95 bis -80 dBmSalida de audio.<\/div>\n<div>\n<p>XLR bal.: seleccionable entre nivel de micr\u00f3fono y nivel Line; tip. 30 dB XLR no-bal.: 6 dBm jack 6,3-mm no-bal.: 0 dBm.<\/p>\n<\/div>\n<div style=\"font-weight: bold\">Dimensions.<\/div>\n<div>\n<p>210 x 170 x 42 mm.<\/p>\n<\/div>\n<\/div>\n<\/div>","protected":false},"excerpt":{"rendered":"<p>Receptor AKG UHF. Modelo: SR80. Receptor estacionario de True Microcontrolled Diversity para todos los transmisores del sistema WMS 80. Funciona en un ancho debanda de m\u00e1ximo 4 MHz en la gama de frecuencia portadora UHF de 710 MHz a 861 MHz. Dependiendo de las disposiciones postales de los pa\u00edses, el SR 80 puede conectarse a una de un m\u00e1x. De 15 distintas frecuencias portadoras.&hellip; <a class=\"kt-excerpt-readmore more-link\" href=\"https:\/\/www.mexicanguitarplayers.com\/en\/tienda\/audio\/sistema-de-monitoreo-personal\/transmisores-y-receptores-sistema-de-monitoreo-personal\/receptor-akg-uhf-mod-sr80\/\">Read more<\/a><\/p>","protected":false},"featured_media":35540,"comment_status":"open","ping_status":"closed","template":"","meta":{"kt_blocks_editor_width":""},"pwb-brand":[528],"product_brand":[],"product_cat":[213,244,245],"product_tag":[],"class_list":{"0":"post-35541","1":"product","2":"type-product","3":"status-publish","4":"has-post-thumbnail","6":"pwb-brand-akg","7":"product_cat-audio","8":"product_cat-sistema-de-monitoreo-personal","9":"product_cat-transmisores-y-receptores-sistema-de-monitoreo-personal","10":"product_shipping_class-0-5-kg","12":"first","13":"instock","14":"taxable","15":"shipping-taxable","16":"purchasable","17":"product-type-simple"},"yoast_head":"<!-- This site is optimized with the Yoast SEO plugin v27.5 - https:\/\/yoast.com\/product\/yoast-seo-wordpress\/ -->\n<title>RECEPTOR AKG UHF   MOD. SR80 - Mexican Guitar Players<\/title>\n<meta name=\"description\" content=\"Receptor AKG UHF. Modelo: SR80. Receptor estacionario de True Microcontrolled Diversity para todos los transmisores del sistema WMS 80. Funciona en un ancho debanda de m\u00e1ximo 4 MHz en la gama de frecuencia portadora UHF de 710 MHz a 861 MHz. Dependiendo de las disposiciones postales de los pa\u00edses, el SR 80 puede conectarse a una de un m\u00e1x. De 15 distintas frecuencias portadoras.\" \/>\n<meta name=\"robots\" content=\"index, follow, max-snippet:-1, max-image-preview:large, max-video-preview:-1\" \/>\n<link rel=\"canonical\" href=\"https:\/\/www.mexicanguitarplayers.com\/en\/tienda\/sin%20categor\u00eda\/receptor-akg-uhf-mod-sr80\/\" \/>\n<meta property=\"og:locale\" content=\"en_US\" \/>\n<meta property=\"og:type\" content=\"article\" \/>\n<meta property=\"og:title\" content=\"RECEPTOR AKG UHF   MOD. SR80 - Mexican Guitar Players\" \/>\n<meta property=\"og:description\" content=\"Receptor AKG UHF. Modelo: SR80. Receptor estacionario de True Microcontrolled Diversity para todos los transmisores del sistema WMS 80. Funciona en un ancho debanda de m\u00e1ximo 4 MHz en la gama de frecuencia portadora UHF de 710 MHz a 861 MHz. Dependiendo de las disposiciones postales de los pa\u00edses, el SR 80 puede conectarse a una de un m\u00e1x. De 15 distintas frecuencias portadoras.\" \/>\n<meta property=\"og:url\" content=\"https:\/\/www.mexicanguitarplayers.com\/en\/tienda\/sin categor\u00eda\/receptor-akg-uhf-mod-sr80\/\" \/>\n<meta property=\"og:site_name\" content=\"Mexican Guitar Players\" \/>\n<meta property=\"article:modified_time\" content=\"2026-04-10T10:28:08+00:00\" \/>\n<meta name=\"twitter:card\" content=\"summary_large_image\" \/>\n<meta name=\"twitter:label1\" content=\"Est. reading time\" \/>\n\t<meta name=\"twitter:data1\" content=\"2 minutes\" \/>\n<script type=\"application\/ld+json\" class=\"yoast-schema-graph\">{\"@context\":\"https:\\\/\\\/schema.org\",\"@graph\":[{\"@type\":[\"WebPage\",\"ItemPage\"],\"@id\":\"https:\\\/\\\/www.mexicanguitarplayers.com\\\/tienda\\\/sin categor\u00eda\\\/receptor-akg-uhf-mod-sr80\\\/\",\"url\":\"https:\\\/\\\/www.mexicanguitarplayers.com\\\/tienda\\\/sin categor\u00eda\\\/receptor-akg-uhf-mod-sr80\\\/\",\"name\":\"RECEPTOR AKG UHF MOD. SR80 - Mexican Guitar Players\",\"isPartOf\":{\"@id\":\"https:\\\/\\\/www.mexicanguitarplayers.com\\\/#website\"},\"primaryImageOfPage\":{\"@id\":\"https:\\\/\\\/www.mexicanguitarplayers.com\\\/tienda\\\/sin categor\u00eda\\\/receptor-akg-uhf-mod-sr80\\\/#primaryimage\"},\"image\":{\"@id\":\"https:\\\/\\\/www.mexicanguitarplayers.com\\\/tienda\\\/sin categor\u00eda\\\/receptor-akg-uhf-mod-sr80\\\/#primaryimage\"},\"thumbnailUrl\":\"https:\\\/\\\/www.mexicanguitarplayers.com\\\/wp-content\\\/uploads\\\/2025\\\/04\\\/IAAKGSR80.jpg\",\"datePublished\":\"2025-04-09T04:14:26+00:00\",\"dateModified\":\"2026-04-10T10:28:08+00:00\",\"description\":\"Receptor AKG UHF. Modelo: SR80. Receptor estacionario de True Microcontrolled Diversity para todos los transmisores del sistema WMS 80. Funciona en un ancho debanda de m\u00e1ximo 4 MHz en la gama de frecuencia portadora UHF de 710 MHz a 861 MHz. Dependiendo de las disposiciones postales de los pa\u00edses, el SR 80 puede conectarse a una de un m\u00e1x. De 15 distintas frecuencias portadoras.\",\"breadcrumb\":{\"@id\":\"https:\\\/\\\/www.mexicanguitarplayers.com\\\/tienda\\\/sin categor\u00eda\\\/receptor-akg-uhf-mod-sr80\\\/#breadcrumb\"},\"inLanguage\":\"en-US\",\"potentialAction\":[{\"@type\":\"ReadAction\",\"target\":[\"https:\\\/\\\/www.mexicanguitarplayers.com\\\/tienda\\\/sin categor\u00eda\\\/receptor-akg-uhf-mod-sr80\\\/\"]}]},{\"@type\":\"ImageObject\",\"inLanguage\":\"en-US\",\"@id\":\"https:\\\/\\\/www.mexicanguitarplayers.com\\\/tienda\\\/sin categor\u00eda\\\/receptor-akg-uhf-mod-sr80\\\/#primaryimage\",\"url\":\"https:\\\/\\\/www.mexicanguitarplayers.com\\\/wp-content\\\/uploads\\\/2025\\\/04\\\/IAAKGSR80.jpg\",\"contentUrl\":\"https:\\\/\\\/www.mexicanguitarplayers.com\\\/wp-content\\\/uploads\\\/2025\\\/04\\\/IAAKGSR80.jpg\",\"width\":1200,\"height\":1200},{\"@type\":\"BreadcrumbList\",\"@id\":\"https:\\\/\\\/www.mexicanguitarplayers.com\\\/tienda\\\/sin categor\u00eda\\\/receptor-akg-uhf-mod-sr80\\\/#breadcrumb\",\"itemListElement\":[{\"@type\":\"ListItem\",\"position\":1,\"name\":\"Portada\",\"item\":\"https:\\\/\\\/www.mexicanguitarplayers.com\\\/\"},{\"@type\":\"ListItem\",\"position\":2,\"name\":\"Tienda\",\"item\":\"https:\\\/\\\/www.mexicanguitarplayers.com\\\/tienda\\\/\"},{\"@type\":\"ListItem\",\"position\":3,\"name\":\"RECEPTOR AKG UHF MOD. SR80\"}]},{\"@type\":\"WebSite\",\"@id\":\"https:\\\/\\\/www.mexicanguitarplayers.com\\\/#website\",\"url\":\"https:\\\/\\\/www.mexicanguitarplayers.com\\\/\",\"name\":\"Mexican Guitar Players\",\"description\":\"Website\",\"publisher\":{\"@id\":\"https:\\\/\\\/www.mexicanguitarplayers.com\\\/#organization\"},\"potentialAction\":[{\"@type\":\"SearchAction\",\"target\":{\"@type\":\"EntryPoint\",\"urlTemplate\":\"https:\\\/\\\/www.mexicanguitarplayers.com\\\/?s={search_term_string}\"},\"query-input\":{\"@type\":\"PropertyValueSpecification\",\"valueRequired\":true,\"valueName\":\"search_term_string\"}}],\"inLanguage\":\"en-US\"},{\"@type\":\"Organization\",\"@id\":\"https:\\\/\\\/www.mexicanguitarplayers.com\\\/#organization\",\"name\":\"Mexican Guitar Players\",\"url\":\"https:\\\/\\\/www.mexicanguitarplayers.com\\\/\",\"logo\":{\"@type\":\"ImageObject\",\"inLanguage\":\"en-US\",\"@id\":\"https:\\\/\\\/www.mexicanguitarplayers.com\\\/#\\\/schema\\\/logo\\\/image\\\/\",\"url\":\"\",\"contentUrl\":\"\",\"caption\":\"Mexican Guitar Players\"},\"image\":{\"@id\":\"https:\\\/\\\/www.mexicanguitarplayers.com\\\/#\\\/schema\\\/logo\\\/image\\\/\"}}]}<\/script>\n<!-- \/ Yoast SEO plugin. -->","yoast_head_json":{"title":"RECEPTOR AKG UHF   MOD. SR80 - Mexican Guitar Players","description":"Receptor AKG UHF. Modelo: SR80. Receptor estacionario de True Microcontrolled Diversity para todos los transmisores del sistema WMS 80. Funciona en un ancho debanda de m\u00e1ximo 4 MHz en la gama de frecuencia portadora UHF de 710 MHz a 861 MHz. Dependiendo de las disposiciones postales de los pa\u00edses, el SR 80 puede conectarse a una de un m\u00e1x. De 15 distintas frecuencias portadoras.","robots":{"index":"index","follow":"follow","max-snippet":"max-snippet:-1","max-image-preview":"max-image-preview:large","max-video-preview":"max-video-preview:-1"},"canonical":"https:\/\/www.mexicanguitarplayers.com\/en\/tienda\/sin categor\u00eda\/receptor-akg-uhf-mod-sr80\/","og_locale":"en_US","og_type":"article","og_title":"RECEPTOR AKG UHF   MOD. SR80 - Mexican Guitar Players","og_description":"Receptor AKG UHF. Modelo: SR80. Receptor estacionario de True Microcontrolled Diversity para todos los transmisores del sistema WMS 80. Funciona en un ancho debanda de m\u00e1ximo 4 MHz en la gama de frecuencia portadora UHF de 710 MHz a 861 MHz. Dependiendo de las disposiciones postales de los pa\u00edses, el SR 80 puede conectarse a una de un m\u00e1x. De 15 distintas frecuencias portadoras.","og_url":"https:\/\/www.mexicanguitarplayers.com\/en\/tienda\/sin categor\u00eda\/receptor-akg-uhf-mod-sr80\/","og_site_name":"Mexican Guitar Players","article_modified_time":"2026-04-10T10:28:08+00:00","twitter_card":"summary_large_image","twitter_misc":{"Est. reading time":"2 minutes"},"schema":{"@context":"https:\/\/schema.org","@graph":[{"@type":["WebPage","ItemPage"],"@id":"https:\/\/www.mexicanguitarplayers.com\/tienda\/sin categor\u00eda\/receptor-akg-uhf-mod-sr80\/","url":"https:\/\/www.mexicanguitarplayers.com\/tienda\/sin categor\u00eda\/receptor-akg-uhf-mod-sr80\/","name":"RECEPTOR AKG UHF MOD. SR80 - Mexican Guitar Players","isPartOf":{"@id":"https:\/\/www.mexicanguitarplayers.com\/#website"},"primaryImageOfPage":{"@id":"https:\/\/www.mexicanguitarplayers.com\/tienda\/sin categor\u00eda\/receptor-akg-uhf-mod-sr80\/#primaryimage"},"image":{"@id":"https:\/\/www.mexicanguitarplayers.com\/tienda\/sin categor\u00eda\/receptor-akg-uhf-mod-sr80\/#primaryimage"},"thumbnailUrl":"https:\/\/www.mexicanguitarplayers.com\/wp-content\/uploads\/2025\/04\/IAAKGSR80.jpg","datePublished":"2025-04-09T04:14:26+00:00","dateModified":"2026-04-10T10:28:08+00:00","description":"Receptor AKG UHF. Modelo: SR80. Receptor estacionario de True Microcontrolled Diversity para todos los transmisores del sistema WMS 80. Funciona en un ancho debanda de m\u00e1ximo 4 MHz en la gama de frecuencia portadora UHF de 710 MHz a 861 MHz. Dependiendo de las disposiciones postales de los pa\u00edses, el SR 80 puede conectarse a una de un m\u00e1x. De 15 distintas frecuencias portadoras.","breadcrumb":{"@id":"https:\/\/www.mexicanguitarplayers.com\/tienda\/sin categor\u00eda\/receptor-akg-uhf-mod-sr80\/#breadcrumb"},"inLanguage":"en-US","potentialAction":[{"@type":"ReadAction","target":["https:\/\/www.mexicanguitarplayers.com\/tienda\/sin categor\u00eda\/receptor-akg-uhf-mod-sr80\/"]}]},{"@type":"ImageObject","inLanguage":"en-US","@id":"https:\/\/www.mexicanguitarplayers.com\/tienda\/sin categor\u00eda\/receptor-akg-uhf-mod-sr80\/#primaryimage","url":"https:\/\/www.mexicanguitarplayers.com\/wp-content\/uploads\/2025\/04\/IAAKGSR80.jpg","contentUrl":"https:\/\/www.mexicanguitarplayers.com\/wp-content\/uploads\/2025\/04\/IAAKGSR80.jpg","width":1200,"height":1200},{"@type":"BreadcrumbList","@id":"https:\/\/www.mexicanguitarplayers.com\/tienda\/sin categor\u00eda\/receptor-akg-uhf-mod-sr80\/#breadcrumb","itemListElement":[{"@type":"ListItem","position":1,"name":"Portada","item":"https:\/\/www.mexicanguitarplayers.com\/"},{"@type":"ListItem","position":2,"name":"Tienda","item":"https:\/\/www.mexicanguitarplayers.com\/tienda\/"},{"@type":"ListItem","position":3,"name":"RECEPTOR AKG UHF MOD. SR80"}]},{"@type":"WebSite","@id":"https:\/\/www.mexicanguitarplayers.com\/#website","url":"https:\/\/www.mexicanguitarplayers.com\/","name":"Mexican Guitar Players","description":"Website","publisher":{"@id":"https:\/\/www.mexicanguitarplayers.com\/#organization"},"potentialAction":[{"@type":"SearchAction","target":{"@type":"EntryPoint","urlTemplate":"https:\/\/www.mexicanguitarplayers.com\/?s={search_term_string}"},"query-input":{"@type":"PropertyValueSpecification","valueRequired":true,"valueName":"search_term_string"}}],"inLanguage":"en-US"},{"@type":"Organization","@id":"https:\/\/www.mexicanguitarplayers.com\/#organization","name":"Mexican Guitar Players","url":"https:\/\/www.mexicanguitarplayers.com\/","logo":{"@type":"ImageObject","inLanguage":"en-US","@id":"https:\/\/www.mexicanguitarplayers.com\/#\/schema\/logo\/image\/","url":"","contentUrl":"","caption":"Mexican Guitar Players"},"image":{"@id":"https:\/\/www.mexicanguitarplayers.com\/#\/schema\/logo\/image\/"}}]}},"brands":[{"id":528,"name":"AKG","slug":"akg"}],"_links":{"self":[{"href":"https:\/\/www.mexicanguitarplayers.com\/en\/wp-json\/wp\/v2\/product\/35541","targetHints":{"allow":["GET"]}}],"collection":[{"href":"https:\/\/www.mexicanguitarplayers.com\/en\/wp-json\/wp\/v2\/product"}],"about":[{"href":"https:\/\/www.mexicanguitarplayers.com\/en\/wp-json\/wp\/v2\/types\/product"}],"replies":[{"embeddable":true,"href":"https:\/\/www.mexicanguitarplayers.com\/en\/wp-json\/wp\/v2\/comments?post=35541"}],"wp:featuredmedia":[{"embeddable":true,"href":"https:\/\/www.mexicanguitarplayers.com\/en\/wp-json\/wp\/v2\/media\/35540"}],"wp:attachment":[{"href":"https:\/\/www.mexicanguitarplayers.com\/en\/wp-json\/wp\/v2\/media?parent=35541"}],"wp:term":[{"taxonomy":"pwb-brand","embeddable":true,"href":"https:\/\/www.mexicanguitarplayers.com\/en\/wp-json\/wp\/v2\/pwb-brand?post=35541"},{"taxonomy":"product_brand","embeddable":true,"href":"https:\/\/www.mexicanguitarplayers.com\/en\/wp-json\/wp\/v2\/product_brand?post=35541"},{"taxonomy":"product_cat","embeddable":true,"href":"https:\/\/www.mexicanguitarplayers.com\/en\/wp-json\/wp\/v2\/product_cat?post=35541"},{"taxonomy":"product_tag","embeddable":true,"href":"https:\/\/www.mexicanguitarplayers.com\/en\/wp-json\/wp\/v2\/product_tag?post=35541"}],"curies":[{"name":"wp","href":"https:\/\/api.w.org\/{rel}","templated":true}]}}