{"id":35560,"date":"2025-04-08T22:14:53","date_gmt":"2025-04-09T04:14:53","guid":{"rendered":"https:\/\/www.mexicanguitarplayers.com\/tienda\/sin categor\u00eda\/sintetizador-behringer-mod-wasp-deluxe\/"},"modified":"2026-04-10T04:28:04","modified_gmt":"2026-04-10T10:28:04","slug":"sintetizador-behringer-mod-wasp-deluxe","status":"publish","type":"product","link":"https:\/\/www.mexicanguitarplayers.com\/en\/tienda\/teclas\/sintetizador-y-controlador\/sintetizador\/sintetizador-behringer-mod-wasp-deluxe\/","title":{"rendered":"SINTETIZADOR BEHRINGER MOD. WASP DELUXE"},"content":{"rendered":"<div style=\"text-align: justify\">\n<div>\n<h3>Fiel al original.<\/h3>\n<\/div>\n<div>La d\u00e9cada de 1970 gener\u00f3 el primer sintetizador anal\u00f3gico verdaderamente port\u00e1til y aunque fue r\u00e1pidamente adoptado por muchos artistas musicales de renombre, incluidos Jan Hammer, Chick Corea, Rick Wakeman, Jean-Michel Jarre, Isao Tomita y Keith Emerson por nombrar a algunos, pero era algo temporal y costoso. En 1978 naci\u00f3 un sintetizador \u00fanico y peculiar. The Wasp, como se le llamaba, era un teclado monof\u00f3nico de dos octavas que usaba teclas sensibles al tacto. Era una idea novedosa en aquel entonces, pero tend\u00eda a ser poco confiable y dif\u00edcil de tocar. Un homenaje ultra asequible a ese ic\u00f3nico sintetizador, con todas las caracter\u00edsticas originales y algo m\u00e1s, el WASP DELUXE de Behringer te permite evocar pr\u00e1cticamente cualquier sonido imaginable con incre\u00edble delicadeza y facilidad. Ruta de se\u00f1al anal\u00f3gica pura basada en dise\u00f1os aut\u00e9nticos de VCF y VCA junto con un LFO de forma de onda flexible de 6 formas que incluye ruido y S&amp;H con control de modulaci\u00f3n de frecuencia y tono. Tener tu propio WASP DELUXE es como tener tu propia m\u00e1quina del tiempo personal, que te permite abrazar libremente el pasado o dar forma al futuro. Se ha tenido mucho cuidado al dise\u00f1ar el WASP DELUXE, incluido el verdadero circuito original &#8220;Wasp Deluxe&#8221;. Esto  es lo que le da su capacidad de conformaci\u00f3n de sonido ultra flexible, que cubre todo, desde graves s\u00faper gordos y tonos de plomo, efectos deslumbrantes y hasta los sonidos de tu imaginaci\u00f3n en otros mundos. Los tracks de sintetizados inspirados establecidos en los a\u00f1os 70 y 80 est\u00e1n grabados en los anales del rock progresivo, wave y synth-pop para siempre, haci\u00e9ndolos verdaderamente cl\u00e1sicos en todos los sentidos de la palabra.<\/div>\n<div>\n<h4>Quick look<\/h4>\n<\/div>\n<ul style=\"margin: 0px 0px 0px 25px\">\n<li style=\"list-style-type: circle;margin: 5px\">Arquitectura del sintetizador.<\/li>\n<li style=\"list-style-type: circle;margin: 5px\">Connectivity<\/li>\n<li style=\"list-style-type: circle;margin: 5px\">USB.<\/li>\n<li style=\"list-style-type: circle;margin: 5px\">Energy.<\/li>\n<li style=\"list-style-type: circle;margin: 5px\">Ambiental.<\/li>\n<li style=\"list-style-type: circle;margin: 5px\">Dimensions.<\/li>\n<li style=\"list-style-type: circle;margin: 5px\">Ancho del m\u00f3dulo.<\/li>\n<li style=\"list-style-type: circle;margin: 5px\">Weight.<\/li>\n<\/ul>\n<div>\n<div style=\"font-weight: bold\">Arquitectura del sintetizador.<\/div>\n<div>\n<p>Voces: Monof\u00f3nico. Tipo: An\u00e1logo. Osciladores: 2 osciladores controlados digitalmente. LFO: 1 (0.5 Hz a 100 Hz). VCF: 1 conmutable Lo, Band, Notch y Hi. Envolventes: VCA, VCF.<\/p>\n<\/div>\n<div style=\"font-weight: bold\">Connectivity<\/div>\n<div>\n<p>MIDI in \/ thru: 5-pin DIN \/ 16 canales. USB (MIDI): USB 2.0, tipo B. Salida Main (high): 1 x 1\/4&#8243; TS, desbalanceado, m\u00e1ximo 0 dBu. Impedancia de salida (high): 1.3 kilo-ohms. Salida Main (low): 1 x 1\/4&#8243; TS, desbalanceado, 27 dB por debajo de la salida high. Impedancia de salida low: 1 kilo-ohm. Salida de audio Main: 3.5 mm TRS, desbalanceado, m\u00e1ximo 0 dBu. Aud\u00edfonos: 3.5 mm TRS, desbalanceado, m\u00e1ximo -2 dBu a 32 ohms. Impedancia de salida de aud\u00edfonos: 25 ohms.<\/p>\n<\/div>\n<div style=\"font-weight: bold\">USB.<\/div>\n<div>\n<p>Tipo: USB 2.0 Class compliant, tipo B. Sistemas operativos soportados: Windows XP o superior y Mac OS X 10.6.8 o superior.<\/p>\n<\/div>\n<div style=\"font-weight: bold\">Energy.<\/div>\n<div>\n<p>Adaptador de corriente externo: 12 V DC 1000 mA. Consumo de energ\u00eda: 2W.<\/p>\n<\/div>\n<div style=\"font-weight: bold\">Ambiental.<\/div>\n<div>\n<p>Rango de temperatura de funcionamiento: 5\u00b0C &#8211; 40\u00b0C.<\/p>\n<\/div>\n<div style=\"font-weight: bold\">Dimensions.<\/div>\n<div>\n<p>87 x 374 x 136 mm.<\/p>\n<\/div>\n<div style=\"font-weight: bold\">Ancho del m\u00f3dulo.<\/div>\n<div>\n<p>70 HP.<\/p>\n<\/div>\n<div style=\"font-weight: bold\">Weight.<\/div>\n<div>\n<p>1.6 kg.<\/p>\n<\/div>\n<\/div>\n<\/div>","protected":false},"excerpt":{"rendered":"<p>Sintetizador h\u00edbrido legendario con OSC duales, VCF multimodo, cadena de polietileno de 16 voces y formato Eurorack, permite una gran creaci\u00f3n musical, reproducci\u00f3n aut\u00e9ntica del circuito original \u201cWasp Deluxe\u201d, ruta de se\u00f1al an\u00e1loga pura basada en aut\u00e9nticos dise\u00f1os VCF y VCA, 3 formas de oscilador variable con pulse\/ramp y modo mejorado para los mejores sonidos, VCF multimodo con modos Lo, Hi, Band y Notch, LFO flexible con 6 formas de onda que incluyen ruido y S&amp;H con control de frecuencia y modulaci\u00f3n de tono, 2 generadores de envolvente anal\u00f3gicos para la modulaci\u00f3n de VCF y VCA, generador de ruido que expande dr\u00e1sticamente la generaci\u00f3n de formas de onda, Poly-Chain de 16 voces que permite combinar m\u00faltiples sintetizadores para una polifon\u00eda de hasta 16 voces, soluci\u00f3n completa de Eurorack: el m\u00f3dulo principal se puede transferir a un estuche Eurorack est\u00e1ndar, 29 controles que brindan acceso directo y en tiempo real a todos los par\u00e1metros importantes, entrada de audio externa para procesar fuentes de sonido externas, implementaci\u00f3n completa de USB\/MIDI con canal MIDI y selecci\u00f3n de prioridad de voz, dimensiones: 87 x 374 x 136 mm, peso: 1.6 kg.&hellip; <a class=\"kt-excerpt-readmore more-link\" href=\"https:\/\/www.mexicanguitarplayers.com\/en\/tienda\/teclas\/sintetizador-y-controlador\/sintetizador\/sintetizador-behringer-mod-wasp-deluxe\/\">Read more<\/a><\/p>","protected":false},"featured_media":35552,"comment_status":"open","ping_status":"closed","template":"","meta":{"kt_blocks_editor_width":""},"pwb-brand":[171],"product_brand":[],"product_cat":[393,386,376],"product_tag":[],"class_list":{"0":"post-35560","1":"product","2":"type-product","3":"status-publish","4":"has-post-thumbnail","6":"pwb-brand-behringer","7":"product_cat-sintetizador","8":"product_cat-sintetizador-y-controlador","9":"product_cat-teclas","10":"product_shipping_class-0-5-kg","12":"first","13":"outofstock","14":"taxable","15":"shipping-taxable","16":"purchasable","17":"product-type-simple"},"yoast_head":"<!-- This site is optimized with the Yoast SEO plugin v27.5 - https:\/\/yoast.com\/product\/yoast-seo-wordpress\/ -->\n<title>SINTETIZADOR BEHRINGER MOD. WASP DELUXE - Mexican Guitar Players<\/title>\n<meta name=\"description\" content=\"Sintetizador h\u00edbrido legendario con OSC duales, VCF multimodo, cadena de polietileno de 16 voces y formato Eurorack, permite una gran creaci\u00f3n musical, reproducci\u00f3n aut\u00e9ntica del circuito original \u201cWasp Deluxe\u201d, ruta de se\u00f1al an\u00e1loga pura basada en aut\u00e9nticos dise\u00f1os VCF y VCA, 3 formas de oscilador variable con pulse\/ramp y modo mejorado para los mejores sonidos, VCF multimodo con modos Lo, Hi, Band y Notch, LFO flexible con 6 formas de onda que incluyen ruido y S&amp;H con control de frecuencia y modulaci\u00f3n de tono, 2 generadores de envolvente anal\u00f3gicos para la modulaci\u00f3n de VCF y VCA, generador de ruido que expande dr\u00e1sticamente la generaci\u00f3n de formas de onda, Poly-Chain de 16 voces que permite combinar m\u00faltiples sintetizadores para una polifon\u00eda de hasta 16 voces, soluci\u00f3n completa de Eurorack: el m\u00f3dulo principal se puede transferir a un estuche Eurorack est\u00e1ndar, 29 controles que brindan acceso directo y en tiempo real a todos los par\u00e1metros importantes, entrada de audio externa para procesar fuentes de sonido externas, implementaci\u00f3n completa de USB\/MIDI con canal MIDI y selecci\u00f3n de prioridad de voz, dimensiones: 87 x 374 x 136 mm, peso: 1.6 kg.\" \/>\n<meta name=\"robots\" content=\"index, follow, max-snippet:-1, max-image-preview:large, max-video-preview:-1\" \/>\n<link rel=\"canonical\" href=\"https:\/\/www.mexicanguitarplayers.com\/en\/tienda\/sin%20categor\u00eda\/sintetizador-behringer-mod-wasp-deluxe\/\" \/>\n<meta property=\"og:locale\" content=\"en_US\" \/>\n<meta property=\"og:type\" content=\"article\" \/>\n<meta property=\"og:title\" content=\"SINTETIZADOR BEHRINGER MOD. WASP DELUXE - Mexican Guitar Players\" \/>\n<meta property=\"og:description\" content=\"Sintetizador h\u00edbrido legendario con OSC duales, VCF multimodo, cadena de polietileno de 16 voces y formato Eurorack, permite una gran creaci\u00f3n musical, reproducci\u00f3n aut\u00e9ntica del circuito original \u201cWasp Deluxe\u201d, ruta de se\u00f1al an\u00e1loga pura basada en aut\u00e9nticos dise\u00f1os VCF y VCA, 3 formas de oscilador variable con pulse\/ramp y modo mejorado para los mejores sonidos, VCF multimodo con modos Lo, Hi, Band y Notch, LFO flexible con 6 formas de onda que incluyen ruido y S&amp;H con control de frecuencia y modulaci\u00f3n de tono, 2 generadores de envolvente anal\u00f3gicos para la modulaci\u00f3n de VCF y VCA, generador de ruido que expande dr\u00e1sticamente la generaci\u00f3n de formas de onda, Poly-Chain de 16 voces que permite combinar m\u00faltiples sintetizadores para una polifon\u00eda de hasta 16 voces, soluci\u00f3n completa de Eurorack: el m\u00f3dulo principal se puede transferir a un estuche Eurorack est\u00e1ndar, 29 controles que brindan acceso directo y en tiempo real a todos los par\u00e1metros importantes, entrada de audio externa para procesar fuentes de sonido externas, implementaci\u00f3n completa de USB\/MIDI con canal MIDI y selecci\u00f3n de prioridad de voz, dimensiones: 87 x 374 x 136 mm, peso: 1.6 kg.\" \/>\n<meta property=\"og:url\" content=\"https:\/\/www.mexicanguitarplayers.com\/en\/tienda\/sin categor\u00eda\/sintetizador-behringer-mod-wasp-deluxe\/\" \/>\n<meta property=\"og:site_name\" content=\"Mexican Guitar Players\" \/>\n<meta property=\"article:modified_time\" content=\"2026-04-10T10:28:04+00:00\" \/>\n<meta name=\"twitter:card\" content=\"summary_large_image\" \/>\n<meta name=\"twitter:label1\" content=\"Est. reading time\" \/>\n\t<meta name=\"twitter:data1\" content=\"2 minutes\" \/>\n<script type=\"application\/ld+json\" class=\"yoast-schema-graph\">{\"@context\":\"https:\\\/\\\/schema.org\",\"@graph\":[{\"@type\":[\"WebPage\",\"ItemPage\"],\"@id\":\"https:\\\/\\\/www.mexicanguitarplayers.com\\\/tienda\\\/sin categor\u00eda\\\/sintetizador-behringer-mod-wasp-deluxe\\\/\",\"url\":\"https:\\\/\\\/www.mexicanguitarplayers.com\\\/tienda\\\/sin categor\u00eda\\\/sintetizador-behringer-mod-wasp-deluxe\\\/\",\"name\":\"SINTETIZADOR BEHRINGER MOD. WASP DELUXE - Mexican Guitar Players\",\"isPartOf\":{\"@id\":\"https:\\\/\\\/www.mexicanguitarplayers.com\\\/#website\"},\"primaryImageOfPage\":{\"@id\":\"https:\\\/\\\/www.mexicanguitarplayers.com\\\/tienda\\\/sin categor\u00eda\\\/sintetizador-behringer-mod-wasp-deluxe\\\/#primaryimage\"},\"image\":{\"@id\":\"https:\\\/\\\/www.mexicanguitarplayers.com\\\/tienda\\\/sin categor\u00eda\\\/sintetizador-behringer-mod-wasp-deluxe\\\/#primaryimage\"},\"thumbnailUrl\":\"https:\\\/\\\/www.mexicanguitarplayers.com\\\/wp-content\\\/uploads\\\/2025\\\/04\\\/ITBEHWASPDELUX.jpg\",\"datePublished\":\"2025-04-09T04:14:53+00:00\",\"dateModified\":\"2026-04-10T10:28:04+00:00\",\"description\":\"Sintetizador h\u00edbrido legendario con OSC duales, VCF multimodo, cadena de polietileno de 16 voces y formato Eurorack, permite una gran creaci\u00f3n musical, reproducci\u00f3n aut\u00e9ntica del circuito original \u201cWasp Deluxe\u201d, ruta de se\u00f1al an\u00e1loga pura basada en aut\u00e9nticos dise\u00f1os VCF y VCA, 3 formas de oscilador variable con pulse\\\/ramp y modo mejorado para los mejores sonidos, VCF multimodo con modos Lo, Hi, Band y Notch, LFO flexible con 6 formas de onda que incluyen ruido y S&amp;H con control de frecuencia y modulaci\u00f3n de tono, 2 generadores de envolvente anal\u00f3gicos para la modulaci\u00f3n de VCF y VCA, generador de ruido que expande dr\u00e1sticamente la generaci\u00f3n de formas de onda, Poly-Chain de 16 voces que permite combinar m\u00faltiples sintetizadores para una polifon\u00eda de hasta 16 voces, soluci\u00f3n completa de Eurorack: el m\u00f3dulo principal se puede transferir a un estuche Eurorack est\u00e1ndar, 29 controles que brindan acceso directo y en tiempo real a todos los par\u00e1metros importantes, entrada de audio externa para procesar fuentes de sonido externas, implementaci\u00f3n completa de USB\\\/MIDI con canal MIDI y selecci\u00f3n de prioridad de voz, dimensiones: 87 x 374 x 136 mm, peso: 1.6 kg.\",\"breadcrumb\":{\"@id\":\"https:\\\/\\\/www.mexicanguitarplayers.com\\\/tienda\\\/sin categor\u00eda\\\/sintetizador-behringer-mod-wasp-deluxe\\\/#breadcrumb\"},\"inLanguage\":\"en-US\",\"potentialAction\":[{\"@type\":\"ReadAction\",\"target\":[\"https:\\\/\\\/www.mexicanguitarplayers.com\\\/tienda\\\/sin categor\u00eda\\\/sintetizador-behringer-mod-wasp-deluxe\\\/\"]}]},{\"@type\":\"ImageObject\",\"inLanguage\":\"en-US\",\"@id\":\"https:\\\/\\\/www.mexicanguitarplayers.com\\\/tienda\\\/sin categor\u00eda\\\/sintetizador-behringer-mod-wasp-deluxe\\\/#primaryimage\",\"url\":\"https:\\\/\\\/www.mexicanguitarplayers.com\\\/wp-content\\\/uploads\\\/2025\\\/04\\\/ITBEHWASPDELUX.jpg\",\"contentUrl\":\"https:\\\/\\\/www.mexicanguitarplayers.com\\\/wp-content\\\/uploads\\\/2025\\\/04\\\/ITBEHWASPDELUX.jpg\",\"width\":1600,\"height\":800},{\"@type\":\"BreadcrumbList\",\"@id\":\"https:\\\/\\\/www.mexicanguitarplayers.com\\\/tienda\\\/sin categor\u00eda\\\/sintetizador-behringer-mod-wasp-deluxe\\\/#breadcrumb\",\"itemListElement\":[{\"@type\":\"ListItem\",\"position\":1,\"name\":\"Portada\",\"item\":\"https:\\\/\\\/www.mexicanguitarplayers.com\\\/\"},{\"@type\":\"ListItem\",\"position\":2,\"name\":\"Tienda\",\"item\":\"https:\\\/\\\/www.mexicanguitarplayers.com\\\/tienda\\\/\"},{\"@type\":\"ListItem\",\"position\":3,\"name\":\"SINTETIZADOR BEHRINGER MOD. WASP DELUXE\"}]},{\"@type\":\"WebSite\",\"@id\":\"https:\\\/\\\/www.mexicanguitarplayers.com\\\/#website\",\"url\":\"https:\\\/\\\/www.mexicanguitarplayers.com\\\/\",\"name\":\"Mexican Guitar Players\",\"description\":\"Website\",\"publisher\":{\"@id\":\"https:\\\/\\\/www.mexicanguitarplayers.com\\\/#organization\"},\"potentialAction\":[{\"@type\":\"SearchAction\",\"target\":{\"@type\":\"EntryPoint\",\"urlTemplate\":\"https:\\\/\\\/www.mexicanguitarplayers.com\\\/?s={search_term_string}\"},\"query-input\":{\"@type\":\"PropertyValueSpecification\",\"valueRequired\":true,\"valueName\":\"search_term_string\"}}],\"inLanguage\":\"en-US\"},{\"@type\":\"Organization\",\"@id\":\"https:\\\/\\\/www.mexicanguitarplayers.com\\\/#organization\",\"name\":\"Mexican Guitar Players\",\"url\":\"https:\\\/\\\/www.mexicanguitarplayers.com\\\/\",\"logo\":{\"@type\":\"ImageObject\",\"inLanguage\":\"en-US\",\"@id\":\"https:\\\/\\\/www.mexicanguitarplayers.com\\\/#\\\/schema\\\/logo\\\/image\\\/\",\"url\":\"\",\"contentUrl\":\"\",\"caption\":\"Mexican Guitar Players\"},\"image\":{\"@id\":\"https:\\\/\\\/www.mexicanguitarplayers.com\\\/#\\\/schema\\\/logo\\\/image\\\/\"}}]}<\/script>\n<!-- \/ Yoast SEO plugin. -->","yoast_head_json":{"title":"SINTETIZADOR BEHRINGER MOD. WASP DELUXE - Mexican Guitar Players","description":"Sintetizador h\u00edbrido legendario con OSC duales, VCF multimodo, cadena de polietileno de 16 voces y formato Eurorack, permite una gran creaci\u00f3n musical, reproducci\u00f3n aut\u00e9ntica del circuito original \u201cWasp Deluxe\u201d, ruta de se\u00f1al an\u00e1loga pura basada en aut\u00e9nticos dise\u00f1os VCF y VCA, 3 formas de oscilador variable con pulse\/ramp y modo mejorado para los mejores sonidos, VCF multimodo con modos Lo, Hi, Band y Notch, LFO flexible con 6 formas de onda que incluyen ruido y S&amp;H con control de frecuencia y modulaci\u00f3n de tono, 2 generadores de envolvente anal\u00f3gicos para la modulaci\u00f3n de VCF y VCA, generador de ruido que expande dr\u00e1sticamente la generaci\u00f3n de formas de onda, Poly-Chain de 16 voces que permite combinar m\u00faltiples sintetizadores para una polifon\u00eda de hasta 16 voces, soluci\u00f3n completa de Eurorack: el m\u00f3dulo principal se puede transferir a un estuche Eurorack est\u00e1ndar, 29 controles que brindan acceso directo y en tiempo real a todos los par\u00e1metros importantes, entrada de audio externa para procesar fuentes de sonido externas, implementaci\u00f3n completa de USB\/MIDI con canal MIDI y selecci\u00f3n de prioridad de voz, dimensiones: 87 x 374 x 136 mm, peso: 1.6 kg.","robots":{"index":"index","follow":"follow","max-snippet":"max-snippet:-1","max-image-preview":"max-image-preview:large","max-video-preview":"max-video-preview:-1"},"canonical":"https:\/\/www.mexicanguitarplayers.com\/en\/tienda\/sin categor\u00eda\/sintetizador-behringer-mod-wasp-deluxe\/","og_locale":"en_US","og_type":"article","og_title":"SINTETIZADOR BEHRINGER MOD. WASP DELUXE - Mexican Guitar Players","og_description":"Sintetizador h\u00edbrido legendario con OSC duales, VCF multimodo, cadena de polietileno de 16 voces y formato Eurorack, permite una gran creaci\u00f3n musical, reproducci\u00f3n aut\u00e9ntica del circuito original \u201cWasp Deluxe\u201d, ruta de se\u00f1al an\u00e1loga pura basada en aut\u00e9nticos dise\u00f1os VCF y VCA, 3 formas de oscilador variable con pulse\/ramp y modo mejorado para los mejores sonidos, VCF multimodo con modos Lo, Hi, Band y Notch, LFO flexible con 6 formas de onda que incluyen ruido y S&amp;H con control de frecuencia y modulaci\u00f3n de tono, 2 generadores de envolvente anal\u00f3gicos para la modulaci\u00f3n de VCF y VCA, generador de ruido que expande dr\u00e1sticamente la generaci\u00f3n de formas de onda, Poly-Chain de 16 voces que permite combinar m\u00faltiples sintetizadores para una polifon\u00eda de hasta 16 voces, soluci\u00f3n completa de Eurorack: el m\u00f3dulo principal se puede transferir a un estuche Eurorack est\u00e1ndar, 29 controles que brindan acceso directo y en tiempo real a todos los par\u00e1metros importantes, entrada de audio externa para procesar fuentes de sonido externas, implementaci\u00f3n completa de USB\/MIDI con canal MIDI y selecci\u00f3n de prioridad de voz, dimensiones: 87 x 374 x 136 mm, peso: 1.6 kg.","og_url":"https:\/\/www.mexicanguitarplayers.com\/en\/tienda\/sin categor\u00eda\/sintetizador-behringer-mod-wasp-deluxe\/","og_site_name":"Mexican Guitar Players","article_modified_time":"2026-04-10T10:28:04+00:00","twitter_card":"summary_large_image","twitter_misc":{"Est. reading time":"2 minutes"},"schema":{"@context":"https:\/\/schema.org","@graph":[{"@type":["WebPage","ItemPage"],"@id":"https:\/\/www.mexicanguitarplayers.com\/tienda\/sin categor\u00eda\/sintetizador-behringer-mod-wasp-deluxe\/","url":"https:\/\/www.mexicanguitarplayers.com\/tienda\/sin categor\u00eda\/sintetizador-behringer-mod-wasp-deluxe\/","name":"SINTETIZADOR BEHRINGER MOD. WASP DELUXE - Mexican Guitar Players","isPartOf":{"@id":"https:\/\/www.mexicanguitarplayers.com\/#website"},"primaryImageOfPage":{"@id":"https:\/\/www.mexicanguitarplayers.com\/tienda\/sin categor\u00eda\/sintetizador-behringer-mod-wasp-deluxe\/#primaryimage"},"image":{"@id":"https:\/\/www.mexicanguitarplayers.com\/tienda\/sin categor\u00eda\/sintetizador-behringer-mod-wasp-deluxe\/#primaryimage"},"thumbnailUrl":"https:\/\/www.mexicanguitarplayers.com\/wp-content\/uploads\/2025\/04\/ITBEHWASPDELUX.jpg","datePublished":"2025-04-09T04:14:53+00:00","dateModified":"2026-04-10T10:28:04+00:00","description":"Sintetizador h\u00edbrido legendario con OSC duales, VCF multimodo, cadena de polietileno de 16 voces y formato Eurorack, permite una gran creaci\u00f3n musical, reproducci\u00f3n aut\u00e9ntica del circuito original \u201cWasp Deluxe\u201d, ruta de se\u00f1al an\u00e1loga pura basada en aut\u00e9nticos dise\u00f1os VCF y VCA, 3 formas de oscilador variable con pulse\/ramp y modo mejorado para los mejores sonidos, VCF multimodo con modos Lo, Hi, Band y Notch, LFO flexible con 6 formas de onda que incluyen ruido y S&amp;H con control de frecuencia y modulaci\u00f3n de tono, 2 generadores de envolvente anal\u00f3gicos para la modulaci\u00f3n de VCF y VCA, generador de ruido que expande dr\u00e1sticamente la generaci\u00f3n de formas de onda, Poly-Chain de 16 voces que permite combinar m\u00faltiples sintetizadores para una polifon\u00eda de hasta 16 voces, soluci\u00f3n completa de Eurorack: el m\u00f3dulo principal se puede transferir a un estuche Eurorack est\u00e1ndar, 29 controles que brindan acceso directo y en tiempo real a todos los par\u00e1metros importantes, entrada de audio externa para procesar fuentes de sonido externas, implementaci\u00f3n completa de USB\/MIDI con canal MIDI y selecci\u00f3n de prioridad de voz, dimensiones: 87 x 374 x 136 mm, peso: 1.6 kg.","breadcrumb":{"@id":"https:\/\/www.mexicanguitarplayers.com\/tienda\/sin categor\u00eda\/sintetizador-behringer-mod-wasp-deluxe\/#breadcrumb"},"inLanguage":"en-US","potentialAction":[{"@type":"ReadAction","target":["https:\/\/www.mexicanguitarplayers.com\/tienda\/sin categor\u00eda\/sintetizador-behringer-mod-wasp-deluxe\/"]}]},{"@type":"ImageObject","inLanguage":"en-US","@id":"https:\/\/www.mexicanguitarplayers.com\/tienda\/sin categor\u00eda\/sintetizador-behringer-mod-wasp-deluxe\/#primaryimage","url":"https:\/\/www.mexicanguitarplayers.com\/wp-content\/uploads\/2025\/04\/ITBEHWASPDELUX.jpg","contentUrl":"https:\/\/www.mexicanguitarplayers.com\/wp-content\/uploads\/2025\/04\/ITBEHWASPDELUX.jpg","width":1600,"height":800},{"@type":"BreadcrumbList","@id":"https:\/\/www.mexicanguitarplayers.com\/tienda\/sin categor\u00eda\/sintetizador-behringer-mod-wasp-deluxe\/#breadcrumb","itemListElement":[{"@type":"ListItem","position":1,"name":"Portada","item":"https:\/\/www.mexicanguitarplayers.com\/"},{"@type":"ListItem","position":2,"name":"Tienda","item":"https:\/\/www.mexicanguitarplayers.com\/tienda\/"},{"@type":"ListItem","position":3,"name":"SINTETIZADOR BEHRINGER MOD. WASP DELUXE"}]},{"@type":"WebSite","@id":"https:\/\/www.mexicanguitarplayers.com\/#website","url":"https:\/\/www.mexicanguitarplayers.com\/","name":"Mexican Guitar Players","description":"Website","publisher":{"@id":"https:\/\/www.mexicanguitarplayers.com\/#organization"},"potentialAction":[{"@type":"SearchAction","target":{"@type":"EntryPoint","urlTemplate":"https:\/\/www.mexicanguitarplayers.com\/?s={search_term_string}"},"query-input":{"@type":"PropertyValueSpecification","valueRequired":true,"valueName":"search_term_string"}}],"inLanguage":"en-US"},{"@type":"Organization","@id":"https:\/\/www.mexicanguitarplayers.com\/#organization","name":"Mexican Guitar Players","url":"https:\/\/www.mexicanguitarplayers.com\/","logo":{"@type":"ImageObject","inLanguage":"en-US","@id":"https:\/\/www.mexicanguitarplayers.com\/#\/schema\/logo\/image\/","url":"","contentUrl":"","caption":"Mexican Guitar Players"},"image":{"@id":"https:\/\/www.mexicanguitarplayers.com\/#\/schema\/logo\/image\/"}}]}},"brands":[{"id":171,"name":"BEHRINGER","slug":"behringer"}],"_links":{"self":[{"href":"https:\/\/www.mexicanguitarplayers.com\/en\/wp-json\/wp\/v2\/product\/35560","targetHints":{"allow":["GET"]}}],"collection":[{"href":"https:\/\/www.mexicanguitarplayers.com\/en\/wp-json\/wp\/v2\/product"}],"about":[{"href":"https:\/\/www.mexicanguitarplayers.com\/en\/wp-json\/wp\/v2\/types\/product"}],"replies":[{"embeddable":true,"href":"https:\/\/www.mexicanguitarplayers.com\/en\/wp-json\/wp\/v2\/comments?post=35560"}],"wp:featuredmedia":[{"embeddable":true,"href":"https:\/\/www.mexicanguitarplayers.com\/en\/wp-json\/wp\/v2\/media\/35552"}],"wp:attachment":[{"href":"https:\/\/www.mexicanguitarplayers.com\/en\/wp-json\/wp\/v2\/media?parent=35560"}],"wp:term":[{"taxonomy":"pwb-brand","embeddable":true,"href":"https:\/\/www.mexicanguitarplayers.com\/en\/wp-json\/wp\/v2\/pwb-brand?post=35560"},{"taxonomy":"product_brand","embeddable":true,"href":"https:\/\/www.mexicanguitarplayers.com\/en\/wp-json\/wp\/v2\/product_brand?post=35560"},{"taxonomy":"product_cat","embeddable":true,"href":"https:\/\/www.mexicanguitarplayers.com\/en\/wp-json\/wp\/v2\/product_cat?post=35560"},{"taxonomy":"product_tag","embeddable":true,"href":"https:\/\/www.mexicanguitarplayers.com\/en\/wp-json\/wp\/v2\/product_tag?post=35560"}],"curies":[{"name":"wp","href":"https:\/\/api.w.org\/{rel}","templated":true}]}}