{"id":35572,"date":"2025-04-08T22:15:09","date_gmt":"2025-04-09T04:15:09","guid":{"rendered":"https:\/\/www.mexicanguitarplayers.com\/tienda\/sin categor\u00eda\/microfono-sennheiser-inalam-ew100g4ci1\/"},"modified":"2026-04-10T04:28:03","modified_gmt":"2026-04-10T10:28:03","slug":"microfono-sennheiser-inalam-ew100g4ci1","status":"publish","type":"product","link":"https:\/\/www.mexicanguitarplayers.com\/en\/tienda\/audio\/sistema-de-monitoreo-personal\/transmisores-y-receptores-sistema-de-monitoreo-personal\/microfono-sennheiser-inalam-ew100g4ci1\/","title":{"rendered":"MICROFONO SENNHEISER INALAM. EW100G4CI1"},"content":{"rendered":"<div style=\"text-align: justify\">\n<div>\n<h3>Lib\u00e9rate dentro del escenario.<\/h3>\n<\/div>\n<div>Sistema inal\u00e1mbrico para instrumento con hasta 20 canales compatibles, ancho de banda de hasta 42 MHz con 1680 frecuencias seleccionables, completamente ajustable en un rango UHF estable, rango de transmisi\u00f3n: hasta 100 metros, alta potencia de salida RF (hasta 30 mW), incluye un receptor True Diversity EM 100 G4, un transmisor inal\u00e1mbrico SK 100 G4, un cable de instrumento Ci 1, un set de montaje en rack GA 3, fuente de alimentaci\u00f3n, 2 pilas AA, 2 antenas de barra y un cable RJ10 para interconexi\u00f3n de sistemas.<\/div>\n<div>\n<h4>Quick look<\/h4>\n<\/div>\n<ul style=\"margin: 0px 0px 0px 25px\">\n<li style=\"list-style-type: circle;margin: 5px\">EM 100 G4<\/li>\n<li style=\"list-style-type: circle;margin: 5px\">SK 100 G4<\/li>\n<\/ul>\n<div>\n<div style=\"font-weight: bold\">EM 100 G4<\/div>\n<div>\n<p>Rango A1 (470-516 MHz) B (626-668 MHz) G (566-608 MHz). Dimensiones: 190 x 212 x 43 mm. Compander: Sennheiser HDX. THD: =0,9 %. Peso: 980 g. Salida de audio:  Entrada para jack de 6.3 mm (asim\u00e9trica): +12 dBu. Entrada XLR (sim\u00e9trica): +18 dBu. Relaci\u00f3n se\u00f1al a ruido: = 110 dBA. Ancho de banda de conmutaci\u00f3n hasta 42 MHz. Desviaci\u00f3n de pico: \u00b148 kHz. Desviaci\u00f3n nominal: \u00b124 kHz. Modulaci\u00f3n FM de banda ancha. Fuente de poder: 12 V CC. Consumo de corriente: 300 mA. Rechazo de canal adyacente: T\u00edpicamente =65 dB. Atenuaci\u00f3n de intermodulaci\u00f3n: T\u00edpicamente =65 dB. Frecuencia de recepci\u00f3n: M\u00e1ximo de 1680 frecuencias de recepci\u00f3n, ajustable en pasos de 25 kHz, 20 bancos de frecuencia, cada uno con hasta 12 canales preajustados de f\u00e1brica, sin intermodulaci\u00f3n, 1 banco de frecuencia con hasta 12 canales programables. Sensibilidad de RF: &lt;2,5 \u00b5V para 52 dBA off S\/N. Ecualizador Preajuste 1: Flat. Ecualizador Preajuste 2: Low-cut (-3 dB a 180 Hz). Ecualizador Preajuste 3: Low-cut\/amplificador alto (-3 dB a 180 Hz, +6 dB a 10 kHz). Ecualizador Preajuste 4: Amplificador alto (+6 dB a 10 kHz). Rango de temperatura: -10 \u00b0C a +55 \u00b0C. Principio de receptor: True diversity. Bloqueo: = 70 dB.<\/p>\n<\/div>\n<div style=\"font-weight: bold\">SK 100 G4<\/div>\n<div>\n<p>Dimensiones: 82 x 64 x 24 mm. Compander: Sennheiser HDX. THD: =0,9%. Peso: 160 g. Relaci\u00f3n se\u00f1al a ruido: = 110 dBA. Potencia de salida de RF: M\u00e1ximo 30 mW. Ancho de banda de conmutaci\u00f3n hasta 42 MHz. Desviaci\u00f3n de pico: \u00b148 kHz. Tiempo de operaci\u00f3n: T\u00edpicamente 8 h. Modulaci\u00f3n FM de banda ancha. Fuente de poder: 2 pilas AA, 1,5 V o paquete de bater\u00edas BA 2015. Consumo de corriente con tensi\u00f3n nominal: T\u00edpico 180 mA, con el transmisor apagado: =25 \u00b5A. Impedancia de entrada 40 kilo-ohms, asim\u00e9trico 1 mili-ohm. Voltaje de entrada m\u00e1ximo: 3 V. Alimentaci\u00f3n: Bater\u00eda de 3 V\/ Bater\u00eda recargable de 2,4 V. Frecuencia de transmisi\u00f3n: M\u00e1ximo de 1680 frecuencias de recepci\u00f3n, ajustable en pasos de 25 kHz, 20 bancos de frecuencia, cada uno con hasta 12 canales preajustados de f\u00e1brica, sin intermodulaci\u00f3n, 1 banco de frecuencia con hasta 12 canales programables. Respuesta de frecuencia BF: Micr\u00f3fono: 80 &#8211; 18,000 Hz, L\u00ednea: 25 &#8211; 18,000 Hz. Rango de temperatura: -10 \u00b0C a +55 \u00b0C. Estabilidad de frecuencia: = \u00b115 pp.<\/p>\n<\/div>\n<\/div>\n<\/div>","protected":false},"excerpt":{"rendered":"<p>Sistema inal\u00e1mbrico para instrumento, ideal para guitarras o bajos el\u00e9ctricos, incluye trasmisor de bolsillo con chasis de metal, cable para instrumento con conexi\u00f3n plug 1\/4, receptor con tecnolog\u00eda True Diversity con chasis de metal y pantalla LCD, sincronizaci\u00f3n inal\u00e1mbrica sencilla v\u00eda infrarrojo, r\u00e1pida gesti\u00f3n y escaneo de frecuencias libres, m\u00e1s de 12 sistemas simult\u00e1neos con el cable RJ10, incluye kit de montaje a rack. Rango A1 (470-516 MHz) B (626-668 MHz) G (566-608 MHz).&hellip; <a class=\"kt-excerpt-readmore more-link\" href=\"https:\/\/www.mexicanguitarplayers.com\/en\/tienda\/audio\/sistema-de-monitoreo-personal\/transmisores-y-receptores-sistema-de-monitoreo-personal\/microfono-sennheiser-inalam-ew100g4ci1\/\">Read more<\/a><\/p>","protected":false},"featured_media":35571,"comment_status":"open","ping_status":"closed","template":"","meta":{"kt_blocks_editor_width":""},"pwb-brand":[176],"product_brand":[],"product_cat":[213,214,231,245],"product_tag":[],"class_list":{"0":"post-35572","1":"product","2":"type-product","3":"status-publish","4":"has-post-thumbnail","6":"pwb-brand-sennheiser","7":"product_cat-audio","8":"product_cat-microfonia","9":"product_cat-microfonos-inalambricos","10":"product_cat-transmisores-y-receptores-sistema-de-monitoreo-personal","11":"product_shipping_class-0-5-kg","13":"first","14":"outofstock","15":"taxable","16":"shipping-taxable","17":"purchasable","18":"product-type-simple"},"yoast_head":"<!-- This site is optimized with the Yoast SEO plugin v27.5 - https:\/\/yoast.com\/product\/yoast-seo-wordpress\/ -->\n<title>MICROFONO SENNHEISER INALAM. EW100G4CI1 - Mexican Guitar Players<\/title>\n<meta name=\"description\" content=\"Sistema inal\u00e1mbrico para instrumento, ideal para guitarras o bajos el\u00e9ctricos, incluye trasmisor de bolsillo con chasis de metal, cable para instrumento con conexi\u00f3n plug 1\/4, receptor con tecnolog\u00eda True Diversity con chasis de metal y pantalla LCD, sincronizaci\u00f3n inal\u00e1mbrica sencilla v\u00eda infrarrojo, r\u00e1pida gesti\u00f3n y escaneo de frecuencias libres, m\u00e1s de 12 sistemas simult\u00e1neos con el cable RJ10, incluye kit de montaje a rack. Rango A1 (470-516 MHz) B (626-668 MHz) G (566-608 MHz).\" \/>\n<meta name=\"robots\" content=\"index, follow, max-snippet:-1, max-image-preview:large, max-video-preview:-1\" \/>\n<link rel=\"canonical\" href=\"https:\/\/www.mexicanguitarplayers.com\/en\/tienda\/sin%20categor\u00eda\/microfono-sennheiser-inalam-ew100g4ci1\/\" \/>\n<meta property=\"og:locale\" content=\"en_US\" \/>\n<meta property=\"og:type\" content=\"article\" \/>\n<meta property=\"og:title\" content=\"MICROFONO SENNHEISER INALAM. EW100G4CI1 - Mexican Guitar Players\" \/>\n<meta property=\"og:description\" content=\"Sistema inal\u00e1mbrico para instrumento, ideal para guitarras o bajos el\u00e9ctricos, incluye trasmisor de bolsillo con chasis de metal, cable para instrumento con conexi\u00f3n plug 1\/4, receptor con tecnolog\u00eda True Diversity con chasis de metal y pantalla LCD, sincronizaci\u00f3n inal\u00e1mbrica sencilla v\u00eda infrarrojo, r\u00e1pida gesti\u00f3n y escaneo de frecuencias libres, m\u00e1s de 12 sistemas simult\u00e1neos con el cable RJ10, incluye kit de montaje a rack. Rango A1 (470-516 MHz) B (626-668 MHz) G (566-608 MHz).\" \/>\n<meta property=\"og:url\" content=\"https:\/\/www.mexicanguitarplayers.com\/en\/tienda\/sin categor\u00eda\/microfono-sennheiser-inalam-ew100g4ci1\/\" \/>\n<meta property=\"og:site_name\" content=\"Mexican Guitar Players\" \/>\n<meta property=\"article:modified_time\" content=\"2026-04-10T10:28:03+00:00\" \/>\n<meta name=\"twitter:card\" content=\"summary_large_image\" \/>\n<meta name=\"twitter:label1\" content=\"Est. reading time\" \/>\n\t<meta name=\"twitter:data1\" content=\"2 minutes\" \/>\n<script type=\"application\/ld+json\" class=\"yoast-schema-graph\">{\"@context\":\"https:\\\/\\\/schema.org\",\"@graph\":[{\"@type\":[\"WebPage\",\"ItemPage\"],\"@id\":\"https:\\\/\\\/www.mexicanguitarplayers.com\\\/tienda\\\/sin categor\u00eda\\\/microfono-sennheiser-inalam-ew100g4ci1\\\/\",\"url\":\"https:\\\/\\\/www.mexicanguitarplayers.com\\\/tienda\\\/sin categor\u00eda\\\/microfono-sennheiser-inalam-ew100g4ci1\\\/\",\"name\":\"MICROFONO SENNHEISER INALAM. EW100G4CI1 - Mexican Guitar Players\",\"isPartOf\":{\"@id\":\"https:\\\/\\\/www.mexicanguitarplayers.com\\\/#website\"},\"primaryImageOfPage\":{\"@id\":\"https:\\\/\\\/www.mexicanguitarplayers.com\\\/tienda\\\/sin categor\u00eda\\\/microfono-sennheiser-inalam-ew100g4ci1\\\/#primaryimage\"},\"image\":{\"@id\":\"https:\\\/\\\/www.mexicanguitarplayers.com\\\/tienda\\\/sin categor\u00eda\\\/microfono-sennheiser-inalam-ew100g4ci1\\\/#primaryimage\"},\"thumbnailUrl\":\"https:\\\/\\\/www.mexicanguitarplayers.com\\\/wp-content\\\/uploads\\\/2025\\\/04\\\/IASENEW100CI14.jpg\",\"datePublished\":\"2025-04-09T04:15:09+00:00\",\"dateModified\":\"2026-04-10T10:28:03+00:00\",\"description\":\"Sistema inal\u00e1mbrico para instrumento, ideal para guitarras o bajos el\u00e9ctricos, incluye trasmisor de bolsillo con chasis de metal, cable para instrumento con conexi\u00f3n plug 1\\\/4, receptor con tecnolog\u00eda True Diversity con chasis de metal y pantalla LCD, sincronizaci\u00f3n inal\u00e1mbrica sencilla v\u00eda infrarrojo, r\u00e1pida gesti\u00f3n y escaneo de frecuencias libres, m\u00e1s de 12 sistemas simult\u00e1neos con el cable RJ10, incluye kit de montaje a rack. Rango A1 (470-516 MHz) B (626-668 MHz) G (566-608 MHz).\",\"breadcrumb\":{\"@id\":\"https:\\\/\\\/www.mexicanguitarplayers.com\\\/tienda\\\/sin categor\u00eda\\\/microfono-sennheiser-inalam-ew100g4ci1\\\/#breadcrumb\"},\"inLanguage\":\"en-US\",\"potentialAction\":[{\"@type\":\"ReadAction\",\"target\":[\"https:\\\/\\\/www.mexicanguitarplayers.com\\\/tienda\\\/sin categor\u00eda\\\/microfono-sennheiser-inalam-ew100g4ci1\\\/\"]}]},{\"@type\":\"ImageObject\",\"inLanguage\":\"en-US\",\"@id\":\"https:\\\/\\\/www.mexicanguitarplayers.com\\\/tienda\\\/sin categor\u00eda\\\/microfono-sennheiser-inalam-ew100g4ci1\\\/#primaryimage\",\"url\":\"https:\\\/\\\/www.mexicanguitarplayers.com\\\/wp-content\\\/uploads\\\/2025\\\/04\\\/IASENEW100CI14.jpg\",\"contentUrl\":\"https:\\\/\\\/www.mexicanguitarplayers.com\\\/wp-content\\\/uploads\\\/2025\\\/04\\\/IASENEW100CI14.jpg\",\"width\":1200,\"height\":1200},{\"@type\":\"BreadcrumbList\",\"@id\":\"https:\\\/\\\/www.mexicanguitarplayers.com\\\/tienda\\\/sin categor\u00eda\\\/microfono-sennheiser-inalam-ew100g4ci1\\\/#breadcrumb\",\"itemListElement\":[{\"@type\":\"ListItem\",\"position\":1,\"name\":\"Portada\",\"item\":\"https:\\\/\\\/www.mexicanguitarplayers.com\\\/\"},{\"@type\":\"ListItem\",\"position\":2,\"name\":\"Tienda\",\"item\":\"https:\\\/\\\/www.mexicanguitarplayers.com\\\/tienda\\\/\"},{\"@type\":\"ListItem\",\"position\":3,\"name\":\"MICROFONO SENNHEISER INALAM. EW100G4CI1\"}]},{\"@type\":\"WebSite\",\"@id\":\"https:\\\/\\\/www.mexicanguitarplayers.com\\\/#website\",\"url\":\"https:\\\/\\\/www.mexicanguitarplayers.com\\\/\",\"name\":\"Mexican Guitar Players\",\"description\":\"Website\",\"publisher\":{\"@id\":\"https:\\\/\\\/www.mexicanguitarplayers.com\\\/#organization\"},\"potentialAction\":[{\"@type\":\"SearchAction\",\"target\":{\"@type\":\"EntryPoint\",\"urlTemplate\":\"https:\\\/\\\/www.mexicanguitarplayers.com\\\/?s={search_term_string}\"},\"query-input\":{\"@type\":\"PropertyValueSpecification\",\"valueRequired\":true,\"valueName\":\"search_term_string\"}}],\"inLanguage\":\"en-US\"},{\"@type\":\"Organization\",\"@id\":\"https:\\\/\\\/www.mexicanguitarplayers.com\\\/#organization\",\"name\":\"Mexican Guitar Players\",\"url\":\"https:\\\/\\\/www.mexicanguitarplayers.com\\\/\",\"logo\":{\"@type\":\"ImageObject\",\"inLanguage\":\"en-US\",\"@id\":\"https:\\\/\\\/www.mexicanguitarplayers.com\\\/#\\\/schema\\\/logo\\\/image\\\/\",\"url\":\"\",\"contentUrl\":\"\",\"caption\":\"Mexican Guitar Players\"},\"image\":{\"@id\":\"https:\\\/\\\/www.mexicanguitarplayers.com\\\/#\\\/schema\\\/logo\\\/image\\\/\"}}]}<\/script>\n<!-- \/ Yoast SEO plugin. -->","yoast_head_json":{"title":"MICROFONO SENNHEISER INALAM. EW100G4CI1 - Mexican Guitar Players","description":"Sistema inal\u00e1mbrico para instrumento, ideal para guitarras o bajos el\u00e9ctricos, incluye trasmisor de bolsillo con chasis de metal, cable para instrumento con conexi\u00f3n plug 1\/4, receptor con tecnolog\u00eda True Diversity con chasis de metal y pantalla LCD, sincronizaci\u00f3n inal\u00e1mbrica sencilla v\u00eda infrarrojo, r\u00e1pida gesti\u00f3n y escaneo de frecuencias libres, m\u00e1s de 12 sistemas simult\u00e1neos con el cable RJ10, incluye kit de montaje a rack. Rango A1 (470-516 MHz) B (626-668 MHz) G (566-608 MHz).","robots":{"index":"index","follow":"follow","max-snippet":"max-snippet:-1","max-image-preview":"max-image-preview:large","max-video-preview":"max-video-preview:-1"},"canonical":"https:\/\/www.mexicanguitarplayers.com\/en\/tienda\/sin categor\u00eda\/microfono-sennheiser-inalam-ew100g4ci1\/","og_locale":"en_US","og_type":"article","og_title":"MICROFONO SENNHEISER INALAM. EW100G4CI1 - Mexican Guitar Players","og_description":"Sistema inal\u00e1mbrico para instrumento, ideal para guitarras o bajos el\u00e9ctricos, incluye trasmisor de bolsillo con chasis de metal, cable para instrumento con conexi\u00f3n plug 1\/4, receptor con tecnolog\u00eda True Diversity con chasis de metal y pantalla LCD, sincronizaci\u00f3n inal\u00e1mbrica sencilla v\u00eda infrarrojo, r\u00e1pida gesti\u00f3n y escaneo de frecuencias libres, m\u00e1s de 12 sistemas simult\u00e1neos con el cable RJ10, incluye kit de montaje a rack. Rango A1 (470-516 MHz) B (626-668 MHz) G (566-608 MHz).","og_url":"https:\/\/www.mexicanguitarplayers.com\/en\/tienda\/sin categor\u00eda\/microfono-sennheiser-inalam-ew100g4ci1\/","og_site_name":"Mexican Guitar Players","article_modified_time":"2026-04-10T10:28:03+00:00","twitter_card":"summary_large_image","twitter_misc":{"Est. reading time":"2 minutes"},"schema":{"@context":"https:\/\/schema.org","@graph":[{"@type":["WebPage","ItemPage"],"@id":"https:\/\/www.mexicanguitarplayers.com\/tienda\/sin categor\u00eda\/microfono-sennheiser-inalam-ew100g4ci1\/","url":"https:\/\/www.mexicanguitarplayers.com\/tienda\/sin categor\u00eda\/microfono-sennheiser-inalam-ew100g4ci1\/","name":"MICROFONO SENNHEISER INALAM. EW100G4CI1 - Mexican Guitar Players","isPartOf":{"@id":"https:\/\/www.mexicanguitarplayers.com\/#website"},"primaryImageOfPage":{"@id":"https:\/\/www.mexicanguitarplayers.com\/tienda\/sin categor\u00eda\/microfono-sennheiser-inalam-ew100g4ci1\/#primaryimage"},"image":{"@id":"https:\/\/www.mexicanguitarplayers.com\/tienda\/sin categor\u00eda\/microfono-sennheiser-inalam-ew100g4ci1\/#primaryimage"},"thumbnailUrl":"https:\/\/www.mexicanguitarplayers.com\/wp-content\/uploads\/2025\/04\/IASENEW100CI14.jpg","datePublished":"2025-04-09T04:15:09+00:00","dateModified":"2026-04-10T10:28:03+00:00","description":"Sistema inal\u00e1mbrico para instrumento, ideal para guitarras o bajos el\u00e9ctricos, incluye trasmisor de bolsillo con chasis de metal, cable para instrumento con conexi\u00f3n plug 1\/4, receptor con tecnolog\u00eda True Diversity con chasis de metal y pantalla LCD, sincronizaci\u00f3n inal\u00e1mbrica sencilla v\u00eda infrarrojo, r\u00e1pida gesti\u00f3n y escaneo de frecuencias libres, m\u00e1s de 12 sistemas simult\u00e1neos con el cable RJ10, incluye kit de montaje a rack. Rango A1 (470-516 MHz) B (626-668 MHz) G (566-608 MHz).","breadcrumb":{"@id":"https:\/\/www.mexicanguitarplayers.com\/tienda\/sin categor\u00eda\/microfono-sennheiser-inalam-ew100g4ci1\/#breadcrumb"},"inLanguage":"en-US","potentialAction":[{"@type":"ReadAction","target":["https:\/\/www.mexicanguitarplayers.com\/tienda\/sin categor\u00eda\/microfono-sennheiser-inalam-ew100g4ci1\/"]}]},{"@type":"ImageObject","inLanguage":"en-US","@id":"https:\/\/www.mexicanguitarplayers.com\/tienda\/sin categor\u00eda\/microfono-sennheiser-inalam-ew100g4ci1\/#primaryimage","url":"https:\/\/www.mexicanguitarplayers.com\/wp-content\/uploads\/2025\/04\/IASENEW100CI14.jpg","contentUrl":"https:\/\/www.mexicanguitarplayers.com\/wp-content\/uploads\/2025\/04\/IASENEW100CI14.jpg","width":1200,"height":1200},{"@type":"BreadcrumbList","@id":"https:\/\/www.mexicanguitarplayers.com\/tienda\/sin categor\u00eda\/microfono-sennheiser-inalam-ew100g4ci1\/#breadcrumb","itemListElement":[{"@type":"ListItem","position":1,"name":"Portada","item":"https:\/\/www.mexicanguitarplayers.com\/"},{"@type":"ListItem","position":2,"name":"Tienda","item":"https:\/\/www.mexicanguitarplayers.com\/tienda\/"},{"@type":"ListItem","position":3,"name":"MICROFONO SENNHEISER INALAM. EW100G4CI1"}]},{"@type":"WebSite","@id":"https:\/\/www.mexicanguitarplayers.com\/#website","url":"https:\/\/www.mexicanguitarplayers.com\/","name":"Mexican Guitar Players","description":"Website","publisher":{"@id":"https:\/\/www.mexicanguitarplayers.com\/#organization"},"potentialAction":[{"@type":"SearchAction","target":{"@type":"EntryPoint","urlTemplate":"https:\/\/www.mexicanguitarplayers.com\/?s={search_term_string}"},"query-input":{"@type":"PropertyValueSpecification","valueRequired":true,"valueName":"search_term_string"}}],"inLanguage":"en-US"},{"@type":"Organization","@id":"https:\/\/www.mexicanguitarplayers.com\/#organization","name":"Mexican Guitar Players","url":"https:\/\/www.mexicanguitarplayers.com\/","logo":{"@type":"ImageObject","inLanguage":"en-US","@id":"https:\/\/www.mexicanguitarplayers.com\/#\/schema\/logo\/image\/","url":"","contentUrl":"","caption":"Mexican Guitar Players"},"image":{"@id":"https:\/\/www.mexicanguitarplayers.com\/#\/schema\/logo\/image\/"}}]}},"brands":[{"id":176,"name":"SENNHEISER","slug":"sennheiser"}],"_links":{"self":[{"href":"https:\/\/www.mexicanguitarplayers.com\/en\/wp-json\/wp\/v2\/product\/35572","targetHints":{"allow":["GET"]}}],"collection":[{"href":"https:\/\/www.mexicanguitarplayers.com\/en\/wp-json\/wp\/v2\/product"}],"about":[{"href":"https:\/\/www.mexicanguitarplayers.com\/en\/wp-json\/wp\/v2\/types\/product"}],"replies":[{"embeddable":true,"href":"https:\/\/www.mexicanguitarplayers.com\/en\/wp-json\/wp\/v2\/comments?post=35572"}],"wp:featuredmedia":[{"embeddable":true,"href":"https:\/\/www.mexicanguitarplayers.com\/en\/wp-json\/wp\/v2\/media\/35571"}],"wp:attachment":[{"href":"https:\/\/www.mexicanguitarplayers.com\/en\/wp-json\/wp\/v2\/media?parent=35572"}],"wp:term":[{"taxonomy":"pwb-brand","embeddable":true,"href":"https:\/\/www.mexicanguitarplayers.com\/en\/wp-json\/wp\/v2\/pwb-brand?post=35572"},{"taxonomy":"product_brand","embeddable":true,"href":"https:\/\/www.mexicanguitarplayers.com\/en\/wp-json\/wp\/v2\/product_brand?post=35572"},{"taxonomy":"product_cat","embeddable":true,"href":"https:\/\/www.mexicanguitarplayers.com\/en\/wp-json\/wp\/v2\/product_cat?post=35572"},{"taxonomy":"product_tag","embeddable":true,"href":"https:\/\/www.mexicanguitarplayers.com\/en\/wp-json\/wp\/v2\/product_tag?post=35572"}],"curies":[{"name":"wp","href":"https:\/\/api.w.org\/{rel}","templated":true}]}}