{"id":35585,"date":"2025-04-08T22:15:27","date_gmt":"2025-04-09T04:15:27","guid":{"rendered":"https:\/\/www.mexicanguitarplayers.com\/tienda\/sin categor\u00eda\/piano-casio-digital-cdp-s350\/"},"modified":"2025-04-08T22:15:27","modified_gmt":"2025-04-09T04:15:27","slug":"piano-casio-digital-cdp-s350","status":"publish","type":"product","link":"https:\/\/www.mexicanguitarplayers.com\/en\/tienda\/teclas\/pianos\/pianos-digitales\/piano-casio-digital-cdp-s350\/","title":{"rendered":"PIANO CASIO DIGITAL       CDP-S350"},"content":{"rendered":"<div style=\"text-align: justify\">\n<div>\n<h3>Sonidos y ritmos para llevar.<\/h3>\n<\/div>\n<div>La nueva serie CDP-S de teclados Casio inspira con caracter\u00edsticas destacadas: nueva acci\u00f3n de martillo, nueva generaci\u00f3n de sonido y un nuevo sistema de altavoces. Un excelente instrumento tanto para principiantes como para los m\u00fasicos profesionales que valoran enormemente la portabilidad y la diversidad de sonidos. Adem\u00e1s, el modelo CDP-S350 es liviano y puede funcionar con bater\u00edas. Con un soporte opcional (CD-46) el instrumento port\u00e1til se transforma en un atractivo modelo con soporte y es posible la conexi\u00f3n de la nueva unidad de pedal triple SP-34.<\/div>\n<div>\n<h4>Quick look<\/h4>\n<\/div>\n<ul style=\"margin: 0px 0px 0px 25px\">\n<li style=\"list-style-type: circle;margin: 5px\">Teclado.<\/li>\n<li style=\"list-style-type: circle;margin: 5px\">Polifon\u00eda m\u00e1xima.<\/li>\n<li style=\"list-style-type: circle;margin: 5px\">Tonos.<\/li>\n<li style=\"list-style-type: circle;margin: 5px\">Reverb.<\/li>\n<li style=\"list-style-type: circle;margin: 5px\">Chorus.<\/li>\n<li style=\"list-style-type: circle;margin: 5px\">Metr\u00f3nomo.<\/li>\n<li style=\"list-style-type: circle;margin: 5px\">Banco de canciones.<\/li>\n<li style=\"list-style-type: circle;margin: 5px\">Auto acompa\u00f1amiento.<\/li>\n<li style=\"list-style-type: circle;margin: 5px\">Registro.<\/li>\n<li style=\"list-style-type: circle;margin: 5px\">Grabadora.<\/li>\n<li style=\"list-style-type: circle;margin: 5px\">Otras funciones.<\/li>\n<li style=\"list-style-type: circle;margin: 5px\">MIDI.<\/li>\n<li style=\"list-style-type: circle;margin: 5px\">Rueda Pitch Bend.<\/li>\n<li style=\"list-style-type: circle;margin: 5px\">Entrances and exits.<\/li>\n<li style=\"list-style-type: circle;margin: 5px\">Conector de alimentaci\u00f3n.<\/li>\n<li style=\"list-style-type: circle;margin: 5px\">Power supply.<\/li>\n<li style=\"list-style-type: circle;margin: 5px\">Speakers.<\/li>\n<li style=\"list-style-type: circle;margin: 5px\">Energy consumption.<\/li>\n<li style=\"list-style-type: circle;margin: 5px\">Dimensions.<\/li>\n<li style=\"list-style-type: circle;margin: 5px\">Weight.<\/li>\n<\/ul>\n<div>\n<div style=\"font-weight: bold\">Teclado.<\/div>\n<div>\n<p>88 teclas con respuesta al tacto.<\/p>\n<\/div>\n<div style=\"font-weight: bold\">Polifon\u00eda m\u00e1xima.<\/div>\n<div>\n<p>64 notas (32 en algunos tonos).<\/p>\n<\/div>\n<div style=\"font-weight: bold\">Tonos.<\/div>\n<div>\n<p>700 tonos integrados. Funci\u00f3n: Layer\/Split.<\/p>\n<\/div>\n<div style=\"font-weight: bold\">Reverb.<\/div>\n<div>\n<p>1 a 10, off.<\/p>\n<\/div>\n<div style=\"font-weight: bold\">Chorus.<\/div>\n<div>\n<p>1 a 4, tono.<\/p>\n<\/div>\n<div style=\"font-weight: bold\">Metr\u00f3nomo.<\/div>\n<div>\n<p>Beat bell: off, 1 a 9 (beats). Rango de tempo: 20 a 255.<\/p>\n<\/div>\n<div style=\"font-weight: bold\">Banco de canciones.<\/div>\n<div>\n<p>Canci\u00f3n Demo: 1 canci\u00f3n. Canciones integradas: 152. Canciones de usuario: 10 (m\u00e1xima capacidad por canci\u00f3n: 320 Kb aprox). Canciones grabadas de usuario. 6.<\/p>\n<\/div>\n<div style=\"font-weight: bold\">Auto acompa\u00f1amiento.<\/div>\n<div>\n<p>Ritmos incorporados: 200. Ritmos de usuario: 10 (m\u00e1xima capacidad por ritmo: 64 Kb aproximadamente).<\/p>\n<\/div>\n<div style=\"font-weight: bold\">Registro.<\/div>\n<div>\n<p>32 (4 ajustes x 8 bancos).<\/p>\n<\/div>\n<div style=\"font-weight: bold\">Grabadora.<\/div>\n<div>\n<p>Grabaci\u00f3n y reproducci\u00f3n en tiempo real. Reproducci\u00f3n: 5 canciones, 6 tracks. Toca sobre una canci\u00f3n: 1 canci\u00f3n (L, R, LR). Capacidad de memoria: Aproximadamente 12,000 notas.<\/p>\n<\/div>\n<div style=\"font-weight: bold\">Otras funciones.<\/div>\n<div>\n<p>Transposici\u00f3n: \u00b1 1 octava (-12 a 0 a + 12 semitonos). Octave shift: Upper 1\/ Upper 2 \/ Lower, \u00b1 2 octaves. Afinaci\u00f3n: A4 = 415,5 Hz a 465,9 Hz (Inicial por defecto 440.0 Hz), variable en paso de 0.1 Hz. Escala de afinaci\u00f3n: 17. Preajuste m\u00fasica: 310. Preajuste One Touch: 200. Auto armonizador: 12 tipos. Arpegiador: 100 tipos.<\/p>\n<\/div>\n<div style=\"font-weight: bold\">MIDI.<\/div>\n<div>\n<p>Receptor multi timbre 16, GM est\u00e1ndar Nivel 1.<\/p>\n<\/div>\n<div style=\"font-weight: bold\">Rueda Pitch Bend.<\/div>\n<div>\n<p>0 a 24 semitonos.<\/p>\n<\/div>\n<div style=\"font-weight: bold\">Entrances and exits.<\/div>\n<div>\n<p>Puerto USB: Tipo B. Puerto USB Flash Drive: Tipo A. Jack Damper\/Asignable: Jack est\u00e1ndar (Sustain, Sostenuto, Soft, Rhythmus). Jack unidad de pedal: Jack propietario (Sustain, Sostenuto, Soft). Salida de aud\u00edfonos: Mini jack (3.5 mm). Impedancia de salida: 3 ohms. Voltaje de salida: 1,3 V (RMS) m\u00e1ximo. Entrada de audio: Mini jack (3.5 mm). Impedancia de entrada: 10 kilo-ohms. Sensibilidad de entrada: 200 mV.<\/p>\n<\/div>\n<div style=\"font-weight: bold\">Conector de alimentaci\u00f3n.<\/div>\n<div>\n<p>12V DC.<\/p>\n<\/div>\n<div style=\"font-weight: bold\">Power supply.<\/div>\n<div>\n<p>2 v\u00edas. Pilas: 6 pilas alcalinas AAA. Vida de la bater\u00eda: Aproximadamente 4 horas continuas con pilas alcalinas. Adaptador AC: AD-A12150LW. Auto apagado: Aproximadamente despu\u00e9s de 4 horas (con adaptador AC) o de 6 minutos con pilas (se puede deshabilitar).<\/p>\n<\/div>\n<div style=\"font-weight: bold\">Speakers.<\/div>\n<div>\n<p>2 altavoces de 13 x 7 cm (oval). Potencia de salida: 8W + 8W.<\/p>\n<\/div>\n<div style=\"font-weight: bold\">Energy consumption.<\/div>\n<div>\n<p>12 V &#8212; 10 W.<\/p>\n<\/div>\n<div style=\"font-weight: bold\">Dimensions.<\/div>\n<div>\n<p>132.2 x 23.2 x 9.9 cm.<\/p>\n<\/div>\n<div style=\"font-weight: bold\">Weight.<\/div>\n<div>\n<p>10.9 kg.<\/p>\n<\/div>\n<\/div>\n<\/div>","protected":false},"excerpt":{"rendered":"<p>Piano digital de 88 teclas con respuesta al tacto, polifon\u00eda m\u00e1xima: 64 notas (32 en algunos tonos), 700 tonos, funci\u00f3n layer\/split, reverb y chorus, metr\u00f3nomo: Beat bell: 0 (off), 1 a 9 (beats), rango de tempo: 20 a 255, 1 canciones demo, 6 canciones de usuario, 200 ritmos incorporados y 10 ritmos de usuario, registro: 32 \/(4 ajustes x 8 bancos), grabaci\u00f3n en tiempo real, reproducci\u00f3n: 5 canciones, 6 tracks, capacidad: aproximadamente 12,000 notas, pedal, transposici\u00f3n: -12 a 0 a 12 semitonos, afinaci\u00f3n: A4 = 415,5 Hz a 465,9 Hz (inicial default: 440,0 Hz), MIDI: Receptor multi timbre 16, GM nivel 1 est\u00e1ndar, pitch bend, USB tipo A, USB tipo B, jack para pedal, salida de aud\u00edfonos, 2 altavoces de 13 x 7 cm (oval), potencia: 8W+8W, utiliza adaptador AD: AD: AD-A12150LW o 6 pilas alcalinas AA, consumo de energ\u00eda: 12 V &#8211; 10 W, dimensiones: 132.2 x 23.2 x 9.9 cm, peso: 10.9 kg.&hellip; <a class=\"kt-excerpt-readmore more-link\" href=\"https:\/\/www.mexicanguitarplayers.com\/en\/tienda\/teclas\/pianos\/pianos-digitales\/piano-casio-digital-cdp-s350\/\">Read more<\/a><\/p>","protected":false},"featured_media":35581,"comment_status":"open","ping_status":"closed","template":"","meta":{"kt_blocks_editor_width":""},"pwb-brand":[274],"product_brand":[],"product_cat":[377,378,376],"product_tag":[],"class_list":{"0":"post-35585","1":"product","2":"type-product","3":"status-publish","4":"has-post-thumbnail","6":"pwb-brand-casio","7":"product_cat-pianos","8":"product_cat-pianos-digitales","9":"product_cat-teclas","10":"product_shipping_class-10-15-kg","12":"first","13":"outofstock","14":"taxable","15":"shipping-taxable","16":"purchasable","17":"product-type-simple"},"yoast_head":"<!-- This site is optimized with the Yoast SEO plugin v27.3 - https:\/\/yoast.com\/product\/yoast-seo-wordpress\/ -->\n<title>PIANO CASIO DIGITAL    CDP-S350 - Mexican Guitar Players<\/title>\n<meta name=\"description\" content=\"Piano digital de 88 teclas con respuesta al tacto, polifon\u00eda m\u00e1xima: 64 notas (32 en algunos tonos), 700 tonos, funci\u00f3n layer\/split, reverb y chorus, metr\u00f3nomo: Beat bell: 0 (off), 1 a 9 (beats), rango de tempo: 20 a 255, 1 canciones demo, 6 canciones de usuario, 200 ritmos incorporados y 10 ritmos de usuario, registro: 32 \/(4 ajustes x 8 bancos), grabaci\u00f3n en tiempo real, reproducci\u00f3n: 5 canciones, 6 tracks, capacidad: aproximadamente 12,000 notas, pedal, transposici\u00f3n: -12 a 0 a 12 semitonos, afinaci\u00f3n: A4 = 415,5 Hz a 465,9 Hz (inicial default: 440,0 Hz), MIDI: Receptor multi timbre 16, GM nivel 1 est\u00e1ndar, pitch bend, USB tipo A, USB tipo B, jack para pedal, salida de aud\u00edfonos, 2 altavoces de 13 x 7 cm (oval), potencia: 8W+8W, utiliza adaptador AD: AD: AD-A12150LW o 6 pilas alcalinas AA, consumo de energ\u00eda: 12 V - 10 W, dimensiones: 132.2 x 23.2 x 9.9 cm, peso: 10.9 kg.\" \/>\n<meta name=\"robots\" content=\"index, follow, max-snippet:-1, max-image-preview:large, max-video-preview:-1\" \/>\n<link rel=\"canonical\" href=\"https:\/\/www.mexicanguitarplayers.com\/en\/tienda\/sin%20categor\u00eda\/piano-casio-digital-cdp-s350\/\" \/>\n<meta property=\"og:locale\" content=\"en_US\" \/>\n<meta property=\"og:type\" content=\"article\" \/>\n<meta property=\"og:title\" content=\"PIANO CASIO DIGITAL    CDP-S350 - Mexican Guitar Players\" \/>\n<meta property=\"og:description\" content=\"Piano digital de 88 teclas con respuesta al tacto, polifon\u00eda m\u00e1xima: 64 notas (32 en algunos tonos), 700 tonos, funci\u00f3n layer\/split, reverb y chorus, metr\u00f3nomo: Beat bell: 0 (off), 1 a 9 (beats), rango de tempo: 20 a 255, 1 canciones demo, 6 canciones de usuario, 200 ritmos incorporados y 10 ritmos de usuario, registro: 32 \/(4 ajustes x 8 bancos), grabaci\u00f3n en tiempo real, reproducci\u00f3n: 5 canciones, 6 tracks, capacidad: aproximadamente 12,000 notas, pedal, transposici\u00f3n: -12 a 0 a 12 semitonos, afinaci\u00f3n: A4 = 415,5 Hz a 465,9 Hz (inicial default: 440,0 Hz), MIDI: Receptor multi timbre 16, GM nivel 1 est\u00e1ndar, pitch bend, USB tipo A, USB tipo B, jack para pedal, salida de aud\u00edfonos, 2 altavoces de 13 x 7 cm (oval), potencia: 8W+8W, utiliza adaptador AD: AD: AD-A12150LW o 6 pilas alcalinas AA, consumo de energ\u00eda: 12 V - 10 W, dimensiones: 132.2 x 23.2 x 9.9 cm, peso: 10.9 kg.\" \/>\n<meta property=\"og:url\" content=\"https:\/\/www.mexicanguitarplayers.com\/en\/tienda\/sin categor\u00eda\/piano-casio-digital-cdp-s350\/\" \/>\n<meta property=\"og:site_name\" content=\"Mexican Guitar Players\" \/>\n<meta name=\"twitter:card\" content=\"summary_large_image\" \/>\n<meta name=\"twitter:label1\" content=\"Est. reading time\" \/>\n\t<meta name=\"twitter:data1\" content=\"2 minutes\" \/>\n<script type=\"application\/ld+json\" class=\"yoast-schema-graph\">{\"@context\":\"https:\\\/\\\/schema.org\",\"@graph\":[{\"@type\":[\"WebPage\",\"ItemPage\"],\"@id\":\"https:\\\/\\\/www.mexicanguitarplayers.com\\\/tienda\\\/sin categor\u00eda\\\/piano-casio-digital-cdp-s350\\\/\",\"url\":\"https:\\\/\\\/www.mexicanguitarplayers.com\\\/tienda\\\/sin categor\u00eda\\\/piano-casio-digital-cdp-s350\\\/\",\"name\":\"PIANO CASIO DIGITAL CDP-S350 - Mexican Guitar Players\",\"isPartOf\":{\"@id\":\"https:\\\/\\\/www.mexicanguitarplayers.com\\\/#website\"},\"primaryImageOfPage\":{\"@id\":\"https:\\\/\\\/www.mexicanguitarplayers.com\\\/tienda\\\/sin categor\u00eda\\\/piano-casio-digital-cdp-s350\\\/#primaryimage\"},\"image\":{\"@id\":\"https:\\\/\\\/www.mexicanguitarplayers.com\\\/tienda\\\/sin categor\u00eda\\\/piano-casio-digital-cdp-s350\\\/#primaryimage\"},\"thumbnailUrl\":\"https:\\\/\\\/www.mexicanguitarplayers.com\\\/wp-content\\\/uploads\\\/2025\\\/04\\\/ITCASCDPS350.jpg\",\"datePublished\":\"2025-04-09T04:15:27+00:00\",\"description\":\"Piano digital de 88 teclas con respuesta al tacto, polifon\u00eda m\u00e1xima: 64 notas (32 en algunos tonos), 700 tonos, funci\u00f3n layer\\\/split, reverb y chorus, metr\u00f3nomo: Beat bell: 0 (off), 1 a 9 (beats), rango de tempo: 20 a 255, 1 canciones demo, 6 canciones de usuario, 200 ritmos incorporados y 10 ritmos de usuario, registro: 32 \\\/(4 ajustes x 8 bancos), grabaci\u00f3n en tiempo real, reproducci\u00f3n: 5 canciones, 6 tracks, capacidad: aproximadamente 12,000 notas, pedal, transposici\u00f3n: -12 a 0 a 12 semitonos, afinaci\u00f3n: A4 = 415,5 Hz a 465,9 Hz (inicial default: 440,0 Hz), MIDI: Receptor multi timbre 16, GM nivel 1 est\u00e1ndar, pitch bend, USB tipo A, USB tipo B, jack para pedal, salida de aud\u00edfonos, 2 altavoces de 13 x 7 cm (oval), potencia: 8W+8W, utiliza adaptador AD: AD: AD-A12150LW o 6 pilas alcalinas AA, consumo de energ\u00eda: 12 V - 10 W, dimensiones: 132.2 x 23.2 x 9.9 cm, peso: 10.9 kg.\",\"breadcrumb\":{\"@id\":\"https:\\\/\\\/www.mexicanguitarplayers.com\\\/tienda\\\/sin categor\u00eda\\\/piano-casio-digital-cdp-s350\\\/#breadcrumb\"},\"inLanguage\":\"en-US\",\"potentialAction\":[{\"@type\":\"ReadAction\",\"target\":[\"https:\\\/\\\/www.mexicanguitarplayers.com\\\/tienda\\\/sin categor\u00eda\\\/piano-casio-digital-cdp-s350\\\/\"]}]},{\"@type\":\"ImageObject\",\"inLanguage\":\"en-US\",\"@id\":\"https:\\\/\\\/www.mexicanguitarplayers.com\\\/tienda\\\/sin categor\u00eda\\\/piano-casio-digital-cdp-s350\\\/#primaryimage\",\"url\":\"https:\\\/\\\/www.mexicanguitarplayers.com\\\/wp-content\\\/uploads\\\/2025\\\/04\\\/ITCASCDPS350.jpg\",\"contentUrl\":\"https:\\\/\\\/www.mexicanguitarplayers.com\\\/wp-content\\\/uploads\\\/2025\\\/04\\\/ITCASCDPS350.jpg\",\"width\":1600,\"height\":800},{\"@type\":\"BreadcrumbList\",\"@id\":\"https:\\\/\\\/www.mexicanguitarplayers.com\\\/tienda\\\/sin categor\u00eda\\\/piano-casio-digital-cdp-s350\\\/#breadcrumb\",\"itemListElement\":[{\"@type\":\"ListItem\",\"position\":1,\"name\":\"Portada\",\"item\":\"https:\\\/\\\/www.mexicanguitarplayers.com\\\/\"},{\"@type\":\"ListItem\",\"position\":2,\"name\":\"Tienda\",\"item\":\"https:\\\/\\\/www.mexicanguitarplayers.com\\\/tienda\\\/\"},{\"@type\":\"ListItem\",\"position\":3,\"name\":\"PIANO CASIO DIGITAL CDP-S350\"}]},{\"@type\":\"WebSite\",\"@id\":\"https:\\\/\\\/www.mexicanguitarplayers.com\\\/#website\",\"url\":\"https:\\\/\\\/www.mexicanguitarplayers.com\\\/\",\"name\":\"Mexican Guitar Players\",\"description\":\"Website\",\"publisher\":{\"@id\":\"https:\\\/\\\/www.mexicanguitarplayers.com\\\/#organization\"},\"potentialAction\":[{\"@type\":\"SearchAction\",\"target\":{\"@type\":\"EntryPoint\",\"urlTemplate\":\"https:\\\/\\\/www.mexicanguitarplayers.com\\\/?s={search_term_string}\"},\"query-input\":{\"@type\":\"PropertyValueSpecification\",\"valueRequired\":true,\"valueName\":\"search_term_string\"}}],\"inLanguage\":\"en-US\"},{\"@type\":\"Organization\",\"@id\":\"https:\\\/\\\/www.mexicanguitarplayers.com\\\/#organization\",\"name\":\"Mexican Guitar Players\",\"url\":\"https:\\\/\\\/www.mexicanguitarplayers.com\\\/\",\"logo\":{\"@type\":\"ImageObject\",\"inLanguage\":\"en-US\",\"@id\":\"https:\\\/\\\/www.mexicanguitarplayers.com\\\/#\\\/schema\\\/logo\\\/image\\\/\",\"url\":\"\",\"contentUrl\":\"\",\"caption\":\"Mexican Guitar Players\"},\"image\":{\"@id\":\"https:\\\/\\\/www.mexicanguitarplayers.com\\\/#\\\/schema\\\/logo\\\/image\\\/\"}}]}<\/script>\n<!-- \/ Yoast SEO plugin. -->","yoast_head_json":{"title":"PIANO CASIO DIGITAL    CDP-S350 - Mexican Guitar Players","description":"Piano digital de 88 teclas con respuesta al tacto, polifon\u00eda m\u00e1xima: 64 notas (32 en algunos tonos), 700 tonos, funci\u00f3n layer\/split, reverb y chorus, metr\u00f3nomo: Beat bell: 0 (off), 1 a 9 (beats), rango de tempo: 20 a 255, 1 canciones demo, 6 canciones de usuario, 200 ritmos incorporados y 10 ritmos de usuario, registro: 32 \/(4 ajustes x 8 bancos), grabaci\u00f3n en tiempo real, reproducci\u00f3n: 5 canciones, 6 tracks, capacidad: aproximadamente 12,000 notas, pedal, transposici\u00f3n: -12 a 0 a 12 semitonos, afinaci\u00f3n: A4 = 415,5 Hz a 465,9 Hz (inicial default: 440,0 Hz), MIDI: Receptor multi timbre 16, GM nivel 1 est\u00e1ndar, pitch bend, USB tipo A, USB tipo B, jack para pedal, salida de aud\u00edfonos, 2 altavoces de 13 x 7 cm (oval), potencia: 8W+8W, utiliza adaptador AD: AD: AD-A12150LW o 6 pilas alcalinas AA, consumo de energ\u00eda: 12 V - 10 W, dimensiones: 132.2 x 23.2 x 9.9 cm, peso: 10.9 kg.","robots":{"index":"index","follow":"follow","max-snippet":"max-snippet:-1","max-image-preview":"max-image-preview:large","max-video-preview":"max-video-preview:-1"},"canonical":"https:\/\/www.mexicanguitarplayers.com\/en\/tienda\/sin categor\u00eda\/piano-casio-digital-cdp-s350\/","og_locale":"en_US","og_type":"article","og_title":"PIANO CASIO DIGITAL    CDP-S350 - Mexican Guitar Players","og_description":"Piano digital de 88 teclas con respuesta al tacto, polifon\u00eda m\u00e1xima: 64 notas (32 en algunos tonos), 700 tonos, funci\u00f3n layer\/split, reverb y chorus, metr\u00f3nomo: Beat bell: 0 (off), 1 a 9 (beats), rango de tempo: 20 a 255, 1 canciones demo, 6 canciones de usuario, 200 ritmos incorporados y 10 ritmos de usuario, registro: 32 \/(4 ajustes x 8 bancos), grabaci\u00f3n en tiempo real, reproducci\u00f3n: 5 canciones, 6 tracks, capacidad: aproximadamente 12,000 notas, pedal, transposici\u00f3n: -12 a 0 a 12 semitonos, afinaci\u00f3n: A4 = 415,5 Hz a 465,9 Hz (inicial default: 440,0 Hz), MIDI: Receptor multi timbre 16, GM nivel 1 est\u00e1ndar, pitch bend, USB tipo A, USB tipo B, jack para pedal, salida de aud\u00edfonos, 2 altavoces de 13 x 7 cm (oval), potencia: 8W+8W, utiliza adaptador AD: AD: AD-A12150LW o 6 pilas alcalinas AA, consumo de energ\u00eda: 12 V - 10 W, dimensiones: 132.2 x 23.2 x 9.9 cm, peso: 10.9 kg.","og_url":"https:\/\/www.mexicanguitarplayers.com\/en\/tienda\/sin categor\u00eda\/piano-casio-digital-cdp-s350\/","og_site_name":"Mexican Guitar Players","twitter_card":"summary_large_image","twitter_misc":{"Est. reading time":"2 minutes"},"schema":{"@context":"https:\/\/schema.org","@graph":[{"@type":["WebPage","ItemPage"],"@id":"https:\/\/www.mexicanguitarplayers.com\/tienda\/sin categor\u00eda\/piano-casio-digital-cdp-s350\/","url":"https:\/\/www.mexicanguitarplayers.com\/tienda\/sin categor\u00eda\/piano-casio-digital-cdp-s350\/","name":"PIANO CASIO DIGITAL CDP-S350 - Mexican Guitar Players","isPartOf":{"@id":"https:\/\/www.mexicanguitarplayers.com\/#website"},"primaryImageOfPage":{"@id":"https:\/\/www.mexicanguitarplayers.com\/tienda\/sin categor\u00eda\/piano-casio-digital-cdp-s350\/#primaryimage"},"image":{"@id":"https:\/\/www.mexicanguitarplayers.com\/tienda\/sin categor\u00eda\/piano-casio-digital-cdp-s350\/#primaryimage"},"thumbnailUrl":"https:\/\/www.mexicanguitarplayers.com\/wp-content\/uploads\/2025\/04\/ITCASCDPS350.jpg","datePublished":"2025-04-09T04:15:27+00:00","description":"Piano digital de 88 teclas con respuesta al tacto, polifon\u00eda m\u00e1xima: 64 notas (32 en algunos tonos), 700 tonos, funci\u00f3n layer\/split, reverb y chorus, metr\u00f3nomo: Beat bell: 0 (off), 1 a 9 (beats), rango de tempo: 20 a 255, 1 canciones demo, 6 canciones de usuario, 200 ritmos incorporados y 10 ritmos de usuario, registro: 32 \/(4 ajustes x 8 bancos), grabaci\u00f3n en tiempo real, reproducci\u00f3n: 5 canciones, 6 tracks, capacidad: aproximadamente 12,000 notas, pedal, transposici\u00f3n: -12 a 0 a 12 semitonos, afinaci\u00f3n: A4 = 415,5 Hz a 465,9 Hz (inicial default: 440,0 Hz), MIDI: Receptor multi timbre 16, GM nivel 1 est\u00e1ndar, pitch bend, USB tipo A, USB tipo B, jack para pedal, salida de aud\u00edfonos, 2 altavoces de 13 x 7 cm (oval), potencia: 8W+8W, utiliza adaptador AD: AD: AD-A12150LW o 6 pilas alcalinas AA, consumo de energ\u00eda: 12 V - 10 W, dimensiones: 132.2 x 23.2 x 9.9 cm, peso: 10.9 kg.","breadcrumb":{"@id":"https:\/\/www.mexicanguitarplayers.com\/tienda\/sin categor\u00eda\/piano-casio-digital-cdp-s350\/#breadcrumb"},"inLanguage":"en-US","potentialAction":[{"@type":"ReadAction","target":["https:\/\/www.mexicanguitarplayers.com\/tienda\/sin categor\u00eda\/piano-casio-digital-cdp-s350\/"]}]},{"@type":"ImageObject","inLanguage":"en-US","@id":"https:\/\/www.mexicanguitarplayers.com\/tienda\/sin categor\u00eda\/piano-casio-digital-cdp-s350\/#primaryimage","url":"https:\/\/www.mexicanguitarplayers.com\/wp-content\/uploads\/2025\/04\/ITCASCDPS350.jpg","contentUrl":"https:\/\/www.mexicanguitarplayers.com\/wp-content\/uploads\/2025\/04\/ITCASCDPS350.jpg","width":1600,"height":800},{"@type":"BreadcrumbList","@id":"https:\/\/www.mexicanguitarplayers.com\/tienda\/sin categor\u00eda\/piano-casio-digital-cdp-s350\/#breadcrumb","itemListElement":[{"@type":"ListItem","position":1,"name":"Portada","item":"https:\/\/www.mexicanguitarplayers.com\/"},{"@type":"ListItem","position":2,"name":"Tienda","item":"https:\/\/www.mexicanguitarplayers.com\/tienda\/"},{"@type":"ListItem","position":3,"name":"PIANO CASIO DIGITAL CDP-S350"}]},{"@type":"WebSite","@id":"https:\/\/www.mexicanguitarplayers.com\/#website","url":"https:\/\/www.mexicanguitarplayers.com\/","name":"Mexican Guitar Players","description":"Website","publisher":{"@id":"https:\/\/www.mexicanguitarplayers.com\/#organization"},"potentialAction":[{"@type":"SearchAction","target":{"@type":"EntryPoint","urlTemplate":"https:\/\/www.mexicanguitarplayers.com\/?s={search_term_string}"},"query-input":{"@type":"PropertyValueSpecification","valueRequired":true,"valueName":"search_term_string"}}],"inLanguage":"en-US"},{"@type":"Organization","@id":"https:\/\/www.mexicanguitarplayers.com\/#organization","name":"Mexican Guitar Players","url":"https:\/\/www.mexicanguitarplayers.com\/","logo":{"@type":"ImageObject","inLanguage":"en-US","@id":"https:\/\/www.mexicanguitarplayers.com\/#\/schema\/logo\/image\/","url":"","contentUrl":"","caption":"Mexican Guitar Players"},"image":{"@id":"https:\/\/www.mexicanguitarplayers.com\/#\/schema\/logo\/image\/"}}]}},"brands":[{"id":274,"name":"CASIO","slug":"casio"}],"_links":{"self":[{"href":"https:\/\/www.mexicanguitarplayers.com\/en\/wp-json\/wp\/v2\/product\/35585","targetHints":{"allow":["GET"]}}],"collection":[{"href":"https:\/\/www.mexicanguitarplayers.com\/en\/wp-json\/wp\/v2\/product"}],"about":[{"href":"https:\/\/www.mexicanguitarplayers.com\/en\/wp-json\/wp\/v2\/types\/product"}],"replies":[{"embeddable":true,"href":"https:\/\/www.mexicanguitarplayers.com\/en\/wp-json\/wp\/v2\/comments?post=35585"}],"wp:featuredmedia":[{"embeddable":true,"href":"https:\/\/www.mexicanguitarplayers.com\/en\/wp-json\/wp\/v2\/media\/35581"}],"wp:attachment":[{"href":"https:\/\/www.mexicanguitarplayers.com\/en\/wp-json\/wp\/v2\/media?parent=35585"}],"wp:term":[{"taxonomy":"pwb-brand","embeddable":true,"href":"https:\/\/www.mexicanguitarplayers.com\/en\/wp-json\/wp\/v2\/pwb-brand?post=35585"},{"taxonomy":"product_brand","embeddable":true,"href":"https:\/\/www.mexicanguitarplayers.com\/en\/wp-json\/wp\/v2\/product_brand?post=35585"},{"taxonomy":"product_cat","embeddable":true,"href":"https:\/\/www.mexicanguitarplayers.com\/en\/wp-json\/wp\/v2\/product_cat?post=35585"},{"taxonomy":"product_tag","embeddable":true,"href":"https:\/\/www.mexicanguitarplayers.com\/en\/wp-json\/wp\/v2\/product_tag?post=35585"}],"curies":[{"name":"wp","href":"https:\/\/api.w.org\/{rel}","templated":true}]}}