{"id":35593,"date":"2025-04-08T22:15:37","date_gmt":"2025-04-09T04:15:37","guid":{"rendered":"https:\/\/www.mexicanguitarplayers.com\/tienda\/sin categor\u00eda\/estuche-behringer-p-pedales-mod-pb600\/"},"modified":"2026-04-10T04:28:00","modified_gmt":"2026-04-10T10:28:00","slug":"estuche-behringer-p-pedales-mod-pb600","status":"publish","type":"product","link":"https:\/\/www.mexicanguitarplayers.com\/en\/tienda\/accesorios\/estuches-y-fundas\/para-guitarra\/para-guitarra-electrica\/estuche-behringer-p-pedales-mod-pb600\/","title":{"rendered":"ESTUCHE BEHRINGER P\/PEDALES MOD. PB600"},"content":{"rendered":"<div style=\"text-align: justify\">\n<div>\n<h3>Protecci\u00f3n y comodidad para tus efectos.<\/h3>\n<\/div>\n<div>\u00bfAmas los pedales de efectos? Entonces mu\u00e9strales un poco de amor. El PB600 protege hasta 6 de tus pedales favoritos y los mantiene listos para funcionar en cualquier momento. Esta resistente pedalera estilo maleta viene con todo lo que necesitas, incluyendo una fuente de alimentaci\u00f3n y suficientes cables de audio para interconectar hasta 6 dispositivos. La tapa extra\u00edble puede incluso bloquearse (no incluye cerraduras)  para una doble protecci\u00f3n. Todo depende de las conexiones. Esta pedalera hace que encadenar 6 pedales de 2.5&#8243; x 4.5&#8243; sea tan f\u00e1cil como conectar uno s\u00f3lo (por supuesto que si est\u00e1s usando pedales que no sean de 2.5&#8243; x 4.5&#8243;, el relleno de espuma se puede cortar para acomodar los pedales de diversas formas). La pedalera PB600 incluye cables de conexi\u00f3n de 1\/4&#8243; por lo que puedes dejar tus pedales conectados entre s\u00ed, listos para pasar la se\u00f1al, incluso cuando los est\u00e1s transportando. Tambi\u00e9n viene con un cable daisy-chain de 1 x 6, de modo que cuando se conecta el adaptador de corriente de 1,7A, todos tus pedales reciben energ\u00eda, por lo tanto, el cableado se mantiene seguro y libre de tensi\u00f3n. Tu cadena de efectos siempre estar\u00e1 segura y organizada.<\/div>\n<div>\n<h4>Characteristics<\/h4>\n<\/div>\n<div>\n<ul style=\"margin: 0px 0px 0px 25px\">\n<li style=\"list-style-type: circle;margin: 5px\">Fabricado con pl\u00e1stico<\/li>\n<li style=\"list-style-type: circle;margin: 5px\">6 espacios para pedales<\/li>\n<li style=\"list-style-type: circle;margin: 5px\">Incluye eliminador y puentes para se\u00f1al y corriente el\u00e9ctrica.<\/li>\n<\/ul>\n<\/div>\n<\/div>","protected":false},"excerpt":{"rendered":"<p>Pedalera universal con fuente de alimentaci\u00f3n integrada, transporta hasta 6 pedales de efectos, incluye todo el cableado y un  adaptador de corriente de 1,7 A,dise\u00f1o de pl\u00e1stico ultra r\u00edgido que soporta incluso impactos fuertes.&hellip; <a class=\"kt-excerpt-readmore more-link\" href=\"https:\/\/www.mexicanguitarplayers.com\/en\/tienda\/accesorios\/estuches-y-fundas\/para-guitarra\/para-guitarra-electrica\/estuche-behringer-p-pedales-mod-pb600\/\">Read more<\/a><\/p>","protected":false},"featured_media":35590,"comment_status":"open","ping_status":"closed","template":"","meta":{"kt_blocks_editor_width":""},"pwb-brand":[171],"product_brand":[],"product_cat":[85,517,566,567],"product_tag":[],"class_list":{"0":"post-35593","1":"product","2":"type-product","3":"status-publish","4":"has-post-thumbnail","6":"pwb-brand-behringer","7":"product_cat-accesorios","8":"product_cat-estuches-y-fundas","9":"product_cat-para-guitarra","10":"product_cat-para-guitarra-electrica","11":"product_shipping_class-5-10-kg","13":"first","14":"outofstock","15":"taxable","16":"shipping-taxable","17":"purchasable","18":"product-type-simple"},"yoast_head":"<!-- This site is optimized with the Yoast SEO plugin v27.5 - https:\/\/yoast.com\/product\/yoast-seo-wordpress\/ -->\n<title>ESTUCHE BEHRINGER P\/PEDALES MOD. PB600 - Mexican Guitar Players<\/title>\n<meta name=\"description\" content=\"Pedalera universal con fuente de alimentaci\u00f3n integrada, transporta hasta 6 pedales de efectos, incluye todo el cableado y un adaptador de corriente de 1,7 A,dise\u00f1o de pl\u00e1stico ultra r\u00edgido que soporta incluso impactos fuertes.\" \/>\n<meta name=\"robots\" content=\"index, follow, max-snippet:-1, max-image-preview:large, max-video-preview:-1\" \/>\n<link rel=\"canonical\" href=\"https:\/\/www.mexicanguitarplayers.com\/en\/tienda\/sin%20categor\u00eda\/estuche-behringer-p-pedales-mod-pb600\/\" \/>\n<meta property=\"og:locale\" content=\"en_US\" \/>\n<meta property=\"og:type\" content=\"article\" \/>\n<meta property=\"og:title\" content=\"ESTUCHE BEHRINGER P\/PEDALES MOD. PB600 - Mexican Guitar Players\" \/>\n<meta property=\"og:description\" content=\"Pedalera universal con fuente de alimentaci\u00f3n integrada, transporta hasta 6 pedales de efectos, incluye todo el cableado y un adaptador de corriente de 1,7 A,dise\u00f1o de pl\u00e1stico ultra r\u00edgido que soporta incluso impactos fuertes.\" \/>\n<meta property=\"og:url\" content=\"https:\/\/www.mexicanguitarplayers.com\/en\/tienda\/sin categor\u00eda\/estuche-behringer-p-pedales-mod-pb600\/\" \/>\n<meta property=\"og:site_name\" content=\"Mexican Guitar Players\" \/>\n<meta property=\"article:modified_time\" content=\"2026-04-10T10:28:00+00:00\" \/>\n<meta name=\"twitter:card\" content=\"summary_large_image\" \/>\n<meta name=\"twitter:label1\" content=\"Est. reading time\" \/>\n\t<meta name=\"twitter:data1\" content=\"1 minute\" \/>\n<script type=\"application\/ld+json\" class=\"yoast-schema-graph\">{\"@context\":\"https:\\\/\\\/schema.org\",\"@graph\":[{\"@type\":[\"WebPage\",\"ItemPage\"],\"@id\":\"https:\\\/\\\/www.mexicanguitarplayers.com\\\/tienda\\\/sin categor\u00eda\\\/estuche-behringer-p-pedales-mod-pb600\\\/\",\"url\":\"https:\\\/\\\/www.mexicanguitarplayers.com\\\/tienda\\\/sin categor\u00eda\\\/estuche-behringer-p-pedales-mod-pb600\\\/\",\"name\":\"ESTUCHE BEHRINGER P\\\/PEDALES MOD. PB600 - Mexican Guitar Players\",\"isPartOf\":{\"@id\":\"https:\\\/\\\/www.mexicanguitarplayers.com\\\/#website\"},\"primaryImageOfPage\":{\"@id\":\"https:\\\/\\\/www.mexicanguitarplayers.com\\\/tienda\\\/sin categor\u00eda\\\/estuche-behringer-p-pedales-mod-pb600\\\/#primaryimage\"},\"image\":{\"@id\":\"https:\\\/\\\/www.mexicanguitarplayers.com\\\/tienda\\\/sin categor\u00eda\\\/estuche-behringer-p-pedales-mod-pb600\\\/#primaryimage\"},\"thumbnailUrl\":\"https:\\\/\\\/www.mexicanguitarplayers.com\\\/wp-content\\\/uploads\\\/2025\\\/04\\\/VABEHPB600.jpg\",\"datePublished\":\"2025-04-09T04:15:37+00:00\",\"dateModified\":\"2026-04-10T10:28:00+00:00\",\"description\":\"Pedalera universal con fuente de alimentaci\u00f3n integrada, transporta hasta 6 pedales de efectos, incluye todo el cableado y un adaptador de corriente de 1,7 A,dise\u00f1o de pl\u00e1stico ultra r\u00edgido que soporta incluso impactos fuertes.\",\"breadcrumb\":{\"@id\":\"https:\\\/\\\/www.mexicanguitarplayers.com\\\/tienda\\\/sin categor\u00eda\\\/estuche-behringer-p-pedales-mod-pb600\\\/#breadcrumb\"},\"inLanguage\":\"en-US\",\"potentialAction\":[{\"@type\":\"ReadAction\",\"target\":[\"https:\\\/\\\/www.mexicanguitarplayers.com\\\/tienda\\\/sin categor\u00eda\\\/estuche-behringer-p-pedales-mod-pb600\\\/\"]}]},{\"@type\":\"ImageObject\",\"inLanguage\":\"en-US\",\"@id\":\"https:\\\/\\\/www.mexicanguitarplayers.com\\\/tienda\\\/sin categor\u00eda\\\/estuche-behringer-p-pedales-mod-pb600\\\/#primaryimage\",\"url\":\"https:\\\/\\\/www.mexicanguitarplayers.com\\\/wp-content\\\/uploads\\\/2025\\\/04\\\/VABEHPB600.jpg\",\"contentUrl\":\"https:\\\/\\\/www.mexicanguitarplayers.com\\\/wp-content\\\/uploads\\\/2025\\\/04\\\/VABEHPB600.jpg\",\"width\":1600,\"height\":800},{\"@type\":\"BreadcrumbList\",\"@id\":\"https:\\\/\\\/www.mexicanguitarplayers.com\\\/tienda\\\/sin categor\u00eda\\\/estuche-behringer-p-pedales-mod-pb600\\\/#breadcrumb\",\"itemListElement\":[{\"@type\":\"ListItem\",\"position\":1,\"name\":\"Portada\",\"item\":\"https:\\\/\\\/www.mexicanguitarplayers.com\\\/\"},{\"@type\":\"ListItem\",\"position\":2,\"name\":\"Tienda\",\"item\":\"https:\\\/\\\/www.mexicanguitarplayers.com\\\/tienda\\\/\"},{\"@type\":\"ListItem\",\"position\":3,\"name\":\"ESTUCHE BEHRINGER P\\\/PEDALES MOD. PB600\"}]},{\"@type\":\"WebSite\",\"@id\":\"https:\\\/\\\/www.mexicanguitarplayers.com\\\/#website\",\"url\":\"https:\\\/\\\/www.mexicanguitarplayers.com\\\/\",\"name\":\"Mexican Guitar Players\",\"description\":\"Website\",\"publisher\":{\"@id\":\"https:\\\/\\\/www.mexicanguitarplayers.com\\\/#organization\"},\"potentialAction\":[{\"@type\":\"SearchAction\",\"target\":{\"@type\":\"EntryPoint\",\"urlTemplate\":\"https:\\\/\\\/www.mexicanguitarplayers.com\\\/?s={search_term_string}\"},\"query-input\":{\"@type\":\"PropertyValueSpecification\",\"valueRequired\":true,\"valueName\":\"search_term_string\"}}],\"inLanguage\":\"en-US\"},{\"@type\":\"Organization\",\"@id\":\"https:\\\/\\\/www.mexicanguitarplayers.com\\\/#organization\",\"name\":\"Mexican Guitar Players\",\"url\":\"https:\\\/\\\/www.mexicanguitarplayers.com\\\/\",\"logo\":{\"@type\":\"ImageObject\",\"inLanguage\":\"en-US\",\"@id\":\"https:\\\/\\\/www.mexicanguitarplayers.com\\\/#\\\/schema\\\/logo\\\/image\\\/\",\"url\":\"\",\"contentUrl\":\"\",\"caption\":\"Mexican Guitar Players\"},\"image\":{\"@id\":\"https:\\\/\\\/www.mexicanguitarplayers.com\\\/#\\\/schema\\\/logo\\\/image\\\/\"}}]}<\/script>\n<!-- \/ Yoast SEO plugin. -->","yoast_head_json":{"title":"ESTUCHE BEHRINGER P\/PEDALES MOD. PB600 - Mexican Guitar Players","description":"Pedalera universal con fuente de alimentaci\u00f3n integrada, transporta hasta 6 pedales de efectos, incluye todo el cableado y un adaptador de corriente de 1,7 A,dise\u00f1o de pl\u00e1stico ultra r\u00edgido que soporta incluso impactos fuertes.","robots":{"index":"index","follow":"follow","max-snippet":"max-snippet:-1","max-image-preview":"max-image-preview:large","max-video-preview":"max-video-preview:-1"},"canonical":"https:\/\/www.mexicanguitarplayers.com\/en\/tienda\/sin categor\u00eda\/estuche-behringer-p-pedales-mod-pb600\/","og_locale":"en_US","og_type":"article","og_title":"ESTUCHE BEHRINGER P\/PEDALES MOD. PB600 - Mexican Guitar Players","og_description":"Pedalera universal con fuente de alimentaci\u00f3n integrada, transporta hasta 6 pedales de efectos, incluye todo el cableado y un adaptador de corriente de 1,7 A,dise\u00f1o de pl\u00e1stico ultra r\u00edgido que soporta incluso impactos fuertes.","og_url":"https:\/\/www.mexicanguitarplayers.com\/en\/tienda\/sin categor\u00eda\/estuche-behringer-p-pedales-mod-pb600\/","og_site_name":"Mexican Guitar Players","article_modified_time":"2026-04-10T10:28:00+00:00","twitter_card":"summary_large_image","twitter_misc":{"Est. reading time":"1 minute"},"schema":{"@context":"https:\/\/schema.org","@graph":[{"@type":["WebPage","ItemPage"],"@id":"https:\/\/www.mexicanguitarplayers.com\/tienda\/sin categor\u00eda\/estuche-behringer-p-pedales-mod-pb600\/","url":"https:\/\/www.mexicanguitarplayers.com\/tienda\/sin categor\u00eda\/estuche-behringer-p-pedales-mod-pb600\/","name":"ESTUCHE BEHRINGER P\/PEDALES MOD. PB600 - Mexican Guitar Players","isPartOf":{"@id":"https:\/\/www.mexicanguitarplayers.com\/#website"},"primaryImageOfPage":{"@id":"https:\/\/www.mexicanguitarplayers.com\/tienda\/sin categor\u00eda\/estuche-behringer-p-pedales-mod-pb600\/#primaryimage"},"image":{"@id":"https:\/\/www.mexicanguitarplayers.com\/tienda\/sin categor\u00eda\/estuche-behringer-p-pedales-mod-pb600\/#primaryimage"},"thumbnailUrl":"https:\/\/www.mexicanguitarplayers.com\/wp-content\/uploads\/2025\/04\/VABEHPB600.jpg","datePublished":"2025-04-09T04:15:37+00:00","dateModified":"2026-04-10T10:28:00+00:00","description":"Pedalera universal con fuente de alimentaci\u00f3n integrada, transporta hasta 6 pedales de efectos, incluye todo el cableado y un adaptador de corriente de 1,7 A,dise\u00f1o de pl\u00e1stico ultra r\u00edgido que soporta incluso impactos fuertes.","breadcrumb":{"@id":"https:\/\/www.mexicanguitarplayers.com\/tienda\/sin categor\u00eda\/estuche-behringer-p-pedales-mod-pb600\/#breadcrumb"},"inLanguage":"en-US","potentialAction":[{"@type":"ReadAction","target":["https:\/\/www.mexicanguitarplayers.com\/tienda\/sin categor\u00eda\/estuche-behringer-p-pedales-mod-pb600\/"]}]},{"@type":"ImageObject","inLanguage":"en-US","@id":"https:\/\/www.mexicanguitarplayers.com\/tienda\/sin categor\u00eda\/estuche-behringer-p-pedales-mod-pb600\/#primaryimage","url":"https:\/\/www.mexicanguitarplayers.com\/wp-content\/uploads\/2025\/04\/VABEHPB600.jpg","contentUrl":"https:\/\/www.mexicanguitarplayers.com\/wp-content\/uploads\/2025\/04\/VABEHPB600.jpg","width":1600,"height":800},{"@type":"BreadcrumbList","@id":"https:\/\/www.mexicanguitarplayers.com\/tienda\/sin categor\u00eda\/estuche-behringer-p-pedales-mod-pb600\/#breadcrumb","itemListElement":[{"@type":"ListItem","position":1,"name":"Portada","item":"https:\/\/www.mexicanguitarplayers.com\/"},{"@type":"ListItem","position":2,"name":"Tienda","item":"https:\/\/www.mexicanguitarplayers.com\/tienda\/"},{"@type":"ListItem","position":3,"name":"ESTUCHE BEHRINGER P\/PEDALES MOD. PB600"}]},{"@type":"WebSite","@id":"https:\/\/www.mexicanguitarplayers.com\/#website","url":"https:\/\/www.mexicanguitarplayers.com\/","name":"Mexican Guitar Players","description":"Website","publisher":{"@id":"https:\/\/www.mexicanguitarplayers.com\/#organization"},"potentialAction":[{"@type":"SearchAction","target":{"@type":"EntryPoint","urlTemplate":"https:\/\/www.mexicanguitarplayers.com\/?s={search_term_string}"},"query-input":{"@type":"PropertyValueSpecification","valueRequired":true,"valueName":"search_term_string"}}],"inLanguage":"en-US"},{"@type":"Organization","@id":"https:\/\/www.mexicanguitarplayers.com\/#organization","name":"Mexican Guitar Players","url":"https:\/\/www.mexicanguitarplayers.com\/","logo":{"@type":"ImageObject","inLanguage":"en-US","@id":"https:\/\/www.mexicanguitarplayers.com\/#\/schema\/logo\/image\/","url":"","contentUrl":"","caption":"Mexican Guitar Players"},"image":{"@id":"https:\/\/www.mexicanguitarplayers.com\/#\/schema\/logo\/image\/"}}]}},"brands":[{"id":171,"name":"BEHRINGER","slug":"behringer"}],"_links":{"self":[{"href":"https:\/\/www.mexicanguitarplayers.com\/en\/wp-json\/wp\/v2\/product\/35593","targetHints":{"allow":["GET"]}}],"collection":[{"href":"https:\/\/www.mexicanguitarplayers.com\/en\/wp-json\/wp\/v2\/product"}],"about":[{"href":"https:\/\/www.mexicanguitarplayers.com\/en\/wp-json\/wp\/v2\/types\/product"}],"replies":[{"embeddable":true,"href":"https:\/\/www.mexicanguitarplayers.com\/en\/wp-json\/wp\/v2\/comments?post=35593"}],"wp:featuredmedia":[{"embeddable":true,"href":"https:\/\/www.mexicanguitarplayers.com\/en\/wp-json\/wp\/v2\/media\/35590"}],"wp:attachment":[{"href":"https:\/\/www.mexicanguitarplayers.com\/en\/wp-json\/wp\/v2\/media?parent=35593"}],"wp:term":[{"taxonomy":"pwb-brand","embeddable":true,"href":"https:\/\/www.mexicanguitarplayers.com\/en\/wp-json\/wp\/v2\/pwb-brand?post=35593"},{"taxonomy":"product_brand","embeddable":true,"href":"https:\/\/www.mexicanguitarplayers.com\/en\/wp-json\/wp\/v2\/product_brand?post=35593"},{"taxonomy":"product_cat","embeddable":true,"href":"https:\/\/www.mexicanguitarplayers.com\/en\/wp-json\/wp\/v2\/product_cat?post=35593"},{"taxonomy":"product_tag","embeddable":true,"href":"https:\/\/www.mexicanguitarplayers.com\/en\/wp-json\/wp\/v2\/product_tag?post=35593"}],"curies":[{"name":"wp","href":"https:\/\/api.w.org\/{rel}","templated":true}]}}