{"id":35690,"date":"2025-04-08T22:19:08","date_gmt":"2025-04-09T04:19:08","guid":{"rendered":"https:\/\/www.mexicanguitarplayers.com\/tienda\/sin categor\u00eda\/bafle-behringer-p-pa-mod-pk115\/"},"modified":"2026-04-10T04:27:54","modified_gmt":"2026-04-10T10:27:54","slug":"bafle-behringer-p-pa-mod-pk115","status":"publish","type":"product","link":"https:\/\/www.mexicanguitarplayers.com\/en\/tienda\/audio\/bafles-y-bocinas\/bafles\/bafles-pasivos\/bafle-behringer-p-pa-mod-pk115\/","title":{"rendered":"BAFLE BEHRINGER P\/PA MOD. PK115"},"content":{"rendered":"<div style=\"text-align: justify\">\n<div>\n<h3>El refuerzo de sonido nunca fue tan f\u00e1cil.<\/h3>\n<\/div>\n<div>PK115 es un altavoz de refuerzo de sonido de PA de 800W y 2 v\u00edas s\u00faper compacto con dispersi\u00f3n de sonido ultra amplia y portabilidad, ideal para aplicaciones de sonido en vivo, PA, audio port\u00e1til, monitor de cu\u00f1a y audio en casas de culto. Este altavoz pasivo incre\u00edblemente vers\u00e1til es muy f\u00e1cil de utilizar y cuenta con un poste integrado en la carcasa y rosca de tornillo incorporada para una f\u00e1cil instalaci\u00f3n y suspensi\u00f3n. Nuestros transductores de LF y HF est\u00e1n dise\u00f1ados espec\u00edficamente para cada aplicaci\u00f3n, es lo que nos diferencia de la competencia. Cuando compras un altavoz Behringer, puedes estar seguro de que los transductores del interior han sido dise\u00f1ados para funcionar sin problemas junto con cualquier otro elemento para obtener resultados verdaderamente profesionales. El bafle PK115 produce graves incre\u00edblemente profundos y una potencia ac\u00fastica con medios articulados y detallados y agudos excepcionales. El PK115 cuenta con un potente driver de baja frecuencia de excursi\u00f3n larga de 15&#8243; pulgadas para grave potentes, un driver de compresi\u00f3n de 1&#8243; pulgada montado en una bocina exponencial de gran formato y dispersi\u00f3n ultra amplia para una reproducci\u00f3n excepcional de alta frecuencia. Estos componentes de altavoz fueron dise\u00f1ados espec\u00edficamente para un excelente rendimiento y un sonido incre\u00edble en todo momento. Grande aqu\u00ed, peque\u00f1o all\u00e1, mucho de esto, un toque de aquello, todos tenemos nuestras propias preferencias personales, pero el PK115 lo pone todo en un paquete conveniente y f\u00e1cil de utilizar y transportar y realmente tiene un gran impacto con un manejo de potencia de hasta 800W. El peso ligero del PK115 hace que sea f\u00e1cil de levantar y el excelente sonido es sumamente asequible. El altavoz PK115 se destaca por encimar del resto y ofrece un rendimiento excepcional, incluso cuando se lleva al l\u00edmite. Ligero y potente, con transductores de dise\u00f1o personalizado, manejo de potencia masiva y portabilidad extrema, el altavoz PK115 es ideal para cualquier aplicaci\u00f3n musical, a un precio inaudito en esta clase.<\/div>\n<div>\n<h4>Quick look<\/h4>\n<\/div>\n<ul style=\"margin: 0px 0px 0px 25px\">\n<li style=\"list-style-type: circle;margin: 5px\">Kind.<\/li>\n<li style=\"list-style-type: circle;margin: 5px\">Speaker.<\/li>\n<li style=\"list-style-type: circle;margin: 5px\">Power.<\/li>\n<li style=\"list-style-type: circle;margin: 5px\">Impedance.<\/li>\n<li style=\"list-style-type: circle;margin: 5px\">Frequency response.<\/li>\n<li style=\"list-style-type: circle;margin: 5px\">Maximum SPL.<\/li>\n<li style=\"list-style-type: circle;margin: 5px\">Dispersi\u00f3n nominal.<\/li>\n<li style=\"list-style-type: circle;margin: 5px\">Frecuencia de crossover.<\/li>\n<li style=\"list-style-type: circle;margin: 5px\">Accesorios de rigging.<\/li>\n<li style=\"list-style-type: circle;margin: 5px\">Connectors.<\/li>\n<li style=\"list-style-type: circle;margin: 5px\">Cableado.<\/li>\n<li style=\"list-style-type: circle;margin: 5px\">Dimensions.<\/li>\n<li style=\"list-style-type: circle;margin: 5px\">Weight.<\/li>\n<\/ul>\n<div>\n<div style=\"font-weight: bold\">Kind.<\/div>\n<div>\n<p>Bafle pasivo para refuerzo sonoro de 2 v\u00edas.<\/p>\n<\/div>\n<div style=\"font-weight: bold\">Speaker.<\/div>\n<div>\n<p>Transductor de 15\u201d pulgadas y driver de compresi\u00f3n de 1\u201d pulgada.<\/p>\n<\/div>\n<div style=\"font-weight: bold\">Power.<\/div>\n<div>\n<p>800 W.<\/p>\n<\/div>\n<div style=\"font-weight: bold\">Impedance.<\/div>\n<div>\n<p>8 ohms.<\/p>\n<\/div>\n<div style=\"font-weight: bold\">Frequency response.<\/div>\n<div>\n<p>(\u00b13 dB): 70 Hz a 35 kHz. (-10 dB): 20 Hz a 20 kHz.<\/p>\n<\/div>\n<div style=\"font-weight: bold\">Maximum SPL.<\/div>\n<div>\n<p>96 dB.<\/p>\n<\/div>\n<div style=\"font-weight: bold\">Dispersi\u00f3n nominal.<\/div>\n<div>\n<p>70\u00b0 H x 50\u00b0 W.<\/p>\n<\/div>\n<div style=\"font-weight: bold\">Frecuencia de crossover.<\/div>\n<div>\n<p>2.2 kHz.<\/p>\n<\/div>\n<div style=\"font-weight: bold\">Accesorios de rigging.<\/div>\n<div>\n<p>Mango ergon\u00f3mico \/ socket de poste de 35 mm.<\/p>\n<\/div>\n<div style=\"font-weight: bold\">Connectors.<\/div>\n<div>\n<p>2 conectores Speaker Twist de 4 pines.<\/p>\n<\/div>\n<div style=\"font-weight: bold\">Cableado.<\/div>\n<div>\n<p>Pins 1+ \/ 1- input \/ Pins 2+ \/ 2- link.<\/p>\n<\/div>\n<div style=\"font-weight: bold\">Dimensions.<\/div>\n<div>\n<p>685 x 433 x 366 mm.<\/p>\n<\/div>\n<div style=\"font-weight: bold\">Weight.<\/div>\n<div>\n<p>14.9 kg.<\/p>\n<\/div>\n<\/div>\n<\/div>","protected":false},"excerpt":{"rendered":"<p>Bafle pasivo de 800W de 2 v\u00edas para aplicaciones de refuerzo sonoro, altavoz de 15\u201d pulgadas y driver de compresi\u00f3n de 1\u201d pulgada, impedancia: 8 ohms, respuesta de frecuencia (\u00b13 dB): 70 Hz a 35 kHz, respuesta de frecuencia (-10 dB): 20 Hz a 20 kHz, SPL m\u00e1ximo: 96 dB, dispersi\u00f3n nominal: 70\u00b0 H x 50\u00b0 W, dimensiones: 685 x 433 x 366 mm, peso: 14.9 kg.&hellip; <a class=\"kt-excerpt-readmore more-link\" href=\"https:\/\/www.mexicanguitarplayers.com\/en\/tienda\/audio\/bafles-y-bocinas\/bafles\/bafles-pasivos\/bafle-behringer-p-pa-mod-pk115\/\">Read more<\/a><\/p>","protected":false},"featured_media":35683,"comment_status":"open","ping_status":"closed","template":"","meta":{"kt_blocks_editor_width":""},"pwb-brand":[171],"product_brand":[],"product_cat":[213,222,223,221],"product_tag":[],"class_list":{"0":"post-35690","1":"product","2":"type-product","3":"status-publish","4":"has-post-thumbnail","6":"pwb-brand-behringer","7":"product_cat-audio","8":"product_cat-bafles","9":"product_cat-bafles-pasivos","10":"product_cat-bafles-y-bocinas","11":"product_shipping_class-15-20-kg","13":"first","14":"outofstock","15":"taxable","16":"shipping-taxable","17":"purchasable","18":"product-type-simple"},"yoast_head":"<!-- This site is optimized with the Yoast SEO plugin v27.5 - https:\/\/yoast.com\/product\/yoast-seo-wordpress\/ -->\n<title>BAFLE BEHRINGER P\/PA MOD. PK115 - Mexican Guitar Players<\/title>\n<meta name=\"description\" content=\"Bafle pasivo de 800W de 2 v\u00edas para aplicaciones de refuerzo sonoro, altavoz de 15\u201d pulgadas y driver de compresi\u00f3n de 1\u201d pulgada, impedancia: 8 ohms, respuesta de frecuencia (\u00b13 dB): 70 Hz a 35 kHz, respuesta de frecuencia (-10 dB): 20 Hz a 20 kHz, SPL m\u00e1ximo: 96 dB, dispersi\u00f3n nominal: 70\u00b0 H x 50\u00b0 W, dimensiones: 685 x 433 x 366 mm, peso: 14.9 kg.\" \/>\n<meta name=\"robots\" content=\"index, follow, max-snippet:-1, max-image-preview:large, max-video-preview:-1\" \/>\n<link rel=\"canonical\" href=\"https:\/\/www.mexicanguitarplayers.com\/en\/tienda\/sin%20categor\u00eda\/bafle-behringer-p-pa-mod-pk115\/\" \/>\n<meta property=\"og:locale\" content=\"en_US\" \/>\n<meta property=\"og:type\" content=\"article\" \/>\n<meta property=\"og:title\" content=\"BAFLE BEHRINGER P\/PA MOD. PK115 - Mexican Guitar Players\" \/>\n<meta property=\"og:description\" content=\"Bafle pasivo de 800W de 2 v\u00edas para aplicaciones de refuerzo sonoro, altavoz de 15\u201d pulgadas y driver de compresi\u00f3n de 1\u201d pulgada, impedancia: 8 ohms, respuesta de frecuencia (\u00b13 dB): 70 Hz a 35 kHz, respuesta de frecuencia (-10 dB): 20 Hz a 20 kHz, SPL m\u00e1ximo: 96 dB, dispersi\u00f3n nominal: 70\u00b0 H x 50\u00b0 W, dimensiones: 685 x 433 x 366 mm, peso: 14.9 kg.\" \/>\n<meta property=\"og:url\" content=\"https:\/\/www.mexicanguitarplayers.com\/en\/tienda\/sin categor\u00eda\/bafle-behringer-p-pa-mod-pk115\/\" \/>\n<meta property=\"og:site_name\" content=\"Mexican Guitar Players\" \/>\n<meta property=\"article:modified_time\" content=\"2026-04-10T10:27:54+00:00\" \/>\n<meta name=\"twitter:card\" content=\"summary_large_image\" \/>\n<meta name=\"twitter:label1\" content=\"Est. reading time\" \/>\n\t<meta name=\"twitter:data1\" content=\"2 minutes\" \/>\n<script type=\"application\/ld+json\" class=\"yoast-schema-graph\">{\"@context\":\"https:\\\/\\\/schema.org\",\"@graph\":[{\"@type\":[\"WebPage\",\"ItemPage\"],\"@id\":\"https:\\\/\\\/www.mexicanguitarplayers.com\\\/tienda\\\/sin categor\u00eda\\\/bafle-behringer-p-pa-mod-pk115\\\/\",\"url\":\"https:\\\/\\\/www.mexicanguitarplayers.com\\\/tienda\\\/sin categor\u00eda\\\/bafle-behringer-p-pa-mod-pk115\\\/\",\"name\":\"BAFLE BEHRINGER P\\\/PA MOD. PK115 - Mexican Guitar Players\",\"isPartOf\":{\"@id\":\"https:\\\/\\\/www.mexicanguitarplayers.com\\\/#website\"},\"primaryImageOfPage\":{\"@id\":\"https:\\\/\\\/www.mexicanguitarplayers.com\\\/tienda\\\/sin categor\u00eda\\\/bafle-behringer-p-pa-mod-pk115\\\/#primaryimage\"},\"image\":{\"@id\":\"https:\\\/\\\/www.mexicanguitarplayers.com\\\/tienda\\\/sin categor\u00eda\\\/bafle-behringer-p-pa-mod-pk115\\\/#primaryimage\"},\"thumbnailUrl\":\"https:\\\/\\\/www.mexicanguitarplayers.com\\\/wp-content\\\/uploads\\\/2025\\\/04\\\/IABEHPK115.jpg\",\"datePublished\":\"2025-04-09T04:19:08+00:00\",\"dateModified\":\"2026-04-10T10:27:54+00:00\",\"description\":\"Bafle pasivo de 800W de 2 v\u00edas para aplicaciones de refuerzo sonoro, altavoz de 15\u201d pulgadas y driver de compresi\u00f3n de 1\u201d pulgada, impedancia: 8 ohms, respuesta de frecuencia (\u00b13 dB): 70 Hz a 35 kHz, respuesta de frecuencia (-10 dB): 20 Hz a 20 kHz, SPL m\u00e1ximo: 96 dB, dispersi\u00f3n nominal: 70\u00b0 H x 50\u00b0 W, dimensiones: 685 x 433 x 366 mm, peso: 14.9 kg.\",\"breadcrumb\":{\"@id\":\"https:\\\/\\\/www.mexicanguitarplayers.com\\\/tienda\\\/sin categor\u00eda\\\/bafle-behringer-p-pa-mod-pk115\\\/#breadcrumb\"},\"inLanguage\":\"en-US\",\"potentialAction\":[{\"@type\":\"ReadAction\",\"target\":[\"https:\\\/\\\/www.mexicanguitarplayers.com\\\/tienda\\\/sin categor\u00eda\\\/bafle-behringer-p-pa-mod-pk115\\\/\"]}]},{\"@type\":\"ImageObject\",\"inLanguage\":\"en-US\",\"@id\":\"https:\\\/\\\/www.mexicanguitarplayers.com\\\/tienda\\\/sin categor\u00eda\\\/bafle-behringer-p-pa-mod-pk115\\\/#primaryimage\",\"url\":\"https:\\\/\\\/www.mexicanguitarplayers.com\\\/wp-content\\\/uploads\\\/2025\\\/04\\\/IABEHPK115.jpg\",\"contentUrl\":\"https:\\\/\\\/www.mexicanguitarplayers.com\\\/wp-content\\\/uploads\\\/2025\\\/04\\\/IABEHPK115.jpg\",\"width\":1200,\"height\":1200},{\"@type\":\"BreadcrumbList\",\"@id\":\"https:\\\/\\\/www.mexicanguitarplayers.com\\\/tienda\\\/sin categor\u00eda\\\/bafle-behringer-p-pa-mod-pk115\\\/#breadcrumb\",\"itemListElement\":[{\"@type\":\"ListItem\",\"position\":1,\"name\":\"Portada\",\"item\":\"https:\\\/\\\/www.mexicanguitarplayers.com\\\/\"},{\"@type\":\"ListItem\",\"position\":2,\"name\":\"Tienda\",\"item\":\"https:\\\/\\\/www.mexicanguitarplayers.com\\\/tienda\\\/\"},{\"@type\":\"ListItem\",\"position\":3,\"name\":\"BAFLE BEHRINGER P\\\/PA MOD. PK115\"}]},{\"@type\":\"WebSite\",\"@id\":\"https:\\\/\\\/www.mexicanguitarplayers.com\\\/#website\",\"url\":\"https:\\\/\\\/www.mexicanguitarplayers.com\\\/\",\"name\":\"Mexican Guitar Players\",\"description\":\"Website\",\"publisher\":{\"@id\":\"https:\\\/\\\/www.mexicanguitarplayers.com\\\/#organization\"},\"potentialAction\":[{\"@type\":\"SearchAction\",\"target\":{\"@type\":\"EntryPoint\",\"urlTemplate\":\"https:\\\/\\\/www.mexicanguitarplayers.com\\\/?s={search_term_string}\"},\"query-input\":{\"@type\":\"PropertyValueSpecification\",\"valueRequired\":true,\"valueName\":\"search_term_string\"}}],\"inLanguage\":\"en-US\"},{\"@type\":\"Organization\",\"@id\":\"https:\\\/\\\/www.mexicanguitarplayers.com\\\/#organization\",\"name\":\"Mexican Guitar Players\",\"url\":\"https:\\\/\\\/www.mexicanguitarplayers.com\\\/\",\"logo\":{\"@type\":\"ImageObject\",\"inLanguage\":\"en-US\",\"@id\":\"https:\\\/\\\/www.mexicanguitarplayers.com\\\/#\\\/schema\\\/logo\\\/image\\\/\",\"url\":\"\",\"contentUrl\":\"\",\"caption\":\"Mexican Guitar Players\"},\"image\":{\"@id\":\"https:\\\/\\\/www.mexicanguitarplayers.com\\\/#\\\/schema\\\/logo\\\/image\\\/\"}}]}<\/script>\n<!-- \/ Yoast SEO plugin. -->","yoast_head_json":{"title":"BAFLE BEHRINGER P\/PA MOD. PK115 - Mexican Guitar Players","description":"Bafle pasivo de 800W de 2 v\u00edas para aplicaciones de refuerzo sonoro, altavoz de 15\u201d pulgadas y driver de compresi\u00f3n de 1\u201d pulgada, impedancia: 8 ohms, respuesta de frecuencia (\u00b13 dB): 70 Hz a 35 kHz, respuesta de frecuencia (-10 dB): 20 Hz a 20 kHz, SPL m\u00e1ximo: 96 dB, dispersi\u00f3n nominal: 70\u00b0 H x 50\u00b0 W, dimensiones: 685 x 433 x 366 mm, peso: 14.9 kg.","robots":{"index":"index","follow":"follow","max-snippet":"max-snippet:-1","max-image-preview":"max-image-preview:large","max-video-preview":"max-video-preview:-1"},"canonical":"https:\/\/www.mexicanguitarplayers.com\/en\/tienda\/sin categor\u00eda\/bafle-behringer-p-pa-mod-pk115\/","og_locale":"en_US","og_type":"article","og_title":"BAFLE BEHRINGER P\/PA MOD. PK115 - Mexican Guitar Players","og_description":"Bafle pasivo de 800W de 2 v\u00edas para aplicaciones de refuerzo sonoro, altavoz de 15\u201d pulgadas y driver de compresi\u00f3n de 1\u201d pulgada, impedancia: 8 ohms, respuesta de frecuencia (\u00b13 dB): 70 Hz a 35 kHz, respuesta de frecuencia (-10 dB): 20 Hz a 20 kHz, SPL m\u00e1ximo: 96 dB, dispersi\u00f3n nominal: 70\u00b0 H x 50\u00b0 W, dimensiones: 685 x 433 x 366 mm, peso: 14.9 kg.","og_url":"https:\/\/www.mexicanguitarplayers.com\/en\/tienda\/sin categor\u00eda\/bafle-behringer-p-pa-mod-pk115\/","og_site_name":"Mexican Guitar Players","article_modified_time":"2026-04-10T10:27:54+00:00","twitter_card":"summary_large_image","twitter_misc":{"Est. reading time":"2 minutes"},"schema":{"@context":"https:\/\/schema.org","@graph":[{"@type":["WebPage","ItemPage"],"@id":"https:\/\/www.mexicanguitarplayers.com\/tienda\/sin categor\u00eda\/bafle-behringer-p-pa-mod-pk115\/","url":"https:\/\/www.mexicanguitarplayers.com\/tienda\/sin categor\u00eda\/bafle-behringer-p-pa-mod-pk115\/","name":"BAFLE BEHRINGER P\/PA MOD. PK115 - Mexican Guitar Players","isPartOf":{"@id":"https:\/\/www.mexicanguitarplayers.com\/#website"},"primaryImageOfPage":{"@id":"https:\/\/www.mexicanguitarplayers.com\/tienda\/sin categor\u00eda\/bafle-behringer-p-pa-mod-pk115\/#primaryimage"},"image":{"@id":"https:\/\/www.mexicanguitarplayers.com\/tienda\/sin categor\u00eda\/bafle-behringer-p-pa-mod-pk115\/#primaryimage"},"thumbnailUrl":"https:\/\/www.mexicanguitarplayers.com\/wp-content\/uploads\/2025\/04\/IABEHPK115.jpg","datePublished":"2025-04-09T04:19:08+00:00","dateModified":"2026-04-10T10:27:54+00:00","description":"Bafle pasivo de 800W de 2 v\u00edas para aplicaciones de refuerzo sonoro, altavoz de 15\u201d pulgadas y driver de compresi\u00f3n de 1\u201d pulgada, impedancia: 8 ohms, respuesta de frecuencia (\u00b13 dB): 70 Hz a 35 kHz, respuesta de frecuencia (-10 dB): 20 Hz a 20 kHz, SPL m\u00e1ximo: 96 dB, dispersi\u00f3n nominal: 70\u00b0 H x 50\u00b0 W, dimensiones: 685 x 433 x 366 mm, peso: 14.9 kg.","breadcrumb":{"@id":"https:\/\/www.mexicanguitarplayers.com\/tienda\/sin categor\u00eda\/bafle-behringer-p-pa-mod-pk115\/#breadcrumb"},"inLanguage":"en-US","potentialAction":[{"@type":"ReadAction","target":["https:\/\/www.mexicanguitarplayers.com\/tienda\/sin categor\u00eda\/bafle-behringer-p-pa-mod-pk115\/"]}]},{"@type":"ImageObject","inLanguage":"en-US","@id":"https:\/\/www.mexicanguitarplayers.com\/tienda\/sin categor\u00eda\/bafle-behringer-p-pa-mod-pk115\/#primaryimage","url":"https:\/\/www.mexicanguitarplayers.com\/wp-content\/uploads\/2025\/04\/IABEHPK115.jpg","contentUrl":"https:\/\/www.mexicanguitarplayers.com\/wp-content\/uploads\/2025\/04\/IABEHPK115.jpg","width":1200,"height":1200},{"@type":"BreadcrumbList","@id":"https:\/\/www.mexicanguitarplayers.com\/tienda\/sin categor\u00eda\/bafle-behringer-p-pa-mod-pk115\/#breadcrumb","itemListElement":[{"@type":"ListItem","position":1,"name":"Portada","item":"https:\/\/www.mexicanguitarplayers.com\/"},{"@type":"ListItem","position":2,"name":"Tienda","item":"https:\/\/www.mexicanguitarplayers.com\/tienda\/"},{"@type":"ListItem","position":3,"name":"BAFLE BEHRINGER P\/PA MOD. PK115"}]},{"@type":"WebSite","@id":"https:\/\/www.mexicanguitarplayers.com\/#website","url":"https:\/\/www.mexicanguitarplayers.com\/","name":"Mexican Guitar Players","description":"Website","publisher":{"@id":"https:\/\/www.mexicanguitarplayers.com\/#organization"},"potentialAction":[{"@type":"SearchAction","target":{"@type":"EntryPoint","urlTemplate":"https:\/\/www.mexicanguitarplayers.com\/?s={search_term_string}"},"query-input":{"@type":"PropertyValueSpecification","valueRequired":true,"valueName":"search_term_string"}}],"inLanguage":"en-US"},{"@type":"Organization","@id":"https:\/\/www.mexicanguitarplayers.com\/#organization","name":"Mexican Guitar Players","url":"https:\/\/www.mexicanguitarplayers.com\/","logo":{"@type":"ImageObject","inLanguage":"en-US","@id":"https:\/\/www.mexicanguitarplayers.com\/#\/schema\/logo\/image\/","url":"","contentUrl":"","caption":"Mexican Guitar Players"},"image":{"@id":"https:\/\/www.mexicanguitarplayers.com\/#\/schema\/logo\/image\/"}}]}},"brands":[{"id":171,"name":"BEHRINGER","slug":"behringer"}],"_links":{"self":[{"href":"https:\/\/www.mexicanguitarplayers.com\/en\/wp-json\/wp\/v2\/product\/35690","targetHints":{"allow":["GET"]}}],"collection":[{"href":"https:\/\/www.mexicanguitarplayers.com\/en\/wp-json\/wp\/v2\/product"}],"about":[{"href":"https:\/\/www.mexicanguitarplayers.com\/en\/wp-json\/wp\/v2\/types\/product"}],"replies":[{"embeddable":true,"href":"https:\/\/www.mexicanguitarplayers.com\/en\/wp-json\/wp\/v2\/comments?post=35690"}],"wp:featuredmedia":[{"embeddable":true,"href":"https:\/\/www.mexicanguitarplayers.com\/en\/wp-json\/wp\/v2\/media\/35683"}],"wp:attachment":[{"href":"https:\/\/www.mexicanguitarplayers.com\/en\/wp-json\/wp\/v2\/media?parent=35690"}],"wp:term":[{"taxonomy":"pwb-brand","embeddable":true,"href":"https:\/\/www.mexicanguitarplayers.com\/en\/wp-json\/wp\/v2\/pwb-brand?post=35690"},{"taxonomy":"product_brand","embeddable":true,"href":"https:\/\/www.mexicanguitarplayers.com\/en\/wp-json\/wp\/v2\/product_brand?post=35690"},{"taxonomy":"product_cat","embeddable":true,"href":"https:\/\/www.mexicanguitarplayers.com\/en\/wp-json\/wp\/v2\/product_cat?post=35690"},{"taxonomy":"product_tag","embeddable":true,"href":"https:\/\/www.mexicanguitarplayers.com\/en\/wp-json\/wp\/v2\/product_tag?post=35690"}],"curies":[{"name":"wp","href":"https:\/\/api.w.org\/{rel}","templated":true}]}}