{"id":35702,"date":"2025-04-08T22:19:21","date_gmt":"2025-04-09T04:19:21","guid":{"rendered":"https:\/\/www.mexicanguitarplayers.com\/tienda\/sin categor\u00eda\/regla-tri-beam-3-en-1-regla-de-447-cm-mn820\/"},"modified":"2026-03-26T04:15:03","modified_gmt":"2026-03-26T10:15:03","slug":"regla-tri-beam-3-en-1-regla-de-447-cm-mn820","status":"publish","type":"product","link":"https:\/\/www.mexicanguitarplayers.com\/en\/tienda\/accesorios\/varios\/regla-tri-beam-3-en-1-regla-de-447-cm-mn820\/","title":{"rendered":"REGLA TRI-BEAM 3 EN 1 REGLA DE (44,7 CM) MN820"},"content":{"rendered":"<div style=\"text-align: justify\">\n<div>\n<h3>Regla Tri-Beam 3 en 1, m\u00e1s regla m\u00e9trica\/SAE y regla de longitud de escala para guitarras ac\u00fasticas y el\u00e9ctricas<\/h3>\n<\/div>\n<div>Diagnosticar el nivel de los trastes y el diapas\u00f3n nunca ha sido tan f\u00e1cil con la patente pendiente Tri-Beam Straightedge de MusicNomad. Creando un nuevo est\u00e1ndar m\u00e1s alto, nuestro dise\u00f1o exclusivo de tri\u00e1ngulo de 3 paredes le brinda 3 longitudes cr\u00edticas: 17,6&#8243; (44,7 cm), 12&#8243; (30,5 cm), 6,5&#8243; (16,5 cm) para aislar e identificar problemas globales o localizados en el traste y el diapas\u00f3n. y por el m\u00e1stil. El uso de aluminio de la m\u00e1s alta calidad y t\u00e9cnicas de fabricaci\u00f3n garantizan la rectitud en toda la longitud y bordes planos lisos y pulidos, de importancia cr\u00edtica. Una gran ventaja es que el Tri-Beam tiene marcas de regla m\u00e9trica y SAE, adem\u00e1s de 13 de las marcas de guitarra y guitarra m\u00e1s populares. longitudes de escala de traste de bajo para comprobar r\u00e1pidamente la longitud de escala en la que est\u00e1 trabajando. Incluso incluimos un pr\u00e1ctico orificio para colgar. Esa es la calidad de MusicNomad: elevar el list\u00f3n en el cuidado del equipo.<\/div>\n<div>\n<h4>Characteristics<\/h4>\n<\/div>\n<div>\n<ul style=\"margin: 0px 0px 0px 25px\">\n<li style=\"list-style-type: circle;margin: 5px\">tama\u00f1o<\/li>\n<li style=\"list-style-type: circle;margin: 5px\">material<\/li>\n<\/ul>\n<\/div>\n<\/div>","protected":false},"excerpt":{"rendered":"<p>Regla de precisi\u00f3n 3 en 1 dise\u00f1o exclusivo triangular de 3 paredes tama\u00f1os de 17,6\u201d (44,7 cm), 12\u201d (30,5 cm) y 6,5\u201d (16,5 cm) en una sola herramienta Tri-Beam. Incluye reglas SAE y m\u00e9tricas para mediciones r\u00e1pidas, aluminio 6063-T5 de primera calidad tiene un acabado anodizado azul, resistente a la abrasi\u00f3n. Las 3 reglas est\u00e1n rectificadas y traslapadas con precisi\u00f3n para garantizar bordes planos y lisos dentro de una tolerancia de precisi\u00f3n de +\/- 0,00125\u201d\/pie.&hellip; <a class=\"kt-excerpt-readmore more-link\" href=\"https:\/\/www.mexicanguitarplayers.com\/en\/tienda\/accesorios\/varios\/regla-tri-beam-3-en-1-regla-de-447-cm-mn820\/\">Read more<\/a><\/p>","protected":false},"featured_media":35698,"comment_status":"open","ping_status":"closed","template":"","meta":{"kt_blocks_editor_width":""},"pwb-brand":[622],"product_brand":[],"product_cat":[85,336,249],"product_tag":[],"class_list":{"0":"post-35702","1":"product","2":"type-product","3":"status-publish","4":"has-post-thumbnail","6":"pwb-brand-music-nomad","7":"product_cat-accesorios","8":"product_cat-para-guitarras","9":"product_cat-varios","10":"product_shipping_class-0-5-kg","12":"first","13":"outofstock","14":"taxable","15":"shipping-taxable","16":"purchasable","17":"product-type-simple"},"yoast_head":"<!-- This site is optimized with the Yoast SEO plugin v27.6 - https:\/\/yoast.com\/product\/yoast-seo-wordpress\/ -->\n<title>REGLA TRI-BEAM 3 EN 1 REGLA DE (44,7 CM) MN820 - Mexican Guitar Players<\/title>\n<meta name=\"description\" content=\"Regla de precisi\u00f3n 3 en 1 dise\u00f1o exclusivo triangular de 3 paredes tama\u00f1os de 17,6\u201d (44,7 cm), 12\u201d (30,5 cm) y 6,5\u201d (16,5 cm) en una sola herramienta Tri-Beam. Incluye reglas SAE y m\u00e9tricas para mediciones r\u00e1pidas, aluminio 6063-T5 de primera calidad tiene un acabado anodizado azul, resistente a la abrasi\u00f3n. Las 3 reglas est\u00e1n rectificadas y traslapadas con precisi\u00f3n para garantizar bordes planos y lisos dentro de una tolerancia de precisi\u00f3n de +\/- 0,00125\u201d\/pie.\" \/>\n<meta name=\"robots\" content=\"index, follow, max-snippet:-1, max-image-preview:large, max-video-preview:-1\" \/>\n<link rel=\"canonical\" href=\"https:\/\/www.mexicanguitarplayers.com\/en\/tienda\/sin%20categor\u00eda\/regla-tri-beam-3-en-1-regla-de-447-cm-mn820\/\" \/>\n<meta property=\"og:locale\" content=\"en_US\" \/>\n<meta property=\"og:type\" content=\"article\" \/>\n<meta property=\"og:title\" content=\"REGLA TRI-BEAM 3 EN 1 REGLA DE (44,7 CM) MN820 - Mexican Guitar Players\" \/>\n<meta property=\"og:description\" content=\"Regla de precisi\u00f3n 3 en 1 dise\u00f1o exclusivo triangular de 3 paredes tama\u00f1os de 17,6\u201d (44,7 cm), 12\u201d (30,5 cm) y 6,5\u201d (16,5 cm) en una sola herramienta Tri-Beam. Incluye reglas SAE y m\u00e9tricas para mediciones r\u00e1pidas, aluminio 6063-T5 de primera calidad tiene un acabado anodizado azul, resistente a la abrasi\u00f3n. Las 3 reglas est\u00e1n rectificadas y traslapadas con precisi\u00f3n para garantizar bordes planos y lisos dentro de una tolerancia de precisi\u00f3n de +\/- 0,00125\u201d\/pie.\" \/>\n<meta property=\"og:url\" content=\"https:\/\/www.mexicanguitarplayers.com\/en\/tienda\/sin categor\u00eda\/regla-tri-beam-3-en-1-regla-de-447-cm-mn820\/\" \/>\n<meta property=\"og:site_name\" content=\"Mexican Guitar Players\" \/>\n<meta property=\"article:modified_time\" content=\"2026-03-26T10:15:03+00:00\" \/>\n<meta name=\"twitter:card\" content=\"summary_large_image\" \/>\n<meta name=\"twitter:label1\" content=\"Est. reading time\" \/>\n\t<meta name=\"twitter:data1\" content=\"1 minute\" \/>\n<script type=\"application\/ld+json\" class=\"yoast-schema-graph\">{\"@context\":\"https:\\\/\\\/schema.org\",\"@graph\":[{\"@type\":[\"WebPage\",\"ItemPage\"],\"@id\":\"https:\\\/\\\/www.mexicanguitarplayers.com\\\/tienda\\\/sin categor\u00eda\\\/regla-tri-beam-3-en-1-regla-de-447-cm-mn820\\\/\",\"url\":\"https:\\\/\\\/www.mexicanguitarplayers.com\\\/tienda\\\/sin categor\u00eda\\\/regla-tri-beam-3-en-1-regla-de-447-cm-mn820\\\/\",\"name\":\"REGLA TRI-BEAM 3 EN 1 REGLA DE (44,7 CM) MN820 - Mexican Guitar Players\",\"isPartOf\":{\"@id\":\"https:\\\/\\\/www.mexicanguitarplayers.com\\\/#website\"},\"primaryImageOfPage\":{\"@id\":\"https:\\\/\\\/www.mexicanguitarplayers.com\\\/tienda\\\/sin categor\u00eda\\\/regla-tri-beam-3-en-1-regla-de-447-cm-mn820\\\/#primaryimage\"},\"image\":{\"@id\":\"https:\\\/\\\/www.mexicanguitarplayers.com\\\/tienda\\\/sin categor\u00eda\\\/regla-tri-beam-3-en-1-regla-de-447-cm-mn820\\\/#primaryimage\"},\"thumbnailUrl\":\"https:\\\/\\\/www.mexicanguitarplayers.com\\\/wp-content\\\/uploads\\\/2025\\\/04\\\/RAMNDMN820.jpg\",\"datePublished\":\"2025-04-09T04:19:21+00:00\",\"dateModified\":\"2026-03-26T10:15:03+00:00\",\"description\":\"Regla de precisi\u00f3n 3 en 1 dise\u00f1o exclusivo triangular de 3 paredes tama\u00f1os de 17,6\u201d (44,7 cm), 12\u201d (30,5 cm) y 6,5\u201d (16,5 cm) en una sola herramienta Tri-Beam. Incluye reglas SAE y m\u00e9tricas para mediciones r\u00e1pidas, aluminio 6063-T5 de primera calidad tiene un acabado anodizado azul, resistente a la abrasi\u00f3n. Las 3 reglas est\u00e1n rectificadas y traslapadas con precisi\u00f3n para garantizar bordes planos y lisos dentro de una tolerancia de precisi\u00f3n de +\\\/- 0,00125\u201d\\\/pie.\",\"breadcrumb\":{\"@id\":\"https:\\\/\\\/www.mexicanguitarplayers.com\\\/tienda\\\/sin categor\u00eda\\\/regla-tri-beam-3-en-1-regla-de-447-cm-mn820\\\/#breadcrumb\"},\"inLanguage\":\"en-US\",\"potentialAction\":[{\"@type\":\"ReadAction\",\"target\":[\"https:\\\/\\\/www.mexicanguitarplayers.com\\\/tienda\\\/sin categor\u00eda\\\/regla-tri-beam-3-en-1-regla-de-447-cm-mn820\\\/\"]}]},{\"@type\":\"ImageObject\",\"inLanguage\":\"en-US\",\"@id\":\"https:\\\/\\\/www.mexicanguitarplayers.com\\\/tienda\\\/sin categor\u00eda\\\/regla-tri-beam-3-en-1-regla-de-447-cm-mn820\\\/#primaryimage\",\"url\":\"https:\\\/\\\/www.mexicanguitarplayers.com\\\/wp-content\\\/uploads\\\/2025\\\/04\\\/RAMNDMN820.jpg\",\"contentUrl\":\"https:\\\/\\\/www.mexicanguitarplayers.com\\\/wp-content\\\/uploads\\\/2025\\\/04\\\/RAMNDMN820.jpg\",\"width\":700,\"height\":700},{\"@type\":\"BreadcrumbList\",\"@id\":\"https:\\\/\\\/www.mexicanguitarplayers.com\\\/tienda\\\/sin categor\u00eda\\\/regla-tri-beam-3-en-1-regla-de-447-cm-mn820\\\/#breadcrumb\",\"itemListElement\":[{\"@type\":\"ListItem\",\"position\":1,\"name\":\"Portada\",\"item\":\"https:\\\/\\\/www.mexicanguitarplayers.com\\\/\"},{\"@type\":\"ListItem\",\"position\":2,\"name\":\"Tienda\",\"item\":\"https:\\\/\\\/www.mexicanguitarplayers.com\\\/tienda\\\/\"},{\"@type\":\"ListItem\",\"position\":3,\"name\":\"REGLA TRI-BEAM 3 EN 1 REGLA DE (44,7 CM) MN820\"}]},{\"@type\":\"WebSite\",\"@id\":\"https:\\\/\\\/www.mexicanguitarplayers.com\\\/#website\",\"url\":\"https:\\\/\\\/www.mexicanguitarplayers.com\\\/\",\"name\":\"Mexican Guitar Players\",\"description\":\"Website\",\"publisher\":{\"@id\":\"https:\\\/\\\/www.mexicanguitarplayers.com\\\/#organization\"},\"potentialAction\":[{\"@type\":\"SearchAction\",\"target\":{\"@type\":\"EntryPoint\",\"urlTemplate\":\"https:\\\/\\\/www.mexicanguitarplayers.com\\\/?s={search_term_string}\"},\"query-input\":{\"@type\":\"PropertyValueSpecification\",\"valueRequired\":true,\"valueName\":\"search_term_string\"}}],\"inLanguage\":\"en-US\"},{\"@type\":\"Organization\",\"@id\":\"https:\\\/\\\/www.mexicanguitarplayers.com\\\/#organization\",\"name\":\"Mexican Guitar Players\",\"url\":\"https:\\\/\\\/www.mexicanguitarplayers.com\\\/\",\"logo\":{\"@type\":\"ImageObject\",\"inLanguage\":\"en-US\",\"@id\":\"https:\\\/\\\/www.mexicanguitarplayers.com\\\/#\\\/schema\\\/logo\\\/image\\\/\",\"url\":\"\",\"contentUrl\":\"\",\"caption\":\"Mexican Guitar Players\"},\"image\":{\"@id\":\"https:\\\/\\\/www.mexicanguitarplayers.com\\\/#\\\/schema\\\/logo\\\/image\\\/\"}}]}<\/script>\n<!-- \/ Yoast SEO plugin. -->","yoast_head_json":{"title":"REGLA TRI-BEAM 3 EN 1 REGLA DE (44,7 CM) MN820 - Mexican Guitar Players","description":"Regla de precisi\u00f3n 3 en 1 dise\u00f1o exclusivo triangular de 3 paredes tama\u00f1os de 17,6\u201d (44,7 cm), 12\u201d (30,5 cm) y 6,5\u201d (16,5 cm) en una sola herramienta Tri-Beam. Incluye reglas SAE y m\u00e9tricas para mediciones r\u00e1pidas, aluminio 6063-T5 de primera calidad tiene un acabado anodizado azul, resistente a la abrasi\u00f3n. Las 3 reglas est\u00e1n rectificadas y traslapadas con precisi\u00f3n para garantizar bordes planos y lisos dentro de una tolerancia de precisi\u00f3n de +\/- 0,00125\u201d\/pie.","robots":{"index":"index","follow":"follow","max-snippet":"max-snippet:-1","max-image-preview":"max-image-preview:large","max-video-preview":"max-video-preview:-1"},"canonical":"https:\/\/www.mexicanguitarplayers.com\/en\/tienda\/sin categor\u00eda\/regla-tri-beam-3-en-1-regla-de-447-cm-mn820\/","og_locale":"en_US","og_type":"article","og_title":"REGLA TRI-BEAM 3 EN 1 REGLA DE (44,7 CM) MN820 - Mexican Guitar Players","og_description":"Regla de precisi\u00f3n 3 en 1 dise\u00f1o exclusivo triangular de 3 paredes tama\u00f1os de 17,6\u201d (44,7 cm), 12\u201d (30,5 cm) y 6,5\u201d (16,5 cm) en una sola herramienta Tri-Beam. Incluye reglas SAE y m\u00e9tricas para mediciones r\u00e1pidas, aluminio 6063-T5 de primera calidad tiene un acabado anodizado azul, resistente a la abrasi\u00f3n. Las 3 reglas est\u00e1n rectificadas y traslapadas con precisi\u00f3n para garantizar bordes planos y lisos dentro de una tolerancia de precisi\u00f3n de +\/- 0,00125\u201d\/pie.","og_url":"https:\/\/www.mexicanguitarplayers.com\/en\/tienda\/sin categor\u00eda\/regla-tri-beam-3-en-1-regla-de-447-cm-mn820\/","og_site_name":"Mexican Guitar Players","article_modified_time":"2026-03-26T10:15:03+00:00","twitter_card":"summary_large_image","twitter_misc":{"Est. reading time":"1 minute"},"schema":{"@context":"https:\/\/schema.org","@graph":[{"@type":["WebPage","ItemPage"],"@id":"https:\/\/www.mexicanguitarplayers.com\/tienda\/sin categor\u00eda\/regla-tri-beam-3-en-1-regla-de-447-cm-mn820\/","url":"https:\/\/www.mexicanguitarplayers.com\/tienda\/sin categor\u00eda\/regla-tri-beam-3-en-1-regla-de-447-cm-mn820\/","name":"REGLA TRI-BEAM 3 EN 1 REGLA DE (44,7 CM) MN820 - Mexican Guitar Players","isPartOf":{"@id":"https:\/\/www.mexicanguitarplayers.com\/#website"},"primaryImageOfPage":{"@id":"https:\/\/www.mexicanguitarplayers.com\/tienda\/sin categor\u00eda\/regla-tri-beam-3-en-1-regla-de-447-cm-mn820\/#primaryimage"},"image":{"@id":"https:\/\/www.mexicanguitarplayers.com\/tienda\/sin categor\u00eda\/regla-tri-beam-3-en-1-regla-de-447-cm-mn820\/#primaryimage"},"thumbnailUrl":"https:\/\/www.mexicanguitarplayers.com\/wp-content\/uploads\/2025\/04\/RAMNDMN820.jpg","datePublished":"2025-04-09T04:19:21+00:00","dateModified":"2026-03-26T10:15:03+00:00","description":"Regla de precisi\u00f3n 3 en 1 dise\u00f1o exclusivo triangular de 3 paredes tama\u00f1os de 17,6\u201d (44,7 cm), 12\u201d (30,5 cm) y 6,5\u201d (16,5 cm) en una sola herramienta Tri-Beam. Incluye reglas SAE y m\u00e9tricas para mediciones r\u00e1pidas, aluminio 6063-T5 de primera calidad tiene un acabado anodizado azul, resistente a la abrasi\u00f3n. Las 3 reglas est\u00e1n rectificadas y traslapadas con precisi\u00f3n para garantizar bordes planos y lisos dentro de una tolerancia de precisi\u00f3n de +\/- 0,00125\u201d\/pie.","breadcrumb":{"@id":"https:\/\/www.mexicanguitarplayers.com\/tienda\/sin categor\u00eda\/regla-tri-beam-3-en-1-regla-de-447-cm-mn820\/#breadcrumb"},"inLanguage":"en-US","potentialAction":[{"@type":"ReadAction","target":["https:\/\/www.mexicanguitarplayers.com\/tienda\/sin categor\u00eda\/regla-tri-beam-3-en-1-regla-de-447-cm-mn820\/"]}]},{"@type":"ImageObject","inLanguage":"en-US","@id":"https:\/\/www.mexicanguitarplayers.com\/tienda\/sin categor\u00eda\/regla-tri-beam-3-en-1-regla-de-447-cm-mn820\/#primaryimage","url":"https:\/\/www.mexicanguitarplayers.com\/wp-content\/uploads\/2025\/04\/RAMNDMN820.jpg","contentUrl":"https:\/\/www.mexicanguitarplayers.com\/wp-content\/uploads\/2025\/04\/RAMNDMN820.jpg","width":700,"height":700},{"@type":"BreadcrumbList","@id":"https:\/\/www.mexicanguitarplayers.com\/tienda\/sin categor\u00eda\/regla-tri-beam-3-en-1-regla-de-447-cm-mn820\/#breadcrumb","itemListElement":[{"@type":"ListItem","position":1,"name":"Portada","item":"https:\/\/www.mexicanguitarplayers.com\/"},{"@type":"ListItem","position":2,"name":"Tienda","item":"https:\/\/www.mexicanguitarplayers.com\/tienda\/"},{"@type":"ListItem","position":3,"name":"REGLA TRI-BEAM 3 EN 1 REGLA DE (44,7 CM) MN820"}]},{"@type":"WebSite","@id":"https:\/\/www.mexicanguitarplayers.com\/#website","url":"https:\/\/www.mexicanguitarplayers.com\/","name":"Mexican Guitar Players","description":"Website","publisher":{"@id":"https:\/\/www.mexicanguitarplayers.com\/#organization"},"potentialAction":[{"@type":"SearchAction","target":{"@type":"EntryPoint","urlTemplate":"https:\/\/www.mexicanguitarplayers.com\/?s={search_term_string}"},"query-input":{"@type":"PropertyValueSpecification","valueRequired":true,"valueName":"search_term_string"}}],"inLanguage":"en-US"},{"@type":"Organization","@id":"https:\/\/www.mexicanguitarplayers.com\/#organization","name":"Mexican Guitar Players","url":"https:\/\/www.mexicanguitarplayers.com\/","logo":{"@type":"ImageObject","inLanguage":"en-US","@id":"https:\/\/www.mexicanguitarplayers.com\/#\/schema\/logo\/image\/","url":"","contentUrl":"","caption":"Mexican Guitar Players"},"image":{"@id":"https:\/\/www.mexicanguitarplayers.com\/#\/schema\/logo\/image\/"}}]}},"brands":[{"id":622,"name":"MUSIC NOMAD","slug":"music-nomad"}],"_links":{"self":[{"href":"https:\/\/www.mexicanguitarplayers.com\/en\/wp-json\/wp\/v2\/product\/35702","targetHints":{"allow":["GET"]}}],"collection":[{"href":"https:\/\/www.mexicanguitarplayers.com\/en\/wp-json\/wp\/v2\/product"}],"about":[{"href":"https:\/\/www.mexicanguitarplayers.com\/en\/wp-json\/wp\/v2\/types\/product"}],"replies":[{"embeddable":true,"href":"https:\/\/www.mexicanguitarplayers.com\/en\/wp-json\/wp\/v2\/comments?post=35702"}],"wp:featuredmedia":[{"embeddable":true,"href":"https:\/\/www.mexicanguitarplayers.com\/en\/wp-json\/wp\/v2\/media\/35698"}],"wp:attachment":[{"href":"https:\/\/www.mexicanguitarplayers.com\/en\/wp-json\/wp\/v2\/media?parent=35702"}],"wp:term":[{"taxonomy":"pwb-brand","embeddable":true,"href":"https:\/\/www.mexicanguitarplayers.com\/en\/wp-json\/wp\/v2\/pwb-brand?post=35702"},{"taxonomy":"product_brand","embeddable":true,"href":"https:\/\/www.mexicanguitarplayers.com\/en\/wp-json\/wp\/v2\/product_brand?post=35702"},{"taxonomy":"product_cat","embeddable":true,"href":"https:\/\/www.mexicanguitarplayers.com\/en\/wp-json\/wp\/v2\/product_cat?post=35702"},{"taxonomy":"product_tag","embeddable":true,"href":"https:\/\/www.mexicanguitarplayers.com\/en\/wp-json\/wp\/v2\/product_tag?post=35702"}],"curies":[{"name":"wp","href":"https:\/\/api.w.org\/{rel}","templated":true}]}}