{"id":35713,"date":"2025-04-08T22:19:35","date_gmt":"2025-04-09T04:19:35","guid":{"rendered":"https:\/\/www.mexicanguitarplayers.com\/tienda\/sin categor\u00eda\/driver-eighteen-1-4-mod-hd1480t\/"},"modified":"2026-01-14T10:15:27","modified_gmt":"2026-01-14T16:15:27","slug":"driver-eighteen-1-4-mod-hd1480t","status":"publish","type":"product","link":"https:\/\/www.mexicanguitarplayers.com\/en\/tienda\/audio\/bafles-y-bocinas\/bocinas-y-componentes\/agudos\/driver-eighteen-1-4-mod-hd1480t\/","title":{"rendered":"DRIVER EIGHTEEN 1.4  MOD. HD1480T"},"content":{"rendered":"<div style=\"text-align: justify\">\n<div>\n<h3>Los mejores agudos.<\/h3>\n<\/div>\n<div>El driver de compresi\u00f3n de alta calidad HD1480T de 1.4&#8243; pulgadas ha sido dise\u00f1ado para su uso en sistemas de audio de instalaci\u00f3n de alta calidad, en donde el peso no es un problema clave. La estructura del motor a lo largo del plug de fase precisamente coherente con 3 ranuras circunferenciales y anillo de cobre en la pieza polar, reduce los efectos de inductancia y distorsi\u00f3n. Los cuatro conductos de aire de la placa superior han sido dise\u00f1ados para actuar como una c\u00e1mara de carga para el diafragma, implementando distorsiones mid-band y figuras de respuesta. El conjunto de diafragma HD1080T est\u00e1 compuesto por una c\u00fapula de titanio emparedada a una unidad de suspensi\u00f3n de poli\u00e9ster tratada patentada. Ha sido dise\u00f1ado para mantener una baja resonancia reduciendo el valor del punto m\u00ednimo de crossover a 1.2 kHz. Gracias a sus propiedades f\u00edsicas, el embobinador patentado de Nomex tiene un valor 30% m\u00e1s alto de alargamiento por tracci\u00f3n a una temperatura operativa de trabajo (200\u00b0C) en comparaci\u00f3n con Kapton. Esta caracter\u00edstica permite un control adecuado de la transferencia de energ\u00eda desde la bobina m\u00f3vil al domo en condiciones reales de trabajo. Adem\u00e1s, este material patentado tambi\u00e9n es adecuado para su uso en entornos con mayor contenido de humedad. El potente conjunto de im\u00e1n cer\u00e1mico HD1080T ha sido dise\u00f1ado para obtener 16 KGauss en el entrehierro. La excelente disipaci\u00f3n de calor y el intercambio t\u00e9rmico est\u00e1n garantizados por el contacto directo entre la estructura magn\u00e9tica y el disipador t\u00e9rmico de aluminio fundido a presi\u00f3n, que conduce a un valor de compresi\u00f3n de potencia m\u00e1s bajo.<\/div>\n<div>\n<h4>Quick look<\/h4>\n<\/div>\n<ul style=\"margin: 0px 0px 0px 25px\">\n<li style=\"list-style-type: circle;margin: 5px\">Di\u00e1metro de la garganta.<\/li>\n<li style=\"list-style-type: circle;margin: 5px\">Impedance.<\/li>\n<li style=\"list-style-type: circle;margin: 5px\">Resistencia DC.<\/li>\n<li style=\"list-style-type: circle;margin: 5px\">Impedancia m\u00ednima.<\/li>\n<li style=\"list-style-type: circle;margin: 5px\">Power.<\/li>\n<li style=\"list-style-type: circle;margin: 5px\">Sensitivity.<\/li>\n<li style=\"list-style-type: circle;margin: 5px\">Rango de frecuencia.<\/li>\n<li style=\"list-style-type: circle;margin: 5px\">Frecuencia de crossover recomendada.<\/li>\n<li style=\"list-style-type: circle;margin: 5px\">Material del diafragma.<\/li>\n<li style=\"list-style-type: circle;margin: 5px\">Di\u00e1metro de la bobina de altavoz.<\/li>\n<li style=\"list-style-type: circle;margin: 5px\">Material de la bobina de altavoz.<\/li>\n<li style=\"list-style-type: circle;margin: 5px\">Material magn\u00e9tico.<\/li>\n<li style=\"list-style-type: circle;margin: 5px\">Densidad de flujo.<\/li>\n<li style=\"list-style-type: circle;margin: 5px\">Factor BL.<\/li>\n<li style=\"list-style-type: circle;margin: 5px\">Polaridad.<\/li>\n<li style=\"list-style-type: circle;margin: 5px\">Di\u00e1metro total.<\/li>\n<li style=\"list-style-type: circle;margin: 5px\">Profundidad total.<\/li>\n<li style=\"list-style-type: circle;margin: 5px\">Peso neto.<\/li>\n<\/ul>\n<div>\n<div style=\"font-weight: bold\">Di\u00e1metro de la garganta.<\/div>\n<div>\n<p>1.4&#8243; pulgadas (35.5 mm).<\/p>\n<\/div>\n<div style=\"font-weight: bold\">Impedance.<\/div>\n<div>\n<p>8 ohms.<\/p>\n<\/div>\n<div style=\"font-weight: bold\">Resistencia DC.<\/div>\n<div>\n<p>6.2 ohms.<\/p>\n<\/div>\n<div style=\"font-weight: bold\">Impedancia m\u00ednima.<\/div>\n<div>\n<p>8 ohms a 3500 Hz.<\/p>\n<\/div>\n<div style=\"font-weight: bold\">Power.<\/div>\n<div>\n<p>AES: 100 Watts por encima de los 1.2 kHz. PROGRAMA: 200 Watts por encima de los 1.2 kHz.<\/p>\n<\/div>\n<div style=\"font-weight: bold\">Sensitivity.<\/div>\n<div>\n<p>109 dB.<\/p>\n<\/div>\n<div style=\"font-weight: bold\">Rango de frecuencia.<\/div>\n<div>\n<p>500 Hz \u00f7 20 kHz.<\/p>\n<\/div>\n<div style=\"font-weight: bold\">Frecuencia de crossover recomendada.<\/div>\n<div>\n<p>Por encima de los 800 Hz (12 dB \/ pendiente octava).<\/p>\n<\/div>\n<div style=\"font-weight: bold\">Material del diafragma.<\/div>\n<div>\n<p>Titanio &#8211; Polietileno.<\/p>\n<\/div>\n<div style=\"font-weight: bold\">Di\u00e1metro de la bobina de altavoz.<\/div>\n<div>\n<p>3&#8243; pulgadas (75 mm).<\/p>\n<\/div>\n<div style=\"font-weight: bold\">Material de la bobina de altavoz.<\/div>\n<div>\n<p>Borde de aluminio de cuerda.<\/p>\n<\/div>\n<div style=\"font-weight: bold\">Material magn\u00e9tico.<\/div>\n<div>\n<p>Ferrita.<\/p>\n<\/div>\n<div style=\"font-weight: bold\">Densidad de flujo.<\/div>\n<div>\n<p>1.8 T.<\/p>\n<\/div>\n<div style=\"font-weight: bold\">Factor BL.<\/div>\n<div>\n<p>12.8 N\/A.<\/p>\n<\/div>\n<div style=\"font-weight: bold\">Polaridad.<\/div>\n<div>\n<p>Se\u00f1al positiva en terminal + que proporciona presi\u00f3n positiva en la garganta.<\/p>\n<\/div>\n<div style=\"font-weight: bold\">Di\u00e1metro total.<\/div>\n<div>\n<p>6.65&#8243; pulgadas (169 mm).<\/p>\n<\/div>\n<div style=\"font-weight: bold\">Profundidad total.<\/div>\n<div>\n<p>3&#8243; poulgadas (75.4 mm).<\/p>\n<\/div>\n<div style=\"font-weight: bold\">Peso neto.<\/div>\n<div>\n<p>5.3 Kg.<\/p>\n<\/div>\n<\/div>\n<\/div>","protected":false},"excerpt":{"rendered":"<p>Driver de compresi\u00f3n HF de ferrita, garganta de 1.4\u201d pulgadas (35.5 mm), impedancia: 8 ohms, resistencia DC: 6.2 ohms, impedancia m\u00ednima: 8 ohms a 3,500 Hz, potencia AES: 100W por encima de los 1.2 kHz, potencia programa: 200W por encima de los 1.2 kHz, sensibilidad: 109 dB, rango de frecuencia: 500 Hz &#8211; 20 kHz, diafragma de Titanio &#8211; Polietileno, bobina m\u00f3vil de 3\u201d pulgadas (75 mm), peso: 5.3 kg.&hellip; <a class=\"kt-excerpt-readmore more-link\" href=\"https:\/\/www.mexicanguitarplayers.com\/en\/tienda\/audio\/bafles-y-bocinas\/bocinas-y-componentes\/agudos\/driver-eighteen-1-4-mod-hd1480t\/\">Read more<\/a><\/p>","protected":false},"featured_media":35709,"comment_status":"open","ping_status":"closed","template":"","meta":{"kt_blocks_editor_width":""},"pwb-brand":[533],"product_brand":[],"product_cat":[530,213,221,474],"product_tag":[],"class_list":{"0":"post-35713","1":"product","2":"type-product","3":"status-publish","4":"has-post-thumbnail","6":"pwb-brand-eighteen-sound","7":"product_cat-agudos","8":"product_cat-audio","9":"product_cat-bafles-y-bocinas","10":"product_cat-bocinas-y-componentes","11":"product_shipping_class-5-10-kg","13":"first","14":"instock","15":"taxable","16":"shipping-taxable","17":"purchasable","18":"product-type-simple"},"yoast_head":"<!-- This site is optimized with the Yoast SEO plugin v27.3 - https:\/\/yoast.com\/product\/yoast-seo-wordpress\/ -->\n<title>DRIVER EIGHTEEN 1.4 MOD. HD1480T - Mexican Guitar Players<\/title>\n<meta name=\"description\" content=\"Driver de compresi\u00f3n HF de ferrita, garganta de 1.4\u201d pulgadas (35.5 mm), impedancia: 8 ohms, resistencia DC: 6.2 ohms, impedancia m\u00ednima: 8 ohms a 3,500 Hz, potencia AES: 100W por encima de los 1.2 kHz, potencia programa: 200W por encima de los 1.2 kHz, sensibilidad: 109 dB, rango de frecuencia: 500 Hz - 20 kHz, diafragma de Titanio - Polietileno, bobina m\u00f3vil de 3\u201d pulgadas (75 mm), peso: 5.3 kg.\" \/>\n<meta name=\"robots\" content=\"index, follow, max-snippet:-1, max-image-preview:large, max-video-preview:-1\" \/>\n<link rel=\"canonical\" href=\"https:\/\/www.mexicanguitarplayers.com\/en\/tienda\/sin%20categor\u00eda\/driver-eighteen-1-4-mod-hd1480t\/\" \/>\n<meta property=\"og:locale\" content=\"en_US\" \/>\n<meta property=\"og:type\" content=\"article\" \/>\n<meta property=\"og:title\" content=\"DRIVER EIGHTEEN 1.4 MOD. HD1480T - Mexican Guitar Players\" \/>\n<meta property=\"og:description\" content=\"Driver de compresi\u00f3n HF de ferrita, garganta de 1.4\u201d pulgadas (35.5 mm), impedancia: 8 ohms, resistencia DC: 6.2 ohms, impedancia m\u00ednima: 8 ohms a 3,500 Hz, potencia AES: 100W por encima de los 1.2 kHz, potencia programa: 200W por encima de los 1.2 kHz, sensibilidad: 109 dB, rango de frecuencia: 500 Hz - 20 kHz, diafragma de Titanio - Polietileno, bobina m\u00f3vil de 3\u201d pulgadas (75 mm), peso: 5.3 kg.\" \/>\n<meta property=\"og:url\" content=\"https:\/\/www.mexicanguitarplayers.com\/en\/tienda\/sin categor\u00eda\/driver-eighteen-1-4-mod-hd1480t\/\" \/>\n<meta property=\"og:site_name\" content=\"Mexican Guitar Players\" \/>\n<meta property=\"article:modified_time\" content=\"2026-01-14T16:15:27+00:00\" \/>\n<meta name=\"twitter:card\" content=\"summary_large_image\" \/>\n<meta name=\"twitter:label1\" content=\"Est. reading time\" \/>\n\t<meta name=\"twitter:data1\" content=\"2 minutes\" \/>\n<script type=\"application\/ld+json\" class=\"yoast-schema-graph\">{\"@context\":\"https:\\\/\\\/schema.org\",\"@graph\":[{\"@type\":[\"WebPage\",\"ItemPage\"],\"@id\":\"https:\\\/\\\/www.mexicanguitarplayers.com\\\/tienda\\\/sin categor\u00eda\\\/driver-eighteen-1-4-mod-hd1480t\\\/\",\"url\":\"https:\\\/\\\/www.mexicanguitarplayers.com\\\/tienda\\\/sin categor\u00eda\\\/driver-eighteen-1-4-mod-hd1480t\\\/\",\"name\":\"DRIVER EIGHTEEN 1.4 MOD. HD1480T - Mexican Guitar Players\",\"isPartOf\":{\"@id\":\"https:\\\/\\\/www.mexicanguitarplayers.com\\\/#website\"},\"primaryImageOfPage\":{\"@id\":\"https:\\\/\\\/www.mexicanguitarplayers.com\\\/tienda\\\/sin categor\u00eda\\\/driver-eighteen-1-4-mod-hd1480t\\\/#primaryimage\"},\"image\":{\"@id\":\"https:\\\/\\\/www.mexicanguitarplayers.com\\\/tienda\\\/sin categor\u00eda\\\/driver-eighteen-1-4-mod-hd1480t\\\/#primaryimage\"},\"thumbnailUrl\":\"https:\\\/\\\/www.mexicanguitarplayers.com\\\/wp-content\\\/uploads\\\/2025\\\/04\\\/IAEIGHD1480T.jpg\",\"datePublished\":\"2025-04-09T04:19:35+00:00\",\"dateModified\":\"2026-01-14T16:15:27+00:00\",\"description\":\"Driver de compresi\u00f3n HF de ferrita, garganta de 1.4\u201d pulgadas (35.5 mm), impedancia: 8 ohms, resistencia DC: 6.2 ohms, impedancia m\u00ednima: 8 ohms a 3,500 Hz, potencia AES: 100W por encima de los 1.2 kHz, potencia programa: 200W por encima de los 1.2 kHz, sensibilidad: 109 dB, rango de frecuencia: 500 Hz - 20 kHz, diafragma de Titanio - Polietileno, bobina m\u00f3vil de 3\u201d pulgadas (75 mm), peso: 5.3 kg.\",\"breadcrumb\":{\"@id\":\"https:\\\/\\\/www.mexicanguitarplayers.com\\\/tienda\\\/sin categor\u00eda\\\/driver-eighteen-1-4-mod-hd1480t\\\/#breadcrumb\"},\"inLanguage\":\"en-US\",\"potentialAction\":[{\"@type\":\"ReadAction\",\"target\":[\"https:\\\/\\\/www.mexicanguitarplayers.com\\\/tienda\\\/sin categor\u00eda\\\/driver-eighteen-1-4-mod-hd1480t\\\/\"]}]},{\"@type\":\"ImageObject\",\"inLanguage\":\"en-US\",\"@id\":\"https:\\\/\\\/www.mexicanguitarplayers.com\\\/tienda\\\/sin categor\u00eda\\\/driver-eighteen-1-4-mod-hd1480t\\\/#primaryimage\",\"url\":\"https:\\\/\\\/www.mexicanguitarplayers.com\\\/wp-content\\\/uploads\\\/2025\\\/04\\\/IAEIGHD1480T.jpg\",\"contentUrl\":\"https:\\\/\\\/www.mexicanguitarplayers.com\\\/wp-content\\\/uploads\\\/2025\\\/04\\\/IAEIGHD1480T.jpg\",\"width\":1200,\"height\":1200},{\"@type\":\"BreadcrumbList\",\"@id\":\"https:\\\/\\\/www.mexicanguitarplayers.com\\\/tienda\\\/sin categor\u00eda\\\/driver-eighteen-1-4-mod-hd1480t\\\/#breadcrumb\",\"itemListElement\":[{\"@type\":\"ListItem\",\"position\":1,\"name\":\"Portada\",\"item\":\"https:\\\/\\\/www.mexicanguitarplayers.com\\\/\"},{\"@type\":\"ListItem\",\"position\":2,\"name\":\"Tienda\",\"item\":\"https:\\\/\\\/www.mexicanguitarplayers.com\\\/tienda\\\/\"},{\"@type\":\"ListItem\",\"position\":3,\"name\":\"DRIVER EIGHTEEN 1.4 MOD. HD1480T\"}]},{\"@type\":\"WebSite\",\"@id\":\"https:\\\/\\\/www.mexicanguitarplayers.com\\\/#website\",\"url\":\"https:\\\/\\\/www.mexicanguitarplayers.com\\\/\",\"name\":\"Mexican Guitar Players\",\"description\":\"Website\",\"publisher\":{\"@id\":\"https:\\\/\\\/www.mexicanguitarplayers.com\\\/#organization\"},\"potentialAction\":[{\"@type\":\"SearchAction\",\"target\":{\"@type\":\"EntryPoint\",\"urlTemplate\":\"https:\\\/\\\/www.mexicanguitarplayers.com\\\/?s={search_term_string}\"},\"query-input\":{\"@type\":\"PropertyValueSpecification\",\"valueRequired\":true,\"valueName\":\"search_term_string\"}}],\"inLanguage\":\"en-US\"},{\"@type\":\"Organization\",\"@id\":\"https:\\\/\\\/www.mexicanguitarplayers.com\\\/#organization\",\"name\":\"Mexican Guitar Players\",\"url\":\"https:\\\/\\\/www.mexicanguitarplayers.com\\\/\",\"logo\":{\"@type\":\"ImageObject\",\"inLanguage\":\"en-US\",\"@id\":\"https:\\\/\\\/www.mexicanguitarplayers.com\\\/#\\\/schema\\\/logo\\\/image\\\/\",\"url\":\"\",\"contentUrl\":\"\",\"caption\":\"Mexican Guitar Players\"},\"image\":{\"@id\":\"https:\\\/\\\/www.mexicanguitarplayers.com\\\/#\\\/schema\\\/logo\\\/image\\\/\"}}]}<\/script>\n<!-- \/ Yoast SEO plugin. -->","yoast_head_json":{"title":"DRIVER EIGHTEEN 1.4 MOD. HD1480T - Mexican Guitar Players","description":"Driver de compresi\u00f3n HF de ferrita, garganta de 1.4\u201d pulgadas (35.5 mm), impedancia: 8 ohms, resistencia DC: 6.2 ohms, impedancia m\u00ednima: 8 ohms a 3,500 Hz, potencia AES: 100W por encima de los 1.2 kHz, potencia programa: 200W por encima de los 1.2 kHz, sensibilidad: 109 dB, rango de frecuencia: 500 Hz - 20 kHz, diafragma de Titanio - Polietileno, bobina m\u00f3vil de 3\u201d pulgadas (75 mm), peso: 5.3 kg.","robots":{"index":"index","follow":"follow","max-snippet":"max-snippet:-1","max-image-preview":"max-image-preview:large","max-video-preview":"max-video-preview:-1"},"canonical":"https:\/\/www.mexicanguitarplayers.com\/en\/tienda\/sin categor\u00eda\/driver-eighteen-1-4-mod-hd1480t\/","og_locale":"en_US","og_type":"article","og_title":"DRIVER EIGHTEEN 1.4 MOD. HD1480T - Mexican Guitar Players","og_description":"Driver de compresi\u00f3n HF de ferrita, garganta de 1.4\u201d pulgadas (35.5 mm), impedancia: 8 ohms, resistencia DC: 6.2 ohms, impedancia m\u00ednima: 8 ohms a 3,500 Hz, potencia AES: 100W por encima de los 1.2 kHz, potencia programa: 200W por encima de los 1.2 kHz, sensibilidad: 109 dB, rango de frecuencia: 500 Hz - 20 kHz, diafragma de Titanio - Polietileno, bobina m\u00f3vil de 3\u201d pulgadas (75 mm), peso: 5.3 kg.","og_url":"https:\/\/www.mexicanguitarplayers.com\/en\/tienda\/sin categor\u00eda\/driver-eighteen-1-4-mod-hd1480t\/","og_site_name":"Mexican Guitar Players","article_modified_time":"2026-01-14T16:15:27+00:00","twitter_card":"summary_large_image","twitter_misc":{"Est. reading time":"2 minutes"},"schema":{"@context":"https:\/\/schema.org","@graph":[{"@type":["WebPage","ItemPage"],"@id":"https:\/\/www.mexicanguitarplayers.com\/tienda\/sin categor\u00eda\/driver-eighteen-1-4-mod-hd1480t\/","url":"https:\/\/www.mexicanguitarplayers.com\/tienda\/sin categor\u00eda\/driver-eighteen-1-4-mod-hd1480t\/","name":"DRIVER EIGHTEEN 1.4 MOD. HD1480T - Mexican Guitar Players","isPartOf":{"@id":"https:\/\/www.mexicanguitarplayers.com\/#website"},"primaryImageOfPage":{"@id":"https:\/\/www.mexicanguitarplayers.com\/tienda\/sin categor\u00eda\/driver-eighteen-1-4-mod-hd1480t\/#primaryimage"},"image":{"@id":"https:\/\/www.mexicanguitarplayers.com\/tienda\/sin categor\u00eda\/driver-eighteen-1-4-mod-hd1480t\/#primaryimage"},"thumbnailUrl":"https:\/\/www.mexicanguitarplayers.com\/wp-content\/uploads\/2025\/04\/IAEIGHD1480T.jpg","datePublished":"2025-04-09T04:19:35+00:00","dateModified":"2026-01-14T16:15:27+00:00","description":"Driver de compresi\u00f3n HF de ferrita, garganta de 1.4\u201d pulgadas (35.5 mm), impedancia: 8 ohms, resistencia DC: 6.2 ohms, impedancia m\u00ednima: 8 ohms a 3,500 Hz, potencia AES: 100W por encima de los 1.2 kHz, potencia programa: 200W por encima de los 1.2 kHz, sensibilidad: 109 dB, rango de frecuencia: 500 Hz - 20 kHz, diafragma de Titanio - Polietileno, bobina m\u00f3vil de 3\u201d pulgadas (75 mm), peso: 5.3 kg.","breadcrumb":{"@id":"https:\/\/www.mexicanguitarplayers.com\/tienda\/sin categor\u00eda\/driver-eighteen-1-4-mod-hd1480t\/#breadcrumb"},"inLanguage":"en-US","potentialAction":[{"@type":"ReadAction","target":["https:\/\/www.mexicanguitarplayers.com\/tienda\/sin categor\u00eda\/driver-eighteen-1-4-mod-hd1480t\/"]}]},{"@type":"ImageObject","inLanguage":"en-US","@id":"https:\/\/www.mexicanguitarplayers.com\/tienda\/sin categor\u00eda\/driver-eighteen-1-4-mod-hd1480t\/#primaryimage","url":"https:\/\/www.mexicanguitarplayers.com\/wp-content\/uploads\/2025\/04\/IAEIGHD1480T.jpg","contentUrl":"https:\/\/www.mexicanguitarplayers.com\/wp-content\/uploads\/2025\/04\/IAEIGHD1480T.jpg","width":1200,"height":1200},{"@type":"BreadcrumbList","@id":"https:\/\/www.mexicanguitarplayers.com\/tienda\/sin categor\u00eda\/driver-eighteen-1-4-mod-hd1480t\/#breadcrumb","itemListElement":[{"@type":"ListItem","position":1,"name":"Portada","item":"https:\/\/www.mexicanguitarplayers.com\/"},{"@type":"ListItem","position":2,"name":"Tienda","item":"https:\/\/www.mexicanguitarplayers.com\/tienda\/"},{"@type":"ListItem","position":3,"name":"DRIVER EIGHTEEN 1.4 MOD. HD1480T"}]},{"@type":"WebSite","@id":"https:\/\/www.mexicanguitarplayers.com\/#website","url":"https:\/\/www.mexicanguitarplayers.com\/","name":"Mexican Guitar Players","description":"Website","publisher":{"@id":"https:\/\/www.mexicanguitarplayers.com\/#organization"},"potentialAction":[{"@type":"SearchAction","target":{"@type":"EntryPoint","urlTemplate":"https:\/\/www.mexicanguitarplayers.com\/?s={search_term_string}"},"query-input":{"@type":"PropertyValueSpecification","valueRequired":true,"valueName":"search_term_string"}}],"inLanguage":"en-US"},{"@type":"Organization","@id":"https:\/\/www.mexicanguitarplayers.com\/#organization","name":"Mexican Guitar Players","url":"https:\/\/www.mexicanguitarplayers.com\/","logo":{"@type":"ImageObject","inLanguage":"en-US","@id":"https:\/\/www.mexicanguitarplayers.com\/#\/schema\/logo\/image\/","url":"","contentUrl":"","caption":"Mexican Guitar Players"},"image":{"@id":"https:\/\/www.mexicanguitarplayers.com\/#\/schema\/logo\/image\/"}}]}},"brands":[{"id":533,"name":"EIGHTEEN SOUND","slug":"eighteen-sound"}],"_links":{"self":[{"href":"https:\/\/www.mexicanguitarplayers.com\/en\/wp-json\/wp\/v2\/product\/35713","targetHints":{"allow":["GET"]}}],"collection":[{"href":"https:\/\/www.mexicanguitarplayers.com\/en\/wp-json\/wp\/v2\/product"}],"about":[{"href":"https:\/\/www.mexicanguitarplayers.com\/en\/wp-json\/wp\/v2\/types\/product"}],"replies":[{"embeddable":true,"href":"https:\/\/www.mexicanguitarplayers.com\/en\/wp-json\/wp\/v2\/comments?post=35713"}],"wp:featuredmedia":[{"embeddable":true,"href":"https:\/\/www.mexicanguitarplayers.com\/en\/wp-json\/wp\/v2\/media\/35709"}],"wp:attachment":[{"href":"https:\/\/www.mexicanguitarplayers.com\/en\/wp-json\/wp\/v2\/media?parent=35713"}],"wp:term":[{"taxonomy":"pwb-brand","embeddable":true,"href":"https:\/\/www.mexicanguitarplayers.com\/en\/wp-json\/wp\/v2\/pwb-brand?post=35713"},{"taxonomy":"product_brand","embeddable":true,"href":"https:\/\/www.mexicanguitarplayers.com\/en\/wp-json\/wp\/v2\/product_brand?post=35713"},{"taxonomy":"product_cat","embeddable":true,"href":"https:\/\/www.mexicanguitarplayers.com\/en\/wp-json\/wp\/v2\/product_cat?post=35713"},{"taxonomy":"product_tag","embeddable":true,"href":"https:\/\/www.mexicanguitarplayers.com\/en\/wp-json\/wp\/v2\/product_tag?post=35713"}],"curies":[{"name":"wp","href":"https:\/\/api.w.org\/{rel}","templated":true}]}}