{"id":35726,"date":"2025-04-08T22:19:53","date_gmt":"2025-04-09T04:19:53","guid":{"rendered":"https:\/\/www.mexicanguitarplayers.com\/tienda\/sin categor\u00eda\/guitarra-washburn-e-acustica-mod-c5ce\/"},"modified":"2026-05-01T07:21:01","modified_gmt":"2026-05-01T13:21:01","slug":"guitarra-washburn-e-acustica-mod-c5ce","status":"publish","type":"product","link":"https:\/\/www.mexicanguitarplayers.com\/en\/tienda\/cuerdas\/guitarras-cuerdas\/acusticas\/guitarras-electro-clasicas\/guitarra-washburn-e-acustica-mod-c5ce\/","title":{"rendered":"GUITARRA WASHBURN E\/ACUSTICA MOD.C5CE"},"content":{"rendered":"<div style=\"text-align: justify\">\n<div>\n<h3>Alcanza tus objetivos musicales m\u00e1s elevados.<\/h3>\n<\/div>\n<div>Las guitarras cl\u00e1sicas con cuerdas de nylon tienen un atractivo eterno, independientemente del g\u00e9nero musical que toques. Los m\u00fasicos cl\u00e1sicos requieren un mayor espacio entre las cuerdas para adaptarse a su estilo preciso de tocar con los dedos. Combinadas con el tono suave y completo de las cuerdas de nylon, estas guitarras satisfar\u00e1n las necesidades de los guitarristas cl\u00e1sicos y flamencos m\u00e1s exigentes. Coincidentemente, las guitarras cl\u00e1sicas han encontrado un hogar entre los principiantes debido a la sensaci\u00f3n f\u00e1cil en los dedos de las cuerdas de nylon de baja tensi\u00f3n. Independientemente de su habilidad, una guitarra cl\u00e1sica Washburn C5CE te ayudar\u00e1 a alcanzar los objetivos musicales m\u00e1s elevados.<\/div>\n<div>\n<h4>Quick look<\/h4>\n<\/div>\n<ul style=\"margin: 0px 0px 0px 25px\">\n<li style=\"list-style-type: circle;margin: 5px\">Kind.<\/li>\n<li style=\"list-style-type: circle;margin: 5px\">Forma.<\/li>\n<li style=\"list-style-type: circle;margin: 5px\">Estilo.<\/li>\n<li style=\"list-style-type: circle;margin: 5px\">Material de la tapa.<\/li>\n<li style=\"list-style-type: circle;margin: 5px\">Material de los aros.<\/li>\n<li style=\"list-style-type: circle;margin: 5px\">Material del fondo.<\/li>\n<li style=\"list-style-type: circle;margin: 5px\">Reinforcement.<\/li>\n<li style=\"list-style-type: circle;margin: 5px\">Rosette<\/li>\n<li style=\"list-style-type: circle;margin: 5px\">Color.<\/li>\n<li style=\"list-style-type: circle;margin: 5px\">Terminado.<\/li>\n<li style=\"list-style-type: circle;margin: 5px\">Materia del brazo.<\/li>\n<li style=\"list-style-type: circle;margin: 5px\">Material del diapas\u00f3n.<\/li>\n<li style=\"list-style-type: circle;margin: 5px\">Frets<\/li>\n<li style=\"list-style-type: circle;margin: 5px\">Nut.<\/li>\n<li style=\"list-style-type: circle;margin: 5px\">Ancho de la cejuela.<\/li>\n<li style=\"list-style-type: circle;margin: 5px\">Scale.<\/li>\n<li style=\"list-style-type: circle;margin: 5px\">Hardware.<\/li>\n<li style=\"list-style-type: circle;margin: 5px\">Bridge.<\/li>\n<li style=\"list-style-type: circle;margin: 5px\">Afinadores.<\/li>\n<li style=\"list-style-type: circle;margin: 5px\">Strings<\/li>\n<li style=\"list-style-type: circle;margin: 5px\">Preamp.<\/li>\n<li style=\"list-style-type: circle;margin: 5px\">Controls<\/li>\n<\/ul>\n<div>\n<div style=\"font-weight: bold\">Kind.<\/div>\n<div>\n<p>Guitarra electro-ac\u00fastica.<\/p>\n<\/div>\n<div style=\"font-weight: bold\">Forma.<\/div>\n<div>\n<p>Cl\u00e1sica.<\/p>\n<\/div>\n<div style=\"font-weight: bold\">Estilo.<\/div>\n<div>\n<p>Guitarra electro- ac\u00fastica con cuerdas de nylon.<\/p>\n<\/div>\n<div style=\"font-weight: bold\">Material de la tapa.<\/div>\n<div>\n<p>Fir tree.<\/p>\n<\/div>\n<div style=\"font-weight: bold\">Material de los aros.<\/div>\n<div>\n<p>Catalpa.<\/p>\n<\/div>\n<div style=\"font-weight: bold\">Material del fondo.<\/div>\n<div>\n<p>Catalpa.<\/p>\n<\/div>\n<div style=\"font-weight: bold\">Reinforcement.<\/div>\n<div>\n<p>Abeto de Sitka aserrada en cuartos.<\/p>\n<\/div>\n<div style=\"font-weight: bold\">Rosette<\/div>\n<div>\n<p>Mosaico.<\/p>\n<\/div>\n<div style=\"font-weight: bold\">Color.<\/div>\n<div>\n<p>Natural.<\/p>\n<\/div>\n<div style=\"font-weight: bold\">Terminado.<\/div>\n<div>\n<p>Brillante.<\/p>\n<\/div>\n<div style=\"font-weight: bold\">Materia del brazo.<\/div>\n<div>\n<p>Mahogany.<\/p>\n<\/div>\n<div style=\"font-weight: bold\">Material del diapas\u00f3n.<\/div>\n<div>\n<p>Madera manufacturada.<\/p>\n<\/div>\n<div style=\"font-weight: bold\">Frets<\/div>\n<div>\n<p>19.<\/p>\n<\/div>\n<div style=\"font-weight: bold\">Nut.<\/div>\n<div>\n<p>Graphtech Nubone.<\/p>\n<\/div>\n<div style=\"font-weight: bold\">Ancho de la cejuela.<\/div>\n<div>\n<p>52 mm.<\/p>\n<\/div>\n<div style=\"font-weight: bold\">Scale.<\/div>\n<div>\n<p>650 mm.<\/p>\n<\/div>\n<div style=\"font-weight: bold\">Hardware.<\/div>\n<div>\n<p>Cromado.<\/p>\n<\/div>\n<div style=\"font-weight: bold\">Bridge.<\/div>\n<div>\n<p>Alternativo.<\/p>\n<\/div>\n<div style=\"font-weight: bold\">Afinadores.<\/div>\n<div>\n<p>Cl\u00e1sicos.<\/p>\n<\/div>\n<div style=\"font-weight: bold\">Strings<\/div>\n<div>\n<p>D&#8217;addario EJ46 ProArte Hard Tension strings.<\/p>\n<\/div>\n<div style=\"font-weight: bold\">Preamp.<\/div>\n<div>\n<p>EVT.<\/p>\n<\/div>\n<div style=\"font-weight: bold\">Controls<\/div>\n<div>\n<p>Volumen y afinador integrado.<\/p>\n<\/div>\n<\/div>\n<\/div>","protected":false},"excerpt":{"rendered":"<p>Guitarra electro-cl\u00e1sica con cuerdas de nylon, tapa de abeto, aros y fondo de catalpa, refuerzo de abeto de Sitka aserrada en cuartos, roseta de mosaico, terminado brillante, brazo de caoba, diapas\u00f3n de madera manufacturada, 19 trastes, cejuela de Graphtech Nubone, escala: 650 mm, hardware cromado, puente alternativo, afinadores cl\u00e1sicos, preamp EVT, controles: volumen y afinador integrado, cuerdas D&#8217;addario EJ46 ProArte Hard Tension strings.&hellip; <a class=\"kt-excerpt-readmore more-link\" href=\"https:\/\/www.mexicanguitarplayers.com\/en\/tienda\/cuerdas\/guitarras-cuerdas\/acusticas\/guitarras-electro-clasicas\/guitarra-washburn-e-acustica-mod-c5ce\/\">Read more<\/a><\/p>","protected":false},"featured_media":35722,"comment_status":"open","ping_status":"closed","template":"","meta":{"kt_blocks_editor_width":""},"pwb-brand":[178],"product_brand":[],"product_cat":[315,224,312,335],"product_tag":[],"class_list":{"0":"post-35726","1":"product","2":"type-product","3":"status-publish","4":"has-post-thumbnail","6":"pwb-brand-washburn","7":"product_cat-acusticas","8":"product_cat-cuerdas","9":"product_cat-guitarras-cuerdas","10":"product_cat-guitarras-electro-clasicas","11":"product_shipping_class-0-5-kg","13":"first","14":"instock","15":"taxable","16":"shipping-taxable","17":"purchasable","18":"product-type-simple"},"yoast_head":"<!-- This site is optimized with the Yoast SEO plugin v27.6 - https:\/\/yoast.com\/product\/yoast-seo-wordpress\/ -->\n<title>GUITARRA WASHBURN E\/ACUSTICA MOD.C5CE - Mexican Guitar Players<\/title>\n<meta name=\"description\" content=\"Guitarra electro-cl\u00e1sica con cuerdas de nylon, tapa de abeto, aros y fondo de catalpa, refuerzo de abeto de Sitka aserrada en cuartos, roseta de mosaico, terminado brillante, brazo de caoba, diapas\u00f3n de madera manufacturada, 19 trastes, cejuela de Graphtech Nubone, escala: 650 mm, hardware cromado, puente alternativo, afinadores cl\u00e1sicos, preamp EVT, controles: volumen y afinador integrado, cuerdas D&#039;addario EJ46 ProArte Hard Tension strings.\" \/>\n<meta name=\"robots\" content=\"index, follow, max-snippet:-1, max-image-preview:large, max-video-preview:-1\" \/>\n<link rel=\"canonical\" href=\"https:\/\/www.mexicanguitarplayers.com\/en\/tienda\/sin%20categor\u00eda\/guitarra-washburn-e-acustica-mod-c5ce\/\" \/>\n<meta property=\"og:locale\" content=\"en_US\" \/>\n<meta property=\"og:type\" content=\"article\" \/>\n<meta property=\"og:title\" content=\"GUITARRA WASHBURN E\/ACUSTICA MOD.C5CE - Mexican Guitar Players\" \/>\n<meta property=\"og:description\" content=\"Guitarra electro-cl\u00e1sica con cuerdas de nylon, tapa de abeto, aros y fondo de catalpa, refuerzo de abeto de Sitka aserrada en cuartos, roseta de mosaico, terminado brillante, brazo de caoba, diapas\u00f3n de madera manufacturada, 19 trastes, cejuela de Graphtech Nubone, escala: 650 mm, hardware cromado, puente alternativo, afinadores cl\u00e1sicos, preamp EVT, controles: volumen y afinador integrado, cuerdas D&#039;addario EJ46 ProArte Hard Tension strings.\" \/>\n<meta property=\"og:url\" content=\"https:\/\/www.mexicanguitarplayers.com\/en\/tienda\/sin categor\u00eda\/guitarra-washburn-e-acustica-mod-c5ce\/\" \/>\n<meta property=\"og:site_name\" content=\"Mexican Guitar Players\" \/>\n<meta property=\"article:modified_time\" content=\"2026-05-01T13:21:01+00:00\" \/>\n<meta name=\"twitter:card\" content=\"summary_large_image\" \/>\n<meta name=\"twitter:label1\" content=\"Est. reading time\" \/>\n\t<meta name=\"twitter:data1\" content=\"1 minute\" \/>\n<script type=\"application\/ld+json\" class=\"yoast-schema-graph\">{\"@context\":\"https:\\\/\\\/schema.org\",\"@graph\":[{\"@type\":[\"WebPage\",\"ItemPage\"],\"@id\":\"https:\\\/\\\/www.mexicanguitarplayers.com\\\/tienda\\\/sin categor\u00eda\\\/guitarra-washburn-e-acustica-mod-c5ce\\\/\",\"url\":\"https:\\\/\\\/www.mexicanguitarplayers.com\\\/tienda\\\/sin categor\u00eda\\\/guitarra-washburn-e-acustica-mod-c5ce\\\/\",\"name\":\"GUITARRA WASHBURN E\\\/ACUSTICA MOD.C5CE - Mexican Guitar Players\",\"isPartOf\":{\"@id\":\"https:\\\/\\\/www.mexicanguitarplayers.com\\\/#website\"},\"primaryImageOfPage\":{\"@id\":\"https:\\\/\\\/www.mexicanguitarplayers.com\\\/tienda\\\/sin categor\u00eda\\\/guitarra-washburn-e-acustica-mod-c5ce\\\/#primaryimage\"},\"image\":{\"@id\":\"https:\\\/\\\/www.mexicanguitarplayers.com\\\/tienda\\\/sin categor\u00eda\\\/guitarra-washburn-e-acustica-mod-c5ce\\\/#primaryimage\"},\"thumbnailUrl\":\"https:\\\/\\\/www.mexicanguitarplayers.com\\\/wp-content\\\/uploads\\\/2025\\\/04\\\/ISWASC5CE.jpg\",\"datePublished\":\"2025-04-09T04:19:53+00:00\",\"dateModified\":\"2026-05-01T13:21:01+00:00\",\"description\":\"Guitarra electro-cl\u00e1sica con cuerdas de nylon, tapa de abeto, aros y fondo de catalpa, refuerzo de abeto de Sitka aserrada en cuartos, roseta de mosaico, terminado brillante, brazo de caoba, diapas\u00f3n de madera manufacturada, 19 trastes, cejuela de Graphtech Nubone, escala: 650 mm, hardware cromado, puente alternativo, afinadores cl\u00e1sicos, preamp EVT, controles: volumen y afinador integrado, cuerdas D'addario EJ46 ProArte Hard Tension strings.\",\"breadcrumb\":{\"@id\":\"https:\\\/\\\/www.mexicanguitarplayers.com\\\/tienda\\\/sin categor\u00eda\\\/guitarra-washburn-e-acustica-mod-c5ce\\\/#breadcrumb\"},\"inLanguage\":\"en-US\",\"potentialAction\":[{\"@type\":\"ReadAction\",\"target\":[\"https:\\\/\\\/www.mexicanguitarplayers.com\\\/tienda\\\/sin categor\u00eda\\\/guitarra-washburn-e-acustica-mod-c5ce\\\/\"]}]},{\"@type\":\"ImageObject\",\"inLanguage\":\"en-US\",\"@id\":\"https:\\\/\\\/www.mexicanguitarplayers.com\\\/tienda\\\/sin categor\u00eda\\\/guitarra-washburn-e-acustica-mod-c5ce\\\/#primaryimage\",\"url\":\"https:\\\/\\\/www.mexicanguitarplayers.com\\\/wp-content\\\/uploads\\\/2025\\\/04\\\/ISWASC5CE.jpg\",\"contentUrl\":\"https:\\\/\\\/www.mexicanguitarplayers.com\\\/wp-content\\\/uploads\\\/2025\\\/04\\\/ISWASC5CE.jpg\",\"width\":800,\"height\":1600},{\"@type\":\"BreadcrumbList\",\"@id\":\"https:\\\/\\\/www.mexicanguitarplayers.com\\\/tienda\\\/sin categor\u00eda\\\/guitarra-washburn-e-acustica-mod-c5ce\\\/#breadcrumb\",\"itemListElement\":[{\"@type\":\"ListItem\",\"position\":1,\"name\":\"Portada\",\"item\":\"https:\\\/\\\/www.mexicanguitarplayers.com\\\/\"},{\"@type\":\"ListItem\",\"position\":2,\"name\":\"Tienda\",\"item\":\"https:\\\/\\\/www.mexicanguitarplayers.com\\\/tienda\\\/\"},{\"@type\":\"ListItem\",\"position\":3,\"name\":\"GUITARRA WASHBURN E\\\/ACUSTICA MOD.C5CE\"}]},{\"@type\":\"WebSite\",\"@id\":\"https:\\\/\\\/www.mexicanguitarplayers.com\\\/#website\",\"url\":\"https:\\\/\\\/www.mexicanguitarplayers.com\\\/\",\"name\":\"Mexican Guitar Players\",\"description\":\"Website\",\"publisher\":{\"@id\":\"https:\\\/\\\/www.mexicanguitarplayers.com\\\/#organization\"},\"potentialAction\":[{\"@type\":\"SearchAction\",\"target\":{\"@type\":\"EntryPoint\",\"urlTemplate\":\"https:\\\/\\\/www.mexicanguitarplayers.com\\\/?s={search_term_string}\"},\"query-input\":{\"@type\":\"PropertyValueSpecification\",\"valueRequired\":true,\"valueName\":\"search_term_string\"}}],\"inLanguage\":\"en-US\"},{\"@type\":\"Organization\",\"@id\":\"https:\\\/\\\/www.mexicanguitarplayers.com\\\/#organization\",\"name\":\"Mexican Guitar Players\",\"url\":\"https:\\\/\\\/www.mexicanguitarplayers.com\\\/\",\"logo\":{\"@type\":\"ImageObject\",\"inLanguage\":\"en-US\",\"@id\":\"https:\\\/\\\/www.mexicanguitarplayers.com\\\/#\\\/schema\\\/logo\\\/image\\\/\",\"url\":\"\",\"contentUrl\":\"\",\"caption\":\"Mexican Guitar Players\"},\"image\":{\"@id\":\"https:\\\/\\\/www.mexicanguitarplayers.com\\\/#\\\/schema\\\/logo\\\/image\\\/\"}}]}<\/script>\n<!-- \/ Yoast SEO plugin. -->","yoast_head_json":{"title":"GUITARRA WASHBURN E\/ACUSTICA MOD.C5CE - Mexican Guitar Players","description":"Guitarra electro-cl\u00e1sica con cuerdas de nylon, tapa de abeto, aros y fondo de catalpa, refuerzo de abeto de Sitka aserrada en cuartos, roseta de mosaico, terminado brillante, brazo de caoba, diapas\u00f3n de madera manufacturada, 19 trastes, cejuela de Graphtech Nubone, escala: 650 mm, hardware cromado, puente alternativo, afinadores cl\u00e1sicos, preamp EVT, controles: volumen y afinador integrado, cuerdas D'addario EJ46 ProArte Hard Tension strings.","robots":{"index":"index","follow":"follow","max-snippet":"max-snippet:-1","max-image-preview":"max-image-preview:large","max-video-preview":"max-video-preview:-1"},"canonical":"https:\/\/www.mexicanguitarplayers.com\/en\/tienda\/sin categor\u00eda\/guitarra-washburn-e-acustica-mod-c5ce\/","og_locale":"en_US","og_type":"article","og_title":"GUITARRA WASHBURN E\/ACUSTICA MOD.C5CE - Mexican Guitar Players","og_description":"Guitarra electro-cl\u00e1sica con cuerdas de nylon, tapa de abeto, aros y fondo de catalpa, refuerzo de abeto de Sitka aserrada en cuartos, roseta de mosaico, terminado brillante, brazo de caoba, diapas\u00f3n de madera manufacturada, 19 trastes, cejuela de Graphtech Nubone, escala: 650 mm, hardware cromado, puente alternativo, afinadores cl\u00e1sicos, preamp EVT, controles: volumen y afinador integrado, cuerdas D'addario EJ46 ProArte Hard Tension strings.","og_url":"https:\/\/www.mexicanguitarplayers.com\/en\/tienda\/sin categor\u00eda\/guitarra-washburn-e-acustica-mod-c5ce\/","og_site_name":"Mexican Guitar Players","article_modified_time":"2026-05-01T13:21:01+00:00","twitter_card":"summary_large_image","twitter_misc":{"Est. reading time":"1 minute"},"schema":{"@context":"https:\/\/schema.org","@graph":[{"@type":["WebPage","ItemPage"],"@id":"https:\/\/www.mexicanguitarplayers.com\/tienda\/sin categor\u00eda\/guitarra-washburn-e-acustica-mod-c5ce\/","url":"https:\/\/www.mexicanguitarplayers.com\/tienda\/sin categor\u00eda\/guitarra-washburn-e-acustica-mod-c5ce\/","name":"GUITARRA WASHBURN E\/ACUSTICA MOD.C5CE - Mexican Guitar Players","isPartOf":{"@id":"https:\/\/www.mexicanguitarplayers.com\/#website"},"primaryImageOfPage":{"@id":"https:\/\/www.mexicanguitarplayers.com\/tienda\/sin categor\u00eda\/guitarra-washburn-e-acustica-mod-c5ce\/#primaryimage"},"image":{"@id":"https:\/\/www.mexicanguitarplayers.com\/tienda\/sin categor\u00eda\/guitarra-washburn-e-acustica-mod-c5ce\/#primaryimage"},"thumbnailUrl":"https:\/\/www.mexicanguitarplayers.com\/wp-content\/uploads\/2025\/04\/ISWASC5CE.jpg","datePublished":"2025-04-09T04:19:53+00:00","dateModified":"2026-05-01T13:21:01+00:00","description":"Guitarra electro-cl\u00e1sica con cuerdas de nylon, tapa de abeto, aros y fondo de catalpa, refuerzo de abeto de Sitka aserrada en cuartos, roseta de mosaico, terminado brillante, brazo de caoba, diapas\u00f3n de madera manufacturada, 19 trastes, cejuela de Graphtech Nubone, escala: 650 mm, hardware cromado, puente alternativo, afinadores cl\u00e1sicos, preamp EVT, controles: volumen y afinador integrado, cuerdas D'addario EJ46 ProArte Hard Tension strings.","breadcrumb":{"@id":"https:\/\/www.mexicanguitarplayers.com\/tienda\/sin categor\u00eda\/guitarra-washburn-e-acustica-mod-c5ce\/#breadcrumb"},"inLanguage":"en-US","potentialAction":[{"@type":"ReadAction","target":["https:\/\/www.mexicanguitarplayers.com\/tienda\/sin categor\u00eda\/guitarra-washburn-e-acustica-mod-c5ce\/"]}]},{"@type":"ImageObject","inLanguage":"en-US","@id":"https:\/\/www.mexicanguitarplayers.com\/tienda\/sin categor\u00eda\/guitarra-washburn-e-acustica-mod-c5ce\/#primaryimage","url":"https:\/\/www.mexicanguitarplayers.com\/wp-content\/uploads\/2025\/04\/ISWASC5CE.jpg","contentUrl":"https:\/\/www.mexicanguitarplayers.com\/wp-content\/uploads\/2025\/04\/ISWASC5CE.jpg","width":800,"height":1600},{"@type":"BreadcrumbList","@id":"https:\/\/www.mexicanguitarplayers.com\/tienda\/sin categor\u00eda\/guitarra-washburn-e-acustica-mod-c5ce\/#breadcrumb","itemListElement":[{"@type":"ListItem","position":1,"name":"Portada","item":"https:\/\/www.mexicanguitarplayers.com\/"},{"@type":"ListItem","position":2,"name":"Tienda","item":"https:\/\/www.mexicanguitarplayers.com\/tienda\/"},{"@type":"ListItem","position":3,"name":"GUITARRA WASHBURN E\/ACUSTICA MOD.C5CE"}]},{"@type":"WebSite","@id":"https:\/\/www.mexicanguitarplayers.com\/#website","url":"https:\/\/www.mexicanguitarplayers.com\/","name":"Mexican Guitar Players","description":"Website","publisher":{"@id":"https:\/\/www.mexicanguitarplayers.com\/#organization"},"potentialAction":[{"@type":"SearchAction","target":{"@type":"EntryPoint","urlTemplate":"https:\/\/www.mexicanguitarplayers.com\/?s={search_term_string}"},"query-input":{"@type":"PropertyValueSpecification","valueRequired":true,"valueName":"search_term_string"}}],"inLanguage":"en-US"},{"@type":"Organization","@id":"https:\/\/www.mexicanguitarplayers.com\/#organization","name":"Mexican Guitar Players","url":"https:\/\/www.mexicanguitarplayers.com\/","logo":{"@type":"ImageObject","inLanguage":"en-US","@id":"https:\/\/www.mexicanguitarplayers.com\/#\/schema\/logo\/image\/","url":"","contentUrl":"","caption":"Mexican Guitar Players"},"image":{"@id":"https:\/\/www.mexicanguitarplayers.com\/#\/schema\/logo\/image\/"}}]}},"brands":[{"id":178,"name":"WASHBURN","slug":"washburn"}],"_links":{"self":[{"href":"https:\/\/www.mexicanguitarplayers.com\/en\/wp-json\/wp\/v2\/product\/35726","targetHints":{"allow":["GET"]}}],"collection":[{"href":"https:\/\/www.mexicanguitarplayers.com\/en\/wp-json\/wp\/v2\/product"}],"about":[{"href":"https:\/\/www.mexicanguitarplayers.com\/en\/wp-json\/wp\/v2\/types\/product"}],"replies":[{"embeddable":true,"href":"https:\/\/www.mexicanguitarplayers.com\/en\/wp-json\/wp\/v2\/comments?post=35726"}],"wp:featuredmedia":[{"embeddable":true,"href":"https:\/\/www.mexicanguitarplayers.com\/en\/wp-json\/wp\/v2\/media\/35722"}],"wp:attachment":[{"href":"https:\/\/www.mexicanguitarplayers.com\/en\/wp-json\/wp\/v2\/media?parent=35726"}],"wp:term":[{"taxonomy":"pwb-brand","embeddable":true,"href":"https:\/\/www.mexicanguitarplayers.com\/en\/wp-json\/wp\/v2\/pwb-brand?post=35726"},{"taxonomy":"product_brand","embeddable":true,"href":"https:\/\/www.mexicanguitarplayers.com\/en\/wp-json\/wp\/v2\/product_brand?post=35726"},{"taxonomy":"product_cat","embeddable":true,"href":"https:\/\/www.mexicanguitarplayers.com\/en\/wp-json\/wp\/v2\/product_cat?post=35726"},{"taxonomy":"product_tag","embeddable":true,"href":"https:\/\/www.mexicanguitarplayers.com\/en\/wp-json\/wp\/v2\/product_tag?post=35726"}],"curies":[{"name":"wp","href":"https:\/\/api.w.org\/{rel}","templated":true}]}}