{"id":35736,"date":"2025-04-08T22:20:07","date_gmt":"2025-04-09T04:20:07","guid":{"rendered":"https:\/\/www.mexicanguitarplayers.com\/tienda\/sin categor\u00eda\/bocina-turbosound-mod-ts-12w350-8w\/"},"modified":"2026-02-18T04:18:46","modified_gmt":"2026-02-18T10:18:46","slug":"bocina-turbosound-mod-ts-12w350-8w","status":"publish","type":"product","link":"https:\/\/www.mexicanguitarplayers.com\/en\/tienda\/audio\/bafles-y-bocinas\/bafles\/bafles-pasivos\/bocina-turbosound-mod-ts-12w350-8w\/","title":{"rendered":"BOCINA TURBOSOUND MOD. TS-12W350\/8W"},"content":{"rendered":"<div style=\"text-align: justify\">\n<div>\n<h3>BOCINA TURBOSOUND MOD. TS-12W350\/8W<\/h3>\n<\/div>\n<div>Los sistemas de altavoces PA potentes requieren drivers Turbosound, dise\u00f1ados para ofrecer el mejor rendimiento de audio sin importar el g\u00e9nero o la aplicaci\u00f3n. El driver de baja frecuencia TS-12W350\/8W de 12&#8243; proporciona graves firmes y contundentes y maneja hasta 1,400 vatios de salida pico (350 vatios RMS), con un rango de frecuencia que se extiende desde 51 Hz hasta 3 kHz. El marco de aluminio fundido a presi\u00f3n es extremadamente r\u00edgido y ligero, lo que lo hace ideal para usar como un driver de reemplazo o para desplegar en recintos PA multi-v\u00eda personalizados.<\/div>\n<div>\n<h4>Characteristics<\/h4>\n<\/div>\n<div>\n<ul style=\"margin: 0px 0px 0px 25px\">\n<li style=\"list-style-type: circle;margin: 5px\">Di\u00e1metro del altavoz<\/li>\n<li style=\"list-style-type: circle;margin: 5px\">Impedancia<\/li>\n<li style=\"list-style-type: circle;margin: 5px\">Potencia continua<\/li>\n<li style=\"list-style-type: circle;margin: 5px\">Potencia pico<\/li>\n<li style=\"list-style-type: circle;margin: 5px\">Sensibilidad<\/li>\n<li style=\"list-style-type: circle;margin: 5px\">Rango de frecuencia<\/li>\n<li style=\"list-style-type: circle;margin: 5px\">Tama\u00f1o del im\u00e1n<\/li>\n<li style=\"list-style-type: circle;margin: 5px\">Di\u00e1metro de la bobina de voz<\/li>\n<li style=\"list-style-type: circle;margin: 5px\">Material de la bobina<\/li>\n<li style=\"list-style-type: circle;margin: 5px\">Tipo de cable<\/li>\n<li style=\"list-style-type: circle;margin: 5px\">Altura del bobinado<\/li>\n<li style=\"list-style-type: circle;margin: 5px\">Capas<\/li>\n<li style=\"list-style-type: circle;margin: 5px\">Material del cono<\/li>\n<li style=\"list-style-type: circle;margin: 5px\">Material del surround<\/li>\n<li style=\"list-style-type: circle;margin: 5px\">Frecuencia de resonancia<\/li>\n<li style=\"list-style-type: circle;margin: 5px\">Resistencia DC<\/li>\n<li style=\"list-style-type: circle;margin: 5px\">Factor Q mec\u00e1nico<\/li>\n<li style=\"list-style-type: circle;margin: 5px\">Factor Q el\u00e9ctrico <\/li>\n<li style=\"list-style-type: circle;margin: 5px\">Factor Q total <\/li>\n<li style=\"list-style-type: circle;margin: 5px\">Masa m\u00f3vil mec\u00e1nica<\/li>\n<li style=\"list-style-type: circle;margin: 5px\">Complianza mec\u00e1nica<\/li>\n<li style=\"list-style-type: circle;margin: 5px\">Factor de fuerza<\/li>\n<li style=\"list-style-type: circle;margin: 5px\">Volumen ac\u00fastico equivalente<\/li>\n<li style=\"list-style-type: circle;margin: 5px\">Desplazamiento lineal m\u00e1ximo<\/li>\n<li style=\"list-style-type: circle;margin: 5px\">\u00c1rea del diafragma <\/li>\n<li style=\"list-style-type: circle;margin: 5px\">Inductancia de la bobina de voz a 1 kHz <\/li>\n<li style=\"list-style-type: circle;margin: 5px\">Peso neto<\/li>\n<\/ul>\n<\/div>\n<\/div>","protected":false},"excerpt":{"rendered":"<p>El altavoz de baja frecuencia de 12 pulgadas para aplicaciones de PA ofrece una potencia continua de 350 vatios RMS y una potencia m\u00e1xima de 1,400 vatios pico, con una impedancia de 8 ohmios. Con un rango de frecuencia que va desde 51 Hz hasta 3 kHz, proporciona una respuesta de sonido amplia y din\u00e1mica. La sensibilidad de 95 dB a 1 vatio a 1 metro garantiza una reproducci\u00f3n de audio clara y potente. Su resistente marco de aluminio fundido a presi\u00f3n y su di\u00e1metro total de 316 mm lo hacen ideal para aplicaciones de sonido profesional en vivo y en estudio.&hellip; <a class=\"kt-excerpt-readmore more-link\" href=\"https:\/\/www.mexicanguitarplayers.com\/en\/tienda\/audio\/bafles-y-bocinas\/bafles\/bafles-pasivos\/bocina-turbosound-mod-ts-12w350-8w\/\">Read more<\/a><\/p>","protected":false},"featured_media":35731,"comment_status":"open","ping_status":"closed","template":"","meta":{"kt_blocks_editor_width":""},"pwb-brand":[498],"product_brand":[],"product_cat":[213,222,223,221],"product_tag":[],"class_list":{"0":"post-35736","1":"product","2":"type-product","3":"status-publish","4":"has-post-thumbnail","6":"pwb-brand-turbosound","7":"product_cat-audio","8":"product_cat-bafles","9":"product_cat-bafles-pasivos","10":"product_cat-bafles-y-bocinas","11":"product_shipping_class-5-10-kg","13":"first","14":"instock","15":"taxable","16":"shipping-taxable","17":"purchasable","18":"product-type-simple"},"yoast_head":"<!-- This site is optimized with the Yoast SEO plugin v27.3 - https:\/\/yoast.com\/product\/yoast-seo-wordpress\/ -->\n<title>BOCINA TURBOSOUND MOD. TS-12W350\/8W - Mexican Guitar Players<\/title>\n<meta name=\"description\" content=\"El altavoz de baja frecuencia de 12 pulgadas para aplicaciones de PA ofrece una potencia continua de 350 vatios RMS y una potencia m\u00e1xima de 1,400 vatios pico, con una impedancia de 8 ohmios. Con un rango de frecuencia que va desde 51 Hz hasta 3 kHz, proporciona una respuesta de sonido amplia y din\u00e1mica. La sensibilidad de 95 dB a 1 vatio a 1 metro garantiza una reproducci\u00f3n de audio clara y potente. Su resistente marco de aluminio fundido a presi\u00f3n y su di\u00e1metro total de 316 mm lo hacen ideal para aplicaciones de sonido profesional en vivo y en estudio.\" \/>\n<meta name=\"robots\" content=\"index, follow, max-snippet:-1, max-image-preview:large, max-video-preview:-1\" \/>\n<link rel=\"canonical\" href=\"https:\/\/www.mexicanguitarplayers.com\/en\/tienda\/sin%20categor\u00eda\/bocina-turbosound-mod-ts-12w350-8w\/\" \/>\n<meta property=\"og:locale\" content=\"en_US\" \/>\n<meta property=\"og:type\" content=\"article\" \/>\n<meta property=\"og:title\" content=\"BOCINA TURBOSOUND MOD. TS-12W350\/8W - Mexican Guitar Players\" \/>\n<meta property=\"og:description\" content=\"El altavoz de baja frecuencia de 12 pulgadas para aplicaciones de PA ofrece una potencia continua de 350 vatios RMS y una potencia m\u00e1xima de 1,400 vatios pico, con una impedancia de 8 ohmios. Con un rango de frecuencia que va desde 51 Hz hasta 3 kHz, proporciona una respuesta de sonido amplia y din\u00e1mica. La sensibilidad de 95 dB a 1 vatio a 1 metro garantiza una reproducci\u00f3n de audio clara y potente. Su resistente marco de aluminio fundido a presi\u00f3n y su di\u00e1metro total de 316 mm lo hacen ideal para aplicaciones de sonido profesional en vivo y en estudio.\" \/>\n<meta property=\"og:url\" content=\"https:\/\/www.mexicanguitarplayers.com\/en\/tienda\/sin categor\u00eda\/bocina-turbosound-mod-ts-12w350-8w\/\" \/>\n<meta property=\"og:site_name\" content=\"Mexican Guitar Players\" \/>\n<meta property=\"article:modified_time\" content=\"2026-02-18T10:18:46+00:00\" \/>\n<meta name=\"twitter:card\" content=\"summary_large_image\" \/>\n<meta name=\"twitter:label1\" content=\"Est. reading time\" \/>\n\t<meta name=\"twitter:data1\" content=\"1 minute\" \/>\n<script type=\"application\/ld+json\" class=\"yoast-schema-graph\">{\"@context\":\"https:\\\/\\\/schema.org\",\"@graph\":[{\"@type\":[\"WebPage\",\"ItemPage\"],\"@id\":\"https:\\\/\\\/www.mexicanguitarplayers.com\\\/tienda\\\/sin categor\u00eda\\\/bocina-turbosound-mod-ts-12w350-8w\\\/\",\"url\":\"https:\\\/\\\/www.mexicanguitarplayers.com\\\/tienda\\\/sin categor\u00eda\\\/bocina-turbosound-mod-ts-12w350-8w\\\/\",\"name\":\"BOCINA TURBOSOUND MOD. TS-12W350\\\/8W - Mexican Guitar Players\",\"isPartOf\":{\"@id\":\"https:\\\/\\\/www.mexicanguitarplayers.com\\\/#website\"},\"primaryImageOfPage\":{\"@id\":\"https:\\\/\\\/www.mexicanguitarplayers.com\\\/tienda\\\/sin categor\u00eda\\\/bocina-turbosound-mod-ts-12w350-8w\\\/#primaryimage\"},\"image\":{\"@id\":\"https:\\\/\\\/www.mexicanguitarplayers.com\\\/tienda\\\/sin categor\u00eda\\\/bocina-turbosound-mod-ts-12w350-8w\\\/#primaryimage\"},\"thumbnailUrl\":\"https:\\\/\\\/www.mexicanguitarplayers.com\\\/wp-content\\\/uploads\\\/2025\\\/04\\\/IATURTS12W358W.jpg\",\"datePublished\":\"2025-04-09T04:20:07+00:00\",\"dateModified\":\"2026-02-18T10:18:46+00:00\",\"description\":\"El altavoz de baja frecuencia de 12 pulgadas para aplicaciones de PA ofrece una potencia continua de 350 vatios RMS y una potencia m\u00e1xima de 1,400 vatios pico, con una impedancia de 8 ohmios. Con un rango de frecuencia que va desde 51 Hz hasta 3 kHz, proporciona una respuesta de sonido amplia y din\u00e1mica. La sensibilidad de 95 dB a 1 vatio a 1 metro garantiza una reproducci\u00f3n de audio clara y potente. Su resistente marco de aluminio fundido a presi\u00f3n y su di\u00e1metro total de 316 mm lo hacen ideal para aplicaciones de sonido profesional en vivo y en estudio.\",\"breadcrumb\":{\"@id\":\"https:\\\/\\\/www.mexicanguitarplayers.com\\\/tienda\\\/sin categor\u00eda\\\/bocina-turbosound-mod-ts-12w350-8w\\\/#breadcrumb\"},\"inLanguage\":\"en-US\",\"potentialAction\":[{\"@type\":\"ReadAction\",\"target\":[\"https:\\\/\\\/www.mexicanguitarplayers.com\\\/tienda\\\/sin categor\u00eda\\\/bocina-turbosound-mod-ts-12w350-8w\\\/\"]}]},{\"@type\":\"ImageObject\",\"inLanguage\":\"en-US\",\"@id\":\"https:\\\/\\\/www.mexicanguitarplayers.com\\\/tienda\\\/sin categor\u00eda\\\/bocina-turbosound-mod-ts-12w350-8w\\\/#primaryimage\",\"url\":\"https:\\\/\\\/www.mexicanguitarplayers.com\\\/wp-content\\\/uploads\\\/2025\\\/04\\\/IATURTS12W358W.jpg\",\"contentUrl\":\"https:\\\/\\\/www.mexicanguitarplayers.com\\\/wp-content\\\/uploads\\\/2025\\\/04\\\/IATURTS12W358W.jpg\",\"width\":1200,\"height\":1200},{\"@type\":\"BreadcrumbList\",\"@id\":\"https:\\\/\\\/www.mexicanguitarplayers.com\\\/tienda\\\/sin categor\u00eda\\\/bocina-turbosound-mod-ts-12w350-8w\\\/#breadcrumb\",\"itemListElement\":[{\"@type\":\"ListItem\",\"position\":1,\"name\":\"Portada\",\"item\":\"https:\\\/\\\/www.mexicanguitarplayers.com\\\/\"},{\"@type\":\"ListItem\",\"position\":2,\"name\":\"Tienda\",\"item\":\"https:\\\/\\\/www.mexicanguitarplayers.com\\\/tienda\\\/\"},{\"@type\":\"ListItem\",\"position\":3,\"name\":\"BOCINA TURBOSOUND MOD. TS-12W350\\\/8W\"}]},{\"@type\":\"WebSite\",\"@id\":\"https:\\\/\\\/www.mexicanguitarplayers.com\\\/#website\",\"url\":\"https:\\\/\\\/www.mexicanguitarplayers.com\\\/\",\"name\":\"Mexican Guitar Players\",\"description\":\"Website\",\"publisher\":{\"@id\":\"https:\\\/\\\/www.mexicanguitarplayers.com\\\/#organization\"},\"potentialAction\":[{\"@type\":\"SearchAction\",\"target\":{\"@type\":\"EntryPoint\",\"urlTemplate\":\"https:\\\/\\\/www.mexicanguitarplayers.com\\\/?s={search_term_string}\"},\"query-input\":{\"@type\":\"PropertyValueSpecification\",\"valueRequired\":true,\"valueName\":\"search_term_string\"}}],\"inLanguage\":\"en-US\"},{\"@type\":\"Organization\",\"@id\":\"https:\\\/\\\/www.mexicanguitarplayers.com\\\/#organization\",\"name\":\"Mexican Guitar Players\",\"url\":\"https:\\\/\\\/www.mexicanguitarplayers.com\\\/\",\"logo\":{\"@type\":\"ImageObject\",\"inLanguage\":\"en-US\",\"@id\":\"https:\\\/\\\/www.mexicanguitarplayers.com\\\/#\\\/schema\\\/logo\\\/image\\\/\",\"url\":\"\",\"contentUrl\":\"\",\"caption\":\"Mexican Guitar Players\"},\"image\":{\"@id\":\"https:\\\/\\\/www.mexicanguitarplayers.com\\\/#\\\/schema\\\/logo\\\/image\\\/\"}}]}<\/script>\n<!-- \/ Yoast SEO plugin. -->","yoast_head_json":{"title":"BOCINA TURBOSOUND MOD. TS-12W350\/8W - Mexican Guitar Players","description":"El altavoz de baja frecuencia de 12 pulgadas para aplicaciones de PA ofrece una potencia continua de 350 vatios RMS y una potencia m\u00e1xima de 1,400 vatios pico, con una impedancia de 8 ohmios. Con un rango de frecuencia que va desde 51 Hz hasta 3 kHz, proporciona una respuesta de sonido amplia y din\u00e1mica. La sensibilidad de 95 dB a 1 vatio a 1 metro garantiza una reproducci\u00f3n de audio clara y potente. Su resistente marco de aluminio fundido a presi\u00f3n y su di\u00e1metro total de 316 mm lo hacen ideal para aplicaciones de sonido profesional en vivo y en estudio.","robots":{"index":"index","follow":"follow","max-snippet":"max-snippet:-1","max-image-preview":"max-image-preview:large","max-video-preview":"max-video-preview:-1"},"canonical":"https:\/\/www.mexicanguitarplayers.com\/en\/tienda\/sin categor\u00eda\/bocina-turbosound-mod-ts-12w350-8w\/","og_locale":"en_US","og_type":"article","og_title":"BOCINA TURBOSOUND MOD. TS-12W350\/8W - Mexican Guitar Players","og_description":"El altavoz de baja frecuencia de 12 pulgadas para aplicaciones de PA ofrece una potencia continua de 350 vatios RMS y una potencia m\u00e1xima de 1,400 vatios pico, con una impedancia de 8 ohmios. Con un rango de frecuencia que va desde 51 Hz hasta 3 kHz, proporciona una respuesta de sonido amplia y din\u00e1mica. La sensibilidad de 95 dB a 1 vatio a 1 metro garantiza una reproducci\u00f3n de audio clara y potente. Su resistente marco de aluminio fundido a presi\u00f3n y su di\u00e1metro total de 316 mm lo hacen ideal para aplicaciones de sonido profesional en vivo y en estudio.","og_url":"https:\/\/www.mexicanguitarplayers.com\/en\/tienda\/sin categor\u00eda\/bocina-turbosound-mod-ts-12w350-8w\/","og_site_name":"Mexican Guitar Players","article_modified_time":"2026-02-18T10:18:46+00:00","twitter_card":"summary_large_image","twitter_misc":{"Est. reading time":"1 minute"},"schema":{"@context":"https:\/\/schema.org","@graph":[{"@type":["WebPage","ItemPage"],"@id":"https:\/\/www.mexicanguitarplayers.com\/tienda\/sin categor\u00eda\/bocina-turbosound-mod-ts-12w350-8w\/","url":"https:\/\/www.mexicanguitarplayers.com\/tienda\/sin categor\u00eda\/bocina-turbosound-mod-ts-12w350-8w\/","name":"BOCINA TURBOSOUND MOD. TS-12W350\/8W - Mexican Guitar Players","isPartOf":{"@id":"https:\/\/www.mexicanguitarplayers.com\/#website"},"primaryImageOfPage":{"@id":"https:\/\/www.mexicanguitarplayers.com\/tienda\/sin categor\u00eda\/bocina-turbosound-mod-ts-12w350-8w\/#primaryimage"},"image":{"@id":"https:\/\/www.mexicanguitarplayers.com\/tienda\/sin categor\u00eda\/bocina-turbosound-mod-ts-12w350-8w\/#primaryimage"},"thumbnailUrl":"https:\/\/www.mexicanguitarplayers.com\/wp-content\/uploads\/2025\/04\/IATURTS12W358W.jpg","datePublished":"2025-04-09T04:20:07+00:00","dateModified":"2026-02-18T10:18:46+00:00","description":"El altavoz de baja frecuencia de 12 pulgadas para aplicaciones de PA ofrece una potencia continua de 350 vatios RMS y una potencia m\u00e1xima de 1,400 vatios pico, con una impedancia de 8 ohmios. Con un rango de frecuencia que va desde 51 Hz hasta 3 kHz, proporciona una respuesta de sonido amplia y din\u00e1mica. La sensibilidad de 95 dB a 1 vatio a 1 metro garantiza una reproducci\u00f3n de audio clara y potente. Su resistente marco de aluminio fundido a presi\u00f3n y su di\u00e1metro total de 316 mm lo hacen ideal para aplicaciones de sonido profesional en vivo y en estudio.","breadcrumb":{"@id":"https:\/\/www.mexicanguitarplayers.com\/tienda\/sin categor\u00eda\/bocina-turbosound-mod-ts-12w350-8w\/#breadcrumb"},"inLanguage":"en-US","potentialAction":[{"@type":"ReadAction","target":["https:\/\/www.mexicanguitarplayers.com\/tienda\/sin categor\u00eda\/bocina-turbosound-mod-ts-12w350-8w\/"]}]},{"@type":"ImageObject","inLanguage":"en-US","@id":"https:\/\/www.mexicanguitarplayers.com\/tienda\/sin categor\u00eda\/bocina-turbosound-mod-ts-12w350-8w\/#primaryimage","url":"https:\/\/www.mexicanguitarplayers.com\/wp-content\/uploads\/2025\/04\/IATURTS12W358W.jpg","contentUrl":"https:\/\/www.mexicanguitarplayers.com\/wp-content\/uploads\/2025\/04\/IATURTS12W358W.jpg","width":1200,"height":1200},{"@type":"BreadcrumbList","@id":"https:\/\/www.mexicanguitarplayers.com\/tienda\/sin categor\u00eda\/bocina-turbosound-mod-ts-12w350-8w\/#breadcrumb","itemListElement":[{"@type":"ListItem","position":1,"name":"Portada","item":"https:\/\/www.mexicanguitarplayers.com\/"},{"@type":"ListItem","position":2,"name":"Tienda","item":"https:\/\/www.mexicanguitarplayers.com\/tienda\/"},{"@type":"ListItem","position":3,"name":"BOCINA TURBOSOUND MOD. TS-12W350\/8W"}]},{"@type":"WebSite","@id":"https:\/\/www.mexicanguitarplayers.com\/#website","url":"https:\/\/www.mexicanguitarplayers.com\/","name":"Mexican Guitar Players","description":"Website","publisher":{"@id":"https:\/\/www.mexicanguitarplayers.com\/#organization"},"potentialAction":[{"@type":"SearchAction","target":{"@type":"EntryPoint","urlTemplate":"https:\/\/www.mexicanguitarplayers.com\/?s={search_term_string}"},"query-input":{"@type":"PropertyValueSpecification","valueRequired":true,"valueName":"search_term_string"}}],"inLanguage":"en-US"},{"@type":"Organization","@id":"https:\/\/www.mexicanguitarplayers.com\/#organization","name":"Mexican Guitar Players","url":"https:\/\/www.mexicanguitarplayers.com\/","logo":{"@type":"ImageObject","inLanguage":"en-US","@id":"https:\/\/www.mexicanguitarplayers.com\/#\/schema\/logo\/image\/","url":"","contentUrl":"","caption":"Mexican Guitar Players"},"image":{"@id":"https:\/\/www.mexicanguitarplayers.com\/#\/schema\/logo\/image\/"}}]}},"brands":[{"id":498,"name":"TURBO SOUND","slug":"turbosound"}],"_links":{"self":[{"href":"https:\/\/www.mexicanguitarplayers.com\/en\/wp-json\/wp\/v2\/product\/35736","targetHints":{"allow":["GET"]}}],"collection":[{"href":"https:\/\/www.mexicanguitarplayers.com\/en\/wp-json\/wp\/v2\/product"}],"about":[{"href":"https:\/\/www.mexicanguitarplayers.com\/en\/wp-json\/wp\/v2\/types\/product"}],"replies":[{"embeddable":true,"href":"https:\/\/www.mexicanguitarplayers.com\/en\/wp-json\/wp\/v2\/comments?post=35736"}],"wp:featuredmedia":[{"embeddable":true,"href":"https:\/\/www.mexicanguitarplayers.com\/en\/wp-json\/wp\/v2\/media\/35731"}],"wp:attachment":[{"href":"https:\/\/www.mexicanguitarplayers.com\/en\/wp-json\/wp\/v2\/media?parent=35736"}],"wp:term":[{"taxonomy":"pwb-brand","embeddable":true,"href":"https:\/\/www.mexicanguitarplayers.com\/en\/wp-json\/wp\/v2\/pwb-brand?post=35736"},{"taxonomy":"product_brand","embeddable":true,"href":"https:\/\/www.mexicanguitarplayers.com\/en\/wp-json\/wp\/v2\/product_brand?post=35736"},{"taxonomy":"product_cat","embeddable":true,"href":"https:\/\/www.mexicanguitarplayers.com\/en\/wp-json\/wp\/v2\/product_cat?post=35736"},{"taxonomy":"product_tag","embeddable":true,"href":"https:\/\/www.mexicanguitarplayers.com\/en\/wp-json\/wp\/v2\/product_tag?post=35736"}],"curies":[{"name":"wp","href":"https:\/\/api.w.org\/{rel}","templated":true}]}}