{"id":35752,"date":"2025-04-08T22:20:27","date_gmt":"2025-04-09T04:20:27","guid":{"rendered":"https:\/\/www.mexicanguitarplayers.com\/tienda\/sin categor\u00eda\/estuche-skb-p-equipo-div-3i-3021-18bc\/"},"modified":"2026-04-10T04:27:50","modified_gmt":"2026-04-10T10:27:50","slug":"estuche-skb-p-equipo-div-3i-3021-18bc","status":"publish","type":"product","link":"https:\/\/www.mexicanguitarplayers.com\/en\/tienda\/accesorios\/varios\/estuche-skb-p-equipo-div-3i-3021-18bc\/","title":{"rendered":"ESTUCHE SKB P\/EQUIPO DIV. 3I-3021-18BC"},"content":{"rendered":"<div style=\"text-align: justify\">\n<div>\n<h3>Resistencia y seguridad.<\/h3>\n<\/div>\n<div>El estuche 3I-3021-18 Pro Audio Utility mide 30&#8243; pulgadas de largo, 21&#8243; de ancho y 18&#8243;de profundidad. Est\u00e1 moldeado con resina de copol\u00edmero de polipropileno de ultra alta resistencia y cuenta con un dise\u00f1o sumergible (IP67) resistente a la corrosi\u00f3n y a los impactos por da\u00f1o y una v\u00e1lvula de igualaci\u00f3n de la presi\u00f3n ambiental autom\u00e1tico (MIL-STD-648C) para ayudar al control de la humedad. Este tama\u00f1o de la serie iSize es un nuevo tama\u00f1o que se est\u00e1 produciendo en  el sistema de moldeado de inyecci\u00f3n hidr\u00e1ulica de ahorro de energ\u00eda en la f\u00e1brica de SKB en Orange, California. Este sistema de inyecci\u00f3n es uno de los m\u00e1s grandes y eficientes de los Estados Unidos. El estuche 3I-3021-18BC Pro Audio Utility con espuma cuenta tambi\u00e9n con tres bisagras protegidas con pasadores de acero inoxidable para proporcionar estabilidad en la tapa, la cerradura de seguridad de SKB puede ser ampliada con cerraduras TSA, asa de transporte de doble agarre sobredimensionado para equilibrar la carga pesada y manijas sobre moldeadas de goma a presi\u00f3n para cada extremo para poder ser transportado por dos personas. Mango de gran tama\u00f1o de alta resistencia  y ruedas dobles ofrecen una soluci\u00f3n perfecta para una protecci\u00f3n c\u00f3moda y segura de equipo de audio profesional, equipo de video, lentes o equipo t\u00e9cnico.<\/div>\n<div>\n<h4>Quick look<\/h4>\n<\/div>\n<ul style=\"margin: 0px 0px 0px 25px\">\n<li style=\"list-style-type: circle;margin: 5px\">Longitud interior.<\/li>\n<li style=\"list-style-type: circle;margin: 5px\">Ancho interior.<\/li>\n<li style=\"list-style-type: circle;margin: 5px\">Profundidad interior.<\/li>\n<li style=\"list-style-type: circle;margin: 5px\">Longitud exterior.<\/li>\n<li style=\"list-style-type: circle;margin: 5px\">Ancho exterior.<\/li>\n<li style=\"list-style-type: circle;margin: 5px\">Profundidad exterior.<\/li>\n<li style=\"list-style-type: circle;margin: 5px\">Profundidad en la tapa.<\/li>\n<li style=\"list-style-type: circle;margin: 5px\">Profundidad en la base.<\/li>\n<li style=\"list-style-type: circle;margin: 5px\">Weight.<\/li>\n<\/ul>\n<div>\n<div style=\"font-weight: bold\">Longitud interior.<\/div>\n<div>\n<p>76.20 cm.<\/p>\n<\/div>\n<div style=\"font-weight: bold\">Ancho interior.<\/div>\n<div>\n<p>53.34 cm.<\/p>\n<\/div>\n<div style=\"font-weight: bold\">Profundidad interior.<\/div>\n<div>\n<p>45.72 cm.<\/p>\n<\/div>\n<div style=\"font-weight: bold\">Longitud exterior.<\/div>\n<div>\n<p>83.67 cm.<\/p>\n<\/div>\n<div style=\"font-weight: bold\">Ancho exterior.<\/div>\n<div>\n<p>59.77 cm.<\/p>\n<\/div>\n<div style=\"font-weight: bold\">Profundidad exterior.<\/div>\n<div>\n<p>47.93 cm.<\/p>\n<\/div>\n<div style=\"font-weight: bold\">Profundidad en la tapa.<\/div>\n<div>\n<p>5.08 cm.<\/p>\n<\/div>\n<div style=\"font-weight: bold\">Profundidad en la base.<\/div>\n<div>\n<p>40.64 cm.<\/p>\n<\/div>\n<div style=\"font-weight: bold\">Weight.<\/div>\n<div>\n<p>16.78 kg.<\/p>\n<\/div>\n<\/div>\n<div>\n<h4>Characteristics<\/h4>\n<\/div>\n<div>\n<ul style=\"margin: 0px 0px 0px 25px\">\n<li style=\"list-style-type: circle;margin: 5px\">Interior de espuma en cubos para personalizaci\u00f3n.<\/li>\n<li style=\"list-style-type: circle;margin: 5px\">Asas de alta resistencia y ruedas dobles.<\/li>\n<li style=\"list-style-type: circle;margin: 5px\">Resina de copol\u00edmero de polipropileno de ultra alta resistencia.<\/li>\n<li style=\"list-style-type: circle;margin: 5px\">Resistente al agua, rayos UV y hongos.<\/li>\n<li style=\"list-style-type: circle;margin: 5px\">Junta sellada para hacerlo totalmente herm\u00e9tico.<\/li>\n<li style=\"list-style-type: circle;margin: 5px\">Compensaci\u00f3n de presi\u00f3n ambiental autom\u00e1tica.<\/li>\n<li style=\"list-style-type: circle;margin: 5px\">Resistente a la corrosi\u00f3n e impactos.<\/li>\n<li style=\"list-style-type: circle;margin: 5px\">Bisagras moldeadas.<\/li>\n<li style=\"list-style-type: circle;margin: 5px\">Sistema de cerradura de seguridad TSA.<\/li>\n<li style=\"list-style-type: circle;margin: 5px\">Pueden instalarse cerraduras TSA aceptadas.<\/li>\n<\/ul>\n<\/div>\n<\/div>","protected":false},"excerpt":{"rendered":"<p>Estuche para equipo de audio, video, lentes o equipo t\u00e9cnico, interior de espuma en cubos, asas de alta resistencia, ruedas dobles, resina de copol\u00edmero de polipropileno de ultra alta resistencia, resistente al agua, rayos UV, hongos, corrosi\u00f3n e impactos, totalmente herm\u00e9tico, bisagras moldeadas, sistema de cerradura de seguridad TSA, longitud interior: 76.20 cm, ancho interior: 53.34 cm, profundidad interior: 45.72 cm, longitud exterior: 83.67 cm, ancho exterior: 59.77 cm, profundidad exterior: 47.93 cm, profundidad en la tapa: 5.08 cm, profundidad en la base: 40.64 cm, peso: 16.78 kg.&hellip; <a class=\"kt-excerpt-readmore more-link\" href=\"https:\/\/www.mexicanguitarplayers.com\/en\/tienda\/accesorios\/varios\/estuche-skb-p-equipo-div-3i-3021-18bc\/\">Read more<\/a><\/p>","protected":false},"featured_media":35749,"comment_status":"open","ping_status":"closed","template":"","meta":{"kt_blocks_editor_width":""},"pwb-brand":[609],"product_brand":[],"product_cat":[85,517,249],"product_tag":[],"class_list":{"0":"post-35752","1":"product","2":"type-product","3":"status-publish","4":"has-post-thumbnail","6":"pwb-brand-skb","7":"product_cat-accesorios","8":"product_cat-estuches-y-fundas","9":"product_cat-varios","10":"product_shipping_class-15-20-kg","12":"first","13":"outofstock","14":"taxable","15":"shipping-taxable","16":"purchasable","17":"product-type-simple"},"yoast_head":"<!-- This site is optimized with the Yoast SEO plugin v27.6 - https:\/\/yoast.com\/product\/yoast-seo-wordpress\/ -->\n<title>ESTUCHE SKB P\/EQUIPO DIV. 3I-3021-18BC - Mexican Guitar Players<\/title>\n<meta name=\"description\" content=\"Estuche para equipo de audio, video, lentes o equipo t\u00e9cnico, interior de espuma en cubos, asas de alta resistencia, ruedas dobles, resina de copol\u00edmero de polipropileno de ultra alta resistencia, resistente al agua, rayos UV, hongos, corrosi\u00f3n e impactos, totalmente herm\u00e9tico, bisagras moldeadas, sistema de cerradura de seguridad TSA, longitud interior: 76.20 cm, ancho interior: 53.34 cm, profundidad interior: 45.72 cm, longitud exterior: 83.67 cm, ancho exterior: 59.77 cm, profundidad exterior: 47.93 cm, profundidad en la tapa: 5.08 cm, profundidad en la base: 40.64 cm, peso: 16.78 kg.\" \/>\n<meta name=\"robots\" content=\"index, follow, max-snippet:-1, max-image-preview:large, max-video-preview:-1\" \/>\n<link rel=\"canonical\" href=\"https:\/\/www.mexicanguitarplayers.com\/en\/tienda\/sin%20categor\u00eda\/estuche-skb-p-equipo-div-3i-3021-18bc\/\" \/>\n<meta property=\"og:locale\" content=\"en_US\" \/>\n<meta property=\"og:type\" content=\"article\" \/>\n<meta property=\"og:title\" content=\"ESTUCHE SKB P\/EQUIPO DIV. 3I-3021-18BC - Mexican Guitar Players\" \/>\n<meta property=\"og:description\" content=\"Estuche para equipo de audio, video, lentes o equipo t\u00e9cnico, interior de espuma en cubos, asas de alta resistencia, ruedas dobles, resina de copol\u00edmero de polipropileno de ultra alta resistencia, resistente al agua, rayos UV, hongos, corrosi\u00f3n e impactos, totalmente herm\u00e9tico, bisagras moldeadas, sistema de cerradura de seguridad TSA, longitud interior: 76.20 cm, ancho interior: 53.34 cm, profundidad interior: 45.72 cm, longitud exterior: 83.67 cm, ancho exterior: 59.77 cm, profundidad exterior: 47.93 cm, profundidad en la tapa: 5.08 cm, profundidad en la base: 40.64 cm, peso: 16.78 kg.\" \/>\n<meta property=\"og:url\" content=\"https:\/\/www.mexicanguitarplayers.com\/en\/tienda\/sin categor\u00eda\/estuche-skb-p-equipo-div-3i-3021-18bc\/\" \/>\n<meta property=\"og:site_name\" content=\"Mexican Guitar Players\" \/>\n<meta property=\"article:modified_time\" content=\"2026-04-10T10:27:50+00:00\" \/>\n<meta name=\"twitter:card\" content=\"summary_large_image\" \/>\n<meta name=\"twitter:label1\" content=\"Est. reading time\" \/>\n\t<meta name=\"twitter:data1\" content=\"2 minutes\" \/>\n<script type=\"application\/ld+json\" class=\"yoast-schema-graph\">{\"@context\":\"https:\\\/\\\/schema.org\",\"@graph\":[{\"@type\":[\"WebPage\",\"ItemPage\"],\"@id\":\"https:\\\/\\\/www.mexicanguitarplayers.com\\\/tienda\\\/sin categor\u00eda\\\/estuche-skb-p-equipo-div-3i-3021-18bc\\\/\",\"url\":\"https:\\\/\\\/www.mexicanguitarplayers.com\\\/tienda\\\/sin categor\u00eda\\\/estuche-skb-p-equipo-div-3i-3021-18bc\\\/\",\"name\":\"ESTUCHE SKB P\\\/EQUIPO DIV. 3I-3021-18BC - Mexican Guitar Players\",\"isPartOf\":{\"@id\":\"https:\\\/\\\/www.mexicanguitarplayers.com\\\/#website\"},\"primaryImageOfPage\":{\"@id\":\"https:\\\/\\\/www.mexicanguitarplayers.com\\\/tienda\\\/sin categor\u00eda\\\/estuche-skb-p-equipo-div-3i-3021-18bc\\\/#primaryimage\"},\"image\":{\"@id\":\"https:\\\/\\\/www.mexicanguitarplayers.com\\\/tienda\\\/sin categor\u00eda\\\/estuche-skb-p-equipo-div-3i-3021-18bc\\\/#primaryimage\"},\"thumbnailUrl\":\"https:\\\/\\\/www.mexicanguitarplayers.com\\\/wp-content\\\/uploads\\\/2025\\\/04\\\/VASKB3302118BC.jpg\",\"datePublished\":\"2025-04-09T04:20:27+00:00\",\"dateModified\":\"2026-04-10T10:27:50+00:00\",\"description\":\"Estuche para equipo de audio, video, lentes o equipo t\u00e9cnico, interior de espuma en cubos, asas de alta resistencia, ruedas dobles, resina de copol\u00edmero de polipropileno de ultra alta resistencia, resistente al agua, rayos UV, hongos, corrosi\u00f3n e impactos, totalmente herm\u00e9tico, bisagras moldeadas, sistema de cerradura de seguridad TSA, longitud interior: 76.20 cm, ancho interior: 53.34 cm, profundidad interior: 45.72 cm, longitud exterior: 83.67 cm, ancho exterior: 59.77 cm, profundidad exterior: 47.93 cm, profundidad en la tapa: 5.08 cm, profundidad en la base: 40.64 cm, peso: 16.78 kg.\",\"breadcrumb\":{\"@id\":\"https:\\\/\\\/www.mexicanguitarplayers.com\\\/tienda\\\/sin categor\u00eda\\\/estuche-skb-p-equipo-div-3i-3021-18bc\\\/#breadcrumb\"},\"inLanguage\":\"en-US\",\"potentialAction\":[{\"@type\":\"ReadAction\",\"target\":[\"https:\\\/\\\/www.mexicanguitarplayers.com\\\/tienda\\\/sin categor\u00eda\\\/estuche-skb-p-equipo-div-3i-3021-18bc\\\/\"]}]},{\"@type\":\"ImageObject\",\"inLanguage\":\"en-US\",\"@id\":\"https:\\\/\\\/www.mexicanguitarplayers.com\\\/tienda\\\/sin categor\u00eda\\\/estuche-skb-p-equipo-div-3i-3021-18bc\\\/#primaryimage\",\"url\":\"https:\\\/\\\/www.mexicanguitarplayers.com\\\/wp-content\\\/uploads\\\/2025\\\/04\\\/VASKB3302118BC.jpg\",\"contentUrl\":\"https:\\\/\\\/www.mexicanguitarplayers.com\\\/wp-content\\\/uploads\\\/2025\\\/04\\\/VASKB3302118BC.jpg\",\"width\":1200,\"height\":1200},{\"@type\":\"BreadcrumbList\",\"@id\":\"https:\\\/\\\/www.mexicanguitarplayers.com\\\/tienda\\\/sin categor\u00eda\\\/estuche-skb-p-equipo-div-3i-3021-18bc\\\/#breadcrumb\",\"itemListElement\":[{\"@type\":\"ListItem\",\"position\":1,\"name\":\"Portada\",\"item\":\"https:\\\/\\\/www.mexicanguitarplayers.com\\\/\"},{\"@type\":\"ListItem\",\"position\":2,\"name\":\"Tienda\",\"item\":\"https:\\\/\\\/www.mexicanguitarplayers.com\\\/tienda\\\/\"},{\"@type\":\"ListItem\",\"position\":3,\"name\":\"ESTUCHE SKB P\\\/EQUIPO DIV. 3I-3021-18BC\"}]},{\"@type\":\"WebSite\",\"@id\":\"https:\\\/\\\/www.mexicanguitarplayers.com\\\/#website\",\"url\":\"https:\\\/\\\/www.mexicanguitarplayers.com\\\/\",\"name\":\"Mexican Guitar Players\",\"description\":\"Website\",\"publisher\":{\"@id\":\"https:\\\/\\\/www.mexicanguitarplayers.com\\\/#organization\"},\"potentialAction\":[{\"@type\":\"SearchAction\",\"target\":{\"@type\":\"EntryPoint\",\"urlTemplate\":\"https:\\\/\\\/www.mexicanguitarplayers.com\\\/?s={search_term_string}\"},\"query-input\":{\"@type\":\"PropertyValueSpecification\",\"valueRequired\":true,\"valueName\":\"search_term_string\"}}],\"inLanguage\":\"en-US\"},{\"@type\":\"Organization\",\"@id\":\"https:\\\/\\\/www.mexicanguitarplayers.com\\\/#organization\",\"name\":\"Mexican Guitar Players\",\"url\":\"https:\\\/\\\/www.mexicanguitarplayers.com\\\/\",\"logo\":{\"@type\":\"ImageObject\",\"inLanguage\":\"en-US\",\"@id\":\"https:\\\/\\\/www.mexicanguitarplayers.com\\\/#\\\/schema\\\/logo\\\/image\\\/\",\"url\":\"\",\"contentUrl\":\"\",\"caption\":\"Mexican Guitar Players\"},\"image\":{\"@id\":\"https:\\\/\\\/www.mexicanguitarplayers.com\\\/#\\\/schema\\\/logo\\\/image\\\/\"}}]}<\/script>\n<!-- \/ Yoast SEO plugin. -->","yoast_head_json":{"title":"ESTUCHE SKB P\/EQUIPO DIV. 3I-3021-18BC - Mexican Guitar Players","description":"Estuche para equipo de audio, video, lentes o equipo t\u00e9cnico, interior de espuma en cubos, asas de alta resistencia, ruedas dobles, resina de copol\u00edmero de polipropileno de ultra alta resistencia, resistente al agua, rayos UV, hongos, corrosi\u00f3n e impactos, totalmente herm\u00e9tico, bisagras moldeadas, sistema de cerradura de seguridad TSA, longitud interior: 76.20 cm, ancho interior: 53.34 cm, profundidad interior: 45.72 cm, longitud exterior: 83.67 cm, ancho exterior: 59.77 cm, profundidad exterior: 47.93 cm, profundidad en la tapa: 5.08 cm, profundidad en la base: 40.64 cm, peso: 16.78 kg.","robots":{"index":"index","follow":"follow","max-snippet":"max-snippet:-1","max-image-preview":"max-image-preview:large","max-video-preview":"max-video-preview:-1"},"canonical":"https:\/\/www.mexicanguitarplayers.com\/en\/tienda\/sin categor\u00eda\/estuche-skb-p-equipo-div-3i-3021-18bc\/","og_locale":"en_US","og_type":"article","og_title":"ESTUCHE SKB P\/EQUIPO DIV. 3I-3021-18BC - Mexican Guitar Players","og_description":"Estuche para equipo de audio, video, lentes o equipo t\u00e9cnico, interior de espuma en cubos, asas de alta resistencia, ruedas dobles, resina de copol\u00edmero de polipropileno de ultra alta resistencia, resistente al agua, rayos UV, hongos, corrosi\u00f3n e impactos, totalmente herm\u00e9tico, bisagras moldeadas, sistema de cerradura de seguridad TSA, longitud interior: 76.20 cm, ancho interior: 53.34 cm, profundidad interior: 45.72 cm, longitud exterior: 83.67 cm, ancho exterior: 59.77 cm, profundidad exterior: 47.93 cm, profundidad en la tapa: 5.08 cm, profundidad en la base: 40.64 cm, peso: 16.78 kg.","og_url":"https:\/\/www.mexicanguitarplayers.com\/en\/tienda\/sin categor\u00eda\/estuche-skb-p-equipo-div-3i-3021-18bc\/","og_site_name":"Mexican Guitar Players","article_modified_time":"2026-04-10T10:27:50+00:00","twitter_card":"summary_large_image","twitter_misc":{"Est. reading time":"2 minutes"},"schema":{"@context":"https:\/\/schema.org","@graph":[{"@type":["WebPage","ItemPage"],"@id":"https:\/\/www.mexicanguitarplayers.com\/tienda\/sin categor\u00eda\/estuche-skb-p-equipo-div-3i-3021-18bc\/","url":"https:\/\/www.mexicanguitarplayers.com\/tienda\/sin categor\u00eda\/estuche-skb-p-equipo-div-3i-3021-18bc\/","name":"ESTUCHE SKB P\/EQUIPO DIV. 3I-3021-18BC - Mexican Guitar Players","isPartOf":{"@id":"https:\/\/www.mexicanguitarplayers.com\/#website"},"primaryImageOfPage":{"@id":"https:\/\/www.mexicanguitarplayers.com\/tienda\/sin categor\u00eda\/estuche-skb-p-equipo-div-3i-3021-18bc\/#primaryimage"},"image":{"@id":"https:\/\/www.mexicanguitarplayers.com\/tienda\/sin categor\u00eda\/estuche-skb-p-equipo-div-3i-3021-18bc\/#primaryimage"},"thumbnailUrl":"https:\/\/www.mexicanguitarplayers.com\/wp-content\/uploads\/2025\/04\/VASKB3302118BC.jpg","datePublished":"2025-04-09T04:20:27+00:00","dateModified":"2026-04-10T10:27:50+00:00","description":"Estuche para equipo de audio, video, lentes o equipo t\u00e9cnico, interior de espuma en cubos, asas de alta resistencia, ruedas dobles, resina de copol\u00edmero de polipropileno de ultra alta resistencia, resistente al agua, rayos UV, hongos, corrosi\u00f3n e impactos, totalmente herm\u00e9tico, bisagras moldeadas, sistema de cerradura de seguridad TSA, longitud interior: 76.20 cm, ancho interior: 53.34 cm, profundidad interior: 45.72 cm, longitud exterior: 83.67 cm, ancho exterior: 59.77 cm, profundidad exterior: 47.93 cm, profundidad en la tapa: 5.08 cm, profundidad en la base: 40.64 cm, peso: 16.78 kg.","breadcrumb":{"@id":"https:\/\/www.mexicanguitarplayers.com\/tienda\/sin categor\u00eda\/estuche-skb-p-equipo-div-3i-3021-18bc\/#breadcrumb"},"inLanguage":"en-US","potentialAction":[{"@type":"ReadAction","target":["https:\/\/www.mexicanguitarplayers.com\/tienda\/sin categor\u00eda\/estuche-skb-p-equipo-div-3i-3021-18bc\/"]}]},{"@type":"ImageObject","inLanguage":"en-US","@id":"https:\/\/www.mexicanguitarplayers.com\/tienda\/sin categor\u00eda\/estuche-skb-p-equipo-div-3i-3021-18bc\/#primaryimage","url":"https:\/\/www.mexicanguitarplayers.com\/wp-content\/uploads\/2025\/04\/VASKB3302118BC.jpg","contentUrl":"https:\/\/www.mexicanguitarplayers.com\/wp-content\/uploads\/2025\/04\/VASKB3302118BC.jpg","width":1200,"height":1200},{"@type":"BreadcrumbList","@id":"https:\/\/www.mexicanguitarplayers.com\/tienda\/sin categor\u00eda\/estuche-skb-p-equipo-div-3i-3021-18bc\/#breadcrumb","itemListElement":[{"@type":"ListItem","position":1,"name":"Portada","item":"https:\/\/www.mexicanguitarplayers.com\/"},{"@type":"ListItem","position":2,"name":"Tienda","item":"https:\/\/www.mexicanguitarplayers.com\/tienda\/"},{"@type":"ListItem","position":3,"name":"ESTUCHE SKB P\/EQUIPO DIV. 3I-3021-18BC"}]},{"@type":"WebSite","@id":"https:\/\/www.mexicanguitarplayers.com\/#website","url":"https:\/\/www.mexicanguitarplayers.com\/","name":"Mexican Guitar Players","description":"Website","publisher":{"@id":"https:\/\/www.mexicanguitarplayers.com\/#organization"},"potentialAction":[{"@type":"SearchAction","target":{"@type":"EntryPoint","urlTemplate":"https:\/\/www.mexicanguitarplayers.com\/?s={search_term_string}"},"query-input":{"@type":"PropertyValueSpecification","valueRequired":true,"valueName":"search_term_string"}}],"inLanguage":"en-US"},{"@type":"Organization","@id":"https:\/\/www.mexicanguitarplayers.com\/#organization","name":"Mexican Guitar Players","url":"https:\/\/www.mexicanguitarplayers.com\/","logo":{"@type":"ImageObject","inLanguage":"en-US","@id":"https:\/\/www.mexicanguitarplayers.com\/#\/schema\/logo\/image\/","url":"","contentUrl":"","caption":"Mexican Guitar Players"},"image":{"@id":"https:\/\/www.mexicanguitarplayers.com\/#\/schema\/logo\/image\/"}}]}},"brands":[{"id":609,"name":"SKB","slug":"skb"}],"_links":{"self":[{"href":"https:\/\/www.mexicanguitarplayers.com\/en\/wp-json\/wp\/v2\/product\/35752","targetHints":{"allow":["GET"]}}],"collection":[{"href":"https:\/\/www.mexicanguitarplayers.com\/en\/wp-json\/wp\/v2\/product"}],"about":[{"href":"https:\/\/www.mexicanguitarplayers.com\/en\/wp-json\/wp\/v2\/types\/product"}],"replies":[{"embeddable":true,"href":"https:\/\/www.mexicanguitarplayers.com\/en\/wp-json\/wp\/v2\/comments?post=35752"}],"wp:featuredmedia":[{"embeddable":true,"href":"https:\/\/www.mexicanguitarplayers.com\/en\/wp-json\/wp\/v2\/media\/35749"}],"wp:attachment":[{"href":"https:\/\/www.mexicanguitarplayers.com\/en\/wp-json\/wp\/v2\/media?parent=35752"}],"wp:term":[{"taxonomy":"pwb-brand","embeddable":true,"href":"https:\/\/www.mexicanguitarplayers.com\/en\/wp-json\/wp\/v2\/pwb-brand?post=35752"},{"taxonomy":"product_brand","embeddable":true,"href":"https:\/\/www.mexicanguitarplayers.com\/en\/wp-json\/wp\/v2\/product_brand?post=35752"},{"taxonomy":"product_cat","embeddable":true,"href":"https:\/\/www.mexicanguitarplayers.com\/en\/wp-json\/wp\/v2\/product_cat?post=35752"},{"taxonomy":"product_tag","embeddable":true,"href":"https:\/\/www.mexicanguitarplayers.com\/en\/wp-json\/wp\/v2\/product_tag?post=35752"}],"curies":[{"name":"wp","href":"https:\/\/api.w.org\/{rel}","templated":true}]}}