{"id":35758,"date":"2025-04-08T22:20:34","date_gmt":"2025-04-09T04:20:34","guid":{"rendered":"https:\/\/www.mexicanguitarplayers.com\/tienda\/sin categor\u00eda\/amplificador-behringer-poder-km750\/"},"modified":"2026-04-20T13:15:04","modified_gmt":"2026-04-20T19:15:04","slug":"amplificador-behringer-poder-km750","status":"publish","type":"product","link":"https:\/\/www.mexicanguitarplayers.com\/en\/tienda\/audio\/amplificadores-audio\/amplificadores-de-potencia\/amplificador-behringer-poder-km750\/","title":{"rendered":"AMPLIFICADOR BEHRINGER PODER   KM750"},"content":{"rendered":"<div style=\"text-align: justify\">\n<div>\n<h3>Fiabilidad y flexibilidad.<\/h3>\n<\/div>\n<div>El notable amplificador KM750 de Behringer empaqueta 750 watts de potencia de salida en un ligero paquete (8.5 kg) gracias a nuestra tecnolog\u00eda ATR (aceleraci\u00f3n de respuesta transitoria), con una potencia de 750 watts en modo puente, 2 x 400 watts a 4 ohms y 2 x 200 watts a 8 ohms y combina tecnolog\u00eda de alta eficiencia, d\u00e1ndote un gran caballo de batalla que mantendr\u00e1 tu plataforma dando patadas durante a\u00f1os y a\u00f1os. La tecnolog\u00eda ATR y un gran punch knockout. Se necesitan grandes impulsos de energ\u00eda (corriente y voltaje) para impulsar un cono de woofer lo suficientemente r\u00e1pido para tener un beat grave. Esto se llama respuesta transitoria y es el santo grial del dise\u00f1o del amplificador. Seleccionando cuidadosamente los transistores con tasas de rotaci\u00f3n extremadamente altas y optimizar otras partes propietarias de nuestros circuitos, nuestros amplificadores son capaces de reaccionar inmediatamente hasta los m\u00e1s exigentes impulsos de bajos electr\u00f3nicos. Si los woofers en tu sistema de PA pueden mantenerse, tu audiencia oir\u00e1 un sonido m\u00e1s apretado, m\u00e1s n\u00edtido y m\u00e1s natural. Operaci\u00f3n sublimemente simple. Los controles e indicadores del panel frontal ofrecen signos vitales a tu sistema de un s\u00f3lo vistazo. Despu\u00e9s de presionar el bot\u00f3n Power, el LED Power te mostrar\u00e1 si el amplificador est\u00e1 listo para la acci\u00f3n. Todos los canales cuentan con controles de ganancia con positive-detent con LEDs de se\u00f1al que se iluminan cuando hay se\u00f1al presente as\u00ed como LEDs de Clip que te alertan para reducir la se\u00f1al de entrada. Tan elegante como la parte delantera, el panel trasero es el hogar de las conexiones XLR balanceada y TRS 1\/4&#8243; adem\u00e1s de conexiones TS 1\/4&#8243; desbalanceada y RCA. Elije la salida de tu altavoz y con\u00e9ctala de forma segura a tu amplificador KM750. El mismo panel contiene los switches que ponen el amplificador en mono Mono, Est\u00e9reo (modo de 2 canales) o Puente Mono. Pulsa el interruptor On\/Off para activar la protecci\u00f3n incorporada de sobrecarga.<\/div>\n<div>\n<h4>Quick look<\/h4>\n<\/div>\n<ul style=\"margin: 0px 0px 0px 25px\">\n<li style=\"list-style-type: circle;margin: 5px\">Potencia m\u00e1xima de salida.<\/li>\n<li style=\"list-style-type: circle;margin: 5px\">Connectors.<\/li>\n<li style=\"list-style-type: circle;margin: 5px\">System.<\/li>\n<li style=\"list-style-type: circle;margin: 5px\">Controls<\/li>\n<li style=\"list-style-type: circle;margin: 5px\">Indicadores.<\/li>\n<li style=\"list-style-type: circle;margin: 5px\">Fuente de alimentaci\u00f3n, voltaje (fusible).<\/li>\n<li style=\"list-style-type: circle;margin: 5px\">Dimensions.<\/li>\n<li style=\"list-style-type: circle;margin: 5px\">Weight.<\/li>\n<\/ul>\n<div>\n<div style=\"font-weight: bold\">Potencia m\u00e1xima de salida.<\/div>\n<div>\n<p>8 ohms por canal, ambos canales funcionando: 200 watts.4 ohms por canal, ambos canales funcionando: 400 watts.8 ohms en modo puente: 750 watts.<\/p>\n<\/div>\n<div style=\"font-weight: bold\">Connectors.<\/div>\n<div>\n<p>Entradas: 2 conectores XLR y 2 conectores TRS 1\/4&#8243;, 2 RCA.Impedancia de entrada XLR y TRS: 30 kohms balanceado \/ 15 kohms desbalanceado.Impedancia RCA: 14 kohms desbalanceado.Salidas: 2 conectores locking profesionales de altavoz, binding posts.<\/p>\n<\/div>\n<div style=\"font-weight: bold\">System.<\/div>\n<div>\n<p>Tipo de circuito de salida: Clase AB, salida lineal complementaria.Protecci\u00f3n de circuitos: corriente de cortocircuito, falla de CC, fusible de corriente alterna, limitador y corte t\u00e9rmico.Distorsi\u00f3n (8 ohms @ 50% potencia m\u00e1xima de salida): 245 @ 8 ohms.Respuesta de frecuencia (@ -10 dB por debajo de la potencia nominal de salida): 20 Hz &#8211; 20 kHz, +0\/-0.5 dB.Respuesta de frecuencia (@ -3 dB): 10 Hz a 80 kHz.Relaci\u00f3n se\u00f1al a ruido: &gt;100 dB (sin ponderar, 20 Hz a 10 kHz).Ganancia de voltaje @ control m\u00e1ximo de nivel: 32 dB.Sensibilidad de entrada @ control m\u00e1ximo de nivel: 0.77V \/ 26 dB \/ 1.4V, conmutable.<\/p>\n<\/div>\n<div style=\"font-weight: bold\">Controls<\/div>\n<div>\n<p>Panel frontal: Power switch, control de nivel.Panel trasero: Sensibilidad, limitador, ground-lift, modo switch.<\/p>\n<\/div>\n<div style=\"font-weight: bold\">Indicadores.<\/div>\n<div>\n<p>Encendido: Led blanco.Se\u00f1al: Led verde.Clip: Led rojo.Protecci\u00f3n: Led amarillo.Modo mono: Led amarillo.Modo puente: Led amarillo.<\/p>\n<\/div>\n<div style=\"font-weight: bold\">Fuente de alimentaci\u00f3n, voltaje (fusible).<\/div>\n<div>\n<p>120V, 60 Hz (T 12 A H 250 V).Consumo de energ\u00eda @ 1\/4 potencia media: 400 watts.Conexi\u00f3n de energ\u00eda: Recept\u00e1culo IEC est\u00e1ndar.<\/p>\n<\/div>\n<div style=\"font-weight: bold\">Dimensions.<\/div>\n<div>\n<p>88 x 482 x 317 mm.<\/p>\n<\/div>\n<div style=\"font-weight: bold\">Weight.<\/div>\n<div>\n<p>8.5 kg.<\/p>\n<\/div>\n<\/div>\n<\/div>","protected":false},"excerpt":{"rendered":"<p>Amplificador profesional de potencia est\u00e9reo, potencia: 2 x 400 watts a 4 ohms,2 x 200 watts a 8 ohms y 750 watts a 8 ohms en modo puente,  tecnolog\u00eda ATR (aceleraci\u00f3n de respuesta transitoria) que ofrece un gran punch y claridad, limitadores conmutables que ofrecen un nivel de salida m\u00e1ximo con una protecci\u00f3n fiablede sobrecarga, LEDs de potencia, se\u00f1al y clip para supervisar el rendimiento, conectores de entrada XLR, TRS 1\/4\u201d y RCA para compatibilidad con cualquier fuente, conectores profesionales de altavoz y binding posts \u201da prueba de golpes\u201d que admite la mayor\u00eda de los sistemas de cableado de altavoces, protecci\u00f3n independiente CC y corto circuito en cada canal para proteger autom\u00e1ticamente el amplificador y los altavoces, transformador toroidal de alta corriente para una respuestatransitoria ultra alta y una fiabilidad absoluta, enfriamiento activo en el disipador, chasis de acero resistente a los impactos de 2 unidades de rack, dimensiones: 88 x 482 x 317 mm, peso: 8.5 kg.&hellip; <a class=\"kt-excerpt-readmore more-link\" href=\"https:\/\/www.mexicanguitarplayers.com\/en\/tienda\/audio\/amplificadores-audio\/amplificadores-de-potencia\/amplificador-behringer-poder-km750\/\">Read more<\/a><\/p>","protected":false},"featured_media":35753,"comment_status":"open","ping_status":"closed","template":"","meta":{"kt_blocks_editor_width":""},"pwb-brand":[171],"product_brand":[],"product_cat":[219,220,213],"product_tag":[],"class_list":{"0":"post-35758","1":"product","2":"type-product","3":"status-publish","4":"has-post-thumbnail","6":"pwb-brand-behringer","7":"product_cat-amplificadores-audio","8":"product_cat-amplificadores-de-potencia","9":"product_cat-audio","10":"product_shipping_class-10-15-kg","12":"first","13":"outofstock","14":"taxable","15":"shipping-taxable","16":"purchasable","17":"product-type-simple"},"yoast_head":"<!-- This site is optimized with the Yoast SEO plugin v27.5 - https:\/\/yoast.com\/product\/yoast-seo-wordpress\/ -->\n<title>AMPLIFICADOR BEHRINGER PODER  KM750 - Mexican Guitar Players<\/title>\n<meta name=\"description\" content=\"Amplificador profesional de potencia est\u00e9reo, potencia: 2 x 400 watts a 4 ohms,2 x 200 watts a 8 ohms y 750 watts a 8 ohms en modo puente, tecnolog\u00eda ATR (aceleraci\u00f3n de respuesta transitoria) que ofrece un gran punch y claridad, limitadores conmutables que ofrecen un nivel de salida m\u00e1ximo con una protecci\u00f3n fiablede sobrecarga, LEDs de potencia, se\u00f1al y clip para supervisar el rendimiento, conectores de entrada XLR, TRS 1\/4\u201d y RCA para compatibilidad con cualquier fuente, conectores profesionales de altavoz y binding posts \u201da prueba de golpes\u201d que admite la mayor\u00eda de los sistemas de cableado de altavoces, protecci\u00f3n independiente CC y corto circuito en cada canal para proteger autom\u00e1ticamente el amplificador y los altavoces, transformador toroidal de alta corriente para una respuestatransitoria ultra alta y una fiabilidad absoluta, enfriamiento activo en el disipador, chasis de acero resistente a los impactos de 2 unidades de rack, dimensiones: 88 x 482 x 317 mm, peso: 8.5 kg.\" \/>\n<meta name=\"robots\" content=\"index, follow, max-snippet:-1, max-image-preview:large, max-video-preview:-1\" \/>\n<link rel=\"canonical\" href=\"https:\/\/www.mexicanguitarplayers.com\/en\/tienda\/sin%20categor\u00eda\/amplificador-behringer-poder-km750\/\" \/>\n<meta property=\"og:locale\" content=\"en_US\" \/>\n<meta property=\"og:type\" content=\"article\" \/>\n<meta property=\"og:title\" content=\"AMPLIFICADOR BEHRINGER PODER  KM750 - Mexican Guitar Players\" \/>\n<meta property=\"og:description\" content=\"Amplificador profesional de potencia est\u00e9reo, potencia: 2 x 400 watts a 4 ohms,2 x 200 watts a 8 ohms y 750 watts a 8 ohms en modo puente, tecnolog\u00eda ATR (aceleraci\u00f3n de respuesta transitoria) que ofrece un gran punch y claridad, limitadores conmutables que ofrecen un nivel de salida m\u00e1ximo con una protecci\u00f3n fiablede sobrecarga, LEDs de potencia, se\u00f1al y clip para supervisar el rendimiento, conectores de entrada XLR, TRS 1\/4\u201d y RCA para compatibilidad con cualquier fuente, conectores profesionales de altavoz y binding posts \u201da prueba de golpes\u201d que admite la mayor\u00eda de los sistemas de cableado de altavoces, protecci\u00f3n independiente CC y corto circuito en cada canal para proteger autom\u00e1ticamente el amplificador y los altavoces, transformador toroidal de alta corriente para una respuestatransitoria ultra alta y una fiabilidad absoluta, enfriamiento activo en el disipador, chasis de acero resistente a los impactos de 2 unidades de rack, dimensiones: 88 x 482 x 317 mm, peso: 8.5 kg.\" \/>\n<meta property=\"og:url\" content=\"https:\/\/www.mexicanguitarplayers.com\/en\/tienda\/sin categor\u00eda\/amplificador-behringer-poder-km750\/\" \/>\n<meta property=\"og:site_name\" content=\"Mexican Guitar Players\" \/>\n<meta property=\"article:modified_time\" content=\"2026-04-20T19:15:04+00:00\" \/>\n<meta name=\"twitter:card\" content=\"summary_large_image\" \/>\n<meta name=\"twitter:label1\" content=\"Est. reading time\" \/>\n\t<meta name=\"twitter:data1\" content=\"3 minutes\" \/>\n<script type=\"application\/ld+json\" class=\"yoast-schema-graph\">{\"@context\":\"https:\\\/\\\/schema.org\",\"@graph\":[{\"@type\":[\"WebPage\",\"ItemPage\"],\"@id\":\"https:\\\/\\\/www.mexicanguitarplayers.com\\\/tienda\\\/sin categor\u00eda\\\/amplificador-behringer-poder-km750\\\/\",\"url\":\"https:\\\/\\\/www.mexicanguitarplayers.com\\\/tienda\\\/sin categor\u00eda\\\/amplificador-behringer-poder-km750\\\/\",\"name\":\"AMPLIFICADOR BEHRINGER PODER KM750 - Mexican Guitar Players\",\"isPartOf\":{\"@id\":\"https:\\\/\\\/www.mexicanguitarplayers.com\\\/#website\"},\"primaryImageOfPage\":{\"@id\":\"https:\\\/\\\/www.mexicanguitarplayers.com\\\/tienda\\\/sin categor\u00eda\\\/amplificador-behringer-poder-km750\\\/#primaryimage\"},\"image\":{\"@id\":\"https:\\\/\\\/www.mexicanguitarplayers.com\\\/tienda\\\/sin categor\u00eda\\\/amplificador-behringer-poder-km750\\\/#primaryimage\"},\"thumbnailUrl\":\"https:\\\/\\\/www.mexicanguitarplayers.com\\\/wp-content\\\/uploads\\\/2025\\\/04\\\/IABEHKM750.jpg\",\"datePublished\":\"2025-04-09T04:20:34+00:00\",\"dateModified\":\"2026-04-20T19:15:04+00:00\",\"description\":\"Amplificador profesional de potencia est\u00e9reo, potencia: 2 x 400 watts a 4 ohms,2 x 200 watts a 8 ohms y 750 watts a 8 ohms en modo puente, tecnolog\u00eda ATR (aceleraci\u00f3n de respuesta transitoria) que ofrece un gran punch y claridad, limitadores conmutables que ofrecen un nivel de salida m\u00e1ximo con una protecci\u00f3n fiablede sobrecarga, LEDs de potencia, se\u00f1al y clip para supervisar el rendimiento, conectores de entrada XLR, TRS 1\\\/4\u201d y RCA para compatibilidad con cualquier fuente, conectores profesionales de altavoz y binding posts \u201da prueba de golpes\u201d que admite la mayor\u00eda de los sistemas de cableado de altavoces, protecci\u00f3n independiente CC y corto circuito en cada canal para proteger autom\u00e1ticamente el amplificador y los altavoces, transformador toroidal de alta corriente para una respuestatransitoria ultra alta y una fiabilidad absoluta, enfriamiento activo en el disipador, chasis de acero resistente a los impactos de 2 unidades de rack, dimensiones: 88 x 482 x 317 mm, peso: 8.5 kg.\",\"breadcrumb\":{\"@id\":\"https:\\\/\\\/www.mexicanguitarplayers.com\\\/tienda\\\/sin categor\u00eda\\\/amplificador-behringer-poder-km750\\\/#breadcrumb\"},\"inLanguage\":\"en-US\",\"potentialAction\":[{\"@type\":\"ReadAction\",\"target\":[\"https:\\\/\\\/www.mexicanguitarplayers.com\\\/tienda\\\/sin categor\u00eda\\\/amplificador-behringer-poder-km750\\\/\"]}]},{\"@type\":\"ImageObject\",\"inLanguage\":\"en-US\",\"@id\":\"https:\\\/\\\/www.mexicanguitarplayers.com\\\/tienda\\\/sin categor\u00eda\\\/amplificador-behringer-poder-km750\\\/#primaryimage\",\"url\":\"https:\\\/\\\/www.mexicanguitarplayers.com\\\/wp-content\\\/uploads\\\/2025\\\/04\\\/IABEHKM750.jpg\",\"contentUrl\":\"https:\\\/\\\/www.mexicanguitarplayers.com\\\/wp-content\\\/uploads\\\/2025\\\/04\\\/IABEHKM750.jpg\",\"width\":1600,\"height\":800},{\"@type\":\"BreadcrumbList\",\"@id\":\"https:\\\/\\\/www.mexicanguitarplayers.com\\\/tienda\\\/sin categor\u00eda\\\/amplificador-behringer-poder-km750\\\/#breadcrumb\",\"itemListElement\":[{\"@type\":\"ListItem\",\"position\":1,\"name\":\"Portada\",\"item\":\"https:\\\/\\\/www.mexicanguitarplayers.com\\\/\"},{\"@type\":\"ListItem\",\"position\":2,\"name\":\"Tienda\",\"item\":\"https:\\\/\\\/www.mexicanguitarplayers.com\\\/tienda\\\/\"},{\"@type\":\"ListItem\",\"position\":3,\"name\":\"AMPLIFICADOR BEHRINGER PODER KM750\"}]},{\"@type\":\"WebSite\",\"@id\":\"https:\\\/\\\/www.mexicanguitarplayers.com\\\/#website\",\"url\":\"https:\\\/\\\/www.mexicanguitarplayers.com\\\/\",\"name\":\"Mexican Guitar Players\",\"description\":\"Website\",\"publisher\":{\"@id\":\"https:\\\/\\\/www.mexicanguitarplayers.com\\\/#organization\"},\"potentialAction\":[{\"@type\":\"SearchAction\",\"target\":{\"@type\":\"EntryPoint\",\"urlTemplate\":\"https:\\\/\\\/www.mexicanguitarplayers.com\\\/?s={search_term_string}\"},\"query-input\":{\"@type\":\"PropertyValueSpecification\",\"valueRequired\":true,\"valueName\":\"search_term_string\"}}],\"inLanguage\":\"en-US\"},{\"@type\":\"Organization\",\"@id\":\"https:\\\/\\\/www.mexicanguitarplayers.com\\\/#organization\",\"name\":\"Mexican Guitar Players\",\"url\":\"https:\\\/\\\/www.mexicanguitarplayers.com\\\/\",\"logo\":{\"@type\":\"ImageObject\",\"inLanguage\":\"en-US\",\"@id\":\"https:\\\/\\\/www.mexicanguitarplayers.com\\\/#\\\/schema\\\/logo\\\/image\\\/\",\"url\":\"\",\"contentUrl\":\"\",\"caption\":\"Mexican Guitar Players\"},\"image\":{\"@id\":\"https:\\\/\\\/www.mexicanguitarplayers.com\\\/#\\\/schema\\\/logo\\\/image\\\/\"}}]}<\/script>\n<!-- \/ Yoast SEO plugin. -->","yoast_head_json":{"title":"AMPLIFICADOR BEHRINGER PODER  KM750 - Mexican Guitar Players","description":"Amplificador profesional de potencia est\u00e9reo, potencia: 2 x 400 watts a 4 ohms,2 x 200 watts a 8 ohms y 750 watts a 8 ohms en modo puente, tecnolog\u00eda ATR (aceleraci\u00f3n de respuesta transitoria) que ofrece un gran punch y claridad, limitadores conmutables que ofrecen un nivel de salida m\u00e1ximo con una protecci\u00f3n fiablede sobrecarga, LEDs de potencia, se\u00f1al y clip para supervisar el rendimiento, conectores de entrada XLR, TRS 1\/4\u201d y RCA para compatibilidad con cualquier fuente, conectores profesionales de altavoz y binding posts \u201da prueba de golpes\u201d que admite la mayor\u00eda de los sistemas de cableado de altavoces, protecci\u00f3n independiente CC y corto circuito en cada canal para proteger autom\u00e1ticamente el amplificador y los altavoces, transformador toroidal de alta corriente para una respuestatransitoria ultra alta y una fiabilidad absoluta, enfriamiento activo en el disipador, chasis de acero resistente a los impactos de 2 unidades de rack, dimensiones: 88 x 482 x 317 mm, peso: 8.5 kg.","robots":{"index":"index","follow":"follow","max-snippet":"max-snippet:-1","max-image-preview":"max-image-preview:large","max-video-preview":"max-video-preview:-1"},"canonical":"https:\/\/www.mexicanguitarplayers.com\/en\/tienda\/sin categor\u00eda\/amplificador-behringer-poder-km750\/","og_locale":"en_US","og_type":"article","og_title":"AMPLIFICADOR BEHRINGER PODER  KM750 - Mexican Guitar Players","og_description":"Amplificador profesional de potencia est\u00e9reo, potencia: 2 x 400 watts a 4 ohms,2 x 200 watts a 8 ohms y 750 watts a 8 ohms en modo puente, tecnolog\u00eda ATR (aceleraci\u00f3n de respuesta transitoria) que ofrece un gran punch y claridad, limitadores conmutables que ofrecen un nivel de salida m\u00e1ximo con una protecci\u00f3n fiablede sobrecarga, LEDs de potencia, se\u00f1al y clip para supervisar el rendimiento, conectores de entrada XLR, TRS 1\/4\u201d y RCA para compatibilidad con cualquier fuente, conectores profesionales de altavoz y binding posts \u201da prueba de golpes\u201d que admite la mayor\u00eda de los sistemas de cableado de altavoces, protecci\u00f3n independiente CC y corto circuito en cada canal para proteger autom\u00e1ticamente el amplificador y los altavoces, transformador toroidal de alta corriente para una respuestatransitoria ultra alta y una fiabilidad absoluta, enfriamiento activo en el disipador, chasis de acero resistente a los impactos de 2 unidades de rack, dimensiones: 88 x 482 x 317 mm, peso: 8.5 kg.","og_url":"https:\/\/www.mexicanguitarplayers.com\/en\/tienda\/sin categor\u00eda\/amplificador-behringer-poder-km750\/","og_site_name":"Mexican Guitar Players","article_modified_time":"2026-04-20T19:15:04+00:00","twitter_card":"summary_large_image","twitter_misc":{"Est. reading time":"3 minutes"},"schema":{"@context":"https:\/\/schema.org","@graph":[{"@type":["WebPage","ItemPage"],"@id":"https:\/\/www.mexicanguitarplayers.com\/tienda\/sin categor\u00eda\/amplificador-behringer-poder-km750\/","url":"https:\/\/www.mexicanguitarplayers.com\/tienda\/sin categor\u00eda\/amplificador-behringer-poder-km750\/","name":"AMPLIFICADOR BEHRINGER PODER KM750 - Mexican Guitar Players","isPartOf":{"@id":"https:\/\/www.mexicanguitarplayers.com\/#website"},"primaryImageOfPage":{"@id":"https:\/\/www.mexicanguitarplayers.com\/tienda\/sin categor\u00eda\/amplificador-behringer-poder-km750\/#primaryimage"},"image":{"@id":"https:\/\/www.mexicanguitarplayers.com\/tienda\/sin categor\u00eda\/amplificador-behringer-poder-km750\/#primaryimage"},"thumbnailUrl":"https:\/\/www.mexicanguitarplayers.com\/wp-content\/uploads\/2025\/04\/IABEHKM750.jpg","datePublished":"2025-04-09T04:20:34+00:00","dateModified":"2026-04-20T19:15:04+00:00","description":"Amplificador profesional de potencia est\u00e9reo, potencia: 2 x 400 watts a 4 ohms,2 x 200 watts a 8 ohms y 750 watts a 8 ohms en modo puente, tecnolog\u00eda ATR (aceleraci\u00f3n de respuesta transitoria) que ofrece un gran punch y claridad, limitadores conmutables que ofrecen un nivel de salida m\u00e1ximo con una protecci\u00f3n fiablede sobrecarga, LEDs de potencia, se\u00f1al y clip para supervisar el rendimiento, conectores de entrada XLR, TRS 1\/4\u201d y RCA para compatibilidad con cualquier fuente, conectores profesionales de altavoz y binding posts \u201da prueba de golpes\u201d que admite la mayor\u00eda de los sistemas de cableado de altavoces, protecci\u00f3n independiente CC y corto circuito en cada canal para proteger autom\u00e1ticamente el amplificador y los altavoces, transformador toroidal de alta corriente para una respuestatransitoria ultra alta y una fiabilidad absoluta, enfriamiento activo en el disipador, chasis de acero resistente a los impactos de 2 unidades de rack, dimensiones: 88 x 482 x 317 mm, peso: 8.5 kg.","breadcrumb":{"@id":"https:\/\/www.mexicanguitarplayers.com\/tienda\/sin categor\u00eda\/amplificador-behringer-poder-km750\/#breadcrumb"},"inLanguage":"en-US","potentialAction":[{"@type":"ReadAction","target":["https:\/\/www.mexicanguitarplayers.com\/tienda\/sin categor\u00eda\/amplificador-behringer-poder-km750\/"]}]},{"@type":"ImageObject","inLanguage":"en-US","@id":"https:\/\/www.mexicanguitarplayers.com\/tienda\/sin categor\u00eda\/amplificador-behringer-poder-km750\/#primaryimage","url":"https:\/\/www.mexicanguitarplayers.com\/wp-content\/uploads\/2025\/04\/IABEHKM750.jpg","contentUrl":"https:\/\/www.mexicanguitarplayers.com\/wp-content\/uploads\/2025\/04\/IABEHKM750.jpg","width":1600,"height":800},{"@type":"BreadcrumbList","@id":"https:\/\/www.mexicanguitarplayers.com\/tienda\/sin categor\u00eda\/amplificador-behringer-poder-km750\/#breadcrumb","itemListElement":[{"@type":"ListItem","position":1,"name":"Portada","item":"https:\/\/www.mexicanguitarplayers.com\/"},{"@type":"ListItem","position":2,"name":"Tienda","item":"https:\/\/www.mexicanguitarplayers.com\/tienda\/"},{"@type":"ListItem","position":3,"name":"AMPLIFICADOR BEHRINGER PODER KM750"}]},{"@type":"WebSite","@id":"https:\/\/www.mexicanguitarplayers.com\/#website","url":"https:\/\/www.mexicanguitarplayers.com\/","name":"Mexican Guitar Players","description":"Website","publisher":{"@id":"https:\/\/www.mexicanguitarplayers.com\/#organization"},"potentialAction":[{"@type":"SearchAction","target":{"@type":"EntryPoint","urlTemplate":"https:\/\/www.mexicanguitarplayers.com\/?s={search_term_string}"},"query-input":{"@type":"PropertyValueSpecification","valueRequired":true,"valueName":"search_term_string"}}],"inLanguage":"en-US"},{"@type":"Organization","@id":"https:\/\/www.mexicanguitarplayers.com\/#organization","name":"Mexican Guitar Players","url":"https:\/\/www.mexicanguitarplayers.com\/","logo":{"@type":"ImageObject","inLanguage":"en-US","@id":"https:\/\/www.mexicanguitarplayers.com\/#\/schema\/logo\/image\/","url":"","contentUrl":"","caption":"Mexican Guitar Players"},"image":{"@id":"https:\/\/www.mexicanguitarplayers.com\/#\/schema\/logo\/image\/"}}]}},"brands":[{"id":171,"name":"BEHRINGER","slug":"behringer"}],"_links":{"self":[{"href":"https:\/\/www.mexicanguitarplayers.com\/en\/wp-json\/wp\/v2\/product\/35758","targetHints":{"allow":["GET"]}}],"collection":[{"href":"https:\/\/www.mexicanguitarplayers.com\/en\/wp-json\/wp\/v2\/product"}],"about":[{"href":"https:\/\/www.mexicanguitarplayers.com\/en\/wp-json\/wp\/v2\/types\/product"}],"replies":[{"embeddable":true,"href":"https:\/\/www.mexicanguitarplayers.com\/en\/wp-json\/wp\/v2\/comments?post=35758"}],"wp:featuredmedia":[{"embeddable":true,"href":"https:\/\/www.mexicanguitarplayers.com\/en\/wp-json\/wp\/v2\/media\/35753"}],"wp:attachment":[{"href":"https:\/\/www.mexicanguitarplayers.com\/en\/wp-json\/wp\/v2\/media?parent=35758"}],"wp:term":[{"taxonomy":"pwb-brand","embeddable":true,"href":"https:\/\/www.mexicanguitarplayers.com\/en\/wp-json\/wp\/v2\/pwb-brand?post=35758"},{"taxonomy":"product_brand","embeddable":true,"href":"https:\/\/www.mexicanguitarplayers.com\/en\/wp-json\/wp\/v2\/product_brand?post=35758"},{"taxonomy":"product_cat","embeddable":true,"href":"https:\/\/www.mexicanguitarplayers.com\/en\/wp-json\/wp\/v2\/product_cat?post=35758"},{"taxonomy":"product_tag","embeddable":true,"href":"https:\/\/www.mexicanguitarplayers.com\/en\/wp-json\/wp\/v2\/product_tag?post=35758"}],"curies":[{"name":"wp","href":"https:\/\/api.w.org\/{rel}","templated":true}]}}