{"id":35787,"date":"2025-04-08T22:21:15","date_gmt":"2025-04-09T04:21:15","guid":{"rendered":"https:\/\/www.mexicanguitarplayers.com\/tienda\/sin categor\u00eda\/microfono-sennheiser-usb-mod-profile\/"},"modified":"2026-04-15T04:18:12","modified_gmt":"2026-04-15T10:18:12","slug":"microfono-sennheiser-usb-mod-profile","status":"publish","type":"product","link":"https:\/\/www.mexicanguitarplayers.com\/en\/tienda\/audio\/microfonia\/microfonos-alambricos\/de-escritorio\/microfono-sennheiser-usb-mod-profile\/","title":{"rendered":"MICROFONO SENNHEISER USB MOD. PROFILE"},"content":{"rendered":"<div style=\"text-align: justify\">\n<div>\n<h3>Profile USB Microphone<\/h3>\n<\/div>\n<div>Micr\u00f3fono USB-C con c\u00e1psula de condensador cardioide y caracter\u00edsticas integradas para aplicaciones de podcasting y streaming mejoradas.<\/div>\n<div>\n<h4>Characteristics<\/h4>\n<\/div>\n<div>\n<ul style=\"margin: 0px 0px 0px 25px\">\n<li style=\"list-style-type: circle;margin: 5px\">Generales<\/li>\n<li style=\"list-style-type: circle;margin: 5px\">Microphone<\/li>\n<li style=\"list-style-type: circle;margin: 5px\">Salida para auriculares<\/li>\n<li style=\"list-style-type: circle;margin: 5px\">Compatibilidad con sistemas operativos<\/li>\n<\/ul>\n<\/div>\n<\/div>","protected":false},"excerpt":{"rendered":"<p>El micr\u00f3fono USB Profile con c\u00e1psula de condensador cardioide, alimentado por USB-C. Creado para podcasting y streaming, cuenta con control de ganancia para ajustar el nivel del micr\u00f3fono, control de mezcla para balancear el micr\u00f3fono con tu dispositivo de audio, y control de volumen para ajustar el nivel de monitorizaci\u00f3n de tus aud\u00edfonos. Funci\u00f3n de nivelado ajustable con una articulaci\u00f3n con bloqueado autom\u00e1tico,  incluye un soporte de mesa y soporte boom articulado.Alimentaci\u00f3n mediante USB-C (MacOS\/iPadOS\/Windows\/Android)C\u00e1psula de condensador cardioide para un sonido profesional y rechazo del sonido fuera del eje.Funci\u00f3n de nivelado ajustable con articulaci\u00f3n de bloqueo autom\u00e1tico para una colocaci\u00f3n \u00f3ptimaBot\u00f3n de silenciamiento suave al tacto con anillo de luz LED para indicar cu\u00e1ndo est\u00e1 activadoControl de ganancia con anillo de luz LED para indicar la saturaci\u00f3n de potencia o audioControl de mezcla para balancear el nivel del micr\u00f3fono y del dispositivoSalida de aud\u00edfonos de 3.5 mm para monitoreo de audioControl de volumen de los aud\u00edfonosCarcasa robusta de metal y acabado de calidad superiorProfile incluye un micr\u00f3fono, un soporte de mesa y un cable USB-C de 1.2 mEl Profile Streaming Set incluye un micr\u00f3fono, un soporte boom articulado con gesti\u00f3n de cable integrado, un cable USB-C de 3 m y una bolsa para el micr\u00f3fono&hellip; <a class=\"kt-excerpt-readmore more-link\" href=\"https:\/\/www.mexicanguitarplayers.com\/en\/tienda\/audio\/microfonia\/microfonos-alambricos\/de-escritorio\/microfono-sennheiser-usb-mod-profile\/\">Read more<\/a><\/p>","protected":false},"featured_media":35779,"comment_status":"open","ping_status":"closed","template":"","meta":{"kt_blocks_editor_width":""},"pwb-brand":[176],"product_brand":[],"product_cat":[213,217,214,215],"product_tag":[],"class_list":{"0":"post-35787","1":"product","2":"type-product","3":"status-publish","4":"has-post-thumbnail","6":"pwb-brand-sennheiser","7":"product_cat-audio","8":"product_cat-de-escritorio","9":"product_cat-microfonia","10":"product_cat-microfonos-alambricos","11":"product_shipping_class-0-5-kg","13":"first","14":"instock","15":"taxable","16":"shipping-taxable","17":"purchasable","18":"product-type-simple"},"yoast_head":"<!-- This site is optimized with the Yoast SEO plugin v27.4 - https:\/\/yoast.com\/product\/yoast-seo-wordpress\/ -->\n<title>MICROFONO SENNHEISER USB MOD. PROFILE - Mexican Guitar Players<\/title>\n<meta name=\"description\" content=\"El micr\u00f3fono USB Profile con c\u00e1psula de condensador cardioide, alimentado por USB-C. Creado para podcasting y streaming, cuenta con control de ganancia para ajustar el nivel del micr\u00f3fono, control de mezcla para balancear el micr\u00f3fono con tu dispositivo de audio, y control de volumen para ajustar el nivel de monitorizaci\u00f3n de tus aud\u00edfonos. Funci\u00f3n de nivelado ajustable con una articulaci\u00f3n con bloqueado autom\u00e1tico, incluye un soporte de mesa y soporte boom articulado.Alimentaci\u00f3n mediante USB-C (MacOS\/iPadOS\/Windows\/Android)C\u00e1psula de condensador cardioide para un sonido profesional y rechazo del sonido fuera del eje.Funci\u00f3n de nivelado ajustable con articulaci\u00f3n de bloqueo autom\u00e1tico para una colocaci\u00f3n \u00f3ptimaBot\u00f3n de silenciamiento suave al tacto con anillo de luz LED para indicar cu\u00e1ndo est\u00e1 activadoControl de ganancia con anillo de luz LED para indicar la saturaci\u00f3n de potencia o audioControl de mezcla para balancear el nivel del micr\u00f3fono y del dispositivoSalida de aud\u00edfonos de 3.5 mm para monitoreo de audioControl de volumen de los aud\u00edfonosCarcasa robusta de metal y acabado de calidad superiorProfile incluye un micr\u00f3fono, un soporte de mesa y un cable USB-C de 1.2 mEl Profile Streaming Set incluye un micr\u00f3fono, un soporte boom articulado con gesti\u00f3n de cable integrado, un cable USB-C de 3 m y una bolsa para el micr\u00f3fono\" \/>\n<meta name=\"robots\" content=\"index, follow, max-snippet:-1, max-image-preview:large, max-video-preview:-1\" \/>\n<link rel=\"canonical\" href=\"https:\/\/www.mexicanguitarplayers.com\/en\/tienda\/sin%20categor\u00eda\/microfono-sennheiser-usb-mod-profile\/\" \/>\n<meta property=\"og:locale\" content=\"en_US\" \/>\n<meta property=\"og:type\" content=\"article\" \/>\n<meta property=\"og:title\" content=\"MICROFONO SENNHEISER USB MOD. PROFILE - Mexican Guitar Players\" \/>\n<meta property=\"og:description\" content=\"El micr\u00f3fono USB Profile con c\u00e1psula de condensador cardioide, alimentado por USB-C. Creado para podcasting y streaming, cuenta con control de ganancia para ajustar el nivel del micr\u00f3fono, control de mezcla para balancear el micr\u00f3fono con tu dispositivo de audio, y control de volumen para ajustar el nivel de monitorizaci\u00f3n de tus aud\u00edfonos. Funci\u00f3n de nivelado ajustable con una articulaci\u00f3n con bloqueado autom\u00e1tico, incluye un soporte de mesa y soporte boom articulado.Alimentaci\u00f3n mediante USB-C (MacOS\/iPadOS\/Windows\/Android)C\u00e1psula de condensador cardioide para un sonido profesional y rechazo del sonido fuera del eje.Funci\u00f3n de nivelado ajustable con articulaci\u00f3n de bloqueo autom\u00e1tico para una colocaci\u00f3n \u00f3ptimaBot\u00f3n de silenciamiento suave al tacto con anillo de luz LED para indicar cu\u00e1ndo est\u00e1 activadoControl de ganancia con anillo de luz LED para indicar la saturaci\u00f3n de potencia o audioControl de mezcla para balancear el nivel del micr\u00f3fono y del dispositivoSalida de aud\u00edfonos de 3.5 mm para monitoreo de audioControl de volumen de los aud\u00edfonosCarcasa robusta de metal y acabado de calidad superiorProfile incluye un micr\u00f3fono, un soporte de mesa y un cable USB-C de 1.2 mEl Profile Streaming Set incluye un micr\u00f3fono, un soporte boom articulado con gesti\u00f3n de cable integrado, un cable USB-C de 3 m y una bolsa para el micr\u00f3fono\" \/>\n<meta property=\"og:url\" content=\"https:\/\/www.mexicanguitarplayers.com\/en\/tienda\/sin categor\u00eda\/microfono-sennheiser-usb-mod-profile\/\" \/>\n<meta property=\"og:site_name\" content=\"Mexican Guitar Players\" \/>\n<meta property=\"article:modified_time\" content=\"2026-04-15T10:18:12+00:00\" \/>\n<meta name=\"twitter:card\" content=\"summary_large_image\" \/>\n<script type=\"application\/ld+json\" class=\"yoast-schema-graph\">{\"@context\":\"https:\\\/\\\/schema.org\",\"@graph\":[{\"@type\":[\"WebPage\",\"ItemPage\"],\"@id\":\"https:\\\/\\\/www.mexicanguitarplayers.com\\\/tienda\\\/sin categor\u00eda\\\/microfono-sennheiser-usb-mod-profile\\\/\",\"url\":\"https:\\\/\\\/www.mexicanguitarplayers.com\\\/tienda\\\/sin categor\u00eda\\\/microfono-sennheiser-usb-mod-profile\\\/\",\"name\":\"MICROFONO SENNHEISER USB MOD. PROFILE - Mexican Guitar Players\",\"isPartOf\":{\"@id\":\"https:\\\/\\\/www.mexicanguitarplayers.com\\\/#website\"},\"primaryImageOfPage\":{\"@id\":\"https:\\\/\\\/www.mexicanguitarplayers.com\\\/tienda\\\/sin categor\u00eda\\\/microfono-sennheiser-usb-mod-profile\\\/#primaryimage\"},\"image\":{\"@id\":\"https:\\\/\\\/www.mexicanguitarplayers.com\\\/tienda\\\/sin categor\u00eda\\\/microfono-sennheiser-usb-mod-profile\\\/#primaryimage\"},\"thumbnailUrl\":\"https:\\\/\\\/www.mexicanguitarplayers.com\\\/wp-content\\\/uploads\\\/2025\\\/04\\\/IASENPROFILE.jpg\",\"datePublished\":\"2025-04-09T04:21:15+00:00\",\"dateModified\":\"2026-04-15T10:18:12+00:00\",\"description\":\"El micr\u00f3fono USB Profile con c\u00e1psula de condensador cardioide, alimentado por USB-C. Creado para podcasting y streaming, cuenta con control de ganancia para ajustar el nivel del micr\u00f3fono, control de mezcla para balancear el micr\u00f3fono con tu dispositivo de audio, y control de volumen para ajustar el nivel de monitorizaci\u00f3n de tus aud\u00edfonos. Funci\u00f3n de nivelado ajustable con una articulaci\u00f3n con bloqueado autom\u00e1tico, incluye un soporte de mesa y soporte boom articulado.Alimentaci\u00f3n mediante USB-C (MacOS\\\/iPadOS\\\/Windows\\\/Android)C\u00e1psula de condensador cardioide para un sonido profesional y rechazo del sonido fuera del eje.Funci\u00f3n de nivelado ajustable con articulaci\u00f3n de bloqueo autom\u00e1tico para una colocaci\u00f3n \u00f3ptimaBot\u00f3n de silenciamiento suave al tacto con anillo de luz LED para indicar cu\u00e1ndo est\u00e1 activadoControl de ganancia con anillo de luz LED para indicar la saturaci\u00f3n de potencia o audioControl de mezcla para balancear el nivel del micr\u00f3fono y del dispositivoSalida de aud\u00edfonos de 3.5 mm para monitoreo de audioControl de volumen de los aud\u00edfonosCarcasa robusta de metal y acabado de calidad superiorProfile incluye un micr\u00f3fono, un soporte de mesa y un cable USB-C de 1.2 mEl Profile Streaming Set incluye un micr\u00f3fono, un soporte boom articulado con gesti\u00f3n de cable integrado, un cable USB-C de 3 m y una bolsa para el micr\u00f3fono\",\"breadcrumb\":{\"@id\":\"https:\\\/\\\/www.mexicanguitarplayers.com\\\/tienda\\\/sin categor\u00eda\\\/microfono-sennheiser-usb-mod-profile\\\/#breadcrumb\"},\"inLanguage\":\"en-US\",\"potentialAction\":[{\"@type\":\"ReadAction\",\"target\":[\"https:\\\/\\\/www.mexicanguitarplayers.com\\\/tienda\\\/sin categor\u00eda\\\/microfono-sennheiser-usb-mod-profile\\\/\"]}]},{\"@type\":\"ImageObject\",\"inLanguage\":\"en-US\",\"@id\":\"https:\\\/\\\/www.mexicanguitarplayers.com\\\/tienda\\\/sin categor\u00eda\\\/microfono-sennheiser-usb-mod-profile\\\/#primaryimage\",\"url\":\"https:\\\/\\\/www.mexicanguitarplayers.com\\\/wp-content\\\/uploads\\\/2025\\\/04\\\/IASENPROFILE.jpg\",\"contentUrl\":\"https:\\\/\\\/www.mexicanguitarplayers.com\\\/wp-content\\\/uploads\\\/2025\\\/04\\\/IASENPROFILE.jpg\",\"width\":800,\"height\":1600},{\"@type\":\"BreadcrumbList\",\"@id\":\"https:\\\/\\\/www.mexicanguitarplayers.com\\\/tienda\\\/sin categor\u00eda\\\/microfono-sennheiser-usb-mod-profile\\\/#breadcrumb\",\"itemListElement\":[{\"@type\":\"ListItem\",\"position\":1,\"name\":\"Portada\",\"item\":\"https:\\\/\\\/www.mexicanguitarplayers.com\\\/\"},{\"@type\":\"ListItem\",\"position\":2,\"name\":\"Tienda\",\"item\":\"https:\\\/\\\/www.mexicanguitarplayers.com\\\/tienda\\\/\"},{\"@type\":\"ListItem\",\"position\":3,\"name\":\"MICROFONO SENNHEISER USB MOD. PROFILE\"}]},{\"@type\":\"WebSite\",\"@id\":\"https:\\\/\\\/www.mexicanguitarplayers.com\\\/#website\",\"url\":\"https:\\\/\\\/www.mexicanguitarplayers.com\\\/\",\"name\":\"Mexican Guitar Players\",\"description\":\"Website\",\"publisher\":{\"@id\":\"https:\\\/\\\/www.mexicanguitarplayers.com\\\/#organization\"},\"potentialAction\":[{\"@type\":\"SearchAction\",\"target\":{\"@type\":\"EntryPoint\",\"urlTemplate\":\"https:\\\/\\\/www.mexicanguitarplayers.com\\\/?s={search_term_string}\"},\"query-input\":{\"@type\":\"PropertyValueSpecification\",\"valueRequired\":true,\"valueName\":\"search_term_string\"}}],\"inLanguage\":\"en-US\"},{\"@type\":\"Organization\",\"@id\":\"https:\\\/\\\/www.mexicanguitarplayers.com\\\/#organization\",\"name\":\"Mexican Guitar Players\",\"url\":\"https:\\\/\\\/www.mexicanguitarplayers.com\\\/\",\"logo\":{\"@type\":\"ImageObject\",\"inLanguage\":\"en-US\",\"@id\":\"https:\\\/\\\/www.mexicanguitarplayers.com\\\/#\\\/schema\\\/logo\\\/image\\\/\",\"url\":\"\",\"contentUrl\":\"\",\"caption\":\"Mexican Guitar Players\"},\"image\":{\"@id\":\"https:\\\/\\\/www.mexicanguitarplayers.com\\\/#\\\/schema\\\/logo\\\/image\\\/\"}}]}<\/script>\n<!-- \/ Yoast SEO plugin. -->","yoast_head_json":{"title":"MICROFONO SENNHEISER USB MOD. PROFILE - Mexican Guitar Players","description":"El micr\u00f3fono USB Profile con c\u00e1psula de condensador cardioide, alimentado por USB-C. Creado para podcasting y streaming, cuenta con control de ganancia para ajustar el nivel del micr\u00f3fono, control de mezcla para balancear el micr\u00f3fono con tu dispositivo de audio, y control de volumen para ajustar el nivel de monitorizaci\u00f3n de tus aud\u00edfonos. Funci\u00f3n de nivelado ajustable con una articulaci\u00f3n con bloqueado autom\u00e1tico, incluye un soporte de mesa y soporte boom articulado.Alimentaci\u00f3n mediante USB-C (MacOS\/iPadOS\/Windows\/Android)C\u00e1psula de condensador cardioide para un sonido profesional y rechazo del sonido fuera del eje.Funci\u00f3n de nivelado ajustable con articulaci\u00f3n de bloqueo autom\u00e1tico para una colocaci\u00f3n \u00f3ptimaBot\u00f3n de silenciamiento suave al tacto con anillo de luz LED para indicar cu\u00e1ndo est\u00e1 activadoControl de ganancia con anillo de luz LED para indicar la saturaci\u00f3n de potencia o audioControl de mezcla para balancear el nivel del micr\u00f3fono y del dispositivoSalida de aud\u00edfonos de 3.5 mm para monitoreo de audioControl de volumen de los aud\u00edfonosCarcasa robusta de metal y acabado de calidad superiorProfile incluye un micr\u00f3fono, un soporte de mesa y un cable USB-C de 1.2 mEl Profile Streaming Set incluye un micr\u00f3fono, un soporte boom articulado con gesti\u00f3n de cable integrado, un cable USB-C de 3 m y una bolsa para el micr\u00f3fono","robots":{"index":"index","follow":"follow","max-snippet":"max-snippet:-1","max-image-preview":"max-image-preview:large","max-video-preview":"max-video-preview:-1"},"canonical":"https:\/\/www.mexicanguitarplayers.com\/en\/tienda\/sin categor\u00eda\/microfono-sennheiser-usb-mod-profile\/","og_locale":"en_US","og_type":"article","og_title":"MICROFONO SENNHEISER USB MOD. PROFILE - Mexican Guitar Players","og_description":"El micr\u00f3fono USB Profile con c\u00e1psula de condensador cardioide, alimentado por USB-C. Creado para podcasting y streaming, cuenta con control de ganancia para ajustar el nivel del micr\u00f3fono, control de mezcla para balancear el micr\u00f3fono con tu dispositivo de audio, y control de volumen para ajustar el nivel de monitorizaci\u00f3n de tus aud\u00edfonos. Funci\u00f3n de nivelado ajustable con una articulaci\u00f3n con bloqueado autom\u00e1tico, incluye un soporte de mesa y soporte boom articulado.Alimentaci\u00f3n mediante USB-C (MacOS\/iPadOS\/Windows\/Android)C\u00e1psula de condensador cardioide para un sonido profesional y rechazo del sonido fuera del eje.Funci\u00f3n de nivelado ajustable con articulaci\u00f3n de bloqueo autom\u00e1tico para una colocaci\u00f3n \u00f3ptimaBot\u00f3n de silenciamiento suave al tacto con anillo de luz LED para indicar cu\u00e1ndo est\u00e1 activadoControl de ganancia con anillo de luz LED para indicar la saturaci\u00f3n de potencia o audioControl de mezcla para balancear el nivel del micr\u00f3fono y del dispositivoSalida de aud\u00edfonos de 3.5 mm para monitoreo de audioControl de volumen de los aud\u00edfonosCarcasa robusta de metal y acabado de calidad superiorProfile incluye un micr\u00f3fono, un soporte de mesa y un cable USB-C de 1.2 mEl Profile Streaming Set incluye un micr\u00f3fono, un soporte boom articulado con gesti\u00f3n de cable integrado, un cable USB-C de 3 m y una bolsa para el micr\u00f3fono","og_url":"https:\/\/www.mexicanguitarplayers.com\/en\/tienda\/sin categor\u00eda\/microfono-sennheiser-usb-mod-profile\/","og_site_name":"Mexican Guitar Players","article_modified_time":"2026-04-15T10:18:12+00:00","twitter_card":"summary_large_image","schema":{"@context":"https:\/\/schema.org","@graph":[{"@type":["WebPage","ItemPage"],"@id":"https:\/\/www.mexicanguitarplayers.com\/tienda\/sin categor\u00eda\/microfono-sennheiser-usb-mod-profile\/","url":"https:\/\/www.mexicanguitarplayers.com\/tienda\/sin categor\u00eda\/microfono-sennheiser-usb-mod-profile\/","name":"MICROFONO SENNHEISER USB MOD. PROFILE - Mexican Guitar Players","isPartOf":{"@id":"https:\/\/www.mexicanguitarplayers.com\/#website"},"primaryImageOfPage":{"@id":"https:\/\/www.mexicanguitarplayers.com\/tienda\/sin categor\u00eda\/microfono-sennheiser-usb-mod-profile\/#primaryimage"},"image":{"@id":"https:\/\/www.mexicanguitarplayers.com\/tienda\/sin categor\u00eda\/microfono-sennheiser-usb-mod-profile\/#primaryimage"},"thumbnailUrl":"https:\/\/www.mexicanguitarplayers.com\/wp-content\/uploads\/2025\/04\/IASENPROFILE.jpg","datePublished":"2025-04-09T04:21:15+00:00","dateModified":"2026-04-15T10:18:12+00:00","description":"El micr\u00f3fono USB Profile con c\u00e1psula de condensador cardioide, alimentado por USB-C. Creado para podcasting y streaming, cuenta con control de ganancia para ajustar el nivel del micr\u00f3fono, control de mezcla para balancear el micr\u00f3fono con tu dispositivo de audio, y control de volumen para ajustar el nivel de monitorizaci\u00f3n de tus aud\u00edfonos. Funci\u00f3n de nivelado ajustable con una articulaci\u00f3n con bloqueado autom\u00e1tico, incluye un soporte de mesa y soporte boom articulado.Alimentaci\u00f3n mediante USB-C (MacOS\/iPadOS\/Windows\/Android)C\u00e1psula de condensador cardioide para un sonido profesional y rechazo del sonido fuera del eje.Funci\u00f3n de nivelado ajustable con articulaci\u00f3n de bloqueo autom\u00e1tico para una colocaci\u00f3n \u00f3ptimaBot\u00f3n de silenciamiento suave al tacto con anillo de luz LED para indicar cu\u00e1ndo est\u00e1 activadoControl de ganancia con anillo de luz LED para indicar la saturaci\u00f3n de potencia o audioControl de mezcla para balancear el nivel del micr\u00f3fono y del dispositivoSalida de aud\u00edfonos de 3.5 mm para monitoreo de audioControl de volumen de los aud\u00edfonosCarcasa robusta de metal y acabado de calidad superiorProfile incluye un micr\u00f3fono, un soporte de mesa y un cable USB-C de 1.2 mEl Profile Streaming Set incluye un micr\u00f3fono, un soporte boom articulado con gesti\u00f3n de cable integrado, un cable USB-C de 3 m y una bolsa para el micr\u00f3fono","breadcrumb":{"@id":"https:\/\/www.mexicanguitarplayers.com\/tienda\/sin categor\u00eda\/microfono-sennheiser-usb-mod-profile\/#breadcrumb"},"inLanguage":"en-US","potentialAction":[{"@type":"ReadAction","target":["https:\/\/www.mexicanguitarplayers.com\/tienda\/sin categor\u00eda\/microfono-sennheiser-usb-mod-profile\/"]}]},{"@type":"ImageObject","inLanguage":"en-US","@id":"https:\/\/www.mexicanguitarplayers.com\/tienda\/sin categor\u00eda\/microfono-sennheiser-usb-mod-profile\/#primaryimage","url":"https:\/\/www.mexicanguitarplayers.com\/wp-content\/uploads\/2025\/04\/IASENPROFILE.jpg","contentUrl":"https:\/\/www.mexicanguitarplayers.com\/wp-content\/uploads\/2025\/04\/IASENPROFILE.jpg","width":800,"height":1600},{"@type":"BreadcrumbList","@id":"https:\/\/www.mexicanguitarplayers.com\/tienda\/sin categor\u00eda\/microfono-sennheiser-usb-mod-profile\/#breadcrumb","itemListElement":[{"@type":"ListItem","position":1,"name":"Portada","item":"https:\/\/www.mexicanguitarplayers.com\/"},{"@type":"ListItem","position":2,"name":"Tienda","item":"https:\/\/www.mexicanguitarplayers.com\/tienda\/"},{"@type":"ListItem","position":3,"name":"MICROFONO SENNHEISER USB MOD. PROFILE"}]},{"@type":"WebSite","@id":"https:\/\/www.mexicanguitarplayers.com\/#website","url":"https:\/\/www.mexicanguitarplayers.com\/","name":"Mexican Guitar Players","description":"Website","publisher":{"@id":"https:\/\/www.mexicanguitarplayers.com\/#organization"},"potentialAction":[{"@type":"SearchAction","target":{"@type":"EntryPoint","urlTemplate":"https:\/\/www.mexicanguitarplayers.com\/?s={search_term_string}"},"query-input":{"@type":"PropertyValueSpecification","valueRequired":true,"valueName":"search_term_string"}}],"inLanguage":"en-US"},{"@type":"Organization","@id":"https:\/\/www.mexicanguitarplayers.com\/#organization","name":"Mexican Guitar Players","url":"https:\/\/www.mexicanguitarplayers.com\/","logo":{"@type":"ImageObject","inLanguage":"en-US","@id":"https:\/\/www.mexicanguitarplayers.com\/#\/schema\/logo\/image\/","url":"","contentUrl":"","caption":"Mexican Guitar Players"},"image":{"@id":"https:\/\/www.mexicanguitarplayers.com\/#\/schema\/logo\/image\/"}}]}},"brands":[{"id":176,"name":"SENNHEISER","slug":"sennheiser"}],"_links":{"self":[{"href":"https:\/\/www.mexicanguitarplayers.com\/en\/wp-json\/wp\/v2\/product\/35787","targetHints":{"allow":["GET"]}}],"collection":[{"href":"https:\/\/www.mexicanguitarplayers.com\/en\/wp-json\/wp\/v2\/product"}],"about":[{"href":"https:\/\/www.mexicanguitarplayers.com\/en\/wp-json\/wp\/v2\/types\/product"}],"replies":[{"embeddable":true,"href":"https:\/\/www.mexicanguitarplayers.com\/en\/wp-json\/wp\/v2\/comments?post=35787"}],"wp:featuredmedia":[{"embeddable":true,"href":"https:\/\/www.mexicanguitarplayers.com\/en\/wp-json\/wp\/v2\/media\/35779"}],"wp:attachment":[{"href":"https:\/\/www.mexicanguitarplayers.com\/en\/wp-json\/wp\/v2\/media?parent=35787"}],"wp:term":[{"taxonomy":"pwb-brand","embeddable":true,"href":"https:\/\/www.mexicanguitarplayers.com\/en\/wp-json\/wp\/v2\/pwb-brand?post=35787"},{"taxonomy":"product_brand","embeddable":true,"href":"https:\/\/www.mexicanguitarplayers.com\/en\/wp-json\/wp\/v2\/product_brand?post=35787"},{"taxonomy":"product_cat","embeddable":true,"href":"https:\/\/www.mexicanguitarplayers.com\/en\/wp-json\/wp\/v2\/product_cat?post=35787"},{"taxonomy":"product_tag","embeddable":true,"href":"https:\/\/www.mexicanguitarplayers.com\/en\/wp-json\/wp\/v2\/product_tag?post=35787"}],"curies":[{"name":"wp","href":"https:\/\/api.w.org\/{rel}","templated":true}]}}