{"id":35797,"date":"2025-04-08T22:21:29","date_gmt":"2025-04-09T04:21:29","guid":{"rendered":"https:\/\/www.mexicanguitarplayers.com\/tienda\/sin categor\u00eda\/cubiertas-sd-juego-single-coil-negras-c-logo\/"},"modified":"2026-05-01T07:20:57","modified_gmt":"2026-05-01T13:20:57","slug":"cubiertas-sd-juego-single-coil-negras-c-logo","status":"publish","type":"product","link":"https:\/\/www.mexicanguitarplayers.com\/en\/tienda\/accesorios\/para-bateria\/hardware-para-bateria\/cubiertas-sd-juego-single-coil-negras-c-logo\/","title":{"rendered":"CUBIERTAS SD JUEGO SINGLE COIL NEGRAS C\/LOGO"},"content":{"rendered":"<div style=\"text-align: justify\">\n<div>\n<h3>Lo mejor en accesorios y hardware para tu guitarra.<\/h3>\n<\/div>\n<div>Nuestras cubiertas para pastillas Strat est\u00e1n dise\u00f1adas para tener exactamente las mismas dimensiones f\u00edsicas que una cubierta para pastillas Fender American Standard Strat. Se adaptar\u00e1n a todas nuestras single-coils modelo SSL (con excepci\u00f3n de los modelos Quarter Pound, que son demasiado grandes para una cubierta). Este es un set de 3 cubiertas, con el logotipo de Seymour Duncan. El terminado negro brillante est\u00e1 dise\u00f1ado para combinar con el color de las cubiertas negras de Fender. El terminado brillante de color crema est\u00e1 dise\u00f1ado para parecerse a una vieja cubierta de &#8220;blanco envejecido&#8221;. El acabado brillante de color pergamino blanquecino est\u00e1 dise\u00f1ado para combinar con el color blanco est\u00e1ndar de Fender.<\/div>\n<div>\n<h4>Characteristics<\/h4>\n<\/div>\n<div>\n<ul style=\"margin: 0px 0px 0px 25px\">\n<li style=\"list-style-type: circle;margin: 5px\">Set de 3 cubiertas de pastilla para Strat de 6 cuerdas.<\/li>\n<\/ul>\n<\/div>\n<\/div>","protected":false},"excerpt":{"rendered":"<p>Set de 3 cubiertas de pastilla para Strat de 6 cuerdas, terminado color negro, con logotipo de Seymour Duncan, se adaptan a todas nuestras single-coils modelo SSL (con excepci\u00f3n de los modelos Quarter Pound).&hellip; <a class=\"kt-excerpt-readmore more-link\" href=\"https:\/\/www.mexicanguitarplayers.com\/en\/tienda\/accesorios\/para-bateria\/hardware-para-bateria\/cubiertas-sd-juego-single-coil-negras-c-logo\/\">Read more<\/a><\/p>","protected":false},"featured_media":35794,"comment_status":"open","ping_status":"closed","template":"","meta":{"kt_blocks_editor_width":""},"pwb-brand":[502],"product_brand":[],"product_cat":[85,435,336],"product_tag":[],"class_list":{"0":"post-35797","1":"product","2":"type-product","3":"status-publish","4":"has-post-thumbnail","6":"pwb-brand-seymour-duncan","7":"product_cat-accesorios","8":"product_cat-hardware-para-bateria","9":"product_cat-para-guitarras","10":"product_shipping_class-0-5-kg","12":"first","13":"instock","14":"taxable","15":"shipping-taxable","16":"purchasable","17":"product-type-simple"},"yoast_head":"<!-- This site is optimized with the Yoast SEO plugin v27.5 - https:\/\/yoast.com\/product\/yoast-seo-wordpress\/ -->\n<title>CUBIERTAS SD JUEGO SINGLE COIL NEGRAS C\/LOGO - Mexican Guitar Players<\/title>\n<meta name=\"description\" content=\"Set de 3 cubiertas de pastilla para Strat de 6 cuerdas, terminado color negro, con logotipo de Seymour Duncan, se adaptan a todas nuestras single-coils modelo SSL (con excepci\u00f3n de los modelos Quarter Pound).\" \/>\n<meta name=\"robots\" content=\"index, follow, max-snippet:-1, max-image-preview:large, max-video-preview:-1\" \/>\n<link rel=\"canonical\" href=\"https:\/\/www.mexicanguitarplayers.com\/en\/tienda\/sin%20categor\u00eda\/cubiertas-sd-juego-single-coil-negras-c-logo\/\" \/>\n<meta property=\"og:locale\" content=\"en_US\" \/>\n<meta property=\"og:type\" content=\"article\" \/>\n<meta property=\"og:title\" content=\"CUBIERTAS SD JUEGO SINGLE COIL NEGRAS C\/LOGO - Mexican Guitar Players\" \/>\n<meta property=\"og:description\" content=\"Set de 3 cubiertas de pastilla para Strat de 6 cuerdas, terminado color negro, con logotipo de Seymour Duncan, se adaptan a todas nuestras single-coils modelo SSL (con excepci\u00f3n de los modelos Quarter Pound).\" \/>\n<meta property=\"og:url\" content=\"https:\/\/www.mexicanguitarplayers.com\/en\/tienda\/sin categor\u00eda\/cubiertas-sd-juego-single-coil-negras-c-logo\/\" \/>\n<meta property=\"og:site_name\" content=\"Mexican Guitar Players\" \/>\n<meta property=\"article:modified_time\" content=\"2026-05-01T13:20:57+00:00\" \/>\n<meta name=\"twitter:card\" content=\"summary_large_image\" \/>\n<meta name=\"twitter:label1\" content=\"Est. reading time\" \/>\n\t<meta name=\"twitter:data1\" content=\"1 minute\" \/>\n<script type=\"application\/ld+json\" class=\"yoast-schema-graph\">{\"@context\":\"https:\\\/\\\/schema.org\",\"@graph\":[{\"@type\":[\"WebPage\",\"ItemPage\"],\"@id\":\"https:\\\/\\\/www.mexicanguitarplayers.com\\\/tienda\\\/sin categor\u00eda\\\/cubiertas-sd-juego-single-coil-negras-c-logo\\\/\",\"url\":\"https:\\\/\\\/www.mexicanguitarplayers.com\\\/tienda\\\/sin categor\u00eda\\\/cubiertas-sd-juego-single-coil-negras-c-logo\\\/\",\"name\":\"CUBIERTAS SD JUEGO SINGLE COIL NEGRAS C\\\/LOGO - Mexican Guitar Players\",\"isPartOf\":{\"@id\":\"https:\\\/\\\/www.mexicanguitarplayers.com\\\/#website\"},\"primaryImageOfPage\":{\"@id\":\"https:\\\/\\\/www.mexicanguitarplayers.com\\\/tienda\\\/sin categor\u00eda\\\/cubiertas-sd-juego-single-coil-negras-c-logo\\\/#primaryimage\"},\"image\":{\"@id\":\"https:\\\/\\\/www.mexicanguitarplayers.com\\\/tienda\\\/sin categor\u00eda\\\/cubiertas-sd-juego-single-coil-negras-c-logo\\\/#primaryimage\"},\"thumbnailUrl\":\"https:\\\/\\\/www.mexicanguitarplayers.com\\\/wp-content\\\/uploads\\\/2025\\\/04\\\/RASEO1180001B.jpg\",\"datePublished\":\"2025-04-09T04:21:29+00:00\",\"dateModified\":\"2026-05-01T13:20:57+00:00\",\"description\":\"Set de 3 cubiertas de pastilla para Strat de 6 cuerdas, terminado color negro, con logotipo de Seymour Duncan, se adaptan a todas nuestras single-coils modelo SSL (con excepci\u00f3n de los modelos Quarter Pound).\",\"breadcrumb\":{\"@id\":\"https:\\\/\\\/www.mexicanguitarplayers.com\\\/tienda\\\/sin categor\u00eda\\\/cubiertas-sd-juego-single-coil-negras-c-logo\\\/#breadcrumb\"},\"inLanguage\":\"en-US\",\"potentialAction\":[{\"@type\":\"ReadAction\",\"target\":[\"https:\\\/\\\/www.mexicanguitarplayers.com\\\/tienda\\\/sin categor\u00eda\\\/cubiertas-sd-juego-single-coil-negras-c-logo\\\/\"]}]},{\"@type\":\"ImageObject\",\"inLanguage\":\"en-US\",\"@id\":\"https:\\\/\\\/www.mexicanguitarplayers.com\\\/tienda\\\/sin categor\u00eda\\\/cubiertas-sd-juego-single-coil-negras-c-logo\\\/#primaryimage\",\"url\":\"https:\\\/\\\/www.mexicanguitarplayers.com\\\/wp-content\\\/uploads\\\/2025\\\/04\\\/RASEO1180001B.jpg\",\"contentUrl\":\"https:\\\/\\\/www.mexicanguitarplayers.com\\\/wp-content\\\/uploads\\\/2025\\\/04\\\/RASEO1180001B.jpg\",\"width\":1200,\"height\":1200},{\"@type\":\"BreadcrumbList\",\"@id\":\"https:\\\/\\\/www.mexicanguitarplayers.com\\\/tienda\\\/sin categor\u00eda\\\/cubiertas-sd-juego-single-coil-negras-c-logo\\\/#breadcrumb\",\"itemListElement\":[{\"@type\":\"ListItem\",\"position\":1,\"name\":\"Portada\",\"item\":\"https:\\\/\\\/www.mexicanguitarplayers.com\\\/\"},{\"@type\":\"ListItem\",\"position\":2,\"name\":\"Tienda\",\"item\":\"https:\\\/\\\/www.mexicanguitarplayers.com\\\/tienda\\\/\"},{\"@type\":\"ListItem\",\"position\":3,\"name\":\"CUBIERTAS SD JUEGO SINGLE COIL NEGRAS C\\\/LOGO\"}]},{\"@type\":\"WebSite\",\"@id\":\"https:\\\/\\\/www.mexicanguitarplayers.com\\\/#website\",\"url\":\"https:\\\/\\\/www.mexicanguitarplayers.com\\\/\",\"name\":\"Mexican Guitar Players\",\"description\":\"Website\",\"publisher\":{\"@id\":\"https:\\\/\\\/www.mexicanguitarplayers.com\\\/#organization\"},\"potentialAction\":[{\"@type\":\"SearchAction\",\"target\":{\"@type\":\"EntryPoint\",\"urlTemplate\":\"https:\\\/\\\/www.mexicanguitarplayers.com\\\/?s={search_term_string}\"},\"query-input\":{\"@type\":\"PropertyValueSpecification\",\"valueRequired\":true,\"valueName\":\"search_term_string\"}}],\"inLanguage\":\"en-US\"},{\"@type\":\"Organization\",\"@id\":\"https:\\\/\\\/www.mexicanguitarplayers.com\\\/#organization\",\"name\":\"Mexican Guitar Players\",\"url\":\"https:\\\/\\\/www.mexicanguitarplayers.com\\\/\",\"logo\":{\"@type\":\"ImageObject\",\"inLanguage\":\"en-US\",\"@id\":\"https:\\\/\\\/www.mexicanguitarplayers.com\\\/#\\\/schema\\\/logo\\\/image\\\/\",\"url\":\"\",\"contentUrl\":\"\",\"caption\":\"Mexican Guitar Players\"},\"image\":{\"@id\":\"https:\\\/\\\/www.mexicanguitarplayers.com\\\/#\\\/schema\\\/logo\\\/image\\\/\"}}]}<\/script>\n<!-- \/ Yoast SEO plugin. -->","yoast_head_json":{"title":"CUBIERTAS SD JUEGO SINGLE COIL NEGRAS C\/LOGO - Mexican Guitar Players","description":"Set de 3 cubiertas de pastilla para Strat de 6 cuerdas, terminado color negro, con logotipo de Seymour Duncan, se adaptan a todas nuestras single-coils modelo SSL (con excepci\u00f3n de los modelos Quarter Pound).","robots":{"index":"index","follow":"follow","max-snippet":"max-snippet:-1","max-image-preview":"max-image-preview:large","max-video-preview":"max-video-preview:-1"},"canonical":"https:\/\/www.mexicanguitarplayers.com\/en\/tienda\/sin categor\u00eda\/cubiertas-sd-juego-single-coil-negras-c-logo\/","og_locale":"en_US","og_type":"article","og_title":"CUBIERTAS SD JUEGO SINGLE COIL NEGRAS C\/LOGO - Mexican Guitar Players","og_description":"Set de 3 cubiertas de pastilla para Strat de 6 cuerdas, terminado color negro, con logotipo de Seymour Duncan, se adaptan a todas nuestras single-coils modelo SSL (con excepci\u00f3n de los modelos Quarter Pound).","og_url":"https:\/\/www.mexicanguitarplayers.com\/en\/tienda\/sin categor\u00eda\/cubiertas-sd-juego-single-coil-negras-c-logo\/","og_site_name":"Mexican Guitar Players","article_modified_time":"2026-05-01T13:20:57+00:00","twitter_card":"summary_large_image","twitter_misc":{"Est. reading time":"1 minute"},"schema":{"@context":"https:\/\/schema.org","@graph":[{"@type":["WebPage","ItemPage"],"@id":"https:\/\/www.mexicanguitarplayers.com\/tienda\/sin categor\u00eda\/cubiertas-sd-juego-single-coil-negras-c-logo\/","url":"https:\/\/www.mexicanguitarplayers.com\/tienda\/sin categor\u00eda\/cubiertas-sd-juego-single-coil-negras-c-logo\/","name":"CUBIERTAS SD JUEGO SINGLE COIL NEGRAS C\/LOGO - Mexican Guitar Players","isPartOf":{"@id":"https:\/\/www.mexicanguitarplayers.com\/#website"},"primaryImageOfPage":{"@id":"https:\/\/www.mexicanguitarplayers.com\/tienda\/sin categor\u00eda\/cubiertas-sd-juego-single-coil-negras-c-logo\/#primaryimage"},"image":{"@id":"https:\/\/www.mexicanguitarplayers.com\/tienda\/sin categor\u00eda\/cubiertas-sd-juego-single-coil-negras-c-logo\/#primaryimage"},"thumbnailUrl":"https:\/\/www.mexicanguitarplayers.com\/wp-content\/uploads\/2025\/04\/RASEO1180001B.jpg","datePublished":"2025-04-09T04:21:29+00:00","dateModified":"2026-05-01T13:20:57+00:00","description":"Set de 3 cubiertas de pastilla para Strat de 6 cuerdas, terminado color negro, con logotipo de Seymour Duncan, se adaptan a todas nuestras single-coils modelo SSL (con excepci\u00f3n de los modelos Quarter Pound).","breadcrumb":{"@id":"https:\/\/www.mexicanguitarplayers.com\/tienda\/sin categor\u00eda\/cubiertas-sd-juego-single-coil-negras-c-logo\/#breadcrumb"},"inLanguage":"en-US","potentialAction":[{"@type":"ReadAction","target":["https:\/\/www.mexicanguitarplayers.com\/tienda\/sin categor\u00eda\/cubiertas-sd-juego-single-coil-negras-c-logo\/"]}]},{"@type":"ImageObject","inLanguage":"en-US","@id":"https:\/\/www.mexicanguitarplayers.com\/tienda\/sin categor\u00eda\/cubiertas-sd-juego-single-coil-negras-c-logo\/#primaryimage","url":"https:\/\/www.mexicanguitarplayers.com\/wp-content\/uploads\/2025\/04\/RASEO1180001B.jpg","contentUrl":"https:\/\/www.mexicanguitarplayers.com\/wp-content\/uploads\/2025\/04\/RASEO1180001B.jpg","width":1200,"height":1200},{"@type":"BreadcrumbList","@id":"https:\/\/www.mexicanguitarplayers.com\/tienda\/sin categor\u00eda\/cubiertas-sd-juego-single-coil-negras-c-logo\/#breadcrumb","itemListElement":[{"@type":"ListItem","position":1,"name":"Portada","item":"https:\/\/www.mexicanguitarplayers.com\/"},{"@type":"ListItem","position":2,"name":"Tienda","item":"https:\/\/www.mexicanguitarplayers.com\/tienda\/"},{"@type":"ListItem","position":3,"name":"CUBIERTAS SD JUEGO SINGLE COIL NEGRAS C\/LOGO"}]},{"@type":"WebSite","@id":"https:\/\/www.mexicanguitarplayers.com\/#website","url":"https:\/\/www.mexicanguitarplayers.com\/","name":"Mexican Guitar Players","description":"Website","publisher":{"@id":"https:\/\/www.mexicanguitarplayers.com\/#organization"},"potentialAction":[{"@type":"SearchAction","target":{"@type":"EntryPoint","urlTemplate":"https:\/\/www.mexicanguitarplayers.com\/?s={search_term_string}"},"query-input":{"@type":"PropertyValueSpecification","valueRequired":true,"valueName":"search_term_string"}}],"inLanguage":"en-US"},{"@type":"Organization","@id":"https:\/\/www.mexicanguitarplayers.com\/#organization","name":"Mexican Guitar Players","url":"https:\/\/www.mexicanguitarplayers.com\/","logo":{"@type":"ImageObject","inLanguage":"en-US","@id":"https:\/\/www.mexicanguitarplayers.com\/#\/schema\/logo\/image\/","url":"","contentUrl":"","caption":"Mexican Guitar Players"},"image":{"@id":"https:\/\/www.mexicanguitarplayers.com\/#\/schema\/logo\/image\/"}}]}},"brands":[{"id":502,"name":"SEYMOUR DUNCAN","slug":"seymour-duncan"}],"_links":{"self":[{"href":"https:\/\/www.mexicanguitarplayers.com\/en\/wp-json\/wp\/v2\/product\/35797","targetHints":{"allow":["GET"]}}],"collection":[{"href":"https:\/\/www.mexicanguitarplayers.com\/en\/wp-json\/wp\/v2\/product"}],"about":[{"href":"https:\/\/www.mexicanguitarplayers.com\/en\/wp-json\/wp\/v2\/types\/product"}],"replies":[{"embeddable":true,"href":"https:\/\/www.mexicanguitarplayers.com\/en\/wp-json\/wp\/v2\/comments?post=35797"}],"wp:featuredmedia":[{"embeddable":true,"href":"https:\/\/www.mexicanguitarplayers.com\/en\/wp-json\/wp\/v2\/media\/35794"}],"wp:attachment":[{"href":"https:\/\/www.mexicanguitarplayers.com\/en\/wp-json\/wp\/v2\/media?parent=35797"}],"wp:term":[{"taxonomy":"pwb-brand","embeddable":true,"href":"https:\/\/www.mexicanguitarplayers.com\/en\/wp-json\/wp\/v2\/pwb-brand?post=35797"},{"taxonomy":"product_brand","embeddable":true,"href":"https:\/\/www.mexicanguitarplayers.com\/en\/wp-json\/wp\/v2\/product_brand?post=35797"},{"taxonomy":"product_cat","embeddable":true,"href":"https:\/\/www.mexicanguitarplayers.com\/en\/wp-json\/wp\/v2\/product_cat?post=35797"},{"taxonomy":"product_tag","embeddable":true,"href":"https:\/\/www.mexicanguitarplayers.com\/en\/wp-json\/wp\/v2\/product_tag?post=35797"}],"curies":[{"name":"wp","href":"https:\/\/api.w.org\/{rel}","templated":true}]}}