{"id":35800,"date":"2025-04-08T22:21:32","date_gmt":"2025-04-09T04:21:32","guid":{"rendered":"https:\/\/www.mexicanguitarplayers.com\/tienda\/sin categor\u00eda\/bafle-wharfedale-c-poder-kinetic-12a\/"},"modified":"2026-04-10T04:27:44","modified_gmt":"2026-04-10T10:27:44","slug":"bafle-wharfedale-c-poder-kinetic-12a","status":"publish","type":"product","link":"https:\/\/www.mexicanguitarplayers.com\/en\/tienda\/audio\/bafles-y-bocinas\/bafles\/bafles-activos\/bafle-wharfedale-c-poder-kinetic-12a\/","title":{"rendered":"BAFLE WHARFEDALE C\/PODER   KINETIC 12A"},"content":{"rendered":"<div style=\"text-align: justify\">\n<div>\n<h3>Sonido de calidad con una gran durabilidad.<\/h3>\n<\/div>\n<div>El Kinetic 12A ofrece una potencia incomparable en un paquete ultra-port\u00e1til a bajo costo. El Kinetic 12A ofrece las caracter\u00edsticas profesionales que el Kinetic 12 para asegurar la calidad del sonido y una durabilidad excelente, con los beneficios de conveniencia y rendimiento que  un sistema auto amplificado, bi amplificado de bocinas brinda. La serie Kinetic es adecuada para una amplia gama de aplicaciones, es una opci\u00f3n ideal para peque\u00f1os grupos o DJ port\u00e1til que necesitan un refuerzo de sonido pesado dentro de un buen presupuesto.<\/div>\n<div>\n<h4>Quick look<\/h4>\n<\/div>\n<ul style=\"margin: 0px 0px 0px 25px\">\n<li style=\"list-style-type: circle;margin: 5px\">Tipo de sistema.<\/li>\n<li style=\"list-style-type: circle;margin: 5px\">Respuesta de frecuencia +\/- 3 dB.<\/li>\n<li style=\"list-style-type: circle;margin: 5px\">Driver LF<\/li>\n<li style=\"list-style-type: circle;margin: 5px\">Secci\u00f3n HF<\/li>\n<li style=\"list-style-type: circle;margin: 5px\">Detalles de coriente.<\/li>\n<li style=\"list-style-type: circle;margin: 5px\">Conector de salida:<\/li>\n<li style=\"list-style-type: circle;margin: 5px\">Entrada A (balanceada).<\/li>\n<li style=\"list-style-type: circle;margin: 5px\">Entrada B (balanceada).<\/li>\n<li style=\"list-style-type: circle;margin: 5px\">Amplificadores.<\/li>\n<li style=\"list-style-type: circle;margin: 5px\">Protecci\u00f3n de amplificador.<\/li>\n<li style=\"list-style-type: circle;margin: 5px\">Apariencia.<\/li>\n<li style=\"list-style-type: circle;margin: 5px\">Peso neto.<\/li>\n<\/ul>\n<div>\n<div style=\"font-weight: bold\">Tipo de sistema.<\/div>\n<div>\n<p>Activo. 12\u201d pulgadas. 2 v\u00edas. Sistema Bi-amplificado.<\/p>\n<\/div>\n<div style=\"font-weight: bold\">Respuesta de frecuencia +\/- 3 dB.<\/div>\n<div>\n<p>60-20k Hz.<\/p>\n<\/div>\n<div style=\"font-weight: bold\">Driver LF<\/div>\n<div>\n<p>Tama\u00f1o: 305 mm \/ 12\u201d pulgadas.  Tama\u00f1o de la bobina de voz: 50.8 mm \/ 2.0\u201d pulgadas. Impedancia: 4 ohms.<\/p>\n<\/div>\n<div style=\"font-weight: bold\">Secci\u00f3n HF<\/div>\n<div>\n<p>Bobina de voz: 25.4 mm \/ 1\u201d pulgada. Tipo: Driver de compresi\u00f3n. Difusor de dispersi\u00f3n. (H X V): 90\u00b0 x 60\u00b0. Tama\u00f1o de salida: 30.5 mm \/ 1.2\u201d pulgadas. Material del diafragma: Fen\u00f3lico.<\/p>\n<\/div>\n<div style=\"font-weight: bold\">Detalles de coriente.<\/div>\n<div>\n<p>Fuente de alimentaci\u00f3n: SMPS. Opciones de corriente: AC100V-120V~ \/ 220V-240V~, 50\/60Hz. Indicador de encendido: Led verde.<\/p>\n<\/div>\n<div style=\"font-weight: bold\">Conector de salida:<\/div>\n<div>\n<p>XLR macho.<\/p>\n<\/div>\n<div style=\"font-weight: bold\">Entrada A (balanceada).<\/div>\n<div>\n<p>Sensibilidad de entrada: 0dBu para l\u00ednea, -40dBu para micr\u00f3fono. Nivel de entrada m\u00e1ximo: 20 dBu. Conector de entrada: TRS Jack y XLR hembra. Impedancia de entrada: 22kO Balanceados \/ 11kO No balanceados.<\/p>\n<\/div>\n<div style=\"font-weight: bold\">Entrada B (balanceada).<\/div>\n<div>\n<p>Sensibilidad de entrada: 0 dBu. Nivel de entrada m\u00e1ximo:20 dBu. Conectores de entrada:TRS Jack y XLR hembra.<\/p>\n<\/div>\n<div style=\"font-weight: bold\">Amplificadores.<\/div>\n<div>\n<p>Frecuencia baja (Clase D): 220W \/ 350W Frecuencia alta (Clase D):70W \/ 140W Frecuencia del crossover:2.7 kHz. Ecualizaci\u00f3n: \u00b112dB 12kHz HF shelving,\u00b112dB 100Hz LF shelving.<\/p>\n<\/div>\n<div style=\"font-weight: bold\">Protecci\u00f3n de amplificador.<\/div>\n<div>\n<p>Protecci\u00f3n de encendido: Power switch on \/ off mute. Protecci\u00f3n termal: Amplifier shutdown, auto reset. Indicador limitador: Led rojo. Indicador de encendido:Led verde.<\/p>\n<\/div>\n<div style=\"font-weight: bold\">Apariencia.<\/div>\n<div>\n<p>Material: Madera contrachap\u00e1da. Acabado:Alfombra negra.<\/p>\n<\/div>\n<div style=\"font-weight: bold\">Peso neto.<\/div>\n<div>\n<p>13.26 kg.<\/p>\n<\/div>\n<\/div>\n<div>\n<h4>Characteristics<\/h4>\n<\/div>\n<div>\n<ul style=\"margin: 0px 0px 0px 25px\">\n<li style=\"list-style-type: circle;margin: 5px\">Auto amplificado y Bi-amplificado.<\/li>\n<li style=\"list-style-type: circle;margin: 5px\">Woofer de 12&#8243;con bobina de voz de 2&#8243;.<\/li>\n<li style=\"list-style-type: circle;margin: 5px\">Diafragma fen\u00f3lico. Conductor de la compresi\u00f3n con bobina de voz de 1\u201d pulgada.<\/li>\n<li style=\"list-style-type: circle;margin: 5px\">Clase D con Amplificadores de Potencia LF y HF.<\/li>\n<li style=\"list-style-type: circle;margin: 5px\">Se\u00f1al limitante Independiente LF y HF.<\/li>\n<li style=\"list-style-type: circle;margin: 5px\">Termal, DC y protecci\u00f3n contra corto circuito.<\/li>\n<li style=\"list-style-type: circle;margin: 5px\">Controles de ecualizaci\u00f3n LF y HF.<\/li>\n<li style=\"list-style-type: circle;margin: 5px\">Mezcladora de dos canales integrada.<\/li>\n<li style=\"list-style-type: circle;margin: 5px\">2x \u00bc &#8220;TRS Jack y XLR Mic \/ Entradas de nivel de l\u00ednea.<\/li>\n<li style=\"list-style-type: circle;margin: 5px\">Panel trasero Mic \/ Line Switching.<\/li>\n<li style=\"list-style-type: circle;margin: 5px\">L\u00ednea de nivel de salida XLR balanceado.<\/li>\n<li style=\"list-style-type: circle;margin: 5px\">Indicador de l\u00edmite Panel trasero de led.<\/li>\n<li style=\"list-style-type: circle;margin: 5px\">Controles de volumen independientes.<\/li>\n<li style=\"list-style-type: circle;margin: 5px\">Alfombra Negra Resistente.<\/li>\n<\/ul>\n<\/div>\n<\/div>","protected":false},"excerpt":{"rendered":"<p>Bafle activo biamplificado de dos v\u00edas, serie Kinetic, woofer de 12\u201d pulgadas, impedancia: 4 ohms, potencia pico: 490 watts (LF 350 watts, HF 140 watts), diafragma fen\u00f3lico, entrada: XLR y TRS 1\/4\u201d, salida XLR macho, ajuste de agudos y bajos, gabinete de madera contrachapada, terminado en alfombra negra, peso: 13.26 kg.&hellip; <a class=\"kt-excerpt-readmore more-link\" href=\"https:\/\/www.mexicanguitarplayers.com\/en\/tienda\/audio\/bafles-y-bocinas\/bafles\/bafles-activos\/bafle-wharfedale-c-poder-kinetic-12a\/\">Read more<\/a><\/p>","protected":false},"featured_media":35798,"comment_status":"open","ping_status":"closed","template":"","meta":{"kt_blocks_editor_width":""},"pwb-brand":[555],"product_brand":[],"product_cat":[213,222,472,221],"product_tag":[],"class_list":{"0":"post-35800","1":"product","2":"type-product","3":"status-publish","4":"has-post-thumbnail","6":"pwb-brand-wharfedale","7":"product_cat-audio","8":"product_cat-bafles","9":"product_cat-bafles-activos","10":"product_cat-bafles-y-bocinas","11":"product_shipping_class-15-20-kg","13":"first","14":"outofstock","15":"taxable","16":"shipping-taxable","17":"purchasable","18":"product-type-simple"},"yoast_head":"<!-- This site is optimized with the Yoast SEO plugin v27.5 - https:\/\/yoast.com\/product\/yoast-seo-wordpress\/ -->\n<title>BAFLE WHARFEDALE C\/PODER  KINETIC 12A - Mexican Guitar Players<\/title>\n<meta name=\"description\" content=\"Bafle activo biamplificado de dos v\u00edas, serie Kinetic, woofer de 12\u201d pulgadas, impedancia: 4 ohms, potencia pico: 490 watts (LF 350 watts, HF 140 watts), diafragma fen\u00f3lico, entrada: XLR y TRS 1\/4\u201d, salida XLR macho, ajuste de agudos y bajos, gabinete de madera contrachapada, terminado en alfombra negra, peso: 13.26 kg.\" \/>\n<meta name=\"robots\" content=\"index, follow, max-snippet:-1, max-image-preview:large, max-video-preview:-1\" \/>\n<link rel=\"canonical\" href=\"https:\/\/www.mexicanguitarplayers.com\/en\/tienda\/sin%20categor\u00eda\/bafle-wharfedale-c-poder-kinetic-12a\/\" \/>\n<meta property=\"og:locale\" content=\"en_US\" \/>\n<meta property=\"og:type\" content=\"article\" \/>\n<meta property=\"og:title\" content=\"BAFLE WHARFEDALE C\/PODER  KINETIC 12A - Mexican Guitar Players\" \/>\n<meta property=\"og:description\" content=\"Bafle activo biamplificado de dos v\u00edas, serie Kinetic, woofer de 12\u201d pulgadas, impedancia: 4 ohms, potencia pico: 490 watts (LF 350 watts, HF 140 watts), diafragma fen\u00f3lico, entrada: XLR y TRS 1\/4\u201d, salida XLR macho, ajuste de agudos y bajos, gabinete de madera contrachapada, terminado en alfombra negra, peso: 13.26 kg.\" \/>\n<meta property=\"og:url\" content=\"https:\/\/www.mexicanguitarplayers.com\/en\/tienda\/sin categor\u00eda\/bafle-wharfedale-c-poder-kinetic-12a\/\" \/>\n<meta property=\"og:site_name\" content=\"Mexican Guitar Players\" \/>\n<meta property=\"article:modified_time\" content=\"2026-04-10T10:27:44+00:00\" \/>\n<meta name=\"twitter:card\" content=\"summary_large_image\" \/>\n<meta name=\"twitter:label1\" content=\"Est. reading time\" \/>\n\t<meta name=\"twitter:data1\" content=\"2 minutes\" \/>\n<script type=\"application\/ld+json\" class=\"yoast-schema-graph\">{\"@context\":\"https:\\\/\\\/schema.org\",\"@graph\":[{\"@type\":[\"WebPage\",\"ItemPage\"],\"@id\":\"https:\\\/\\\/www.mexicanguitarplayers.com\\\/tienda\\\/sin categor\u00eda\\\/bafle-wharfedale-c-poder-kinetic-12a\\\/\",\"url\":\"https:\\\/\\\/www.mexicanguitarplayers.com\\\/tienda\\\/sin categor\u00eda\\\/bafle-wharfedale-c-poder-kinetic-12a\\\/\",\"name\":\"BAFLE WHARFEDALE C\\\/PODER KINETIC 12A - Mexican Guitar Players\",\"isPartOf\":{\"@id\":\"https:\\\/\\\/www.mexicanguitarplayers.com\\\/#website\"},\"primaryImageOfPage\":{\"@id\":\"https:\\\/\\\/www.mexicanguitarplayers.com\\\/tienda\\\/sin categor\u00eda\\\/bafle-wharfedale-c-poder-kinetic-12a\\\/#primaryimage\"},\"image\":{\"@id\":\"https:\\\/\\\/www.mexicanguitarplayers.com\\\/tienda\\\/sin categor\u00eda\\\/bafle-wharfedale-c-poder-kinetic-12a\\\/#primaryimage\"},\"thumbnailUrl\":\"https:\\\/\\\/www.mexicanguitarplayers.com\\\/wp-content\\\/uploads\\\/2025\\\/04\\\/IAWHAKINETI12A.jpg\",\"datePublished\":\"2025-04-09T04:21:32+00:00\",\"dateModified\":\"2026-04-10T10:27:44+00:00\",\"description\":\"Bafle activo biamplificado de dos v\u00edas, serie Kinetic, woofer de 12\u201d pulgadas, impedancia: 4 ohms, potencia pico: 490 watts (LF 350 watts, HF 140 watts), diafragma fen\u00f3lico, entrada: XLR y TRS 1\\\/4\u201d, salida XLR macho, ajuste de agudos y bajos, gabinete de madera contrachapada, terminado en alfombra negra, peso: 13.26 kg.\",\"breadcrumb\":{\"@id\":\"https:\\\/\\\/www.mexicanguitarplayers.com\\\/tienda\\\/sin categor\u00eda\\\/bafle-wharfedale-c-poder-kinetic-12a\\\/#breadcrumb\"},\"inLanguage\":\"en-US\",\"potentialAction\":[{\"@type\":\"ReadAction\",\"target\":[\"https:\\\/\\\/www.mexicanguitarplayers.com\\\/tienda\\\/sin categor\u00eda\\\/bafle-wharfedale-c-poder-kinetic-12a\\\/\"]}]},{\"@type\":\"ImageObject\",\"inLanguage\":\"en-US\",\"@id\":\"https:\\\/\\\/www.mexicanguitarplayers.com\\\/tienda\\\/sin categor\u00eda\\\/bafle-wharfedale-c-poder-kinetic-12a\\\/#primaryimage\",\"url\":\"https:\\\/\\\/www.mexicanguitarplayers.com\\\/wp-content\\\/uploads\\\/2025\\\/04\\\/IAWHAKINETI12A.jpg\",\"contentUrl\":\"https:\\\/\\\/www.mexicanguitarplayers.com\\\/wp-content\\\/uploads\\\/2025\\\/04\\\/IAWHAKINETI12A.jpg\",\"width\":300,\"height\":300},{\"@type\":\"BreadcrumbList\",\"@id\":\"https:\\\/\\\/www.mexicanguitarplayers.com\\\/tienda\\\/sin categor\u00eda\\\/bafle-wharfedale-c-poder-kinetic-12a\\\/#breadcrumb\",\"itemListElement\":[{\"@type\":\"ListItem\",\"position\":1,\"name\":\"Portada\",\"item\":\"https:\\\/\\\/www.mexicanguitarplayers.com\\\/\"},{\"@type\":\"ListItem\",\"position\":2,\"name\":\"Tienda\",\"item\":\"https:\\\/\\\/www.mexicanguitarplayers.com\\\/tienda\\\/\"},{\"@type\":\"ListItem\",\"position\":3,\"name\":\"BAFLE WHARFEDALE C\\\/PODER KINETIC 12A\"}]},{\"@type\":\"WebSite\",\"@id\":\"https:\\\/\\\/www.mexicanguitarplayers.com\\\/#website\",\"url\":\"https:\\\/\\\/www.mexicanguitarplayers.com\\\/\",\"name\":\"Mexican Guitar Players\",\"description\":\"Website\",\"publisher\":{\"@id\":\"https:\\\/\\\/www.mexicanguitarplayers.com\\\/#organization\"},\"potentialAction\":[{\"@type\":\"SearchAction\",\"target\":{\"@type\":\"EntryPoint\",\"urlTemplate\":\"https:\\\/\\\/www.mexicanguitarplayers.com\\\/?s={search_term_string}\"},\"query-input\":{\"@type\":\"PropertyValueSpecification\",\"valueRequired\":true,\"valueName\":\"search_term_string\"}}],\"inLanguage\":\"en-US\"},{\"@type\":\"Organization\",\"@id\":\"https:\\\/\\\/www.mexicanguitarplayers.com\\\/#organization\",\"name\":\"Mexican Guitar Players\",\"url\":\"https:\\\/\\\/www.mexicanguitarplayers.com\\\/\",\"logo\":{\"@type\":\"ImageObject\",\"inLanguage\":\"en-US\",\"@id\":\"https:\\\/\\\/www.mexicanguitarplayers.com\\\/#\\\/schema\\\/logo\\\/image\\\/\",\"url\":\"\",\"contentUrl\":\"\",\"caption\":\"Mexican Guitar Players\"},\"image\":{\"@id\":\"https:\\\/\\\/www.mexicanguitarplayers.com\\\/#\\\/schema\\\/logo\\\/image\\\/\"}}]}<\/script>\n<!-- \/ Yoast SEO plugin. -->","yoast_head_json":{"title":"BAFLE WHARFEDALE C\/PODER  KINETIC 12A - Mexican Guitar Players","description":"Bafle activo biamplificado de dos v\u00edas, serie Kinetic, woofer de 12\u201d pulgadas, impedancia: 4 ohms, potencia pico: 490 watts (LF 350 watts, HF 140 watts), diafragma fen\u00f3lico, entrada: XLR y TRS 1\/4\u201d, salida XLR macho, ajuste de agudos y bajos, gabinete de madera contrachapada, terminado en alfombra negra, peso: 13.26 kg.","robots":{"index":"index","follow":"follow","max-snippet":"max-snippet:-1","max-image-preview":"max-image-preview:large","max-video-preview":"max-video-preview:-1"},"canonical":"https:\/\/www.mexicanguitarplayers.com\/en\/tienda\/sin categor\u00eda\/bafle-wharfedale-c-poder-kinetic-12a\/","og_locale":"en_US","og_type":"article","og_title":"BAFLE WHARFEDALE C\/PODER  KINETIC 12A - Mexican Guitar Players","og_description":"Bafle activo biamplificado de dos v\u00edas, serie Kinetic, woofer de 12\u201d pulgadas, impedancia: 4 ohms, potencia pico: 490 watts (LF 350 watts, HF 140 watts), diafragma fen\u00f3lico, entrada: XLR y TRS 1\/4\u201d, salida XLR macho, ajuste de agudos y bajos, gabinete de madera contrachapada, terminado en alfombra negra, peso: 13.26 kg.","og_url":"https:\/\/www.mexicanguitarplayers.com\/en\/tienda\/sin categor\u00eda\/bafle-wharfedale-c-poder-kinetic-12a\/","og_site_name":"Mexican Guitar Players","article_modified_time":"2026-04-10T10:27:44+00:00","twitter_card":"summary_large_image","twitter_misc":{"Est. reading time":"2 minutes"},"schema":{"@context":"https:\/\/schema.org","@graph":[{"@type":["WebPage","ItemPage"],"@id":"https:\/\/www.mexicanguitarplayers.com\/tienda\/sin categor\u00eda\/bafle-wharfedale-c-poder-kinetic-12a\/","url":"https:\/\/www.mexicanguitarplayers.com\/tienda\/sin categor\u00eda\/bafle-wharfedale-c-poder-kinetic-12a\/","name":"BAFLE WHARFEDALE C\/PODER KINETIC 12A - Mexican Guitar Players","isPartOf":{"@id":"https:\/\/www.mexicanguitarplayers.com\/#website"},"primaryImageOfPage":{"@id":"https:\/\/www.mexicanguitarplayers.com\/tienda\/sin categor\u00eda\/bafle-wharfedale-c-poder-kinetic-12a\/#primaryimage"},"image":{"@id":"https:\/\/www.mexicanguitarplayers.com\/tienda\/sin categor\u00eda\/bafle-wharfedale-c-poder-kinetic-12a\/#primaryimage"},"thumbnailUrl":"https:\/\/www.mexicanguitarplayers.com\/wp-content\/uploads\/2025\/04\/IAWHAKINETI12A.jpg","datePublished":"2025-04-09T04:21:32+00:00","dateModified":"2026-04-10T10:27:44+00:00","description":"Bafle activo biamplificado de dos v\u00edas, serie Kinetic, woofer de 12\u201d pulgadas, impedancia: 4 ohms, potencia pico: 490 watts (LF 350 watts, HF 140 watts), diafragma fen\u00f3lico, entrada: XLR y TRS 1\/4\u201d, salida XLR macho, ajuste de agudos y bajos, gabinete de madera contrachapada, terminado en alfombra negra, peso: 13.26 kg.","breadcrumb":{"@id":"https:\/\/www.mexicanguitarplayers.com\/tienda\/sin categor\u00eda\/bafle-wharfedale-c-poder-kinetic-12a\/#breadcrumb"},"inLanguage":"en-US","potentialAction":[{"@type":"ReadAction","target":["https:\/\/www.mexicanguitarplayers.com\/tienda\/sin categor\u00eda\/bafle-wharfedale-c-poder-kinetic-12a\/"]}]},{"@type":"ImageObject","inLanguage":"en-US","@id":"https:\/\/www.mexicanguitarplayers.com\/tienda\/sin categor\u00eda\/bafle-wharfedale-c-poder-kinetic-12a\/#primaryimage","url":"https:\/\/www.mexicanguitarplayers.com\/wp-content\/uploads\/2025\/04\/IAWHAKINETI12A.jpg","contentUrl":"https:\/\/www.mexicanguitarplayers.com\/wp-content\/uploads\/2025\/04\/IAWHAKINETI12A.jpg","width":300,"height":300},{"@type":"BreadcrumbList","@id":"https:\/\/www.mexicanguitarplayers.com\/tienda\/sin categor\u00eda\/bafle-wharfedale-c-poder-kinetic-12a\/#breadcrumb","itemListElement":[{"@type":"ListItem","position":1,"name":"Portada","item":"https:\/\/www.mexicanguitarplayers.com\/"},{"@type":"ListItem","position":2,"name":"Tienda","item":"https:\/\/www.mexicanguitarplayers.com\/tienda\/"},{"@type":"ListItem","position":3,"name":"BAFLE WHARFEDALE C\/PODER KINETIC 12A"}]},{"@type":"WebSite","@id":"https:\/\/www.mexicanguitarplayers.com\/#website","url":"https:\/\/www.mexicanguitarplayers.com\/","name":"Mexican Guitar Players","description":"Website","publisher":{"@id":"https:\/\/www.mexicanguitarplayers.com\/#organization"},"potentialAction":[{"@type":"SearchAction","target":{"@type":"EntryPoint","urlTemplate":"https:\/\/www.mexicanguitarplayers.com\/?s={search_term_string}"},"query-input":{"@type":"PropertyValueSpecification","valueRequired":true,"valueName":"search_term_string"}}],"inLanguage":"en-US"},{"@type":"Organization","@id":"https:\/\/www.mexicanguitarplayers.com\/#organization","name":"Mexican Guitar Players","url":"https:\/\/www.mexicanguitarplayers.com\/","logo":{"@type":"ImageObject","inLanguage":"en-US","@id":"https:\/\/www.mexicanguitarplayers.com\/#\/schema\/logo\/image\/","url":"","contentUrl":"","caption":"Mexican Guitar Players"},"image":{"@id":"https:\/\/www.mexicanguitarplayers.com\/#\/schema\/logo\/image\/"}}]}},"brands":[{"id":555,"name":"WHARFEDALE","slug":"wharfedale"}],"_links":{"self":[{"href":"https:\/\/www.mexicanguitarplayers.com\/en\/wp-json\/wp\/v2\/product\/35800","targetHints":{"allow":["GET"]}}],"collection":[{"href":"https:\/\/www.mexicanguitarplayers.com\/en\/wp-json\/wp\/v2\/product"}],"about":[{"href":"https:\/\/www.mexicanguitarplayers.com\/en\/wp-json\/wp\/v2\/types\/product"}],"replies":[{"embeddable":true,"href":"https:\/\/www.mexicanguitarplayers.com\/en\/wp-json\/wp\/v2\/comments?post=35800"}],"wp:featuredmedia":[{"embeddable":true,"href":"https:\/\/www.mexicanguitarplayers.com\/en\/wp-json\/wp\/v2\/media\/35798"}],"wp:attachment":[{"href":"https:\/\/www.mexicanguitarplayers.com\/en\/wp-json\/wp\/v2\/media?parent=35800"}],"wp:term":[{"taxonomy":"pwb-brand","embeddable":true,"href":"https:\/\/www.mexicanguitarplayers.com\/en\/wp-json\/wp\/v2\/pwb-brand?post=35800"},{"taxonomy":"product_brand","embeddable":true,"href":"https:\/\/www.mexicanguitarplayers.com\/en\/wp-json\/wp\/v2\/product_brand?post=35800"},{"taxonomy":"product_cat","embeddable":true,"href":"https:\/\/www.mexicanguitarplayers.com\/en\/wp-json\/wp\/v2\/product_cat?post=35800"},{"taxonomy":"product_tag","embeddable":true,"href":"https:\/\/www.mexicanguitarplayers.com\/en\/wp-json\/wp\/v2\/product_tag?post=35800"}],"curies":[{"name":"wp","href":"https:\/\/api.w.org\/{rel}","templated":true}]}}