{"id":35855,"date":"2025-04-08T22:22:51","date_gmt":"2025-04-09T04:22:51","guid":{"rendered":"https:\/\/www.mexicanguitarplayers.com\/tienda\/sin categor\u00eda\/bafle-ashdown-p-bajo-mod-abm-410h\/"},"modified":"2026-05-01T07:20:55","modified_gmt":"2026-05-01T13:20:55","slug":"bafle-ashdown-p-bajo-mod-abm-410h","status":"publish","type":"product","link":"https:\/\/www.mexicanguitarplayers.com\/en\/tienda\/cuerdas\/bafles-cuerdas\/bafles-para-bajo\/bafle-ashdown-p-bajo-mod-abm-410h\/","title":{"rendered":"BAFLE ASHDOWN P\/BAJO MOD. ABM-410H"},"content":{"rendered":"<div style=\"text-align: justify\">\n<div>\n<h3>El sonido del bajo moderno.<\/h3>\n<\/div>\n<div>Los gabinetes ABM est\u00e1n dise\u00f1ados para complementar el amplio rango tonal y la potencia de la gama de cabezales ABM, sin comprometer el sonido y el rendimiento. El modelo ABM-610 de 8 ohms a 650 watts est\u00e1 equipado con 4 drivers Ashdown BlueLine de 10&#8243; pulgadas m\u00e1s una bocina conmutable de alta frecuencia (Hi, Low, Off). Construido con una capa de abedul de alto grado y protegido por una resistente cubierta de tela de piel de b\u00fafalo, esquinas met\u00e1licas y rejillas de acero, los gabinetes ABM utilizan manijas de alta calidad  en favor de las manijas inferiores tiradoras, que pueden soltarse luego de a\u00f1os de uso. La vibraci\u00f3n del gabinete se reduce con el uso de resistentes patas de goma. Los altavoces Custom Blue Line de Ashdown est\u00e1n espec\u00edficamente desarrollados para lograr un excelente equilibrio de potencia, transparencia y bajo control, sin sacrificar ninguno de los ataques mid-band y el brillo de gama alta que son tan importantes en el sonido del bajo moderno.<\/div>\n<div>\n<h4>Quick look<\/h4>\n<\/div>\n<ul style=\"margin: 0px 0px 0px 25px\">\n<li style=\"list-style-type: circle;margin: 5px\">Tipo de sistema.<\/li>\n<li style=\"list-style-type: circle;margin: 5px\">Speakers.<\/li>\n<li style=\"list-style-type: circle;margin: 5px\">Power.<\/li>\n<li style=\"list-style-type: circle;margin: 5px\">Frequency response.<\/li>\n<li style=\"list-style-type: circle;margin: 5px\">Impedance.<\/li>\n<li style=\"list-style-type: circle;margin: 5px\">Tickets.<\/li>\n<li style=\"list-style-type: circle;margin: 5px\">SPL.<\/li>\n<li style=\"list-style-type: circle;margin: 5px\">Dimensions.<\/li>\n<li style=\"list-style-type: circle;margin: 5px\">Weight.<\/li>\n<\/ul>\n<div>\n<div style=\"font-weight: bold\">Tipo de sistema.<\/div>\n<div>\n<p>Bafle para bajo.<\/p>\n<\/div>\n<div style=\"font-weight: bold\">Speakers.<\/div>\n<div>\n<p>4 altavoces BlueLine de 10&#8243; pulgadas.<\/p>\n<\/div>\n<div style=\"font-weight: bold\">Power.<\/div>\n<div>\n<p>Continuo: 650 watts. Programa: 900 watts.<\/p>\n<\/div>\n<div style=\"font-weight: bold\">Frequency response.<\/div>\n<div>\n<p>70 Hz &#8211; 20 kHz.<\/p>\n<\/div>\n<div style=\"font-weight: bold\">Impedance.<\/div>\n<div>\n<p>8 ohms.<\/p>\n<\/div>\n<div style=\"font-weight: bold\">Tickets.<\/div>\n<div>\n<p>2 entradas 1\/4&#8243; y 1 Speakon.<\/p>\n<\/div>\n<div style=\"font-weight: bold\">SPL.<\/div>\n<div>\n<p>103 dB.<\/p>\n<\/div>\n<div style=\"font-weight: bold\">Dimensions.<\/div>\n<div>\n<p>661 x 610 x 420 mm.<\/p>\n<\/div>\n<div style=\"font-weight: bold\">Weight.<\/div>\n<div>\n<p>36 kg.<\/p>\n<\/div>\n<\/div>\n<\/div>","protected":false},"excerpt":{"rendered":"<p>Bafle para bajo, 4 altavoces BlueLine de 10\u201d pulgadas, potencia de 650 watts continuos y 900 watts programa, respuesta de frecuencia: 70 Hz &#8211; 20 kHz, impedancia: 8 ohms, 2 entradas 1\/4\u201d y 1 SpeakOn, SPL: 103 dB, dimensiones: 661 x 610 x 420 mm, peso: 36 kg.&hellip; <a class=\"kt-excerpt-readmore more-link\" href=\"https:\/\/www.mexicanguitarplayers.com\/en\/tienda\/cuerdas\/bafles-cuerdas\/bafles-para-bajo\/bafle-ashdown-p-bajo-mod-abm-410h\/\">Read more<\/a><\/p>","protected":false},"featured_media":35849,"comment_status":"open","ping_status":"closed","template":"","meta":{"kt_blocks_editor_width":""},"pwb-brand":[257],"product_brand":[],"product_cat":[222,251,224],"product_tag":[],"class_list":{"0":"post-35855","1":"product","2":"type-product","3":"status-publish","4":"has-post-thumbnail","6":"pwb-brand-ashdown","7":"product_cat-bafles","8":"product_cat-bafles-para-bajo","9":"product_cat-cuerdas","11":"first","12":"instock","13":"taxable","14":"shipping-taxable","15":"purchasable","16":"product-type-simple"},"yoast_head":"<!-- This site is optimized with the Yoast SEO plugin v27.5 - https:\/\/yoast.com\/product\/yoast-seo-wordpress\/ -->\n<title>BAFLE ASHDOWN P\/BAJO MOD. ABM-410H - Mexican Guitar Players<\/title>\n<meta name=\"description\" content=\"Bafle para bajo, 4 altavoces BlueLine de 10\u201d pulgadas, potencia de 650 watts continuos y 900 watts programa, respuesta de frecuencia: 70 Hz - 20 kHz, impedancia: 8 ohms, 2 entradas 1\/4\u201d y 1 SpeakOn, SPL: 103 dB, dimensiones: 661 x 610 x 420 mm, peso: 36 kg.\" \/>\n<meta name=\"robots\" content=\"index, follow, max-snippet:-1, max-image-preview:large, max-video-preview:-1\" \/>\n<link rel=\"canonical\" href=\"https:\/\/www.mexicanguitarplayers.com\/en\/tienda\/sin%20categor\u00eda\/bafle-ashdown-p-bajo-mod-abm-410h\/\" \/>\n<meta property=\"og:locale\" content=\"en_US\" \/>\n<meta property=\"og:type\" content=\"article\" \/>\n<meta property=\"og:title\" content=\"BAFLE ASHDOWN P\/BAJO MOD. ABM-410H - Mexican Guitar Players\" \/>\n<meta property=\"og:description\" content=\"Bafle para bajo, 4 altavoces BlueLine de 10\u201d pulgadas, potencia de 650 watts continuos y 900 watts programa, respuesta de frecuencia: 70 Hz - 20 kHz, impedancia: 8 ohms, 2 entradas 1\/4\u201d y 1 SpeakOn, SPL: 103 dB, dimensiones: 661 x 610 x 420 mm, peso: 36 kg.\" \/>\n<meta property=\"og:url\" content=\"https:\/\/www.mexicanguitarplayers.com\/en\/tienda\/sin categor\u00eda\/bafle-ashdown-p-bajo-mod-abm-410h\/\" \/>\n<meta property=\"og:site_name\" content=\"Mexican Guitar Players\" \/>\n<meta property=\"article:modified_time\" content=\"2026-05-01T13:20:55+00:00\" \/>\n<meta name=\"twitter:card\" content=\"summary_large_image\" \/>\n<meta name=\"twitter:label1\" content=\"Est. reading time\" \/>\n\t<meta name=\"twitter:data1\" content=\"1 minute\" \/>\n<script type=\"application\/ld+json\" class=\"yoast-schema-graph\">{\"@context\":\"https:\\\/\\\/schema.org\",\"@graph\":[{\"@type\":[\"WebPage\",\"ItemPage\"],\"@id\":\"https:\\\/\\\/www.mexicanguitarplayers.com\\\/tienda\\\/sin categor\u00eda\\\/bafle-ashdown-p-bajo-mod-abm-410h\\\/\",\"url\":\"https:\\\/\\\/www.mexicanguitarplayers.com\\\/tienda\\\/sin categor\u00eda\\\/bafle-ashdown-p-bajo-mod-abm-410h\\\/\",\"name\":\"BAFLE ASHDOWN P\\\/BAJO MOD. ABM-410H - Mexican Guitar Players\",\"isPartOf\":{\"@id\":\"https:\\\/\\\/www.mexicanguitarplayers.com\\\/#website\"},\"primaryImageOfPage\":{\"@id\":\"https:\\\/\\\/www.mexicanguitarplayers.com\\\/tienda\\\/sin categor\u00eda\\\/bafle-ashdown-p-bajo-mod-abm-410h\\\/#primaryimage\"},\"image\":{\"@id\":\"https:\\\/\\\/www.mexicanguitarplayers.com\\\/tienda\\\/sin categor\u00eda\\\/bafle-ashdown-p-bajo-mod-abm-410h\\\/#primaryimage\"},\"thumbnailUrl\":\"https:\\\/\\\/www.mexicanguitarplayers.com\\\/wp-content\\\/uploads\\\/2025\\\/04\\\/ICASOABM410H.jpg\",\"datePublished\":\"2025-04-09T04:22:51+00:00\",\"dateModified\":\"2026-05-01T13:20:55+00:00\",\"description\":\"Bafle para bajo, 4 altavoces BlueLine de 10\u201d pulgadas, potencia de 650 watts continuos y 900 watts programa, respuesta de frecuencia: 70 Hz - 20 kHz, impedancia: 8 ohms, 2 entradas 1\\\/4\u201d y 1 SpeakOn, SPL: 103 dB, dimensiones: 661 x 610 x 420 mm, peso: 36 kg.\",\"breadcrumb\":{\"@id\":\"https:\\\/\\\/www.mexicanguitarplayers.com\\\/tienda\\\/sin categor\u00eda\\\/bafle-ashdown-p-bajo-mod-abm-410h\\\/#breadcrumb\"},\"inLanguage\":\"en-US\",\"potentialAction\":[{\"@type\":\"ReadAction\",\"target\":[\"https:\\\/\\\/www.mexicanguitarplayers.com\\\/tienda\\\/sin categor\u00eda\\\/bafle-ashdown-p-bajo-mod-abm-410h\\\/\"]}]},{\"@type\":\"ImageObject\",\"inLanguage\":\"en-US\",\"@id\":\"https:\\\/\\\/www.mexicanguitarplayers.com\\\/tienda\\\/sin categor\u00eda\\\/bafle-ashdown-p-bajo-mod-abm-410h\\\/#primaryimage\",\"url\":\"https:\\\/\\\/www.mexicanguitarplayers.com\\\/wp-content\\\/uploads\\\/2025\\\/04\\\/ICASOABM410H.jpg\",\"contentUrl\":\"https:\\\/\\\/www.mexicanguitarplayers.com\\\/wp-content\\\/uploads\\\/2025\\\/04\\\/ICASOABM410H.jpg\",\"width\":1200,\"height\":1200},{\"@type\":\"BreadcrumbList\",\"@id\":\"https:\\\/\\\/www.mexicanguitarplayers.com\\\/tienda\\\/sin categor\u00eda\\\/bafle-ashdown-p-bajo-mod-abm-410h\\\/#breadcrumb\",\"itemListElement\":[{\"@type\":\"ListItem\",\"position\":1,\"name\":\"Portada\",\"item\":\"https:\\\/\\\/www.mexicanguitarplayers.com\\\/\"},{\"@type\":\"ListItem\",\"position\":2,\"name\":\"Tienda\",\"item\":\"https:\\\/\\\/www.mexicanguitarplayers.com\\\/tienda\\\/\"},{\"@type\":\"ListItem\",\"position\":3,\"name\":\"BAFLE ASHDOWN P\\\/BAJO MOD. ABM-410H\"}]},{\"@type\":\"WebSite\",\"@id\":\"https:\\\/\\\/www.mexicanguitarplayers.com\\\/#website\",\"url\":\"https:\\\/\\\/www.mexicanguitarplayers.com\\\/\",\"name\":\"Mexican Guitar Players\",\"description\":\"Website\",\"publisher\":{\"@id\":\"https:\\\/\\\/www.mexicanguitarplayers.com\\\/#organization\"},\"potentialAction\":[{\"@type\":\"SearchAction\",\"target\":{\"@type\":\"EntryPoint\",\"urlTemplate\":\"https:\\\/\\\/www.mexicanguitarplayers.com\\\/?s={search_term_string}\"},\"query-input\":{\"@type\":\"PropertyValueSpecification\",\"valueRequired\":true,\"valueName\":\"search_term_string\"}}],\"inLanguage\":\"en-US\"},{\"@type\":\"Organization\",\"@id\":\"https:\\\/\\\/www.mexicanguitarplayers.com\\\/#organization\",\"name\":\"Mexican Guitar Players\",\"url\":\"https:\\\/\\\/www.mexicanguitarplayers.com\\\/\",\"logo\":{\"@type\":\"ImageObject\",\"inLanguage\":\"en-US\",\"@id\":\"https:\\\/\\\/www.mexicanguitarplayers.com\\\/#\\\/schema\\\/logo\\\/image\\\/\",\"url\":\"\",\"contentUrl\":\"\",\"caption\":\"Mexican Guitar Players\"},\"image\":{\"@id\":\"https:\\\/\\\/www.mexicanguitarplayers.com\\\/#\\\/schema\\\/logo\\\/image\\\/\"}}]}<\/script>\n<!-- \/ Yoast SEO plugin. -->","yoast_head_json":{"title":"BAFLE ASHDOWN P\/BAJO MOD. ABM-410H - Mexican Guitar Players","description":"Bafle para bajo, 4 altavoces BlueLine de 10\u201d pulgadas, potencia de 650 watts continuos y 900 watts programa, respuesta de frecuencia: 70 Hz - 20 kHz, impedancia: 8 ohms, 2 entradas 1\/4\u201d y 1 SpeakOn, SPL: 103 dB, dimensiones: 661 x 610 x 420 mm, peso: 36 kg.","robots":{"index":"index","follow":"follow","max-snippet":"max-snippet:-1","max-image-preview":"max-image-preview:large","max-video-preview":"max-video-preview:-1"},"canonical":"https:\/\/www.mexicanguitarplayers.com\/en\/tienda\/sin categor\u00eda\/bafle-ashdown-p-bajo-mod-abm-410h\/","og_locale":"en_US","og_type":"article","og_title":"BAFLE ASHDOWN P\/BAJO MOD. ABM-410H - Mexican Guitar Players","og_description":"Bafle para bajo, 4 altavoces BlueLine de 10\u201d pulgadas, potencia de 650 watts continuos y 900 watts programa, respuesta de frecuencia: 70 Hz - 20 kHz, impedancia: 8 ohms, 2 entradas 1\/4\u201d y 1 SpeakOn, SPL: 103 dB, dimensiones: 661 x 610 x 420 mm, peso: 36 kg.","og_url":"https:\/\/www.mexicanguitarplayers.com\/en\/tienda\/sin categor\u00eda\/bafle-ashdown-p-bajo-mod-abm-410h\/","og_site_name":"Mexican Guitar Players","article_modified_time":"2026-05-01T13:20:55+00:00","twitter_card":"summary_large_image","twitter_misc":{"Est. reading time":"1 minute"},"schema":{"@context":"https:\/\/schema.org","@graph":[{"@type":["WebPage","ItemPage"],"@id":"https:\/\/www.mexicanguitarplayers.com\/tienda\/sin categor\u00eda\/bafle-ashdown-p-bajo-mod-abm-410h\/","url":"https:\/\/www.mexicanguitarplayers.com\/tienda\/sin categor\u00eda\/bafle-ashdown-p-bajo-mod-abm-410h\/","name":"BAFLE ASHDOWN P\/BAJO MOD. ABM-410H - Mexican Guitar Players","isPartOf":{"@id":"https:\/\/www.mexicanguitarplayers.com\/#website"},"primaryImageOfPage":{"@id":"https:\/\/www.mexicanguitarplayers.com\/tienda\/sin categor\u00eda\/bafle-ashdown-p-bajo-mod-abm-410h\/#primaryimage"},"image":{"@id":"https:\/\/www.mexicanguitarplayers.com\/tienda\/sin categor\u00eda\/bafle-ashdown-p-bajo-mod-abm-410h\/#primaryimage"},"thumbnailUrl":"https:\/\/www.mexicanguitarplayers.com\/wp-content\/uploads\/2025\/04\/ICASOABM410H.jpg","datePublished":"2025-04-09T04:22:51+00:00","dateModified":"2026-05-01T13:20:55+00:00","description":"Bafle para bajo, 4 altavoces BlueLine de 10\u201d pulgadas, potencia de 650 watts continuos y 900 watts programa, respuesta de frecuencia: 70 Hz - 20 kHz, impedancia: 8 ohms, 2 entradas 1\/4\u201d y 1 SpeakOn, SPL: 103 dB, dimensiones: 661 x 610 x 420 mm, peso: 36 kg.","breadcrumb":{"@id":"https:\/\/www.mexicanguitarplayers.com\/tienda\/sin categor\u00eda\/bafle-ashdown-p-bajo-mod-abm-410h\/#breadcrumb"},"inLanguage":"en-US","potentialAction":[{"@type":"ReadAction","target":["https:\/\/www.mexicanguitarplayers.com\/tienda\/sin categor\u00eda\/bafle-ashdown-p-bajo-mod-abm-410h\/"]}]},{"@type":"ImageObject","inLanguage":"en-US","@id":"https:\/\/www.mexicanguitarplayers.com\/tienda\/sin categor\u00eda\/bafle-ashdown-p-bajo-mod-abm-410h\/#primaryimage","url":"https:\/\/www.mexicanguitarplayers.com\/wp-content\/uploads\/2025\/04\/ICASOABM410H.jpg","contentUrl":"https:\/\/www.mexicanguitarplayers.com\/wp-content\/uploads\/2025\/04\/ICASOABM410H.jpg","width":1200,"height":1200},{"@type":"BreadcrumbList","@id":"https:\/\/www.mexicanguitarplayers.com\/tienda\/sin categor\u00eda\/bafle-ashdown-p-bajo-mod-abm-410h\/#breadcrumb","itemListElement":[{"@type":"ListItem","position":1,"name":"Portada","item":"https:\/\/www.mexicanguitarplayers.com\/"},{"@type":"ListItem","position":2,"name":"Tienda","item":"https:\/\/www.mexicanguitarplayers.com\/tienda\/"},{"@type":"ListItem","position":3,"name":"BAFLE ASHDOWN P\/BAJO MOD. ABM-410H"}]},{"@type":"WebSite","@id":"https:\/\/www.mexicanguitarplayers.com\/#website","url":"https:\/\/www.mexicanguitarplayers.com\/","name":"Mexican Guitar Players","description":"Website","publisher":{"@id":"https:\/\/www.mexicanguitarplayers.com\/#organization"},"potentialAction":[{"@type":"SearchAction","target":{"@type":"EntryPoint","urlTemplate":"https:\/\/www.mexicanguitarplayers.com\/?s={search_term_string}"},"query-input":{"@type":"PropertyValueSpecification","valueRequired":true,"valueName":"search_term_string"}}],"inLanguage":"en-US"},{"@type":"Organization","@id":"https:\/\/www.mexicanguitarplayers.com\/#organization","name":"Mexican Guitar Players","url":"https:\/\/www.mexicanguitarplayers.com\/","logo":{"@type":"ImageObject","inLanguage":"en-US","@id":"https:\/\/www.mexicanguitarplayers.com\/#\/schema\/logo\/image\/","url":"","contentUrl":"","caption":"Mexican Guitar Players"},"image":{"@id":"https:\/\/www.mexicanguitarplayers.com\/#\/schema\/logo\/image\/"}}]}},"brands":[{"id":257,"name":"ASHDOWN","slug":"ashdown"}],"_links":{"self":[{"href":"https:\/\/www.mexicanguitarplayers.com\/en\/wp-json\/wp\/v2\/product\/35855","targetHints":{"allow":["GET"]}}],"collection":[{"href":"https:\/\/www.mexicanguitarplayers.com\/en\/wp-json\/wp\/v2\/product"}],"about":[{"href":"https:\/\/www.mexicanguitarplayers.com\/en\/wp-json\/wp\/v2\/types\/product"}],"replies":[{"embeddable":true,"href":"https:\/\/www.mexicanguitarplayers.com\/en\/wp-json\/wp\/v2\/comments?post=35855"}],"wp:featuredmedia":[{"embeddable":true,"href":"https:\/\/www.mexicanguitarplayers.com\/en\/wp-json\/wp\/v2\/media\/35849"}],"wp:attachment":[{"href":"https:\/\/www.mexicanguitarplayers.com\/en\/wp-json\/wp\/v2\/media?parent=35855"}],"wp:term":[{"taxonomy":"pwb-brand","embeddable":true,"href":"https:\/\/www.mexicanguitarplayers.com\/en\/wp-json\/wp\/v2\/pwb-brand?post=35855"},{"taxonomy":"product_brand","embeddable":true,"href":"https:\/\/www.mexicanguitarplayers.com\/en\/wp-json\/wp\/v2\/product_brand?post=35855"},{"taxonomy":"product_cat","embeddable":true,"href":"https:\/\/www.mexicanguitarplayers.com\/en\/wp-json\/wp\/v2\/product_cat?post=35855"},{"taxonomy":"product_tag","embeddable":true,"href":"https:\/\/www.mexicanguitarplayers.com\/en\/wp-json\/wp\/v2\/product_tag?post=35855"}],"curies":[{"name":"wp","href":"https:\/\/api.w.org\/{rel}","templated":true}]}}