{"id":35858,"date":"2025-04-08T22:22:54","date_gmt":"2025-04-09T04:22:54","guid":{"rendered":"https:\/\/www.mexicanguitarplayers.com\/tienda\/sin categor\u00eda\/microfono-behringer-inalam-ulm300mic\/"},"modified":"2026-04-27T22:15:07","modified_gmt":"2026-04-28T04:15:07","slug":"microfono-behringer-inalam-ulm300mic","status":"publish","type":"product","link":"https:\/\/www.mexicanguitarplayers.com\/en\/tienda\/audio\/sistema-de-monitoreo-personal\/transmisores-y-receptores-sistema-de-monitoreo-personal\/microfono-behringer-inalam-ulm300mic\/","title":{"rendered":"MICROFONO BEHRINGER INALAM. ULM300MIC"},"content":{"rendered":"<div style=\"text-align: justify\">\n<div>\n<h3>El micr\u00f3fono m\u00e1s f\u00e1cil de operar.<\/h3>\n<\/div>\n<div>Una vez m\u00e1s rompimos la barrera de la asequibilidad con el nuevo sistema ULTRALINK ULM300MIC Wireless Microphone que incluye un micr\u00f3fono de mano ULM300M de alta calidad y un receptor ULM300RS de un canal. Ahora puedes trabajar en libertad sin la molestia y la restricci\u00f3n de los cables. El sonido de alta calidad es proporcionado por la c\u00e1psula de micr\u00f3fono dise\u00f1ada a medida y que es optimizada para un rendimiento vocal y el transmisor incluido que opera en un rango libre de licencia de 2.4 GHz. Rendimiento libre de interferencia. Nuestro transmisor de vanguardia opera en una banda de frecuencia de 2.4 GHz, que est\u00e1 muy lejos de las estaciones de TV y torres de telefon\u00eda celular. Y dado que est\u00e1 encriptado digitalmente, tu se\u00f1al se transmite con toda su calidad pr\u00edstina, calidad de alta definici\u00f3n, sin los artefactos aleatorios que a menudo afectan a otros sistemas inal\u00e1mbricos. El receptor unicanal ULM300RS rastrea todos tus movimientos dentro de un rango de hasta 60 metros. Vida extendida de la bater\u00eda. Reemplazar las bater\u00edas en los micr\u00f3fonos inal\u00e1mbricos puede llegar a ser realmente costoso. Es por eso que dedicamos tiempo extra en desarrollas el ULM300MIC para asegurar que la vida \u00fatil de la bater\u00eda se extienda tanto como sea posible. Tendr\u00e1s 24 honestas horas de rendimiento de un par de bater\u00edas alcalinas AA, las cuales est\u00e1n virtualmente disponibles en cualquier parte del planeta. F\u00e1cil de usar. La configuraci\u00f3n no pudo ser tan f\u00e1cil, porque el micr\u00f3fono ULM300M se empareja autom\u00e1ticamente con el receptor unicanal ULM300RS sin que tengas que mover un dedo. El panel frontal de LEDs en el receptor te muestran la presencia y la fuerza de la se\u00f1al, mientras los indicadores en el transmisor te permiten conocer cu\u00e1nta carga tienen las bater\u00edas. Las salidas de audio con XLR balanceadas y TS \u00bc\u201d desbalanceadas, permiti\u00e9ndote conectarte a PA y sistemas de conferencias de sala o a amplificadores de instrumento de alta calidad. Control conveniente. Queremos que el micr\u00f3fono ULM300 sea ultra sencillo de operar, por eso le dimos a cada micr\u00f3fono un f\u00e1cil manejo y una operaci\u00f3n de los botones de volumen directamente en el cuerpo del micr\u00f3fono. Y si accidentalmente entras en la \u201cZona de Retroalimentaci\u00f3n\u201d, hemos incluido un bot\u00f3n de p\u00e1nico \u201cMute\u201d que se activa cuando mantienes presionado el bot\u00f3n Volume Down. Listo para el mundo. Funcionando en la banda 2.4 GHz, tu sistema inal\u00e1mbrico ULM300MIC Wireless Microphone te permite utilizarlo en cualquier parte del mundo son ning\u00fan licenciamiento especial de licencia.<\/div>\n<div>\n<h4>Quick look<\/h4>\n<\/div>\n<ul style=\"margin: 0px 0px 0px 25px\">\n<li style=\"list-style-type: circle;margin: 5px\">Paquete.<\/li>\n<li style=\"list-style-type: circle;margin: 5px\">Connectivity<\/li>\n<li style=\"list-style-type: circle;margin: 5px\">Rango.<\/li>\n<li style=\"list-style-type: circle;margin: 5px\">Micr\u00f3fono.<\/li>\n<li style=\"list-style-type: circle;margin: 5px\">Salida de audio del receptor.<\/li>\n<li style=\"list-style-type: circle;margin: 5px\">Operaci\u00f3n de banda.<\/li>\n<\/ul>\n<div>\n<div style=\"font-weight: bold\">Paquete.<\/div>\n<div>\n<p>Paquete de micr\u00f3fono inal\u00e1mbrico de mano ULM300M y receptor de un canal ULM300RS.<\/p>\n<\/div>\n<div style=\"font-weight: bold\">Connectivity<\/div>\n<div>\n<p>Conectividad digital inal\u00e1mbrica de 2.4 GHz que ofrece una calidad de sonido superior.<\/p>\n<\/div>\n<div style=\"font-weight: bold\">Rango.<\/div>\n<div>\n<p>Rango m\u00e1ximo de 60 metros.<\/p>\n<\/div>\n<div style=\"font-weight: bold\">Micr\u00f3fono.<\/div>\n<div>\n<p>Botones de volumen (m\u00e1s y menos) integrados en el micr\u00f3fono de mano. Funci\u00f3n mute de p\u00e1nico.<\/p>\n<\/div>\n<div style=\"font-weight: bold\">Salida de audio del receptor.<\/div>\n<div>\n<p>Conectores XLR balanceado y TS \u00bc\u201d desbalanceado.<\/p>\n<\/div>\n<div style=\"font-weight: bold\">Operaci\u00f3n de banda.<\/div>\n<div>\n<p>ISM 2.4 GHz.<\/p>\n<\/div>\n<\/div>\n<\/div>","protected":false},"excerpt":{"rendered":"<p>Paquete de micr\u00f3fono inal\u00e1mbrico de mano ULM300M y receptor de un canal ULM300RS, conectividad digital inal\u00e1mbrica de 2.4 GHz que ofrece una calidad de sonido superior, rango m\u00e1ximo de 60 metros, botones de volumen (m\u00e1s y menos) integrados en el micr\u00f3fono de mano, funci\u00f3n mute de p\u00e1nico en el micr\u00f3fono, salida de audio del receptor en conectores XLR balanceado y TS \u00bc\u201d desbalanceado, operaci\u00f3n de banda ISM 2.4 GHz que permite el uso sin licencia a nivel mundial.&hellip; <a class=\"kt-excerpt-readmore more-link\" href=\"https:\/\/www.mexicanguitarplayers.com\/en\/tienda\/audio\/sistema-de-monitoreo-personal\/transmisores-y-receptores-sistema-de-monitoreo-personal\/microfono-behringer-inalam-ulm300mic\/\">Read more<\/a><\/p>","protected":false},"featured_media":35856,"comment_status":"open","ping_status":"closed","template":"","meta":{"kt_blocks_editor_width":""},"pwb-brand":[171],"product_brand":[],"product_cat":[213,214,231,245],"product_tag":[],"class_list":{"0":"post-35858","1":"product","2":"type-product","3":"status-publish","4":"has-post-thumbnail","6":"pwb-brand-behringer","7":"product_cat-audio","8":"product_cat-microfonia","9":"product_cat-microfonos-inalambricos","10":"product_cat-transmisores-y-receptores-sistema-de-monitoreo-personal","11":"product_shipping_class-0-5-kg","13":"first","14":"outofstock","15":"taxable","16":"shipping-taxable","17":"purchasable","18":"product-type-simple"},"yoast_head":"<!-- This site is optimized with the Yoast SEO plugin v27.5 - https:\/\/yoast.com\/product\/yoast-seo-wordpress\/ -->\n<title>MICROFONO BEHRINGER INALAM. ULM300MIC - Mexican Guitar Players<\/title>\n<meta name=\"description\" content=\"Paquete de micr\u00f3fono inal\u00e1mbrico de mano ULM300M y receptor de un canal ULM300RS, conectividad digital inal\u00e1mbrica de 2.4 GHz que ofrece una calidad de sonido superior, rango m\u00e1ximo de 60 metros, botones de volumen (m\u00e1s y menos) integrados en el micr\u00f3fono de mano, funci\u00f3n mute de p\u00e1nico en el micr\u00f3fono, salida de audio del receptor en conectores XLR balanceado y TS \u00bc\u201d desbalanceado, operaci\u00f3n de banda ISM 2.4 GHz que permite el uso sin licencia a nivel mundial.\" \/>\n<meta name=\"robots\" content=\"index, follow, max-snippet:-1, max-image-preview:large, max-video-preview:-1\" \/>\n<link rel=\"canonical\" href=\"https:\/\/www.mexicanguitarplayers.com\/en\/tienda\/sin%20categor\u00eda\/microfono-behringer-inalam-ulm300mic\/\" \/>\n<meta property=\"og:locale\" content=\"en_US\" \/>\n<meta property=\"og:type\" content=\"article\" \/>\n<meta property=\"og:title\" content=\"MICROFONO BEHRINGER INALAM. ULM300MIC - Mexican Guitar Players\" \/>\n<meta property=\"og:description\" content=\"Paquete de micr\u00f3fono inal\u00e1mbrico de mano ULM300M y receptor de un canal ULM300RS, conectividad digital inal\u00e1mbrica de 2.4 GHz que ofrece una calidad de sonido superior, rango m\u00e1ximo de 60 metros, botones de volumen (m\u00e1s y menos) integrados en el micr\u00f3fono de mano, funci\u00f3n mute de p\u00e1nico en el micr\u00f3fono, salida de audio del receptor en conectores XLR balanceado y TS \u00bc\u201d desbalanceado, operaci\u00f3n de banda ISM 2.4 GHz que permite el uso sin licencia a nivel mundial.\" \/>\n<meta property=\"og:url\" content=\"https:\/\/www.mexicanguitarplayers.com\/en\/tienda\/sin categor\u00eda\/microfono-behringer-inalam-ulm300mic\/\" \/>\n<meta property=\"og:site_name\" content=\"Mexican Guitar Players\" \/>\n<meta property=\"article:modified_time\" content=\"2026-04-28T04:15:07+00:00\" \/>\n<meta name=\"twitter:card\" content=\"summary_large_image\" \/>\n<meta name=\"twitter:label1\" content=\"Est. reading time\" \/>\n\t<meta name=\"twitter:data1\" content=\"3 minutes\" \/>\n<script type=\"application\/ld+json\" class=\"yoast-schema-graph\">{\"@context\":\"https:\\\/\\\/schema.org\",\"@graph\":[{\"@type\":[\"WebPage\",\"ItemPage\"],\"@id\":\"https:\\\/\\\/www.mexicanguitarplayers.com\\\/tienda\\\/sin categor\u00eda\\\/microfono-behringer-inalam-ulm300mic\\\/\",\"url\":\"https:\\\/\\\/www.mexicanguitarplayers.com\\\/tienda\\\/sin categor\u00eda\\\/microfono-behringer-inalam-ulm300mic\\\/\",\"name\":\"MICROFONO BEHRINGER INALAM. ULM300MIC - Mexican Guitar Players\",\"isPartOf\":{\"@id\":\"https:\\\/\\\/www.mexicanguitarplayers.com\\\/#website\"},\"primaryImageOfPage\":{\"@id\":\"https:\\\/\\\/www.mexicanguitarplayers.com\\\/tienda\\\/sin categor\u00eda\\\/microfono-behringer-inalam-ulm300mic\\\/#primaryimage\"},\"image\":{\"@id\":\"https:\\\/\\\/www.mexicanguitarplayers.com\\\/tienda\\\/sin categor\u00eda\\\/microfono-behringer-inalam-ulm300mic\\\/#primaryimage\"},\"thumbnailUrl\":\"https:\\\/\\\/www.mexicanguitarplayers.com\\\/wp-content\\\/uploads\\\/2025\\\/04\\\/IABEHULM300MIC.jpg\",\"datePublished\":\"2025-04-09T04:22:54+00:00\",\"dateModified\":\"2026-04-28T04:15:07+00:00\",\"description\":\"Paquete de micr\u00f3fono inal\u00e1mbrico de mano ULM300M y receptor de un canal ULM300RS, conectividad digital inal\u00e1mbrica de 2.4 GHz que ofrece una calidad de sonido superior, rango m\u00e1ximo de 60 metros, botones de volumen (m\u00e1s y menos) integrados en el micr\u00f3fono de mano, funci\u00f3n mute de p\u00e1nico en el micr\u00f3fono, salida de audio del receptor en conectores XLR balanceado y TS \u00bc\u201d desbalanceado, operaci\u00f3n de banda ISM 2.4 GHz que permite el uso sin licencia a nivel mundial.\",\"breadcrumb\":{\"@id\":\"https:\\\/\\\/www.mexicanguitarplayers.com\\\/tienda\\\/sin categor\u00eda\\\/microfono-behringer-inalam-ulm300mic\\\/#breadcrumb\"},\"inLanguage\":\"en-US\",\"potentialAction\":[{\"@type\":\"ReadAction\",\"target\":[\"https:\\\/\\\/www.mexicanguitarplayers.com\\\/tienda\\\/sin categor\u00eda\\\/microfono-behringer-inalam-ulm300mic\\\/\"]}]},{\"@type\":\"ImageObject\",\"inLanguage\":\"en-US\",\"@id\":\"https:\\\/\\\/www.mexicanguitarplayers.com\\\/tienda\\\/sin categor\u00eda\\\/microfono-behringer-inalam-ulm300mic\\\/#primaryimage\",\"url\":\"https:\\\/\\\/www.mexicanguitarplayers.com\\\/wp-content\\\/uploads\\\/2025\\\/04\\\/IABEHULM300MIC.jpg\",\"contentUrl\":\"https:\\\/\\\/www.mexicanguitarplayers.com\\\/wp-content\\\/uploads\\\/2025\\\/04\\\/IABEHULM300MIC.jpg\",\"width\":1600,\"height\":800},{\"@type\":\"BreadcrumbList\",\"@id\":\"https:\\\/\\\/www.mexicanguitarplayers.com\\\/tienda\\\/sin categor\u00eda\\\/microfono-behringer-inalam-ulm300mic\\\/#breadcrumb\",\"itemListElement\":[{\"@type\":\"ListItem\",\"position\":1,\"name\":\"Portada\",\"item\":\"https:\\\/\\\/www.mexicanguitarplayers.com\\\/\"},{\"@type\":\"ListItem\",\"position\":2,\"name\":\"Tienda\",\"item\":\"https:\\\/\\\/www.mexicanguitarplayers.com\\\/tienda\\\/\"},{\"@type\":\"ListItem\",\"position\":3,\"name\":\"MICROFONO BEHRINGER INALAM. ULM300MIC\"}]},{\"@type\":\"WebSite\",\"@id\":\"https:\\\/\\\/www.mexicanguitarplayers.com\\\/#website\",\"url\":\"https:\\\/\\\/www.mexicanguitarplayers.com\\\/\",\"name\":\"Mexican Guitar Players\",\"description\":\"Website\",\"publisher\":{\"@id\":\"https:\\\/\\\/www.mexicanguitarplayers.com\\\/#organization\"},\"potentialAction\":[{\"@type\":\"SearchAction\",\"target\":{\"@type\":\"EntryPoint\",\"urlTemplate\":\"https:\\\/\\\/www.mexicanguitarplayers.com\\\/?s={search_term_string}\"},\"query-input\":{\"@type\":\"PropertyValueSpecification\",\"valueRequired\":true,\"valueName\":\"search_term_string\"}}],\"inLanguage\":\"en-US\"},{\"@type\":\"Organization\",\"@id\":\"https:\\\/\\\/www.mexicanguitarplayers.com\\\/#organization\",\"name\":\"Mexican Guitar Players\",\"url\":\"https:\\\/\\\/www.mexicanguitarplayers.com\\\/\",\"logo\":{\"@type\":\"ImageObject\",\"inLanguage\":\"en-US\",\"@id\":\"https:\\\/\\\/www.mexicanguitarplayers.com\\\/#\\\/schema\\\/logo\\\/image\\\/\",\"url\":\"\",\"contentUrl\":\"\",\"caption\":\"Mexican Guitar Players\"},\"image\":{\"@id\":\"https:\\\/\\\/www.mexicanguitarplayers.com\\\/#\\\/schema\\\/logo\\\/image\\\/\"}}]}<\/script>\n<!-- \/ Yoast SEO plugin. -->","yoast_head_json":{"title":"MICROFONO BEHRINGER INALAM. ULM300MIC - Mexican Guitar Players","description":"Paquete de micr\u00f3fono inal\u00e1mbrico de mano ULM300M y receptor de un canal ULM300RS, conectividad digital inal\u00e1mbrica de 2.4 GHz que ofrece una calidad de sonido superior, rango m\u00e1ximo de 60 metros, botones de volumen (m\u00e1s y menos) integrados en el micr\u00f3fono de mano, funci\u00f3n mute de p\u00e1nico en el micr\u00f3fono, salida de audio del receptor en conectores XLR balanceado y TS \u00bc\u201d desbalanceado, operaci\u00f3n de banda ISM 2.4 GHz que permite el uso sin licencia a nivel mundial.","robots":{"index":"index","follow":"follow","max-snippet":"max-snippet:-1","max-image-preview":"max-image-preview:large","max-video-preview":"max-video-preview:-1"},"canonical":"https:\/\/www.mexicanguitarplayers.com\/en\/tienda\/sin categor\u00eda\/microfono-behringer-inalam-ulm300mic\/","og_locale":"en_US","og_type":"article","og_title":"MICROFONO BEHRINGER INALAM. ULM300MIC - Mexican Guitar Players","og_description":"Paquete de micr\u00f3fono inal\u00e1mbrico de mano ULM300M y receptor de un canal ULM300RS, conectividad digital inal\u00e1mbrica de 2.4 GHz que ofrece una calidad de sonido superior, rango m\u00e1ximo de 60 metros, botones de volumen (m\u00e1s y menos) integrados en el micr\u00f3fono de mano, funci\u00f3n mute de p\u00e1nico en el micr\u00f3fono, salida de audio del receptor en conectores XLR balanceado y TS \u00bc\u201d desbalanceado, operaci\u00f3n de banda ISM 2.4 GHz que permite el uso sin licencia a nivel mundial.","og_url":"https:\/\/www.mexicanguitarplayers.com\/en\/tienda\/sin categor\u00eda\/microfono-behringer-inalam-ulm300mic\/","og_site_name":"Mexican Guitar Players","article_modified_time":"2026-04-28T04:15:07+00:00","twitter_card":"summary_large_image","twitter_misc":{"Est. reading time":"3 minutes"},"schema":{"@context":"https:\/\/schema.org","@graph":[{"@type":["WebPage","ItemPage"],"@id":"https:\/\/www.mexicanguitarplayers.com\/tienda\/sin categor\u00eda\/microfono-behringer-inalam-ulm300mic\/","url":"https:\/\/www.mexicanguitarplayers.com\/tienda\/sin categor\u00eda\/microfono-behringer-inalam-ulm300mic\/","name":"MICROFONO BEHRINGER INALAM. ULM300MIC - Mexican Guitar Players","isPartOf":{"@id":"https:\/\/www.mexicanguitarplayers.com\/#website"},"primaryImageOfPage":{"@id":"https:\/\/www.mexicanguitarplayers.com\/tienda\/sin categor\u00eda\/microfono-behringer-inalam-ulm300mic\/#primaryimage"},"image":{"@id":"https:\/\/www.mexicanguitarplayers.com\/tienda\/sin categor\u00eda\/microfono-behringer-inalam-ulm300mic\/#primaryimage"},"thumbnailUrl":"https:\/\/www.mexicanguitarplayers.com\/wp-content\/uploads\/2025\/04\/IABEHULM300MIC.jpg","datePublished":"2025-04-09T04:22:54+00:00","dateModified":"2026-04-28T04:15:07+00:00","description":"Paquete de micr\u00f3fono inal\u00e1mbrico de mano ULM300M y receptor de un canal ULM300RS, conectividad digital inal\u00e1mbrica de 2.4 GHz que ofrece una calidad de sonido superior, rango m\u00e1ximo de 60 metros, botones de volumen (m\u00e1s y menos) integrados en el micr\u00f3fono de mano, funci\u00f3n mute de p\u00e1nico en el micr\u00f3fono, salida de audio del receptor en conectores XLR balanceado y TS \u00bc\u201d desbalanceado, operaci\u00f3n de banda ISM 2.4 GHz que permite el uso sin licencia a nivel mundial.","breadcrumb":{"@id":"https:\/\/www.mexicanguitarplayers.com\/tienda\/sin categor\u00eda\/microfono-behringer-inalam-ulm300mic\/#breadcrumb"},"inLanguage":"en-US","potentialAction":[{"@type":"ReadAction","target":["https:\/\/www.mexicanguitarplayers.com\/tienda\/sin categor\u00eda\/microfono-behringer-inalam-ulm300mic\/"]}]},{"@type":"ImageObject","inLanguage":"en-US","@id":"https:\/\/www.mexicanguitarplayers.com\/tienda\/sin categor\u00eda\/microfono-behringer-inalam-ulm300mic\/#primaryimage","url":"https:\/\/www.mexicanguitarplayers.com\/wp-content\/uploads\/2025\/04\/IABEHULM300MIC.jpg","contentUrl":"https:\/\/www.mexicanguitarplayers.com\/wp-content\/uploads\/2025\/04\/IABEHULM300MIC.jpg","width":1600,"height":800},{"@type":"BreadcrumbList","@id":"https:\/\/www.mexicanguitarplayers.com\/tienda\/sin categor\u00eda\/microfono-behringer-inalam-ulm300mic\/#breadcrumb","itemListElement":[{"@type":"ListItem","position":1,"name":"Portada","item":"https:\/\/www.mexicanguitarplayers.com\/"},{"@type":"ListItem","position":2,"name":"Tienda","item":"https:\/\/www.mexicanguitarplayers.com\/tienda\/"},{"@type":"ListItem","position":3,"name":"MICROFONO BEHRINGER INALAM. ULM300MIC"}]},{"@type":"WebSite","@id":"https:\/\/www.mexicanguitarplayers.com\/#website","url":"https:\/\/www.mexicanguitarplayers.com\/","name":"Mexican Guitar Players","description":"Website","publisher":{"@id":"https:\/\/www.mexicanguitarplayers.com\/#organization"},"potentialAction":[{"@type":"SearchAction","target":{"@type":"EntryPoint","urlTemplate":"https:\/\/www.mexicanguitarplayers.com\/?s={search_term_string}"},"query-input":{"@type":"PropertyValueSpecification","valueRequired":true,"valueName":"search_term_string"}}],"inLanguage":"en-US"},{"@type":"Organization","@id":"https:\/\/www.mexicanguitarplayers.com\/#organization","name":"Mexican Guitar Players","url":"https:\/\/www.mexicanguitarplayers.com\/","logo":{"@type":"ImageObject","inLanguage":"en-US","@id":"https:\/\/www.mexicanguitarplayers.com\/#\/schema\/logo\/image\/","url":"","contentUrl":"","caption":"Mexican Guitar Players"},"image":{"@id":"https:\/\/www.mexicanguitarplayers.com\/#\/schema\/logo\/image\/"}}]}},"brands":[{"id":171,"name":"BEHRINGER","slug":"behringer"}],"_links":{"self":[{"href":"https:\/\/www.mexicanguitarplayers.com\/en\/wp-json\/wp\/v2\/product\/35858","targetHints":{"allow":["GET"]}}],"collection":[{"href":"https:\/\/www.mexicanguitarplayers.com\/en\/wp-json\/wp\/v2\/product"}],"about":[{"href":"https:\/\/www.mexicanguitarplayers.com\/en\/wp-json\/wp\/v2\/types\/product"}],"replies":[{"embeddable":true,"href":"https:\/\/www.mexicanguitarplayers.com\/en\/wp-json\/wp\/v2\/comments?post=35858"}],"wp:featuredmedia":[{"embeddable":true,"href":"https:\/\/www.mexicanguitarplayers.com\/en\/wp-json\/wp\/v2\/media\/35856"}],"wp:attachment":[{"href":"https:\/\/www.mexicanguitarplayers.com\/en\/wp-json\/wp\/v2\/media?parent=35858"}],"wp:term":[{"taxonomy":"pwb-brand","embeddable":true,"href":"https:\/\/www.mexicanguitarplayers.com\/en\/wp-json\/wp\/v2\/pwb-brand?post=35858"},{"taxonomy":"product_brand","embeddable":true,"href":"https:\/\/www.mexicanguitarplayers.com\/en\/wp-json\/wp\/v2\/product_brand?post=35858"},{"taxonomy":"product_cat","embeddable":true,"href":"https:\/\/www.mexicanguitarplayers.com\/en\/wp-json\/wp\/v2\/product_cat?post=35858"},{"taxonomy":"product_tag","embeddable":true,"href":"https:\/\/www.mexicanguitarplayers.com\/en\/wp-json\/wp\/v2\/product_tag?post=35858"}],"curies":[{"name":"wp","href":"https:\/\/api.w.org\/{rel}","templated":true}]}}