{"id":35866,"date":"2025-04-08T22:23:05","date_gmt":"2025-04-09T04:23:05","guid":{"rendered":"https:\/\/www.mexicanguitarplayers.com\/tienda\/sin categor\u00eda\/sistema-boya-inalambrico-by-wm8-pro-k1\/"},"modified":"2025-04-28T13:15:19","modified_gmt":"2025-04-28T19:15:19","slug":"sistema-boya-inalambrico-by-wm8-pro-k1","status":"publish","type":"product","link":"https:\/\/www.mexicanguitarplayers.com\/en\/tienda\/audio\/sistema-de-monitoreo-personal\/transmisores-y-receptores-sistema-de-monitoreo-personal\/sistema-boya-inalambrico-by-wm8-pro-k1\/","title":{"rendered":"SISTEMA BOYA INALAMBRICO BY-WM8 PRO-K1"},"content":{"rendered":"<div style=\"text-align: justify\">\n<div>\n<h3>Un sistema mejorado de microfon\u00eda inal\u00e1mbrica ideal para video, podcast y transmisi\u00f3n en vivo.<\/h3>\n<\/div>\n<div>BY-WM8 de Boya es una adici\u00f3n mejorada del sistema de microfon\u00eda inal\u00e1mbrica de doble canal UHF y se puede usar para capturar audio para sonido en vivo, ENG, transmisi\u00f3n y pel\u00edculas, programas de entrevistas, conferencias y m\u00e1s. El sistema BY-WM8 Pro-K1 consta de un transmisor de bolsillo, un receptor de montaje en c\u00e1mara y un micr\u00f3fono lavalier omnidireccional. Tambi\u00e9n se incluye con este sistema, un adaptador de montaje en zapata, un solo cable de salida de 1\/8&#8243; a XLR, un solo cable de salida de 1\/8&#8243; a 1\/8&#8243; y un estuche de transporte. El receptor para montaje en c\u00e1mara cuenta con un ancho de banda de RF de conmutaci\u00f3n amplia, una pantalla LCD f\u00e1cil de leer y un conector para aud\u00edfonos d 3.5 mm para monitoreo en tiempo real. Y el transmisor de bolsillo est\u00e1 equipado con un sintetizador PLL controlado por cristal, una funci\u00f3n de silenciamiento, una entrada de micr\u00f3fono de 1\/8&#8243; y un conector de entrada de l\u00ednea de 1\/8&#8243;.<\/div>\n<div>\n<h4>Quick look<\/h4>\n<\/div>\n<ul style=\"margin: 0px 0px 0px 25px\">\n<li style=\"list-style-type: circle;margin: 5px\">Tipo de oscilador.<\/li>\n<li style=\"list-style-type: circle;margin: 5px\">Rango de frecuencia portadora.<\/li>\n<li style=\"list-style-type: circle;margin: 5px\">Channels.<\/li>\n<li style=\"list-style-type: circle;margin: 5px\">Frequency response.<\/li>\n<li style=\"list-style-type: circle;margin: 5px\">Rango de operaci\u00f3n.<\/li>\n<li style=\"list-style-type: circle;margin: 5px\">Antena.<\/li>\n<li style=\"list-style-type: circle;margin: 5px\">Conector de entrada de audio.<\/li>\n<li style=\"list-style-type: circle;margin: 5px\">Signal to noise ratio.<\/li>\n<li style=\"list-style-type: circle;margin: 5px\">Distorsi\u00f3n.<\/li>\n<li style=\"list-style-type: circle;margin: 5px\">Nivel de salida de aud\u00edfonos.<\/li>\n<li style=\"list-style-type: circle;margin: 5px\">Nivel de salida de audio.<\/li>\n<li style=\"list-style-type: circle;margin: 5px\">Power supply.<\/li>\n<li style=\"list-style-type: circle;margin: 5px\">Tiempo de operaci\u00f3n.<\/li>\n<li style=\"list-style-type: circle;margin: 5px\">Dimensions.<\/li>\n<li style=\"list-style-type: circle;margin: 5px\">Weight.<\/li>\n<\/ul>\n<div>\n<div style=\"font-weight: bold\">Tipo de oscilador.<\/div>\n<div>\n<p>Oscilador de control sintetizado PLL.<\/p>\n<\/div>\n<div style=\"font-weight: bold\">Rango de frecuencia portadora.<\/div>\n<div>\n<p>556.71 MHz &#8211; 575.98 MHz (transmisor A). 576.39 MHz &#8211; 595.66 MHz (transmisor B).<\/p>\n<\/div>\n<div style=\"font-weight: bold\">Channels.<\/div>\n<div>\n<p>48.<\/p>\n<\/div>\n<div style=\"font-weight: bold\">Frequency response.<\/div>\n<div>\n<p>40 Hz a 18 kHz (\u00b13 dB).<\/p>\n<\/div>\n<div style=\"font-weight: bold\">Rango de operaci\u00f3n.<\/div>\n<div>\n<p>100 metros (sin obst\u00e1culos).<\/p>\n<\/div>\n<div style=\"font-weight: bold\">Antena.<\/div>\n<div>\n<p>1\/4? antena de hilo.<\/p>\n<\/div>\n<div style=\"font-weight: bold\">Conector de entrada de audio.<\/div>\n<div>\n<p>Mini jack de 3.5 mm.<\/p>\n<\/div>\n<div style=\"font-weight: bold\">Signal to noise ratio.<\/div>\n<div>\n<p>70 dB o m\u00e1s.<\/p>\n<\/div>\n<div style=\"font-weight: bold\">Distorsi\u00f3n.<\/div>\n<div>\n<p>0.5% o menor.<\/p>\n<\/div>\n<div style=\"font-weight: bold\">Nivel de salida de aud\u00edfonos.<\/div>\n<div>\n<p>30 mW (16 ohms).<\/p>\n<\/div>\n<div style=\"font-weight: bold\">Nivel de salida de audio.<\/div>\n<div>\n<p>-60 dBV.<\/p>\n<\/div>\n<div style=\"font-weight: bold\">Power supply.<\/div>\n<div>\n<p>Dos bater\u00edas de tama\u00f1o AA.<\/p>\n<\/div>\n<div style=\"font-weight: bold\">Tiempo de operaci\u00f3n.<\/div>\n<div>\n<p>Aproximadamente 4 horas.<\/p>\n<\/div>\n<div style=\"font-weight: bold\">Dimensions.<\/div>\n<div>\n<p>208 \u00d7 67 \u00d7 29 mm.<\/p>\n<\/div>\n<div style=\"font-weight: bold\">Weight.<\/div>\n<div>\n<p>90 g (sin bater\u00edas).<\/p>\n<\/div>\n<\/div>\n<\/div>","protected":false},"excerpt":{"rendered":"<p>Sistema inal\u00e1mbrico de doble canal, consta de un transmisor y un receptor, transmisi\u00f3n UHF con 48 canales, ideal para ENG\/EFP, DSLR video, sonido con calidad de transmisi\u00f3n, rango de operaci\u00f3n de hasta 100 m, modos mono y est\u00e9reo ajustables, alimentado por dos pilas AA para transmisor y receptor, circuitos de compresi\u00f3n digital,  operaci\u00f3n de men\u00fa f\u00e1cil de usar con m\u00e1s opciones de control, funci\u00f3n de bloqueo autom\u00e1tico que evita cambios accidentales de configuraci\u00f3n, una entrada de micr\u00f3fono y una entrada de l\u00ednea para el transmisor, monitoreo del receptor por medio de los aud\u00edfonos directamente, tiempo de operaci\u00f3n aproximadamente 4 horas, dimensiones: 208 \u00d7 67 \u00d7 29 mm, peso: 90 g (sin bater\u00edas).&hellip; <a class=\"kt-excerpt-readmore more-link\" href=\"https:\/\/www.mexicanguitarplayers.com\/en\/tienda\/audio\/sistema-de-monitoreo-personal\/transmisores-y-receptores-sistema-de-monitoreo-personal\/sistema-boya-inalambrico-by-wm8-pro-k1\/\">Read more<\/a><\/p>","protected":false},"featured_media":35859,"comment_status":"open","ping_status":"closed","template":"","meta":{"kt_blocks_editor_width":""},"pwb-brand":[228],"product_brand":[],"product_cat":[213,214,231,245],"product_tag":[],"class_list":{"0":"post-35866","1":"product","2":"type-product","3":"status-publish","4":"has-post-thumbnail","6":"pwb-brand-boya","7":"product_cat-audio","8":"product_cat-microfonia","9":"product_cat-microfonos-inalambricos","10":"product_cat-transmisores-y-receptores-sistema-de-monitoreo-personal","11":"product_shipping_class-0-5-kg","13":"first","14":"outofstock","15":"taxable","16":"shipping-taxable","17":"purchasable","18":"product-type-simple"},"yoast_head":"<!-- This site is optimized with the Yoast SEO plugin v27.5 - https:\/\/yoast.com\/product\/yoast-seo-wordpress\/ -->\n<title>SISTEMA BOYA INALAMBRICO BY-WM8 PRO-K1 - Mexican Guitar Players<\/title>\n<meta name=\"description\" content=\"Sistema inal\u00e1mbrico de doble canal, consta de un transmisor y un receptor, transmisi\u00f3n UHF con 48 canales, ideal para ENG\/EFP, DSLR video, sonido con calidad de transmisi\u00f3n, rango de operaci\u00f3n de hasta 100 m, modos mono y est\u00e9reo ajustables, alimentado por dos pilas AA para transmisor y receptor, circuitos de compresi\u00f3n digital, operaci\u00f3n de men\u00fa f\u00e1cil de usar con m\u00e1s opciones de control, funci\u00f3n de bloqueo autom\u00e1tico que evita cambios accidentales de configuraci\u00f3n, una entrada de micr\u00f3fono y una entrada de l\u00ednea para el transmisor, monitoreo del receptor por medio de los aud\u00edfonos directamente, tiempo de operaci\u00f3n aproximadamente 4 horas, dimensiones: 208 \u00d7 67 \u00d7 29 mm, peso: 90 g (sin bater\u00edas).\" \/>\n<meta name=\"robots\" content=\"index, follow, max-snippet:-1, max-image-preview:large, max-video-preview:-1\" \/>\n<link rel=\"canonical\" href=\"https:\/\/www.mexicanguitarplayers.com\/en\/tienda\/sin%20categor\u00eda\/sistema-boya-inalambrico-by-wm8-pro-k1\/\" \/>\n<meta property=\"og:locale\" content=\"en_US\" \/>\n<meta property=\"og:type\" content=\"article\" \/>\n<meta property=\"og:title\" content=\"SISTEMA BOYA INALAMBRICO BY-WM8 PRO-K1 - Mexican Guitar Players\" \/>\n<meta property=\"og:description\" content=\"Sistema inal\u00e1mbrico de doble canal, consta de un transmisor y un receptor, transmisi\u00f3n UHF con 48 canales, ideal para ENG\/EFP, DSLR video, sonido con calidad de transmisi\u00f3n, rango de operaci\u00f3n de hasta 100 m, modos mono y est\u00e9reo ajustables, alimentado por dos pilas AA para transmisor y receptor, circuitos de compresi\u00f3n digital, operaci\u00f3n de men\u00fa f\u00e1cil de usar con m\u00e1s opciones de control, funci\u00f3n de bloqueo autom\u00e1tico que evita cambios accidentales de configuraci\u00f3n, una entrada de micr\u00f3fono y una entrada de l\u00ednea para el transmisor, monitoreo del receptor por medio de los aud\u00edfonos directamente, tiempo de operaci\u00f3n aproximadamente 4 horas, dimensiones: 208 \u00d7 67 \u00d7 29 mm, peso: 90 g (sin bater\u00edas).\" \/>\n<meta property=\"og:url\" content=\"https:\/\/www.mexicanguitarplayers.com\/en\/tienda\/sin categor\u00eda\/sistema-boya-inalambrico-by-wm8-pro-k1\/\" \/>\n<meta property=\"og:site_name\" content=\"Mexican Guitar Players\" \/>\n<meta property=\"article:modified_time\" content=\"2025-04-28T19:15:19+00:00\" \/>\n<meta name=\"twitter:card\" content=\"summary_large_image\" \/>\n<meta name=\"twitter:label1\" content=\"Est. reading time\" \/>\n\t<meta name=\"twitter:data1\" content=\"2 minutes\" \/>\n<script type=\"application\/ld+json\" class=\"yoast-schema-graph\">{\"@context\":\"https:\\\/\\\/schema.org\",\"@graph\":[{\"@type\":[\"WebPage\",\"ItemPage\"],\"@id\":\"https:\\\/\\\/www.mexicanguitarplayers.com\\\/tienda\\\/sin categor\u00eda\\\/sistema-boya-inalambrico-by-wm8-pro-k1\\\/\",\"url\":\"https:\\\/\\\/www.mexicanguitarplayers.com\\\/tienda\\\/sin categor\u00eda\\\/sistema-boya-inalambrico-by-wm8-pro-k1\\\/\",\"name\":\"SISTEMA BOYA INALAMBRICO BY-WM8 PRO-K1 - Mexican Guitar Players\",\"isPartOf\":{\"@id\":\"https:\\\/\\\/www.mexicanguitarplayers.com\\\/#website\"},\"primaryImageOfPage\":{\"@id\":\"https:\\\/\\\/www.mexicanguitarplayers.com\\\/tienda\\\/sin categor\u00eda\\\/sistema-boya-inalambrico-by-wm8-pro-k1\\\/#primaryimage\"},\"image\":{\"@id\":\"https:\\\/\\\/www.mexicanguitarplayers.com\\\/tienda\\\/sin categor\u00eda\\\/sistema-boya-inalambrico-by-wm8-pro-k1\\\/#primaryimage\"},\"thumbnailUrl\":\"https:\\\/\\\/www.mexicanguitarplayers.com\\\/wp-content\\\/uploads\\\/2025\\\/04\\\/IABOYBYWM8PRK1.jpg\",\"datePublished\":\"2025-04-09T04:23:05+00:00\",\"dateModified\":\"2025-04-28T19:15:19+00:00\",\"description\":\"Sistema inal\u00e1mbrico de doble canal, consta de un transmisor y un receptor, transmisi\u00f3n UHF con 48 canales, ideal para ENG\\\/EFP, DSLR video, sonido con calidad de transmisi\u00f3n, rango de operaci\u00f3n de hasta 100 m, modos mono y est\u00e9reo ajustables, alimentado por dos pilas AA para transmisor y receptor, circuitos de compresi\u00f3n digital, operaci\u00f3n de men\u00fa f\u00e1cil de usar con m\u00e1s opciones de control, funci\u00f3n de bloqueo autom\u00e1tico que evita cambios accidentales de configuraci\u00f3n, una entrada de micr\u00f3fono y una entrada de l\u00ednea para el transmisor, monitoreo del receptor por medio de los aud\u00edfonos directamente, tiempo de operaci\u00f3n aproximadamente 4 horas, dimensiones: 208 \u00d7 67 \u00d7 29 mm, peso: 90 g (sin bater\u00edas).\",\"breadcrumb\":{\"@id\":\"https:\\\/\\\/www.mexicanguitarplayers.com\\\/tienda\\\/sin categor\u00eda\\\/sistema-boya-inalambrico-by-wm8-pro-k1\\\/#breadcrumb\"},\"inLanguage\":\"en-US\",\"potentialAction\":[{\"@type\":\"ReadAction\",\"target\":[\"https:\\\/\\\/www.mexicanguitarplayers.com\\\/tienda\\\/sin categor\u00eda\\\/sistema-boya-inalambrico-by-wm8-pro-k1\\\/\"]}]},{\"@type\":\"ImageObject\",\"inLanguage\":\"en-US\",\"@id\":\"https:\\\/\\\/www.mexicanguitarplayers.com\\\/tienda\\\/sin categor\u00eda\\\/sistema-boya-inalambrico-by-wm8-pro-k1\\\/#primaryimage\",\"url\":\"https:\\\/\\\/www.mexicanguitarplayers.com\\\/wp-content\\\/uploads\\\/2025\\\/04\\\/IABOYBYWM8PRK1.jpg\",\"contentUrl\":\"https:\\\/\\\/www.mexicanguitarplayers.com\\\/wp-content\\\/uploads\\\/2025\\\/04\\\/IABOYBYWM8PRK1.jpg\",\"width\":1200,\"height\":1200},{\"@type\":\"BreadcrumbList\",\"@id\":\"https:\\\/\\\/www.mexicanguitarplayers.com\\\/tienda\\\/sin categor\u00eda\\\/sistema-boya-inalambrico-by-wm8-pro-k1\\\/#breadcrumb\",\"itemListElement\":[{\"@type\":\"ListItem\",\"position\":1,\"name\":\"Portada\",\"item\":\"https:\\\/\\\/www.mexicanguitarplayers.com\\\/\"},{\"@type\":\"ListItem\",\"position\":2,\"name\":\"Tienda\",\"item\":\"https:\\\/\\\/www.mexicanguitarplayers.com\\\/tienda\\\/\"},{\"@type\":\"ListItem\",\"position\":3,\"name\":\"SISTEMA BOYA INALAMBRICO BY-WM8 PRO-K1\"}]},{\"@type\":\"WebSite\",\"@id\":\"https:\\\/\\\/www.mexicanguitarplayers.com\\\/#website\",\"url\":\"https:\\\/\\\/www.mexicanguitarplayers.com\\\/\",\"name\":\"Mexican Guitar Players\",\"description\":\"Website\",\"publisher\":{\"@id\":\"https:\\\/\\\/www.mexicanguitarplayers.com\\\/#organization\"},\"potentialAction\":[{\"@type\":\"SearchAction\",\"target\":{\"@type\":\"EntryPoint\",\"urlTemplate\":\"https:\\\/\\\/www.mexicanguitarplayers.com\\\/?s={search_term_string}\"},\"query-input\":{\"@type\":\"PropertyValueSpecification\",\"valueRequired\":true,\"valueName\":\"search_term_string\"}}],\"inLanguage\":\"en-US\"},{\"@type\":\"Organization\",\"@id\":\"https:\\\/\\\/www.mexicanguitarplayers.com\\\/#organization\",\"name\":\"Mexican Guitar Players\",\"url\":\"https:\\\/\\\/www.mexicanguitarplayers.com\\\/\",\"logo\":{\"@type\":\"ImageObject\",\"inLanguage\":\"en-US\",\"@id\":\"https:\\\/\\\/www.mexicanguitarplayers.com\\\/#\\\/schema\\\/logo\\\/image\\\/\",\"url\":\"\",\"contentUrl\":\"\",\"caption\":\"Mexican Guitar Players\"},\"image\":{\"@id\":\"https:\\\/\\\/www.mexicanguitarplayers.com\\\/#\\\/schema\\\/logo\\\/image\\\/\"}}]}<\/script>\n<!-- \/ Yoast SEO plugin. -->","yoast_head_json":{"title":"SISTEMA BOYA INALAMBRICO BY-WM8 PRO-K1 - Mexican Guitar Players","description":"Sistema inal\u00e1mbrico de doble canal, consta de un transmisor y un receptor, transmisi\u00f3n UHF con 48 canales, ideal para ENG\/EFP, DSLR video, sonido con calidad de transmisi\u00f3n, rango de operaci\u00f3n de hasta 100 m, modos mono y est\u00e9reo ajustables, alimentado por dos pilas AA para transmisor y receptor, circuitos de compresi\u00f3n digital, operaci\u00f3n de men\u00fa f\u00e1cil de usar con m\u00e1s opciones de control, funci\u00f3n de bloqueo autom\u00e1tico que evita cambios accidentales de configuraci\u00f3n, una entrada de micr\u00f3fono y una entrada de l\u00ednea para el transmisor, monitoreo del receptor por medio de los aud\u00edfonos directamente, tiempo de operaci\u00f3n aproximadamente 4 horas, dimensiones: 208 \u00d7 67 \u00d7 29 mm, peso: 90 g (sin bater\u00edas).","robots":{"index":"index","follow":"follow","max-snippet":"max-snippet:-1","max-image-preview":"max-image-preview:large","max-video-preview":"max-video-preview:-1"},"canonical":"https:\/\/www.mexicanguitarplayers.com\/en\/tienda\/sin categor\u00eda\/sistema-boya-inalambrico-by-wm8-pro-k1\/","og_locale":"en_US","og_type":"article","og_title":"SISTEMA BOYA INALAMBRICO BY-WM8 PRO-K1 - Mexican Guitar Players","og_description":"Sistema inal\u00e1mbrico de doble canal, consta de un transmisor y un receptor, transmisi\u00f3n UHF con 48 canales, ideal para ENG\/EFP, DSLR video, sonido con calidad de transmisi\u00f3n, rango de operaci\u00f3n de hasta 100 m, modos mono y est\u00e9reo ajustables, alimentado por dos pilas AA para transmisor y receptor, circuitos de compresi\u00f3n digital, operaci\u00f3n de men\u00fa f\u00e1cil de usar con m\u00e1s opciones de control, funci\u00f3n de bloqueo autom\u00e1tico que evita cambios accidentales de configuraci\u00f3n, una entrada de micr\u00f3fono y una entrada de l\u00ednea para el transmisor, monitoreo del receptor por medio de los aud\u00edfonos directamente, tiempo de operaci\u00f3n aproximadamente 4 horas, dimensiones: 208 \u00d7 67 \u00d7 29 mm, peso: 90 g (sin bater\u00edas).","og_url":"https:\/\/www.mexicanguitarplayers.com\/en\/tienda\/sin categor\u00eda\/sistema-boya-inalambrico-by-wm8-pro-k1\/","og_site_name":"Mexican Guitar Players","article_modified_time":"2025-04-28T19:15:19+00:00","twitter_card":"summary_large_image","twitter_misc":{"Est. reading time":"2 minutes"},"schema":{"@context":"https:\/\/schema.org","@graph":[{"@type":["WebPage","ItemPage"],"@id":"https:\/\/www.mexicanguitarplayers.com\/tienda\/sin categor\u00eda\/sistema-boya-inalambrico-by-wm8-pro-k1\/","url":"https:\/\/www.mexicanguitarplayers.com\/tienda\/sin categor\u00eda\/sistema-boya-inalambrico-by-wm8-pro-k1\/","name":"SISTEMA BOYA INALAMBRICO BY-WM8 PRO-K1 - Mexican Guitar Players","isPartOf":{"@id":"https:\/\/www.mexicanguitarplayers.com\/#website"},"primaryImageOfPage":{"@id":"https:\/\/www.mexicanguitarplayers.com\/tienda\/sin categor\u00eda\/sistema-boya-inalambrico-by-wm8-pro-k1\/#primaryimage"},"image":{"@id":"https:\/\/www.mexicanguitarplayers.com\/tienda\/sin categor\u00eda\/sistema-boya-inalambrico-by-wm8-pro-k1\/#primaryimage"},"thumbnailUrl":"https:\/\/www.mexicanguitarplayers.com\/wp-content\/uploads\/2025\/04\/IABOYBYWM8PRK1.jpg","datePublished":"2025-04-09T04:23:05+00:00","dateModified":"2025-04-28T19:15:19+00:00","description":"Sistema inal\u00e1mbrico de doble canal, consta de un transmisor y un receptor, transmisi\u00f3n UHF con 48 canales, ideal para ENG\/EFP, DSLR video, sonido con calidad de transmisi\u00f3n, rango de operaci\u00f3n de hasta 100 m, modos mono y est\u00e9reo ajustables, alimentado por dos pilas AA para transmisor y receptor, circuitos de compresi\u00f3n digital, operaci\u00f3n de men\u00fa f\u00e1cil de usar con m\u00e1s opciones de control, funci\u00f3n de bloqueo autom\u00e1tico que evita cambios accidentales de configuraci\u00f3n, una entrada de micr\u00f3fono y una entrada de l\u00ednea para el transmisor, monitoreo del receptor por medio de los aud\u00edfonos directamente, tiempo de operaci\u00f3n aproximadamente 4 horas, dimensiones: 208 \u00d7 67 \u00d7 29 mm, peso: 90 g (sin bater\u00edas).","breadcrumb":{"@id":"https:\/\/www.mexicanguitarplayers.com\/tienda\/sin categor\u00eda\/sistema-boya-inalambrico-by-wm8-pro-k1\/#breadcrumb"},"inLanguage":"en-US","potentialAction":[{"@type":"ReadAction","target":["https:\/\/www.mexicanguitarplayers.com\/tienda\/sin categor\u00eda\/sistema-boya-inalambrico-by-wm8-pro-k1\/"]}]},{"@type":"ImageObject","inLanguage":"en-US","@id":"https:\/\/www.mexicanguitarplayers.com\/tienda\/sin categor\u00eda\/sistema-boya-inalambrico-by-wm8-pro-k1\/#primaryimage","url":"https:\/\/www.mexicanguitarplayers.com\/wp-content\/uploads\/2025\/04\/IABOYBYWM8PRK1.jpg","contentUrl":"https:\/\/www.mexicanguitarplayers.com\/wp-content\/uploads\/2025\/04\/IABOYBYWM8PRK1.jpg","width":1200,"height":1200},{"@type":"BreadcrumbList","@id":"https:\/\/www.mexicanguitarplayers.com\/tienda\/sin categor\u00eda\/sistema-boya-inalambrico-by-wm8-pro-k1\/#breadcrumb","itemListElement":[{"@type":"ListItem","position":1,"name":"Portada","item":"https:\/\/www.mexicanguitarplayers.com\/"},{"@type":"ListItem","position":2,"name":"Tienda","item":"https:\/\/www.mexicanguitarplayers.com\/tienda\/"},{"@type":"ListItem","position":3,"name":"SISTEMA BOYA INALAMBRICO BY-WM8 PRO-K1"}]},{"@type":"WebSite","@id":"https:\/\/www.mexicanguitarplayers.com\/#website","url":"https:\/\/www.mexicanguitarplayers.com\/","name":"Mexican Guitar Players","description":"Website","publisher":{"@id":"https:\/\/www.mexicanguitarplayers.com\/#organization"},"potentialAction":[{"@type":"SearchAction","target":{"@type":"EntryPoint","urlTemplate":"https:\/\/www.mexicanguitarplayers.com\/?s={search_term_string}"},"query-input":{"@type":"PropertyValueSpecification","valueRequired":true,"valueName":"search_term_string"}}],"inLanguage":"en-US"},{"@type":"Organization","@id":"https:\/\/www.mexicanguitarplayers.com\/#organization","name":"Mexican Guitar Players","url":"https:\/\/www.mexicanguitarplayers.com\/","logo":{"@type":"ImageObject","inLanguage":"en-US","@id":"https:\/\/www.mexicanguitarplayers.com\/#\/schema\/logo\/image\/","url":"","contentUrl":"","caption":"Mexican Guitar Players"},"image":{"@id":"https:\/\/www.mexicanguitarplayers.com\/#\/schema\/logo\/image\/"}}]}},"brands":[{"id":228,"name":"BUOY","slug":"boya"}],"_links":{"self":[{"href":"https:\/\/www.mexicanguitarplayers.com\/en\/wp-json\/wp\/v2\/product\/35866","targetHints":{"allow":["GET"]}}],"collection":[{"href":"https:\/\/www.mexicanguitarplayers.com\/en\/wp-json\/wp\/v2\/product"}],"about":[{"href":"https:\/\/www.mexicanguitarplayers.com\/en\/wp-json\/wp\/v2\/types\/product"}],"replies":[{"embeddable":true,"href":"https:\/\/www.mexicanguitarplayers.com\/en\/wp-json\/wp\/v2\/comments?post=35866"}],"wp:featuredmedia":[{"embeddable":true,"href":"https:\/\/www.mexicanguitarplayers.com\/en\/wp-json\/wp\/v2\/media\/35859"}],"wp:attachment":[{"href":"https:\/\/www.mexicanguitarplayers.com\/en\/wp-json\/wp\/v2\/media?parent=35866"}],"wp:term":[{"taxonomy":"pwb-brand","embeddable":true,"href":"https:\/\/www.mexicanguitarplayers.com\/en\/wp-json\/wp\/v2\/pwb-brand?post=35866"},{"taxonomy":"product_brand","embeddable":true,"href":"https:\/\/www.mexicanguitarplayers.com\/en\/wp-json\/wp\/v2\/product_brand?post=35866"},{"taxonomy":"product_cat","embeddable":true,"href":"https:\/\/www.mexicanguitarplayers.com\/en\/wp-json\/wp\/v2\/product_cat?post=35866"},{"taxonomy":"product_tag","embeddable":true,"href":"https:\/\/www.mexicanguitarplayers.com\/en\/wp-json\/wp\/v2\/product_tag?post=35866"}],"curies":[{"name":"wp","href":"https:\/\/api.w.org\/{rel}","templated":true}]}}