{"id":35874,"date":"2025-04-08T22:23:14","date_gmt":"2025-04-09T04:23:14","guid":{"rendered":"https:\/\/www.mexicanguitarplayers.com\/tienda\/sin categor\u00eda\/amplificador-ashly-mod-klr-5000\/"},"modified":"2026-05-01T07:20:53","modified_gmt":"2026-05-01T13:20:53","slug":"amplificador-ashly-mod-klr-5000","status":"publish","type":"product","link":"https:\/\/www.mexicanguitarplayers.com\/en\/tienda\/audio\/amplificadores-audio\/amplificadores-de-potencia\/amplificador-ashly-mod-klr-5000\/","title":{"rendered":"AMPLIFICADOR ASHLY MOD. KLR-5000"},"content":{"rendered":"<div style=\"text-align: justify\">\n<div>\n<h3>Amplificadores de alto rendimiento.<\/h3>\n<\/div>\n<div>La amplia gama de amplificadores de potencia de Ashly para la industria del audio incluye una familia de potentes amplificadores de 2 canales, la serie KLR. La serie KLR son amplificadores de alta eficiencia y de alta potencia de 2 canales, es la opci\u00f3n ideal para sistemas de altavoces de alta potencia, arreglos lineales, subwoofers dobles de 18&#8243; pulgadas y mucho m\u00e1s. Si crees que necesitas un costoso amplificador europeo para obtener un sonido limpio y estable, pi\u00e9nsalo dos veces. Excepcionalmente ligero en su clase, todos los KLR est\u00e1n dise\u00f1ados en un chasis para 2 unidades de rack. Cuentan con una relaci\u00f3n se\u00f1al a ruido que va de &gt;108 dB a &gt;110 dB a trav\u00e9s de todos los modelos. Tambi\u00e9n son vers\u00e1tiles, cada uno cuenta con un interruptor de ganancia de 3 posiciones para ambos canales, un interruptor de modo de 3 posiciones \/puente, est\u00e9reo o mono paralelo) y un switch de 3 posiciones de 12 dB \/ oct (30Hz, 50Hz o apagado). Repletos de caracter\u00edsticas, los amplificadores KLR son una gran opci\u00f3n cuando se necesita valorar un sistema de distribuci\u00f3n de sonido.<\/div>\n<div>\n<h4>Quick look<\/h4>\n<\/div>\n<ul style=\"margin: 0px 0px 0px 25px\">\n<li style=\"list-style-type: circle;margin: 5px\">Potencia de salida por canal.<\/li>\n<li style=\"list-style-type: circle;margin: 5px\">Line Current Draw.(Todos los canales manejando @4?).<\/li>\n<li style=\"list-style-type: circle;margin: 5px\">Disipaci\u00f3n termal.(Todos los canales manejando @4?).<\/li>\n<li style=\"list-style-type: circle;margin: 5px\">Switch de ganancia de entrada.<\/li>\n<li style=\"list-style-type: circle;margin: 5px\">Relaci\u00f3n se\u00f1al a ruido.(20 Hz &#8211; 20 kHz, potencia nominal @ 8? no ponderado).<\/li>\n<li style=\"list-style-type: circle;margin: 5px\">Circuiter\u00eda de salida.<\/li>\n<li style=\"list-style-type: circle;margin: 5px\">Respuesta de frecuencia 1W @ 8?.<\/li>\n<li style=\"list-style-type: circle;margin: 5px\">Factor de amortiguamiento.(- 100 Hz @ potencia nominal @8?.<\/li>\n<li style=\"list-style-type: circle;margin: 5px\">THD 20 Hz &#8211; 20 kHz, 10 dB below rated output @4?.<\/li>\n<li style=\"list-style-type: circle;margin: 5px\">Input impedance.<\/li>\n<li style=\"list-style-type: circle;margin: 5px\">HPF (30Hz, 50Hz, Off).<\/li>\n<li style=\"list-style-type: circle;margin: 5px\">Protecci\u00f3n de amplificador.<\/li>\n<li style=\"list-style-type: circle;margin: 5px\">Ventilador.<\/li>\n<li style=\"list-style-type: circle;margin: 5px\">Indicadores de panel frontal.<\/li>\n<li style=\"list-style-type: circle;margin: 5px\">Atenuadores.<\/li>\n<li style=\"list-style-type: circle;margin: 5px\">Conectores de entrada (cada canal).<\/li>\n<li style=\"list-style-type: circle;margin: 5px\">Conectores de salida (cada canal).<\/li>\n<li style=\"list-style-type: circle;margin: 5px\">Temperatura y humedad de operaci\u00f3n.<\/li>\n<li style=\"list-style-type: circle;margin: 5px\">Conector de cable de energ\u00eda.<\/li>\n<li style=\"list-style-type: circle;margin: 5px\">Dimensions.<\/li>\n<li style=\"list-style-type: circle;margin: 5px\">Weight.<\/li>\n<\/ul>\n<div>\n<div style=\"font-weight: bold\">Potencia de salida por canal.<\/div>\n<div>\n<p>Modo est\u00e9reo, ambos canales.8?, 20Hz &#8211; 20kHz, 1% THD: 1000W.4?, 20Hz &#8211; 20kHz, 1% THD: 1700W.2?, 20Hz &#8211; 20kHz, 1% THD: 2500W.Potencia modo puente mono.4?, 20 Hz &#8211; 20 kHz, 1% THD: 5000W.<\/p>\n<\/div>\n<div style=\"font-weight: bold\">Line Current Draw.(Todos los canales manejando @4?).<\/div>\n<div>\n<p>Inactivo (120VAC 60Hz): 1.14A.1\/8th Potencia Pink Noise (120VAC 60Hz): 17.5A.1\/3 Potencia Sine Wave (120VAC 60Hz): 24.7A.<\/p>\n<\/div>\n<div style=\"font-weight: bold\">Disipaci\u00f3n termal.(Todos los canales manejando @4?).<\/div>\n<div>\n<p>Inactivo (BTU\/hr): 215.1\/8th Potencia Pink Noise (BTU\/hr): 3111.1\/3 Potencia Sine Wave (BTU\/hr): 4395.<\/p>\n<\/div>\n<div style=\"font-weight: bold\">Switch de ganancia de entrada.<\/div>\n<div>\n<p>1.4V, 32dB, 26dB.<\/p>\n<\/div>\n<div style=\"font-weight: bold\">Relaci\u00f3n se\u00f1al a ruido.(20 Hz &#8211; 20 kHz, potencia nominal @ 8? no ponderado).<\/div>\n<div>\n<p>&gt;110 dB.<\/p>\n<\/div>\n<div style=\"font-weight: bold\">Circuiter\u00eda de salida.<\/div>\n<div>\n<p>Clase H de 2 pasos.<\/p>\n<\/div>\n<div style=\"font-weight: bold\">Respuesta de frecuencia 1W @ 8?.<\/div>\n<div>\n<p>20 Hz &#8211; 20 kHz: +\/- 0.3dB.(-3 dB down point): 5 Hz &#8211; 70 kHz.<\/p>\n<\/div>\n<div style=\"font-weight: bold\">Factor de amortiguamiento.(- 100 Hz @ potencia nominal @8?.<\/div>\n<div>\n<p>&gt; 380.<\/p>\n<\/div>\n<div style=\"font-weight: bold\">THD 20 Hz &#8211; 20 kHz, 10 dB below rated output @4?.<\/div>\n<div>\n<p>&lt;0.05%.<\/p>\n<\/div>\n<div style=\"font-weight: bold\">Input impedance.<\/div>\n<div>\n<p>12 k?, balanceado.<\/p>\n<\/div>\n<div style=\"font-weight: bold\">HPF (30Hz, 50Hz, Off).<\/div>\n<div>\n<p>12dB\/Oct.<\/p>\n<\/div>\n<div style=\"font-weight: bold\">Protecci\u00f3n de amplificador.<\/div>\n<div>\n<p>Salida sobre corriente, salida DC, chasis, temperatura, interruptor de red.<\/p>\n<\/div>\n<div style=\"font-weight: bold\">Ventilador.<\/div>\n<div>\n<p>Velocidad variable. Flujo de aire del frente a la parte posterior.<\/p>\n<\/div>\n<div style=\"font-weight: bold\">Indicadores de panel frontal.<\/div>\n<div>\n<p>Prot\/Clip, Se\u00f1al, Encendido.<\/p>\n<\/div>\n<div style=\"font-weight: bold\">Atenuadores.<\/div>\n<div>\n<p>Por canal: Panel frontal.<\/p>\n<\/div>\n<div style=\"font-weight: bold\">Conectores de entrada (cada canal).<\/div>\n<div>\n<p>Euroblock de 3 pines, XLR, \u00bc\u201d TRS Phone Jack.<\/p>\n<\/div>\n<div style=\"font-weight: bold\">Conectores de salida (cada canal).<\/div>\n<div>\n<p>Speakon de 4 pines.<\/p>\n<\/div>\n<div style=\"font-weight: bold\">Temperatura y humedad de operaci\u00f3n.<\/div>\n<div>\n<p>Temperatura: -10C &#8211; +40C.Humedad: 0% &#8211; 90%.<\/p>\n<\/div>\n<div style=\"font-weight: bold\">Conector de cable de energ\u00eda.<\/div>\n<div>\n<p>3-Prong NEMA 5 &#8211; 15.<\/p>\n<\/div>\n<div style=\"font-weight: bold\">Dimensions.<\/div>\n<div>\n<p>482 x 88 x 407 mm.<\/p>\n<\/div>\n<div style=\"font-weight: bold\">Weight.<\/div>\n<div>\n<p>12.8 kg.<\/p>\n<\/div>\n<\/div>\n<\/div>","protected":false},"excerpt":{"rendered":"<p>Amplificador de potencia, modo est\u00e9reo a 8 ohms: 1000W, a 4?: 1700W, a 2?: 2500W, modo puente mono a 4?: 5000W, relaci\u00f3n se\u00f1al a ruido: &gt;110 dB, Clase H de 2 pasos, respuesta de frecuencia 1W @ 8?: 20 Hz &#8211; 20 kHz: +\/- 0.3 dB, THD: &lt;0.05%, impedancia de entrada: 12 k?, balanceado, ventilador de velocidad variable, conectores de entrada: Euroblock de 3 pines, XLR, \u00bc\u201d TRS Phone Jack, conectores de salida: Speakon de 4 pines, dimensiones: 482 x 88 x 407 mm, peso: 12.8 kg.&hellip; <a class=\"kt-excerpt-readmore more-link\" href=\"https:\/\/www.mexicanguitarplayers.com\/en\/tienda\/audio\/amplificadores-audio\/amplificadores-de-potencia\/amplificador-ashly-mod-klr-5000\/\">Read more<\/a><\/p>","protected":false},"featured_media":35872,"comment_status":"open","ping_status":"closed","template":"","meta":{"kt_blocks_editor_width":""},"pwb-brand":[532],"product_brand":[],"product_cat":[219,220,213],"product_tag":[],"class_list":{"0":"post-35874","1":"product","2":"type-product","3":"status-publish","4":"has-post-thumbnail","6":"pwb-brand-ashly","7":"product_cat-amplificadores-audio","8":"product_cat-amplificadores-de-potencia","9":"product_cat-audio","10":"product_shipping_class-10-15-kg","12":"first","13":"instock","14":"taxable","15":"shipping-taxable","16":"purchasable","17":"product-type-simple"},"yoast_head":"<!-- This site is optimized with the Yoast SEO plugin v27.5 - https:\/\/yoast.com\/product\/yoast-seo-wordpress\/ -->\n<title>AMPLIFICADOR ASHLY MOD. KLR-5000 - Mexican Guitar Players<\/title>\n<meta name=\"description\" content=\"Amplificador de potencia, modo est\u00e9reo a 8 ohms: 1000W, a 4?: 1700W, a 2?: 2500W, modo puente mono a 4?: 5000W, relaci\u00f3n se\u00f1al a ruido: &gt;110 dB, Clase H de 2 pasos, respuesta de frecuencia 1W @ 8?: 20 Hz - 20 kHz: +\/- 0.3 dB, THD: &lt;0.05%, impedancia de entrada: 12 k?, balanceado, ventilador de velocidad variable, conectores de entrada: Euroblock de 3 pines, XLR, \u00bc\u201d TRS Phone Jack, conectores de salida: Speakon de 4 pines, dimensiones: 482 x 88 x 407 mm, peso: 12.8 kg.\" \/>\n<meta name=\"robots\" content=\"index, follow, max-snippet:-1, max-image-preview:large, max-video-preview:-1\" \/>\n<link rel=\"canonical\" href=\"https:\/\/www.mexicanguitarplayers.com\/en\/tienda\/sin%20categor\u00eda\/amplificador-ashly-mod-klr-5000\/\" \/>\n<meta property=\"og:locale\" content=\"en_US\" \/>\n<meta property=\"og:type\" content=\"article\" \/>\n<meta property=\"og:title\" content=\"AMPLIFICADOR ASHLY MOD. KLR-5000 - Mexican Guitar Players\" \/>\n<meta property=\"og:description\" content=\"Amplificador de potencia, modo est\u00e9reo a 8 ohms: 1000W, a 4?: 1700W, a 2?: 2500W, modo puente mono a 4?: 5000W, relaci\u00f3n se\u00f1al a ruido: &gt;110 dB, Clase H de 2 pasos, respuesta de frecuencia 1W @ 8?: 20 Hz - 20 kHz: +\/- 0.3 dB, THD: &lt;0.05%, impedancia de entrada: 12 k?, balanceado, ventilador de velocidad variable, conectores de entrada: Euroblock de 3 pines, XLR, \u00bc\u201d TRS Phone Jack, conectores de salida: Speakon de 4 pines, dimensiones: 482 x 88 x 407 mm, peso: 12.8 kg.\" \/>\n<meta property=\"og:url\" content=\"https:\/\/www.mexicanguitarplayers.com\/en\/tienda\/sin categor\u00eda\/amplificador-ashly-mod-klr-5000\/\" \/>\n<meta property=\"og:site_name\" content=\"Mexican Guitar Players\" \/>\n<meta property=\"article:modified_time\" content=\"2026-05-01T13:20:53+00:00\" \/>\n<meta name=\"twitter:card\" content=\"summary_large_image\" \/>\n<meta name=\"twitter:label1\" content=\"Est. reading time\" \/>\n\t<meta name=\"twitter:data1\" content=\"3 minutes\" \/>\n<script type=\"application\/ld+json\" class=\"yoast-schema-graph\">{\"@context\":\"https:\\\/\\\/schema.org\",\"@graph\":[{\"@type\":[\"WebPage\",\"ItemPage\"],\"@id\":\"https:\\\/\\\/www.mexicanguitarplayers.com\\\/tienda\\\/sin categor\u00eda\\\/amplificador-ashly-mod-klr-5000\\\/\",\"url\":\"https:\\\/\\\/www.mexicanguitarplayers.com\\\/tienda\\\/sin categor\u00eda\\\/amplificador-ashly-mod-klr-5000\\\/\",\"name\":\"AMPLIFICADOR ASHLY MOD. KLR-5000 - Mexican Guitar Players\",\"isPartOf\":{\"@id\":\"https:\\\/\\\/www.mexicanguitarplayers.com\\\/#website\"},\"primaryImageOfPage\":{\"@id\":\"https:\\\/\\\/www.mexicanguitarplayers.com\\\/tienda\\\/sin categor\u00eda\\\/amplificador-ashly-mod-klr-5000\\\/#primaryimage\"},\"image\":{\"@id\":\"https:\\\/\\\/www.mexicanguitarplayers.com\\\/tienda\\\/sin categor\u00eda\\\/amplificador-ashly-mod-klr-5000\\\/#primaryimage\"},\"thumbnailUrl\":\"https:\\\/\\\/www.mexicanguitarplayers.com\\\/wp-content\\\/uploads\\\/2025\\\/04\\\/IAASHKLR5000.jpg\",\"datePublished\":\"2025-04-09T04:23:14+00:00\",\"dateModified\":\"2026-05-01T13:20:53+00:00\",\"description\":\"Amplificador de potencia, modo est\u00e9reo a 8 ohms: 1000W, a 4?: 1700W, a 2?: 2500W, modo puente mono a 4?: 5000W, relaci\u00f3n se\u00f1al a ruido: &gt;110 dB, Clase H de 2 pasos, respuesta de frecuencia 1W @ 8?: 20 Hz - 20 kHz: +\\\/- 0.3 dB, THD: &lt;0.05%, impedancia de entrada: 12 k?, balanceado, ventilador de velocidad variable, conectores de entrada: Euroblock de 3 pines, XLR, \u00bc\u201d TRS Phone Jack, conectores de salida: Speakon de 4 pines, dimensiones: 482 x 88 x 407 mm, peso: 12.8 kg.\",\"breadcrumb\":{\"@id\":\"https:\\\/\\\/www.mexicanguitarplayers.com\\\/tienda\\\/sin categor\u00eda\\\/amplificador-ashly-mod-klr-5000\\\/#breadcrumb\"},\"inLanguage\":\"en-US\",\"potentialAction\":[{\"@type\":\"ReadAction\",\"target\":[\"https:\\\/\\\/www.mexicanguitarplayers.com\\\/tienda\\\/sin categor\u00eda\\\/amplificador-ashly-mod-klr-5000\\\/\"]}]},{\"@type\":\"ImageObject\",\"inLanguage\":\"en-US\",\"@id\":\"https:\\\/\\\/www.mexicanguitarplayers.com\\\/tienda\\\/sin categor\u00eda\\\/amplificador-ashly-mod-klr-5000\\\/#primaryimage\",\"url\":\"https:\\\/\\\/www.mexicanguitarplayers.com\\\/wp-content\\\/uploads\\\/2025\\\/04\\\/IAASHKLR5000.jpg\",\"contentUrl\":\"https:\\\/\\\/www.mexicanguitarplayers.com\\\/wp-content\\\/uploads\\\/2025\\\/04\\\/IAASHKLR5000.jpg\",\"width\":1600,\"height\":800},{\"@type\":\"BreadcrumbList\",\"@id\":\"https:\\\/\\\/www.mexicanguitarplayers.com\\\/tienda\\\/sin categor\u00eda\\\/amplificador-ashly-mod-klr-5000\\\/#breadcrumb\",\"itemListElement\":[{\"@type\":\"ListItem\",\"position\":1,\"name\":\"Portada\",\"item\":\"https:\\\/\\\/www.mexicanguitarplayers.com\\\/\"},{\"@type\":\"ListItem\",\"position\":2,\"name\":\"Tienda\",\"item\":\"https:\\\/\\\/www.mexicanguitarplayers.com\\\/tienda\\\/\"},{\"@type\":\"ListItem\",\"position\":3,\"name\":\"AMPLIFICADOR ASHLY MOD. KLR-5000\"}]},{\"@type\":\"WebSite\",\"@id\":\"https:\\\/\\\/www.mexicanguitarplayers.com\\\/#website\",\"url\":\"https:\\\/\\\/www.mexicanguitarplayers.com\\\/\",\"name\":\"Mexican Guitar Players\",\"description\":\"Website\",\"publisher\":{\"@id\":\"https:\\\/\\\/www.mexicanguitarplayers.com\\\/#organization\"},\"potentialAction\":[{\"@type\":\"SearchAction\",\"target\":{\"@type\":\"EntryPoint\",\"urlTemplate\":\"https:\\\/\\\/www.mexicanguitarplayers.com\\\/?s={search_term_string}\"},\"query-input\":{\"@type\":\"PropertyValueSpecification\",\"valueRequired\":true,\"valueName\":\"search_term_string\"}}],\"inLanguage\":\"en-US\"},{\"@type\":\"Organization\",\"@id\":\"https:\\\/\\\/www.mexicanguitarplayers.com\\\/#organization\",\"name\":\"Mexican Guitar Players\",\"url\":\"https:\\\/\\\/www.mexicanguitarplayers.com\\\/\",\"logo\":{\"@type\":\"ImageObject\",\"inLanguage\":\"en-US\",\"@id\":\"https:\\\/\\\/www.mexicanguitarplayers.com\\\/#\\\/schema\\\/logo\\\/image\\\/\",\"url\":\"\",\"contentUrl\":\"\",\"caption\":\"Mexican Guitar Players\"},\"image\":{\"@id\":\"https:\\\/\\\/www.mexicanguitarplayers.com\\\/#\\\/schema\\\/logo\\\/image\\\/\"}}]}<\/script>\n<!-- \/ Yoast SEO plugin. -->","yoast_head_json":{"title":"AMPLIFICADOR ASHLY MOD. KLR-5000 - Mexican Guitar Players","description":"Amplificador de potencia, modo est\u00e9reo a 8 ohms: 1000W, a 4?: 1700W, a 2?: 2500W, modo puente mono a 4?: 5000W, relaci\u00f3n se\u00f1al a ruido: &gt;110 dB, Clase H de 2 pasos, respuesta de frecuencia 1W @ 8?: 20 Hz - 20 kHz: +\/- 0.3 dB, THD: &lt;0.05%, impedancia de entrada: 12 k?, balanceado, ventilador de velocidad variable, conectores de entrada: Euroblock de 3 pines, XLR, \u00bc\u201d TRS Phone Jack, conectores de salida: Speakon de 4 pines, dimensiones: 482 x 88 x 407 mm, peso: 12.8 kg.","robots":{"index":"index","follow":"follow","max-snippet":"max-snippet:-1","max-image-preview":"max-image-preview:large","max-video-preview":"max-video-preview:-1"},"canonical":"https:\/\/www.mexicanguitarplayers.com\/en\/tienda\/sin categor\u00eda\/amplificador-ashly-mod-klr-5000\/","og_locale":"en_US","og_type":"article","og_title":"AMPLIFICADOR ASHLY MOD. KLR-5000 - Mexican Guitar Players","og_description":"Amplificador de potencia, modo est\u00e9reo a 8 ohms: 1000W, a 4?: 1700W, a 2?: 2500W, modo puente mono a 4?: 5000W, relaci\u00f3n se\u00f1al a ruido: &gt;110 dB, Clase H de 2 pasos, respuesta de frecuencia 1W @ 8?: 20 Hz - 20 kHz: +\/- 0.3 dB, THD: &lt;0.05%, impedancia de entrada: 12 k?, balanceado, ventilador de velocidad variable, conectores de entrada: Euroblock de 3 pines, XLR, \u00bc\u201d TRS Phone Jack, conectores de salida: Speakon de 4 pines, dimensiones: 482 x 88 x 407 mm, peso: 12.8 kg.","og_url":"https:\/\/www.mexicanguitarplayers.com\/en\/tienda\/sin categor\u00eda\/amplificador-ashly-mod-klr-5000\/","og_site_name":"Mexican Guitar Players","article_modified_time":"2026-05-01T13:20:53+00:00","twitter_card":"summary_large_image","twitter_misc":{"Est. reading time":"3 minutes"},"schema":{"@context":"https:\/\/schema.org","@graph":[{"@type":["WebPage","ItemPage"],"@id":"https:\/\/www.mexicanguitarplayers.com\/tienda\/sin categor\u00eda\/amplificador-ashly-mod-klr-5000\/","url":"https:\/\/www.mexicanguitarplayers.com\/tienda\/sin categor\u00eda\/amplificador-ashly-mod-klr-5000\/","name":"AMPLIFICADOR ASHLY MOD. KLR-5000 - Mexican Guitar Players","isPartOf":{"@id":"https:\/\/www.mexicanguitarplayers.com\/#website"},"primaryImageOfPage":{"@id":"https:\/\/www.mexicanguitarplayers.com\/tienda\/sin categor\u00eda\/amplificador-ashly-mod-klr-5000\/#primaryimage"},"image":{"@id":"https:\/\/www.mexicanguitarplayers.com\/tienda\/sin categor\u00eda\/amplificador-ashly-mod-klr-5000\/#primaryimage"},"thumbnailUrl":"https:\/\/www.mexicanguitarplayers.com\/wp-content\/uploads\/2025\/04\/IAASHKLR5000.jpg","datePublished":"2025-04-09T04:23:14+00:00","dateModified":"2026-05-01T13:20:53+00:00","description":"Amplificador de potencia, modo est\u00e9reo a 8 ohms: 1000W, a 4?: 1700W, a 2?: 2500W, modo puente mono a 4?: 5000W, relaci\u00f3n se\u00f1al a ruido: &gt;110 dB, Clase H de 2 pasos, respuesta de frecuencia 1W @ 8?: 20 Hz - 20 kHz: +\/- 0.3 dB, THD: &lt;0.05%, impedancia de entrada: 12 k?, balanceado, ventilador de velocidad variable, conectores de entrada: Euroblock de 3 pines, XLR, \u00bc\u201d TRS Phone Jack, conectores de salida: Speakon de 4 pines, dimensiones: 482 x 88 x 407 mm, peso: 12.8 kg.","breadcrumb":{"@id":"https:\/\/www.mexicanguitarplayers.com\/tienda\/sin categor\u00eda\/amplificador-ashly-mod-klr-5000\/#breadcrumb"},"inLanguage":"en-US","potentialAction":[{"@type":"ReadAction","target":["https:\/\/www.mexicanguitarplayers.com\/tienda\/sin categor\u00eda\/amplificador-ashly-mod-klr-5000\/"]}]},{"@type":"ImageObject","inLanguage":"en-US","@id":"https:\/\/www.mexicanguitarplayers.com\/tienda\/sin categor\u00eda\/amplificador-ashly-mod-klr-5000\/#primaryimage","url":"https:\/\/www.mexicanguitarplayers.com\/wp-content\/uploads\/2025\/04\/IAASHKLR5000.jpg","contentUrl":"https:\/\/www.mexicanguitarplayers.com\/wp-content\/uploads\/2025\/04\/IAASHKLR5000.jpg","width":1600,"height":800},{"@type":"BreadcrumbList","@id":"https:\/\/www.mexicanguitarplayers.com\/tienda\/sin categor\u00eda\/amplificador-ashly-mod-klr-5000\/#breadcrumb","itemListElement":[{"@type":"ListItem","position":1,"name":"Portada","item":"https:\/\/www.mexicanguitarplayers.com\/"},{"@type":"ListItem","position":2,"name":"Tienda","item":"https:\/\/www.mexicanguitarplayers.com\/tienda\/"},{"@type":"ListItem","position":3,"name":"AMPLIFICADOR ASHLY MOD. KLR-5000"}]},{"@type":"WebSite","@id":"https:\/\/www.mexicanguitarplayers.com\/#website","url":"https:\/\/www.mexicanguitarplayers.com\/","name":"Mexican Guitar Players","description":"Website","publisher":{"@id":"https:\/\/www.mexicanguitarplayers.com\/#organization"},"potentialAction":[{"@type":"SearchAction","target":{"@type":"EntryPoint","urlTemplate":"https:\/\/www.mexicanguitarplayers.com\/?s={search_term_string}"},"query-input":{"@type":"PropertyValueSpecification","valueRequired":true,"valueName":"search_term_string"}}],"inLanguage":"en-US"},{"@type":"Organization","@id":"https:\/\/www.mexicanguitarplayers.com\/#organization","name":"Mexican Guitar Players","url":"https:\/\/www.mexicanguitarplayers.com\/","logo":{"@type":"ImageObject","inLanguage":"en-US","@id":"https:\/\/www.mexicanguitarplayers.com\/#\/schema\/logo\/image\/","url":"","contentUrl":"","caption":"Mexican Guitar Players"},"image":{"@id":"https:\/\/www.mexicanguitarplayers.com\/#\/schema\/logo\/image\/"}}]}},"brands":[{"id":532,"name":"ASHLY","slug":"ashly"}],"_links":{"self":[{"href":"https:\/\/www.mexicanguitarplayers.com\/en\/wp-json\/wp\/v2\/product\/35874","targetHints":{"allow":["GET"]}}],"collection":[{"href":"https:\/\/www.mexicanguitarplayers.com\/en\/wp-json\/wp\/v2\/product"}],"about":[{"href":"https:\/\/www.mexicanguitarplayers.com\/en\/wp-json\/wp\/v2\/types\/product"}],"replies":[{"embeddable":true,"href":"https:\/\/www.mexicanguitarplayers.com\/en\/wp-json\/wp\/v2\/comments?post=35874"}],"wp:featuredmedia":[{"embeddable":true,"href":"https:\/\/www.mexicanguitarplayers.com\/en\/wp-json\/wp\/v2\/media\/35872"}],"wp:attachment":[{"href":"https:\/\/www.mexicanguitarplayers.com\/en\/wp-json\/wp\/v2\/media?parent=35874"}],"wp:term":[{"taxonomy":"pwb-brand","embeddable":true,"href":"https:\/\/www.mexicanguitarplayers.com\/en\/wp-json\/wp\/v2\/pwb-brand?post=35874"},{"taxonomy":"product_brand","embeddable":true,"href":"https:\/\/www.mexicanguitarplayers.com\/en\/wp-json\/wp\/v2\/product_brand?post=35874"},{"taxonomy":"product_cat","embeddable":true,"href":"https:\/\/www.mexicanguitarplayers.com\/en\/wp-json\/wp\/v2\/product_cat?post=35874"},{"taxonomy":"product_tag","embeddable":true,"href":"https:\/\/www.mexicanguitarplayers.com\/en\/wp-json\/wp\/v2\/product_tag?post=35874"}],"curies":[{"name":"wp","href":"https:\/\/api.w.org\/{rel}","templated":true}]}}