{"id":35880,"date":"2025-04-08T22:23:21","date_gmt":"2025-04-09T04:23:21","guid":{"rendered":"https:\/\/www.mexicanguitarplayers.com\/tienda\/sin categor\u00eda\/pastilla-belcat-p-guitarra-cnr-4\/"},"modified":"2026-05-01T07:20:53","modified_gmt":"2026-05-01T13:20:53","slug":"pastilla-belcat-p-guitarra-cnr-4","status":"publish","type":"product","link":"https:\/\/www.mexicanguitarplayers.com\/en\/tienda\/accesorios\/para-guitarras\/pastillas-para-guitarra-acustica\/pastilla-belcat-p-guitarra-cnr-4\/","title":{"rendered":"PASTILLA BELCAT P\/GUITARRA   CNR-4"},"content":{"rendered":"<div style=\"text-align: justify\">\n<div>\n<h3>Los mejores accesorios.<\/h3>\n<\/div>\n<div>Esta pastilla activa para guitarra ac\u00fastica cuenta con un sistema de captor piezo el\u00e9ctrico e incluye un afinador crom\u00e1tico de display LCD, ecualizador de 4 bandas, control phase para evitar feedback y funciona con una bater\u00eda de 9V. Belcat es una empresa que ha desarrollado una gran l\u00ednea de productos y accesorios muy bien fabricados, ofreciendo una gran relaci\u00f3n en cuanto a precio y calidad. Cuenta con afinadores, aud\u00edfonos, preamps, combos, metr\u00f3nomos, pastillas para guitarras el\u00e9ctricas, ac\u00fasticas y bajos de gran calidad y precisi\u00f3n.<\/div>\n<div>\n<h4>Characteristics<\/h4>\n<\/div>\n<div>\n<ul style=\"margin: 0px 0px 0px 25px\">\n<li style=\"list-style-type: circle;margin: 5px\">Pastilla con pre amplificador activo para guitarra ac\u00fastica.<\/li>\n<li style=\"list-style-type: circle;margin: 5px\">Sistema de captor piezo el\u00e9ctrico.<\/li>\n<li style=\"list-style-type: circle;margin: 5px\">Incluye afinador crom\u00e1tico de display LCD.<\/li>\n<li style=\"list-style-type: circle;margin: 5px\">Ecualizador de 4 bandas: Trebble, middle, bass y presence.<\/li>\n<li style=\"list-style-type: circle;margin: 5px\">Control phase para evitar feedback.<\/li>\n<li style=\"list-style-type: circle;margin: 5px\">Tama\u00f1o reducido.<\/li>\n<li style=\"list-style-type: circle;margin: 5px\">Salida plug de 1\/4&#8243;.<\/li>\n<li style=\"list-style-type: circle;margin: 5px\">Funciona con una bater\u00eda de 9V (incluida).<\/li>\n<\/ul>\n<\/div>\n<\/div>","protected":false},"excerpt":{"rendered":"<p>Pastilla con preamplificador activo para guitarra ac\u00fastica, sistema de captor piezo el\u00e9ctrico, incluye afinador crom\u00e1tico de display LCD, ecualizador de 4 bandas, trebble, middle, bass y presence, control phase para evitar feedback, tama\u00f1o reducido, salida plug de 1\/4\u201d, funciona con una bater\u00eda de 9V (incluida).&hellip; <a class=\"kt-excerpt-readmore more-link\" href=\"https:\/\/www.mexicanguitarplayers.com\/en\/tienda\/accesorios\/para-guitarras\/pastillas-para-guitarra-acustica\/pastilla-belcat-p-guitarra-cnr-4\/\">Read more<\/a><\/p>","protected":false},"featured_media":35879,"comment_status":"open","ping_status":"closed","template":"","meta":{"kt_blocks_editor_width":""},"pwb-brand":[258],"product_brand":[],"product_cat":[85,336,357],"product_tag":[],"class_list":{"0":"post-35880","1":"product","2":"type-product","3":"status-publish","4":"has-post-thumbnail","6":"pwb-brand-belcat","7":"product_cat-accesorios","8":"product_cat-para-guitarras","9":"product_cat-pastillas-para-guitarra-acustica","10":"product_shipping_class-0-5-kg","12":"first","13":"instock","14":"taxable","15":"shipping-taxable","16":"purchasable","17":"product-type-simple"},"yoast_head":"<!-- This site is optimized with the Yoast SEO plugin v27.5 - https:\/\/yoast.com\/product\/yoast-seo-wordpress\/ -->\n<title>PASTILLA BELCAT P\/GUITARRA  CNR-4 - Mexican Guitar Players<\/title>\n<meta name=\"description\" content=\"Pastilla con preamplificador activo para guitarra ac\u00fastica, sistema de captor piezo el\u00e9ctrico, incluye afinador crom\u00e1tico de display LCD, ecualizador de 4 bandas, trebble, middle, bass y presence, control phase para evitar feedback, tama\u00f1o reducido, salida plug de 1\/4\u201d, funciona con una bater\u00eda de 9V (incluida).\" \/>\n<meta name=\"robots\" content=\"index, follow, max-snippet:-1, max-image-preview:large, max-video-preview:-1\" \/>\n<link rel=\"canonical\" href=\"https:\/\/www.mexicanguitarplayers.com\/en\/tienda\/sin%20categor\u00eda\/pastilla-belcat-p-guitarra-cnr-4\/\" \/>\n<meta property=\"og:locale\" content=\"en_US\" \/>\n<meta property=\"og:type\" content=\"article\" \/>\n<meta property=\"og:title\" content=\"PASTILLA BELCAT P\/GUITARRA  CNR-4 - Mexican Guitar Players\" \/>\n<meta property=\"og:description\" content=\"Pastilla con preamplificador activo para guitarra ac\u00fastica, sistema de captor piezo el\u00e9ctrico, incluye afinador crom\u00e1tico de display LCD, ecualizador de 4 bandas, trebble, middle, bass y presence, control phase para evitar feedback, tama\u00f1o reducido, salida plug de 1\/4\u201d, funciona con una bater\u00eda de 9V (incluida).\" \/>\n<meta property=\"og:url\" content=\"https:\/\/www.mexicanguitarplayers.com\/en\/tienda\/sin categor\u00eda\/pastilla-belcat-p-guitarra-cnr-4\/\" \/>\n<meta property=\"og:site_name\" content=\"Mexican Guitar Players\" \/>\n<meta property=\"article:modified_time\" content=\"2026-05-01T13:20:53+00:00\" \/>\n<meta name=\"twitter:card\" content=\"summary_large_image\" \/>\n<meta name=\"twitter:label1\" content=\"Est. reading time\" \/>\n\t<meta name=\"twitter:data1\" content=\"1 minute\" \/>\n<script type=\"application\/ld+json\" class=\"yoast-schema-graph\">{\"@context\":\"https:\\\/\\\/schema.org\",\"@graph\":[{\"@type\":[\"WebPage\",\"ItemPage\"],\"@id\":\"https:\\\/\\\/www.mexicanguitarplayers.com\\\/tienda\\\/sin categor\u00eda\\\/pastilla-belcat-p-guitarra-cnr-4\\\/\",\"url\":\"https:\\\/\\\/www.mexicanguitarplayers.com\\\/tienda\\\/sin categor\u00eda\\\/pastilla-belcat-p-guitarra-cnr-4\\\/\",\"name\":\"PASTILLA BELCAT P\\\/GUITARRA CNR-4 - Mexican Guitar Players\",\"isPartOf\":{\"@id\":\"https:\\\/\\\/www.mexicanguitarplayers.com\\\/#website\"},\"primaryImageOfPage\":{\"@id\":\"https:\\\/\\\/www.mexicanguitarplayers.com\\\/tienda\\\/sin categor\u00eda\\\/pastilla-belcat-p-guitarra-cnr-4\\\/#primaryimage\"},\"image\":{\"@id\":\"https:\\\/\\\/www.mexicanguitarplayers.com\\\/tienda\\\/sin categor\u00eda\\\/pastilla-belcat-p-guitarra-cnr-4\\\/#primaryimage\"},\"thumbnailUrl\":\"https:\\\/\\\/www.mexicanguitarplayers.com\\\/wp-content\\\/uploads\\\/2025\\\/04\\\/RABELCNR4.jpg\",\"datePublished\":\"2025-04-09T04:23:21+00:00\",\"dateModified\":\"2026-05-01T13:20:53+00:00\",\"description\":\"Pastilla con preamplificador activo para guitarra ac\u00fastica, sistema de captor piezo el\u00e9ctrico, incluye afinador crom\u00e1tico de display LCD, ecualizador de 4 bandas, trebble, middle, bass y presence, control phase para evitar feedback, tama\u00f1o reducido, salida plug de 1\\\/4\u201d, funciona con una bater\u00eda de 9V (incluida).\",\"breadcrumb\":{\"@id\":\"https:\\\/\\\/www.mexicanguitarplayers.com\\\/tienda\\\/sin categor\u00eda\\\/pastilla-belcat-p-guitarra-cnr-4\\\/#breadcrumb\"},\"inLanguage\":\"en-US\",\"potentialAction\":[{\"@type\":\"ReadAction\",\"target\":[\"https:\\\/\\\/www.mexicanguitarplayers.com\\\/tienda\\\/sin categor\u00eda\\\/pastilla-belcat-p-guitarra-cnr-4\\\/\"]}]},{\"@type\":\"ImageObject\",\"inLanguage\":\"en-US\",\"@id\":\"https:\\\/\\\/www.mexicanguitarplayers.com\\\/tienda\\\/sin categor\u00eda\\\/pastilla-belcat-p-guitarra-cnr-4\\\/#primaryimage\",\"url\":\"https:\\\/\\\/www.mexicanguitarplayers.com\\\/wp-content\\\/uploads\\\/2025\\\/04\\\/RABELCNR4.jpg\",\"contentUrl\":\"https:\\\/\\\/www.mexicanguitarplayers.com\\\/wp-content\\\/uploads\\\/2025\\\/04\\\/RABELCNR4.jpg\",\"width\":1200,\"height\":1200},{\"@type\":\"BreadcrumbList\",\"@id\":\"https:\\\/\\\/www.mexicanguitarplayers.com\\\/tienda\\\/sin categor\u00eda\\\/pastilla-belcat-p-guitarra-cnr-4\\\/#breadcrumb\",\"itemListElement\":[{\"@type\":\"ListItem\",\"position\":1,\"name\":\"Portada\",\"item\":\"https:\\\/\\\/www.mexicanguitarplayers.com\\\/\"},{\"@type\":\"ListItem\",\"position\":2,\"name\":\"Tienda\",\"item\":\"https:\\\/\\\/www.mexicanguitarplayers.com\\\/tienda\\\/\"},{\"@type\":\"ListItem\",\"position\":3,\"name\":\"PASTILLA BELCAT P\\\/GUITARRA CNR-4\"}]},{\"@type\":\"WebSite\",\"@id\":\"https:\\\/\\\/www.mexicanguitarplayers.com\\\/#website\",\"url\":\"https:\\\/\\\/www.mexicanguitarplayers.com\\\/\",\"name\":\"Mexican Guitar Players\",\"description\":\"Website\",\"publisher\":{\"@id\":\"https:\\\/\\\/www.mexicanguitarplayers.com\\\/#organization\"},\"potentialAction\":[{\"@type\":\"SearchAction\",\"target\":{\"@type\":\"EntryPoint\",\"urlTemplate\":\"https:\\\/\\\/www.mexicanguitarplayers.com\\\/?s={search_term_string}\"},\"query-input\":{\"@type\":\"PropertyValueSpecification\",\"valueRequired\":true,\"valueName\":\"search_term_string\"}}],\"inLanguage\":\"en-US\"},{\"@type\":\"Organization\",\"@id\":\"https:\\\/\\\/www.mexicanguitarplayers.com\\\/#organization\",\"name\":\"Mexican Guitar Players\",\"url\":\"https:\\\/\\\/www.mexicanguitarplayers.com\\\/\",\"logo\":{\"@type\":\"ImageObject\",\"inLanguage\":\"en-US\",\"@id\":\"https:\\\/\\\/www.mexicanguitarplayers.com\\\/#\\\/schema\\\/logo\\\/image\\\/\",\"url\":\"\",\"contentUrl\":\"\",\"caption\":\"Mexican Guitar Players\"},\"image\":{\"@id\":\"https:\\\/\\\/www.mexicanguitarplayers.com\\\/#\\\/schema\\\/logo\\\/image\\\/\"}}]}<\/script>\n<!-- \/ Yoast SEO plugin. -->","yoast_head_json":{"title":"PASTILLA BELCAT P\/GUITARRA  CNR-4 - Mexican Guitar Players","description":"Pastilla con preamplificador activo para guitarra ac\u00fastica, sistema de captor piezo el\u00e9ctrico, incluye afinador crom\u00e1tico de display LCD, ecualizador de 4 bandas, trebble, middle, bass y presence, control phase para evitar feedback, tama\u00f1o reducido, salida plug de 1\/4\u201d, funciona con una bater\u00eda de 9V (incluida).","robots":{"index":"index","follow":"follow","max-snippet":"max-snippet:-1","max-image-preview":"max-image-preview:large","max-video-preview":"max-video-preview:-1"},"canonical":"https:\/\/www.mexicanguitarplayers.com\/en\/tienda\/sin categor\u00eda\/pastilla-belcat-p-guitarra-cnr-4\/","og_locale":"en_US","og_type":"article","og_title":"PASTILLA BELCAT P\/GUITARRA  CNR-4 - Mexican Guitar Players","og_description":"Pastilla con preamplificador activo para guitarra ac\u00fastica, sistema de captor piezo el\u00e9ctrico, incluye afinador crom\u00e1tico de display LCD, ecualizador de 4 bandas, trebble, middle, bass y presence, control phase para evitar feedback, tama\u00f1o reducido, salida plug de 1\/4\u201d, funciona con una bater\u00eda de 9V (incluida).","og_url":"https:\/\/www.mexicanguitarplayers.com\/en\/tienda\/sin categor\u00eda\/pastilla-belcat-p-guitarra-cnr-4\/","og_site_name":"Mexican Guitar Players","article_modified_time":"2026-05-01T13:20:53+00:00","twitter_card":"summary_large_image","twitter_misc":{"Est. reading time":"1 minute"},"schema":{"@context":"https:\/\/schema.org","@graph":[{"@type":["WebPage","ItemPage"],"@id":"https:\/\/www.mexicanguitarplayers.com\/tienda\/sin categor\u00eda\/pastilla-belcat-p-guitarra-cnr-4\/","url":"https:\/\/www.mexicanguitarplayers.com\/tienda\/sin categor\u00eda\/pastilla-belcat-p-guitarra-cnr-4\/","name":"PASTILLA BELCAT P\/GUITARRA CNR-4 - Mexican Guitar Players","isPartOf":{"@id":"https:\/\/www.mexicanguitarplayers.com\/#website"},"primaryImageOfPage":{"@id":"https:\/\/www.mexicanguitarplayers.com\/tienda\/sin categor\u00eda\/pastilla-belcat-p-guitarra-cnr-4\/#primaryimage"},"image":{"@id":"https:\/\/www.mexicanguitarplayers.com\/tienda\/sin categor\u00eda\/pastilla-belcat-p-guitarra-cnr-4\/#primaryimage"},"thumbnailUrl":"https:\/\/www.mexicanguitarplayers.com\/wp-content\/uploads\/2025\/04\/RABELCNR4.jpg","datePublished":"2025-04-09T04:23:21+00:00","dateModified":"2026-05-01T13:20:53+00:00","description":"Pastilla con preamplificador activo para guitarra ac\u00fastica, sistema de captor piezo el\u00e9ctrico, incluye afinador crom\u00e1tico de display LCD, ecualizador de 4 bandas, trebble, middle, bass y presence, control phase para evitar feedback, tama\u00f1o reducido, salida plug de 1\/4\u201d, funciona con una bater\u00eda de 9V (incluida).","breadcrumb":{"@id":"https:\/\/www.mexicanguitarplayers.com\/tienda\/sin categor\u00eda\/pastilla-belcat-p-guitarra-cnr-4\/#breadcrumb"},"inLanguage":"en-US","potentialAction":[{"@type":"ReadAction","target":["https:\/\/www.mexicanguitarplayers.com\/tienda\/sin categor\u00eda\/pastilla-belcat-p-guitarra-cnr-4\/"]}]},{"@type":"ImageObject","inLanguage":"en-US","@id":"https:\/\/www.mexicanguitarplayers.com\/tienda\/sin categor\u00eda\/pastilla-belcat-p-guitarra-cnr-4\/#primaryimage","url":"https:\/\/www.mexicanguitarplayers.com\/wp-content\/uploads\/2025\/04\/RABELCNR4.jpg","contentUrl":"https:\/\/www.mexicanguitarplayers.com\/wp-content\/uploads\/2025\/04\/RABELCNR4.jpg","width":1200,"height":1200},{"@type":"BreadcrumbList","@id":"https:\/\/www.mexicanguitarplayers.com\/tienda\/sin categor\u00eda\/pastilla-belcat-p-guitarra-cnr-4\/#breadcrumb","itemListElement":[{"@type":"ListItem","position":1,"name":"Portada","item":"https:\/\/www.mexicanguitarplayers.com\/"},{"@type":"ListItem","position":2,"name":"Tienda","item":"https:\/\/www.mexicanguitarplayers.com\/tienda\/"},{"@type":"ListItem","position":3,"name":"PASTILLA BELCAT P\/GUITARRA CNR-4"}]},{"@type":"WebSite","@id":"https:\/\/www.mexicanguitarplayers.com\/#website","url":"https:\/\/www.mexicanguitarplayers.com\/","name":"Mexican Guitar Players","description":"Website","publisher":{"@id":"https:\/\/www.mexicanguitarplayers.com\/#organization"},"potentialAction":[{"@type":"SearchAction","target":{"@type":"EntryPoint","urlTemplate":"https:\/\/www.mexicanguitarplayers.com\/?s={search_term_string}"},"query-input":{"@type":"PropertyValueSpecification","valueRequired":true,"valueName":"search_term_string"}}],"inLanguage":"en-US"},{"@type":"Organization","@id":"https:\/\/www.mexicanguitarplayers.com\/#organization","name":"Mexican Guitar Players","url":"https:\/\/www.mexicanguitarplayers.com\/","logo":{"@type":"ImageObject","inLanguage":"en-US","@id":"https:\/\/www.mexicanguitarplayers.com\/#\/schema\/logo\/image\/","url":"","contentUrl":"","caption":"Mexican Guitar Players"},"image":{"@id":"https:\/\/www.mexicanguitarplayers.com\/#\/schema\/logo\/image\/"}}]}},"brands":[{"id":258,"name":"BELCAT","slug":"belcat"}],"_links":{"self":[{"href":"https:\/\/www.mexicanguitarplayers.com\/en\/wp-json\/wp\/v2\/product\/35880","targetHints":{"allow":["GET"]}}],"collection":[{"href":"https:\/\/www.mexicanguitarplayers.com\/en\/wp-json\/wp\/v2\/product"}],"about":[{"href":"https:\/\/www.mexicanguitarplayers.com\/en\/wp-json\/wp\/v2\/types\/product"}],"replies":[{"embeddable":true,"href":"https:\/\/www.mexicanguitarplayers.com\/en\/wp-json\/wp\/v2\/comments?post=35880"}],"wp:featuredmedia":[{"embeddable":true,"href":"https:\/\/www.mexicanguitarplayers.com\/en\/wp-json\/wp\/v2\/media\/35879"}],"wp:attachment":[{"href":"https:\/\/www.mexicanguitarplayers.com\/en\/wp-json\/wp\/v2\/media?parent=35880"}],"wp:term":[{"taxonomy":"pwb-brand","embeddable":true,"href":"https:\/\/www.mexicanguitarplayers.com\/en\/wp-json\/wp\/v2\/pwb-brand?post=35880"},{"taxonomy":"product_brand","embeddable":true,"href":"https:\/\/www.mexicanguitarplayers.com\/en\/wp-json\/wp\/v2\/product_brand?post=35880"},{"taxonomy":"product_cat","embeddable":true,"href":"https:\/\/www.mexicanguitarplayers.com\/en\/wp-json\/wp\/v2\/product_cat?post=35880"},{"taxonomy":"product_tag","embeddable":true,"href":"https:\/\/www.mexicanguitarplayers.com\/en\/wp-json\/wp\/v2\/product_tag?post=35880"}],"curies":[{"name":"wp","href":"https:\/\/api.w.org\/{rel}","templated":true}]}}