{"id":35914,"date":"2025-04-08T22:24:05","date_gmt":"2025-04-09T04:24:05","guid":{"rendered":"https:\/\/www.mexicanguitarplayers.com\/tienda\/sin categor\u00eda\/pastilla-sd-brazo-hb-59-model-nickel\/"},"modified":"2026-04-28T13:15:06","modified_gmt":"2026-04-28T19:15:06","slug":"pastilla-sd-brazo-hb-59-model-nickel","status":"publish","type":"product","link":"https:\/\/www.mexicanguitarplayers.com\/en\/tienda\/accesorios\/para-guitarras\/pastillas-para-guitarra-electrica\/pastilla-sd-brazo-hb-59-model-nickel\/","title":{"rendered":"PASTILLA SD BRAZO HB 59 MODEL NICKEL"},"content":{"rendered":"<div style=\"text-align: justify\">\n<div>\n<h3>Seymour Duncan SH-1n &#8217;59 Model Neck 4-conductor Pickup &#8211; N\u00edquel<\/h3>\n<\/div>\n<div>Dise\u00f1ado para ofrecer un tono PAF cl\u00e1sico con una construcci\u00f3n moderna, el sonido abierto y detallado de la pastilla humbucker de salida vintage &#8217;59 (SH-1) y el extremo superior dulce lo convierten en la elecci\u00f3n perfecta para el rock y el blues.<\/div>\n<div>\n<h4>Characteristics<\/h4>\n<\/div>\n<div>\n<ul style=\"margin: 0px 0px 0px 25px\">\n<li style=\"list-style-type: circle;margin: 5px\">N\u00famero de Cuerdas<\/li>\n<li style=\"list-style-type: circle;margin: 5px\">POSICION<\/li>\n<li style=\"list-style-type: circle;margin: 5px\">PASTILLA<\/li>\n<li style=\"list-style-type: circle;margin: 5px\">IMAN<\/li>\n<li style=\"list-style-type: circle;margin: 5px\">OUTPUT<\/li>\n<\/ul>\n<\/div>\n<\/div>","protected":false},"excerpt":{"rendered":"<p>La 59&#8242; Humbucker vers\u00e1til de tipo P.A.F. Ideal para country, jazz, blues, funk, classic rock y heavy rock. La pastilla de brazo modelo \u201959 tiene graves completos, las frecuencias altas est\u00e1n ligeramente boosteadas para una mejor claridad de ataque de u\u00f1eteo y los medios est\u00e1n un poco recortados para un sonido abierto y suave que es excelente para preservar la claridad de las notas individuales en un acorde.  Viene de f\u00e1brica con una placa inferior de n\u00edquel plateado y con esta versi\u00f3n de cuatro conductores para la divisi\u00f3n de bobinas. La c\u00e1psula de brazo \u201959 es embobinada con la m\u00e1quina de bobinado Leesona 102 de Seymour, la misma que se us\u00f3 en la f\u00e1brica Gibson en Kalamazoo en la d\u00e9cada de 1950.&hellip; <a class=\"kt-excerpt-readmore more-link\" href=\"https:\/\/www.mexicanguitarplayers.com\/en\/tienda\/accesorios\/para-guitarras\/pastillas-para-guitarra-electrica\/pastilla-sd-brazo-hb-59-model-nickel\/\">Read more<\/a><\/p>","protected":false},"featured_media":35910,"comment_status":"open","ping_status":"closed","template":"","meta":{"kt_blocks_editor_width":""},"pwb-brand":[502],"product_brand":[],"product_cat":[85,336,353],"product_tag":[],"class_list":{"0":"post-35914","1":"product","2":"type-product","3":"status-publish","4":"has-post-thumbnail","6":"pwb-brand-seymour-duncan","7":"product_cat-accesorios","8":"product_cat-para-guitarras","9":"product_cat-pastillas-para-guitarra-electrica","10":"product_shipping_class-0-5-kg","12":"first","13":"outofstock","14":"taxable","15":"shipping-taxable","16":"purchasable","17":"product-type-simple"},"yoast_head":"<!-- This site is optimized with the Yoast SEO plugin v27.5 - https:\/\/yoast.com\/product\/yoast-seo-wordpress\/ -->\n<title>PASTILLA SD BRAZO HB 59 MODEL NICKEL - Mexican Guitar Players<\/title>\n<meta name=\"description\" content=\"La 59&#039; Humbucker vers\u00e1til de tipo P.A.F. Ideal para country, jazz, blues, funk, classic rock y heavy rock. La pastilla de brazo modelo \u201959 tiene graves completos, las frecuencias altas est\u00e1n ligeramente boosteadas para una mejor claridad de ataque de u\u00f1eteo y los medios est\u00e1n un poco recortados para un sonido abierto y suave que es excelente para preservar la claridad de las notas individuales en un acorde. Viene de f\u00e1brica con una placa inferior de n\u00edquel plateado y con esta versi\u00f3n de cuatro conductores para la divisi\u00f3n de bobinas. La c\u00e1psula de brazo \u201959 es embobinada con la m\u00e1quina de bobinado Leesona 102 de Seymour, la misma que se us\u00f3 en la f\u00e1brica Gibson en Kalamazoo en la d\u00e9cada de 1950.\" \/>\n<meta name=\"robots\" content=\"index, follow, max-snippet:-1, max-image-preview:large, max-video-preview:-1\" \/>\n<link rel=\"canonical\" href=\"https:\/\/www.mexicanguitarplayers.com\/en\/tienda\/sin%20categor\u00eda\/pastilla-sd-brazo-hb-59-model-nickel\/\" \/>\n<meta property=\"og:locale\" content=\"en_US\" \/>\n<meta property=\"og:type\" content=\"article\" \/>\n<meta property=\"og:title\" content=\"PASTILLA SD BRAZO HB 59 MODEL NICKEL - Mexican Guitar Players\" \/>\n<meta property=\"og:description\" content=\"La 59&#039; Humbucker vers\u00e1til de tipo P.A.F. Ideal para country, jazz, blues, funk, classic rock y heavy rock. La pastilla de brazo modelo \u201959 tiene graves completos, las frecuencias altas est\u00e1n ligeramente boosteadas para una mejor claridad de ataque de u\u00f1eteo y los medios est\u00e1n un poco recortados para un sonido abierto y suave que es excelente para preservar la claridad de las notas individuales en un acorde. Viene de f\u00e1brica con una placa inferior de n\u00edquel plateado y con esta versi\u00f3n de cuatro conductores para la divisi\u00f3n de bobinas. La c\u00e1psula de brazo \u201959 es embobinada con la m\u00e1quina de bobinado Leesona 102 de Seymour, la misma que se us\u00f3 en la f\u00e1brica Gibson en Kalamazoo en la d\u00e9cada de 1950.\" \/>\n<meta property=\"og:url\" content=\"https:\/\/www.mexicanguitarplayers.com\/en\/tienda\/sin categor\u00eda\/pastilla-sd-brazo-hb-59-model-nickel\/\" \/>\n<meta property=\"og:site_name\" content=\"Mexican Guitar Players\" \/>\n<meta property=\"article:modified_time\" content=\"2026-04-28T19:15:06+00:00\" \/>\n<meta name=\"twitter:card\" content=\"summary_large_image\" \/>\n<script type=\"application\/ld+json\" class=\"yoast-schema-graph\">{\"@context\":\"https:\\\/\\\/schema.org\",\"@graph\":[{\"@type\":[\"WebPage\",\"ItemPage\"],\"@id\":\"https:\\\/\\\/www.mexicanguitarplayers.com\\\/tienda\\\/sin categor\u00eda\\\/pastilla-sd-brazo-hb-59-model-nickel\\\/\",\"url\":\"https:\\\/\\\/www.mexicanguitarplayers.com\\\/tienda\\\/sin categor\u00eda\\\/pastilla-sd-brazo-hb-59-model-nickel\\\/\",\"name\":\"PASTILLA SD BRAZO HB 59 MODEL NICKEL - Mexican Guitar Players\",\"isPartOf\":{\"@id\":\"https:\\\/\\\/www.mexicanguitarplayers.com\\\/#website\"},\"primaryImageOfPage\":{\"@id\":\"https:\\\/\\\/www.mexicanguitarplayers.com\\\/tienda\\\/sin categor\u00eda\\\/pastilla-sd-brazo-hb-59-model-nickel\\\/#primaryimage\"},\"image\":{\"@id\":\"https:\\\/\\\/www.mexicanguitarplayers.com\\\/tienda\\\/sin categor\u00eda\\\/pastilla-sd-brazo-hb-59-model-nickel\\\/#primaryimage\"},\"thumbnailUrl\":\"https:\\\/\\\/www.mexicanguitarplayers.com\\\/wp-content\\\/uploads\\\/2025\\\/04\\\/RASEOSH1N59NKL.jpg\",\"datePublished\":\"2025-04-09T04:24:05+00:00\",\"dateModified\":\"2026-04-28T19:15:06+00:00\",\"description\":\"La 59' Humbucker vers\u00e1til de tipo P.A.F. Ideal para country, jazz, blues, funk, classic rock y heavy rock. La pastilla de brazo modelo \u201959 tiene graves completos, las frecuencias altas est\u00e1n ligeramente boosteadas para una mejor claridad de ataque de u\u00f1eteo y los medios est\u00e1n un poco recortados para un sonido abierto y suave que es excelente para preservar la claridad de las notas individuales en un acorde. Viene de f\u00e1brica con una placa inferior de n\u00edquel plateado y con esta versi\u00f3n de cuatro conductores para la divisi\u00f3n de bobinas. La c\u00e1psula de brazo \u201959 es embobinada con la m\u00e1quina de bobinado Leesona 102 de Seymour, la misma que se us\u00f3 en la f\u00e1brica Gibson en Kalamazoo en la d\u00e9cada de 1950.\",\"breadcrumb\":{\"@id\":\"https:\\\/\\\/www.mexicanguitarplayers.com\\\/tienda\\\/sin categor\u00eda\\\/pastilla-sd-brazo-hb-59-model-nickel\\\/#breadcrumb\"},\"inLanguage\":\"en-US\",\"potentialAction\":[{\"@type\":\"ReadAction\",\"target\":[\"https:\\\/\\\/www.mexicanguitarplayers.com\\\/tienda\\\/sin categor\u00eda\\\/pastilla-sd-brazo-hb-59-model-nickel\\\/\"]}]},{\"@type\":\"ImageObject\",\"inLanguage\":\"en-US\",\"@id\":\"https:\\\/\\\/www.mexicanguitarplayers.com\\\/tienda\\\/sin categor\u00eda\\\/pastilla-sd-brazo-hb-59-model-nickel\\\/#primaryimage\",\"url\":\"https:\\\/\\\/www.mexicanguitarplayers.com\\\/wp-content\\\/uploads\\\/2025\\\/04\\\/RASEOSH1N59NKL.jpg\",\"contentUrl\":\"https:\\\/\\\/www.mexicanguitarplayers.com\\\/wp-content\\\/uploads\\\/2025\\\/04\\\/RASEOSH1N59NKL.jpg\",\"width\":1200,\"height\":1200},{\"@type\":\"BreadcrumbList\",\"@id\":\"https:\\\/\\\/www.mexicanguitarplayers.com\\\/tienda\\\/sin categor\u00eda\\\/pastilla-sd-brazo-hb-59-model-nickel\\\/#breadcrumb\",\"itemListElement\":[{\"@type\":\"ListItem\",\"position\":1,\"name\":\"Portada\",\"item\":\"https:\\\/\\\/www.mexicanguitarplayers.com\\\/\"},{\"@type\":\"ListItem\",\"position\":2,\"name\":\"Tienda\",\"item\":\"https:\\\/\\\/www.mexicanguitarplayers.com\\\/tienda\\\/\"},{\"@type\":\"ListItem\",\"position\":3,\"name\":\"PASTILLA SD BRAZO HB 59 MODEL NICKEL\"}]},{\"@type\":\"WebSite\",\"@id\":\"https:\\\/\\\/www.mexicanguitarplayers.com\\\/#website\",\"url\":\"https:\\\/\\\/www.mexicanguitarplayers.com\\\/\",\"name\":\"Mexican Guitar Players\",\"description\":\"Website\",\"publisher\":{\"@id\":\"https:\\\/\\\/www.mexicanguitarplayers.com\\\/#organization\"},\"potentialAction\":[{\"@type\":\"SearchAction\",\"target\":{\"@type\":\"EntryPoint\",\"urlTemplate\":\"https:\\\/\\\/www.mexicanguitarplayers.com\\\/?s={search_term_string}\"},\"query-input\":{\"@type\":\"PropertyValueSpecification\",\"valueRequired\":true,\"valueName\":\"search_term_string\"}}],\"inLanguage\":\"en-US\"},{\"@type\":\"Organization\",\"@id\":\"https:\\\/\\\/www.mexicanguitarplayers.com\\\/#organization\",\"name\":\"Mexican Guitar Players\",\"url\":\"https:\\\/\\\/www.mexicanguitarplayers.com\\\/\",\"logo\":{\"@type\":\"ImageObject\",\"inLanguage\":\"en-US\",\"@id\":\"https:\\\/\\\/www.mexicanguitarplayers.com\\\/#\\\/schema\\\/logo\\\/image\\\/\",\"url\":\"\",\"contentUrl\":\"\",\"caption\":\"Mexican Guitar Players\"},\"image\":{\"@id\":\"https:\\\/\\\/www.mexicanguitarplayers.com\\\/#\\\/schema\\\/logo\\\/image\\\/\"}}]}<\/script>\n<!-- \/ Yoast SEO plugin. -->","yoast_head_json":{"title":"PASTILLA SD BRAZO HB 59 MODEL NICKEL - Mexican Guitar Players","description":"La 59' Humbucker vers\u00e1til de tipo P.A.F. Ideal para country, jazz, blues, funk, classic rock y heavy rock. La pastilla de brazo modelo \u201959 tiene graves completos, las frecuencias altas est\u00e1n ligeramente boosteadas para una mejor claridad de ataque de u\u00f1eteo y los medios est\u00e1n un poco recortados para un sonido abierto y suave que es excelente para preservar la claridad de las notas individuales en un acorde. Viene de f\u00e1brica con una placa inferior de n\u00edquel plateado y con esta versi\u00f3n de cuatro conductores para la divisi\u00f3n de bobinas. La c\u00e1psula de brazo \u201959 es embobinada con la m\u00e1quina de bobinado Leesona 102 de Seymour, la misma que se us\u00f3 en la f\u00e1brica Gibson en Kalamazoo en la d\u00e9cada de 1950.","robots":{"index":"index","follow":"follow","max-snippet":"max-snippet:-1","max-image-preview":"max-image-preview:large","max-video-preview":"max-video-preview:-1"},"canonical":"https:\/\/www.mexicanguitarplayers.com\/en\/tienda\/sin categor\u00eda\/pastilla-sd-brazo-hb-59-model-nickel\/","og_locale":"en_US","og_type":"article","og_title":"PASTILLA SD BRAZO HB 59 MODEL NICKEL - Mexican Guitar Players","og_description":"La 59' Humbucker vers\u00e1til de tipo P.A.F. Ideal para country, jazz, blues, funk, classic rock y heavy rock. La pastilla de brazo modelo \u201959 tiene graves completos, las frecuencias altas est\u00e1n ligeramente boosteadas para una mejor claridad de ataque de u\u00f1eteo y los medios est\u00e1n un poco recortados para un sonido abierto y suave que es excelente para preservar la claridad de las notas individuales en un acorde. Viene de f\u00e1brica con una placa inferior de n\u00edquel plateado y con esta versi\u00f3n de cuatro conductores para la divisi\u00f3n de bobinas. La c\u00e1psula de brazo \u201959 es embobinada con la m\u00e1quina de bobinado Leesona 102 de Seymour, la misma que se us\u00f3 en la f\u00e1brica Gibson en Kalamazoo en la d\u00e9cada de 1950.","og_url":"https:\/\/www.mexicanguitarplayers.com\/en\/tienda\/sin categor\u00eda\/pastilla-sd-brazo-hb-59-model-nickel\/","og_site_name":"Mexican Guitar Players","article_modified_time":"2026-04-28T19:15:06+00:00","twitter_card":"summary_large_image","schema":{"@context":"https:\/\/schema.org","@graph":[{"@type":["WebPage","ItemPage"],"@id":"https:\/\/www.mexicanguitarplayers.com\/tienda\/sin categor\u00eda\/pastilla-sd-brazo-hb-59-model-nickel\/","url":"https:\/\/www.mexicanguitarplayers.com\/tienda\/sin categor\u00eda\/pastilla-sd-brazo-hb-59-model-nickel\/","name":"PASTILLA SD BRAZO HB 59 MODEL NICKEL - Mexican Guitar Players","isPartOf":{"@id":"https:\/\/www.mexicanguitarplayers.com\/#website"},"primaryImageOfPage":{"@id":"https:\/\/www.mexicanguitarplayers.com\/tienda\/sin categor\u00eda\/pastilla-sd-brazo-hb-59-model-nickel\/#primaryimage"},"image":{"@id":"https:\/\/www.mexicanguitarplayers.com\/tienda\/sin categor\u00eda\/pastilla-sd-brazo-hb-59-model-nickel\/#primaryimage"},"thumbnailUrl":"https:\/\/www.mexicanguitarplayers.com\/wp-content\/uploads\/2025\/04\/RASEOSH1N59NKL.jpg","datePublished":"2025-04-09T04:24:05+00:00","dateModified":"2026-04-28T19:15:06+00:00","description":"La 59' Humbucker vers\u00e1til de tipo P.A.F. Ideal para country, jazz, blues, funk, classic rock y heavy rock. La pastilla de brazo modelo \u201959 tiene graves completos, las frecuencias altas est\u00e1n ligeramente boosteadas para una mejor claridad de ataque de u\u00f1eteo y los medios est\u00e1n un poco recortados para un sonido abierto y suave que es excelente para preservar la claridad de las notas individuales en un acorde. Viene de f\u00e1brica con una placa inferior de n\u00edquel plateado y con esta versi\u00f3n de cuatro conductores para la divisi\u00f3n de bobinas. La c\u00e1psula de brazo \u201959 es embobinada con la m\u00e1quina de bobinado Leesona 102 de Seymour, la misma que se us\u00f3 en la f\u00e1brica Gibson en Kalamazoo en la d\u00e9cada de 1950.","breadcrumb":{"@id":"https:\/\/www.mexicanguitarplayers.com\/tienda\/sin categor\u00eda\/pastilla-sd-brazo-hb-59-model-nickel\/#breadcrumb"},"inLanguage":"en-US","potentialAction":[{"@type":"ReadAction","target":["https:\/\/www.mexicanguitarplayers.com\/tienda\/sin categor\u00eda\/pastilla-sd-brazo-hb-59-model-nickel\/"]}]},{"@type":"ImageObject","inLanguage":"en-US","@id":"https:\/\/www.mexicanguitarplayers.com\/tienda\/sin categor\u00eda\/pastilla-sd-brazo-hb-59-model-nickel\/#primaryimage","url":"https:\/\/www.mexicanguitarplayers.com\/wp-content\/uploads\/2025\/04\/RASEOSH1N59NKL.jpg","contentUrl":"https:\/\/www.mexicanguitarplayers.com\/wp-content\/uploads\/2025\/04\/RASEOSH1N59NKL.jpg","width":1200,"height":1200},{"@type":"BreadcrumbList","@id":"https:\/\/www.mexicanguitarplayers.com\/tienda\/sin categor\u00eda\/pastilla-sd-brazo-hb-59-model-nickel\/#breadcrumb","itemListElement":[{"@type":"ListItem","position":1,"name":"Portada","item":"https:\/\/www.mexicanguitarplayers.com\/"},{"@type":"ListItem","position":2,"name":"Tienda","item":"https:\/\/www.mexicanguitarplayers.com\/tienda\/"},{"@type":"ListItem","position":3,"name":"PASTILLA SD BRAZO HB 59 MODEL NICKEL"}]},{"@type":"WebSite","@id":"https:\/\/www.mexicanguitarplayers.com\/#website","url":"https:\/\/www.mexicanguitarplayers.com\/","name":"Mexican Guitar Players","description":"Website","publisher":{"@id":"https:\/\/www.mexicanguitarplayers.com\/#organization"},"potentialAction":[{"@type":"SearchAction","target":{"@type":"EntryPoint","urlTemplate":"https:\/\/www.mexicanguitarplayers.com\/?s={search_term_string}"},"query-input":{"@type":"PropertyValueSpecification","valueRequired":true,"valueName":"search_term_string"}}],"inLanguage":"en-US"},{"@type":"Organization","@id":"https:\/\/www.mexicanguitarplayers.com\/#organization","name":"Mexican Guitar Players","url":"https:\/\/www.mexicanguitarplayers.com\/","logo":{"@type":"ImageObject","inLanguage":"en-US","@id":"https:\/\/www.mexicanguitarplayers.com\/#\/schema\/logo\/image\/","url":"","contentUrl":"","caption":"Mexican Guitar Players"},"image":{"@id":"https:\/\/www.mexicanguitarplayers.com\/#\/schema\/logo\/image\/"}}]}},"brands":[{"id":502,"name":"SEYMOUR DUNCAN","slug":"seymour-duncan"}],"_links":{"self":[{"href":"https:\/\/www.mexicanguitarplayers.com\/en\/wp-json\/wp\/v2\/product\/35914","targetHints":{"allow":["GET"]}}],"collection":[{"href":"https:\/\/www.mexicanguitarplayers.com\/en\/wp-json\/wp\/v2\/product"}],"about":[{"href":"https:\/\/www.mexicanguitarplayers.com\/en\/wp-json\/wp\/v2\/types\/product"}],"replies":[{"embeddable":true,"href":"https:\/\/www.mexicanguitarplayers.com\/en\/wp-json\/wp\/v2\/comments?post=35914"}],"wp:featuredmedia":[{"embeddable":true,"href":"https:\/\/www.mexicanguitarplayers.com\/en\/wp-json\/wp\/v2\/media\/35910"}],"wp:attachment":[{"href":"https:\/\/www.mexicanguitarplayers.com\/en\/wp-json\/wp\/v2\/media?parent=35914"}],"wp:term":[{"taxonomy":"pwb-brand","embeddable":true,"href":"https:\/\/www.mexicanguitarplayers.com\/en\/wp-json\/wp\/v2\/pwb-brand?post=35914"},{"taxonomy":"product_brand","embeddable":true,"href":"https:\/\/www.mexicanguitarplayers.com\/en\/wp-json\/wp\/v2\/product_brand?post=35914"},{"taxonomy":"product_cat","embeddable":true,"href":"https:\/\/www.mexicanguitarplayers.com\/en\/wp-json\/wp\/v2\/product_cat?post=35914"},{"taxonomy":"product_tag","embeddable":true,"href":"https:\/\/www.mexicanguitarplayers.com\/en\/wp-json\/wp\/v2\/product_tag?post=35914"}],"curies":[{"name":"wp","href":"https:\/\/api.w.org\/{rel}","templated":true}]}}