{"id":35943,"date":"2025-04-08T22:24:45","date_gmt":"2025-04-09T04:24:45","guid":{"rendered":"https:\/\/www.mexicanguitarplayers.com\/tienda\/sin categor\u00eda\/bafle-behringer-c-poder-b1200d-pro\/"},"modified":"2026-05-01T07:20:51","modified_gmt":"2026-05-01T13:20:51","slug":"bafle-behringer-c-poder-b1200d-pro","status":"publish","type":"product","link":"https:\/\/www.mexicanguitarplayers.com\/en\/tienda\/audio\/bafles-y-bocinas\/bafles\/bafles-activos\/bafle-behringer-c-poder-b1200d-pro\/","title":{"rendered":"BAFLE BEHRINGER C\/PODER B1200D-PRO"},"content":{"rendered":"<div style=\"text-align: justify\">\n<div>\n<h3>Graves profundos con tama\u00f1o compacto.<\/h3>\n<\/div>\n<div>Con miles en uso en todo el mundo, los subwoofers activos B1500D-PRO y B1800D-PRO de la serie EUROLIVE se han convertido en una excelente opci\u00f3n en la reproducci\u00f3n de bajas frecuencias. El EUROLIVE B1200D es un subwoofer con un dise\u00f1o m\u00e1s compacto, f\u00e1cil de transportar, ideal para peque\u00f1os y medianos locales. Armado con un amplificador de 500 w con tecnolog\u00eda de clase D y una serie de caracter\u00edsticas verdaderamente profesionales con la definici\u00f3n y claridad por lo general reservada para sistemas mucho m\u00e1s grandes ofreciendo una impresionante relaci\u00f3n potencia-peso-precio  que significa que usted obtiene incre\u00edblemente bajos profundos  para que siga la fiesta toda la noche a un incre\u00edble precio. <\/div>\n<div>\n<h4>Quick look<\/h4>\n<\/div>\n<ul style=\"margin: 0px 0px 0px 25px\">\n<li style=\"list-style-type: circle;margin: 5px\">Amplifier.<\/li>\n<li style=\"list-style-type: circle;margin: 5px\">Audio inputs.<\/li>\n<li style=\"list-style-type: circle;margin: 5px\">Audio outputs.<\/li>\n<li style=\"list-style-type: circle;margin: 5px\">Controls<\/li>\n<li style=\"list-style-type: circle;margin: 5px\">Datos del sistema.<\/li>\n<li style=\"list-style-type: circle;margin: 5px\">Indicadores.<\/li>\n<li style=\"list-style-type: circle;margin: 5px\">Protecci\u00f3n de circuitos.<\/li>\n<li style=\"list-style-type: circle;margin: 5px\">Fuente de alimentaci\u00f3n, Voltaje (Fusible).<\/li>\n<li style=\"list-style-type: circle;margin: 5px\">Dimensions.<\/li>\n<li style=\"list-style-type: circle;margin: 5px\">Weight.<\/li>\n<\/ul>\n<div>\n<div style=\"font-weight: bold\">Amplifier.<\/div>\n<div>\n<p>Potencia m\u00e1xima de salida: 500 watts.<\/p>\n<\/div>\n<div style=\"font-weight: bold\">Audio inputs.<\/div>\n<div>\n<p>Entradas A\/B: XLR servo balanceadas. Sensibilidad: +4 dBu @ 0 dB (posici\u00f3n central) para una potencia m\u00e1xima. Impedancia de entrada: 12 kohms desbalanceado, 24 kohms balanceado.<\/p>\n<\/div>\n<div style=\"font-weight: bold\">Audio outputs.<\/div>\n<div>\n<p>Thru A\/B: XLR servo balanceadas. Salida A\/B: XLR servo balanceadas. Impedancia de salida: 300 ohms desbalanceado, 600 ohms balanceado. Filtro pasa altos: 100 Hz, Butterworth, 18 dB pendiente.<\/p>\n<\/div>\n<div style=\"font-weight: bold\">Controls<\/div>\n<div>\n<p>Nivel: Infinito a +6 dB. Frecuencia boost: 40 Hz &#8211; 90 Hz; +10 dB. Boost: Conmutable. High Cut: 70 &#8211; 150 Hz, Butterworth, 24 pendiente. Phase: Conmutable.<\/p>\n<\/div>\n<div style=\"font-weight: bold\">Datos del sistema.<\/div>\n<div>\n<p>Rango de frecuencia: 45 Hz &#8211; 180 Hz (-10 dB). Respuesta de frecuencia: 60 Hz &#8211; 130 Hz (+\/-3 dB). Relaci\u00f3n se\u00f1al a ruido (20 Hz a 20 kHz): &gt;100 dB. Nivel de presi\u00f3n sonora (medio espacio): M\u00e1ximo 122 dB @ 1 metro. Woofer: 12&#8243; pulgadas (307 mm), 8 ohms. Limitador: \u00d3ptico.<\/p>\n<\/div>\n<div style=\"font-weight: bold\">Indicadores.<\/div>\n<div>\n<p>LED de se\u00f1al: Verde. LED de l\u00edmite: Rojo. LED de encendido: \u00c1mbar.<\/p>\n<\/div>\n<div style=\"font-weight: bold\">Protecci\u00f3n de circuitos.<\/div>\n<div>\n<p>Protecci\u00f3n de amplificador: Corto circuito completo, circuito abierto, protecci\u00f3n t\u00e9rmica. Protecci\u00f3n de carga: Muteo al encender y apagar.<\/p>\n<\/div>\n<div style=\"font-weight: bold\">Fuente de alimentaci\u00f3n, Voltaje (Fusible).<\/div>\n<div>\n<p>120 v~, 60 Hz (T 6.3 A H 250 V). Consumo de energ\u00eda: 110 watts. Conexi\u00f3n: Recept\u00e1culo IEC est\u00e1ndar.<\/p>\n<\/div>\n<div style=\"font-weight: bold\">Dimensions.<\/div>\n<div>\n<p>432 x 375 x 423 mm.<\/p>\n<\/div>\n<div style=\"font-weight: bold\">Weight.<\/div>\n<div>\n<p>19.5 kg.<\/p>\n<\/div>\n<\/div>\n<\/div>","protected":false},"excerpt":{"rendered":"<p>Subwoofer activo de alto rendimiento de 500 watts con crossover est\u00e9reo incorporado, para aplicaciones de PA, potente transductor de 12\u201d pulgadas de larga excursi\u00f3n con bobina m\u00f3vil de alta temperatura que proporciona graves incre\u00edblemente precisos, reproducci\u00f3n precisa de frecuencias ultra bajas, amplificador de vanguardia Clase D de 500 watts con protecci\u00f3n de sobre excursi\u00f3n, t\u00e9rmica y clip, crossover est\u00e9reo incorporado que proporciona salidas filtradas de paso alto para altavoces de gama completa, Bass Boost regulable y conmutable y switch de Phase para un gran rendimiento de bajas frecuencias, control High Cut variable para una alineaci\u00f3n perfecta del sonido, control de nivel de subwoofer para ajustar el balance entre el subwoofer y los altavoces de gama completa, LEDs de encendido, se\u00f1al y clip para una supervisi\u00f3n perfecta, limitador inteligente para un m\u00e1ximo rendimiento de sonido y protecci\u00f3n para el woofer, fuente de alimentaci\u00f3n interna conmutable para audio sin ruido, respuesta transitoria superior y muy bajo consumo de energ\u00eda, socket para montaje en poste con espaciadores comerciales, asas ergon\u00f3micas para facilitar el transporte, rejilla de acero para una protecci\u00f3n \u00f3ptima de los altavoces, dimensiones: 432 x 375 x 423 mm, peso: 19.5 kg.&hellip; <a class=\"kt-excerpt-readmore more-link\" href=\"https:\/\/www.mexicanguitarplayers.com\/en\/tienda\/audio\/bafles-y-bocinas\/bafles\/bafles-activos\/bafle-behringer-c-poder-b1200d-pro\/\">Read more<\/a><\/p>","protected":false},"featured_media":35940,"comment_status":"open","ping_status":"closed","template":"","meta":{"kt_blocks_editor_width":""},"pwb-brand":[171],"product_brand":[],"product_cat":[213,222,472,221],"product_tag":[],"class_list":{"0":"post-35943","1":"product","2":"type-product","3":"status-publish","4":"has-post-thumbnail","6":"pwb-brand-behringer","7":"product_cat-audio","8":"product_cat-bafles","9":"product_cat-bafles-activos","10":"product_cat-bafles-y-bocinas","11":"product_shipping_class-20-25-kg","13":"first","14":"instock","15":"taxable","16":"shipping-taxable","17":"purchasable","18":"product-type-simple"},"yoast_head":"<!-- This site is optimized with the Yoast SEO plugin v27.5 - https:\/\/yoast.com\/product\/yoast-seo-wordpress\/ -->\n<title>BAFLE BEHRINGER C\/PODER B1200D-PRO - Mexican Guitar Players<\/title>\n<meta name=\"description\" content=\"Subwoofer activo de alto rendimiento de 500 watts con crossover est\u00e9reo incorporado, para aplicaciones de PA, potente transductor de 12\u201d pulgadas de larga excursi\u00f3n con bobina m\u00f3vil de alta temperatura que proporciona graves incre\u00edblemente precisos, reproducci\u00f3n precisa de frecuencias ultra bajas, amplificador de vanguardia Clase D de 500 watts con protecci\u00f3n de sobre excursi\u00f3n, t\u00e9rmica y clip, crossover est\u00e9reo incorporado que proporciona salidas filtradas de paso alto para altavoces de gama completa, Bass Boost regulable y conmutable y switch de Phase para un gran rendimiento de bajas frecuencias, control High Cut variable para una alineaci\u00f3n perfecta del sonido, control de nivel de subwoofer para ajustar el balance entre el subwoofer y los altavoces de gama completa, LEDs de encendido, se\u00f1al y clip para una supervisi\u00f3n perfecta, limitador inteligente para un m\u00e1ximo rendimiento de sonido y protecci\u00f3n para el woofer, fuente de alimentaci\u00f3n interna conmutable para audio sin ruido, respuesta transitoria superior y muy bajo consumo de energ\u00eda, socket para montaje en poste con espaciadores comerciales, asas ergon\u00f3micas para facilitar el transporte, rejilla de acero para una protecci\u00f3n \u00f3ptima de los altavoces, dimensiones: 432 x 375 x 423 mm, peso: 19.5 kg.\" \/>\n<meta name=\"robots\" content=\"index, follow, max-snippet:-1, max-image-preview:large, max-video-preview:-1\" \/>\n<link rel=\"canonical\" href=\"https:\/\/www.mexicanguitarplayers.com\/en\/tienda\/sin%20categor\u00eda\/bafle-behringer-c-poder-b1200d-pro\/\" \/>\n<meta property=\"og:locale\" content=\"en_US\" \/>\n<meta property=\"og:type\" content=\"article\" \/>\n<meta property=\"og:title\" content=\"BAFLE BEHRINGER C\/PODER B1200D-PRO - Mexican Guitar Players\" \/>\n<meta property=\"og:description\" content=\"Subwoofer activo de alto rendimiento de 500 watts con crossover est\u00e9reo incorporado, para aplicaciones de PA, potente transductor de 12\u201d pulgadas de larga excursi\u00f3n con bobina m\u00f3vil de alta temperatura que proporciona graves incre\u00edblemente precisos, reproducci\u00f3n precisa de frecuencias ultra bajas, amplificador de vanguardia Clase D de 500 watts con protecci\u00f3n de sobre excursi\u00f3n, t\u00e9rmica y clip, crossover est\u00e9reo incorporado que proporciona salidas filtradas de paso alto para altavoces de gama completa, Bass Boost regulable y conmutable y switch de Phase para un gran rendimiento de bajas frecuencias, control High Cut variable para una alineaci\u00f3n perfecta del sonido, control de nivel de subwoofer para ajustar el balance entre el subwoofer y los altavoces de gama completa, LEDs de encendido, se\u00f1al y clip para una supervisi\u00f3n perfecta, limitador inteligente para un m\u00e1ximo rendimiento de sonido y protecci\u00f3n para el woofer, fuente de alimentaci\u00f3n interna conmutable para audio sin ruido, respuesta transitoria superior y muy bajo consumo de energ\u00eda, socket para montaje en poste con espaciadores comerciales, asas ergon\u00f3micas para facilitar el transporte, rejilla de acero para una protecci\u00f3n \u00f3ptima de los altavoces, dimensiones: 432 x 375 x 423 mm, peso: 19.5 kg.\" \/>\n<meta property=\"og:url\" content=\"https:\/\/www.mexicanguitarplayers.com\/en\/tienda\/sin categor\u00eda\/bafle-behringer-c-poder-b1200d-pro\/\" \/>\n<meta property=\"og:site_name\" content=\"Mexican Guitar Players\" \/>\n<meta property=\"article:modified_time\" content=\"2026-05-01T13:20:51+00:00\" \/>\n<meta name=\"twitter:card\" content=\"summary_large_image\" \/>\n<meta name=\"twitter:label1\" content=\"Est. reading time\" \/>\n\t<meta name=\"twitter:data1\" content=\"2 minutes\" \/>\n<script type=\"application\/ld+json\" class=\"yoast-schema-graph\">{\"@context\":\"https:\\\/\\\/schema.org\",\"@graph\":[{\"@type\":[\"WebPage\",\"ItemPage\"],\"@id\":\"https:\\\/\\\/www.mexicanguitarplayers.com\\\/tienda\\\/sin categor\u00eda\\\/bafle-behringer-c-poder-b1200d-pro\\\/\",\"url\":\"https:\\\/\\\/www.mexicanguitarplayers.com\\\/tienda\\\/sin categor\u00eda\\\/bafle-behringer-c-poder-b1200d-pro\\\/\",\"name\":\"BAFLE BEHRINGER C\\\/PODER B1200D-PRO - Mexican Guitar Players\",\"isPartOf\":{\"@id\":\"https:\\\/\\\/www.mexicanguitarplayers.com\\\/#website\"},\"primaryImageOfPage\":{\"@id\":\"https:\\\/\\\/www.mexicanguitarplayers.com\\\/tienda\\\/sin categor\u00eda\\\/bafle-behringer-c-poder-b1200d-pro\\\/#primaryimage\"},\"image\":{\"@id\":\"https:\\\/\\\/www.mexicanguitarplayers.com\\\/tienda\\\/sin categor\u00eda\\\/bafle-behringer-c-poder-b1200d-pro\\\/#primaryimage\"},\"thumbnailUrl\":\"https:\\\/\\\/www.mexicanguitarplayers.com\\\/wp-content\\\/uploads\\\/2025\\\/04\\\/IABEHB1200DPRO.jpg\",\"datePublished\":\"2025-04-09T04:24:45+00:00\",\"dateModified\":\"2026-05-01T13:20:51+00:00\",\"description\":\"Subwoofer activo de alto rendimiento de 500 watts con crossover est\u00e9reo incorporado, para aplicaciones de PA, potente transductor de 12\u201d pulgadas de larga excursi\u00f3n con bobina m\u00f3vil de alta temperatura que proporciona graves incre\u00edblemente precisos, reproducci\u00f3n precisa de frecuencias ultra bajas, amplificador de vanguardia Clase D de 500 watts con protecci\u00f3n de sobre excursi\u00f3n, t\u00e9rmica y clip, crossover est\u00e9reo incorporado que proporciona salidas filtradas de paso alto para altavoces de gama completa, Bass Boost regulable y conmutable y switch de Phase para un gran rendimiento de bajas frecuencias, control High Cut variable para una alineaci\u00f3n perfecta del sonido, control de nivel de subwoofer para ajustar el balance entre el subwoofer y los altavoces de gama completa, LEDs de encendido, se\u00f1al y clip para una supervisi\u00f3n perfecta, limitador inteligente para un m\u00e1ximo rendimiento de sonido y protecci\u00f3n para el woofer, fuente de alimentaci\u00f3n interna conmutable para audio sin ruido, respuesta transitoria superior y muy bajo consumo de energ\u00eda, socket para montaje en poste con espaciadores comerciales, asas ergon\u00f3micas para facilitar el transporte, rejilla de acero para una protecci\u00f3n \u00f3ptima de los altavoces, dimensiones: 432 x 375 x 423 mm, peso: 19.5 kg.\",\"breadcrumb\":{\"@id\":\"https:\\\/\\\/www.mexicanguitarplayers.com\\\/tienda\\\/sin categor\u00eda\\\/bafle-behringer-c-poder-b1200d-pro\\\/#breadcrumb\"},\"inLanguage\":\"en-US\",\"potentialAction\":[{\"@type\":\"ReadAction\",\"target\":[\"https:\\\/\\\/www.mexicanguitarplayers.com\\\/tienda\\\/sin categor\u00eda\\\/bafle-behringer-c-poder-b1200d-pro\\\/\"]}]},{\"@type\":\"ImageObject\",\"inLanguage\":\"en-US\",\"@id\":\"https:\\\/\\\/www.mexicanguitarplayers.com\\\/tienda\\\/sin categor\u00eda\\\/bafle-behringer-c-poder-b1200d-pro\\\/#primaryimage\",\"url\":\"https:\\\/\\\/www.mexicanguitarplayers.com\\\/wp-content\\\/uploads\\\/2025\\\/04\\\/IABEHB1200DPRO.jpg\",\"contentUrl\":\"https:\\\/\\\/www.mexicanguitarplayers.com\\\/wp-content\\\/uploads\\\/2025\\\/04\\\/IABEHB1200DPRO.jpg\",\"width\":1200,\"height\":1200},{\"@type\":\"BreadcrumbList\",\"@id\":\"https:\\\/\\\/www.mexicanguitarplayers.com\\\/tienda\\\/sin categor\u00eda\\\/bafle-behringer-c-poder-b1200d-pro\\\/#breadcrumb\",\"itemListElement\":[{\"@type\":\"ListItem\",\"position\":1,\"name\":\"Portada\",\"item\":\"https:\\\/\\\/www.mexicanguitarplayers.com\\\/\"},{\"@type\":\"ListItem\",\"position\":2,\"name\":\"Tienda\",\"item\":\"https:\\\/\\\/www.mexicanguitarplayers.com\\\/tienda\\\/\"},{\"@type\":\"ListItem\",\"position\":3,\"name\":\"BAFLE BEHRINGER C\\\/PODER B1200D-PRO\"}]},{\"@type\":\"WebSite\",\"@id\":\"https:\\\/\\\/www.mexicanguitarplayers.com\\\/#website\",\"url\":\"https:\\\/\\\/www.mexicanguitarplayers.com\\\/\",\"name\":\"Mexican Guitar Players\",\"description\":\"Website\",\"publisher\":{\"@id\":\"https:\\\/\\\/www.mexicanguitarplayers.com\\\/#organization\"},\"potentialAction\":[{\"@type\":\"SearchAction\",\"target\":{\"@type\":\"EntryPoint\",\"urlTemplate\":\"https:\\\/\\\/www.mexicanguitarplayers.com\\\/?s={search_term_string}\"},\"query-input\":{\"@type\":\"PropertyValueSpecification\",\"valueRequired\":true,\"valueName\":\"search_term_string\"}}],\"inLanguage\":\"en-US\"},{\"@type\":\"Organization\",\"@id\":\"https:\\\/\\\/www.mexicanguitarplayers.com\\\/#organization\",\"name\":\"Mexican Guitar Players\",\"url\":\"https:\\\/\\\/www.mexicanguitarplayers.com\\\/\",\"logo\":{\"@type\":\"ImageObject\",\"inLanguage\":\"en-US\",\"@id\":\"https:\\\/\\\/www.mexicanguitarplayers.com\\\/#\\\/schema\\\/logo\\\/image\\\/\",\"url\":\"\",\"contentUrl\":\"\",\"caption\":\"Mexican Guitar Players\"},\"image\":{\"@id\":\"https:\\\/\\\/www.mexicanguitarplayers.com\\\/#\\\/schema\\\/logo\\\/image\\\/\"}}]}<\/script>\n<!-- \/ Yoast SEO plugin. -->","yoast_head_json":{"title":"BAFLE BEHRINGER C\/PODER B1200D-PRO - Mexican Guitar Players","description":"Subwoofer activo de alto rendimiento de 500 watts con crossover est\u00e9reo incorporado, para aplicaciones de PA, potente transductor de 12\u201d pulgadas de larga excursi\u00f3n con bobina m\u00f3vil de alta temperatura que proporciona graves incre\u00edblemente precisos, reproducci\u00f3n precisa de frecuencias ultra bajas, amplificador de vanguardia Clase D de 500 watts con protecci\u00f3n de sobre excursi\u00f3n, t\u00e9rmica y clip, crossover est\u00e9reo incorporado que proporciona salidas filtradas de paso alto para altavoces de gama completa, Bass Boost regulable y conmutable y switch de Phase para un gran rendimiento de bajas frecuencias, control High Cut variable para una alineaci\u00f3n perfecta del sonido, control de nivel de subwoofer para ajustar el balance entre el subwoofer y los altavoces de gama completa, LEDs de encendido, se\u00f1al y clip para una supervisi\u00f3n perfecta, limitador inteligente para un m\u00e1ximo rendimiento de sonido y protecci\u00f3n para el woofer, fuente de alimentaci\u00f3n interna conmutable para audio sin ruido, respuesta transitoria superior y muy bajo consumo de energ\u00eda, socket para montaje en poste con espaciadores comerciales, asas ergon\u00f3micas para facilitar el transporte, rejilla de acero para una protecci\u00f3n \u00f3ptima de los altavoces, dimensiones: 432 x 375 x 423 mm, peso: 19.5 kg.","robots":{"index":"index","follow":"follow","max-snippet":"max-snippet:-1","max-image-preview":"max-image-preview:large","max-video-preview":"max-video-preview:-1"},"canonical":"https:\/\/www.mexicanguitarplayers.com\/en\/tienda\/sin categor\u00eda\/bafle-behringer-c-poder-b1200d-pro\/","og_locale":"en_US","og_type":"article","og_title":"BAFLE BEHRINGER C\/PODER B1200D-PRO - Mexican Guitar Players","og_description":"Subwoofer activo de alto rendimiento de 500 watts con crossover est\u00e9reo incorporado, para aplicaciones de PA, potente transductor de 12\u201d pulgadas de larga excursi\u00f3n con bobina m\u00f3vil de alta temperatura que proporciona graves incre\u00edblemente precisos, reproducci\u00f3n precisa de frecuencias ultra bajas, amplificador de vanguardia Clase D de 500 watts con protecci\u00f3n de sobre excursi\u00f3n, t\u00e9rmica y clip, crossover est\u00e9reo incorporado que proporciona salidas filtradas de paso alto para altavoces de gama completa, Bass Boost regulable y conmutable y switch de Phase para un gran rendimiento de bajas frecuencias, control High Cut variable para una alineaci\u00f3n perfecta del sonido, control de nivel de subwoofer para ajustar el balance entre el subwoofer y los altavoces de gama completa, LEDs de encendido, se\u00f1al y clip para una supervisi\u00f3n perfecta, limitador inteligente para un m\u00e1ximo rendimiento de sonido y protecci\u00f3n para el woofer, fuente de alimentaci\u00f3n interna conmutable para audio sin ruido, respuesta transitoria superior y muy bajo consumo de energ\u00eda, socket para montaje en poste con espaciadores comerciales, asas ergon\u00f3micas para facilitar el transporte, rejilla de acero para una protecci\u00f3n \u00f3ptima de los altavoces, dimensiones: 432 x 375 x 423 mm, peso: 19.5 kg.","og_url":"https:\/\/www.mexicanguitarplayers.com\/en\/tienda\/sin categor\u00eda\/bafle-behringer-c-poder-b1200d-pro\/","og_site_name":"Mexican Guitar Players","article_modified_time":"2026-05-01T13:20:51+00:00","twitter_card":"summary_large_image","twitter_misc":{"Est. reading time":"2 minutes"},"schema":{"@context":"https:\/\/schema.org","@graph":[{"@type":["WebPage","ItemPage"],"@id":"https:\/\/www.mexicanguitarplayers.com\/tienda\/sin categor\u00eda\/bafle-behringer-c-poder-b1200d-pro\/","url":"https:\/\/www.mexicanguitarplayers.com\/tienda\/sin categor\u00eda\/bafle-behringer-c-poder-b1200d-pro\/","name":"BAFLE BEHRINGER C\/PODER B1200D-PRO - Mexican Guitar Players","isPartOf":{"@id":"https:\/\/www.mexicanguitarplayers.com\/#website"},"primaryImageOfPage":{"@id":"https:\/\/www.mexicanguitarplayers.com\/tienda\/sin categor\u00eda\/bafle-behringer-c-poder-b1200d-pro\/#primaryimage"},"image":{"@id":"https:\/\/www.mexicanguitarplayers.com\/tienda\/sin categor\u00eda\/bafle-behringer-c-poder-b1200d-pro\/#primaryimage"},"thumbnailUrl":"https:\/\/www.mexicanguitarplayers.com\/wp-content\/uploads\/2025\/04\/IABEHB1200DPRO.jpg","datePublished":"2025-04-09T04:24:45+00:00","dateModified":"2026-05-01T13:20:51+00:00","description":"Subwoofer activo de alto rendimiento de 500 watts con crossover est\u00e9reo incorporado, para aplicaciones de PA, potente transductor de 12\u201d pulgadas de larga excursi\u00f3n con bobina m\u00f3vil de alta temperatura que proporciona graves incre\u00edblemente precisos, reproducci\u00f3n precisa de frecuencias ultra bajas, amplificador de vanguardia Clase D de 500 watts con protecci\u00f3n de sobre excursi\u00f3n, t\u00e9rmica y clip, crossover est\u00e9reo incorporado que proporciona salidas filtradas de paso alto para altavoces de gama completa, Bass Boost regulable y conmutable y switch de Phase para un gran rendimiento de bajas frecuencias, control High Cut variable para una alineaci\u00f3n perfecta del sonido, control de nivel de subwoofer para ajustar el balance entre el subwoofer y los altavoces de gama completa, LEDs de encendido, se\u00f1al y clip para una supervisi\u00f3n perfecta, limitador inteligente para un m\u00e1ximo rendimiento de sonido y protecci\u00f3n para el woofer, fuente de alimentaci\u00f3n interna conmutable para audio sin ruido, respuesta transitoria superior y muy bajo consumo de energ\u00eda, socket para montaje en poste con espaciadores comerciales, asas ergon\u00f3micas para facilitar el transporte, rejilla de acero para una protecci\u00f3n \u00f3ptima de los altavoces, dimensiones: 432 x 375 x 423 mm, peso: 19.5 kg.","breadcrumb":{"@id":"https:\/\/www.mexicanguitarplayers.com\/tienda\/sin categor\u00eda\/bafle-behringer-c-poder-b1200d-pro\/#breadcrumb"},"inLanguage":"en-US","potentialAction":[{"@type":"ReadAction","target":["https:\/\/www.mexicanguitarplayers.com\/tienda\/sin categor\u00eda\/bafle-behringer-c-poder-b1200d-pro\/"]}]},{"@type":"ImageObject","inLanguage":"en-US","@id":"https:\/\/www.mexicanguitarplayers.com\/tienda\/sin categor\u00eda\/bafle-behringer-c-poder-b1200d-pro\/#primaryimage","url":"https:\/\/www.mexicanguitarplayers.com\/wp-content\/uploads\/2025\/04\/IABEHB1200DPRO.jpg","contentUrl":"https:\/\/www.mexicanguitarplayers.com\/wp-content\/uploads\/2025\/04\/IABEHB1200DPRO.jpg","width":1200,"height":1200},{"@type":"BreadcrumbList","@id":"https:\/\/www.mexicanguitarplayers.com\/tienda\/sin categor\u00eda\/bafle-behringer-c-poder-b1200d-pro\/#breadcrumb","itemListElement":[{"@type":"ListItem","position":1,"name":"Portada","item":"https:\/\/www.mexicanguitarplayers.com\/"},{"@type":"ListItem","position":2,"name":"Tienda","item":"https:\/\/www.mexicanguitarplayers.com\/tienda\/"},{"@type":"ListItem","position":3,"name":"BAFLE BEHRINGER C\/PODER B1200D-PRO"}]},{"@type":"WebSite","@id":"https:\/\/www.mexicanguitarplayers.com\/#website","url":"https:\/\/www.mexicanguitarplayers.com\/","name":"Mexican Guitar Players","description":"Website","publisher":{"@id":"https:\/\/www.mexicanguitarplayers.com\/#organization"},"potentialAction":[{"@type":"SearchAction","target":{"@type":"EntryPoint","urlTemplate":"https:\/\/www.mexicanguitarplayers.com\/?s={search_term_string}"},"query-input":{"@type":"PropertyValueSpecification","valueRequired":true,"valueName":"search_term_string"}}],"inLanguage":"en-US"},{"@type":"Organization","@id":"https:\/\/www.mexicanguitarplayers.com\/#organization","name":"Mexican Guitar Players","url":"https:\/\/www.mexicanguitarplayers.com\/","logo":{"@type":"ImageObject","inLanguage":"en-US","@id":"https:\/\/www.mexicanguitarplayers.com\/#\/schema\/logo\/image\/","url":"","contentUrl":"","caption":"Mexican Guitar Players"},"image":{"@id":"https:\/\/www.mexicanguitarplayers.com\/#\/schema\/logo\/image\/"}}]}},"brands":[{"id":171,"name":"BEHRINGER","slug":"behringer"}],"_links":{"self":[{"href":"https:\/\/www.mexicanguitarplayers.com\/en\/wp-json\/wp\/v2\/product\/35943","targetHints":{"allow":["GET"]}}],"collection":[{"href":"https:\/\/www.mexicanguitarplayers.com\/en\/wp-json\/wp\/v2\/product"}],"about":[{"href":"https:\/\/www.mexicanguitarplayers.com\/en\/wp-json\/wp\/v2\/types\/product"}],"replies":[{"embeddable":true,"href":"https:\/\/www.mexicanguitarplayers.com\/en\/wp-json\/wp\/v2\/comments?post=35943"}],"wp:featuredmedia":[{"embeddable":true,"href":"https:\/\/www.mexicanguitarplayers.com\/en\/wp-json\/wp\/v2\/media\/35940"}],"wp:attachment":[{"href":"https:\/\/www.mexicanguitarplayers.com\/en\/wp-json\/wp\/v2\/media?parent=35943"}],"wp:term":[{"taxonomy":"pwb-brand","embeddable":true,"href":"https:\/\/www.mexicanguitarplayers.com\/en\/wp-json\/wp\/v2\/pwb-brand?post=35943"},{"taxonomy":"product_brand","embeddable":true,"href":"https:\/\/www.mexicanguitarplayers.com\/en\/wp-json\/wp\/v2\/product_brand?post=35943"},{"taxonomy":"product_cat","embeddable":true,"href":"https:\/\/www.mexicanguitarplayers.com\/en\/wp-json\/wp\/v2\/product_cat?post=35943"},{"taxonomy":"product_tag","embeddable":true,"href":"https:\/\/www.mexicanguitarplayers.com\/en\/wp-json\/wp\/v2\/product_tag?post=35943"}],"curies":[{"name":"wp","href":"https:\/\/api.w.org\/{rel}","templated":true}]}}