{"id":35967,"date":"2025-04-08T22:25:13","date_gmt":"2025-04-09T04:25:13","guid":{"rendered":"https:\/\/www.mexicanguitarplayers.com\/tienda\/sin categor\u00eda\/bafle-behringer-monitor-mod-k5\/"},"modified":"2026-05-01T07:20:50","modified_gmt":"2026-05-01T13:20:50","slug":"bafle-behringer-monitor-mod-k5","status":"publish","type":"product","link":"https:\/\/www.mexicanguitarplayers.com\/en\/tienda\/audio\/bafles-y-bocinas\/bafles\/bafles-activos\/bafle-behringer-monitor-mod-k5\/","title":{"rendered":"BAFLE BEHRINGER MONITOR MOD. K5"},"content":{"rendered":"<div style=\"text-align: justify\">\n<div>\n<h3>Sonido potente y claro con una gran respuesta.<\/h3>\n<\/div>\n<div>El NEKKST K5 es un monitor de estudio incomparable y con un desempe\u00f1o de clase mundial, lo que es el resultado de una colaboraci\u00f3n importante entre Behringer, ingenieros de audio y el dise\u00f1ador y fundador de altavoces Keith R. Klawitter (KRK). Este incre\u00edble sistema de referencia es ideal para todos los entornos cr\u00edticos de escucha gracias a su sistema personalizado de biamplificaci\u00f3n que cuenta con amplificadores separados para el woofer de 5&#8243; pulgadas y para el tweeter de c\u00fapula de seda de 1&#8243; pulgada. El woofer K5 de largo alcance genera profundidad, graves ajustados y medios pr\u00e1cticamente a prueba de frotis, mientras que el tweeter de alta resoluci\u00f3n proporciona agudos brillantes, todo esto mejorado por la tecnolog\u00eda de onda avanzada de Keith, para un extremadamente generoso punto dulce.<\/div>\n<div>\n<h4>Quick look<\/h4>\n<\/div>\n<ul style=\"margin: 0px 0px 0px 25px\">\n<li style=\"list-style-type: circle;margin: 5px\">Tipo de sistema.<\/li>\n<li style=\"list-style-type: circle;margin: 5px\">Drivers.<\/li>\n<li style=\"list-style-type: circle;margin: 5px\">Power.<\/li>\n<li style=\"list-style-type: circle;margin: 5px\">Tickets.<\/li>\n<li style=\"list-style-type: circle;margin: 5px\">Ajuste.<\/li>\n<li style=\"list-style-type: circle;margin: 5px\">Gu\u00eda de onda.<\/li>\n<li style=\"list-style-type: circle;margin: 5px\">EQ.<\/li>\n<li style=\"list-style-type: circle;margin: 5px\">Integraci\u00f3n.<\/li>\n<\/ul>\n<div>\n<div style=\"font-weight: bold\">Tipo de sistema.<\/div>\n<div>\n<p>Monitor activo biamplificado para estudio. Sonido potente y claro.<\/p>\n<\/div>\n<div style=\"font-weight: bold\">Drivers.<\/div>\n<div>\n<p>LF: 5&#8243; pulgadas, altavoz de cono de fibra de vidrio dise\u00f1ado por KRK resistente a la deformaci\u00f3n. HF: 1&#8243; pulgada, tweeter domo de seda.<\/p>\n<\/div>\n<div style=\"font-weight: bold\">Power.<\/div>\n<div>\n<p>100 watts.<\/p>\n<\/div>\n<div style=\"font-weight: bold\">Tickets.<\/div>\n<div>\n<p>1 x XLR, 1 x 1\/4&#8243;, 1 x RCA.<\/p>\n<\/div>\n<div style=\"font-weight: bold\">Ajuste.<\/div>\n<div>\n<p>Ajusta la respuesta a tu room espec\u00edfico con LF, HF y compensaci\u00f3n de room.<\/p>\n<\/div>\n<div style=\"font-weight: bold\">Gu\u00eda de onda.<\/div>\n<div>\n<p>Avanzada tecnolog\u00eda de gu\u00eda de onda que crea una dispersi\u00f3n ac\u00fastica y zona dulce extremadamente larga.<\/p>\n<\/div>\n<div style=\"font-weight: bold\">EQ.<\/div>\n<div>\n<p>Controles de ecualizaci\u00f3n.<\/p>\n<\/div>\n<div style=\"font-weight: bold\">Integraci\u00f3n.<\/div>\n<div>\n<p>F\u00e1cil de integrar a cualquier sistema por medio de sus entradas.<\/p>\n<\/div>\n<\/div>\n<\/div>","protected":false},"excerpt":{"rendered":"<p>Monitor activo biamplificado para estudio, sonido potente y claro, driver LF de 5\u201d pulgadas de cono de fibra de vidrio resistente a la deformaci\u00f3n, dise\u00f1ado por KRK, tweeter domo de seda de 1\u201d pulgada, potencia: 100 watts, entradas: 1 x XLR, 1 x 1\/4\u201d, 1 x RCA, ajusta la respuesta a tu room espec\u00edfico, avanzada tecnolog\u00eda de gu\u00eda de onda que crea una dispersi\u00f3n ac\u00fastica y zona dulce extremadamente larga, controles de ecualizaci\u00f3n.&hellip; <a class=\"kt-excerpt-readmore more-link\" href=\"https:\/\/www.mexicanguitarplayers.com\/en\/tienda\/audio\/bafles-y-bocinas\/bafles\/bafles-activos\/bafle-behringer-monitor-mod-k5\/\">Read more<\/a><\/p>","protected":false},"featured_media":35966,"comment_status":"open","ping_status":"closed","template":"","meta":{"kt_blocks_editor_width":""},"pwb-brand":[171],"product_brand":[],"product_cat":[213,222,472,221],"product_tag":[],"class_list":{"0":"post-35967","1":"product","2":"type-product","3":"status-publish","4":"has-post-thumbnail","6":"pwb-brand-behringer","7":"product_cat-audio","8":"product_cat-bafles","9":"product_cat-bafles-activos","10":"product_cat-bafles-y-bocinas","11":"product_shipping_class-5-10-kg","13":"first","14":"instock","15":"taxable","16":"shipping-taxable","17":"purchasable","18":"product-type-simple"},"yoast_head":"<!-- This site is optimized with the Yoast SEO plugin v27.5 - https:\/\/yoast.com\/product\/yoast-seo-wordpress\/ -->\n<title>BAFLE BEHRINGER MONITOR MOD. K5 - Mexican Guitar Players<\/title>\n<meta name=\"description\" content=\"Monitor activo biamplificado para estudio, sonido potente y claro, driver LF de 5\u201d pulgadas de cono de fibra de vidrio resistente a la deformaci\u00f3n, dise\u00f1ado por KRK, tweeter domo de seda de 1\u201d pulgada, potencia: 100 watts, entradas: 1 x XLR, 1 x 1\/4\u201d, 1 x RCA, ajusta la respuesta a tu room espec\u00edfico, avanzada tecnolog\u00eda de gu\u00eda de onda que crea una dispersi\u00f3n ac\u00fastica y zona dulce extremadamente larga, controles de ecualizaci\u00f3n.\" \/>\n<meta name=\"robots\" content=\"index, follow, max-snippet:-1, max-image-preview:large, max-video-preview:-1\" \/>\n<link rel=\"canonical\" href=\"https:\/\/www.mexicanguitarplayers.com\/en\/tienda\/sin%20categor\u00eda\/bafle-behringer-monitor-mod-k5\/\" \/>\n<meta property=\"og:locale\" content=\"en_US\" \/>\n<meta property=\"og:type\" content=\"article\" \/>\n<meta property=\"og:title\" content=\"BAFLE BEHRINGER MONITOR MOD. K5 - Mexican Guitar Players\" \/>\n<meta property=\"og:description\" content=\"Monitor activo biamplificado para estudio, sonido potente y claro, driver LF de 5\u201d pulgadas de cono de fibra de vidrio resistente a la deformaci\u00f3n, dise\u00f1ado por KRK, tweeter domo de seda de 1\u201d pulgada, potencia: 100 watts, entradas: 1 x XLR, 1 x 1\/4\u201d, 1 x RCA, ajusta la respuesta a tu room espec\u00edfico, avanzada tecnolog\u00eda de gu\u00eda de onda que crea una dispersi\u00f3n ac\u00fastica y zona dulce extremadamente larga, controles de ecualizaci\u00f3n.\" \/>\n<meta property=\"og:url\" content=\"https:\/\/www.mexicanguitarplayers.com\/en\/tienda\/sin categor\u00eda\/bafle-behringer-monitor-mod-k5\/\" \/>\n<meta property=\"og:site_name\" content=\"Mexican Guitar Players\" \/>\n<meta property=\"article:modified_time\" content=\"2026-05-01T13:20:50+00:00\" \/>\n<meta name=\"twitter:card\" content=\"summary_large_image\" \/>\n<meta name=\"twitter:label1\" content=\"Est. reading time\" \/>\n\t<meta name=\"twitter:data1\" content=\"1 minute\" \/>\n<script type=\"application\/ld+json\" class=\"yoast-schema-graph\">{\"@context\":\"https:\\\/\\\/schema.org\",\"@graph\":[{\"@type\":[\"WebPage\",\"ItemPage\"],\"@id\":\"https:\\\/\\\/www.mexicanguitarplayers.com\\\/tienda\\\/sin categor\u00eda\\\/bafle-behringer-monitor-mod-k5\\\/\",\"url\":\"https:\\\/\\\/www.mexicanguitarplayers.com\\\/tienda\\\/sin categor\u00eda\\\/bafle-behringer-monitor-mod-k5\\\/\",\"name\":\"BAFLE BEHRINGER MONITOR MOD. K5 - Mexican Guitar Players\",\"isPartOf\":{\"@id\":\"https:\\\/\\\/www.mexicanguitarplayers.com\\\/#website\"},\"primaryImageOfPage\":{\"@id\":\"https:\\\/\\\/www.mexicanguitarplayers.com\\\/tienda\\\/sin categor\u00eda\\\/bafle-behringer-monitor-mod-k5\\\/#primaryimage\"},\"image\":{\"@id\":\"https:\\\/\\\/www.mexicanguitarplayers.com\\\/tienda\\\/sin categor\u00eda\\\/bafle-behringer-monitor-mod-k5\\\/#primaryimage\"},\"thumbnailUrl\":\"https:\\\/\\\/www.mexicanguitarplayers.com\\\/wp-content\\\/uploads\\\/2025\\\/04\\\/IABEHK5.jpg\",\"datePublished\":\"2025-04-09T04:25:13+00:00\",\"dateModified\":\"2026-05-01T13:20:50+00:00\",\"description\":\"Monitor activo biamplificado para estudio, sonido potente y claro, driver LF de 5\u201d pulgadas de cono de fibra de vidrio resistente a la deformaci\u00f3n, dise\u00f1ado por KRK, tweeter domo de seda de 1\u201d pulgada, potencia: 100 watts, entradas: 1 x XLR, 1 x 1\\\/4\u201d, 1 x RCA, ajusta la respuesta a tu room espec\u00edfico, avanzada tecnolog\u00eda de gu\u00eda de onda que crea una dispersi\u00f3n ac\u00fastica y zona dulce extremadamente larga, controles de ecualizaci\u00f3n.\",\"breadcrumb\":{\"@id\":\"https:\\\/\\\/www.mexicanguitarplayers.com\\\/tienda\\\/sin categor\u00eda\\\/bafle-behringer-monitor-mod-k5\\\/#breadcrumb\"},\"inLanguage\":\"en-US\",\"potentialAction\":[{\"@type\":\"ReadAction\",\"target\":[\"https:\\\/\\\/www.mexicanguitarplayers.com\\\/tienda\\\/sin categor\u00eda\\\/bafle-behringer-monitor-mod-k5\\\/\"]}]},{\"@type\":\"ImageObject\",\"inLanguage\":\"en-US\",\"@id\":\"https:\\\/\\\/www.mexicanguitarplayers.com\\\/tienda\\\/sin categor\u00eda\\\/bafle-behringer-monitor-mod-k5\\\/#primaryimage\",\"url\":\"https:\\\/\\\/www.mexicanguitarplayers.com\\\/wp-content\\\/uploads\\\/2025\\\/04\\\/IABEHK5.jpg\",\"contentUrl\":\"https:\\\/\\\/www.mexicanguitarplayers.com\\\/wp-content\\\/uploads\\\/2025\\\/04\\\/IABEHK5.jpg\",\"width\":1200,\"height\":1200},{\"@type\":\"BreadcrumbList\",\"@id\":\"https:\\\/\\\/www.mexicanguitarplayers.com\\\/tienda\\\/sin categor\u00eda\\\/bafle-behringer-monitor-mod-k5\\\/#breadcrumb\",\"itemListElement\":[{\"@type\":\"ListItem\",\"position\":1,\"name\":\"Portada\",\"item\":\"https:\\\/\\\/www.mexicanguitarplayers.com\\\/\"},{\"@type\":\"ListItem\",\"position\":2,\"name\":\"Tienda\",\"item\":\"https:\\\/\\\/www.mexicanguitarplayers.com\\\/tienda\\\/\"},{\"@type\":\"ListItem\",\"position\":3,\"name\":\"BAFLE BEHRINGER MONITOR MOD. K5\"}]},{\"@type\":\"WebSite\",\"@id\":\"https:\\\/\\\/www.mexicanguitarplayers.com\\\/#website\",\"url\":\"https:\\\/\\\/www.mexicanguitarplayers.com\\\/\",\"name\":\"Mexican Guitar Players\",\"description\":\"Website\",\"publisher\":{\"@id\":\"https:\\\/\\\/www.mexicanguitarplayers.com\\\/#organization\"},\"potentialAction\":[{\"@type\":\"SearchAction\",\"target\":{\"@type\":\"EntryPoint\",\"urlTemplate\":\"https:\\\/\\\/www.mexicanguitarplayers.com\\\/?s={search_term_string}\"},\"query-input\":{\"@type\":\"PropertyValueSpecification\",\"valueRequired\":true,\"valueName\":\"search_term_string\"}}],\"inLanguage\":\"en-US\"},{\"@type\":\"Organization\",\"@id\":\"https:\\\/\\\/www.mexicanguitarplayers.com\\\/#organization\",\"name\":\"Mexican Guitar Players\",\"url\":\"https:\\\/\\\/www.mexicanguitarplayers.com\\\/\",\"logo\":{\"@type\":\"ImageObject\",\"inLanguage\":\"en-US\",\"@id\":\"https:\\\/\\\/www.mexicanguitarplayers.com\\\/#\\\/schema\\\/logo\\\/image\\\/\",\"url\":\"\",\"contentUrl\":\"\",\"caption\":\"Mexican Guitar Players\"},\"image\":{\"@id\":\"https:\\\/\\\/www.mexicanguitarplayers.com\\\/#\\\/schema\\\/logo\\\/image\\\/\"}}]}<\/script>\n<!-- \/ Yoast SEO plugin. -->","yoast_head_json":{"title":"BAFLE BEHRINGER MONITOR MOD. K5 - Mexican Guitar Players","description":"Monitor activo biamplificado para estudio, sonido potente y claro, driver LF de 5\u201d pulgadas de cono de fibra de vidrio resistente a la deformaci\u00f3n, dise\u00f1ado por KRK, tweeter domo de seda de 1\u201d pulgada, potencia: 100 watts, entradas: 1 x XLR, 1 x 1\/4\u201d, 1 x RCA, ajusta la respuesta a tu room espec\u00edfico, avanzada tecnolog\u00eda de gu\u00eda de onda que crea una dispersi\u00f3n ac\u00fastica y zona dulce extremadamente larga, controles de ecualizaci\u00f3n.","robots":{"index":"index","follow":"follow","max-snippet":"max-snippet:-1","max-image-preview":"max-image-preview:large","max-video-preview":"max-video-preview:-1"},"canonical":"https:\/\/www.mexicanguitarplayers.com\/en\/tienda\/sin categor\u00eda\/bafle-behringer-monitor-mod-k5\/","og_locale":"en_US","og_type":"article","og_title":"BAFLE BEHRINGER MONITOR MOD. K5 - Mexican Guitar Players","og_description":"Monitor activo biamplificado para estudio, sonido potente y claro, driver LF de 5\u201d pulgadas de cono de fibra de vidrio resistente a la deformaci\u00f3n, dise\u00f1ado por KRK, tweeter domo de seda de 1\u201d pulgada, potencia: 100 watts, entradas: 1 x XLR, 1 x 1\/4\u201d, 1 x RCA, ajusta la respuesta a tu room espec\u00edfico, avanzada tecnolog\u00eda de gu\u00eda de onda que crea una dispersi\u00f3n ac\u00fastica y zona dulce extremadamente larga, controles de ecualizaci\u00f3n.","og_url":"https:\/\/www.mexicanguitarplayers.com\/en\/tienda\/sin categor\u00eda\/bafle-behringer-monitor-mod-k5\/","og_site_name":"Mexican Guitar Players","article_modified_time":"2026-05-01T13:20:50+00:00","twitter_card":"summary_large_image","twitter_misc":{"Est. reading time":"1 minute"},"schema":{"@context":"https:\/\/schema.org","@graph":[{"@type":["WebPage","ItemPage"],"@id":"https:\/\/www.mexicanguitarplayers.com\/tienda\/sin categor\u00eda\/bafle-behringer-monitor-mod-k5\/","url":"https:\/\/www.mexicanguitarplayers.com\/tienda\/sin categor\u00eda\/bafle-behringer-monitor-mod-k5\/","name":"BAFLE BEHRINGER MONITOR MOD. K5 - Mexican Guitar Players","isPartOf":{"@id":"https:\/\/www.mexicanguitarplayers.com\/#website"},"primaryImageOfPage":{"@id":"https:\/\/www.mexicanguitarplayers.com\/tienda\/sin categor\u00eda\/bafle-behringer-monitor-mod-k5\/#primaryimage"},"image":{"@id":"https:\/\/www.mexicanguitarplayers.com\/tienda\/sin categor\u00eda\/bafle-behringer-monitor-mod-k5\/#primaryimage"},"thumbnailUrl":"https:\/\/www.mexicanguitarplayers.com\/wp-content\/uploads\/2025\/04\/IABEHK5.jpg","datePublished":"2025-04-09T04:25:13+00:00","dateModified":"2026-05-01T13:20:50+00:00","description":"Monitor activo biamplificado para estudio, sonido potente y claro, driver LF de 5\u201d pulgadas de cono de fibra de vidrio resistente a la deformaci\u00f3n, dise\u00f1ado por KRK, tweeter domo de seda de 1\u201d pulgada, potencia: 100 watts, entradas: 1 x XLR, 1 x 1\/4\u201d, 1 x RCA, ajusta la respuesta a tu room espec\u00edfico, avanzada tecnolog\u00eda de gu\u00eda de onda que crea una dispersi\u00f3n ac\u00fastica y zona dulce extremadamente larga, controles de ecualizaci\u00f3n.","breadcrumb":{"@id":"https:\/\/www.mexicanguitarplayers.com\/tienda\/sin categor\u00eda\/bafle-behringer-monitor-mod-k5\/#breadcrumb"},"inLanguage":"en-US","potentialAction":[{"@type":"ReadAction","target":["https:\/\/www.mexicanguitarplayers.com\/tienda\/sin categor\u00eda\/bafle-behringer-monitor-mod-k5\/"]}]},{"@type":"ImageObject","inLanguage":"en-US","@id":"https:\/\/www.mexicanguitarplayers.com\/tienda\/sin categor\u00eda\/bafle-behringer-monitor-mod-k5\/#primaryimage","url":"https:\/\/www.mexicanguitarplayers.com\/wp-content\/uploads\/2025\/04\/IABEHK5.jpg","contentUrl":"https:\/\/www.mexicanguitarplayers.com\/wp-content\/uploads\/2025\/04\/IABEHK5.jpg","width":1200,"height":1200},{"@type":"BreadcrumbList","@id":"https:\/\/www.mexicanguitarplayers.com\/tienda\/sin categor\u00eda\/bafle-behringer-monitor-mod-k5\/#breadcrumb","itemListElement":[{"@type":"ListItem","position":1,"name":"Portada","item":"https:\/\/www.mexicanguitarplayers.com\/"},{"@type":"ListItem","position":2,"name":"Tienda","item":"https:\/\/www.mexicanguitarplayers.com\/tienda\/"},{"@type":"ListItem","position":3,"name":"BAFLE BEHRINGER MONITOR MOD. K5"}]},{"@type":"WebSite","@id":"https:\/\/www.mexicanguitarplayers.com\/#website","url":"https:\/\/www.mexicanguitarplayers.com\/","name":"Mexican Guitar Players","description":"Website","publisher":{"@id":"https:\/\/www.mexicanguitarplayers.com\/#organization"},"potentialAction":[{"@type":"SearchAction","target":{"@type":"EntryPoint","urlTemplate":"https:\/\/www.mexicanguitarplayers.com\/?s={search_term_string}"},"query-input":{"@type":"PropertyValueSpecification","valueRequired":true,"valueName":"search_term_string"}}],"inLanguage":"en-US"},{"@type":"Organization","@id":"https:\/\/www.mexicanguitarplayers.com\/#organization","name":"Mexican Guitar Players","url":"https:\/\/www.mexicanguitarplayers.com\/","logo":{"@type":"ImageObject","inLanguage":"en-US","@id":"https:\/\/www.mexicanguitarplayers.com\/#\/schema\/logo\/image\/","url":"","contentUrl":"","caption":"Mexican Guitar Players"},"image":{"@id":"https:\/\/www.mexicanguitarplayers.com\/#\/schema\/logo\/image\/"}}]}},"brands":[{"id":171,"name":"BEHRINGER","slug":"behringer"}],"_links":{"self":[{"href":"https:\/\/www.mexicanguitarplayers.com\/en\/wp-json\/wp\/v2\/product\/35967","targetHints":{"allow":["GET"]}}],"collection":[{"href":"https:\/\/www.mexicanguitarplayers.com\/en\/wp-json\/wp\/v2\/product"}],"about":[{"href":"https:\/\/www.mexicanguitarplayers.com\/en\/wp-json\/wp\/v2\/types\/product"}],"replies":[{"embeddable":true,"href":"https:\/\/www.mexicanguitarplayers.com\/en\/wp-json\/wp\/v2\/comments?post=35967"}],"wp:featuredmedia":[{"embeddable":true,"href":"https:\/\/www.mexicanguitarplayers.com\/en\/wp-json\/wp\/v2\/media\/35966"}],"wp:attachment":[{"href":"https:\/\/www.mexicanguitarplayers.com\/en\/wp-json\/wp\/v2\/media?parent=35967"}],"wp:term":[{"taxonomy":"pwb-brand","embeddable":true,"href":"https:\/\/www.mexicanguitarplayers.com\/en\/wp-json\/wp\/v2\/pwb-brand?post=35967"},{"taxonomy":"product_brand","embeddable":true,"href":"https:\/\/www.mexicanguitarplayers.com\/en\/wp-json\/wp\/v2\/product_brand?post=35967"},{"taxonomy":"product_cat","embeddable":true,"href":"https:\/\/www.mexicanguitarplayers.com\/en\/wp-json\/wp\/v2\/product_cat?post=35967"},{"taxonomy":"product_tag","embeddable":true,"href":"https:\/\/www.mexicanguitarplayers.com\/en\/wp-json\/wp\/v2\/product_tag?post=35967"}],"curies":[{"name":"wp","href":"https:\/\/api.w.org\/{rel}","templated":true}]}}