{"id":36016,"date":"2025-04-08T22:26:23","date_gmt":"2025-04-09T04:26:23","guid":{"rendered":"https:\/\/www.mexicanguitarplayers.com\/tienda\/sin categor\u00eda\/combo-ashdown-p-bajo-mod-rm-c112t-500-e\/"},"modified":"2026-04-10T04:27:27","modified_gmt":"2026-04-10T10:27:27","slug":"combo-ashdown-p-bajo-mod-rm-c112t-500-e","status":"publish","type":"product","link":"https:\/\/www.mexicanguitarplayers.com\/en\/tienda\/cuerdas\/combos\/combos-para-bajo\/combo-ashdown-p-bajo-mod-rm-c112t-500-e\/","title":{"rendered":"COMBO ASHDOWN P\/BAJO MOD. RM-C112T-500 E"},"content":{"rendered":"<div style=\"text-align: justify\">\n<div>\n<h3>Encuentra el sonido perfecto.<\/h3>\n<\/div>\n<div>La nueva l\u00ednea de combos de Ashdown es el Rootmaster EVO C112T 500 &#8211; un poderoso combo de 500 watts, cargado con un solo altavoz Ashdown White Line de 12&#8243; pulgadas. Al igual que otros combos en la l\u00ednea Rootmaster de Ashdown, el C112T 500 ofrece caracter\u00edsticas mejoradas y un gran acabado, junto con una dram\u00e1tica reducci\u00f3n en el peso. Los combos EVO de Rootmaster est\u00e1n hechos con una ligera capa para reducir el peso sin arriesgar el sonido. Los combos EVO Rootmaster  emplean los nuevos altavoces White Line de Ashdown para ofrecer un tono refinado y puedan extenderse con la adici\u00f3n de una salida de extensi\u00f3n de altavoz de 8 ohms para producir una gran potencia, convirti\u00e9ndolo en un sistema verdaderamente vers\u00e1til. Los combos Rootmaster EVO ahora cuentan con asas de barra para facilitar el transporte y terminado en tolex Buffalo con una rejilla de tela negra. Estos combos tienen un aspecto distintivo y un acabado de calidad que realmente destacan entre la multitud. Tonalmente, el dise\u00f1o compacto mantiene una respuesta grave con un din\u00e1mico en el rango medio. La adici\u00f3n del Tweeter proporciona un extra extremo y puede ajustarse bien a Hi, Low u Off, dependiendo de la preferencia del bajista. El preamp del Rootmaster EVO ahora incluye una entrada activa y pasiva para utilizarse con instrumentos de salida alta y baja, esto establece una trayectoria de se\u00f1al clara al control de entrada lo que te permite afinar tu nivel de entrada utilizando el medidor VU de Ashdown. Con la se\u00f1al en su nivel \u00f3ptimo, a continuaci\u00f3n, pulsa las caracter\u00edsticas enriquecidas dise\u00f1adas para mejorar tu tono, como el bot\u00f3n Shape, el ecualizador de 5 bandas y su compresor integrado. El control de la unidad como siempre, ofrece una emulaci\u00f3n de bulbo delectable over-drive mientras que los controles de sub-arm\u00f3nicos a\u00f1aden grosor a tu sonido, ambos pueden ser conmutador a trav\u00e9s de un footswitch FS2 (se vende por separado). Los combos Rootmaster EVO tambi\u00e9n cuentan con una secci\u00f3n actualizada de potencia adem\u00e1s de un pr\u00e1ctico bot\u00f3n de silencio. Lo que es a\u00fan m\u00e1s fresco es que cuando cambias a Mute, la marca del medidor VU Ashdown Engineering, cambia de naranja a azul fresco, creando en el escenario una perfecta iluminaci\u00f3n entre sets.<\/div>\n<div>\n<h4>Quick look<\/h4>\n<\/div>\n<ul style=\"margin: 0px 0px 0px 25px\">\n<li style=\"list-style-type: circle;margin: 5px\">Weight.<\/li>\n<li style=\"list-style-type: circle;margin: 5px\">Dimensions.<\/li>\n<li style=\"list-style-type: circle;margin: 5px\">Distorsi\u00f3n.<\/li>\n<li style=\"list-style-type: circle;margin: 5px\">Retorno de efectos.<\/li>\n<li style=\"list-style-type: circle;margin: 5px\">Env\u00edo de efectos.<\/li>\n<li style=\"list-style-type: circle;margin: 5px\">EQ.<\/li>\n<li style=\"list-style-type: circle;margin: 5px\">Se\u00f1al a ruido.<\/li>\n<li style=\"list-style-type: circle;margin: 5px\">Impedancia m\u00ednima.<\/li>\n<li style=\"list-style-type: circle;margin: 5px\">Impedancia de salida de afinador.<\/li>\n<li style=\"list-style-type: circle;margin: 5px\">DI output.<\/li>\n<li style=\"list-style-type: circle;margin: 5px\">Impedancia de entrada de l\u00ednea.<\/li>\n<li style=\"list-style-type: circle;margin: 5px\">Impedancia de instrumento baja.<\/li>\n<li style=\"list-style-type: circle;margin: 5px\">Impedancia de entrada de instrumento alta.<\/li>\n<li style=\"list-style-type: circle;margin: 5px\">Frequency response.<\/li>\n<li style=\"list-style-type: circle;margin: 5px\">Salidas de altavoz.<\/li>\n<li style=\"list-style-type: circle;margin: 5px\">Speakers.<\/li>\n<li style=\"list-style-type: circle;margin: 5px\">Requerimientos de energ\u00eda.<\/li>\n<li style=\"list-style-type: circle;margin: 5px\">Output power.<\/li>\n<\/ul>\n<div>\n<div style=\"font-weight: bold\">Weight.<\/div>\n<div>\n<p>16.5 kg.<\/p>\n<\/div>\n<div style=\"font-weight: bold\">Dimensions.<\/div>\n<div>\n<p>476 x 470 x 335 mm.<\/p>\n<\/div>\n<div style=\"font-weight: bold\">Distorsi\u00f3n.<\/div>\n<div>\n<p>Menor que 0.5% THD.<\/p>\n<\/div>\n<div style=\"font-weight: bold\">Retorno de efectos.<\/div>\n<div>\n<p>Impedancia: 22k kilo-ohms \/ Nivel 0 dBu nominal.<\/p>\n<\/div>\n<div style=\"font-weight: bold\">Env\u00edo de efectos.<\/div>\n<div>\n<p>Impedancia: 22k kilo-ohms \/ Nivel 0 dBu nominal.<\/p>\n<\/div>\n<div style=\"font-weight: bold\">EQ.<\/div>\n<div>\n<p>Bass \u00b115 dB @ 100 Hz. Lo Mid \u00b115 dB @ 220 Hz. Middle \u00b115 dB @ 660 Hz. Hi Mid \u00b115 dB @ 1.6 kHz. Treble \u00b115 dB @ 7 kHz, shelving Deep+.<\/p>\n<\/div>\n<div style=\"font-weight: bold\">Se\u00f1al a ruido.<\/div>\n<div>\n<p>Mejor que 80 dB (EQ flat).<\/p>\n<\/div>\n<div style=\"font-weight: bold\">Impedancia m\u00ednima.<\/div>\n<div>\n<p>4 ohms.<\/p>\n<\/div>\n<div style=\"font-weight: bold\">Impedancia de salida de afinador.<\/div>\n<div>\n<p>22 kilo-ohms \/ Nivel 0 dBu nominal.<\/p>\n<\/div>\n<div style=\"font-weight: bold\">DI output.<\/div>\n<div>\n<p>600 ohms balanceado \/ Nivel -20 dBu nominal.<\/p>\n<\/div>\n<div style=\"font-weight: bold\">Impedancia de entrada de l\u00ednea.<\/div>\n<div>\n<p>10 kilo-ohms, rango de entrada: 300 mV &#8211; 40V P-P.<\/p>\n<\/div>\n<div style=\"font-weight: bold\">Impedancia de instrumento baja.<\/div>\n<div>\n<p>1 mili-ohm, rango de entrada: 150 mv a 10 v P-P.<\/p>\n<\/div>\n<div style=\"font-weight: bold\">Impedancia de entrada de instrumento alta.<\/div>\n<div>\n<p>3.9 milo-ohms, rango de entrada: 150 mV &#8211; 20 mV P-P.<\/p>\n<\/div>\n<div style=\"font-weight: bold\">Frequency response.<\/div>\n<div>\n<p>-3 dB a 17 Hz y 30 kHz.<\/p>\n<\/div>\n<div style=\"font-weight: bold\">Salidas de altavoz.<\/div>\n<div>\n<p>2 x Speakon.<\/p>\n<\/div>\n<div style=\"font-weight: bold\">Speakers.<\/div>\n<div>\n<p>1 x 12.<\/p>\n<\/div>\n<div style=\"font-weight: bold\">Requerimientos de energ\u00eda.<\/div>\n<div>\n<p>115 &#8211; 230 Volts.<\/p>\n<\/div>\n<div style=\"font-weight: bold\">Output power.<\/div>\n<div>\n<p>500 watts.<\/p>\n<\/div>\n<\/div>\n<\/div>","protected":false},"excerpt":{"rendered":"<p>Combo para bajo, potencia de 500 watts, un altavoz de 12\u201d pulgadas, respuesta de frecuencia: -3 dB a 17 Hz a 30 kHz, un canal, efectos: sub-arm\u00f3nico, compresi\u00f3n, ecualizador de 5 bandas, loop de efectos, dimensiones: 476 x 470 x 335 mm, peso: 16.5 kg.&hellip; <a class=\"kt-excerpt-readmore more-link\" href=\"https:\/\/www.mexicanguitarplayers.com\/en\/tienda\/cuerdas\/combos\/combos-para-bajo\/combo-ashdown-p-bajo-mod-rm-c112t-500-e\/\">Read more<\/a><\/p>","protected":false},"featured_media":36008,"comment_status":"open","ping_status":"closed","template":"","meta":{"kt_blocks_editor_width":""},"pwb-brand":[257],"product_brand":[],"product_cat":[236,255,224],"product_tag":[],"class_list":{"0":"post-36016","1":"product","2":"type-product","3":"status-publish","4":"has-post-thumbnail","6":"pwb-brand-ashdown","7":"product_cat-combos","8":"product_cat-combos-para-bajo","9":"product_cat-cuerdas","10":"product_shipping_class-15-20-kg","12":"first","13":"outofstock","14":"taxable","15":"shipping-taxable","16":"purchasable","17":"product-type-simple"},"yoast_head":"<!-- This site is optimized with the Yoast SEO plugin v27.6 - https:\/\/yoast.com\/product\/yoast-seo-wordpress\/ -->\n<title>COMBO ASHDOWN P\/BAJO MOD. RM-C112T-500 E - Mexican Guitar Players<\/title>\n<meta name=\"description\" content=\"Combo para bajo, potencia de 500 watts, un altavoz de 12\u201d pulgadas, respuesta de frecuencia: -3 dB a 17 Hz a 30 kHz, un canal, efectos: sub-arm\u00f3nico, compresi\u00f3n, ecualizador de 5 bandas, loop de efectos, dimensiones: 476 x 470 x 335 mm, peso: 16.5 kg.\" \/>\n<meta name=\"robots\" content=\"index, follow, max-snippet:-1, max-image-preview:large, max-video-preview:-1\" \/>\n<link rel=\"canonical\" href=\"https:\/\/www.mexicanguitarplayers.com\/en\/tienda\/sin%20categor\u00eda\/combo-ashdown-p-bajo-mod-rm-c112t-500-e\/\" \/>\n<meta property=\"og:locale\" content=\"en_US\" \/>\n<meta property=\"og:type\" content=\"article\" \/>\n<meta property=\"og:title\" content=\"COMBO ASHDOWN P\/BAJO MOD. RM-C112T-500 E - Mexican Guitar Players\" \/>\n<meta property=\"og:description\" content=\"Combo para bajo, potencia de 500 watts, un altavoz de 12\u201d pulgadas, respuesta de frecuencia: -3 dB a 17 Hz a 30 kHz, un canal, efectos: sub-arm\u00f3nico, compresi\u00f3n, ecualizador de 5 bandas, loop de efectos, dimensiones: 476 x 470 x 335 mm, peso: 16.5 kg.\" \/>\n<meta property=\"og:url\" content=\"https:\/\/www.mexicanguitarplayers.com\/en\/tienda\/sin categor\u00eda\/combo-ashdown-p-bajo-mod-rm-c112t-500-e\/\" \/>\n<meta property=\"og:site_name\" content=\"Mexican Guitar Players\" \/>\n<meta property=\"article:modified_time\" content=\"2026-04-10T10:27:27+00:00\" \/>\n<meta name=\"twitter:card\" content=\"summary_large_image\" \/>\n<meta name=\"twitter:label1\" content=\"Est. reading time\" \/>\n\t<meta name=\"twitter:data1\" content=\"3 minutes\" \/>\n<script type=\"application\/ld+json\" class=\"yoast-schema-graph\">{\"@context\":\"https:\\\/\\\/schema.org\",\"@graph\":[{\"@type\":[\"WebPage\",\"ItemPage\"],\"@id\":\"https:\\\/\\\/www.mexicanguitarplayers.com\\\/tienda\\\/sin categor\u00eda\\\/combo-ashdown-p-bajo-mod-rm-c112t-500-e\\\/\",\"url\":\"https:\\\/\\\/www.mexicanguitarplayers.com\\\/tienda\\\/sin categor\u00eda\\\/combo-ashdown-p-bajo-mod-rm-c112t-500-e\\\/\",\"name\":\"COMBO ASHDOWN P\\\/BAJO MOD. RM-C112T-500 E - Mexican Guitar Players\",\"isPartOf\":{\"@id\":\"https:\\\/\\\/www.mexicanguitarplayers.com\\\/#website\"},\"primaryImageOfPage\":{\"@id\":\"https:\\\/\\\/www.mexicanguitarplayers.com\\\/tienda\\\/sin categor\u00eda\\\/combo-ashdown-p-bajo-mod-rm-c112t-500-e\\\/#primaryimage\"},\"image\":{\"@id\":\"https:\\\/\\\/www.mexicanguitarplayers.com\\\/tienda\\\/sin categor\u00eda\\\/combo-ashdown-p-bajo-mod-rm-c112t-500-e\\\/#primaryimage\"},\"thumbnailUrl\":\"https:\\\/\\\/www.mexicanguitarplayers.com\\\/wp-content\\\/uploads\\\/2025\\\/04\\\/ICASORMC112T5E.jpg\",\"datePublished\":\"2025-04-09T04:26:23+00:00\",\"dateModified\":\"2026-04-10T10:27:27+00:00\",\"description\":\"Combo para bajo, potencia de 500 watts, un altavoz de 12\u201d pulgadas, respuesta de frecuencia: -3 dB a 17 Hz a 30 kHz, un canal, efectos: sub-arm\u00f3nico, compresi\u00f3n, ecualizador de 5 bandas, loop de efectos, dimensiones: 476 x 470 x 335 mm, peso: 16.5 kg.\",\"breadcrumb\":{\"@id\":\"https:\\\/\\\/www.mexicanguitarplayers.com\\\/tienda\\\/sin categor\u00eda\\\/combo-ashdown-p-bajo-mod-rm-c112t-500-e\\\/#breadcrumb\"},\"inLanguage\":\"en-US\",\"potentialAction\":[{\"@type\":\"ReadAction\",\"target\":[\"https:\\\/\\\/www.mexicanguitarplayers.com\\\/tienda\\\/sin categor\u00eda\\\/combo-ashdown-p-bajo-mod-rm-c112t-500-e\\\/\"]}]},{\"@type\":\"ImageObject\",\"inLanguage\":\"en-US\",\"@id\":\"https:\\\/\\\/www.mexicanguitarplayers.com\\\/tienda\\\/sin categor\u00eda\\\/combo-ashdown-p-bajo-mod-rm-c112t-500-e\\\/#primaryimage\",\"url\":\"https:\\\/\\\/www.mexicanguitarplayers.com\\\/wp-content\\\/uploads\\\/2025\\\/04\\\/ICASORMC112T5E.jpg\",\"contentUrl\":\"https:\\\/\\\/www.mexicanguitarplayers.com\\\/wp-content\\\/uploads\\\/2025\\\/04\\\/ICASORMC112T5E.jpg\",\"width\":1200,\"height\":1200},{\"@type\":\"BreadcrumbList\",\"@id\":\"https:\\\/\\\/www.mexicanguitarplayers.com\\\/tienda\\\/sin categor\u00eda\\\/combo-ashdown-p-bajo-mod-rm-c112t-500-e\\\/#breadcrumb\",\"itemListElement\":[{\"@type\":\"ListItem\",\"position\":1,\"name\":\"Portada\",\"item\":\"https:\\\/\\\/www.mexicanguitarplayers.com\\\/\"},{\"@type\":\"ListItem\",\"position\":2,\"name\":\"Tienda\",\"item\":\"https:\\\/\\\/www.mexicanguitarplayers.com\\\/tienda\\\/\"},{\"@type\":\"ListItem\",\"position\":3,\"name\":\"COMBO ASHDOWN P\\\/BAJO MOD. RM-C112T-500 E\"}]},{\"@type\":\"WebSite\",\"@id\":\"https:\\\/\\\/www.mexicanguitarplayers.com\\\/#website\",\"url\":\"https:\\\/\\\/www.mexicanguitarplayers.com\\\/\",\"name\":\"Mexican Guitar Players\",\"description\":\"Website\",\"publisher\":{\"@id\":\"https:\\\/\\\/www.mexicanguitarplayers.com\\\/#organization\"},\"potentialAction\":[{\"@type\":\"SearchAction\",\"target\":{\"@type\":\"EntryPoint\",\"urlTemplate\":\"https:\\\/\\\/www.mexicanguitarplayers.com\\\/?s={search_term_string}\"},\"query-input\":{\"@type\":\"PropertyValueSpecification\",\"valueRequired\":true,\"valueName\":\"search_term_string\"}}],\"inLanguage\":\"en-US\"},{\"@type\":\"Organization\",\"@id\":\"https:\\\/\\\/www.mexicanguitarplayers.com\\\/#organization\",\"name\":\"Mexican Guitar Players\",\"url\":\"https:\\\/\\\/www.mexicanguitarplayers.com\\\/\",\"logo\":{\"@type\":\"ImageObject\",\"inLanguage\":\"en-US\",\"@id\":\"https:\\\/\\\/www.mexicanguitarplayers.com\\\/#\\\/schema\\\/logo\\\/image\\\/\",\"url\":\"\",\"contentUrl\":\"\",\"caption\":\"Mexican Guitar Players\"},\"image\":{\"@id\":\"https:\\\/\\\/www.mexicanguitarplayers.com\\\/#\\\/schema\\\/logo\\\/image\\\/\"}}]}<\/script>\n<!-- \/ Yoast SEO plugin. -->","yoast_head_json":{"title":"COMBO ASHDOWN P\/BAJO MOD. RM-C112T-500 E - Mexican Guitar Players","description":"Combo para bajo, potencia de 500 watts, un altavoz de 12\u201d pulgadas, respuesta de frecuencia: -3 dB a 17 Hz a 30 kHz, un canal, efectos: sub-arm\u00f3nico, compresi\u00f3n, ecualizador de 5 bandas, loop de efectos, dimensiones: 476 x 470 x 335 mm, peso: 16.5 kg.","robots":{"index":"index","follow":"follow","max-snippet":"max-snippet:-1","max-image-preview":"max-image-preview:large","max-video-preview":"max-video-preview:-1"},"canonical":"https:\/\/www.mexicanguitarplayers.com\/en\/tienda\/sin categor\u00eda\/combo-ashdown-p-bajo-mod-rm-c112t-500-e\/","og_locale":"en_US","og_type":"article","og_title":"COMBO ASHDOWN P\/BAJO MOD. RM-C112T-500 E - Mexican Guitar Players","og_description":"Combo para bajo, potencia de 500 watts, un altavoz de 12\u201d pulgadas, respuesta de frecuencia: -3 dB a 17 Hz a 30 kHz, un canal, efectos: sub-arm\u00f3nico, compresi\u00f3n, ecualizador de 5 bandas, loop de efectos, dimensiones: 476 x 470 x 335 mm, peso: 16.5 kg.","og_url":"https:\/\/www.mexicanguitarplayers.com\/en\/tienda\/sin categor\u00eda\/combo-ashdown-p-bajo-mod-rm-c112t-500-e\/","og_site_name":"Mexican Guitar Players","article_modified_time":"2026-04-10T10:27:27+00:00","twitter_card":"summary_large_image","twitter_misc":{"Est. reading time":"3 minutes"},"schema":{"@context":"https:\/\/schema.org","@graph":[{"@type":["WebPage","ItemPage"],"@id":"https:\/\/www.mexicanguitarplayers.com\/tienda\/sin categor\u00eda\/combo-ashdown-p-bajo-mod-rm-c112t-500-e\/","url":"https:\/\/www.mexicanguitarplayers.com\/tienda\/sin categor\u00eda\/combo-ashdown-p-bajo-mod-rm-c112t-500-e\/","name":"COMBO ASHDOWN P\/BAJO MOD. RM-C112T-500 E - Mexican Guitar Players","isPartOf":{"@id":"https:\/\/www.mexicanguitarplayers.com\/#website"},"primaryImageOfPage":{"@id":"https:\/\/www.mexicanguitarplayers.com\/tienda\/sin categor\u00eda\/combo-ashdown-p-bajo-mod-rm-c112t-500-e\/#primaryimage"},"image":{"@id":"https:\/\/www.mexicanguitarplayers.com\/tienda\/sin categor\u00eda\/combo-ashdown-p-bajo-mod-rm-c112t-500-e\/#primaryimage"},"thumbnailUrl":"https:\/\/www.mexicanguitarplayers.com\/wp-content\/uploads\/2025\/04\/ICASORMC112T5E.jpg","datePublished":"2025-04-09T04:26:23+00:00","dateModified":"2026-04-10T10:27:27+00:00","description":"Combo para bajo, potencia de 500 watts, un altavoz de 12\u201d pulgadas, respuesta de frecuencia: -3 dB a 17 Hz a 30 kHz, un canal, efectos: sub-arm\u00f3nico, compresi\u00f3n, ecualizador de 5 bandas, loop de efectos, dimensiones: 476 x 470 x 335 mm, peso: 16.5 kg.","breadcrumb":{"@id":"https:\/\/www.mexicanguitarplayers.com\/tienda\/sin categor\u00eda\/combo-ashdown-p-bajo-mod-rm-c112t-500-e\/#breadcrumb"},"inLanguage":"en-US","potentialAction":[{"@type":"ReadAction","target":["https:\/\/www.mexicanguitarplayers.com\/tienda\/sin categor\u00eda\/combo-ashdown-p-bajo-mod-rm-c112t-500-e\/"]}]},{"@type":"ImageObject","inLanguage":"en-US","@id":"https:\/\/www.mexicanguitarplayers.com\/tienda\/sin categor\u00eda\/combo-ashdown-p-bajo-mod-rm-c112t-500-e\/#primaryimage","url":"https:\/\/www.mexicanguitarplayers.com\/wp-content\/uploads\/2025\/04\/ICASORMC112T5E.jpg","contentUrl":"https:\/\/www.mexicanguitarplayers.com\/wp-content\/uploads\/2025\/04\/ICASORMC112T5E.jpg","width":1200,"height":1200},{"@type":"BreadcrumbList","@id":"https:\/\/www.mexicanguitarplayers.com\/tienda\/sin categor\u00eda\/combo-ashdown-p-bajo-mod-rm-c112t-500-e\/#breadcrumb","itemListElement":[{"@type":"ListItem","position":1,"name":"Portada","item":"https:\/\/www.mexicanguitarplayers.com\/"},{"@type":"ListItem","position":2,"name":"Tienda","item":"https:\/\/www.mexicanguitarplayers.com\/tienda\/"},{"@type":"ListItem","position":3,"name":"COMBO ASHDOWN P\/BAJO MOD. RM-C112T-500 E"}]},{"@type":"WebSite","@id":"https:\/\/www.mexicanguitarplayers.com\/#website","url":"https:\/\/www.mexicanguitarplayers.com\/","name":"Mexican Guitar Players","description":"Website","publisher":{"@id":"https:\/\/www.mexicanguitarplayers.com\/#organization"},"potentialAction":[{"@type":"SearchAction","target":{"@type":"EntryPoint","urlTemplate":"https:\/\/www.mexicanguitarplayers.com\/?s={search_term_string}"},"query-input":{"@type":"PropertyValueSpecification","valueRequired":true,"valueName":"search_term_string"}}],"inLanguage":"en-US"},{"@type":"Organization","@id":"https:\/\/www.mexicanguitarplayers.com\/#organization","name":"Mexican Guitar Players","url":"https:\/\/www.mexicanguitarplayers.com\/","logo":{"@type":"ImageObject","inLanguage":"en-US","@id":"https:\/\/www.mexicanguitarplayers.com\/#\/schema\/logo\/image\/","url":"","contentUrl":"","caption":"Mexican Guitar Players"},"image":{"@id":"https:\/\/www.mexicanguitarplayers.com\/#\/schema\/logo\/image\/"}}]}},"brands":[{"id":257,"name":"ASHDOWN","slug":"ashdown"}],"_links":{"self":[{"href":"https:\/\/www.mexicanguitarplayers.com\/en\/wp-json\/wp\/v2\/product\/36016","targetHints":{"allow":["GET"]}}],"collection":[{"href":"https:\/\/www.mexicanguitarplayers.com\/en\/wp-json\/wp\/v2\/product"}],"about":[{"href":"https:\/\/www.mexicanguitarplayers.com\/en\/wp-json\/wp\/v2\/types\/product"}],"replies":[{"embeddable":true,"href":"https:\/\/www.mexicanguitarplayers.com\/en\/wp-json\/wp\/v2\/comments?post=36016"}],"wp:featuredmedia":[{"embeddable":true,"href":"https:\/\/www.mexicanguitarplayers.com\/en\/wp-json\/wp\/v2\/media\/36008"}],"wp:attachment":[{"href":"https:\/\/www.mexicanguitarplayers.com\/en\/wp-json\/wp\/v2\/media?parent=36016"}],"wp:term":[{"taxonomy":"pwb-brand","embeddable":true,"href":"https:\/\/www.mexicanguitarplayers.com\/en\/wp-json\/wp\/v2\/pwb-brand?post=36016"},{"taxonomy":"product_brand","embeddable":true,"href":"https:\/\/www.mexicanguitarplayers.com\/en\/wp-json\/wp\/v2\/product_brand?post=36016"},{"taxonomy":"product_cat","embeddable":true,"href":"https:\/\/www.mexicanguitarplayers.com\/en\/wp-json\/wp\/v2\/product_cat?post=36016"},{"taxonomy":"product_tag","embeddable":true,"href":"https:\/\/www.mexicanguitarplayers.com\/en\/wp-json\/wp\/v2\/product_tag?post=36016"}],"curies":[{"name":"wp","href":"https:\/\/api.w.org\/{rel}","templated":true}]}}