{"id":36022,"date":"2025-04-08T22:26:31","date_gmt":"2025-04-09T04:26:31","guid":{"rendered":"https:\/\/www.mexicanguitarplayers.com\/tienda\/sin categor\u00eda\/kit-meinl-p-conversion-drum-set-caj-kit\/"},"modified":"2026-05-01T07:20:47","modified_gmt":"2026-05-01T13:20:47","slug":"kit-meinl-p-conversion-drum-set-caj-kit","status":"publish","type":"product","link":"https:\/\/www.mexicanguitarplayers.com\/en\/tienda\/accesorios\/para-bateria\/hardware-para-bateria\/kit-meinl-p-conversion-drum-set-caj-kit\/","title":{"rendered":"KIT MEINL P\/CONVERSION DRUM SET CAJ-KIT"},"content":{"rendered":"<div style=\"text-align: justify\">\n<div>\n<h3>Convierte tu caj\u00f3n en todo un set de bater\u00eda.<\/h3>\n<\/div>\n<div>El kit de conversi\u00f3n MEINL Cajon Drum Set es una soluci\u00f3n compacta y port\u00e1til para expandir tu caj\u00f3n en un peque\u00f1o set de bater\u00eda con una huella esc\u00e9nica discreta y un volumen reducido.<\/div>\n<div>\n<h4>Quick look<\/h4>\n<\/div>\n<ul style=\"margin: 0px 0px 0px 25px\">\n<li style=\"list-style-type: circle;margin: 5px\">Accessories included.<\/li>\n<\/ul>\n<div>\n<div style=\"font-weight: bold\">Accessories included.<\/div>\n<div>\n<p>Un pedal Direct Drive. Un Cajon Snare montable con cubierta de protecci\u00f3n de silicona y multiclamp. Un par de platillos HCS de 13&#8243; como HiHats. Un atril Low Hat para contratiempos. Multi-rods bamboo flex para caj\u00f3n. Manta de caj\u00f3n con bolsillos para accesorios. Shakers Luis Conte. Funda para cajon.<\/p>\n<\/div>\n<\/div>\n<div>\n<h4>Characteristics<\/h4>\n<\/div>\n<div>\n<ul style=\"margin: 0px 0px 0px 25px\">\n<li style=\"list-style-type: circle;margin: 5px\">Kit para convertir caj\u00f3n a mini set de bater\u00eda.<\/li>\n<\/ul>\n<\/div>\n<\/div>","protected":false},"excerpt":{"rendered":"<p>Kit para convertir tu caj\u00f3n a un peque\u00f1o set de bater\u00eda, huella esc\u00e9nica de bajo perfil, perfecto para shows ac\u00fasticos, jam sessions y shows callejeros, incluye un pedal Direct Drive, un Cajon Snare montable con cubierta de protecci\u00f3n de silicona y multiclamp, un par de platillos HCS de 13\u201d como HiHats, atril Low Hat para contratiempos, multi-rods bamboo flex para caj\u00f3n, manta de caj\u00f3n con bolsillos para accesorios, shakers Luis Conte y funda para caj\u00f3n (NO INCLUYE CAJON).&hellip; <a class=\"kt-excerpt-readmore more-link\" href=\"https:\/\/www.mexicanguitarplayers.com\/en\/tienda\/accesorios\/para-bateria\/hardware-para-bateria\/kit-meinl-p-conversion-drum-set-caj-kit\/\">Read more<\/a><\/p>","protected":false},"featured_media":36021,"comment_status":"open","ping_status":"closed","template":"","meta":{"kt_blocks_editor_width":""},"pwb-brand":[290],"product_brand":[],"product_cat":[85,435,432],"product_tag":[],"class_list":{"0":"post-36022","1":"product","2":"type-product","3":"status-publish","4":"has-post-thumbnail","6":"pwb-brand-meinl","7":"product_cat-accesorios","8":"product_cat-hardware-para-bateria","9":"product_cat-para-percusion","10":"product_shipping_class-10-15-kg","12":"first","13":"instock","14":"taxable","15":"shipping-taxable","16":"purchasable","17":"product-type-simple"},"yoast_head":"<!-- This site is optimized with the Yoast SEO plugin v27.5 - https:\/\/yoast.com\/product\/yoast-seo-wordpress\/ -->\n<title>KIT MEINL P\/CONVERSION DRUM SET CAJ-KIT - Mexican Guitar Players<\/title>\n<meta name=\"description\" content=\"Kit para convertir tu caj\u00f3n a un peque\u00f1o set de bater\u00eda, huella esc\u00e9nica de bajo perfil, perfecto para shows ac\u00fasticos, jam sessions y shows callejeros, incluye un pedal Direct Drive, un Cajon Snare montable con cubierta de protecci\u00f3n de silicona y multiclamp, un par de platillos HCS de 13\u201d como HiHats, atril Low Hat para contratiempos, multi-rods bamboo flex para caj\u00f3n, manta de caj\u00f3n con bolsillos para accesorios, shakers Luis Conte y funda para caj\u00f3n (NO INCLUYE CAJON).\" \/>\n<meta name=\"robots\" content=\"index, follow, max-snippet:-1, max-image-preview:large, max-video-preview:-1\" \/>\n<link rel=\"canonical\" href=\"https:\/\/www.mexicanguitarplayers.com\/en\/tienda\/sin%20categor\u00eda\/kit-meinl-p-conversion-drum-set-caj-kit\/\" \/>\n<meta property=\"og:locale\" content=\"en_US\" \/>\n<meta property=\"og:type\" content=\"article\" \/>\n<meta property=\"og:title\" content=\"KIT MEINL P\/CONVERSION DRUM SET CAJ-KIT - Mexican Guitar Players\" \/>\n<meta property=\"og:description\" content=\"Kit para convertir tu caj\u00f3n a un peque\u00f1o set de bater\u00eda, huella esc\u00e9nica de bajo perfil, perfecto para shows ac\u00fasticos, jam sessions y shows callejeros, incluye un pedal Direct Drive, un Cajon Snare montable con cubierta de protecci\u00f3n de silicona y multiclamp, un par de platillos HCS de 13\u201d como HiHats, atril Low Hat para contratiempos, multi-rods bamboo flex para caj\u00f3n, manta de caj\u00f3n con bolsillos para accesorios, shakers Luis Conte y funda para caj\u00f3n (NO INCLUYE CAJON).\" \/>\n<meta property=\"og:url\" content=\"https:\/\/www.mexicanguitarplayers.com\/en\/tienda\/sin categor\u00eda\/kit-meinl-p-conversion-drum-set-caj-kit\/\" \/>\n<meta property=\"og:site_name\" content=\"Mexican Guitar Players\" \/>\n<meta property=\"article:modified_time\" content=\"2026-05-01T13:20:47+00:00\" \/>\n<meta name=\"twitter:card\" content=\"summary_large_image\" \/>\n<meta name=\"twitter:label1\" content=\"Est. reading time\" \/>\n\t<meta name=\"twitter:data1\" content=\"1 minute\" \/>\n<script type=\"application\/ld+json\" class=\"yoast-schema-graph\">{\"@context\":\"https:\\\/\\\/schema.org\",\"@graph\":[{\"@type\":[\"WebPage\",\"ItemPage\"],\"@id\":\"https:\\\/\\\/www.mexicanguitarplayers.com\\\/tienda\\\/sin categor\u00eda\\\/kit-meinl-p-conversion-drum-set-caj-kit\\\/\",\"url\":\"https:\\\/\\\/www.mexicanguitarplayers.com\\\/tienda\\\/sin categor\u00eda\\\/kit-meinl-p-conversion-drum-set-caj-kit\\\/\",\"name\":\"KIT MEINL P\\\/CONVERSION DRUM SET CAJ-KIT - Mexican Guitar Players\",\"isPartOf\":{\"@id\":\"https:\\\/\\\/www.mexicanguitarplayers.com\\\/#website\"},\"primaryImageOfPage\":{\"@id\":\"https:\\\/\\\/www.mexicanguitarplayers.com\\\/tienda\\\/sin categor\u00eda\\\/kit-meinl-p-conversion-drum-set-caj-kit\\\/#primaryimage\"},\"image\":{\"@id\":\"https:\\\/\\\/www.mexicanguitarplayers.com\\\/tienda\\\/sin categor\u00eda\\\/kit-meinl-p-conversion-drum-set-caj-kit\\\/#primaryimage\"},\"thumbnailUrl\":\"https:\\\/\\\/www.mexicanguitarplayers.com\\\/wp-content\\\/uploads\\\/2025\\\/04\\\/VAMEICAJKIT.jpg\",\"datePublished\":\"2025-04-09T04:26:31+00:00\",\"dateModified\":\"2026-05-01T13:20:47+00:00\",\"description\":\"Kit para convertir tu caj\u00f3n a un peque\u00f1o set de bater\u00eda, huella esc\u00e9nica de bajo perfil, perfecto para shows ac\u00fasticos, jam sessions y shows callejeros, incluye un pedal Direct Drive, un Cajon Snare montable con cubierta de protecci\u00f3n de silicona y multiclamp, un par de platillos HCS de 13\u201d como HiHats, atril Low Hat para contratiempos, multi-rods bamboo flex para caj\u00f3n, manta de caj\u00f3n con bolsillos para accesorios, shakers Luis Conte y funda para caj\u00f3n (NO INCLUYE CAJON).\",\"breadcrumb\":{\"@id\":\"https:\\\/\\\/www.mexicanguitarplayers.com\\\/tienda\\\/sin categor\u00eda\\\/kit-meinl-p-conversion-drum-set-caj-kit\\\/#breadcrumb\"},\"inLanguage\":\"en-US\",\"potentialAction\":[{\"@type\":\"ReadAction\",\"target\":[\"https:\\\/\\\/www.mexicanguitarplayers.com\\\/tienda\\\/sin categor\u00eda\\\/kit-meinl-p-conversion-drum-set-caj-kit\\\/\"]}]},{\"@type\":\"ImageObject\",\"inLanguage\":\"en-US\",\"@id\":\"https:\\\/\\\/www.mexicanguitarplayers.com\\\/tienda\\\/sin categor\u00eda\\\/kit-meinl-p-conversion-drum-set-caj-kit\\\/#primaryimage\",\"url\":\"https:\\\/\\\/www.mexicanguitarplayers.com\\\/wp-content\\\/uploads\\\/2025\\\/04\\\/VAMEICAJKIT.jpg\",\"contentUrl\":\"https:\\\/\\\/www.mexicanguitarplayers.com\\\/wp-content\\\/uploads\\\/2025\\\/04\\\/VAMEICAJKIT.jpg\",\"width\":1200,\"height\":1200},{\"@type\":\"BreadcrumbList\",\"@id\":\"https:\\\/\\\/www.mexicanguitarplayers.com\\\/tienda\\\/sin categor\u00eda\\\/kit-meinl-p-conversion-drum-set-caj-kit\\\/#breadcrumb\",\"itemListElement\":[{\"@type\":\"ListItem\",\"position\":1,\"name\":\"Portada\",\"item\":\"https:\\\/\\\/www.mexicanguitarplayers.com\\\/\"},{\"@type\":\"ListItem\",\"position\":2,\"name\":\"Tienda\",\"item\":\"https:\\\/\\\/www.mexicanguitarplayers.com\\\/tienda\\\/\"},{\"@type\":\"ListItem\",\"position\":3,\"name\":\"KIT MEINL P\\\/CONVERSION DRUM SET CAJ-KIT\"}]},{\"@type\":\"WebSite\",\"@id\":\"https:\\\/\\\/www.mexicanguitarplayers.com\\\/#website\",\"url\":\"https:\\\/\\\/www.mexicanguitarplayers.com\\\/\",\"name\":\"Mexican Guitar Players\",\"description\":\"Website\",\"publisher\":{\"@id\":\"https:\\\/\\\/www.mexicanguitarplayers.com\\\/#organization\"},\"potentialAction\":[{\"@type\":\"SearchAction\",\"target\":{\"@type\":\"EntryPoint\",\"urlTemplate\":\"https:\\\/\\\/www.mexicanguitarplayers.com\\\/?s={search_term_string}\"},\"query-input\":{\"@type\":\"PropertyValueSpecification\",\"valueRequired\":true,\"valueName\":\"search_term_string\"}}],\"inLanguage\":\"en-US\"},{\"@type\":\"Organization\",\"@id\":\"https:\\\/\\\/www.mexicanguitarplayers.com\\\/#organization\",\"name\":\"Mexican Guitar Players\",\"url\":\"https:\\\/\\\/www.mexicanguitarplayers.com\\\/\",\"logo\":{\"@type\":\"ImageObject\",\"inLanguage\":\"en-US\",\"@id\":\"https:\\\/\\\/www.mexicanguitarplayers.com\\\/#\\\/schema\\\/logo\\\/image\\\/\",\"url\":\"\",\"contentUrl\":\"\",\"caption\":\"Mexican Guitar Players\"},\"image\":{\"@id\":\"https:\\\/\\\/www.mexicanguitarplayers.com\\\/#\\\/schema\\\/logo\\\/image\\\/\"}}]}<\/script>\n<!-- \/ Yoast SEO plugin. -->","yoast_head_json":{"title":"KIT MEINL P\/CONVERSION DRUM SET CAJ-KIT - Mexican Guitar Players","description":"Kit para convertir tu caj\u00f3n a un peque\u00f1o set de bater\u00eda, huella esc\u00e9nica de bajo perfil, perfecto para shows ac\u00fasticos, jam sessions y shows callejeros, incluye un pedal Direct Drive, un Cajon Snare montable con cubierta de protecci\u00f3n de silicona y multiclamp, un par de platillos HCS de 13\u201d como HiHats, atril Low Hat para contratiempos, multi-rods bamboo flex para caj\u00f3n, manta de caj\u00f3n con bolsillos para accesorios, shakers Luis Conte y funda para caj\u00f3n (NO INCLUYE CAJON).","robots":{"index":"index","follow":"follow","max-snippet":"max-snippet:-1","max-image-preview":"max-image-preview:large","max-video-preview":"max-video-preview:-1"},"canonical":"https:\/\/www.mexicanguitarplayers.com\/en\/tienda\/sin categor\u00eda\/kit-meinl-p-conversion-drum-set-caj-kit\/","og_locale":"en_US","og_type":"article","og_title":"KIT MEINL P\/CONVERSION DRUM SET CAJ-KIT - Mexican Guitar Players","og_description":"Kit para convertir tu caj\u00f3n a un peque\u00f1o set de bater\u00eda, huella esc\u00e9nica de bajo perfil, perfecto para shows ac\u00fasticos, jam sessions y shows callejeros, incluye un pedal Direct Drive, un Cajon Snare montable con cubierta de protecci\u00f3n de silicona y multiclamp, un par de platillos HCS de 13\u201d como HiHats, atril Low Hat para contratiempos, multi-rods bamboo flex para caj\u00f3n, manta de caj\u00f3n con bolsillos para accesorios, shakers Luis Conte y funda para caj\u00f3n (NO INCLUYE CAJON).","og_url":"https:\/\/www.mexicanguitarplayers.com\/en\/tienda\/sin categor\u00eda\/kit-meinl-p-conversion-drum-set-caj-kit\/","og_site_name":"Mexican Guitar Players","article_modified_time":"2026-05-01T13:20:47+00:00","twitter_card":"summary_large_image","twitter_misc":{"Est. reading time":"1 minute"},"schema":{"@context":"https:\/\/schema.org","@graph":[{"@type":["WebPage","ItemPage"],"@id":"https:\/\/www.mexicanguitarplayers.com\/tienda\/sin categor\u00eda\/kit-meinl-p-conversion-drum-set-caj-kit\/","url":"https:\/\/www.mexicanguitarplayers.com\/tienda\/sin categor\u00eda\/kit-meinl-p-conversion-drum-set-caj-kit\/","name":"KIT MEINL P\/CONVERSION DRUM SET CAJ-KIT - Mexican Guitar Players","isPartOf":{"@id":"https:\/\/www.mexicanguitarplayers.com\/#website"},"primaryImageOfPage":{"@id":"https:\/\/www.mexicanguitarplayers.com\/tienda\/sin categor\u00eda\/kit-meinl-p-conversion-drum-set-caj-kit\/#primaryimage"},"image":{"@id":"https:\/\/www.mexicanguitarplayers.com\/tienda\/sin categor\u00eda\/kit-meinl-p-conversion-drum-set-caj-kit\/#primaryimage"},"thumbnailUrl":"https:\/\/www.mexicanguitarplayers.com\/wp-content\/uploads\/2025\/04\/VAMEICAJKIT.jpg","datePublished":"2025-04-09T04:26:31+00:00","dateModified":"2026-05-01T13:20:47+00:00","description":"Kit para convertir tu caj\u00f3n a un peque\u00f1o set de bater\u00eda, huella esc\u00e9nica de bajo perfil, perfecto para shows ac\u00fasticos, jam sessions y shows callejeros, incluye un pedal Direct Drive, un Cajon Snare montable con cubierta de protecci\u00f3n de silicona y multiclamp, un par de platillos HCS de 13\u201d como HiHats, atril Low Hat para contratiempos, multi-rods bamboo flex para caj\u00f3n, manta de caj\u00f3n con bolsillos para accesorios, shakers Luis Conte y funda para caj\u00f3n (NO INCLUYE CAJON).","breadcrumb":{"@id":"https:\/\/www.mexicanguitarplayers.com\/tienda\/sin categor\u00eda\/kit-meinl-p-conversion-drum-set-caj-kit\/#breadcrumb"},"inLanguage":"en-US","potentialAction":[{"@type":"ReadAction","target":["https:\/\/www.mexicanguitarplayers.com\/tienda\/sin categor\u00eda\/kit-meinl-p-conversion-drum-set-caj-kit\/"]}]},{"@type":"ImageObject","inLanguage":"en-US","@id":"https:\/\/www.mexicanguitarplayers.com\/tienda\/sin categor\u00eda\/kit-meinl-p-conversion-drum-set-caj-kit\/#primaryimage","url":"https:\/\/www.mexicanguitarplayers.com\/wp-content\/uploads\/2025\/04\/VAMEICAJKIT.jpg","contentUrl":"https:\/\/www.mexicanguitarplayers.com\/wp-content\/uploads\/2025\/04\/VAMEICAJKIT.jpg","width":1200,"height":1200},{"@type":"BreadcrumbList","@id":"https:\/\/www.mexicanguitarplayers.com\/tienda\/sin categor\u00eda\/kit-meinl-p-conversion-drum-set-caj-kit\/#breadcrumb","itemListElement":[{"@type":"ListItem","position":1,"name":"Portada","item":"https:\/\/www.mexicanguitarplayers.com\/"},{"@type":"ListItem","position":2,"name":"Tienda","item":"https:\/\/www.mexicanguitarplayers.com\/tienda\/"},{"@type":"ListItem","position":3,"name":"KIT MEINL P\/CONVERSION DRUM SET CAJ-KIT"}]},{"@type":"WebSite","@id":"https:\/\/www.mexicanguitarplayers.com\/#website","url":"https:\/\/www.mexicanguitarplayers.com\/","name":"Mexican Guitar Players","description":"Website","publisher":{"@id":"https:\/\/www.mexicanguitarplayers.com\/#organization"},"potentialAction":[{"@type":"SearchAction","target":{"@type":"EntryPoint","urlTemplate":"https:\/\/www.mexicanguitarplayers.com\/?s={search_term_string}"},"query-input":{"@type":"PropertyValueSpecification","valueRequired":true,"valueName":"search_term_string"}}],"inLanguage":"en-US"},{"@type":"Organization","@id":"https:\/\/www.mexicanguitarplayers.com\/#organization","name":"Mexican Guitar Players","url":"https:\/\/www.mexicanguitarplayers.com\/","logo":{"@type":"ImageObject","inLanguage":"en-US","@id":"https:\/\/www.mexicanguitarplayers.com\/#\/schema\/logo\/image\/","url":"","contentUrl":"","caption":"Mexican Guitar Players"},"image":{"@id":"https:\/\/www.mexicanguitarplayers.com\/#\/schema\/logo\/image\/"}}]}},"brands":[{"id":290,"name":"MEINL","slug":"meinl"}],"_links":{"self":[{"href":"https:\/\/www.mexicanguitarplayers.com\/en\/wp-json\/wp\/v2\/product\/36022","targetHints":{"allow":["GET"]}}],"collection":[{"href":"https:\/\/www.mexicanguitarplayers.com\/en\/wp-json\/wp\/v2\/product"}],"about":[{"href":"https:\/\/www.mexicanguitarplayers.com\/en\/wp-json\/wp\/v2\/types\/product"}],"replies":[{"embeddable":true,"href":"https:\/\/www.mexicanguitarplayers.com\/en\/wp-json\/wp\/v2\/comments?post=36022"}],"wp:featuredmedia":[{"embeddable":true,"href":"https:\/\/www.mexicanguitarplayers.com\/en\/wp-json\/wp\/v2\/media\/36021"}],"wp:attachment":[{"href":"https:\/\/www.mexicanguitarplayers.com\/en\/wp-json\/wp\/v2\/media?parent=36022"}],"wp:term":[{"taxonomy":"pwb-brand","embeddable":true,"href":"https:\/\/www.mexicanguitarplayers.com\/en\/wp-json\/wp\/v2\/pwb-brand?post=36022"},{"taxonomy":"product_brand","embeddable":true,"href":"https:\/\/www.mexicanguitarplayers.com\/en\/wp-json\/wp\/v2\/product_brand?post=36022"},{"taxonomy":"product_cat","embeddable":true,"href":"https:\/\/www.mexicanguitarplayers.com\/en\/wp-json\/wp\/v2\/product_cat?post=36022"},{"taxonomy":"product_tag","embeddable":true,"href":"https:\/\/www.mexicanguitarplayers.com\/en\/wp-json\/wp\/v2\/product_tag?post=36022"}],"curies":[{"name":"wp","href":"https:\/\/api.w.org\/{rel}","templated":true}]}}