{"id":36046,"date":"2025-04-08T22:26:59","date_gmt":"2025-04-09T04:26:59","guid":{"rendered":"https:\/\/www.mexicanguitarplayers.com\/tienda\/sin categor\u00eda\/parche-evans-jgo-mod-epp-ec2shdd-s\/"},"modified":"2026-05-12T13:15:06","modified_gmt":"2026-05-12T19:15:06","slug":"parche-evans-jgo-mod-epp-ec2shdd-s","status":"publish","type":"product","link":"https:\/\/www.mexicanguitarplayers.com\/en\/tienda\/accesorios\/para-bateria\/parches\/paquetes-parches\/parche-evans-jgo-mod-epp-ec2shdd-s\/","title":{"rendered":"PARCHE EVANS (JGO). MOD. EPP-EC2SHDD-S"},"content":{"rendered":"<div style=\"text-align: justify\">\n<div>\n<h3>Optimiza tu ataque y equilibra tu sonido.<\/h3>\n<\/div>\n<div>El parche Evans EC2 cuenta con dos capas de pel\u00edcula pl\u00e1stica de 7 mil\u00e9simas de pulgada. Ataque optimizado, tono, duraci\u00f3n (sustain) y facilidad de ajuste. La tecnolog\u00eda de configuraci\u00f3n de sonido  (SST) de anillo de control montado en el borde inferior, ofrece un sonido muy equilibrado y pre-ecualizado en todo el kit completo, variando el tama\u00f1o del anillo para cada parche de tama\u00f1o diferente. El parche Evans Genera HD Dry para tarola est\u00e1 fabricado con dos capas de pel\u00edcula, una de 5 y otra de 7.5 mil\u00e9simas de pulgada, en combinaci\u00f3n con un anillo de control de arm\u00f3nicos de 2 mil\u00e9simas de pulgada que flota sobre el parche para eliminar el exceso de arm\u00f3nicos y controlar la resonancia.<\/div>\n<div>\n<h4>Quick look<\/h4>\n<\/div>\n<ul style=\"margin: 0px 0px 0px 25px\">\n<li style=\"list-style-type: circle;margin: 5px\">EC2S.<\/li>\n<li style=\"list-style-type: circle;margin: 5px\">HD Dry.<\/li>\n<\/ul>\n<div>\n<div style=\"font-weight: bold\">EC2S.<\/div>\n<div>\n<p>Sistema de control de arm\u00f3nicos: Sistema Sound Shaping. Anillo met\u00e1lico en la orilla para controlar arm\u00f3nicos no deseados, eliminar el sustain y ayudar a conservar la afinaci\u00f3n. Sonido.: Resistencia y sonido que tiende a destacar a los graves. Terminado transparente. Hecho en USA. 2 capas de pel\u00edcula de 7 mil\u00e9simas de pulgada. Ataque optimizado.<\/p>\n<\/div>\n<div style=\"font-weight: bold\">HD Dry.<\/div>\n<div>\n<p>Anillo de control de arm\u00f3nicos de 2 mil\u00e9simas de pulgada: Devuelve un sonido potente, pues el sostenido y la definici\u00f3n del ataque, son inversamente proporcionales. Construido con dos capas de pel\u00edcula, una de 5 y otra de 7.5 mil\u00e9simas de pulgada.<\/p>\n<\/div>\n<\/div>\n<\/div>","protected":false},"excerpt":{"rendered":"<p>Juego de parches Evans EC2S Clear para tom, configuraci\u00f3n: Standard, di\u00e1metro: 12\u201d, 13\u201d y 16\u201d pulgadas, incluye un parche HD Dry de 14\u201d pulgadas para tarola, los parches EC2S est\u00e1n fabricados con dos capas de pel\u00edcula de 7 mil\u00e9simas de pulgada, terminado transparente, sistema Edge Control, anillo sint\u00e9tico controlador de arm\u00f3nicos mejora la afinaci\u00f3n, ofrece sustain medio y brillantez, el parche HD Dry cuenta con superficie rugosa, una capa de pel\u00edcula de 5 y otra de 7.5 mil\u00e9simas de pulgada, perforaciones que aumentan la potencia del sonido, ambos fabricados en USA.&hellip; <a class=\"kt-excerpt-readmore more-link\" href=\"https:\/\/www.mexicanguitarplayers.com\/en\/tienda\/accesorios\/para-bateria\/parches\/paquetes-parches\/parche-evans-jgo-mod-epp-ec2shdd-s\/\">Read more<\/a><\/p>","protected":false},"featured_media":36045,"comment_status":"open","ping_status":"closed","template":"","meta":{"kt_blocks_editor_width":""},"pwb-brand":[366],"product_brand":[],"product_cat":[85,437,306,363],"product_tag":[],"class_list":{"0":"post-36046","1":"product","2":"type-product","3":"status-publish","4":"has-post-thumbnail","6":"pwb-brand-evans","7":"product_cat-accesorios","8":"product_cat-paquetes-parches","9":"product_cat-para-bateria","10":"product_cat-parches","11":"product_shipping_class-0-5-kg","13":"first","14":"outofstock","15":"taxable","16":"shipping-taxable","17":"purchasable","18":"product-type-simple"},"yoast_head":"<!-- This site is optimized with the Yoast SEO plugin v27.6 - https:\/\/yoast.com\/product\/yoast-seo-wordpress\/ -->\n<title>PARCHE EVANS (JGO). MOD. EPP-EC2SHDD-S - Mexican Guitar Players<\/title>\n<meta name=\"description\" content=\"Juego de parches Evans EC2S Clear para tom, configuraci\u00f3n: Standard, di\u00e1metro: 12\u201d, 13\u201d y 16\u201d pulgadas, incluye un parche HD Dry de 14\u201d pulgadas para tarola, los parches EC2S est\u00e1n fabricados con dos capas de pel\u00edcula de 7 mil\u00e9simas de pulgada, terminado transparente, sistema Edge Control, anillo sint\u00e9tico controlador de arm\u00f3nicos mejora la afinaci\u00f3n, ofrece sustain medio y brillantez, el parche HD Dry cuenta con superficie rugosa, una capa de pel\u00edcula de 5 y otra de 7.5 mil\u00e9simas de pulgada, perforaciones que aumentan la potencia del sonido, ambos fabricados en USA.\" \/>\n<meta name=\"robots\" content=\"index, follow, max-snippet:-1, max-image-preview:large, max-video-preview:-1\" \/>\n<link rel=\"canonical\" href=\"https:\/\/www.mexicanguitarplayers.com\/en\/tienda\/sin%20categor\u00eda\/parche-evans-jgo-mod-epp-ec2shdd-s\/\" \/>\n<meta property=\"og:locale\" content=\"en_US\" \/>\n<meta property=\"og:type\" content=\"article\" \/>\n<meta property=\"og:title\" content=\"PARCHE EVANS (JGO). MOD. EPP-EC2SHDD-S - Mexican Guitar Players\" \/>\n<meta property=\"og:description\" content=\"Juego de parches Evans EC2S Clear para tom, configuraci\u00f3n: Standard, di\u00e1metro: 12\u201d, 13\u201d y 16\u201d pulgadas, incluye un parche HD Dry de 14\u201d pulgadas para tarola, los parches EC2S est\u00e1n fabricados con dos capas de pel\u00edcula de 7 mil\u00e9simas de pulgada, terminado transparente, sistema Edge Control, anillo sint\u00e9tico controlador de arm\u00f3nicos mejora la afinaci\u00f3n, ofrece sustain medio y brillantez, el parche HD Dry cuenta con superficie rugosa, una capa de pel\u00edcula de 5 y otra de 7.5 mil\u00e9simas de pulgada, perforaciones que aumentan la potencia del sonido, ambos fabricados en USA.\" \/>\n<meta property=\"og:url\" content=\"https:\/\/www.mexicanguitarplayers.com\/en\/tienda\/sin categor\u00eda\/parche-evans-jgo-mod-epp-ec2shdd-s\/\" \/>\n<meta property=\"og:site_name\" content=\"Mexican Guitar Players\" \/>\n<meta property=\"article:modified_time\" content=\"2026-05-12T19:15:06+00:00\" \/>\n<meta name=\"twitter:card\" content=\"summary_large_image\" \/>\n<meta name=\"twitter:label1\" content=\"Est. reading time\" \/>\n\t<meta name=\"twitter:data1\" content=\"1 minute\" \/>\n<script type=\"application\/ld+json\" class=\"yoast-schema-graph\">{\"@context\":\"https:\\\/\\\/schema.org\",\"@graph\":[{\"@type\":[\"WebPage\",\"ItemPage\"],\"@id\":\"https:\\\/\\\/www.mexicanguitarplayers.com\\\/tienda\\\/sin categor\u00eda\\\/parche-evans-jgo-mod-epp-ec2shdd-s\\\/\",\"url\":\"https:\\\/\\\/www.mexicanguitarplayers.com\\\/tienda\\\/sin categor\u00eda\\\/parche-evans-jgo-mod-epp-ec2shdd-s\\\/\",\"name\":\"PARCHE EVANS (JGO). MOD. EPP-EC2SHDD-S - Mexican Guitar Players\",\"isPartOf\":{\"@id\":\"https:\\\/\\\/www.mexicanguitarplayers.com\\\/#website\"},\"primaryImageOfPage\":{\"@id\":\"https:\\\/\\\/www.mexicanguitarplayers.com\\\/tienda\\\/sin categor\u00eda\\\/parche-evans-jgo-mod-epp-ec2shdd-s\\\/#primaryimage\"},\"image\":{\"@id\":\"https:\\\/\\\/www.mexicanguitarplayers.com\\\/tienda\\\/sin categor\u00eda\\\/parche-evans-jgo-mod-epp-ec2shdd-s\\\/#primaryimage\"},\"thumbnailUrl\":\"https:\\\/\\\/www.mexicanguitarplayers.com\\\/wp-content\\\/uploads\\\/2025\\\/04\\\/RAEVAPEC2SHDDS.jpg\",\"datePublished\":\"2025-04-09T04:26:59+00:00\",\"dateModified\":\"2026-05-12T19:15:06+00:00\",\"description\":\"Juego de parches Evans EC2S Clear para tom, configuraci\u00f3n: Standard, di\u00e1metro: 12\u201d, 13\u201d y 16\u201d pulgadas, incluye un parche HD Dry de 14\u201d pulgadas para tarola, los parches EC2S est\u00e1n fabricados con dos capas de pel\u00edcula de 7 mil\u00e9simas de pulgada, terminado transparente, sistema Edge Control, anillo sint\u00e9tico controlador de arm\u00f3nicos mejora la afinaci\u00f3n, ofrece sustain medio y brillantez, el parche HD Dry cuenta con superficie rugosa, una capa de pel\u00edcula de 5 y otra de 7.5 mil\u00e9simas de pulgada, perforaciones que aumentan la potencia del sonido, ambos fabricados en USA.\",\"breadcrumb\":{\"@id\":\"https:\\\/\\\/www.mexicanguitarplayers.com\\\/tienda\\\/sin categor\u00eda\\\/parche-evans-jgo-mod-epp-ec2shdd-s\\\/#breadcrumb\"},\"inLanguage\":\"en-US\",\"potentialAction\":[{\"@type\":\"ReadAction\",\"target\":[\"https:\\\/\\\/www.mexicanguitarplayers.com\\\/tienda\\\/sin categor\u00eda\\\/parche-evans-jgo-mod-epp-ec2shdd-s\\\/\"]}]},{\"@type\":\"ImageObject\",\"inLanguage\":\"en-US\",\"@id\":\"https:\\\/\\\/www.mexicanguitarplayers.com\\\/tienda\\\/sin categor\u00eda\\\/parche-evans-jgo-mod-epp-ec2shdd-s\\\/#primaryimage\",\"url\":\"https:\\\/\\\/www.mexicanguitarplayers.com\\\/wp-content\\\/uploads\\\/2025\\\/04\\\/RAEVAPEC2SHDDS.jpg\",\"contentUrl\":\"https:\\\/\\\/www.mexicanguitarplayers.com\\\/wp-content\\\/uploads\\\/2025\\\/04\\\/RAEVAPEC2SHDDS.jpg\",\"width\":1600,\"height\":800},{\"@type\":\"BreadcrumbList\",\"@id\":\"https:\\\/\\\/www.mexicanguitarplayers.com\\\/tienda\\\/sin categor\u00eda\\\/parche-evans-jgo-mod-epp-ec2shdd-s\\\/#breadcrumb\",\"itemListElement\":[{\"@type\":\"ListItem\",\"position\":1,\"name\":\"Portada\",\"item\":\"https:\\\/\\\/www.mexicanguitarplayers.com\\\/\"},{\"@type\":\"ListItem\",\"position\":2,\"name\":\"Tienda\",\"item\":\"https:\\\/\\\/www.mexicanguitarplayers.com\\\/tienda\\\/\"},{\"@type\":\"ListItem\",\"position\":3,\"name\":\"PARCHE EVANS (JGO). MOD. EPP-EC2SHDD-S\"}]},{\"@type\":\"WebSite\",\"@id\":\"https:\\\/\\\/www.mexicanguitarplayers.com\\\/#website\",\"url\":\"https:\\\/\\\/www.mexicanguitarplayers.com\\\/\",\"name\":\"Mexican Guitar Players\",\"description\":\"Website\",\"publisher\":{\"@id\":\"https:\\\/\\\/www.mexicanguitarplayers.com\\\/#organization\"},\"potentialAction\":[{\"@type\":\"SearchAction\",\"target\":{\"@type\":\"EntryPoint\",\"urlTemplate\":\"https:\\\/\\\/www.mexicanguitarplayers.com\\\/?s={search_term_string}\"},\"query-input\":{\"@type\":\"PropertyValueSpecification\",\"valueRequired\":true,\"valueName\":\"search_term_string\"}}],\"inLanguage\":\"en-US\"},{\"@type\":\"Organization\",\"@id\":\"https:\\\/\\\/www.mexicanguitarplayers.com\\\/#organization\",\"name\":\"Mexican Guitar Players\",\"url\":\"https:\\\/\\\/www.mexicanguitarplayers.com\\\/\",\"logo\":{\"@type\":\"ImageObject\",\"inLanguage\":\"en-US\",\"@id\":\"https:\\\/\\\/www.mexicanguitarplayers.com\\\/#\\\/schema\\\/logo\\\/image\\\/\",\"url\":\"\",\"contentUrl\":\"\",\"caption\":\"Mexican Guitar Players\"},\"image\":{\"@id\":\"https:\\\/\\\/www.mexicanguitarplayers.com\\\/#\\\/schema\\\/logo\\\/image\\\/\"}}]}<\/script>\n<!-- \/ Yoast SEO plugin. -->","yoast_head_json":{"title":"PARCHE EVANS (JGO). MOD. EPP-EC2SHDD-S - Mexican Guitar Players","description":"Juego de parches Evans EC2S Clear para tom, configuraci\u00f3n: Standard, di\u00e1metro: 12\u201d, 13\u201d y 16\u201d pulgadas, incluye un parche HD Dry de 14\u201d pulgadas para tarola, los parches EC2S est\u00e1n fabricados con dos capas de pel\u00edcula de 7 mil\u00e9simas de pulgada, terminado transparente, sistema Edge Control, anillo sint\u00e9tico controlador de arm\u00f3nicos mejora la afinaci\u00f3n, ofrece sustain medio y brillantez, el parche HD Dry cuenta con superficie rugosa, una capa de pel\u00edcula de 5 y otra de 7.5 mil\u00e9simas de pulgada, perforaciones que aumentan la potencia del sonido, ambos fabricados en USA.","robots":{"index":"index","follow":"follow","max-snippet":"max-snippet:-1","max-image-preview":"max-image-preview:large","max-video-preview":"max-video-preview:-1"},"canonical":"https:\/\/www.mexicanguitarplayers.com\/en\/tienda\/sin categor\u00eda\/parche-evans-jgo-mod-epp-ec2shdd-s\/","og_locale":"en_US","og_type":"article","og_title":"PARCHE EVANS (JGO). MOD. EPP-EC2SHDD-S - Mexican Guitar Players","og_description":"Juego de parches Evans EC2S Clear para tom, configuraci\u00f3n: Standard, di\u00e1metro: 12\u201d, 13\u201d y 16\u201d pulgadas, incluye un parche HD Dry de 14\u201d pulgadas para tarola, los parches EC2S est\u00e1n fabricados con dos capas de pel\u00edcula de 7 mil\u00e9simas de pulgada, terminado transparente, sistema Edge Control, anillo sint\u00e9tico controlador de arm\u00f3nicos mejora la afinaci\u00f3n, ofrece sustain medio y brillantez, el parche HD Dry cuenta con superficie rugosa, una capa de pel\u00edcula de 5 y otra de 7.5 mil\u00e9simas de pulgada, perforaciones que aumentan la potencia del sonido, ambos fabricados en USA.","og_url":"https:\/\/www.mexicanguitarplayers.com\/en\/tienda\/sin categor\u00eda\/parche-evans-jgo-mod-epp-ec2shdd-s\/","og_site_name":"Mexican Guitar Players","article_modified_time":"2026-05-12T19:15:06+00:00","twitter_card":"summary_large_image","twitter_misc":{"Est. reading time":"1 minute"},"schema":{"@context":"https:\/\/schema.org","@graph":[{"@type":["WebPage","ItemPage"],"@id":"https:\/\/www.mexicanguitarplayers.com\/tienda\/sin categor\u00eda\/parche-evans-jgo-mod-epp-ec2shdd-s\/","url":"https:\/\/www.mexicanguitarplayers.com\/tienda\/sin categor\u00eda\/parche-evans-jgo-mod-epp-ec2shdd-s\/","name":"PARCHE EVANS (JGO). MOD. EPP-EC2SHDD-S - Mexican Guitar Players","isPartOf":{"@id":"https:\/\/www.mexicanguitarplayers.com\/#website"},"primaryImageOfPage":{"@id":"https:\/\/www.mexicanguitarplayers.com\/tienda\/sin categor\u00eda\/parche-evans-jgo-mod-epp-ec2shdd-s\/#primaryimage"},"image":{"@id":"https:\/\/www.mexicanguitarplayers.com\/tienda\/sin categor\u00eda\/parche-evans-jgo-mod-epp-ec2shdd-s\/#primaryimage"},"thumbnailUrl":"https:\/\/www.mexicanguitarplayers.com\/wp-content\/uploads\/2025\/04\/RAEVAPEC2SHDDS.jpg","datePublished":"2025-04-09T04:26:59+00:00","dateModified":"2026-05-12T19:15:06+00:00","description":"Juego de parches Evans EC2S Clear para tom, configuraci\u00f3n: Standard, di\u00e1metro: 12\u201d, 13\u201d y 16\u201d pulgadas, incluye un parche HD Dry de 14\u201d pulgadas para tarola, los parches EC2S est\u00e1n fabricados con dos capas de pel\u00edcula de 7 mil\u00e9simas de pulgada, terminado transparente, sistema Edge Control, anillo sint\u00e9tico controlador de arm\u00f3nicos mejora la afinaci\u00f3n, ofrece sustain medio y brillantez, el parche HD Dry cuenta con superficie rugosa, una capa de pel\u00edcula de 5 y otra de 7.5 mil\u00e9simas de pulgada, perforaciones que aumentan la potencia del sonido, ambos fabricados en USA.","breadcrumb":{"@id":"https:\/\/www.mexicanguitarplayers.com\/tienda\/sin categor\u00eda\/parche-evans-jgo-mod-epp-ec2shdd-s\/#breadcrumb"},"inLanguage":"en-US","potentialAction":[{"@type":"ReadAction","target":["https:\/\/www.mexicanguitarplayers.com\/tienda\/sin categor\u00eda\/parche-evans-jgo-mod-epp-ec2shdd-s\/"]}]},{"@type":"ImageObject","inLanguage":"en-US","@id":"https:\/\/www.mexicanguitarplayers.com\/tienda\/sin categor\u00eda\/parche-evans-jgo-mod-epp-ec2shdd-s\/#primaryimage","url":"https:\/\/www.mexicanguitarplayers.com\/wp-content\/uploads\/2025\/04\/RAEVAPEC2SHDDS.jpg","contentUrl":"https:\/\/www.mexicanguitarplayers.com\/wp-content\/uploads\/2025\/04\/RAEVAPEC2SHDDS.jpg","width":1600,"height":800},{"@type":"BreadcrumbList","@id":"https:\/\/www.mexicanguitarplayers.com\/tienda\/sin categor\u00eda\/parche-evans-jgo-mod-epp-ec2shdd-s\/#breadcrumb","itemListElement":[{"@type":"ListItem","position":1,"name":"Portada","item":"https:\/\/www.mexicanguitarplayers.com\/"},{"@type":"ListItem","position":2,"name":"Tienda","item":"https:\/\/www.mexicanguitarplayers.com\/tienda\/"},{"@type":"ListItem","position":3,"name":"PARCHE EVANS (JGO). MOD. EPP-EC2SHDD-S"}]},{"@type":"WebSite","@id":"https:\/\/www.mexicanguitarplayers.com\/#website","url":"https:\/\/www.mexicanguitarplayers.com\/","name":"Mexican Guitar Players","description":"Website","publisher":{"@id":"https:\/\/www.mexicanguitarplayers.com\/#organization"},"potentialAction":[{"@type":"SearchAction","target":{"@type":"EntryPoint","urlTemplate":"https:\/\/www.mexicanguitarplayers.com\/?s={search_term_string}"},"query-input":{"@type":"PropertyValueSpecification","valueRequired":true,"valueName":"search_term_string"}}],"inLanguage":"en-US"},{"@type":"Organization","@id":"https:\/\/www.mexicanguitarplayers.com\/#organization","name":"Mexican Guitar Players","url":"https:\/\/www.mexicanguitarplayers.com\/","logo":{"@type":"ImageObject","inLanguage":"en-US","@id":"https:\/\/www.mexicanguitarplayers.com\/#\/schema\/logo\/image\/","url":"","contentUrl":"","caption":"Mexican Guitar Players"},"image":{"@id":"https:\/\/www.mexicanguitarplayers.com\/#\/schema\/logo\/image\/"}}]}},"brands":[{"id":366,"name":"EVANS","slug":"evans"}],"_links":{"self":[{"href":"https:\/\/www.mexicanguitarplayers.com\/en\/wp-json\/wp\/v2\/product\/36046","targetHints":{"allow":["GET"]}}],"collection":[{"href":"https:\/\/www.mexicanguitarplayers.com\/en\/wp-json\/wp\/v2\/product"}],"about":[{"href":"https:\/\/www.mexicanguitarplayers.com\/en\/wp-json\/wp\/v2\/types\/product"}],"replies":[{"embeddable":true,"href":"https:\/\/www.mexicanguitarplayers.com\/en\/wp-json\/wp\/v2\/comments?post=36046"}],"wp:featuredmedia":[{"embeddable":true,"href":"https:\/\/www.mexicanguitarplayers.com\/en\/wp-json\/wp\/v2\/media\/36045"}],"wp:attachment":[{"href":"https:\/\/www.mexicanguitarplayers.com\/en\/wp-json\/wp\/v2\/media?parent=36046"}],"wp:term":[{"taxonomy":"pwb-brand","embeddable":true,"href":"https:\/\/www.mexicanguitarplayers.com\/en\/wp-json\/wp\/v2\/pwb-brand?post=36046"},{"taxonomy":"product_brand","embeddable":true,"href":"https:\/\/www.mexicanguitarplayers.com\/en\/wp-json\/wp\/v2\/product_brand?post=36046"},{"taxonomy":"product_cat","embeddable":true,"href":"https:\/\/www.mexicanguitarplayers.com\/en\/wp-json\/wp\/v2\/product_cat?post=36046"},{"taxonomy":"product_tag","embeddable":true,"href":"https:\/\/www.mexicanguitarplayers.com\/en\/wp-json\/wp\/v2\/product_tag?post=36046"}],"curies":[{"name":"wp","href":"https:\/\/api.w.org\/{rel}","templated":true}]}}