{"id":36057,"date":"2025-04-08T22:27:18","date_gmt":"2025-04-09T04:27:18","guid":{"rendered":"https:\/\/www.mexicanguitarplayers.com\/tienda\/sin categor\u00eda\/ukelele-flight-concierto-auc-33-orchid\/"},"modified":"2026-04-10T04:27:21","modified_gmt":"2026-04-10T10:27:21","slug":"ukelele-flight-concierto-auc-33-orchid","status":"publish","type":"product","link":"https:\/\/www.mexicanguitarplayers.com\/en\/tienda\/cuerdas\/folkloricos-y-regionales\/ukelele-flight-concierto-auc-33-orchid\/","title":{"rendered":"UKELELE FLIGHT CONCIERTO  AUC-33 ORCHID"},"content":{"rendered":"<div style=\"text-align: justify\">\n<div>\n<h3>Dise\u00f1o nuevo, sonido nuevo.<\/h3>\n<\/div>\n<div>El ukelele concierto AUC-33 Orchid de Flight presenta un impresionante dise\u00f1o de orqu\u00eddeas. Con este hermoso ukelele no hay necesidad de visitar un jard\u00edn bot\u00e1nico para obtener tu arreglo floral, en cambio, puedes recrear la sensaci\u00f3n de  un jard\u00edn de flores en tu hogar y tambi\u00e9n cantar sobre ellas. Es incre\u00edblemente satisfactorio contemplar las flores y apreciar la belleza de la naturaleza. De la misma manera, estamos seguros de que no podr\u00e1s dejar de tocar o tomarle fotos a este ukelele. Para una colecci\u00f3n muy especial, puedes combinarlo con el ukelele AUC-33 Jungle de Flight. El resultado es asombroso: magn\u00edficos ukeleles con un sonido c\u00e1lido y fuerte que no te llevar\u00e1n a la ruina. Y como todos los ukeleles Flight, cada ukelele de la serie ART incluye una fant\u00e1stica funda Flight.<\/div>\n<div>\n<h4>Quick look<\/h4>\n<\/div>\n<ul style=\"margin: 0px 0px 0px 25px\">\n<li style=\"list-style-type: circle;margin: 5px\">Miradas impresionantes.<\/li>\n<li style=\"list-style-type: circle;margin: 5px\">Vamos a tocar.<\/li>\n<li style=\"list-style-type: circle;margin: 5px\">Abrocha tu cintur\u00f3n de seguridad.<\/li>\n<li style=\"list-style-type: circle;margin: 5px\">Calidad perfecta de tono.<\/li>\n<li style=\"list-style-type: circle;margin: 5px\">Todo comienza con el cabezal.<\/li>\n<li style=\"list-style-type: circle;margin: 5px\">Funda ligera y elegante.<\/li>\n<li style=\"list-style-type: circle;margin: 5px\">Folleto instruccional.<\/li>\n<\/ul>\n<div>\n<div style=\"font-weight: bold\">Miradas impresionantes.<\/div>\n<div>\n<p>Cuerpo de caoba laminada con un incre\u00edble dise\u00f1o de tapa arm\u00f3nica de abeto. En esencia, el AUC-33 Orchid es un excelente ukelele de caoba laminada, pero presenta un arte incre\u00edble en la caja de resonancia. No se han tomado atajos con el dise\u00f1o de estos instrumentos, suenan y se tocan tan bien como se ven.<\/p>\n<\/div>\n<div style=\"font-weight: bold\">Vamos a tocar.<\/div>\n<div>\n<p>Brazo de okoume y diapas\u00f3n de nogal. El brazo del AUC-33 est\u00e1 hecho de okoume africano y el diapas\u00f3n es de nogal. Esta es una gran combinaci\u00f3n que garantiza una afinaci\u00f3n estable en todo el diapas\u00f3n. El brazo se siente incre\u00edble en tus manos y se ve fant\u00e1stico.<\/p>\n<\/div>\n<div style=\"font-weight: bold\">Abrocha tu cintur\u00f3n de seguridad.<\/div>\n<div>\n<p>Bot\u00f3n de tahal\u00ed. Por supuesto, es bueno aprender a tocar el ukelele sin usar un tahal\u00ed, pero \u00bfpor qu\u00e9 no usar un tahal\u00ed si puedes tener ambas formas? El tahal\u00ed hace que sostener el ukelele sea m\u00e1s f\u00e1cil para que puedas seguir tocando durante horas. Tambi\u00e9n te permite tener las &#8220;manos libres&#8221; entre canciones. En Flight nos preocupamos por la comodidad de nuestros &#8220;Flighters&#8221;, por eso comenzamos a agregar botones de tahal\u00ed a todos nuestros ukeleles.<\/p>\n<\/div>\n<div style=\"font-weight: bold\">Calidad perfecta de tono.<\/div>\n<div>\n<p>Cejuela de hueso y puente de nogal. La cejuela puede parecer un componente peque\u00f1o, pero juega un papel fundamental en el sonio general de un instrumento. La cejuela y la montura de este ukelele est\u00e1n hechos de hueso (no de pl\u00e1stico), lo que da como resultado una mejor calidad de sonido.<\/p>\n<\/div>\n<div style=\"font-weight: bold\">Todo comienza con el cabezal.<\/div>\n<div>\n<p>Bonito y f\u00e1cil de afinar. El dise\u00f1o del clavijero es una parte integral de nuestra identidad. Todos los ukeleles Flight cuentan con un clavijero cuidadosamente dise\u00f1ado, equipado con afinadores de engranajes que siempre se mantendr\u00e1n afinados.<\/p>\n<\/div>\n<div style=\"font-weight: bold\">Funda ligera y elegante.<\/div>\n<div>\n<p>Viaja seguro. Ligeras y elegantes, pero ofreciendo una excelente protecci\u00f3n para tu ukelele, las fundas Flight se han vuelto legendarias. Todos los ukeleles de Flight se env\u00edan con una funda y la que se incluye con el AUC-33 es la funda est\u00e1ndar de Flight con 5 mm de acolchado, bolsillo frontal, asas y correa tipo mochila.<\/p>\n<\/div>\n<div style=\"font-weight: bold\">Folleto instruccional.<\/div>\n<div>\n<p>Aprende con estilo. Incluimos un folleto de ocho p\u00e1ginas para ayudarte en el camino hacia la futura fama del ukelele. Est\u00e1 repleto de toda la informaci\u00f3n necesaria para un inicio r\u00e1pido, incluidas tablas de acordes, patrones de rasgueo y progresiones de acordes.<\/p>\n<\/div>\n<\/div>\n<\/div>","protected":false},"excerpt":{"rendered":"<p>Ukelele tama\u00f1o concierto, 17 trastes, tapa de abeto laminado, aros y fondo de caoba laminada, puente de nogal, brazo de okoume africano, diapas\u00f3n de nogal, cejuela y montura de hueso, ancho de la cejuela: 35 mm, marcadores de posici\u00f3n en los trastes 5, 7, 10, 12, 15 y 17, espalda arqueada, afinadores con engranaje abierto, dise\u00f1o en la caja de resonancia, cuerdas de alta calidad, marcadores de posici\u00f3n lateral, incluye funda.&hellip; <a class=\"kt-excerpt-readmore more-link\" href=\"https:\/\/www.mexicanguitarplayers.com\/en\/tienda\/cuerdas\/folkloricos-y-regionales\/ukelele-flight-concierto-auc-33-orchid\/\">Read more<\/a><\/p>","protected":false},"featured_media":36047,"comment_status":"open","ping_status":"closed","template":"","meta":{"kt_blocks_editor_width":""},"pwb-brand":[322],"product_brand":[],"product_cat":[224,320],"product_tag":[],"class_list":{"0":"post-36057","1":"product","2":"type-product","3":"status-publish","4":"has-post-thumbnail","6":"pwb-brand-flight","7":"product_cat-cuerdas","8":"product_cat-folkloricos-y-regionales","9":"product_shipping_class-0-5-kg","11":"first","12":"outofstock","13":"taxable","14":"shipping-taxable","15":"purchasable","16":"product-type-simple"},"yoast_head":"<!-- This site is optimized with the Yoast SEO plugin v27.6 - https:\/\/yoast.com\/product\/yoast-seo-wordpress\/ -->\n<title>UKELELE FLIGHT CONCIERTO AUC-33 ORCHID - Mexican Guitar Players<\/title>\n<meta name=\"description\" content=\"Ukelele tama\u00f1o concierto, 17 trastes, tapa de abeto laminado, aros y fondo de caoba laminada, puente de nogal, brazo de okoume africano, diapas\u00f3n de nogal, cejuela y montura de hueso, ancho de la cejuela: 35 mm, marcadores de posici\u00f3n en los trastes 5, 7, 10, 12, 15 y 17, espalda arqueada, afinadores con engranaje abierto, dise\u00f1o en la caja de resonancia, cuerdas de alta calidad, marcadores de posici\u00f3n lateral, incluye funda.\" \/>\n<meta name=\"robots\" content=\"index, follow, max-snippet:-1, max-image-preview:large, max-video-preview:-1\" \/>\n<link rel=\"canonical\" href=\"https:\/\/www.mexicanguitarplayers.com\/en\/tienda\/sin%20categor\u00eda\/ukelele-flight-concierto-auc-33-orchid\/\" \/>\n<meta property=\"og:locale\" content=\"en_US\" \/>\n<meta property=\"og:type\" content=\"article\" \/>\n<meta property=\"og:title\" content=\"UKELELE FLIGHT CONCIERTO AUC-33 ORCHID - Mexican Guitar Players\" \/>\n<meta property=\"og:description\" content=\"Ukelele tama\u00f1o concierto, 17 trastes, tapa de abeto laminado, aros y fondo de caoba laminada, puente de nogal, brazo de okoume africano, diapas\u00f3n de nogal, cejuela y montura de hueso, ancho de la cejuela: 35 mm, marcadores de posici\u00f3n en los trastes 5, 7, 10, 12, 15 y 17, espalda arqueada, afinadores con engranaje abierto, dise\u00f1o en la caja de resonancia, cuerdas de alta calidad, marcadores de posici\u00f3n lateral, incluye funda.\" \/>\n<meta property=\"og:url\" content=\"https:\/\/www.mexicanguitarplayers.com\/en\/tienda\/sin categor\u00eda\/ukelele-flight-concierto-auc-33-orchid\/\" \/>\n<meta property=\"og:site_name\" content=\"Mexican Guitar Players\" \/>\n<meta property=\"article:modified_time\" content=\"2026-04-10T10:27:21+00:00\" \/>\n<meta name=\"twitter:card\" content=\"summary_large_image\" \/>\n<meta name=\"twitter:label1\" content=\"Est. reading time\" \/>\n\t<meta name=\"twitter:data1\" content=\"3 minutes\" \/>\n<script type=\"application\/ld+json\" class=\"yoast-schema-graph\">{\"@context\":\"https:\\\/\\\/schema.org\",\"@graph\":[{\"@type\":[\"WebPage\",\"ItemPage\"],\"@id\":\"https:\\\/\\\/www.mexicanguitarplayers.com\\\/tienda\\\/sin categor\u00eda\\\/ukelele-flight-concierto-auc-33-orchid\\\/\",\"url\":\"https:\\\/\\\/www.mexicanguitarplayers.com\\\/tienda\\\/sin categor\u00eda\\\/ukelele-flight-concierto-auc-33-orchid\\\/\",\"name\":\"UKELELE FLIGHT CONCIERTO AUC-33 ORCHID - Mexican Guitar Players\",\"isPartOf\":{\"@id\":\"https:\\\/\\\/www.mexicanguitarplayers.com\\\/#website\"},\"primaryImageOfPage\":{\"@id\":\"https:\\\/\\\/www.mexicanguitarplayers.com\\\/tienda\\\/sin categor\u00eda\\\/ukelele-flight-concierto-auc-33-orchid\\\/#primaryimage\"},\"image\":{\"@id\":\"https:\\\/\\\/www.mexicanguitarplayers.com\\\/tienda\\\/sin categor\u00eda\\\/ukelele-flight-concierto-auc-33-orchid\\\/#primaryimage\"},\"thumbnailUrl\":\"https:\\\/\\\/www.mexicanguitarplayers.com\\\/wp-content\\\/uploads\\\/2025\\\/04\\\/ISFLIAUC33ORCH.jpg\",\"datePublished\":\"2025-04-09T04:27:18+00:00\",\"dateModified\":\"2026-04-10T10:27:21+00:00\",\"description\":\"Ukelele tama\u00f1o concierto, 17 trastes, tapa de abeto laminado, aros y fondo de caoba laminada, puente de nogal, brazo de okoume africano, diapas\u00f3n de nogal, cejuela y montura de hueso, ancho de la cejuela: 35 mm, marcadores de posici\u00f3n en los trastes 5, 7, 10, 12, 15 y 17, espalda arqueada, afinadores con engranaje abierto, dise\u00f1o en la caja de resonancia, cuerdas de alta calidad, marcadores de posici\u00f3n lateral, incluye funda.\",\"breadcrumb\":{\"@id\":\"https:\\\/\\\/www.mexicanguitarplayers.com\\\/tienda\\\/sin categor\u00eda\\\/ukelele-flight-concierto-auc-33-orchid\\\/#breadcrumb\"},\"inLanguage\":\"en-US\",\"potentialAction\":[{\"@type\":\"ReadAction\",\"target\":[\"https:\\\/\\\/www.mexicanguitarplayers.com\\\/tienda\\\/sin categor\u00eda\\\/ukelele-flight-concierto-auc-33-orchid\\\/\"]}]},{\"@type\":\"ImageObject\",\"inLanguage\":\"en-US\",\"@id\":\"https:\\\/\\\/www.mexicanguitarplayers.com\\\/tienda\\\/sin categor\u00eda\\\/ukelele-flight-concierto-auc-33-orchid\\\/#primaryimage\",\"url\":\"https:\\\/\\\/www.mexicanguitarplayers.com\\\/wp-content\\\/uploads\\\/2025\\\/04\\\/ISFLIAUC33ORCH.jpg\",\"contentUrl\":\"https:\\\/\\\/www.mexicanguitarplayers.com\\\/wp-content\\\/uploads\\\/2025\\\/04\\\/ISFLIAUC33ORCH.jpg\",\"width\":1200,\"height\":1200},{\"@type\":\"BreadcrumbList\",\"@id\":\"https:\\\/\\\/www.mexicanguitarplayers.com\\\/tienda\\\/sin categor\u00eda\\\/ukelele-flight-concierto-auc-33-orchid\\\/#breadcrumb\",\"itemListElement\":[{\"@type\":\"ListItem\",\"position\":1,\"name\":\"Portada\",\"item\":\"https:\\\/\\\/www.mexicanguitarplayers.com\\\/\"},{\"@type\":\"ListItem\",\"position\":2,\"name\":\"Tienda\",\"item\":\"https:\\\/\\\/www.mexicanguitarplayers.com\\\/tienda\\\/\"},{\"@type\":\"ListItem\",\"position\":3,\"name\":\"UKELELE FLIGHT CONCIERTO AUC-33 ORCHID\"}]},{\"@type\":\"WebSite\",\"@id\":\"https:\\\/\\\/www.mexicanguitarplayers.com\\\/#website\",\"url\":\"https:\\\/\\\/www.mexicanguitarplayers.com\\\/\",\"name\":\"Mexican Guitar Players\",\"description\":\"Website\",\"publisher\":{\"@id\":\"https:\\\/\\\/www.mexicanguitarplayers.com\\\/#organization\"},\"potentialAction\":[{\"@type\":\"SearchAction\",\"target\":{\"@type\":\"EntryPoint\",\"urlTemplate\":\"https:\\\/\\\/www.mexicanguitarplayers.com\\\/?s={search_term_string}\"},\"query-input\":{\"@type\":\"PropertyValueSpecification\",\"valueRequired\":true,\"valueName\":\"search_term_string\"}}],\"inLanguage\":\"en-US\"},{\"@type\":\"Organization\",\"@id\":\"https:\\\/\\\/www.mexicanguitarplayers.com\\\/#organization\",\"name\":\"Mexican Guitar Players\",\"url\":\"https:\\\/\\\/www.mexicanguitarplayers.com\\\/\",\"logo\":{\"@type\":\"ImageObject\",\"inLanguage\":\"en-US\",\"@id\":\"https:\\\/\\\/www.mexicanguitarplayers.com\\\/#\\\/schema\\\/logo\\\/image\\\/\",\"url\":\"\",\"contentUrl\":\"\",\"caption\":\"Mexican Guitar Players\"},\"image\":{\"@id\":\"https:\\\/\\\/www.mexicanguitarplayers.com\\\/#\\\/schema\\\/logo\\\/image\\\/\"}}]}<\/script>\n<!-- \/ Yoast SEO plugin. -->","yoast_head_json":{"title":"UKELELE FLIGHT CONCIERTO AUC-33 ORCHID - Mexican Guitar Players","description":"Ukelele tama\u00f1o concierto, 17 trastes, tapa de abeto laminado, aros y fondo de caoba laminada, puente de nogal, brazo de okoume africano, diapas\u00f3n de nogal, cejuela y montura de hueso, ancho de la cejuela: 35 mm, marcadores de posici\u00f3n en los trastes 5, 7, 10, 12, 15 y 17, espalda arqueada, afinadores con engranaje abierto, dise\u00f1o en la caja de resonancia, cuerdas de alta calidad, marcadores de posici\u00f3n lateral, incluye funda.","robots":{"index":"index","follow":"follow","max-snippet":"max-snippet:-1","max-image-preview":"max-image-preview:large","max-video-preview":"max-video-preview:-1"},"canonical":"https:\/\/www.mexicanguitarplayers.com\/en\/tienda\/sin categor\u00eda\/ukelele-flight-concierto-auc-33-orchid\/","og_locale":"en_US","og_type":"article","og_title":"UKELELE FLIGHT CONCIERTO AUC-33 ORCHID - Mexican Guitar Players","og_description":"Ukelele tama\u00f1o concierto, 17 trastes, tapa de abeto laminado, aros y fondo de caoba laminada, puente de nogal, brazo de okoume africano, diapas\u00f3n de nogal, cejuela y montura de hueso, ancho de la cejuela: 35 mm, marcadores de posici\u00f3n en los trastes 5, 7, 10, 12, 15 y 17, espalda arqueada, afinadores con engranaje abierto, dise\u00f1o en la caja de resonancia, cuerdas de alta calidad, marcadores de posici\u00f3n lateral, incluye funda.","og_url":"https:\/\/www.mexicanguitarplayers.com\/en\/tienda\/sin categor\u00eda\/ukelele-flight-concierto-auc-33-orchid\/","og_site_name":"Mexican Guitar Players","article_modified_time":"2026-04-10T10:27:21+00:00","twitter_card":"summary_large_image","twitter_misc":{"Est. reading time":"3 minutes"},"schema":{"@context":"https:\/\/schema.org","@graph":[{"@type":["WebPage","ItemPage"],"@id":"https:\/\/www.mexicanguitarplayers.com\/tienda\/sin categor\u00eda\/ukelele-flight-concierto-auc-33-orchid\/","url":"https:\/\/www.mexicanguitarplayers.com\/tienda\/sin categor\u00eda\/ukelele-flight-concierto-auc-33-orchid\/","name":"UKELELE FLIGHT CONCIERTO AUC-33 ORCHID - Mexican Guitar Players","isPartOf":{"@id":"https:\/\/www.mexicanguitarplayers.com\/#website"},"primaryImageOfPage":{"@id":"https:\/\/www.mexicanguitarplayers.com\/tienda\/sin categor\u00eda\/ukelele-flight-concierto-auc-33-orchid\/#primaryimage"},"image":{"@id":"https:\/\/www.mexicanguitarplayers.com\/tienda\/sin categor\u00eda\/ukelele-flight-concierto-auc-33-orchid\/#primaryimage"},"thumbnailUrl":"https:\/\/www.mexicanguitarplayers.com\/wp-content\/uploads\/2025\/04\/ISFLIAUC33ORCH.jpg","datePublished":"2025-04-09T04:27:18+00:00","dateModified":"2026-04-10T10:27:21+00:00","description":"Ukelele tama\u00f1o concierto, 17 trastes, tapa de abeto laminado, aros y fondo de caoba laminada, puente de nogal, brazo de okoume africano, diapas\u00f3n de nogal, cejuela y montura de hueso, ancho de la cejuela: 35 mm, marcadores de posici\u00f3n en los trastes 5, 7, 10, 12, 15 y 17, espalda arqueada, afinadores con engranaje abierto, dise\u00f1o en la caja de resonancia, cuerdas de alta calidad, marcadores de posici\u00f3n lateral, incluye funda.","breadcrumb":{"@id":"https:\/\/www.mexicanguitarplayers.com\/tienda\/sin categor\u00eda\/ukelele-flight-concierto-auc-33-orchid\/#breadcrumb"},"inLanguage":"en-US","potentialAction":[{"@type":"ReadAction","target":["https:\/\/www.mexicanguitarplayers.com\/tienda\/sin categor\u00eda\/ukelele-flight-concierto-auc-33-orchid\/"]}]},{"@type":"ImageObject","inLanguage":"en-US","@id":"https:\/\/www.mexicanguitarplayers.com\/tienda\/sin categor\u00eda\/ukelele-flight-concierto-auc-33-orchid\/#primaryimage","url":"https:\/\/www.mexicanguitarplayers.com\/wp-content\/uploads\/2025\/04\/ISFLIAUC33ORCH.jpg","contentUrl":"https:\/\/www.mexicanguitarplayers.com\/wp-content\/uploads\/2025\/04\/ISFLIAUC33ORCH.jpg","width":1200,"height":1200},{"@type":"BreadcrumbList","@id":"https:\/\/www.mexicanguitarplayers.com\/tienda\/sin categor\u00eda\/ukelele-flight-concierto-auc-33-orchid\/#breadcrumb","itemListElement":[{"@type":"ListItem","position":1,"name":"Portada","item":"https:\/\/www.mexicanguitarplayers.com\/"},{"@type":"ListItem","position":2,"name":"Tienda","item":"https:\/\/www.mexicanguitarplayers.com\/tienda\/"},{"@type":"ListItem","position":3,"name":"UKELELE FLIGHT CONCIERTO AUC-33 ORCHID"}]},{"@type":"WebSite","@id":"https:\/\/www.mexicanguitarplayers.com\/#website","url":"https:\/\/www.mexicanguitarplayers.com\/","name":"Mexican Guitar Players","description":"Website","publisher":{"@id":"https:\/\/www.mexicanguitarplayers.com\/#organization"},"potentialAction":[{"@type":"SearchAction","target":{"@type":"EntryPoint","urlTemplate":"https:\/\/www.mexicanguitarplayers.com\/?s={search_term_string}"},"query-input":{"@type":"PropertyValueSpecification","valueRequired":true,"valueName":"search_term_string"}}],"inLanguage":"en-US"},{"@type":"Organization","@id":"https:\/\/www.mexicanguitarplayers.com\/#organization","name":"Mexican Guitar Players","url":"https:\/\/www.mexicanguitarplayers.com\/","logo":{"@type":"ImageObject","inLanguage":"en-US","@id":"https:\/\/www.mexicanguitarplayers.com\/#\/schema\/logo\/image\/","url":"","contentUrl":"","caption":"Mexican Guitar Players"},"image":{"@id":"https:\/\/www.mexicanguitarplayers.com\/#\/schema\/logo\/image\/"}}]}},"brands":[{"id":322,"name":"FLIGHT","slug":"flight"}],"_links":{"self":[{"href":"https:\/\/www.mexicanguitarplayers.com\/en\/wp-json\/wp\/v2\/product\/36057","targetHints":{"allow":["GET"]}}],"collection":[{"href":"https:\/\/www.mexicanguitarplayers.com\/en\/wp-json\/wp\/v2\/product"}],"about":[{"href":"https:\/\/www.mexicanguitarplayers.com\/en\/wp-json\/wp\/v2\/types\/product"}],"replies":[{"embeddable":true,"href":"https:\/\/www.mexicanguitarplayers.com\/en\/wp-json\/wp\/v2\/comments?post=36057"}],"wp:featuredmedia":[{"embeddable":true,"href":"https:\/\/www.mexicanguitarplayers.com\/en\/wp-json\/wp\/v2\/media\/36047"}],"wp:attachment":[{"href":"https:\/\/www.mexicanguitarplayers.com\/en\/wp-json\/wp\/v2\/media?parent=36057"}],"wp:term":[{"taxonomy":"pwb-brand","embeddable":true,"href":"https:\/\/www.mexicanguitarplayers.com\/en\/wp-json\/wp\/v2\/pwb-brand?post=36057"},{"taxonomy":"product_brand","embeddable":true,"href":"https:\/\/www.mexicanguitarplayers.com\/en\/wp-json\/wp\/v2\/product_brand?post=36057"},{"taxonomy":"product_cat","embeddable":true,"href":"https:\/\/www.mexicanguitarplayers.com\/en\/wp-json\/wp\/v2\/product_cat?post=36057"},{"taxonomy":"product_tag","embeddable":true,"href":"https:\/\/www.mexicanguitarplayers.com\/en\/wp-json\/wp\/v2\/product_tag?post=36057"}],"curies":[{"name":"wp","href":"https:\/\/api.w.org\/{rel}","templated":true}]}}