{"id":36062,"date":"2025-04-08T22:27:25","date_gmt":"2025-04-09T04:27:25","guid":{"rendered":"https:\/\/www.mexicanguitarplayers.com\/tienda\/sin categor\u00eda\/soporte-behringer-p-microfono-mod-mc1000\/"},"modified":"2026-05-01T07:20:45","modified_gmt":"2026-05-01T13:20:45","slug":"soporte-behringer-p-microfono-mod-mc1000","status":"publish","type":"product","link":"https:\/\/www.mexicanguitarplayers.com\/en\/tienda\/accesorios\/varios\/soporte-behringer-p-microfono-mod-mc1000\/","title":{"rendered":"SOPORTE BEHRINGER P\/MICROFONO MOD. MC1000"},"content":{"rendered":"<div style=\"text-align: justify\">\n<div>\n<h3>MC1000<\/h3>\n<\/div>\n<div>El clip de micr\u00f3fono Behringer MC1000 facilita la fijaci\u00f3n de tu micr\u00f3fono de mano al soporte y permite un ajuste r\u00e1pido. Es compatible con los micr\u00f3fonos Behringer BA 85A, SL 85S, SL 75C, XM8500 y otros micr\u00f3fonos de 0.1-1.4\u201d (24-35 mm). Fabricado en pl\u00e1stico duro resistente a roturas, el MC1000 mantiene tu micr\u00f3fono seguro en cualquier lugar donde lo necesites. Adem\u00e1s, incluye un pivote ajustable para facilitar el cambio de \u00e1ngulo seg\u00fan tus necesidades.<\/div>\n<div>\n<h4>Characteristics<\/h4>\n<\/div>\n<div>\n<ul style=\"margin: 0px 0px 0px 25px\">\n<li style=\"list-style-type: circle;margin: 5px\">material<\/li>\n<li style=\"list-style-type: circle;margin: 5px\">color<\/li>\n<li style=\"list-style-type: circle;margin: 5px\">compatibilidad<\/li>\n<li style=\"list-style-type: circle;margin: 5px\">accesorios<\/li>\n<\/ul>\n<\/div>\n<\/div>","protected":false},"excerpt":{"rendered":"<p>La abrazadera para micr\u00f3fono es adecuada para todos los micr\u00f3fonos vocales con cable est\u00e1ndar y es perfecta para presentaciones en vivo, estudios de grabaci\u00f3n, podcasting y juegos. Viene con un adaptador de 3\/8\u201d a 5\/8\u201d para adaptarse a la mayor\u00eda de los soportes de micr\u00f3fono disponibles en el mercado y es compatible con micr\u00f3fonos con un di\u00e1metro entre 0.1 &#8211; 1.4\u201d (24 &#8211; 35 mm). Su construcci\u00f3n de pl\u00e1stico duro resistente a roturas garantiza durabilidad, y la tensi\u00f3n del \u00e1ngulo se puede ajustar seg\u00fan sea necesario para una colocaci\u00f3n \u00f3ptima del micr\u00f3fono.&hellip; <a class=\"kt-excerpt-readmore more-link\" href=\"https:\/\/www.mexicanguitarplayers.com\/en\/tienda\/accesorios\/varios\/soporte-behringer-p-microfono-mod-mc1000\/\">Read more<\/a><\/p>","protected":false},"featured_media":36058,"comment_status":"open","ping_status":"closed","template":"","meta":{"kt_blocks_editor_width":""},"pwb-brand":[171],"product_brand":[],"product_cat":[85,416,249],"product_tag":[],"class_list":{"0":"post-36062","1":"product","2":"type-product","3":"status-publish","4":"has-post-thumbnail","6":"pwb-brand-behringer","7":"product_cat-accesorios","8":"product_cat-stands","9":"product_cat-varios","10":"product_shipping_class-0-5-kg","12":"first","13":"instock","14":"taxable","15":"shipping-taxable","16":"purchasable","17":"product-type-simple"},"yoast_head":"<!-- This site is optimized with the Yoast SEO plugin v27.6 - https:\/\/yoast.com\/product\/yoast-seo-wordpress\/ -->\n<title>SOPORTE BEHRINGER P\/MICROFONO MOD. MC1000 - Mexican Guitar Players<\/title>\n<meta name=\"description\" content=\"La abrazadera para micr\u00f3fono es adecuada para todos los micr\u00f3fonos vocales con cable est\u00e1ndar y es perfecta para presentaciones en vivo, estudios de grabaci\u00f3n, podcasting y juegos. Viene con un adaptador de 3\/8\u201d a 5\/8\u201d para adaptarse a la mayor\u00eda de los soportes de micr\u00f3fono disponibles en el mercado y es compatible con micr\u00f3fonos con un di\u00e1metro entre 0.1 - 1.4\u201d (24 - 35 mm). Su construcci\u00f3n de pl\u00e1stico duro resistente a roturas garantiza durabilidad, y la tensi\u00f3n del \u00e1ngulo se puede ajustar seg\u00fan sea necesario para una colocaci\u00f3n \u00f3ptima del micr\u00f3fono.\" \/>\n<meta name=\"robots\" content=\"index, follow, max-snippet:-1, max-image-preview:large, max-video-preview:-1\" \/>\n<link rel=\"canonical\" href=\"https:\/\/www.mexicanguitarplayers.com\/en\/tienda\/sin%20categor\u00eda\/soporte-behringer-p-microfono-mod-mc1000\/\" \/>\n<meta property=\"og:locale\" content=\"en_US\" \/>\n<meta property=\"og:type\" content=\"article\" \/>\n<meta property=\"og:title\" content=\"SOPORTE BEHRINGER P\/MICROFONO MOD. MC1000 - Mexican Guitar Players\" \/>\n<meta property=\"og:description\" content=\"La abrazadera para micr\u00f3fono es adecuada para todos los micr\u00f3fonos vocales con cable est\u00e1ndar y es perfecta para presentaciones en vivo, estudios de grabaci\u00f3n, podcasting y juegos. Viene con un adaptador de 3\/8\u201d a 5\/8\u201d para adaptarse a la mayor\u00eda de los soportes de micr\u00f3fono disponibles en el mercado y es compatible con micr\u00f3fonos con un di\u00e1metro entre 0.1 - 1.4\u201d (24 - 35 mm). Su construcci\u00f3n de pl\u00e1stico duro resistente a roturas garantiza durabilidad, y la tensi\u00f3n del \u00e1ngulo se puede ajustar seg\u00fan sea necesario para una colocaci\u00f3n \u00f3ptima del micr\u00f3fono.\" \/>\n<meta property=\"og:url\" content=\"https:\/\/www.mexicanguitarplayers.com\/en\/tienda\/sin categor\u00eda\/soporte-behringer-p-microfono-mod-mc1000\/\" \/>\n<meta property=\"og:site_name\" content=\"Mexican Guitar Players\" \/>\n<meta property=\"article:modified_time\" content=\"2026-05-01T13:20:45+00:00\" \/>\n<meta name=\"twitter:card\" content=\"summary_large_image\" \/>\n<script type=\"application\/ld+json\" class=\"yoast-schema-graph\">{\"@context\":\"https:\\\/\\\/schema.org\",\"@graph\":[{\"@type\":[\"WebPage\",\"ItemPage\"],\"@id\":\"https:\\\/\\\/www.mexicanguitarplayers.com\\\/tienda\\\/sin categor\u00eda\\\/soporte-behringer-p-microfono-mod-mc1000\\\/\",\"url\":\"https:\\\/\\\/www.mexicanguitarplayers.com\\\/tienda\\\/sin categor\u00eda\\\/soporte-behringer-p-microfono-mod-mc1000\\\/\",\"name\":\"SOPORTE BEHRINGER P\\\/MICROFONO MOD. MC1000 - Mexican Guitar Players\",\"isPartOf\":{\"@id\":\"https:\\\/\\\/www.mexicanguitarplayers.com\\\/#website\"},\"primaryImageOfPage\":{\"@id\":\"https:\\\/\\\/www.mexicanguitarplayers.com\\\/tienda\\\/sin categor\u00eda\\\/soporte-behringer-p-microfono-mod-mc1000\\\/#primaryimage\"},\"image\":{\"@id\":\"https:\\\/\\\/www.mexicanguitarplayers.com\\\/tienda\\\/sin categor\u00eda\\\/soporte-behringer-p-microfono-mod-mc1000\\\/#primaryimage\"},\"thumbnailUrl\":\"https:\\\/\\\/www.mexicanguitarplayers.com\\\/wp-content\\\/uploads\\\/2025\\\/04\\\/VABEHMC1000.jpg\",\"datePublished\":\"2025-04-09T04:27:25+00:00\",\"dateModified\":\"2026-05-01T13:20:45+00:00\",\"description\":\"La abrazadera para micr\u00f3fono es adecuada para todos los micr\u00f3fonos vocales con cable est\u00e1ndar y es perfecta para presentaciones en vivo, estudios de grabaci\u00f3n, podcasting y juegos. Viene con un adaptador de 3\\\/8\u201d a 5\\\/8\u201d para adaptarse a la mayor\u00eda de los soportes de micr\u00f3fono disponibles en el mercado y es compatible con micr\u00f3fonos con un di\u00e1metro entre 0.1 - 1.4\u201d (24 - 35 mm). Su construcci\u00f3n de pl\u00e1stico duro resistente a roturas garantiza durabilidad, y la tensi\u00f3n del \u00e1ngulo se puede ajustar seg\u00fan sea necesario para una colocaci\u00f3n \u00f3ptima del micr\u00f3fono.\",\"breadcrumb\":{\"@id\":\"https:\\\/\\\/www.mexicanguitarplayers.com\\\/tienda\\\/sin categor\u00eda\\\/soporte-behringer-p-microfono-mod-mc1000\\\/#breadcrumb\"},\"inLanguage\":\"en-US\",\"potentialAction\":[{\"@type\":\"ReadAction\",\"target\":[\"https:\\\/\\\/www.mexicanguitarplayers.com\\\/tienda\\\/sin categor\u00eda\\\/soporte-behringer-p-microfono-mod-mc1000\\\/\"]}]},{\"@type\":\"ImageObject\",\"inLanguage\":\"en-US\",\"@id\":\"https:\\\/\\\/www.mexicanguitarplayers.com\\\/tienda\\\/sin categor\u00eda\\\/soporte-behringer-p-microfono-mod-mc1000\\\/#primaryimage\",\"url\":\"https:\\\/\\\/www.mexicanguitarplayers.com\\\/wp-content\\\/uploads\\\/2025\\\/04\\\/VABEHMC1000.jpg\",\"contentUrl\":\"https:\\\/\\\/www.mexicanguitarplayers.com\\\/wp-content\\\/uploads\\\/2025\\\/04\\\/VABEHMC1000.jpg\",\"width\":800,\"height\":1600},{\"@type\":\"BreadcrumbList\",\"@id\":\"https:\\\/\\\/www.mexicanguitarplayers.com\\\/tienda\\\/sin categor\u00eda\\\/soporte-behringer-p-microfono-mod-mc1000\\\/#breadcrumb\",\"itemListElement\":[{\"@type\":\"ListItem\",\"position\":1,\"name\":\"Portada\",\"item\":\"https:\\\/\\\/www.mexicanguitarplayers.com\\\/\"},{\"@type\":\"ListItem\",\"position\":2,\"name\":\"Tienda\",\"item\":\"https:\\\/\\\/www.mexicanguitarplayers.com\\\/tienda\\\/\"},{\"@type\":\"ListItem\",\"position\":3,\"name\":\"SOPORTE BEHRINGER P\\\/MICROFONO MOD. MC1000\"}]},{\"@type\":\"WebSite\",\"@id\":\"https:\\\/\\\/www.mexicanguitarplayers.com\\\/#website\",\"url\":\"https:\\\/\\\/www.mexicanguitarplayers.com\\\/\",\"name\":\"Mexican Guitar Players\",\"description\":\"Website\",\"publisher\":{\"@id\":\"https:\\\/\\\/www.mexicanguitarplayers.com\\\/#organization\"},\"potentialAction\":[{\"@type\":\"SearchAction\",\"target\":{\"@type\":\"EntryPoint\",\"urlTemplate\":\"https:\\\/\\\/www.mexicanguitarplayers.com\\\/?s={search_term_string}\"},\"query-input\":{\"@type\":\"PropertyValueSpecification\",\"valueRequired\":true,\"valueName\":\"search_term_string\"}}],\"inLanguage\":\"en-US\"},{\"@type\":\"Organization\",\"@id\":\"https:\\\/\\\/www.mexicanguitarplayers.com\\\/#organization\",\"name\":\"Mexican Guitar Players\",\"url\":\"https:\\\/\\\/www.mexicanguitarplayers.com\\\/\",\"logo\":{\"@type\":\"ImageObject\",\"inLanguage\":\"en-US\",\"@id\":\"https:\\\/\\\/www.mexicanguitarplayers.com\\\/#\\\/schema\\\/logo\\\/image\\\/\",\"url\":\"\",\"contentUrl\":\"\",\"caption\":\"Mexican Guitar Players\"},\"image\":{\"@id\":\"https:\\\/\\\/www.mexicanguitarplayers.com\\\/#\\\/schema\\\/logo\\\/image\\\/\"}}]}<\/script>\n<!-- \/ Yoast SEO plugin. -->","yoast_head_json":{"title":"SOPORTE BEHRINGER P\/MICROFONO MOD. MC1000 - Mexican Guitar Players","description":"La abrazadera para micr\u00f3fono es adecuada para todos los micr\u00f3fonos vocales con cable est\u00e1ndar y es perfecta para presentaciones en vivo, estudios de grabaci\u00f3n, podcasting y juegos. Viene con un adaptador de 3\/8\u201d a 5\/8\u201d para adaptarse a la mayor\u00eda de los soportes de micr\u00f3fono disponibles en el mercado y es compatible con micr\u00f3fonos con un di\u00e1metro entre 0.1 - 1.4\u201d (24 - 35 mm). Su construcci\u00f3n de pl\u00e1stico duro resistente a roturas garantiza durabilidad, y la tensi\u00f3n del \u00e1ngulo se puede ajustar seg\u00fan sea necesario para una colocaci\u00f3n \u00f3ptima del micr\u00f3fono.","robots":{"index":"index","follow":"follow","max-snippet":"max-snippet:-1","max-image-preview":"max-image-preview:large","max-video-preview":"max-video-preview:-1"},"canonical":"https:\/\/www.mexicanguitarplayers.com\/en\/tienda\/sin categor\u00eda\/soporte-behringer-p-microfono-mod-mc1000\/","og_locale":"en_US","og_type":"article","og_title":"SOPORTE BEHRINGER P\/MICROFONO MOD. MC1000 - Mexican Guitar Players","og_description":"La abrazadera para micr\u00f3fono es adecuada para todos los micr\u00f3fonos vocales con cable est\u00e1ndar y es perfecta para presentaciones en vivo, estudios de grabaci\u00f3n, podcasting y juegos. Viene con un adaptador de 3\/8\u201d a 5\/8\u201d para adaptarse a la mayor\u00eda de los soportes de micr\u00f3fono disponibles en el mercado y es compatible con micr\u00f3fonos con un di\u00e1metro entre 0.1 - 1.4\u201d (24 - 35 mm). Su construcci\u00f3n de pl\u00e1stico duro resistente a roturas garantiza durabilidad, y la tensi\u00f3n del \u00e1ngulo se puede ajustar seg\u00fan sea necesario para una colocaci\u00f3n \u00f3ptima del micr\u00f3fono.","og_url":"https:\/\/www.mexicanguitarplayers.com\/en\/tienda\/sin categor\u00eda\/soporte-behringer-p-microfono-mod-mc1000\/","og_site_name":"Mexican Guitar Players","article_modified_time":"2026-05-01T13:20:45+00:00","twitter_card":"summary_large_image","schema":{"@context":"https:\/\/schema.org","@graph":[{"@type":["WebPage","ItemPage"],"@id":"https:\/\/www.mexicanguitarplayers.com\/tienda\/sin categor\u00eda\/soporte-behringer-p-microfono-mod-mc1000\/","url":"https:\/\/www.mexicanguitarplayers.com\/tienda\/sin categor\u00eda\/soporte-behringer-p-microfono-mod-mc1000\/","name":"SOPORTE BEHRINGER P\/MICROFONO MOD. MC1000 - Mexican Guitar Players","isPartOf":{"@id":"https:\/\/www.mexicanguitarplayers.com\/#website"},"primaryImageOfPage":{"@id":"https:\/\/www.mexicanguitarplayers.com\/tienda\/sin categor\u00eda\/soporte-behringer-p-microfono-mod-mc1000\/#primaryimage"},"image":{"@id":"https:\/\/www.mexicanguitarplayers.com\/tienda\/sin categor\u00eda\/soporte-behringer-p-microfono-mod-mc1000\/#primaryimage"},"thumbnailUrl":"https:\/\/www.mexicanguitarplayers.com\/wp-content\/uploads\/2025\/04\/VABEHMC1000.jpg","datePublished":"2025-04-09T04:27:25+00:00","dateModified":"2026-05-01T13:20:45+00:00","description":"La abrazadera para micr\u00f3fono es adecuada para todos los micr\u00f3fonos vocales con cable est\u00e1ndar y es perfecta para presentaciones en vivo, estudios de grabaci\u00f3n, podcasting y juegos. Viene con un adaptador de 3\/8\u201d a 5\/8\u201d para adaptarse a la mayor\u00eda de los soportes de micr\u00f3fono disponibles en el mercado y es compatible con micr\u00f3fonos con un di\u00e1metro entre 0.1 - 1.4\u201d (24 - 35 mm). Su construcci\u00f3n de pl\u00e1stico duro resistente a roturas garantiza durabilidad, y la tensi\u00f3n del \u00e1ngulo se puede ajustar seg\u00fan sea necesario para una colocaci\u00f3n \u00f3ptima del micr\u00f3fono.","breadcrumb":{"@id":"https:\/\/www.mexicanguitarplayers.com\/tienda\/sin categor\u00eda\/soporte-behringer-p-microfono-mod-mc1000\/#breadcrumb"},"inLanguage":"en-US","potentialAction":[{"@type":"ReadAction","target":["https:\/\/www.mexicanguitarplayers.com\/tienda\/sin categor\u00eda\/soporte-behringer-p-microfono-mod-mc1000\/"]}]},{"@type":"ImageObject","inLanguage":"en-US","@id":"https:\/\/www.mexicanguitarplayers.com\/tienda\/sin categor\u00eda\/soporte-behringer-p-microfono-mod-mc1000\/#primaryimage","url":"https:\/\/www.mexicanguitarplayers.com\/wp-content\/uploads\/2025\/04\/VABEHMC1000.jpg","contentUrl":"https:\/\/www.mexicanguitarplayers.com\/wp-content\/uploads\/2025\/04\/VABEHMC1000.jpg","width":800,"height":1600},{"@type":"BreadcrumbList","@id":"https:\/\/www.mexicanguitarplayers.com\/tienda\/sin categor\u00eda\/soporte-behringer-p-microfono-mod-mc1000\/#breadcrumb","itemListElement":[{"@type":"ListItem","position":1,"name":"Portada","item":"https:\/\/www.mexicanguitarplayers.com\/"},{"@type":"ListItem","position":2,"name":"Tienda","item":"https:\/\/www.mexicanguitarplayers.com\/tienda\/"},{"@type":"ListItem","position":3,"name":"SOPORTE BEHRINGER P\/MICROFONO MOD. MC1000"}]},{"@type":"WebSite","@id":"https:\/\/www.mexicanguitarplayers.com\/#website","url":"https:\/\/www.mexicanguitarplayers.com\/","name":"Mexican Guitar Players","description":"Website","publisher":{"@id":"https:\/\/www.mexicanguitarplayers.com\/#organization"},"potentialAction":[{"@type":"SearchAction","target":{"@type":"EntryPoint","urlTemplate":"https:\/\/www.mexicanguitarplayers.com\/?s={search_term_string}"},"query-input":{"@type":"PropertyValueSpecification","valueRequired":true,"valueName":"search_term_string"}}],"inLanguage":"en-US"},{"@type":"Organization","@id":"https:\/\/www.mexicanguitarplayers.com\/#organization","name":"Mexican Guitar Players","url":"https:\/\/www.mexicanguitarplayers.com\/","logo":{"@type":"ImageObject","inLanguage":"en-US","@id":"https:\/\/www.mexicanguitarplayers.com\/#\/schema\/logo\/image\/","url":"","contentUrl":"","caption":"Mexican Guitar Players"},"image":{"@id":"https:\/\/www.mexicanguitarplayers.com\/#\/schema\/logo\/image\/"}}]}},"brands":[{"id":171,"name":"BEHRINGER","slug":"behringer"}],"_links":{"self":[{"href":"https:\/\/www.mexicanguitarplayers.com\/en\/wp-json\/wp\/v2\/product\/36062","targetHints":{"allow":["GET"]}}],"collection":[{"href":"https:\/\/www.mexicanguitarplayers.com\/en\/wp-json\/wp\/v2\/product"}],"about":[{"href":"https:\/\/www.mexicanguitarplayers.com\/en\/wp-json\/wp\/v2\/types\/product"}],"replies":[{"embeddable":true,"href":"https:\/\/www.mexicanguitarplayers.com\/en\/wp-json\/wp\/v2\/comments?post=36062"}],"wp:featuredmedia":[{"embeddable":true,"href":"https:\/\/www.mexicanguitarplayers.com\/en\/wp-json\/wp\/v2\/media\/36058"}],"wp:attachment":[{"href":"https:\/\/www.mexicanguitarplayers.com\/en\/wp-json\/wp\/v2\/media?parent=36062"}],"wp:term":[{"taxonomy":"pwb-brand","embeddable":true,"href":"https:\/\/www.mexicanguitarplayers.com\/en\/wp-json\/wp\/v2\/pwb-brand?post=36062"},{"taxonomy":"product_brand","embeddable":true,"href":"https:\/\/www.mexicanguitarplayers.com\/en\/wp-json\/wp\/v2\/product_brand?post=36062"},{"taxonomy":"product_cat","embeddable":true,"href":"https:\/\/www.mexicanguitarplayers.com\/en\/wp-json\/wp\/v2\/product_cat?post=36062"},{"taxonomy":"product_tag","embeddable":true,"href":"https:\/\/www.mexicanguitarplayers.com\/en\/wp-json\/wp\/v2\/product_tag?post=36062"}],"curies":[{"name":"wp","href":"https:\/\/api.w.org\/{rel}","templated":true}]}}