{"id":36081,"date":"2025-04-08T22:27:53","date_gmt":"2025-04-09T04:27:53","guid":{"rendered":"https:\/\/www.mexicanguitarplayers.com\/tienda\/sin categor\u00eda\/estuche-skb-p-guit-electrica-1skb-fs-6\/"},"modified":"2026-04-10T04:27:18","modified_gmt":"2026-04-10T10:27:18","slug":"estuche-skb-p-guit-electrica-1skb-fs-6","status":"publish","type":"product","link":"https:\/\/www.mexicanguitarplayers.com\/en\/tienda\/accesorios\/estuches-y-fundas\/para-guitarra\/para-guitarra-electrica\/estuche-skb-p-guit-electrica-1skb-fs-6\/","title":{"rendered":"ESTUCHE SKB P\/GUIT. ELECTRICA 1SKB-FS-6"},"content":{"rendered":"<div style=\"text-align: justify\">\n<div>\n<h3>La mejor protecci\u00f3n para tu guitarra.<\/h3>\n<\/div>\n<div>El estuche FS-6 de SKB ofrece lo \u00faltimo en protecci\u00f3n con su famosa protecci\u00f3n anti choques moldeada, pies moldeados e interior forrado con felpa EPS y un compartimento para accesorios. Este estuche incluye un sistema de bloqueo de cerradura con pestillos TSA y cuenta con un asa ergon\u00f3mica para un c\u00f3modo transporte. Interiores de espuma r\u00edgida que previenen el movimiento del instrumento dentro del estuche. Es ideal para guitarras diestras Stratocasters y Telecasters.<\/div>\n<div>\n<h4>Quick look<\/h4>\n<\/div>\n<ul style=\"margin: 0px 0px 0px 25px\">\n<li style=\"list-style-type: circle;margin: 5px\">Longitud interior.<\/li>\n<li style=\"list-style-type: circle;margin: 5px\">Longitud exterior.<\/li>\n<li style=\"list-style-type: circle;margin: 5px\">Ancho exterior.<\/li>\n<li style=\"list-style-type: circle;margin: 5px\">Profundidad exterior.<\/li>\n<li style=\"list-style-type: circle;margin: 5px\">Longitud del cuerpo del instrumento.<\/li>\n<li style=\"list-style-type: circle;margin: 5px\">Profundidad del cuerpo del instrumento.<\/li>\n<li style=\"list-style-type: circle;margin: 5px\">Parte ancha del instrumento.<\/li>\n<li style=\"list-style-type: circle;margin: 5px\">Parte angosta del instrumento.<\/li>\n<li style=\"list-style-type: circle;margin: 5px\">Weight.<\/li>\n<\/ul>\n<div>\n<div style=\"font-weight: bold\">Longitud interior.<\/div>\n<div>\n<p>99.70 cm.<\/p>\n<\/div>\n<div style=\"font-weight: bold\">Longitud exterior.<\/div>\n<div>\n<p>104.14 cm.<\/p>\n<\/div>\n<div style=\"font-weight: bold\">Ancho exterior.<\/div>\n<div>\n<p>39.37 cm.<\/p>\n<\/div>\n<div style=\"font-weight: bold\">Profundidad exterior.<\/div>\n<div>\n<p>13.34 cm.<\/p>\n<\/div>\n<div style=\"font-weight: bold\">Longitud del cuerpo del instrumento.<\/div>\n<div>\n<p>41.91 cm.<\/p>\n<\/div>\n<div style=\"font-weight: bold\">Profundidad del cuerpo del instrumento.<\/div>\n<div>\n<p>6.99 cm.<\/p>\n<\/div>\n<div style=\"font-weight: bold\">Parte ancha del instrumento.<\/div>\n<div>\n<p>32.39 cm.<\/p>\n<\/div>\n<div style=\"font-weight: bold\">Parte angosta del instrumento.<\/div>\n<div>\n<p>28.58 cm.<\/p>\n<\/div>\n<div style=\"font-weight: bold\">Weight.<\/div>\n<div>\n<p>3.72 kg.<\/p>\n<\/div>\n<\/div>\n<div>\n<h4>Characteristics<\/h4>\n<\/div>\n<div>\n<ul style=\"margin: 0px 0px 0px 25px\">\n<li style=\"list-style-type: circle;margin: 5px\">Sistema de cierre de liberaci\u00f3n de gatillo.<\/li>\n<li style=\"list-style-type: circle;margin: 5px\">Pestillo de bloqueo reconocido y aceptado por TSA.<\/li>\n<li style=\"list-style-type: circle;margin: 5px\">Mango sobre moldeado de caucho acolchado.<\/li>\n<li style=\"list-style-type: circle;margin: 5px\">Construcci\u00f3n resistente.<\/li>\n<li style=\"list-style-type: circle;margin: 5px\">Cenefa de aluminio.<\/li>\n<li style=\"list-style-type: circle;margin: 5px\">Soporte largo para brazo.<\/li>\n<li style=\"list-style-type: circle;margin: 5px\">Interior de espuma EPS.<\/li>\n<\/ul>\n<\/div>\n<\/div>","protected":false},"excerpt":{"rendered":"<p>Estuche para guitarra el\u00e9ctrica, interiores de espuma r\u00edgida EPS, se adapta a guitarras diestras Stratocasters\u00ae y Telecasters, sistema de cierre de liberaci\u00f3n de gatillo, pestillo de bloqueo reconocido y aceptado por TSA, mango sobre moldeado de caucho acolchado, construcci\u00f3n resistente, cenefa de aluminio, soporte largo para brazo,  longitud interior: 99.70 cm, longitud exterior: 104.14 cm, ancho exterior: 39.37 cm, profundidad exterior: 13.34 cm, longitud del cuerpo del instrumento: 41.91 cm, profundidad del cuerpo dl instrumento: 6.99 cm, parte ancha del instrumento: 32.39 cm, parte angosta del instrumento: 28.58 cm, peso: 3.72 kg.&hellip; <a class=\"kt-excerpt-readmore more-link\" href=\"https:\/\/www.mexicanguitarplayers.com\/en\/tienda\/accesorios\/estuches-y-fundas\/para-guitarra\/para-guitarra-electrica\/estuche-skb-p-guit-electrica-1skb-fs-6\/\">Read more<\/a><\/p>","protected":false},"featured_media":36077,"comment_status":"open","ping_status":"closed","template":"","meta":{"kt_blocks_editor_width":""},"pwb-brand":[609],"product_brand":[],"product_cat":[85,517,566,567],"product_tag":[],"class_list":{"0":"post-36081","1":"product","2":"type-product","3":"status-publish","4":"has-post-thumbnail","6":"pwb-brand-skb","7":"product_cat-accesorios","8":"product_cat-estuches-y-fundas","9":"product_cat-para-guitarra","10":"product_cat-para-guitarra-electrica","11":"product_shipping_class-0-5-kg","13":"first","14":"outofstock","15":"taxable","16":"shipping-taxable","17":"purchasable","18":"product-type-simple"},"yoast_head":"<!-- This site is optimized with the Yoast SEO plugin v27.5 - https:\/\/yoast.com\/product\/yoast-seo-wordpress\/ -->\n<title>ESTUCHE SKB P\/GUIT. ELECTRICA 1SKB-FS-6 - Mexican Guitar Players<\/title>\n<meta name=\"description\" content=\"Estuche para guitarra el\u00e9ctrica, interiores de espuma r\u00edgida EPS, se adapta a guitarras diestras Stratocasters\u00ae y Telecasters, sistema de cierre de liberaci\u00f3n de gatillo, pestillo de bloqueo reconocido y aceptado por TSA, mango sobre moldeado de caucho acolchado, construcci\u00f3n resistente, cenefa de aluminio, soporte largo para brazo, longitud interior: 99.70 cm, longitud exterior: 104.14 cm, ancho exterior: 39.37 cm, profundidad exterior: 13.34 cm, longitud del cuerpo del instrumento: 41.91 cm, profundidad del cuerpo dl instrumento: 6.99 cm, parte ancha del instrumento: 32.39 cm, parte angosta del instrumento: 28.58 cm, peso: 3.72 kg.\" \/>\n<meta name=\"robots\" content=\"index, follow, max-snippet:-1, max-image-preview:large, max-video-preview:-1\" \/>\n<link rel=\"canonical\" href=\"https:\/\/www.mexicanguitarplayers.com\/en\/tienda\/sin%20categor\u00eda\/estuche-skb-p-guit-electrica-1skb-fs-6\/\" \/>\n<meta property=\"og:locale\" content=\"en_US\" \/>\n<meta property=\"og:type\" content=\"article\" \/>\n<meta property=\"og:title\" content=\"ESTUCHE SKB P\/GUIT. ELECTRICA 1SKB-FS-6 - Mexican Guitar Players\" \/>\n<meta property=\"og:description\" content=\"Estuche para guitarra el\u00e9ctrica, interiores de espuma r\u00edgida EPS, se adapta a guitarras diestras Stratocasters\u00ae y Telecasters, sistema de cierre de liberaci\u00f3n de gatillo, pestillo de bloqueo reconocido y aceptado por TSA, mango sobre moldeado de caucho acolchado, construcci\u00f3n resistente, cenefa de aluminio, soporte largo para brazo, longitud interior: 99.70 cm, longitud exterior: 104.14 cm, ancho exterior: 39.37 cm, profundidad exterior: 13.34 cm, longitud del cuerpo del instrumento: 41.91 cm, profundidad del cuerpo dl instrumento: 6.99 cm, parte ancha del instrumento: 32.39 cm, parte angosta del instrumento: 28.58 cm, peso: 3.72 kg.\" \/>\n<meta property=\"og:url\" content=\"https:\/\/www.mexicanguitarplayers.com\/en\/tienda\/sin categor\u00eda\/estuche-skb-p-guit-electrica-1skb-fs-6\/\" \/>\n<meta property=\"og:site_name\" content=\"Mexican Guitar Players\" \/>\n<meta property=\"article:modified_time\" content=\"2026-04-10T10:27:18+00:00\" \/>\n<meta name=\"twitter:card\" content=\"summary_large_image\" \/>\n<meta name=\"twitter:label1\" content=\"Est. reading time\" \/>\n\t<meta name=\"twitter:data1\" content=\"1 minute\" \/>\n<script type=\"application\/ld+json\" class=\"yoast-schema-graph\">{\"@context\":\"https:\\\/\\\/schema.org\",\"@graph\":[{\"@type\":[\"WebPage\",\"ItemPage\"],\"@id\":\"https:\\\/\\\/www.mexicanguitarplayers.com\\\/tienda\\\/sin categor\u00eda\\\/estuche-skb-p-guit-electrica-1skb-fs-6\\\/\",\"url\":\"https:\\\/\\\/www.mexicanguitarplayers.com\\\/tienda\\\/sin categor\u00eda\\\/estuche-skb-p-guit-electrica-1skb-fs-6\\\/\",\"name\":\"ESTUCHE SKB P\\\/GUIT. ELECTRICA 1SKB-FS-6 - Mexican Guitar Players\",\"isPartOf\":{\"@id\":\"https:\\\/\\\/www.mexicanguitarplayers.com\\\/#website\"},\"primaryImageOfPage\":{\"@id\":\"https:\\\/\\\/www.mexicanguitarplayers.com\\\/tienda\\\/sin categor\u00eda\\\/estuche-skb-p-guit-electrica-1skb-fs-6\\\/#primaryimage\"},\"image\":{\"@id\":\"https:\\\/\\\/www.mexicanguitarplayers.com\\\/tienda\\\/sin categor\u00eda\\\/estuche-skb-p-guit-electrica-1skb-fs-6\\\/#primaryimage\"},\"thumbnailUrl\":\"https:\\\/\\\/www.mexicanguitarplayers.com\\\/wp-content\\\/uploads\\\/2025\\\/04\\\/VASKB1SKBFS6.jpg\",\"datePublished\":\"2025-04-09T04:27:53+00:00\",\"dateModified\":\"2026-04-10T10:27:18+00:00\",\"description\":\"Estuche para guitarra el\u00e9ctrica, interiores de espuma r\u00edgida EPS, se adapta a guitarras diestras Stratocasters\u00ae y Telecasters, sistema de cierre de liberaci\u00f3n de gatillo, pestillo de bloqueo reconocido y aceptado por TSA, mango sobre moldeado de caucho acolchado, construcci\u00f3n resistente, cenefa de aluminio, soporte largo para brazo, longitud interior: 99.70 cm, longitud exterior: 104.14 cm, ancho exterior: 39.37 cm, profundidad exterior: 13.34 cm, longitud del cuerpo del instrumento: 41.91 cm, profundidad del cuerpo dl instrumento: 6.99 cm, parte ancha del instrumento: 32.39 cm, parte angosta del instrumento: 28.58 cm, peso: 3.72 kg.\",\"breadcrumb\":{\"@id\":\"https:\\\/\\\/www.mexicanguitarplayers.com\\\/tienda\\\/sin categor\u00eda\\\/estuche-skb-p-guit-electrica-1skb-fs-6\\\/#breadcrumb\"},\"inLanguage\":\"en-US\",\"potentialAction\":[{\"@type\":\"ReadAction\",\"target\":[\"https:\\\/\\\/www.mexicanguitarplayers.com\\\/tienda\\\/sin categor\u00eda\\\/estuche-skb-p-guit-electrica-1skb-fs-6\\\/\"]}]},{\"@type\":\"ImageObject\",\"inLanguage\":\"en-US\",\"@id\":\"https:\\\/\\\/www.mexicanguitarplayers.com\\\/tienda\\\/sin categor\u00eda\\\/estuche-skb-p-guit-electrica-1skb-fs-6\\\/#primaryimage\",\"url\":\"https:\\\/\\\/www.mexicanguitarplayers.com\\\/wp-content\\\/uploads\\\/2025\\\/04\\\/VASKB1SKBFS6.jpg\",\"contentUrl\":\"https:\\\/\\\/www.mexicanguitarplayers.com\\\/wp-content\\\/uploads\\\/2025\\\/04\\\/VASKB1SKBFS6.jpg\",\"width\":1600,\"height\":800},{\"@type\":\"BreadcrumbList\",\"@id\":\"https:\\\/\\\/www.mexicanguitarplayers.com\\\/tienda\\\/sin categor\u00eda\\\/estuche-skb-p-guit-electrica-1skb-fs-6\\\/#breadcrumb\",\"itemListElement\":[{\"@type\":\"ListItem\",\"position\":1,\"name\":\"Portada\",\"item\":\"https:\\\/\\\/www.mexicanguitarplayers.com\\\/\"},{\"@type\":\"ListItem\",\"position\":2,\"name\":\"Tienda\",\"item\":\"https:\\\/\\\/www.mexicanguitarplayers.com\\\/tienda\\\/\"},{\"@type\":\"ListItem\",\"position\":3,\"name\":\"ESTUCHE SKB P\\\/GUIT. ELECTRICA 1SKB-FS-6\"}]},{\"@type\":\"WebSite\",\"@id\":\"https:\\\/\\\/www.mexicanguitarplayers.com\\\/#website\",\"url\":\"https:\\\/\\\/www.mexicanguitarplayers.com\\\/\",\"name\":\"Mexican Guitar Players\",\"description\":\"Website\",\"publisher\":{\"@id\":\"https:\\\/\\\/www.mexicanguitarplayers.com\\\/#organization\"},\"potentialAction\":[{\"@type\":\"SearchAction\",\"target\":{\"@type\":\"EntryPoint\",\"urlTemplate\":\"https:\\\/\\\/www.mexicanguitarplayers.com\\\/?s={search_term_string}\"},\"query-input\":{\"@type\":\"PropertyValueSpecification\",\"valueRequired\":true,\"valueName\":\"search_term_string\"}}],\"inLanguage\":\"en-US\"},{\"@type\":\"Organization\",\"@id\":\"https:\\\/\\\/www.mexicanguitarplayers.com\\\/#organization\",\"name\":\"Mexican Guitar Players\",\"url\":\"https:\\\/\\\/www.mexicanguitarplayers.com\\\/\",\"logo\":{\"@type\":\"ImageObject\",\"inLanguage\":\"en-US\",\"@id\":\"https:\\\/\\\/www.mexicanguitarplayers.com\\\/#\\\/schema\\\/logo\\\/image\\\/\",\"url\":\"\",\"contentUrl\":\"\",\"caption\":\"Mexican Guitar Players\"},\"image\":{\"@id\":\"https:\\\/\\\/www.mexicanguitarplayers.com\\\/#\\\/schema\\\/logo\\\/image\\\/\"}}]}<\/script>\n<!-- \/ Yoast SEO plugin. -->","yoast_head_json":{"title":"ESTUCHE SKB P\/GUIT. ELECTRICA 1SKB-FS-6 - Mexican Guitar Players","description":"Estuche para guitarra el\u00e9ctrica, interiores de espuma r\u00edgida EPS, se adapta a guitarras diestras Stratocasters\u00ae y Telecasters, sistema de cierre de liberaci\u00f3n de gatillo, pestillo de bloqueo reconocido y aceptado por TSA, mango sobre moldeado de caucho acolchado, construcci\u00f3n resistente, cenefa de aluminio, soporte largo para brazo, longitud interior: 99.70 cm, longitud exterior: 104.14 cm, ancho exterior: 39.37 cm, profundidad exterior: 13.34 cm, longitud del cuerpo del instrumento: 41.91 cm, profundidad del cuerpo dl instrumento: 6.99 cm, parte ancha del instrumento: 32.39 cm, parte angosta del instrumento: 28.58 cm, peso: 3.72 kg.","robots":{"index":"index","follow":"follow","max-snippet":"max-snippet:-1","max-image-preview":"max-image-preview:large","max-video-preview":"max-video-preview:-1"},"canonical":"https:\/\/www.mexicanguitarplayers.com\/en\/tienda\/sin categor\u00eda\/estuche-skb-p-guit-electrica-1skb-fs-6\/","og_locale":"en_US","og_type":"article","og_title":"ESTUCHE SKB P\/GUIT. ELECTRICA 1SKB-FS-6 - Mexican Guitar Players","og_description":"Estuche para guitarra el\u00e9ctrica, interiores de espuma r\u00edgida EPS, se adapta a guitarras diestras Stratocasters\u00ae y Telecasters, sistema de cierre de liberaci\u00f3n de gatillo, pestillo de bloqueo reconocido y aceptado por TSA, mango sobre moldeado de caucho acolchado, construcci\u00f3n resistente, cenefa de aluminio, soporte largo para brazo, longitud interior: 99.70 cm, longitud exterior: 104.14 cm, ancho exterior: 39.37 cm, profundidad exterior: 13.34 cm, longitud del cuerpo del instrumento: 41.91 cm, profundidad del cuerpo dl instrumento: 6.99 cm, parte ancha del instrumento: 32.39 cm, parte angosta del instrumento: 28.58 cm, peso: 3.72 kg.","og_url":"https:\/\/www.mexicanguitarplayers.com\/en\/tienda\/sin categor\u00eda\/estuche-skb-p-guit-electrica-1skb-fs-6\/","og_site_name":"Mexican Guitar Players","article_modified_time":"2026-04-10T10:27:18+00:00","twitter_card":"summary_large_image","twitter_misc":{"Est. reading time":"1 minute"},"schema":{"@context":"https:\/\/schema.org","@graph":[{"@type":["WebPage","ItemPage"],"@id":"https:\/\/www.mexicanguitarplayers.com\/tienda\/sin categor\u00eda\/estuche-skb-p-guit-electrica-1skb-fs-6\/","url":"https:\/\/www.mexicanguitarplayers.com\/tienda\/sin categor\u00eda\/estuche-skb-p-guit-electrica-1skb-fs-6\/","name":"ESTUCHE SKB P\/GUIT. ELECTRICA 1SKB-FS-6 - Mexican Guitar Players","isPartOf":{"@id":"https:\/\/www.mexicanguitarplayers.com\/#website"},"primaryImageOfPage":{"@id":"https:\/\/www.mexicanguitarplayers.com\/tienda\/sin categor\u00eda\/estuche-skb-p-guit-electrica-1skb-fs-6\/#primaryimage"},"image":{"@id":"https:\/\/www.mexicanguitarplayers.com\/tienda\/sin categor\u00eda\/estuche-skb-p-guit-electrica-1skb-fs-6\/#primaryimage"},"thumbnailUrl":"https:\/\/www.mexicanguitarplayers.com\/wp-content\/uploads\/2025\/04\/VASKB1SKBFS6.jpg","datePublished":"2025-04-09T04:27:53+00:00","dateModified":"2026-04-10T10:27:18+00:00","description":"Estuche para guitarra el\u00e9ctrica, interiores de espuma r\u00edgida EPS, se adapta a guitarras diestras Stratocasters\u00ae y Telecasters, sistema de cierre de liberaci\u00f3n de gatillo, pestillo de bloqueo reconocido y aceptado por TSA, mango sobre moldeado de caucho acolchado, construcci\u00f3n resistente, cenefa de aluminio, soporte largo para brazo, longitud interior: 99.70 cm, longitud exterior: 104.14 cm, ancho exterior: 39.37 cm, profundidad exterior: 13.34 cm, longitud del cuerpo del instrumento: 41.91 cm, profundidad del cuerpo dl instrumento: 6.99 cm, parte ancha del instrumento: 32.39 cm, parte angosta del instrumento: 28.58 cm, peso: 3.72 kg.","breadcrumb":{"@id":"https:\/\/www.mexicanguitarplayers.com\/tienda\/sin categor\u00eda\/estuche-skb-p-guit-electrica-1skb-fs-6\/#breadcrumb"},"inLanguage":"en-US","potentialAction":[{"@type":"ReadAction","target":["https:\/\/www.mexicanguitarplayers.com\/tienda\/sin categor\u00eda\/estuche-skb-p-guit-electrica-1skb-fs-6\/"]}]},{"@type":"ImageObject","inLanguage":"en-US","@id":"https:\/\/www.mexicanguitarplayers.com\/tienda\/sin categor\u00eda\/estuche-skb-p-guit-electrica-1skb-fs-6\/#primaryimage","url":"https:\/\/www.mexicanguitarplayers.com\/wp-content\/uploads\/2025\/04\/VASKB1SKBFS6.jpg","contentUrl":"https:\/\/www.mexicanguitarplayers.com\/wp-content\/uploads\/2025\/04\/VASKB1SKBFS6.jpg","width":1600,"height":800},{"@type":"BreadcrumbList","@id":"https:\/\/www.mexicanguitarplayers.com\/tienda\/sin categor\u00eda\/estuche-skb-p-guit-electrica-1skb-fs-6\/#breadcrumb","itemListElement":[{"@type":"ListItem","position":1,"name":"Portada","item":"https:\/\/www.mexicanguitarplayers.com\/"},{"@type":"ListItem","position":2,"name":"Tienda","item":"https:\/\/www.mexicanguitarplayers.com\/tienda\/"},{"@type":"ListItem","position":3,"name":"ESTUCHE SKB P\/GUIT. ELECTRICA 1SKB-FS-6"}]},{"@type":"WebSite","@id":"https:\/\/www.mexicanguitarplayers.com\/#website","url":"https:\/\/www.mexicanguitarplayers.com\/","name":"Mexican Guitar Players","description":"Website","publisher":{"@id":"https:\/\/www.mexicanguitarplayers.com\/#organization"},"potentialAction":[{"@type":"SearchAction","target":{"@type":"EntryPoint","urlTemplate":"https:\/\/www.mexicanguitarplayers.com\/?s={search_term_string}"},"query-input":{"@type":"PropertyValueSpecification","valueRequired":true,"valueName":"search_term_string"}}],"inLanguage":"en-US"},{"@type":"Organization","@id":"https:\/\/www.mexicanguitarplayers.com\/#organization","name":"Mexican Guitar Players","url":"https:\/\/www.mexicanguitarplayers.com\/","logo":{"@type":"ImageObject","inLanguage":"en-US","@id":"https:\/\/www.mexicanguitarplayers.com\/#\/schema\/logo\/image\/","url":"","contentUrl":"","caption":"Mexican Guitar Players"},"image":{"@id":"https:\/\/www.mexicanguitarplayers.com\/#\/schema\/logo\/image\/"}}]}},"brands":[{"id":609,"name":"SKB","slug":"skb"}],"_links":{"self":[{"href":"https:\/\/www.mexicanguitarplayers.com\/en\/wp-json\/wp\/v2\/product\/36081","targetHints":{"allow":["GET"]}}],"collection":[{"href":"https:\/\/www.mexicanguitarplayers.com\/en\/wp-json\/wp\/v2\/product"}],"about":[{"href":"https:\/\/www.mexicanguitarplayers.com\/en\/wp-json\/wp\/v2\/types\/product"}],"replies":[{"embeddable":true,"href":"https:\/\/www.mexicanguitarplayers.com\/en\/wp-json\/wp\/v2\/comments?post=36081"}],"wp:featuredmedia":[{"embeddable":true,"href":"https:\/\/www.mexicanguitarplayers.com\/en\/wp-json\/wp\/v2\/media\/36077"}],"wp:attachment":[{"href":"https:\/\/www.mexicanguitarplayers.com\/en\/wp-json\/wp\/v2\/media?parent=36081"}],"wp:term":[{"taxonomy":"pwb-brand","embeddable":true,"href":"https:\/\/www.mexicanguitarplayers.com\/en\/wp-json\/wp\/v2\/pwb-brand?post=36081"},{"taxonomy":"product_brand","embeddable":true,"href":"https:\/\/www.mexicanguitarplayers.com\/en\/wp-json\/wp\/v2\/product_brand?post=36081"},{"taxonomy":"product_cat","embeddable":true,"href":"https:\/\/www.mexicanguitarplayers.com\/en\/wp-json\/wp\/v2\/product_cat?post=36081"},{"taxonomy":"product_tag","embeddable":true,"href":"https:\/\/www.mexicanguitarplayers.com\/en\/wp-json\/wp\/v2\/product_tag?post=36081"}],"curies":[{"name":"wp","href":"https:\/\/api.w.org\/{rel}","templated":true}]}}