{"id":36122,"date":"2025-04-08T22:29:02","date_gmt":"2025-04-09T04:29:02","guid":{"rendered":"https:\/\/www.mexicanguitarplayers.com\/tienda\/sin categor\u00eda\/afinador-mars-cromatico-mod-mrs-1000x\/"},"modified":"2026-05-01T07:20:42","modified_gmt":"2026-05-01T13:20:42","slug":"afinador-mars-cromatico-mod-mrs-1000x","status":"publish","type":"product","link":"https:\/\/www.mexicanguitarplayers.com\/en\/tienda\/accesorios\/afinadores-y-metronomos\/afinadores\/afinadores-cromaticos\/afinador-mars-cromatico-mod-mrs-1000x\/","title":{"rendered":"AFINADOR MARS CROMATICO MOD. MRS-1000X"},"content":{"rendered":"<div style=\"text-align: justify\">\n<div>\n<h3>Afinador Clip: Precisi\u00f3n y Estilo para Tu Instrumento<\/h3>\n<\/div>\n<div>Este afinador clip es la herramienta ideal para m\u00fasicos que buscan precisi\u00f3n y comodidad. Su dise\u00f1o robusto, pero flexible, permite un ajuste seguro en el clavijero de tu instrumento, garantizando estabilidad durante el uso. Equipado con un sencillo bot\u00f3n de encendido\/apagado, puedes activarlo f\u00e1cilmente con solo mantener presionado el bot\u00f3n POWER por dos segundos. El bot\u00f3n SEL te permite navegar por los par\u00e1metros ajustables, mientras que el bot\u00f3n ADJ facilita la configuraci\u00f3n del modo de afinaci\u00f3n y el tono de referencia. Adem\u00e1s, puedes establecer afinaciones en bemol, disponible en los modos de Guitarra y Bajo. Con su dise\u00f1o pr\u00e1ctico y funcional, este afinador es perfecto para cualquier m\u00fasico, desde principiantes hasta profesionales, asegurando que tu instrumento suene siempre en su mejor tonalidad. <\/div>\n<div>\n<h4>Quick look<\/h4>\n<\/div>\n<ul style=\"margin: 0px 0px 0px 25px\">\n<li style=\"list-style-type: circle;margin: 5px\">Kind<\/li>\n<li style=\"list-style-type: circle;margin: 5px\">Modos de Afinaci\u00f3n<\/li>\n<li style=\"list-style-type: circle;margin: 5px\">Bater\u00eda<\/li>\n<li style=\"list-style-type: circle;margin: 5px\">Pantalla<\/li>\n<li style=\"list-style-type: circle;margin: 5px\">Clip<\/li>\n<li style=\"list-style-type: circle;margin: 5px\">Function<\/li>\n<li style=\"list-style-type: circle;margin: 5px\">Rango de afinaci\u00f3n<\/li>\n<li style=\"list-style-type: circle;margin: 5px\">M\u00e9todo de detecci\u00f3n<\/li>\n<li style=\"list-style-type: circle;margin: 5px\">Tono de referencia<\/li>\n<li style=\"list-style-type: circle;margin: 5px\">Modos de afinaci\u00f3n<\/li>\n<li style=\"list-style-type: circle;margin: 5px\">Precisi\u00f3n de afinaci\u00f3n<\/li>\n<li style=\"list-style-type: circle;margin: 5px\">Energ\u00eda<\/li>\n<li style=\"list-style-type: circle;margin: 5px\">Dimensions<\/li>\n<li style=\"list-style-type: circle;margin: 5px\">Weight<\/li>\n<\/ul>\n<div>\n<div style=\"font-weight: bold\">Kind<\/div>\n<div>\n<p>Afinador crom\u00e1tico<\/p>\n<\/div>\n<div style=\"font-weight: bold\">Modos de Afinaci\u00f3n<\/div>\n<div>\n<p>Guitarra, Bajo, Ukelele y Viol\u00edn<\/p>\n<\/div>\n<div style=\"font-weight: bold\">Bater\u00eda<\/div>\n<div>\n<p>Recargable incorporada (hasta 10 horas de uso continuo por carga)<\/p>\n<\/div>\n<div style=\"font-weight: bold\">Pantalla<\/div>\n<div>\n<p>A color, de alto contraste<\/p>\n<\/div>\n<div style=\"font-weight: bold\">Clip<\/div>\n<div>\n<p>Fuerte y flexible para un ajuste seguro y el mejor \u00e1ngulo de visi\u00f3n<\/p>\n<\/div>\n<div style=\"font-weight: bold\">Function<\/div>\n<div>\n<p>Apagado autom\u00e1tico para maximizar la vida de la bater\u00eda<\/p>\n<\/div>\n<div style=\"font-weight: bold\">Rango de afinaci\u00f3n<\/div>\n<div>\n<p>A0(27.50Hz) ~ C8(4186Hz)<\/p>\n<\/div>\n<div style=\"font-weight: bold\">M\u00e9todo de detecci\u00f3n<\/div>\n<div>\n<p>Pieza (clip)<\/p>\n<\/div>\n<div style=\"font-weight: bold\">Tono de referencia<\/div>\n<div>\n<p>431Hz-449Hz<\/p>\n<\/div>\n<div style=\"font-weight: bold\">Modos de afinaci\u00f3n<\/div>\n<div>\n<p>Crom\u00e1tico, guitarra, bajo, ukelele, bar\u00edtono<\/p>\n<\/div>\n<div style=\"font-weight: bold\">Precisi\u00f3n de afinaci\u00f3n<\/div>\n<div>\n<p>+- 1 cent<\/p>\n<\/div>\n<div style=\"font-weight: bold\">Energ\u00eda<\/div>\n<div>\n<p>Bater\u00eda recargable Li-Po incorporada<\/p>\n<\/div>\n<div style=\"font-weight: bold\">Dimensions<\/div>\n<div>\n<p>49(L) x 26(w) x 40(H) mm<\/p>\n<\/div>\n<div style=\"font-weight: bold\">Weight<\/div>\n<div>\n<p>21g<\/p>\n<\/div>\n<\/div>\n<\/div>","protected":false},"excerpt":{"rendered":"<p>El afinador clip es una herramienta esencial para m\u00fasicos que buscan precisi\u00f3n y facilidad. Su dise\u00f1o robusto se adapta firmemente al clavijero, garantizando estabilidad. Con un simple bot\u00f3n para encenderlo y opciones intuitivas para seleccionar y ajustar par\u00e1metros, afinar tu instrumento es r\u00e1pido y sencillo.&hellip; <a class=\"kt-excerpt-readmore more-link\" href=\"https:\/\/www.mexicanguitarplayers.com\/en\/tienda\/accesorios\/afinadores-y-metronomos\/afinadores\/afinadores-cromaticos\/afinador-mars-cromatico-mod-mrs-1000x\/\">Read more<\/a><\/p>","protected":false},"featured_media":36117,"comment_status":"open","ping_status":"closed","template":"","meta":{"kt_blocks_editor_width":""},"pwb-brand":[332],"product_brand":[],"product_cat":[85,423,424,422],"product_tag":[],"class_list":{"0":"post-36122","1":"product","2":"type-product","3":"status-publish","4":"has-post-thumbnail","6":"pwb-brand-mars","7":"product_cat-accesorios","8":"product_cat-afinadores","9":"product_cat-afinadores-cromaticos","10":"product_cat-afinadores-y-metronomos","11":"product_shipping_class-0-5-kg","13":"first","14":"instock","15":"taxable","16":"shipping-taxable","17":"purchasable","18":"product-type-simple"},"yoast_head":"<!-- This site is optimized with the Yoast SEO plugin v27.6 - https:\/\/yoast.com\/product\/yoast-seo-wordpress\/ -->\n<title>AFINADOR MARS CROMATICO MOD. MRS-1000X - Mexican Guitar Players<\/title>\n<meta name=\"description\" content=\"El afinador clip es una herramienta esencial para m\u00fasicos que buscan precisi\u00f3n y facilidad. Su dise\u00f1o robusto se adapta firmemente al clavijero, garantizando estabilidad. Con un simple bot\u00f3n para encenderlo y opciones intuitivas para seleccionar y ajustar par\u00e1metros, afinar tu instrumento es r\u00e1pido y sencillo.\" \/>\n<meta name=\"robots\" content=\"index, follow, max-snippet:-1, max-image-preview:large, max-video-preview:-1\" \/>\n<link rel=\"canonical\" href=\"https:\/\/www.mexicanguitarplayers.com\/en\/tienda\/sin%20categor\u00eda\/afinador-mars-cromatico-mod-mrs-1000x\/\" \/>\n<meta property=\"og:locale\" content=\"en_US\" \/>\n<meta property=\"og:type\" content=\"article\" \/>\n<meta property=\"og:title\" content=\"AFINADOR MARS CROMATICO MOD. MRS-1000X - Mexican Guitar Players\" \/>\n<meta property=\"og:description\" content=\"El afinador clip es una herramienta esencial para m\u00fasicos que buscan precisi\u00f3n y facilidad. Su dise\u00f1o robusto se adapta firmemente al clavijero, garantizando estabilidad. Con un simple bot\u00f3n para encenderlo y opciones intuitivas para seleccionar y ajustar par\u00e1metros, afinar tu instrumento es r\u00e1pido y sencillo.\" \/>\n<meta property=\"og:url\" content=\"https:\/\/www.mexicanguitarplayers.com\/en\/tienda\/sin categor\u00eda\/afinador-mars-cromatico-mod-mrs-1000x\/\" \/>\n<meta property=\"og:site_name\" content=\"Mexican Guitar Players\" \/>\n<meta property=\"article:modified_time\" content=\"2026-05-01T13:20:42+00:00\" \/>\n<meta name=\"twitter:card\" content=\"summary_large_image\" \/>\n<meta name=\"twitter:label1\" content=\"Est. reading time\" \/>\n\t<meta name=\"twitter:data1\" content=\"1 minute\" \/>\n<script type=\"application\/ld+json\" class=\"yoast-schema-graph\">{\"@context\":\"https:\\\/\\\/schema.org\",\"@graph\":[{\"@type\":[\"WebPage\",\"ItemPage\"],\"@id\":\"https:\\\/\\\/www.mexicanguitarplayers.com\\\/tienda\\\/sin categor\u00eda\\\/afinador-mars-cromatico-mod-mrs-1000x\\\/\",\"url\":\"https:\\\/\\\/www.mexicanguitarplayers.com\\\/tienda\\\/sin categor\u00eda\\\/afinador-mars-cromatico-mod-mrs-1000x\\\/\",\"name\":\"AFINADOR MARS CROMATICO MOD. MRS-1000X - Mexican Guitar Players\",\"isPartOf\":{\"@id\":\"https:\\\/\\\/www.mexicanguitarplayers.com\\\/#website\"},\"primaryImageOfPage\":{\"@id\":\"https:\\\/\\\/www.mexicanguitarplayers.com\\\/tienda\\\/sin categor\u00eda\\\/afinador-mars-cromatico-mod-mrs-1000x\\\/#primaryimage\"},\"image\":{\"@id\":\"https:\\\/\\\/www.mexicanguitarplayers.com\\\/tienda\\\/sin categor\u00eda\\\/afinador-mars-cromatico-mod-mrs-1000x\\\/#primaryimage\"},\"thumbnailUrl\":\"https:\\\/\\\/www.mexicanguitarplayers.com\\\/wp-content\\\/uploads\\\/2025\\\/04\\\/VAMASMRS1000X.png\",\"datePublished\":\"2025-04-09T04:29:02+00:00\",\"dateModified\":\"2026-05-01T13:20:42+00:00\",\"description\":\"El afinador clip es una herramienta esencial para m\u00fasicos que buscan precisi\u00f3n y facilidad. Su dise\u00f1o robusto se adapta firmemente al clavijero, garantizando estabilidad. Con un simple bot\u00f3n para encenderlo y opciones intuitivas para seleccionar y ajustar par\u00e1metros, afinar tu instrumento es r\u00e1pido y sencillo.\",\"breadcrumb\":{\"@id\":\"https:\\\/\\\/www.mexicanguitarplayers.com\\\/tienda\\\/sin categor\u00eda\\\/afinador-mars-cromatico-mod-mrs-1000x\\\/#breadcrumb\"},\"inLanguage\":\"en-US\",\"potentialAction\":[{\"@type\":\"ReadAction\",\"target\":[\"https:\\\/\\\/www.mexicanguitarplayers.com\\\/tienda\\\/sin categor\u00eda\\\/afinador-mars-cromatico-mod-mrs-1000x\\\/\"]}]},{\"@type\":\"ImageObject\",\"inLanguage\":\"en-US\",\"@id\":\"https:\\\/\\\/www.mexicanguitarplayers.com\\\/tienda\\\/sin categor\u00eda\\\/afinador-mars-cromatico-mod-mrs-1000x\\\/#primaryimage\",\"url\":\"https:\\\/\\\/www.mexicanguitarplayers.com\\\/wp-content\\\/uploads\\\/2025\\\/04\\\/VAMASMRS1000X.png\",\"contentUrl\":\"https:\\\/\\\/www.mexicanguitarplayers.com\\\/wp-content\\\/uploads\\\/2025\\\/04\\\/VAMASMRS1000X.png\",\"width\":1200,\"height\":1200},{\"@type\":\"BreadcrumbList\",\"@id\":\"https:\\\/\\\/www.mexicanguitarplayers.com\\\/tienda\\\/sin categor\u00eda\\\/afinador-mars-cromatico-mod-mrs-1000x\\\/#breadcrumb\",\"itemListElement\":[{\"@type\":\"ListItem\",\"position\":1,\"name\":\"Portada\",\"item\":\"https:\\\/\\\/www.mexicanguitarplayers.com\\\/\"},{\"@type\":\"ListItem\",\"position\":2,\"name\":\"Tienda\",\"item\":\"https:\\\/\\\/www.mexicanguitarplayers.com\\\/tienda\\\/\"},{\"@type\":\"ListItem\",\"position\":3,\"name\":\"AFINADOR MARS CROMATICO MOD. MRS-1000X\"}]},{\"@type\":\"WebSite\",\"@id\":\"https:\\\/\\\/www.mexicanguitarplayers.com\\\/#website\",\"url\":\"https:\\\/\\\/www.mexicanguitarplayers.com\\\/\",\"name\":\"Mexican Guitar Players\",\"description\":\"Website\",\"publisher\":{\"@id\":\"https:\\\/\\\/www.mexicanguitarplayers.com\\\/#organization\"},\"potentialAction\":[{\"@type\":\"SearchAction\",\"target\":{\"@type\":\"EntryPoint\",\"urlTemplate\":\"https:\\\/\\\/www.mexicanguitarplayers.com\\\/?s={search_term_string}\"},\"query-input\":{\"@type\":\"PropertyValueSpecification\",\"valueRequired\":true,\"valueName\":\"search_term_string\"}}],\"inLanguage\":\"en-US\"},{\"@type\":\"Organization\",\"@id\":\"https:\\\/\\\/www.mexicanguitarplayers.com\\\/#organization\",\"name\":\"Mexican Guitar Players\",\"url\":\"https:\\\/\\\/www.mexicanguitarplayers.com\\\/\",\"logo\":{\"@type\":\"ImageObject\",\"inLanguage\":\"en-US\",\"@id\":\"https:\\\/\\\/www.mexicanguitarplayers.com\\\/#\\\/schema\\\/logo\\\/image\\\/\",\"url\":\"\",\"contentUrl\":\"\",\"caption\":\"Mexican Guitar Players\"},\"image\":{\"@id\":\"https:\\\/\\\/www.mexicanguitarplayers.com\\\/#\\\/schema\\\/logo\\\/image\\\/\"}}]}<\/script>\n<!-- \/ Yoast SEO plugin. -->","yoast_head_json":{"title":"AFINADOR MARS CROMATICO MOD. MRS-1000X - Mexican Guitar Players","description":"El afinador clip es una herramienta esencial para m\u00fasicos que buscan precisi\u00f3n y facilidad. Su dise\u00f1o robusto se adapta firmemente al clavijero, garantizando estabilidad. Con un simple bot\u00f3n para encenderlo y opciones intuitivas para seleccionar y ajustar par\u00e1metros, afinar tu instrumento es r\u00e1pido y sencillo.","robots":{"index":"index","follow":"follow","max-snippet":"max-snippet:-1","max-image-preview":"max-image-preview:large","max-video-preview":"max-video-preview:-1"},"canonical":"https:\/\/www.mexicanguitarplayers.com\/en\/tienda\/sin categor\u00eda\/afinador-mars-cromatico-mod-mrs-1000x\/","og_locale":"en_US","og_type":"article","og_title":"AFINADOR MARS CROMATICO MOD. MRS-1000X - Mexican Guitar Players","og_description":"El afinador clip es una herramienta esencial para m\u00fasicos que buscan precisi\u00f3n y facilidad. Su dise\u00f1o robusto se adapta firmemente al clavijero, garantizando estabilidad. Con un simple bot\u00f3n para encenderlo y opciones intuitivas para seleccionar y ajustar par\u00e1metros, afinar tu instrumento es r\u00e1pido y sencillo.","og_url":"https:\/\/www.mexicanguitarplayers.com\/en\/tienda\/sin categor\u00eda\/afinador-mars-cromatico-mod-mrs-1000x\/","og_site_name":"Mexican Guitar Players","article_modified_time":"2026-05-01T13:20:42+00:00","twitter_card":"summary_large_image","twitter_misc":{"Est. reading time":"1 minute"},"schema":{"@context":"https:\/\/schema.org","@graph":[{"@type":["WebPage","ItemPage"],"@id":"https:\/\/www.mexicanguitarplayers.com\/tienda\/sin categor\u00eda\/afinador-mars-cromatico-mod-mrs-1000x\/","url":"https:\/\/www.mexicanguitarplayers.com\/tienda\/sin categor\u00eda\/afinador-mars-cromatico-mod-mrs-1000x\/","name":"AFINADOR MARS CROMATICO MOD. MRS-1000X - Mexican Guitar Players","isPartOf":{"@id":"https:\/\/www.mexicanguitarplayers.com\/#website"},"primaryImageOfPage":{"@id":"https:\/\/www.mexicanguitarplayers.com\/tienda\/sin categor\u00eda\/afinador-mars-cromatico-mod-mrs-1000x\/#primaryimage"},"image":{"@id":"https:\/\/www.mexicanguitarplayers.com\/tienda\/sin categor\u00eda\/afinador-mars-cromatico-mod-mrs-1000x\/#primaryimage"},"thumbnailUrl":"https:\/\/www.mexicanguitarplayers.com\/wp-content\/uploads\/2025\/04\/VAMASMRS1000X.png","datePublished":"2025-04-09T04:29:02+00:00","dateModified":"2026-05-01T13:20:42+00:00","description":"El afinador clip es una herramienta esencial para m\u00fasicos que buscan precisi\u00f3n y facilidad. Su dise\u00f1o robusto se adapta firmemente al clavijero, garantizando estabilidad. Con un simple bot\u00f3n para encenderlo y opciones intuitivas para seleccionar y ajustar par\u00e1metros, afinar tu instrumento es r\u00e1pido y sencillo.","breadcrumb":{"@id":"https:\/\/www.mexicanguitarplayers.com\/tienda\/sin categor\u00eda\/afinador-mars-cromatico-mod-mrs-1000x\/#breadcrumb"},"inLanguage":"en-US","potentialAction":[{"@type":"ReadAction","target":["https:\/\/www.mexicanguitarplayers.com\/tienda\/sin categor\u00eda\/afinador-mars-cromatico-mod-mrs-1000x\/"]}]},{"@type":"ImageObject","inLanguage":"en-US","@id":"https:\/\/www.mexicanguitarplayers.com\/tienda\/sin categor\u00eda\/afinador-mars-cromatico-mod-mrs-1000x\/#primaryimage","url":"https:\/\/www.mexicanguitarplayers.com\/wp-content\/uploads\/2025\/04\/VAMASMRS1000X.png","contentUrl":"https:\/\/www.mexicanguitarplayers.com\/wp-content\/uploads\/2025\/04\/VAMASMRS1000X.png","width":1200,"height":1200},{"@type":"BreadcrumbList","@id":"https:\/\/www.mexicanguitarplayers.com\/tienda\/sin categor\u00eda\/afinador-mars-cromatico-mod-mrs-1000x\/#breadcrumb","itemListElement":[{"@type":"ListItem","position":1,"name":"Portada","item":"https:\/\/www.mexicanguitarplayers.com\/"},{"@type":"ListItem","position":2,"name":"Tienda","item":"https:\/\/www.mexicanguitarplayers.com\/tienda\/"},{"@type":"ListItem","position":3,"name":"AFINADOR MARS CROMATICO MOD. MRS-1000X"}]},{"@type":"WebSite","@id":"https:\/\/www.mexicanguitarplayers.com\/#website","url":"https:\/\/www.mexicanguitarplayers.com\/","name":"Mexican Guitar Players","description":"Website","publisher":{"@id":"https:\/\/www.mexicanguitarplayers.com\/#organization"},"potentialAction":[{"@type":"SearchAction","target":{"@type":"EntryPoint","urlTemplate":"https:\/\/www.mexicanguitarplayers.com\/?s={search_term_string}"},"query-input":{"@type":"PropertyValueSpecification","valueRequired":true,"valueName":"search_term_string"}}],"inLanguage":"en-US"},{"@type":"Organization","@id":"https:\/\/www.mexicanguitarplayers.com\/#organization","name":"Mexican Guitar Players","url":"https:\/\/www.mexicanguitarplayers.com\/","logo":{"@type":"ImageObject","inLanguage":"en-US","@id":"https:\/\/www.mexicanguitarplayers.com\/#\/schema\/logo\/image\/","url":"","contentUrl":"","caption":"Mexican Guitar Players"},"image":{"@id":"https:\/\/www.mexicanguitarplayers.com\/#\/schema\/logo\/image\/"}}]}},"brands":[{"id":332,"name":"MARS","slug":"mars"}],"_links":{"self":[{"href":"https:\/\/www.mexicanguitarplayers.com\/en\/wp-json\/wp\/v2\/product\/36122","targetHints":{"allow":["GET"]}}],"collection":[{"href":"https:\/\/www.mexicanguitarplayers.com\/en\/wp-json\/wp\/v2\/product"}],"about":[{"href":"https:\/\/www.mexicanguitarplayers.com\/en\/wp-json\/wp\/v2\/types\/product"}],"replies":[{"embeddable":true,"href":"https:\/\/www.mexicanguitarplayers.com\/en\/wp-json\/wp\/v2\/comments?post=36122"}],"wp:featuredmedia":[{"embeddable":true,"href":"https:\/\/www.mexicanguitarplayers.com\/en\/wp-json\/wp\/v2\/media\/36117"}],"wp:attachment":[{"href":"https:\/\/www.mexicanguitarplayers.com\/en\/wp-json\/wp\/v2\/media?parent=36122"}],"wp:term":[{"taxonomy":"pwb-brand","embeddable":true,"href":"https:\/\/www.mexicanguitarplayers.com\/en\/wp-json\/wp\/v2\/pwb-brand?post=36122"},{"taxonomy":"product_brand","embeddable":true,"href":"https:\/\/www.mexicanguitarplayers.com\/en\/wp-json\/wp\/v2\/product_brand?post=36122"},{"taxonomy":"product_cat","embeddable":true,"href":"https:\/\/www.mexicanguitarplayers.com\/en\/wp-json\/wp\/v2\/product_cat?post=36122"},{"taxonomy":"product_tag","embeddable":true,"href":"https:\/\/www.mexicanguitarplayers.com\/en\/wp-json\/wp\/v2\/product_tag?post=36122"}],"curies":[{"name":"wp","href":"https:\/\/api.w.org\/{rel}","templated":true}]}}