{"id":36128,"date":"2025-04-08T22:29:11","date_gmt":"2025-04-09T04:29:11","guid":{"rendered":"https:\/\/www.mexicanguitarplayers.com\/tienda\/sin categor\u00eda\/pastilla-sd-brazo-hb-sentient-7cr-bk-me\/"},"modified":"2026-05-01T07:20:42","modified_gmt":"2026-05-01T13:20:42","slug":"pastilla-sd-brazo-hb-sentient-7cr-bk-me","status":"publish","type":"product","link":"https:\/\/www.mexicanguitarplayers.com\/en\/tienda\/accesorios\/para-guitarras\/pastillas-para-guitarra-electrica\/pastilla-sd-brazo-hb-sentient-7cr-bk-me\/","title":{"rendered":"PASTILLA SD BRAZO HB SENTIENT 7CR BK ME"},"content":{"rendered":"<div style=\"text-align: justify\">\n<div>\n<h3>Un nuevo tono equilibrado y vers\u00e1ti.se regocijan.<\/h3>\n<\/div>\n<div>El humbucker Sentient fue dise\u00f1ado originalmente para acompa\u00f1ar a las pastillas pasivas de puente Nazg\u00fbl y Pegasus. Ofrece un tono equilibrado y vers\u00e1til que encaja perfectamente entre el modelo 59 y la pastilla Jazz para brazo. Obtendr\u00e1s limpiezas impecables para intrincados acordes y ejecuciones de una sola nota con conductores fluidos con alta ganancia. Sentient es una pastilla de salida vintage muy articulada con una gran respuesta din\u00e1mica y un amplio rango arm\u00f3nico. Funciona muy bien para afinaciones bajas en todas las guitarras equipadas con humbucker. Est\u00e1 disponible en opciones de 6, 7 y 8 cuerdas. Las opciones de rango extendido vienen en una opci\u00f3n de un aspecto est\u00e1ndar open-coil o una cubierta humbucker de metal negro, ambas en un montaje cl\u00e1sico pasivo que se adapta f\u00e1cilmente a cualquier guitarra con bobinado tradicional. O tambi\u00e9n lo hacemos en un tama\u00f1o de montaje activo est\u00e1ndar con una cubierta soapbar negra con una fila de postes expuestos para una apariencia moderna. Comb\u00ednalo con los humbuckers pasivos de puente Nazg\u00fbl o Pegasus para obtener un tono de metal perfectamente balanceado. Fabricado a mano en nuestra f\u00e1brica de Santa B\u00e1rbara, CA, la pastilla Sentient utiliza un im\u00e1n de barra de alnico 5, placa inferior de n\u00edquel plateado, cable de 4 conductores para m\u00faltiples opciones de cableado y est\u00e1 recubierto de cera al vac\u00edo para un rendimiento sin chirridos.<\/div>\n<div>\n<h4>Quick look<\/h4>\n<\/div>\n<ul style=\"margin: 0px 0px 0px 25px\">\n<li style=\"list-style-type: circle;margin: 5px\">Modelo.<\/li>\n<li style=\"list-style-type: circle;margin: 5px\">Posici\u00f3n.<\/li>\n<li style=\"list-style-type: circle;margin: 5px\">Espaciado.<\/li>\n<li style=\"list-style-type: circle;margin: 5px\">Alambrado.<\/li>\n<li style=\"list-style-type: circle;margin: 5px\">Im\u00e1n.<\/li>\n<li style=\"list-style-type: circle;margin: 5px\">Resistencia.<\/li>\n<\/ul>\n<div>\n<div style=\"font-weight: bold\">Modelo.<\/div>\n<div>\n<p>Sentient.<\/p>\n<\/div>\n<div style=\"font-weight: bold\">Posici\u00f3n.<\/div>\n<div>\n<p>Para brazo.<\/p>\n<\/div>\n<div style=\"font-weight: bold\">Espaciado.<\/div>\n<div>\n<p>Est\u00e1ndar.<\/p>\n<\/div>\n<div style=\"font-weight: bold\">Alambrado.<\/div>\n<div>\n<p>4 conductores, blindado.<\/p>\n<\/div>\n<div style=\"font-weight: bold\">Im\u00e1n.<\/div>\n<div>\n<p>Alnico 5.<\/p>\n<\/div>\n<div style=\"font-weight: bold\">Resistencia.<\/div>\n<div>\n<p>9.2 kilo-ohms.<\/p>\n<\/div>\n<\/div>\n<\/div>","protected":false},"excerpt":{"rendered":"<p>Pastilla humbucker para guitarra el\u00e9ctrica de 7 cuerdas, modelo Sentient, posici\u00f3n: brazo, cableado: 4 conductores, blindado, tipo: pasivo, im\u00e1n: alnico 5, espaciado est\u00e1ndar, cubierta met\u00e1lica negra, resistencia: 9.2 kilo-ohms, tono equilibrado y vers\u00e1til, limpios impecables, salida vintage articulada, gran respuesta, ya sea que toques limpio o por medio del m\u00e1s sucio de los canales de alta ganancia, la pastilla Sentient para brazo ofrece la articulaci\u00f3n que exigen los m\u00fasicos modernos de metal.&hellip; <a class=\"kt-excerpt-readmore more-link\" href=\"https:\/\/www.mexicanguitarplayers.com\/en\/tienda\/accesorios\/para-guitarras\/pastillas-para-guitarra-electrica\/pastilla-sd-brazo-hb-sentient-7cr-bk-me\/\">Read more<\/a><\/p>","protected":false},"featured_media":36123,"comment_status":"open","ping_status":"closed","template":"","meta":{"kt_blocks_editor_width":""},"pwb-brand":[502],"product_brand":[],"product_cat":[85,336,353],"product_tag":[],"class_list":{"0":"post-36128","1":"product","2":"type-product","3":"status-publish","4":"has-post-thumbnail","6":"pwb-brand-seymour-duncan","7":"product_cat-accesorios","8":"product_cat-para-guitarras","9":"product_cat-pastillas-para-guitarra-electrica","10":"product_shipping_class-0-5-kg","12":"first","13":"instock","14":"taxable","15":"shipping-taxable","16":"purchasable","17":"product-type-simple"},"yoast_head":"<!-- This site is optimized with the Yoast SEO plugin v27.5 - https:\/\/yoast.com\/product\/yoast-seo-wordpress\/ -->\n<title>PASTILLA SD BRAZO HB SENTIENT 7CR BK ME - Mexican Guitar Players<\/title>\n<meta name=\"description\" content=\"Pastilla humbucker para guitarra el\u00e9ctrica de 7 cuerdas, modelo Sentient, posici\u00f3n: brazo, cableado: 4 conductores, blindado, tipo: pasivo, im\u00e1n: alnico 5, espaciado est\u00e1ndar, cubierta met\u00e1lica negra, resistencia: 9.2 kilo-ohms, tono equilibrado y vers\u00e1til, limpios impecables, salida vintage articulada, gran respuesta, ya sea que toques limpio o por medio del m\u00e1s sucio de los canales de alta ganancia, la pastilla Sentient para brazo ofrece la articulaci\u00f3n que exigen los m\u00fasicos modernos de metal.\" \/>\n<meta name=\"robots\" content=\"index, follow, max-snippet:-1, max-image-preview:large, max-video-preview:-1\" \/>\n<link rel=\"canonical\" href=\"https:\/\/www.mexicanguitarplayers.com\/en\/tienda\/sin%20categor\u00eda\/pastilla-sd-brazo-hb-sentient-7cr-bk-me\/\" \/>\n<meta property=\"og:locale\" content=\"en_US\" \/>\n<meta property=\"og:type\" content=\"article\" \/>\n<meta property=\"og:title\" content=\"PASTILLA SD BRAZO HB SENTIENT 7CR BK ME - Mexican Guitar Players\" \/>\n<meta property=\"og:description\" content=\"Pastilla humbucker para guitarra el\u00e9ctrica de 7 cuerdas, modelo Sentient, posici\u00f3n: brazo, cableado: 4 conductores, blindado, tipo: pasivo, im\u00e1n: alnico 5, espaciado est\u00e1ndar, cubierta met\u00e1lica negra, resistencia: 9.2 kilo-ohms, tono equilibrado y vers\u00e1til, limpios impecables, salida vintage articulada, gran respuesta, ya sea que toques limpio o por medio del m\u00e1s sucio de los canales de alta ganancia, la pastilla Sentient para brazo ofrece la articulaci\u00f3n que exigen los m\u00fasicos modernos de metal.\" \/>\n<meta property=\"og:url\" content=\"https:\/\/www.mexicanguitarplayers.com\/en\/tienda\/sin categor\u00eda\/pastilla-sd-brazo-hb-sentient-7cr-bk-me\/\" \/>\n<meta property=\"og:site_name\" content=\"Mexican Guitar Players\" \/>\n<meta property=\"article:modified_time\" content=\"2026-05-01T13:20:42+00:00\" \/>\n<meta name=\"twitter:card\" content=\"summary_large_image\" \/>\n<meta name=\"twitter:label1\" content=\"Est. reading time\" \/>\n\t<meta name=\"twitter:data1\" content=\"1 minute\" \/>\n<script type=\"application\/ld+json\" class=\"yoast-schema-graph\">{\"@context\":\"https:\\\/\\\/schema.org\",\"@graph\":[{\"@type\":[\"WebPage\",\"ItemPage\"],\"@id\":\"https:\\\/\\\/www.mexicanguitarplayers.com\\\/tienda\\\/sin categor\u00eda\\\/pastilla-sd-brazo-hb-sentient-7cr-bk-me\\\/\",\"url\":\"https:\\\/\\\/www.mexicanguitarplayers.com\\\/tienda\\\/sin categor\u00eda\\\/pastilla-sd-brazo-hb-sentient-7cr-bk-me\\\/\",\"name\":\"PASTILLA SD BRAZO HB SENTIENT 7CR BK ME - Mexican Guitar Players\",\"isPartOf\":{\"@id\":\"https:\\\/\\\/www.mexicanguitarplayers.com\\\/#website\"},\"primaryImageOfPage\":{\"@id\":\"https:\\\/\\\/www.mexicanguitarplayers.com\\\/tienda\\\/sin categor\u00eda\\\/pastilla-sd-brazo-hb-sentient-7cr-bk-me\\\/#primaryimage\"},\"image\":{\"@id\":\"https:\\\/\\\/www.mexicanguitarplayers.com\\\/tienda\\\/sin categor\u00eda\\\/pastilla-sd-brazo-hb-sentient-7cr-bk-me\\\/#primaryimage\"},\"thumbnailUrl\":\"https:\\\/\\\/www.mexicanguitarplayers.com\\\/wp-content\\\/uploads\\\/2025\\\/04\\\/RASEO7STRSNPMB.jpg\",\"datePublished\":\"2025-04-09T04:29:11+00:00\",\"dateModified\":\"2026-05-01T13:20:42+00:00\",\"description\":\"Pastilla humbucker para guitarra el\u00e9ctrica de 7 cuerdas, modelo Sentient, posici\u00f3n: brazo, cableado: 4 conductores, blindado, tipo: pasivo, im\u00e1n: alnico 5, espaciado est\u00e1ndar, cubierta met\u00e1lica negra, resistencia: 9.2 kilo-ohms, tono equilibrado y vers\u00e1til, limpios impecables, salida vintage articulada, gran respuesta, ya sea que toques limpio o por medio del m\u00e1s sucio de los canales de alta ganancia, la pastilla Sentient para brazo ofrece la articulaci\u00f3n que exigen los m\u00fasicos modernos de metal.\",\"breadcrumb\":{\"@id\":\"https:\\\/\\\/www.mexicanguitarplayers.com\\\/tienda\\\/sin categor\u00eda\\\/pastilla-sd-brazo-hb-sentient-7cr-bk-me\\\/#breadcrumb\"},\"inLanguage\":\"en-US\",\"potentialAction\":[{\"@type\":\"ReadAction\",\"target\":[\"https:\\\/\\\/www.mexicanguitarplayers.com\\\/tienda\\\/sin categor\u00eda\\\/pastilla-sd-brazo-hb-sentient-7cr-bk-me\\\/\"]}]},{\"@type\":\"ImageObject\",\"inLanguage\":\"en-US\",\"@id\":\"https:\\\/\\\/www.mexicanguitarplayers.com\\\/tienda\\\/sin categor\u00eda\\\/pastilla-sd-brazo-hb-sentient-7cr-bk-me\\\/#primaryimage\",\"url\":\"https:\\\/\\\/www.mexicanguitarplayers.com\\\/wp-content\\\/uploads\\\/2025\\\/04\\\/RASEO7STRSNPMB.jpg\",\"contentUrl\":\"https:\\\/\\\/www.mexicanguitarplayers.com\\\/wp-content\\\/uploads\\\/2025\\\/04\\\/RASEO7STRSNPMB.jpg\",\"width\":1600,\"height\":800},{\"@type\":\"BreadcrumbList\",\"@id\":\"https:\\\/\\\/www.mexicanguitarplayers.com\\\/tienda\\\/sin categor\u00eda\\\/pastilla-sd-brazo-hb-sentient-7cr-bk-me\\\/#breadcrumb\",\"itemListElement\":[{\"@type\":\"ListItem\",\"position\":1,\"name\":\"Portada\",\"item\":\"https:\\\/\\\/www.mexicanguitarplayers.com\\\/\"},{\"@type\":\"ListItem\",\"position\":2,\"name\":\"Tienda\",\"item\":\"https:\\\/\\\/www.mexicanguitarplayers.com\\\/tienda\\\/\"},{\"@type\":\"ListItem\",\"position\":3,\"name\":\"PASTILLA SD BRAZO HB SENTIENT 7CR BK ME\"}]},{\"@type\":\"WebSite\",\"@id\":\"https:\\\/\\\/www.mexicanguitarplayers.com\\\/#website\",\"url\":\"https:\\\/\\\/www.mexicanguitarplayers.com\\\/\",\"name\":\"Mexican Guitar Players\",\"description\":\"Website\",\"publisher\":{\"@id\":\"https:\\\/\\\/www.mexicanguitarplayers.com\\\/#organization\"},\"potentialAction\":[{\"@type\":\"SearchAction\",\"target\":{\"@type\":\"EntryPoint\",\"urlTemplate\":\"https:\\\/\\\/www.mexicanguitarplayers.com\\\/?s={search_term_string}\"},\"query-input\":{\"@type\":\"PropertyValueSpecification\",\"valueRequired\":true,\"valueName\":\"search_term_string\"}}],\"inLanguage\":\"en-US\"},{\"@type\":\"Organization\",\"@id\":\"https:\\\/\\\/www.mexicanguitarplayers.com\\\/#organization\",\"name\":\"Mexican Guitar Players\",\"url\":\"https:\\\/\\\/www.mexicanguitarplayers.com\\\/\",\"logo\":{\"@type\":\"ImageObject\",\"inLanguage\":\"en-US\",\"@id\":\"https:\\\/\\\/www.mexicanguitarplayers.com\\\/#\\\/schema\\\/logo\\\/image\\\/\",\"url\":\"\",\"contentUrl\":\"\",\"caption\":\"Mexican Guitar Players\"},\"image\":{\"@id\":\"https:\\\/\\\/www.mexicanguitarplayers.com\\\/#\\\/schema\\\/logo\\\/image\\\/\"}}]}<\/script>\n<!-- \/ Yoast SEO plugin. -->","yoast_head_json":{"title":"PASTILLA SD BRAZO HB SENTIENT 7CR BK ME - Mexican Guitar Players","description":"Pastilla humbucker para guitarra el\u00e9ctrica de 7 cuerdas, modelo Sentient, posici\u00f3n: brazo, cableado: 4 conductores, blindado, tipo: pasivo, im\u00e1n: alnico 5, espaciado est\u00e1ndar, cubierta met\u00e1lica negra, resistencia: 9.2 kilo-ohms, tono equilibrado y vers\u00e1til, limpios impecables, salida vintage articulada, gran respuesta, ya sea que toques limpio o por medio del m\u00e1s sucio de los canales de alta ganancia, la pastilla Sentient para brazo ofrece la articulaci\u00f3n que exigen los m\u00fasicos modernos de metal.","robots":{"index":"index","follow":"follow","max-snippet":"max-snippet:-1","max-image-preview":"max-image-preview:large","max-video-preview":"max-video-preview:-1"},"canonical":"https:\/\/www.mexicanguitarplayers.com\/en\/tienda\/sin categor\u00eda\/pastilla-sd-brazo-hb-sentient-7cr-bk-me\/","og_locale":"en_US","og_type":"article","og_title":"PASTILLA SD BRAZO HB SENTIENT 7CR BK ME - Mexican Guitar Players","og_description":"Pastilla humbucker para guitarra el\u00e9ctrica de 7 cuerdas, modelo Sentient, posici\u00f3n: brazo, cableado: 4 conductores, blindado, tipo: pasivo, im\u00e1n: alnico 5, espaciado est\u00e1ndar, cubierta met\u00e1lica negra, resistencia: 9.2 kilo-ohms, tono equilibrado y vers\u00e1til, limpios impecables, salida vintage articulada, gran respuesta, ya sea que toques limpio o por medio del m\u00e1s sucio de los canales de alta ganancia, la pastilla Sentient para brazo ofrece la articulaci\u00f3n que exigen los m\u00fasicos modernos de metal.","og_url":"https:\/\/www.mexicanguitarplayers.com\/en\/tienda\/sin categor\u00eda\/pastilla-sd-brazo-hb-sentient-7cr-bk-me\/","og_site_name":"Mexican Guitar Players","article_modified_time":"2026-05-01T13:20:42+00:00","twitter_card":"summary_large_image","twitter_misc":{"Est. reading time":"1 minute"},"schema":{"@context":"https:\/\/schema.org","@graph":[{"@type":["WebPage","ItemPage"],"@id":"https:\/\/www.mexicanguitarplayers.com\/tienda\/sin categor\u00eda\/pastilla-sd-brazo-hb-sentient-7cr-bk-me\/","url":"https:\/\/www.mexicanguitarplayers.com\/tienda\/sin categor\u00eda\/pastilla-sd-brazo-hb-sentient-7cr-bk-me\/","name":"PASTILLA SD BRAZO HB SENTIENT 7CR BK ME - Mexican Guitar Players","isPartOf":{"@id":"https:\/\/www.mexicanguitarplayers.com\/#website"},"primaryImageOfPage":{"@id":"https:\/\/www.mexicanguitarplayers.com\/tienda\/sin categor\u00eda\/pastilla-sd-brazo-hb-sentient-7cr-bk-me\/#primaryimage"},"image":{"@id":"https:\/\/www.mexicanguitarplayers.com\/tienda\/sin categor\u00eda\/pastilla-sd-brazo-hb-sentient-7cr-bk-me\/#primaryimage"},"thumbnailUrl":"https:\/\/www.mexicanguitarplayers.com\/wp-content\/uploads\/2025\/04\/RASEO7STRSNPMB.jpg","datePublished":"2025-04-09T04:29:11+00:00","dateModified":"2026-05-01T13:20:42+00:00","description":"Pastilla humbucker para guitarra el\u00e9ctrica de 7 cuerdas, modelo Sentient, posici\u00f3n: brazo, cableado: 4 conductores, blindado, tipo: pasivo, im\u00e1n: alnico 5, espaciado est\u00e1ndar, cubierta met\u00e1lica negra, resistencia: 9.2 kilo-ohms, tono equilibrado y vers\u00e1til, limpios impecables, salida vintage articulada, gran respuesta, ya sea que toques limpio o por medio del m\u00e1s sucio de los canales de alta ganancia, la pastilla Sentient para brazo ofrece la articulaci\u00f3n que exigen los m\u00fasicos modernos de metal.","breadcrumb":{"@id":"https:\/\/www.mexicanguitarplayers.com\/tienda\/sin categor\u00eda\/pastilla-sd-brazo-hb-sentient-7cr-bk-me\/#breadcrumb"},"inLanguage":"en-US","potentialAction":[{"@type":"ReadAction","target":["https:\/\/www.mexicanguitarplayers.com\/tienda\/sin categor\u00eda\/pastilla-sd-brazo-hb-sentient-7cr-bk-me\/"]}]},{"@type":"ImageObject","inLanguage":"en-US","@id":"https:\/\/www.mexicanguitarplayers.com\/tienda\/sin categor\u00eda\/pastilla-sd-brazo-hb-sentient-7cr-bk-me\/#primaryimage","url":"https:\/\/www.mexicanguitarplayers.com\/wp-content\/uploads\/2025\/04\/RASEO7STRSNPMB.jpg","contentUrl":"https:\/\/www.mexicanguitarplayers.com\/wp-content\/uploads\/2025\/04\/RASEO7STRSNPMB.jpg","width":1600,"height":800},{"@type":"BreadcrumbList","@id":"https:\/\/www.mexicanguitarplayers.com\/tienda\/sin categor\u00eda\/pastilla-sd-brazo-hb-sentient-7cr-bk-me\/#breadcrumb","itemListElement":[{"@type":"ListItem","position":1,"name":"Portada","item":"https:\/\/www.mexicanguitarplayers.com\/"},{"@type":"ListItem","position":2,"name":"Tienda","item":"https:\/\/www.mexicanguitarplayers.com\/tienda\/"},{"@type":"ListItem","position":3,"name":"PASTILLA SD BRAZO HB SENTIENT 7CR BK ME"}]},{"@type":"WebSite","@id":"https:\/\/www.mexicanguitarplayers.com\/#website","url":"https:\/\/www.mexicanguitarplayers.com\/","name":"Mexican Guitar Players","description":"Website","publisher":{"@id":"https:\/\/www.mexicanguitarplayers.com\/#organization"},"potentialAction":[{"@type":"SearchAction","target":{"@type":"EntryPoint","urlTemplate":"https:\/\/www.mexicanguitarplayers.com\/?s={search_term_string}"},"query-input":{"@type":"PropertyValueSpecification","valueRequired":true,"valueName":"search_term_string"}}],"inLanguage":"en-US"},{"@type":"Organization","@id":"https:\/\/www.mexicanguitarplayers.com\/#organization","name":"Mexican Guitar Players","url":"https:\/\/www.mexicanguitarplayers.com\/","logo":{"@type":"ImageObject","inLanguage":"en-US","@id":"https:\/\/www.mexicanguitarplayers.com\/#\/schema\/logo\/image\/","url":"","contentUrl":"","caption":"Mexican Guitar Players"},"image":{"@id":"https:\/\/www.mexicanguitarplayers.com\/#\/schema\/logo\/image\/"}}]}},"brands":[{"id":502,"name":"SEYMOUR DUNCAN","slug":"seymour-duncan"}],"_links":{"self":[{"href":"https:\/\/www.mexicanguitarplayers.com\/en\/wp-json\/wp\/v2\/product\/36128","targetHints":{"allow":["GET"]}}],"collection":[{"href":"https:\/\/www.mexicanguitarplayers.com\/en\/wp-json\/wp\/v2\/product"}],"about":[{"href":"https:\/\/www.mexicanguitarplayers.com\/en\/wp-json\/wp\/v2\/types\/product"}],"replies":[{"embeddable":true,"href":"https:\/\/www.mexicanguitarplayers.com\/en\/wp-json\/wp\/v2\/comments?post=36128"}],"wp:featuredmedia":[{"embeddable":true,"href":"https:\/\/www.mexicanguitarplayers.com\/en\/wp-json\/wp\/v2\/media\/36123"}],"wp:attachment":[{"href":"https:\/\/www.mexicanguitarplayers.com\/en\/wp-json\/wp\/v2\/media?parent=36128"}],"wp:term":[{"taxonomy":"pwb-brand","embeddable":true,"href":"https:\/\/www.mexicanguitarplayers.com\/en\/wp-json\/wp\/v2\/pwb-brand?post=36128"},{"taxonomy":"product_brand","embeddable":true,"href":"https:\/\/www.mexicanguitarplayers.com\/en\/wp-json\/wp\/v2\/product_brand?post=36128"},{"taxonomy":"product_cat","embeddable":true,"href":"https:\/\/www.mexicanguitarplayers.com\/en\/wp-json\/wp\/v2\/product_cat?post=36128"},{"taxonomy":"product_tag","embeddable":true,"href":"https:\/\/www.mexicanguitarplayers.com\/en\/wp-json\/wp\/v2\/product_tag?post=36128"}],"curies":[{"name":"wp","href":"https:\/\/api.w.org\/{rel}","templated":true}]}}