{"id":36141,"date":"2025-04-08T22:29:28","date_gmt":"2025-04-09T04:29:28","guid":{"rendered":"https:\/\/www.mexicanguitarplayers.com\/tienda\/sin categor\u00eda\/bafle-blackstar-p-guit-stj212vocblk\/"},"modified":"2026-04-15T10:15:10","modified_gmt":"2026-04-15T16:15:10","slug":"bafle-blackstar-p-guit-stj212vocblk","status":"publish","type":"product","link":"https:\/\/www.mexicanguitarplayers.com\/en\/tienda\/cuerdas\/bafles-cuerdas\/bafles-para-guitarra\/bafle-blackstar-p-guit-stj212vocblk\/","title":{"rendered":"BAFLE BLACKSTAR P\/GUIT.STJ212VOCBLK"},"content":{"rendered":"<div style=\"text-align: justify\">\n<div>\n<h3>Un combo de bulbos mucho m\u00e1s ligero.<\/h3>\n<\/div>\n<div>Saint James, los amplificadores de bulbos de 50W m\u00e1s ligeros e innovadores del mundo. Respondiendo a las llamadas de guitarristas de todo el mundo en busca de un amplificador de bulbos que sea realmente ligero y port\u00e1til, Blackstar ofrece los amplificadores de bulbos de 50 watts m\u00e1s avanzados, innovadores y con mejor sonido del mundo. Disponibles en un dise\u00f1o EL34 cl\u00e1sico y un modelo 6L6 de mayor ganancia, estos amplificadores son f\u00e1ciles de usar pero muy vers\u00e1tiles. Desarrollado despu\u00e9s de meses de ex\u00e1menes forenses de amplificadores de bulbos antiguos, la configuraci\u00f3n intuitiva de dos canales ofrece nuestros mejores limpios y overdrives sin compromiso. St. James es una de las partes m\u00e1s antiguas de Northampton. Es el sitio de una abad\u00eda del siglo XII que le da su nombre a la zona y es el hogar de los Northampton Saints, el campo de nuestro equipo de rugby de clase mundial y la ic\u00f3nica torre de elevaci\u00f3n que domina nuestro horizonte. En lo personal, para los fundadores tambi\u00e9n hubo un James (Jim) muy significativo en nuestra historia, sin mencionar los muchos guitarristas que tambi\u00e9n comparten el nombre: Hendrix, Page, Hetfield y muchos m\u00e1s.<\/div>\n<div>\n<h4>Quick look<\/h4>\n<\/div>\n<ul style=\"margin: 0px 0px 0px 25px\">\n<li style=\"list-style-type: circle;margin: 5px\">Power.<\/li>\n<li style=\"list-style-type: circle;margin: 5px\">Speaker.<\/li>\n<li style=\"list-style-type: circle;margin: 5px\">Weight.<\/li>\n<li style=\"list-style-type: circle;margin: 5px\">Dimensions.<\/li>\n<\/ul>\n<div>\n<div style=\"font-weight: bold\">Power.<\/div>\n<div>\n<p>140W.<\/p>\n<\/div>\n<div style=\"font-weight: bold\">Speaker.<\/div>\n<div>\n<p>2 altavoces Celestion Zephyr de 12&#8243; pulgadas.<\/p>\n<\/div>\n<div style=\"font-weight: bold\">Weight.<\/div>\n<div>\n<p>13.6 kg.<\/p>\n<\/div>\n<div style=\"font-weight: bold\">Dimensions.<\/div>\n<div>\n<p>501 x 718 x 295 mm.<\/p>\n<\/div>\n<\/div>\n<\/div>","protected":false},"excerpt":{"rendered":"<p>Gabinete para guitarra, potencia de 140W, dos altavoces Celestion Zephyr de 12\u201d pulgadas, dimensiones: 501 x 718 x 295 mm, peso: 13.6 kg.&hellip; <a class=\"kt-excerpt-readmore more-link\" href=\"https:\/\/www.mexicanguitarplayers.com\/en\/tienda\/cuerdas\/bafles-cuerdas\/bafles-para-guitarra\/bafle-blackstar-p-guit-stj212vocblk\/\">Read more<\/a><\/p>","protected":false},"featured_media":36135,"comment_status":"open","ping_status":"closed","template":"","meta":{"kt_blocks_editor_width":""},"pwb-brand":[172],"product_brand":[],"product_cat":[222,253,224],"product_tag":[],"class_list":{"0":"post-36141","1":"product","2":"type-product","3":"status-publish","4":"has-post-thumbnail","6":"pwb-brand-blackstar","7":"product_cat-bafles","8":"product_cat-bafles-para-guitarra","9":"product_cat-cuerdas","10":"product_shipping_class-15-20-kg","12":"first","13":"outofstock","14":"taxable","15":"shipping-taxable","16":"purchasable","17":"product-type-simple"},"yoast_head":"<!-- This site is optimized with the Yoast SEO plugin v27.5 - https:\/\/yoast.com\/product\/yoast-seo-wordpress\/ -->\n<title>BAFLE BLACKSTAR P\/GUIT.STJ212VOCBLK - Mexican Guitar Players<\/title>\n<meta name=\"description\" content=\"Gabinete para guitarra, potencia de 140W, dos altavoces Celestion Zephyr de 12\u201d pulgadas, dimensiones: 501 x 718 x 295 mm, peso: 13.6 kg.\" \/>\n<meta name=\"robots\" content=\"index, follow, max-snippet:-1, max-image-preview:large, max-video-preview:-1\" \/>\n<link rel=\"canonical\" href=\"https:\/\/www.mexicanguitarplayers.com\/en\/tienda\/sin%20categor\u00eda\/bafle-blackstar-p-guit-stj212vocblk\/\" \/>\n<meta property=\"og:locale\" content=\"en_US\" \/>\n<meta property=\"og:type\" content=\"article\" \/>\n<meta property=\"og:title\" content=\"BAFLE BLACKSTAR P\/GUIT.STJ212VOCBLK - Mexican Guitar Players\" \/>\n<meta property=\"og:description\" content=\"Gabinete para guitarra, potencia de 140W, dos altavoces Celestion Zephyr de 12\u201d pulgadas, dimensiones: 501 x 718 x 295 mm, peso: 13.6 kg.\" \/>\n<meta property=\"og:url\" content=\"https:\/\/www.mexicanguitarplayers.com\/en\/tienda\/sin categor\u00eda\/bafle-blackstar-p-guit-stj212vocblk\/\" \/>\n<meta property=\"og:site_name\" content=\"Mexican Guitar Players\" \/>\n<meta property=\"article:modified_time\" content=\"2026-04-15T16:15:10+00:00\" \/>\n<meta name=\"twitter:card\" content=\"summary_large_image\" \/>\n<meta name=\"twitter:label1\" content=\"Est. reading time\" \/>\n\t<meta name=\"twitter:data1\" content=\"1 minute\" \/>\n<script type=\"application\/ld+json\" class=\"yoast-schema-graph\">{\"@context\":\"https:\\\/\\\/schema.org\",\"@graph\":[{\"@type\":[\"WebPage\",\"ItemPage\"],\"@id\":\"https:\\\/\\\/www.mexicanguitarplayers.com\\\/tienda\\\/sin categor\u00eda\\\/bafle-blackstar-p-guit-stj212vocblk\\\/\",\"url\":\"https:\\\/\\\/www.mexicanguitarplayers.com\\\/tienda\\\/sin categor\u00eda\\\/bafle-blackstar-p-guit-stj212vocblk\\\/\",\"name\":\"BAFLE BLACKSTAR P\\\/GUIT.STJ212VOCBLK - Mexican Guitar Players\",\"isPartOf\":{\"@id\":\"https:\\\/\\\/www.mexicanguitarplayers.com\\\/#website\"},\"primaryImageOfPage\":{\"@id\":\"https:\\\/\\\/www.mexicanguitarplayers.com\\\/tienda\\\/sin categor\u00eda\\\/bafle-blackstar-p-guit-stj212vocblk\\\/#primaryimage\"},\"image\":{\"@id\":\"https:\\\/\\\/www.mexicanguitarplayers.com\\\/tienda\\\/sin categor\u00eda\\\/bafle-blackstar-p-guit-stj212vocblk\\\/#primaryimage\"},\"thumbnailUrl\":\"https:\\\/\\\/www.mexicanguitarplayers.com\\\/wp-content\\\/uploads\\\/2025\\\/04\\\/ICBLSST212VOCB.jpg\",\"datePublished\":\"2025-04-09T04:29:28+00:00\",\"dateModified\":\"2026-04-15T16:15:10+00:00\",\"description\":\"Gabinete para guitarra, potencia de 140W, dos altavoces Celestion Zephyr de 12\u201d pulgadas, dimensiones: 501 x 718 x 295 mm, peso: 13.6 kg.\",\"breadcrumb\":{\"@id\":\"https:\\\/\\\/www.mexicanguitarplayers.com\\\/tienda\\\/sin categor\u00eda\\\/bafle-blackstar-p-guit-stj212vocblk\\\/#breadcrumb\"},\"inLanguage\":\"en-US\",\"potentialAction\":[{\"@type\":\"ReadAction\",\"target\":[\"https:\\\/\\\/www.mexicanguitarplayers.com\\\/tienda\\\/sin categor\u00eda\\\/bafle-blackstar-p-guit-stj212vocblk\\\/\"]}]},{\"@type\":\"ImageObject\",\"inLanguage\":\"en-US\",\"@id\":\"https:\\\/\\\/www.mexicanguitarplayers.com\\\/tienda\\\/sin categor\u00eda\\\/bafle-blackstar-p-guit-stj212vocblk\\\/#primaryimage\",\"url\":\"https:\\\/\\\/www.mexicanguitarplayers.com\\\/wp-content\\\/uploads\\\/2025\\\/04\\\/ICBLSST212VOCB.jpg\",\"contentUrl\":\"https:\\\/\\\/www.mexicanguitarplayers.com\\\/wp-content\\\/uploads\\\/2025\\\/04\\\/ICBLSST212VOCB.jpg\",\"width\":1200,\"height\":1200},{\"@type\":\"BreadcrumbList\",\"@id\":\"https:\\\/\\\/www.mexicanguitarplayers.com\\\/tienda\\\/sin categor\u00eda\\\/bafle-blackstar-p-guit-stj212vocblk\\\/#breadcrumb\",\"itemListElement\":[{\"@type\":\"ListItem\",\"position\":1,\"name\":\"Portada\",\"item\":\"https:\\\/\\\/www.mexicanguitarplayers.com\\\/\"},{\"@type\":\"ListItem\",\"position\":2,\"name\":\"Tienda\",\"item\":\"https:\\\/\\\/www.mexicanguitarplayers.com\\\/tienda\\\/\"},{\"@type\":\"ListItem\",\"position\":3,\"name\":\"BAFLE BLACKSTAR P\\\/GUIT.STJ212VOCBLK\"}]},{\"@type\":\"WebSite\",\"@id\":\"https:\\\/\\\/www.mexicanguitarplayers.com\\\/#website\",\"url\":\"https:\\\/\\\/www.mexicanguitarplayers.com\\\/\",\"name\":\"Mexican Guitar Players\",\"description\":\"Website\",\"publisher\":{\"@id\":\"https:\\\/\\\/www.mexicanguitarplayers.com\\\/#organization\"},\"potentialAction\":[{\"@type\":\"SearchAction\",\"target\":{\"@type\":\"EntryPoint\",\"urlTemplate\":\"https:\\\/\\\/www.mexicanguitarplayers.com\\\/?s={search_term_string}\"},\"query-input\":{\"@type\":\"PropertyValueSpecification\",\"valueRequired\":true,\"valueName\":\"search_term_string\"}}],\"inLanguage\":\"en-US\"},{\"@type\":\"Organization\",\"@id\":\"https:\\\/\\\/www.mexicanguitarplayers.com\\\/#organization\",\"name\":\"Mexican Guitar Players\",\"url\":\"https:\\\/\\\/www.mexicanguitarplayers.com\\\/\",\"logo\":{\"@type\":\"ImageObject\",\"inLanguage\":\"en-US\",\"@id\":\"https:\\\/\\\/www.mexicanguitarplayers.com\\\/#\\\/schema\\\/logo\\\/image\\\/\",\"url\":\"\",\"contentUrl\":\"\",\"caption\":\"Mexican Guitar Players\"},\"image\":{\"@id\":\"https:\\\/\\\/www.mexicanguitarplayers.com\\\/#\\\/schema\\\/logo\\\/image\\\/\"}}]}<\/script>\n<!-- \/ Yoast SEO plugin. -->","yoast_head_json":{"title":"BAFLE BLACKSTAR P\/GUIT.STJ212VOCBLK - Mexican Guitar Players","description":"Gabinete para guitarra, potencia de 140W, dos altavoces Celestion Zephyr de 12\u201d pulgadas, dimensiones: 501 x 718 x 295 mm, peso: 13.6 kg.","robots":{"index":"index","follow":"follow","max-snippet":"max-snippet:-1","max-image-preview":"max-image-preview:large","max-video-preview":"max-video-preview:-1"},"canonical":"https:\/\/www.mexicanguitarplayers.com\/en\/tienda\/sin categor\u00eda\/bafle-blackstar-p-guit-stj212vocblk\/","og_locale":"en_US","og_type":"article","og_title":"BAFLE BLACKSTAR P\/GUIT.STJ212VOCBLK - Mexican Guitar Players","og_description":"Gabinete para guitarra, potencia de 140W, dos altavoces Celestion Zephyr de 12\u201d pulgadas, dimensiones: 501 x 718 x 295 mm, peso: 13.6 kg.","og_url":"https:\/\/www.mexicanguitarplayers.com\/en\/tienda\/sin categor\u00eda\/bafle-blackstar-p-guit-stj212vocblk\/","og_site_name":"Mexican Guitar Players","article_modified_time":"2026-04-15T16:15:10+00:00","twitter_card":"summary_large_image","twitter_misc":{"Est. reading time":"1 minute"},"schema":{"@context":"https:\/\/schema.org","@graph":[{"@type":["WebPage","ItemPage"],"@id":"https:\/\/www.mexicanguitarplayers.com\/tienda\/sin categor\u00eda\/bafle-blackstar-p-guit-stj212vocblk\/","url":"https:\/\/www.mexicanguitarplayers.com\/tienda\/sin categor\u00eda\/bafle-blackstar-p-guit-stj212vocblk\/","name":"BAFLE BLACKSTAR P\/GUIT.STJ212VOCBLK - Mexican Guitar Players","isPartOf":{"@id":"https:\/\/www.mexicanguitarplayers.com\/#website"},"primaryImageOfPage":{"@id":"https:\/\/www.mexicanguitarplayers.com\/tienda\/sin categor\u00eda\/bafle-blackstar-p-guit-stj212vocblk\/#primaryimage"},"image":{"@id":"https:\/\/www.mexicanguitarplayers.com\/tienda\/sin categor\u00eda\/bafle-blackstar-p-guit-stj212vocblk\/#primaryimage"},"thumbnailUrl":"https:\/\/www.mexicanguitarplayers.com\/wp-content\/uploads\/2025\/04\/ICBLSST212VOCB.jpg","datePublished":"2025-04-09T04:29:28+00:00","dateModified":"2026-04-15T16:15:10+00:00","description":"Gabinete para guitarra, potencia de 140W, dos altavoces Celestion Zephyr de 12\u201d pulgadas, dimensiones: 501 x 718 x 295 mm, peso: 13.6 kg.","breadcrumb":{"@id":"https:\/\/www.mexicanguitarplayers.com\/tienda\/sin categor\u00eda\/bafle-blackstar-p-guit-stj212vocblk\/#breadcrumb"},"inLanguage":"en-US","potentialAction":[{"@type":"ReadAction","target":["https:\/\/www.mexicanguitarplayers.com\/tienda\/sin categor\u00eda\/bafle-blackstar-p-guit-stj212vocblk\/"]}]},{"@type":"ImageObject","inLanguage":"en-US","@id":"https:\/\/www.mexicanguitarplayers.com\/tienda\/sin categor\u00eda\/bafle-blackstar-p-guit-stj212vocblk\/#primaryimage","url":"https:\/\/www.mexicanguitarplayers.com\/wp-content\/uploads\/2025\/04\/ICBLSST212VOCB.jpg","contentUrl":"https:\/\/www.mexicanguitarplayers.com\/wp-content\/uploads\/2025\/04\/ICBLSST212VOCB.jpg","width":1200,"height":1200},{"@type":"BreadcrumbList","@id":"https:\/\/www.mexicanguitarplayers.com\/tienda\/sin categor\u00eda\/bafle-blackstar-p-guit-stj212vocblk\/#breadcrumb","itemListElement":[{"@type":"ListItem","position":1,"name":"Portada","item":"https:\/\/www.mexicanguitarplayers.com\/"},{"@type":"ListItem","position":2,"name":"Tienda","item":"https:\/\/www.mexicanguitarplayers.com\/tienda\/"},{"@type":"ListItem","position":3,"name":"BAFLE BLACKSTAR P\/GUIT.STJ212VOCBLK"}]},{"@type":"WebSite","@id":"https:\/\/www.mexicanguitarplayers.com\/#website","url":"https:\/\/www.mexicanguitarplayers.com\/","name":"Mexican Guitar Players","description":"Website","publisher":{"@id":"https:\/\/www.mexicanguitarplayers.com\/#organization"},"potentialAction":[{"@type":"SearchAction","target":{"@type":"EntryPoint","urlTemplate":"https:\/\/www.mexicanguitarplayers.com\/?s={search_term_string}"},"query-input":{"@type":"PropertyValueSpecification","valueRequired":true,"valueName":"search_term_string"}}],"inLanguage":"en-US"},{"@type":"Organization","@id":"https:\/\/www.mexicanguitarplayers.com\/#organization","name":"Mexican Guitar Players","url":"https:\/\/www.mexicanguitarplayers.com\/","logo":{"@type":"ImageObject","inLanguage":"en-US","@id":"https:\/\/www.mexicanguitarplayers.com\/#\/schema\/logo\/image\/","url":"","contentUrl":"","caption":"Mexican Guitar Players"},"image":{"@id":"https:\/\/www.mexicanguitarplayers.com\/#\/schema\/logo\/image\/"}}]}},"brands":[{"id":172,"name":"BLACKSTAR","slug":"blackstar"}],"_links":{"self":[{"href":"https:\/\/www.mexicanguitarplayers.com\/en\/wp-json\/wp\/v2\/product\/36141","targetHints":{"allow":["GET"]}}],"collection":[{"href":"https:\/\/www.mexicanguitarplayers.com\/en\/wp-json\/wp\/v2\/product"}],"about":[{"href":"https:\/\/www.mexicanguitarplayers.com\/en\/wp-json\/wp\/v2\/types\/product"}],"replies":[{"embeddable":true,"href":"https:\/\/www.mexicanguitarplayers.com\/en\/wp-json\/wp\/v2\/comments?post=36141"}],"wp:featuredmedia":[{"embeddable":true,"href":"https:\/\/www.mexicanguitarplayers.com\/en\/wp-json\/wp\/v2\/media\/36135"}],"wp:attachment":[{"href":"https:\/\/www.mexicanguitarplayers.com\/en\/wp-json\/wp\/v2\/media?parent=36141"}],"wp:term":[{"taxonomy":"pwb-brand","embeddable":true,"href":"https:\/\/www.mexicanguitarplayers.com\/en\/wp-json\/wp\/v2\/pwb-brand?post=36141"},{"taxonomy":"product_brand","embeddable":true,"href":"https:\/\/www.mexicanguitarplayers.com\/en\/wp-json\/wp\/v2\/product_brand?post=36141"},{"taxonomy":"product_cat","embeddable":true,"href":"https:\/\/www.mexicanguitarplayers.com\/en\/wp-json\/wp\/v2\/product_cat?post=36141"},{"taxonomy":"product_tag","embeddable":true,"href":"https:\/\/www.mexicanguitarplayers.com\/en\/wp-json\/wp\/v2\/product_tag?post=36141"}],"curies":[{"name":"wp","href":"https:\/\/api.w.org\/{rel}","templated":true}]}}