{"id":36156,"date":"2025-04-08T22:29:46","date_gmt":"2025-04-09T04:29:46","guid":{"rendered":"https:\/\/www.mexicanguitarplayers.com\/tienda\/sin categor\u00eda\/bajo-spector-electrico-mod-ns-pulse-6\/"},"modified":"2025-05-09T07:22:26","modified_gmt":"2025-05-09T13:22:26","slug":"bajo-spector-electrico-mod-ns-pulse-6","status":"publish","type":"product","link":"https:\/\/www.mexicanguitarplayers.com\/en\/tienda\/cuerdas\/bajos\/electricos\/electricos-pasivos\/bajo-spector-electrico-mod-ns-pulse-6\/","title":{"rendered":"BAJO SPECTOR ELECTRICO MOD. NS PULSE 6"},"content":{"rendered":"<div style=\"text-align: justify\">\n<div>\n<h3>PULSE NS II 6<\/h3>\n<\/div>\n<div>El NS Pulse II representa el n\u00facleo del dise\u00f1o ic\u00f3nico de Spector. El cuerpo tallado en tres dimensiones es una marca registrada de la marca Spector y brinda una experiencia de interpretaci\u00f3n excepcionalmente c\u00f3moda para todos los bajistas. <\/div>\n<div>\n<h4>Characteristics<\/h4>\n<\/div>\n<div>\n<ul style=\"margin: 0px 0px 0px 25px\">\n<li style=\"list-style-type: circle;margin: 5px\">CARROCER\u00cdA Y CONSTRUCCI\u00d3N<\/li>\n<li style=\"list-style-type: circle;margin: 5px\">CUELLO<\/li>\n<li style=\"list-style-type: circle;margin: 5px\">PASTILLAS Y ELECTR\u00d3NICA<\/li>\n<li style=\"list-style-type: circle;margin: 5px\">HARDWARE<\/li>\n<li style=\"list-style-type: circle;margin: 5px\">CARACTERISTICAS<\/li>\n<\/ul>\n<\/div>\n<\/div>","protected":false},"excerpt":{"rendered":"<p>Los bajos NS Pulse II cuentan con una tapa de arce acolchado y cuerpo de fresno de pantano combinado con un m\u00e1stil atornillado de arce tostado de tres piezas, completo con un diapas\u00f3n de \u00e9bano de Macassar, m\u00e1stil que proporciona mayor estabilidad y resonancia, mientras que el diapas\u00f3n de \u00e9bano de garantiza una clara definici\u00f3n y proyecci\u00f3n de las notas. Equipado con pastillas activas EMG y el preamplificador activo Spector TonePump Jr. Caracter\u00edsticas adicionales  puente de bloqueo, puntos laterales iluminados, y una incrustaci\u00f3n personalizada en el traste 12  Los bajos NS Pulse II est\u00e1n disponibles en tres colores distintos, Black Cherry, Black Stain y Ultra-Violet, cada uno con un acabado mate duradero.&hellip; <a class=\"kt-excerpt-readmore more-link\" href=\"https:\/\/www.mexicanguitarplayers.com\/en\/tienda\/cuerdas\/bajos\/electricos\/electricos-pasivos\/bajo-spector-electrico-mod-ns-pulse-6\/\">Read more<\/a><\/p>","protected":false},"featured_media":36151,"comment_status":"open","ping_status":"closed","template":"","meta":{"kt_blocks_editor_width":""},"pwb-brand":[374],"product_brand":[],"product_cat":[317,224,318,319],"product_tag":[],"class_list":{"0":"post-36156","1":"product","2":"type-product","3":"status-publish","4":"has-post-thumbnail","6":"pwb-brand-spector","7":"product_cat-bajos","8":"product_cat-cuerdas","9":"product_cat-electricos","10":"product_cat-electricos-pasivos","11":"product_shipping_class-5-10-kg","13":"first","14":"outofstock","15":"taxable","16":"shipping-taxable","17":"purchasable","18":"product-type-simple"},"yoast_head":"<!-- This site is optimized with the Yoast SEO plugin v27.5 - https:\/\/yoast.com\/product\/yoast-seo-wordpress\/ -->\n<title>BAJO SPECTOR ELECTRICO MOD. NS PULSE 6 - Mexican Guitar Players<\/title>\n<meta name=\"description\" content=\"Los bajos NS Pulse II cuentan con una tapa de arce acolchado y cuerpo de fresno de pantano combinado con un m\u00e1stil atornillado de arce tostado de tres piezas, completo con un diapas\u00f3n de \u00e9bano de Macassar, m\u00e1stil que proporciona mayor estabilidad y resonancia, mientras que el diapas\u00f3n de \u00e9bano de garantiza una clara definici\u00f3n y proyecci\u00f3n de las notas. Equipado con pastillas activas EMG y el preamplificador activo Spector TonePump Jr. Caracter\u00edsticas adicionales puente de bloqueo, puntos laterales iluminados, y una incrustaci\u00f3n personalizada en el traste 12 Los bajos NS Pulse II est\u00e1n disponibles en tres colores distintos, Black Cherry, Black Stain y Ultra-Violet, cada uno con un acabado mate duradero.\" \/>\n<meta name=\"robots\" content=\"index, follow, max-snippet:-1, max-image-preview:large, max-video-preview:-1\" \/>\n<link rel=\"canonical\" href=\"https:\/\/www.mexicanguitarplayers.com\/en\/tienda\/sin%20categor\u00eda\/bajo-spector-electrico-mod-ns-pulse-6\/\" \/>\n<meta property=\"og:locale\" content=\"en_US\" \/>\n<meta property=\"og:type\" content=\"article\" \/>\n<meta property=\"og:title\" content=\"BAJO SPECTOR ELECTRICO MOD. NS PULSE 6 - Mexican Guitar Players\" \/>\n<meta property=\"og:description\" content=\"Los bajos NS Pulse II cuentan con una tapa de arce acolchado y cuerpo de fresno de pantano combinado con un m\u00e1stil atornillado de arce tostado de tres piezas, completo con un diapas\u00f3n de \u00e9bano de Macassar, m\u00e1stil que proporciona mayor estabilidad y resonancia, mientras que el diapas\u00f3n de \u00e9bano de garantiza una clara definici\u00f3n y proyecci\u00f3n de las notas. Equipado con pastillas activas EMG y el preamplificador activo Spector TonePump Jr. Caracter\u00edsticas adicionales puente de bloqueo, puntos laterales iluminados, y una incrustaci\u00f3n personalizada en el traste 12 Los bajos NS Pulse II est\u00e1n disponibles en tres colores distintos, Black Cherry, Black Stain y Ultra-Violet, cada uno con un acabado mate duradero.\" \/>\n<meta property=\"og:url\" content=\"https:\/\/www.mexicanguitarplayers.com\/en\/tienda\/sin categor\u00eda\/bajo-spector-electrico-mod-ns-pulse-6\/\" \/>\n<meta property=\"og:site_name\" content=\"Mexican Guitar Players\" \/>\n<meta property=\"article:modified_time\" content=\"2025-05-09T13:22:26+00:00\" \/>\n<meta name=\"twitter:card\" content=\"summary_large_image\" \/>\n<script type=\"application\/ld+json\" class=\"yoast-schema-graph\">{\"@context\":\"https:\\\/\\\/schema.org\",\"@graph\":[{\"@type\":[\"WebPage\",\"ItemPage\"],\"@id\":\"https:\\\/\\\/www.mexicanguitarplayers.com\\\/tienda\\\/sin categor\u00eda\\\/bajo-spector-electrico-mod-ns-pulse-6\\\/\",\"url\":\"https:\\\/\\\/www.mexicanguitarplayers.com\\\/tienda\\\/sin categor\u00eda\\\/bajo-spector-electrico-mod-ns-pulse-6\\\/\",\"name\":\"BAJO SPECTOR ELECTRICO MOD. NS PULSE 6 - Mexican Guitar Players\",\"isPartOf\":{\"@id\":\"https:\\\/\\\/www.mexicanguitarplayers.com\\\/#website\"},\"primaryImageOfPage\":{\"@id\":\"https:\\\/\\\/www.mexicanguitarplayers.com\\\/tienda\\\/sin categor\u00eda\\\/bajo-spector-electrico-mod-ns-pulse-6\\\/#primaryimage\"},\"image\":{\"@id\":\"https:\\\/\\\/www.mexicanguitarplayers.com\\\/tienda\\\/sin categor\u00eda\\\/bajo-spector-electrico-mod-ns-pulse-6\\\/#primaryimage\"},\"thumbnailUrl\":\"https:\\\/\\\/www.mexicanguitarplayers.com\\\/wp-content\\\/uploads\\\/2025\\\/04\\\/ISSPTNSPULS6.jpg\",\"datePublished\":\"2025-04-09T04:29:46+00:00\",\"dateModified\":\"2025-05-09T13:22:26+00:00\",\"description\":\"Los bajos NS Pulse II cuentan con una tapa de arce acolchado y cuerpo de fresno de pantano combinado con un m\u00e1stil atornillado de arce tostado de tres piezas, completo con un diapas\u00f3n de \u00e9bano de Macassar, m\u00e1stil que proporciona mayor estabilidad y resonancia, mientras que el diapas\u00f3n de \u00e9bano de garantiza una clara definici\u00f3n y proyecci\u00f3n de las notas. Equipado con pastillas activas EMG y el preamplificador activo Spector TonePump Jr. Caracter\u00edsticas adicionales puente de bloqueo, puntos laterales iluminados, y una incrustaci\u00f3n personalizada en el traste 12 Los bajos NS Pulse II est\u00e1n disponibles en tres colores distintos, Black Cherry, Black Stain y Ultra-Violet, cada uno con un acabado mate duradero.\",\"breadcrumb\":{\"@id\":\"https:\\\/\\\/www.mexicanguitarplayers.com\\\/tienda\\\/sin categor\u00eda\\\/bajo-spector-electrico-mod-ns-pulse-6\\\/#breadcrumb\"},\"inLanguage\":\"en-US\",\"potentialAction\":[{\"@type\":\"ReadAction\",\"target\":[\"https:\\\/\\\/www.mexicanguitarplayers.com\\\/tienda\\\/sin categor\u00eda\\\/bajo-spector-electrico-mod-ns-pulse-6\\\/\"]}]},{\"@type\":\"ImageObject\",\"inLanguage\":\"en-US\",\"@id\":\"https:\\\/\\\/www.mexicanguitarplayers.com\\\/tienda\\\/sin categor\u00eda\\\/bajo-spector-electrico-mod-ns-pulse-6\\\/#primaryimage\",\"url\":\"https:\\\/\\\/www.mexicanguitarplayers.com\\\/wp-content\\\/uploads\\\/2025\\\/04\\\/ISSPTNSPULS6.jpg\",\"contentUrl\":\"https:\\\/\\\/www.mexicanguitarplayers.com\\\/wp-content\\\/uploads\\\/2025\\\/04\\\/ISSPTNSPULS6.jpg\",\"width\":800,\"height\":1600},{\"@type\":\"BreadcrumbList\",\"@id\":\"https:\\\/\\\/www.mexicanguitarplayers.com\\\/tienda\\\/sin categor\u00eda\\\/bajo-spector-electrico-mod-ns-pulse-6\\\/#breadcrumb\",\"itemListElement\":[{\"@type\":\"ListItem\",\"position\":1,\"name\":\"Portada\",\"item\":\"https:\\\/\\\/www.mexicanguitarplayers.com\\\/\"},{\"@type\":\"ListItem\",\"position\":2,\"name\":\"Tienda\",\"item\":\"https:\\\/\\\/www.mexicanguitarplayers.com\\\/tienda\\\/\"},{\"@type\":\"ListItem\",\"position\":3,\"name\":\"BAJO SPECTOR ELECTRICO MOD. NS PULSE 6\"}]},{\"@type\":\"WebSite\",\"@id\":\"https:\\\/\\\/www.mexicanguitarplayers.com\\\/#website\",\"url\":\"https:\\\/\\\/www.mexicanguitarplayers.com\\\/\",\"name\":\"Mexican Guitar Players\",\"description\":\"Website\",\"publisher\":{\"@id\":\"https:\\\/\\\/www.mexicanguitarplayers.com\\\/#organization\"},\"potentialAction\":[{\"@type\":\"SearchAction\",\"target\":{\"@type\":\"EntryPoint\",\"urlTemplate\":\"https:\\\/\\\/www.mexicanguitarplayers.com\\\/?s={search_term_string}\"},\"query-input\":{\"@type\":\"PropertyValueSpecification\",\"valueRequired\":true,\"valueName\":\"search_term_string\"}}],\"inLanguage\":\"en-US\"},{\"@type\":\"Organization\",\"@id\":\"https:\\\/\\\/www.mexicanguitarplayers.com\\\/#organization\",\"name\":\"Mexican Guitar Players\",\"url\":\"https:\\\/\\\/www.mexicanguitarplayers.com\\\/\",\"logo\":{\"@type\":\"ImageObject\",\"inLanguage\":\"en-US\",\"@id\":\"https:\\\/\\\/www.mexicanguitarplayers.com\\\/#\\\/schema\\\/logo\\\/image\\\/\",\"url\":\"\",\"contentUrl\":\"\",\"caption\":\"Mexican Guitar Players\"},\"image\":{\"@id\":\"https:\\\/\\\/www.mexicanguitarplayers.com\\\/#\\\/schema\\\/logo\\\/image\\\/\"}}]}<\/script>\n<!-- \/ Yoast SEO plugin. -->","yoast_head_json":{"title":"BAJO SPECTOR ELECTRICO MOD. NS PULSE 6 - Mexican Guitar Players","description":"Los bajos NS Pulse II cuentan con una tapa de arce acolchado y cuerpo de fresno de pantano combinado con un m\u00e1stil atornillado de arce tostado de tres piezas, completo con un diapas\u00f3n de \u00e9bano de Macassar, m\u00e1stil que proporciona mayor estabilidad y resonancia, mientras que el diapas\u00f3n de \u00e9bano de garantiza una clara definici\u00f3n y proyecci\u00f3n de las notas. Equipado con pastillas activas EMG y el preamplificador activo Spector TonePump Jr. Caracter\u00edsticas adicionales puente de bloqueo, puntos laterales iluminados, y una incrustaci\u00f3n personalizada en el traste 12 Los bajos NS Pulse II est\u00e1n disponibles en tres colores distintos, Black Cherry, Black Stain y Ultra-Violet, cada uno con un acabado mate duradero.","robots":{"index":"index","follow":"follow","max-snippet":"max-snippet:-1","max-image-preview":"max-image-preview:large","max-video-preview":"max-video-preview:-1"},"canonical":"https:\/\/www.mexicanguitarplayers.com\/en\/tienda\/sin categor\u00eda\/bajo-spector-electrico-mod-ns-pulse-6\/","og_locale":"en_US","og_type":"article","og_title":"BAJO SPECTOR ELECTRICO MOD. NS PULSE 6 - Mexican Guitar Players","og_description":"Los bajos NS Pulse II cuentan con una tapa de arce acolchado y cuerpo de fresno de pantano combinado con un m\u00e1stil atornillado de arce tostado de tres piezas, completo con un diapas\u00f3n de \u00e9bano de Macassar, m\u00e1stil que proporciona mayor estabilidad y resonancia, mientras que el diapas\u00f3n de \u00e9bano de garantiza una clara definici\u00f3n y proyecci\u00f3n de las notas. Equipado con pastillas activas EMG y el preamplificador activo Spector TonePump Jr. Caracter\u00edsticas adicionales puente de bloqueo, puntos laterales iluminados, y una incrustaci\u00f3n personalizada en el traste 12 Los bajos NS Pulse II est\u00e1n disponibles en tres colores distintos, Black Cherry, Black Stain y Ultra-Violet, cada uno con un acabado mate duradero.","og_url":"https:\/\/www.mexicanguitarplayers.com\/en\/tienda\/sin categor\u00eda\/bajo-spector-electrico-mod-ns-pulse-6\/","og_site_name":"Mexican Guitar Players","article_modified_time":"2025-05-09T13:22:26+00:00","twitter_card":"summary_large_image","schema":{"@context":"https:\/\/schema.org","@graph":[{"@type":["WebPage","ItemPage"],"@id":"https:\/\/www.mexicanguitarplayers.com\/tienda\/sin categor\u00eda\/bajo-spector-electrico-mod-ns-pulse-6\/","url":"https:\/\/www.mexicanguitarplayers.com\/tienda\/sin categor\u00eda\/bajo-spector-electrico-mod-ns-pulse-6\/","name":"BAJO SPECTOR ELECTRICO MOD. NS PULSE 6 - Mexican Guitar Players","isPartOf":{"@id":"https:\/\/www.mexicanguitarplayers.com\/#website"},"primaryImageOfPage":{"@id":"https:\/\/www.mexicanguitarplayers.com\/tienda\/sin categor\u00eda\/bajo-spector-electrico-mod-ns-pulse-6\/#primaryimage"},"image":{"@id":"https:\/\/www.mexicanguitarplayers.com\/tienda\/sin categor\u00eda\/bajo-spector-electrico-mod-ns-pulse-6\/#primaryimage"},"thumbnailUrl":"https:\/\/www.mexicanguitarplayers.com\/wp-content\/uploads\/2025\/04\/ISSPTNSPULS6.jpg","datePublished":"2025-04-09T04:29:46+00:00","dateModified":"2025-05-09T13:22:26+00:00","description":"Los bajos NS Pulse II cuentan con una tapa de arce acolchado y cuerpo de fresno de pantano combinado con un m\u00e1stil atornillado de arce tostado de tres piezas, completo con un diapas\u00f3n de \u00e9bano de Macassar, m\u00e1stil que proporciona mayor estabilidad y resonancia, mientras que el diapas\u00f3n de \u00e9bano de garantiza una clara definici\u00f3n y proyecci\u00f3n de las notas. Equipado con pastillas activas EMG y el preamplificador activo Spector TonePump Jr. Caracter\u00edsticas adicionales puente de bloqueo, puntos laterales iluminados, y una incrustaci\u00f3n personalizada en el traste 12 Los bajos NS Pulse II est\u00e1n disponibles en tres colores distintos, Black Cherry, Black Stain y Ultra-Violet, cada uno con un acabado mate duradero.","breadcrumb":{"@id":"https:\/\/www.mexicanguitarplayers.com\/tienda\/sin categor\u00eda\/bajo-spector-electrico-mod-ns-pulse-6\/#breadcrumb"},"inLanguage":"en-US","potentialAction":[{"@type":"ReadAction","target":["https:\/\/www.mexicanguitarplayers.com\/tienda\/sin categor\u00eda\/bajo-spector-electrico-mod-ns-pulse-6\/"]}]},{"@type":"ImageObject","inLanguage":"en-US","@id":"https:\/\/www.mexicanguitarplayers.com\/tienda\/sin categor\u00eda\/bajo-spector-electrico-mod-ns-pulse-6\/#primaryimage","url":"https:\/\/www.mexicanguitarplayers.com\/wp-content\/uploads\/2025\/04\/ISSPTNSPULS6.jpg","contentUrl":"https:\/\/www.mexicanguitarplayers.com\/wp-content\/uploads\/2025\/04\/ISSPTNSPULS6.jpg","width":800,"height":1600},{"@type":"BreadcrumbList","@id":"https:\/\/www.mexicanguitarplayers.com\/tienda\/sin categor\u00eda\/bajo-spector-electrico-mod-ns-pulse-6\/#breadcrumb","itemListElement":[{"@type":"ListItem","position":1,"name":"Portada","item":"https:\/\/www.mexicanguitarplayers.com\/"},{"@type":"ListItem","position":2,"name":"Tienda","item":"https:\/\/www.mexicanguitarplayers.com\/tienda\/"},{"@type":"ListItem","position":3,"name":"BAJO SPECTOR ELECTRICO MOD. NS PULSE 6"}]},{"@type":"WebSite","@id":"https:\/\/www.mexicanguitarplayers.com\/#website","url":"https:\/\/www.mexicanguitarplayers.com\/","name":"Mexican Guitar Players","description":"Website","publisher":{"@id":"https:\/\/www.mexicanguitarplayers.com\/#organization"},"potentialAction":[{"@type":"SearchAction","target":{"@type":"EntryPoint","urlTemplate":"https:\/\/www.mexicanguitarplayers.com\/?s={search_term_string}"},"query-input":{"@type":"PropertyValueSpecification","valueRequired":true,"valueName":"search_term_string"}}],"inLanguage":"en-US"},{"@type":"Organization","@id":"https:\/\/www.mexicanguitarplayers.com\/#organization","name":"Mexican Guitar Players","url":"https:\/\/www.mexicanguitarplayers.com\/","logo":{"@type":"ImageObject","inLanguage":"en-US","@id":"https:\/\/www.mexicanguitarplayers.com\/#\/schema\/logo\/image\/","url":"","contentUrl":"","caption":"Mexican Guitar Players"},"image":{"@id":"https:\/\/www.mexicanguitarplayers.com\/#\/schema\/logo\/image\/"}}]}},"brands":[{"id":374,"name":"SPECTOR","slug":"spector"}],"_links":{"self":[{"href":"https:\/\/www.mexicanguitarplayers.com\/en\/wp-json\/wp\/v2\/product\/36156","targetHints":{"allow":["GET"]}}],"collection":[{"href":"https:\/\/www.mexicanguitarplayers.com\/en\/wp-json\/wp\/v2\/product"}],"about":[{"href":"https:\/\/www.mexicanguitarplayers.com\/en\/wp-json\/wp\/v2\/types\/product"}],"replies":[{"embeddable":true,"href":"https:\/\/www.mexicanguitarplayers.com\/en\/wp-json\/wp\/v2\/comments?post=36156"}],"wp:featuredmedia":[{"embeddable":true,"href":"https:\/\/www.mexicanguitarplayers.com\/en\/wp-json\/wp\/v2\/media\/36151"}],"wp:attachment":[{"href":"https:\/\/www.mexicanguitarplayers.com\/en\/wp-json\/wp\/v2\/media?parent=36156"}],"wp:term":[{"taxonomy":"pwb-brand","embeddable":true,"href":"https:\/\/www.mexicanguitarplayers.com\/en\/wp-json\/wp\/v2\/pwb-brand?post=36156"},{"taxonomy":"product_brand","embeddable":true,"href":"https:\/\/www.mexicanguitarplayers.com\/en\/wp-json\/wp\/v2\/product_brand?post=36156"},{"taxonomy":"product_cat","embeddable":true,"href":"https:\/\/www.mexicanguitarplayers.com\/en\/wp-json\/wp\/v2\/product_cat?post=36156"},{"taxonomy":"product_tag","embeddable":true,"href":"https:\/\/www.mexicanguitarplayers.com\/en\/wp-json\/wp\/v2\/product_tag?post=36156"}],"curies":[{"name":"wp","href":"https:\/\/api.w.org\/{rel}","templated":true}]}}