{"id":36186,"date":"2025-04-08T22:30:24","date_gmt":"2025-04-09T04:30:24","guid":{"rendered":"https:\/\/www.mexicanguitarplayers.com\/tienda\/sin categor\u00eda\/baquetas-vic-firth-mod-ms1\/"},"modified":"2026-01-17T04:32:38","modified_gmt":"2026-01-17T10:32:38","slug":"baquetas-vic-firth-mod-ms1","status":"publish","type":"product","link":"https:\/\/www.mexicanguitarplayers.com\/en\/tienda\/accesorios\/para-bateria\/baquetas\/baquetas-vic-firth-mod-ms1\/","title":{"rendered":"BAQUETAS VIC FIRTH   MOD. MS1"},"content":{"rendered":"<div style=\"text-align: justify\">\n<div>\n<h3>BAQUETAS VIC FIRTH   MOD. MS1<\/h3>\n<\/div>\n<div>Baqueta de la serie Corpsmaster Snare, dise\u00f1ada espec\u00edficamente para ofrecer tonos oscuros en tambores y platillos. Con una longitud de 16.5 pulgadas (41.91 cm) y un di\u00e1metro de 0.695 pulgadas (1.77 cm), estas baquetas est\u00e1n hechas de madera de nogal y tienen un recubrimiento de laca en la superficie para un agarre mejorado. La punta ovalada grande contribuye a producir sonidos m\u00e1s oscuros, mientras que el taper corto proporciona m\u00e1s poder y durabilidad, creando una sensaci\u00f3n de equilibrio hacia el frente de la baqueta. Ideal para aquellos que buscan una respuesta poderosa y tonos profundos en su rendimiento musical.<\/div>\n<div>\n<h4>Characteristics<\/h4>\n<\/div>\n<div>\n<ul style=\"margin: 0px 0px 0px 25px\">\n<li style=\"list-style-type: circle;margin: 5px\">Di\u00e1metro<\/li>\n<li style=\"list-style-type: circle;margin: 5px\">Familia<\/li>\n<li style=\"list-style-type: circle;margin: 5px\">Taper<\/li>\n<li style=\"list-style-type: circle;margin: 5px\">Longitud<\/li>\n<li style=\"list-style-type: circle;margin: 5px\">Tipo de madera<\/li>\n<li style=\"list-style-type: circle;margin: 5px\">Serie<\/li>\n<li style=\"list-style-type: circle;margin: 5px\">superficie<\/li>\n<li style=\"list-style-type: circle;margin: 5px\">Material<\/li>\n<li style=\"list-style-type: circle;margin: 5px\">Forma<\/li>\n<\/ul>\n<\/div>\n<\/div>","protected":false},"excerpt":{"rendered":"<p>El modelo MS1 de la serie Corpsmaster Snare es una baqueta dise\u00f1ada para ofrecer tonos oscuros en tambores y platillos. Con una longitud de 16.5 pulgadas (41.91 cm) y un di\u00e1metro de 0.695 pulgadas (1.77 cm), estas baquetas est\u00e1n fabricadas con madera de nogal y tienen un recubrimiento de laca en la superficie para un mejor agarre. La punta ovalada grande contribuye a producir sonidos m\u00e1s oscuros, mientras que el taper corto proporciona m\u00e1s poder y durabilidad, creando una sensaci\u00f3n de equilibrio hacia el frente de la baqueta. El modelo MS1 es ideal para m\u00fasicos que buscan una respuesta poderosa y tonos profundos en su rendimiento musical.&hellip; <a class=\"kt-excerpt-readmore more-link\" href=\"https:\/\/www.mexicanguitarplayers.com\/en\/tienda\/accesorios\/para-bateria\/baquetas\/baquetas-vic-firth-mod-ms1\/\">Read more<\/a><\/p>","protected":false},"featured_media":36182,"comment_status":"open","ping_status":"closed","template":"","meta":{"kt_blocks_editor_width":""},"pwb-brand":[643],"product_brand":[],"product_cat":[85,446,432],"product_tag":[],"class_list":{"0":"post-36186","1":"product","2":"type-product","3":"status-publish","4":"has-post-thumbnail","6":"pwb-brand-vic-firth","7":"product_cat-accesorios","8":"product_cat-baquetas","9":"product_cat-para-percusion","10":"product_shipping_class-0-5-kg","12":"first","13":"instock","14":"taxable","15":"shipping-taxable","16":"purchasable","17":"product-type-simple"},"yoast_head":"<!-- This site is optimized with the Yoast SEO plugin v27.3 - https:\/\/yoast.com\/product\/yoast-seo-wordpress\/ -->\n<title>BAQUETAS VIC FIRTH  MOD. MS1 - Mexican Guitar Players<\/title>\n<meta name=\"description\" content=\"El modelo MS1 de la serie Corpsmaster Snare es una baqueta dise\u00f1ada para ofrecer tonos oscuros en tambores y platillos. Con una longitud de 16.5 pulgadas (41.91 cm) y un di\u00e1metro de 0.695 pulgadas (1.77 cm), estas baquetas est\u00e1n fabricadas con madera de nogal y tienen un recubrimiento de laca en la superficie para un mejor agarre. La punta ovalada grande contribuye a producir sonidos m\u00e1s oscuros, mientras que el taper corto proporciona m\u00e1s poder y durabilidad, creando una sensaci\u00f3n de equilibrio hacia el frente de la baqueta. El modelo MS1 es ideal para m\u00fasicos que buscan una respuesta poderosa y tonos profundos en su rendimiento musical.\" \/>\n<meta name=\"robots\" content=\"index, follow, max-snippet:-1, max-image-preview:large, max-video-preview:-1\" \/>\n<link rel=\"canonical\" href=\"https:\/\/www.mexicanguitarplayers.com\/en\/tienda\/sin%20categor\u00eda\/baquetas-vic-firth-mod-ms1\/\" \/>\n<meta property=\"og:locale\" content=\"en_US\" \/>\n<meta property=\"og:type\" content=\"article\" \/>\n<meta property=\"og:title\" content=\"BAQUETAS VIC FIRTH  MOD. MS1 - Mexican Guitar Players\" \/>\n<meta property=\"og:description\" content=\"El modelo MS1 de la serie Corpsmaster Snare es una baqueta dise\u00f1ada para ofrecer tonos oscuros en tambores y platillos. Con una longitud de 16.5 pulgadas (41.91 cm) y un di\u00e1metro de 0.695 pulgadas (1.77 cm), estas baquetas est\u00e1n fabricadas con madera de nogal y tienen un recubrimiento de laca en la superficie para un mejor agarre. La punta ovalada grande contribuye a producir sonidos m\u00e1s oscuros, mientras que el taper corto proporciona m\u00e1s poder y durabilidad, creando una sensaci\u00f3n de equilibrio hacia el frente de la baqueta. El modelo MS1 es ideal para m\u00fasicos que buscan una respuesta poderosa y tonos profundos en su rendimiento musical.\" \/>\n<meta property=\"og:url\" content=\"https:\/\/www.mexicanguitarplayers.com\/en\/tienda\/sin categor\u00eda\/baquetas-vic-firth-mod-ms1\/\" \/>\n<meta property=\"og:site_name\" content=\"Mexican Guitar Players\" \/>\n<meta property=\"article:modified_time\" content=\"2026-01-17T10:32:38+00:00\" \/>\n<meta name=\"twitter:card\" content=\"summary_large_image\" \/>\n<meta name=\"twitter:label1\" content=\"Est. reading time\" \/>\n\t<meta name=\"twitter:data1\" content=\"1 minute\" \/>\n<script type=\"application\/ld+json\" class=\"yoast-schema-graph\">{\"@context\":\"https:\\\/\\\/schema.org\",\"@graph\":[{\"@type\":[\"WebPage\",\"ItemPage\"],\"@id\":\"https:\\\/\\\/www.mexicanguitarplayers.com\\\/tienda\\\/sin categor\u00eda\\\/baquetas-vic-firth-mod-ms1\\\/\",\"url\":\"https:\\\/\\\/www.mexicanguitarplayers.com\\\/tienda\\\/sin categor\u00eda\\\/baquetas-vic-firth-mod-ms1\\\/\",\"name\":\"BAQUETAS VIC FIRTH MOD. MS1 - Mexican Guitar Players\",\"isPartOf\":{\"@id\":\"https:\\\/\\\/www.mexicanguitarplayers.com\\\/#website\"},\"primaryImageOfPage\":{\"@id\":\"https:\\\/\\\/www.mexicanguitarplayers.com\\\/tienda\\\/sin categor\u00eda\\\/baquetas-vic-firth-mod-ms1\\\/#primaryimage\"},\"image\":{\"@id\":\"https:\\\/\\\/www.mexicanguitarplayers.com\\\/tienda\\\/sin categor\u00eda\\\/baquetas-vic-firth-mod-ms1\\\/#primaryimage\"},\"thumbnailUrl\":\"https:\\\/\\\/www.mexicanguitarplayers.com\\\/wp-content\\\/uploads\\\/2025\\\/04\\\/RAVICMS1.jpg\",\"datePublished\":\"2025-04-09T04:30:24+00:00\",\"dateModified\":\"2026-01-17T10:32:38+00:00\",\"description\":\"El modelo MS1 de la serie Corpsmaster Snare es una baqueta dise\u00f1ada para ofrecer tonos oscuros en tambores y platillos. Con una longitud de 16.5 pulgadas (41.91 cm) y un di\u00e1metro de 0.695 pulgadas (1.77 cm), estas baquetas est\u00e1n fabricadas con madera de nogal y tienen un recubrimiento de laca en la superficie para un mejor agarre. La punta ovalada grande contribuye a producir sonidos m\u00e1s oscuros, mientras que el taper corto proporciona m\u00e1s poder y durabilidad, creando una sensaci\u00f3n de equilibrio hacia el frente de la baqueta. El modelo MS1 es ideal para m\u00fasicos que buscan una respuesta poderosa y tonos profundos en su rendimiento musical.\",\"breadcrumb\":{\"@id\":\"https:\\\/\\\/www.mexicanguitarplayers.com\\\/tienda\\\/sin categor\u00eda\\\/baquetas-vic-firth-mod-ms1\\\/#breadcrumb\"},\"inLanguage\":\"en-US\",\"potentialAction\":[{\"@type\":\"ReadAction\",\"target\":[\"https:\\\/\\\/www.mexicanguitarplayers.com\\\/tienda\\\/sin categor\u00eda\\\/baquetas-vic-firth-mod-ms1\\\/\"]}]},{\"@type\":\"ImageObject\",\"inLanguage\":\"en-US\",\"@id\":\"https:\\\/\\\/www.mexicanguitarplayers.com\\\/tienda\\\/sin categor\u00eda\\\/baquetas-vic-firth-mod-ms1\\\/#primaryimage\",\"url\":\"https:\\\/\\\/www.mexicanguitarplayers.com\\\/wp-content\\\/uploads\\\/2025\\\/04\\\/RAVICMS1.jpg\",\"contentUrl\":\"https:\\\/\\\/www.mexicanguitarplayers.com\\\/wp-content\\\/uploads\\\/2025\\\/04\\\/RAVICMS1.jpg\",\"width\":1200,\"height\":1200},{\"@type\":\"BreadcrumbList\",\"@id\":\"https:\\\/\\\/www.mexicanguitarplayers.com\\\/tienda\\\/sin categor\u00eda\\\/baquetas-vic-firth-mod-ms1\\\/#breadcrumb\",\"itemListElement\":[{\"@type\":\"ListItem\",\"position\":1,\"name\":\"Portada\",\"item\":\"https:\\\/\\\/www.mexicanguitarplayers.com\\\/\"},{\"@type\":\"ListItem\",\"position\":2,\"name\":\"Tienda\",\"item\":\"https:\\\/\\\/www.mexicanguitarplayers.com\\\/tienda\\\/\"},{\"@type\":\"ListItem\",\"position\":3,\"name\":\"BAQUETAS VIC FIRTH MOD. MS1\"}]},{\"@type\":\"WebSite\",\"@id\":\"https:\\\/\\\/www.mexicanguitarplayers.com\\\/#website\",\"url\":\"https:\\\/\\\/www.mexicanguitarplayers.com\\\/\",\"name\":\"Mexican Guitar Players\",\"description\":\"Website\",\"publisher\":{\"@id\":\"https:\\\/\\\/www.mexicanguitarplayers.com\\\/#organization\"},\"potentialAction\":[{\"@type\":\"SearchAction\",\"target\":{\"@type\":\"EntryPoint\",\"urlTemplate\":\"https:\\\/\\\/www.mexicanguitarplayers.com\\\/?s={search_term_string}\"},\"query-input\":{\"@type\":\"PropertyValueSpecification\",\"valueRequired\":true,\"valueName\":\"search_term_string\"}}],\"inLanguage\":\"en-US\"},{\"@type\":\"Organization\",\"@id\":\"https:\\\/\\\/www.mexicanguitarplayers.com\\\/#organization\",\"name\":\"Mexican Guitar Players\",\"url\":\"https:\\\/\\\/www.mexicanguitarplayers.com\\\/\",\"logo\":{\"@type\":\"ImageObject\",\"inLanguage\":\"en-US\",\"@id\":\"https:\\\/\\\/www.mexicanguitarplayers.com\\\/#\\\/schema\\\/logo\\\/image\\\/\",\"url\":\"\",\"contentUrl\":\"\",\"caption\":\"Mexican Guitar Players\"},\"image\":{\"@id\":\"https:\\\/\\\/www.mexicanguitarplayers.com\\\/#\\\/schema\\\/logo\\\/image\\\/\"}}]}<\/script>\n<!-- \/ Yoast SEO plugin. -->","yoast_head_json":{"title":"BAQUETAS VIC FIRTH  MOD. MS1 - Mexican Guitar Players","description":"El modelo MS1 de la serie Corpsmaster Snare es una baqueta dise\u00f1ada para ofrecer tonos oscuros en tambores y platillos. Con una longitud de 16.5 pulgadas (41.91 cm) y un di\u00e1metro de 0.695 pulgadas (1.77 cm), estas baquetas est\u00e1n fabricadas con madera de nogal y tienen un recubrimiento de laca en la superficie para un mejor agarre. La punta ovalada grande contribuye a producir sonidos m\u00e1s oscuros, mientras que el taper corto proporciona m\u00e1s poder y durabilidad, creando una sensaci\u00f3n de equilibrio hacia el frente de la baqueta. El modelo MS1 es ideal para m\u00fasicos que buscan una respuesta poderosa y tonos profundos en su rendimiento musical.","robots":{"index":"index","follow":"follow","max-snippet":"max-snippet:-1","max-image-preview":"max-image-preview:large","max-video-preview":"max-video-preview:-1"},"canonical":"https:\/\/www.mexicanguitarplayers.com\/en\/tienda\/sin categor\u00eda\/baquetas-vic-firth-mod-ms1\/","og_locale":"en_US","og_type":"article","og_title":"BAQUETAS VIC FIRTH  MOD. MS1 - Mexican Guitar Players","og_description":"El modelo MS1 de la serie Corpsmaster Snare es una baqueta dise\u00f1ada para ofrecer tonos oscuros en tambores y platillos. Con una longitud de 16.5 pulgadas (41.91 cm) y un di\u00e1metro de 0.695 pulgadas (1.77 cm), estas baquetas est\u00e1n fabricadas con madera de nogal y tienen un recubrimiento de laca en la superficie para un mejor agarre. La punta ovalada grande contribuye a producir sonidos m\u00e1s oscuros, mientras que el taper corto proporciona m\u00e1s poder y durabilidad, creando una sensaci\u00f3n de equilibrio hacia el frente de la baqueta. El modelo MS1 es ideal para m\u00fasicos que buscan una respuesta poderosa y tonos profundos en su rendimiento musical.","og_url":"https:\/\/www.mexicanguitarplayers.com\/en\/tienda\/sin categor\u00eda\/baquetas-vic-firth-mod-ms1\/","og_site_name":"Mexican Guitar Players","article_modified_time":"2026-01-17T10:32:38+00:00","twitter_card":"summary_large_image","twitter_misc":{"Est. reading time":"1 minute"},"schema":{"@context":"https:\/\/schema.org","@graph":[{"@type":["WebPage","ItemPage"],"@id":"https:\/\/www.mexicanguitarplayers.com\/tienda\/sin categor\u00eda\/baquetas-vic-firth-mod-ms1\/","url":"https:\/\/www.mexicanguitarplayers.com\/tienda\/sin categor\u00eda\/baquetas-vic-firth-mod-ms1\/","name":"BAQUETAS VIC FIRTH MOD. MS1 - Mexican Guitar Players","isPartOf":{"@id":"https:\/\/www.mexicanguitarplayers.com\/#website"},"primaryImageOfPage":{"@id":"https:\/\/www.mexicanguitarplayers.com\/tienda\/sin categor\u00eda\/baquetas-vic-firth-mod-ms1\/#primaryimage"},"image":{"@id":"https:\/\/www.mexicanguitarplayers.com\/tienda\/sin categor\u00eda\/baquetas-vic-firth-mod-ms1\/#primaryimage"},"thumbnailUrl":"https:\/\/www.mexicanguitarplayers.com\/wp-content\/uploads\/2025\/04\/RAVICMS1.jpg","datePublished":"2025-04-09T04:30:24+00:00","dateModified":"2026-01-17T10:32:38+00:00","description":"El modelo MS1 de la serie Corpsmaster Snare es una baqueta dise\u00f1ada para ofrecer tonos oscuros en tambores y platillos. Con una longitud de 16.5 pulgadas (41.91 cm) y un di\u00e1metro de 0.695 pulgadas (1.77 cm), estas baquetas est\u00e1n fabricadas con madera de nogal y tienen un recubrimiento de laca en la superficie para un mejor agarre. La punta ovalada grande contribuye a producir sonidos m\u00e1s oscuros, mientras que el taper corto proporciona m\u00e1s poder y durabilidad, creando una sensaci\u00f3n de equilibrio hacia el frente de la baqueta. El modelo MS1 es ideal para m\u00fasicos que buscan una respuesta poderosa y tonos profundos en su rendimiento musical.","breadcrumb":{"@id":"https:\/\/www.mexicanguitarplayers.com\/tienda\/sin categor\u00eda\/baquetas-vic-firth-mod-ms1\/#breadcrumb"},"inLanguage":"en-US","potentialAction":[{"@type":"ReadAction","target":["https:\/\/www.mexicanguitarplayers.com\/tienda\/sin categor\u00eda\/baquetas-vic-firth-mod-ms1\/"]}]},{"@type":"ImageObject","inLanguage":"en-US","@id":"https:\/\/www.mexicanguitarplayers.com\/tienda\/sin categor\u00eda\/baquetas-vic-firth-mod-ms1\/#primaryimage","url":"https:\/\/www.mexicanguitarplayers.com\/wp-content\/uploads\/2025\/04\/RAVICMS1.jpg","contentUrl":"https:\/\/www.mexicanguitarplayers.com\/wp-content\/uploads\/2025\/04\/RAVICMS1.jpg","width":1200,"height":1200},{"@type":"BreadcrumbList","@id":"https:\/\/www.mexicanguitarplayers.com\/tienda\/sin categor\u00eda\/baquetas-vic-firth-mod-ms1\/#breadcrumb","itemListElement":[{"@type":"ListItem","position":1,"name":"Portada","item":"https:\/\/www.mexicanguitarplayers.com\/"},{"@type":"ListItem","position":2,"name":"Tienda","item":"https:\/\/www.mexicanguitarplayers.com\/tienda\/"},{"@type":"ListItem","position":3,"name":"BAQUETAS VIC FIRTH MOD. MS1"}]},{"@type":"WebSite","@id":"https:\/\/www.mexicanguitarplayers.com\/#website","url":"https:\/\/www.mexicanguitarplayers.com\/","name":"Mexican Guitar Players","description":"Website","publisher":{"@id":"https:\/\/www.mexicanguitarplayers.com\/#organization"},"potentialAction":[{"@type":"SearchAction","target":{"@type":"EntryPoint","urlTemplate":"https:\/\/www.mexicanguitarplayers.com\/?s={search_term_string}"},"query-input":{"@type":"PropertyValueSpecification","valueRequired":true,"valueName":"search_term_string"}}],"inLanguage":"en-US"},{"@type":"Organization","@id":"https:\/\/www.mexicanguitarplayers.com\/#organization","name":"Mexican Guitar Players","url":"https:\/\/www.mexicanguitarplayers.com\/","logo":{"@type":"ImageObject","inLanguage":"en-US","@id":"https:\/\/www.mexicanguitarplayers.com\/#\/schema\/logo\/image\/","url":"","contentUrl":"","caption":"Mexican Guitar Players"},"image":{"@id":"https:\/\/www.mexicanguitarplayers.com\/#\/schema\/logo\/image\/"}}]}},"brands":[{"id":643,"name":"VIC FIRTH","slug":"vic-firth"}],"_links":{"self":[{"href":"https:\/\/www.mexicanguitarplayers.com\/en\/wp-json\/wp\/v2\/product\/36186","targetHints":{"allow":["GET"]}}],"collection":[{"href":"https:\/\/www.mexicanguitarplayers.com\/en\/wp-json\/wp\/v2\/product"}],"about":[{"href":"https:\/\/www.mexicanguitarplayers.com\/en\/wp-json\/wp\/v2\/types\/product"}],"replies":[{"embeddable":true,"href":"https:\/\/www.mexicanguitarplayers.com\/en\/wp-json\/wp\/v2\/comments?post=36186"}],"wp:featuredmedia":[{"embeddable":true,"href":"https:\/\/www.mexicanguitarplayers.com\/en\/wp-json\/wp\/v2\/media\/36182"}],"wp:attachment":[{"href":"https:\/\/www.mexicanguitarplayers.com\/en\/wp-json\/wp\/v2\/media?parent=36186"}],"wp:term":[{"taxonomy":"pwb-brand","embeddable":true,"href":"https:\/\/www.mexicanguitarplayers.com\/en\/wp-json\/wp\/v2\/pwb-brand?post=36186"},{"taxonomy":"product_brand","embeddable":true,"href":"https:\/\/www.mexicanguitarplayers.com\/en\/wp-json\/wp\/v2\/product_brand?post=36186"},{"taxonomy":"product_cat","embeddable":true,"href":"https:\/\/www.mexicanguitarplayers.com\/en\/wp-json\/wp\/v2\/product_cat?post=36186"},{"taxonomy":"product_tag","embeddable":true,"href":"https:\/\/www.mexicanguitarplayers.com\/en\/wp-json\/wp\/v2\/product_tag?post=36186"}],"curies":[{"name":"wp","href":"https:\/\/api.w.org\/{rel}","templated":true}]}}