{"id":36203,"date":"2025-04-08T22:30:45","date_gmt":"2025-04-09T04:30:45","guid":{"rendered":"https:\/\/www.mexicanguitarplayers.com\/tienda\/sin categor\u00eda\/bafle-proel-c-poder-v12a\/"},"modified":"2026-04-10T04:27:05","modified_gmt":"2026-04-10T10:27:05","slug":"bafle-proel-c-poder-v12a","status":"publish","type":"product","link":"https:\/\/www.mexicanguitarplayers.com\/en\/tienda\/audio\/bafles-y-bocinas\/bafles\/bafles-activos\/bafle-proel-c-poder-v12a\/","title":{"rendered":"BAFLE PROEL      C\/PODER   V12A"},"content":{"rendered":"<div style=\"text-align: justify\">\n<div>\n<h3>Sistema de altavoces bi amplificado de dos v\u00edas.<\/h3>\n<\/div>\n<div>La serie V es la nueva generaci\u00f3n de altavoces amplificados que entregan un valor absoluto en t\u00e9rminos de rendimiento, ingenier\u00eda y dise\u00f1o. Estos altavoces ultra port\u00e1tiles combinan en gabinetes ligeros cuidadosamente dise\u00f1ados la claridad y el sonido Proel m\u00e1s exacto como un amplificador de tecnolog\u00eda Clase D y una fuente de poder de modo switch alimentado, ofreciendo una soluci\u00f3n PA imbatible en su rango de precio. Los tres modelos de esta serie cuentan con un m\u00f3dulo de amplificaci\u00f3n muy eficiente, capaz de entregar 600 watts de robusta potencia para los transductores. Gracias al uso de tecnolog\u00eda SMPS, este poder viene en un paquete ultra ligero, haciendo de los modelos V los altavoces m\u00e1s portables de Proel. Este m\u00f3dulo de potencia est\u00e1 alojado en una caja de aluminio totalmente sellada que proporciona protecci\u00f3n, un perfecto aislamiento del gabinete desde afuera y un enfriamiento extremadamente eficiente. Gracias a los altavoces cuidadosamente seleccionados y a la sofisticada electr\u00f3nica activa, incluyendo limitadores duales de clip para un sonido sin distorsiones incluso en el nivel m\u00e1s alto, el sonido de la serie V se ha sintonizado con precisi\u00f3n en cada detalle con el fin de proporcionar un rendimiento sin precedentes en este rango de precio.  Los gabinetes de la serie V, expresi\u00f3n de dise\u00f1o italiano m\u00e1s avanzado incluyen un asa superior s\u00faper c\u00f3moda estilo equipaje para una portabilidad sin esfuerzo. La forma inclinada permite que los altavoces serie V se establezcan a su favor y se puedan utilizar tambi\u00e9n como monitores de escenario.<\/div>\n<div>\n<h4>Quick look<\/h4>\n<\/div>\n<ul style=\"margin: 0px 0px 0px 25px\">\n<li style=\"list-style-type: circle;margin: 5px\">Tipo de sistema.<\/li>\n<li style=\"list-style-type: circle;margin: 5px\">Driver de compresi\u00f3n.<\/li>\n<li style=\"list-style-type: circle;margin: 5px\">Excursi\u00f3n.<\/li>\n<li style=\"list-style-type: circle;margin: 5px\">Power.<\/li>\n<li style=\"list-style-type: circle;margin: 5px\">SMPS.<\/li>\n<li style=\"list-style-type: circle;margin: 5px\">Micr\u00f3fono.<\/li>\n<li style=\"list-style-type: circle;margin: 5px\">Procesador activo.<\/li>\n<li style=\"list-style-type: circle;margin: 5px\">Maximum SPL.<\/li>\n<li style=\"list-style-type: circle;margin: 5px\">Frequency response.<\/li>\n<li style=\"list-style-type: circle;margin: 5px\">Gabinete.<\/li>\n<li style=\"list-style-type: circle;margin: 5px\">Forma.<\/li>\n<li style=\"list-style-type: circle;margin: 5px\">Asas.<\/li>\n<li style=\"list-style-type: circle;margin: 5px\">Weight.<\/li>\n<li style=\"list-style-type: circle;margin: 5px\">Connectors.<\/li>\n<li style=\"list-style-type: circle;margin: 5px\">Construcci\u00f3n.<\/li>\n<li style=\"list-style-type: circle;margin: 5px\">Color.<\/li>\n<li style=\"list-style-type: circle;margin: 5px\">Poste de montaje.<\/li>\n<li style=\"list-style-type: circle;margin: 5px\">Dimensions.<\/li>\n<\/ul>\n<div>\n<div style=\"font-weight: bold\">Tipo de sistema.<\/div>\n<div>\n<p>Gabinete ventilado de dos v\u00edas<\/p>\n<\/div>\n<div style=\"font-weight: bold\">Driver de compresi\u00f3n.<\/div>\n<div>\n<p>Driver de 1&#8243; pulgada de alta definici\u00f3n, de neodimio con una amplia dispersi\u00f3n constante de 90\u00b0 x 60\u00b0.<\/p>\n<\/div>\n<div style=\"font-weight: bold\">Excursi\u00f3n.<\/div>\n<div>\n<p>Woofer de 12&#8243; pulgadas con bobina m\u00f3vil de 2.5&#8243; pulgadas.<\/p>\n<\/div>\n<div style=\"font-weight: bold\">Power.<\/div>\n<div>\n<p>Amplificador clase AB con 50 watts continuos para frecuencias altas. Amplificador clase D con 250 watts continuos para frecuencias bajas. Amplificador de potencia con 600 watts pico, alojado en una caja de aluminio totalmente sellada.<\/p>\n<\/div>\n<div style=\"font-weight: bold\">SMPS.<\/div>\n<div>\n<p>Switch Mode Power Supply.<\/p>\n<\/div>\n<div style=\"font-weight: bold\">Micr\u00f3fono.<\/div>\n<div>\n<p>Entrada de l\u00ednea \/ micr\u00f3fono seleccionable con ecualizador de dos bandas.<\/p>\n<\/div>\n<div style=\"font-weight: bold\">Procesador activo.<\/div>\n<div>\n<p>Procesador activo integrado con doble limitador de recorte para un m\u00e1ximo control y protecci\u00f3n.<\/p>\n<\/div>\n<div style=\"font-weight: bold\">Maximum SPL.<\/div>\n<div>\n<p>123 dB.<\/p>\n<\/div>\n<div style=\"font-weight: bold\">Frequency response.<\/div>\n<div>\n<p>60 Hz &#8211; 20 kHz.<\/p>\n<\/div>\n<div style=\"font-weight: bold\">Gabinete.<\/div>\n<div>\n<p>Gabinete de polipropileno liviano con un amplio sistema de estructuras.<\/p>\n<\/div>\n<div style=\"font-weight: bold\">Forma.<\/div>\n<div>\n<p>Forma asim\u00e9trica para uso tambi\u00e9n como monitor de escenario.<\/p>\n<\/div>\n<div style=\"font-weight: bold\">Asas.<\/div>\n<div>\n<p>S\u00faper c\u00f3moda asa de transporte superior de estilo equipaje para una portabilidad sin esfuerzo.<\/p>\n<\/div>\n<div style=\"font-weight: bold\">Weight.<\/div>\n<div>\n<p>13 Kg.<\/p>\n<\/div>\n<div style=\"font-weight: bold\">Connectors.<\/div>\n<div>\n<p>IN: COMBO, LINK: XLR M.<\/p>\n<\/div>\n<div style=\"font-weight: bold\">Construcci\u00f3n.<\/div>\n<div>\n<p>Polipropileno.<\/p>\n<\/div>\n<div style=\"font-weight: bold\">Color.<\/div>\n<div>\n<p>Black.<\/p>\n<\/div>\n<div style=\"font-weight: bold\">Poste de montaje.<\/div>\n<div>\n<p>1 x abajo.<\/p>\n<\/div>\n<div style=\"font-weight: bold\">Dimensions.<\/div>\n<div>\n<p>380 mm x 600 mm x 328 mm.<\/p>\n<\/div>\n<\/div>\n<\/div>","protected":false},"excerpt":{"rendered":"<p>Bafle activo, woofer de 12\u201d pulgadas, potencia pico: 600 watts, SPL m\u00e1ximo: 124 dB, respuesta de frecuencia: 60 Hz &#8211; 20 kHz, peso: 13 kg.&hellip; <a class=\"kt-excerpt-readmore more-link\" href=\"https:\/\/www.mexicanguitarplayers.com\/en\/tienda\/audio\/bafles-y-bocinas\/bafles\/bafles-activos\/bafle-proel-c-poder-v12a\/\">Read more<\/a><\/p>","protected":false},"featured_media":36199,"comment_status":"open","ping_status":"closed","template":"","meta":{"kt_blocks_editor_width":""},"pwb-brand":[252],"product_brand":[],"product_cat":[213,222,472,221],"product_tag":[],"class_list":{"0":"post-36203","1":"product","2":"type-product","3":"status-publish","4":"has-post-thumbnail","6":"pwb-brand-proel","7":"product_cat-audio","8":"product_cat-bafles","9":"product_cat-bafles-activos","10":"product_cat-bafles-y-bocinas","11":"product_shipping_class-15-20-kg","13":"first","14":"outofstock","15":"taxable","16":"shipping-taxable","17":"purchasable","18":"product-type-simple"},"yoast_head":"<!-- This site is optimized with the Yoast SEO plugin v27.5 - https:\/\/yoast.com\/product\/yoast-seo-wordpress\/ -->\n<title>BAFLE PROEL   C\/PODER  V12A - Mexican Guitar Players<\/title>\n<meta name=\"description\" content=\"Bafle activo, woofer de 12\u201d pulgadas, potencia pico: 600 watts, SPL m\u00e1ximo: 124 dB, respuesta de frecuencia: 60 Hz - 20 kHz, peso: 13 kg.\" \/>\n<meta name=\"robots\" content=\"index, follow, max-snippet:-1, max-image-preview:large, max-video-preview:-1\" \/>\n<link rel=\"canonical\" href=\"https:\/\/www.mexicanguitarplayers.com\/en\/tienda\/sin%20categor\u00eda\/bafle-proel-c-poder-v12a\/\" \/>\n<meta property=\"og:locale\" content=\"en_US\" \/>\n<meta property=\"og:type\" content=\"article\" \/>\n<meta property=\"og:title\" content=\"BAFLE PROEL   C\/PODER  V12A - Mexican Guitar Players\" \/>\n<meta property=\"og:description\" content=\"Bafle activo, woofer de 12\u201d pulgadas, potencia pico: 600 watts, SPL m\u00e1ximo: 124 dB, respuesta de frecuencia: 60 Hz - 20 kHz, peso: 13 kg.\" \/>\n<meta property=\"og:url\" content=\"https:\/\/www.mexicanguitarplayers.com\/en\/tienda\/sin categor\u00eda\/bafle-proel-c-poder-v12a\/\" \/>\n<meta property=\"og:site_name\" content=\"Mexican Guitar Players\" \/>\n<meta property=\"article:modified_time\" content=\"2026-04-10T10:27:05+00:00\" \/>\n<meta name=\"twitter:card\" content=\"summary_large_image\" \/>\n<meta name=\"twitter:label1\" content=\"Est. reading time\" \/>\n\t<meta name=\"twitter:data1\" content=\"2 minutes\" \/>\n<script type=\"application\/ld+json\" class=\"yoast-schema-graph\">{\"@context\":\"https:\\\/\\\/schema.org\",\"@graph\":[{\"@type\":[\"WebPage\",\"ItemPage\"],\"@id\":\"https:\\\/\\\/www.mexicanguitarplayers.com\\\/tienda\\\/sin categor\u00eda\\\/bafle-proel-c-poder-v12a\\\/\",\"url\":\"https:\\\/\\\/www.mexicanguitarplayers.com\\\/tienda\\\/sin categor\u00eda\\\/bafle-proel-c-poder-v12a\\\/\",\"name\":\"BAFLE PROEL C\\\/PODER V12A - Mexican Guitar Players\",\"isPartOf\":{\"@id\":\"https:\\\/\\\/www.mexicanguitarplayers.com\\\/#website\"},\"primaryImageOfPage\":{\"@id\":\"https:\\\/\\\/www.mexicanguitarplayers.com\\\/tienda\\\/sin categor\u00eda\\\/bafle-proel-c-poder-v12a\\\/#primaryimage\"},\"image\":{\"@id\":\"https:\\\/\\\/www.mexicanguitarplayers.com\\\/tienda\\\/sin categor\u00eda\\\/bafle-proel-c-poder-v12a\\\/#primaryimage\"},\"thumbnailUrl\":\"https:\\\/\\\/www.mexicanguitarplayers.com\\\/wp-content\\\/uploads\\\/2025\\\/04\\\/IAPREV12A.jpg\",\"datePublished\":\"2025-04-09T04:30:45+00:00\",\"dateModified\":\"2026-04-10T10:27:05+00:00\",\"description\":\"Bafle activo, woofer de 12\u201d pulgadas, potencia pico: 600 watts, SPL m\u00e1ximo: 124 dB, respuesta de frecuencia: 60 Hz - 20 kHz, peso: 13 kg.\",\"breadcrumb\":{\"@id\":\"https:\\\/\\\/www.mexicanguitarplayers.com\\\/tienda\\\/sin categor\u00eda\\\/bafle-proel-c-poder-v12a\\\/#breadcrumb\"},\"inLanguage\":\"en-US\",\"potentialAction\":[{\"@type\":\"ReadAction\",\"target\":[\"https:\\\/\\\/www.mexicanguitarplayers.com\\\/tienda\\\/sin categor\u00eda\\\/bafle-proel-c-poder-v12a\\\/\"]}]},{\"@type\":\"ImageObject\",\"inLanguage\":\"en-US\",\"@id\":\"https:\\\/\\\/www.mexicanguitarplayers.com\\\/tienda\\\/sin categor\u00eda\\\/bafle-proel-c-poder-v12a\\\/#primaryimage\",\"url\":\"https:\\\/\\\/www.mexicanguitarplayers.com\\\/wp-content\\\/uploads\\\/2025\\\/04\\\/IAPREV12A.jpg\",\"contentUrl\":\"https:\\\/\\\/www.mexicanguitarplayers.com\\\/wp-content\\\/uploads\\\/2025\\\/04\\\/IAPREV12A.jpg\",\"width\":1200,\"height\":1200},{\"@type\":\"BreadcrumbList\",\"@id\":\"https:\\\/\\\/www.mexicanguitarplayers.com\\\/tienda\\\/sin categor\u00eda\\\/bafle-proel-c-poder-v12a\\\/#breadcrumb\",\"itemListElement\":[{\"@type\":\"ListItem\",\"position\":1,\"name\":\"Portada\",\"item\":\"https:\\\/\\\/www.mexicanguitarplayers.com\\\/\"},{\"@type\":\"ListItem\",\"position\":2,\"name\":\"Tienda\",\"item\":\"https:\\\/\\\/www.mexicanguitarplayers.com\\\/tienda\\\/\"},{\"@type\":\"ListItem\",\"position\":3,\"name\":\"BAFLE PROEL C\\\/PODER V12A\"}]},{\"@type\":\"WebSite\",\"@id\":\"https:\\\/\\\/www.mexicanguitarplayers.com\\\/#website\",\"url\":\"https:\\\/\\\/www.mexicanguitarplayers.com\\\/\",\"name\":\"Mexican Guitar Players\",\"description\":\"Website\",\"publisher\":{\"@id\":\"https:\\\/\\\/www.mexicanguitarplayers.com\\\/#organization\"},\"potentialAction\":[{\"@type\":\"SearchAction\",\"target\":{\"@type\":\"EntryPoint\",\"urlTemplate\":\"https:\\\/\\\/www.mexicanguitarplayers.com\\\/?s={search_term_string}\"},\"query-input\":{\"@type\":\"PropertyValueSpecification\",\"valueRequired\":true,\"valueName\":\"search_term_string\"}}],\"inLanguage\":\"en-US\"},{\"@type\":\"Organization\",\"@id\":\"https:\\\/\\\/www.mexicanguitarplayers.com\\\/#organization\",\"name\":\"Mexican Guitar Players\",\"url\":\"https:\\\/\\\/www.mexicanguitarplayers.com\\\/\",\"logo\":{\"@type\":\"ImageObject\",\"inLanguage\":\"en-US\",\"@id\":\"https:\\\/\\\/www.mexicanguitarplayers.com\\\/#\\\/schema\\\/logo\\\/image\\\/\",\"url\":\"\",\"contentUrl\":\"\",\"caption\":\"Mexican Guitar Players\"},\"image\":{\"@id\":\"https:\\\/\\\/www.mexicanguitarplayers.com\\\/#\\\/schema\\\/logo\\\/image\\\/\"}}]}<\/script>\n<!-- \/ Yoast SEO plugin. -->","yoast_head_json":{"title":"BAFLE PROEL   C\/PODER  V12A - Mexican Guitar Players","description":"Bafle activo, woofer de 12\u201d pulgadas, potencia pico: 600 watts, SPL m\u00e1ximo: 124 dB, respuesta de frecuencia: 60 Hz - 20 kHz, peso: 13 kg.","robots":{"index":"index","follow":"follow","max-snippet":"max-snippet:-1","max-image-preview":"max-image-preview:large","max-video-preview":"max-video-preview:-1"},"canonical":"https:\/\/www.mexicanguitarplayers.com\/en\/tienda\/sin categor\u00eda\/bafle-proel-c-poder-v12a\/","og_locale":"en_US","og_type":"article","og_title":"BAFLE PROEL   C\/PODER  V12A - Mexican Guitar Players","og_description":"Bafle activo, woofer de 12\u201d pulgadas, potencia pico: 600 watts, SPL m\u00e1ximo: 124 dB, respuesta de frecuencia: 60 Hz - 20 kHz, peso: 13 kg.","og_url":"https:\/\/www.mexicanguitarplayers.com\/en\/tienda\/sin categor\u00eda\/bafle-proel-c-poder-v12a\/","og_site_name":"Mexican Guitar Players","article_modified_time":"2026-04-10T10:27:05+00:00","twitter_card":"summary_large_image","twitter_misc":{"Est. reading time":"2 minutes"},"schema":{"@context":"https:\/\/schema.org","@graph":[{"@type":["WebPage","ItemPage"],"@id":"https:\/\/www.mexicanguitarplayers.com\/tienda\/sin categor\u00eda\/bafle-proel-c-poder-v12a\/","url":"https:\/\/www.mexicanguitarplayers.com\/tienda\/sin categor\u00eda\/bafle-proel-c-poder-v12a\/","name":"BAFLE PROEL C\/PODER V12A - Mexican Guitar Players","isPartOf":{"@id":"https:\/\/www.mexicanguitarplayers.com\/#website"},"primaryImageOfPage":{"@id":"https:\/\/www.mexicanguitarplayers.com\/tienda\/sin categor\u00eda\/bafle-proel-c-poder-v12a\/#primaryimage"},"image":{"@id":"https:\/\/www.mexicanguitarplayers.com\/tienda\/sin categor\u00eda\/bafle-proel-c-poder-v12a\/#primaryimage"},"thumbnailUrl":"https:\/\/www.mexicanguitarplayers.com\/wp-content\/uploads\/2025\/04\/IAPREV12A.jpg","datePublished":"2025-04-09T04:30:45+00:00","dateModified":"2026-04-10T10:27:05+00:00","description":"Bafle activo, woofer de 12\u201d pulgadas, potencia pico: 600 watts, SPL m\u00e1ximo: 124 dB, respuesta de frecuencia: 60 Hz - 20 kHz, peso: 13 kg.","breadcrumb":{"@id":"https:\/\/www.mexicanguitarplayers.com\/tienda\/sin categor\u00eda\/bafle-proel-c-poder-v12a\/#breadcrumb"},"inLanguage":"en-US","potentialAction":[{"@type":"ReadAction","target":["https:\/\/www.mexicanguitarplayers.com\/tienda\/sin categor\u00eda\/bafle-proel-c-poder-v12a\/"]}]},{"@type":"ImageObject","inLanguage":"en-US","@id":"https:\/\/www.mexicanguitarplayers.com\/tienda\/sin categor\u00eda\/bafle-proel-c-poder-v12a\/#primaryimage","url":"https:\/\/www.mexicanguitarplayers.com\/wp-content\/uploads\/2025\/04\/IAPREV12A.jpg","contentUrl":"https:\/\/www.mexicanguitarplayers.com\/wp-content\/uploads\/2025\/04\/IAPREV12A.jpg","width":1200,"height":1200},{"@type":"BreadcrumbList","@id":"https:\/\/www.mexicanguitarplayers.com\/tienda\/sin categor\u00eda\/bafle-proel-c-poder-v12a\/#breadcrumb","itemListElement":[{"@type":"ListItem","position":1,"name":"Portada","item":"https:\/\/www.mexicanguitarplayers.com\/"},{"@type":"ListItem","position":2,"name":"Tienda","item":"https:\/\/www.mexicanguitarplayers.com\/tienda\/"},{"@type":"ListItem","position":3,"name":"BAFLE PROEL C\/PODER V12A"}]},{"@type":"WebSite","@id":"https:\/\/www.mexicanguitarplayers.com\/#website","url":"https:\/\/www.mexicanguitarplayers.com\/","name":"Mexican Guitar Players","description":"Website","publisher":{"@id":"https:\/\/www.mexicanguitarplayers.com\/#organization"},"potentialAction":[{"@type":"SearchAction","target":{"@type":"EntryPoint","urlTemplate":"https:\/\/www.mexicanguitarplayers.com\/?s={search_term_string}"},"query-input":{"@type":"PropertyValueSpecification","valueRequired":true,"valueName":"search_term_string"}}],"inLanguage":"en-US"},{"@type":"Organization","@id":"https:\/\/www.mexicanguitarplayers.com\/#organization","name":"Mexican Guitar Players","url":"https:\/\/www.mexicanguitarplayers.com\/","logo":{"@type":"ImageObject","inLanguage":"en-US","@id":"https:\/\/www.mexicanguitarplayers.com\/#\/schema\/logo\/image\/","url":"","contentUrl":"","caption":"Mexican Guitar Players"},"image":{"@id":"https:\/\/www.mexicanguitarplayers.com\/#\/schema\/logo\/image\/"}}]}},"brands":[{"id":252,"name":"PROEL","slug":"proel"}],"_links":{"self":[{"href":"https:\/\/www.mexicanguitarplayers.com\/en\/wp-json\/wp\/v2\/product\/36203","targetHints":{"allow":["GET"]}}],"collection":[{"href":"https:\/\/www.mexicanguitarplayers.com\/en\/wp-json\/wp\/v2\/product"}],"about":[{"href":"https:\/\/www.mexicanguitarplayers.com\/en\/wp-json\/wp\/v2\/types\/product"}],"replies":[{"embeddable":true,"href":"https:\/\/www.mexicanguitarplayers.com\/en\/wp-json\/wp\/v2\/comments?post=36203"}],"wp:featuredmedia":[{"embeddable":true,"href":"https:\/\/www.mexicanguitarplayers.com\/en\/wp-json\/wp\/v2\/media\/36199"}],"wp:attachment":[{"href":"https:\/\/www.mexicanguitarplayers.com\/en\/wp-json\/wp\/v2\/media?parent=36203"}],"wp:term":[{"taxonomy":"pwb-brand","embeddable":true,"href":"https:\/\/www.mexicanguitarplayers.com\/en\/wp-json\/wp\/v2\/pwb-brand?post=36203"},{"taxonomy":"product_brand","embeddable":true,"href":"https:\/\/www.mexicanguitarplayers.com\/en\/wp-json\/wp\/v2\/product_brand?post=36203"},{"taxonomy":"product_cat","embeddable":true,"href":"https:\/\/www.mexicanguitarplayers.com\/en\/wp-json\/wp\/v2\/product_cat?post=36203"},{"taxonomy":"product_tag","embeddable":true,"href":"https:\/\/www.mexicanguitarplayers.com\/en\/wp-json\/wp\/v2\/product_tag?post=36203"}],"curies":[{"name":"wp","href":"https:\/\/api.w.org\/{rel}","templated":true}]}}