{"id":36209,"date":"2025-04-08T22:31:36","date_gmt":"2025-04-09T04:31:36","guid":{"rendered":"https:\/\/www.mexicanguitarplayers.com\/tienda\/sin categor\u00eda\/estuche-skb-p-bombo-bateria-1skb-d2022\/"},"modified":"2026-04-10T04:27:05","modified_gmt":"2026-04-10T10:27:05","slug":"estuche-skb-p-bombo-bateria-1skb-d2022","status":"publish","type":"product","link":"https:\/\/www.mexicanguitarplayers.com\/en\/tienda\/accesorios\/para-bateria\/estuche-skb-p-bombo-bateria-1skb-d2022\/","title":{"rendered":"ESTUCHE SKB P\/BOMBO BATERIA 1SKB-D2022"},"content":{"rendered":"<div style=\"text-align: justify\">\n<div>\n<h3>Lo mejor en seguridad para tus tambores.<\/h3>\n<\/div>\n<div>Revolucionario estuche para tom roto moldeado en forma de D con moldeado en pies para posicionamiento vertical y estabilidad. Patr\u00f3n Roto-X patentado para una mayor durabilidad y un apilado seguro. Agarraderas seguras con freno de 90 grados dise\u00f1adas para un transporte y levantamiento f\u00e1cil. Los estuches de bater\u00eda han revolucionado la protecci\u00f3n asequible de tambores. La l\u00ednea entera es realmente un gran avance en la protecci\u00f3n de tambores. Con interiores acojinados para agregar una mayor protecci\u00f3n.<\/div>\n<div>\n<h4>Quick look<\/h4>\n<\/div>\n<ul style=\"margin: 0px 0px 0px 25px\">\n<li style=\"list-style-type: circle;margin: 5px\">Weight.<\/li>\n<li style=\"list-style-type: circle;margin: 5px\">Profundidad interior.<\/li>\n<li style=\"list-style-type: circle;margin: 5px\">Di\u00e1metro.<\/li>\n<\/ul>\n<div>\n<div style=\"font-weight: bold\">Weight.<\/div>\n<div>\n<p>8.85 kg.<\/p>\n<\/div>\n<div style=\"font-weight: bold\">Profundidad interior.<\/div>\n<div>\n<p>23.75&#8243; pulgadas (60.33 cm).<\/p>\n<\/div>\n<div style=\"font-weight: bold\">Di\u00e1metro.<\/div>\n<div>\n<p>25&#8243; pulgadas (63.50 cm).<\/p>\n<\/div>\n<\/div>\n<div>\n<h4>Characteristics<\/h4>\n<\/div>\n<div>\n<ul style=\"margin: 0px 0px 0px 25px\">\n<li style=\"list-style-type: circle;margin: 5px\">Apilable para un almacenamiento conveniente.<\/li>\n<li style=\"list-style-type: circle;margin: 5px\">Patas de pedestal.<\/li>\n<li style=\"list-style-type: circle;margin: 5px\">Interior acolchado para una mayor protecci\u00f3n.<\/li>\n<li style=\"list-style-type: circle;margin: 5px\">Hebilla robusta de alta tensi\u00f3n.<\/li>\n<li style=\"list-style-type: circle;margin: 5px\">Para bombo de 18&#8243; x 22&#8243;.<\/li>\n<\/ul>\n<\/div>\n<\/div>","protected":false},"excerpt":{"rendered":"<p>Estuche para bombo de 20\u201d x 22\u201d, sistema apilable para un almacenamiento conveniente, patas de pedestal, interior acolchado para una mayor protecci\u00f3n, hebilla robusta de alta tensi\u00f3n, profundidad interior: 23.75\u201d pulgadas (60.33 cm), di\u00e1metro: 25\u201d pulgadas (63.50 cm), peso: 8.85 kg.&hellip; <a class=\"kt-excerpt-readmore more-link\" href=\"https:\/\/www.mexicanguitarplayers.com\/en\/tienda\/accesorios\/para-bateria\/estuche-skb-p-bombo-bateria-1skb-d2022\/\">Read more<\/a><\/p>","protected":false},"featured_media":36204,"comment_status":"open","ping_status":"closed","template":"","meta":{"kt_blocks_editor_width":""},"pwb-brand":[609],"product_brand":[],"product_cat":[85,517,306],"product_tag":[],"class_list":{"0":"post-36209","1":"product","2":"type-product","3":"status-publish","4":"has-post-thumbnail","6":"pwb-brand-skb","7":"product_cat-accesorios","8":"product_cat-estuches-y-fundas","9":"product_cat-para-bateria","10":"product_shipping_class-10-15-kg","12":"first","13":"outofstock","14":"taxable","15":"shipping-taxable","16":"purchasable","17":"product-type-simple"},"yoast_head":"<!-- This site is optimized with the Yoast SEO plugin v27.5 - https:\/\/yoast.com\/product\/yoast-seo-wordpress\/ -->\n<title>ESTUCHE SKB P\/BOMBO BATERIA 1SKB-D2022 - Mexican Guitar Players<\/title>\n<meta name=\"description\" content=\"Estuche para bombo de 20\u201d x 22\u201d, sistema apilable para un almacenamiento conveniente, patas de pedestal, interior acolchado para una mayor protecci\u00f3n, hebilla robusta de alta tensi\u00f3n, profundidad interior: 23.75\u201d pulgadas (60.33 cm), di\u00e1metro: 25\u201d pulgadas (63.50 cm), peso: 8.85 kg.\" \/>\n<meta name=\"robots\" content=\"index, follow, max-snippet:-1, max-image-preview:large, max-video-preview:-1\" \/>\n<link rel=\"canonical\" href=\"https:\/\/www.mexicanguitarplayers.com\/en\/tienda\/sin%20categor\u00eda\/estuche-skb-p-bombo-bateria-1skb-d2022\/\" \/>\n<meta property=\"og:locale\" content=\"en_US\" \/>\n<meta property=\"og:type\" content=\"article\" \/>\n<meta property=\"og:title\" content=\"ESTUCHE SKB P\/BOMBO BATERIA 1SKB-D2022 - Mexican Guitar Players\" \/>\n<meta property=\"og:description\" content=\"Estuche para bombo de 20\u201d x 22\u201d, sistema apilable para un almacenamiento conveniente, patas de pedestal, interior acolchado para una mayor protecci\u00f3n, hebilla robusta de alta tensi\u00f3n, profundidad interior: 23.75\u201d pulgadas (60.33 cm), di\u00e1metro: 25\u201d pulgadas (63.50 cm), peso: 8.85 kg.\" \/>\n<meta property=\"og:url\" content=\"https:\/\/www.mexicanguitarplayers.com\/en\/tienda\/sin categor\u00eda\/estuche-skb-p-bombo-bateria-1skb-d2022\/\" \/>\n<meta property=\"og:site_name\" content=\"Mexican Guitar Players\" \/>\n<meta property=\"article:modified_time\" content=\"2026-04-10T10:27:05+00:00\" \/>\n<meta name=\"twitter:card\" content=\"summary_large_image\" \/>\n<meta name=\"twitter:label1\" content=\"Est. reading time\" \/>\n\t<meta name=\"twitter:data1\" content=\"1 minute\" \/>\n<script type=\"application\/ld+json\" class=\"yoast-schema-graph\">{\"@context\":\"https:\\\/\\\/schema.org\",\"@graph\":[{\"@type\":[\"WebPage\",\"ItemPage\"],\"@id\":\"https:\\\/\\\/www.mexicanguitarplayers.com\\\/tienda\\\/sin categor\u00eda\\\/estuche-skb-p-bombo-bateria-1skb-d2022\\\/\",\"url\":\"https:\\\/\\\/www.mexicanguitarplayers.com\\\/tienda\\\/sin categor\u00eda\\\/estuche-skb-p-bombo-bateria-1skb-d2022\\\/\",\"name\":\"ESTUCHE SKB P\\\/BOMBO BATERIA 1SKB-D2022 - Mexican Guitar Players\",\"isPartOf\":{\"@id\":\"https:\\\/\\\/www.mexicanguitarplayers.com\\\/#website\"},\"primaryImageOfPage\":{\"@id\":\"https:\\\/\\\/www.mexicanguitarplayers.com\\\/tienda\\\/sin categor\u00eda\\\/estuche-skb-p-bombo-bateria-1skb-d2022\\\/#primaryimage\"},\"image\":{\"@id\":\"https:\\\/\\\/www.mexicanguitarplayers.com\\\/tienda\\\/sin categor\u00eda\\\/estuche-skb-p-bombo-bateria-1skb-d2022\\\/#primaryimage\"},\"thumbnailUrl\":\"https:\\\/\\\/www.mexicanguitarplayers.com\\\/wp-content\\\/uploads\\\/2025\\\/04\\\/VASKB1SKB2022.png\",\"datePublished\":\"2025-04-09T04:31:36+00:00\",\"dateModified\":\"2026-04-10T10:27:05+00:00\",\"description\":\"Estuche para bombo de 20\u201d x 22\u201d, sistema apilable para un almacenamiento conveniente, patas de pedestal, interior acolchado para una mayor protecci\u00f3n, hebilla robusta de alta tensi\u00f3n, profundidad interior: 23.75\u201d pulgadas (60.33 cm), di\u00e1metro: 25\u201d pulgadas (63.50 cm), peso: 8.85 kg.\",\"breadcrumb\":{\"@id\":\"https:\\\/\\\/www.mexicanguitarplayers.com\\\/tienda\\\/sin categor\u00eda\\\/estuche-skb-p-bombo-bateria-1skb-d2022\\\/#breadcrumb\"},\"inLanguage\":\"en-US\",\"potentialAction\":[{\"@type\":\"ReadAction\",\"target\":[\"https:\\\/\\\/www.mexicanguitarplayers.com\\\/tienda\\\/sin categor\u00eda\\\/estuche-skb-p-bombo-bateria-1skb-d2022\\\/\"]}]},{\"@type\":\"ImageObject\",\"inLanguage\":\"en-US\",\"@id\":\"https:\\\/\\\/www.mexicanguitarplayers.com\\\/tienda\\\/sin categor\u00eda\\\/estuche-skb-p-bombo-bateria-1skb-d2022\\\/#primaryimage\",\"url\":\"https:\\\/\\\/www.mexicanguitarplayers.com\\\/wp-content\\\/uploads\\\/2025\\\/04\\\/VASKB1SKB2022.png\",\"contentUrl\":\"https:\\\/\\\/www.mexicanguitarplayers.com\\\/wp-content\\\/uploads\\\/2025\\\/04\\\/VASKB1SKB2022.png\",\"width\":1200,\"height\":1200},{\"@type\":\"BreadcrumbList\",\"@id\":\"https:\\\/\\\/www.mexicanguitarplayers.com\\\/tienda\\\/sin categor\u00eda\\\/estuche-skb-p-bombo-bateria-1skb-d2022\\\/#breadcrumb\",\"itemListElement\":[{\"@type\":\"ListItem\",\"position\":1,\"name\":\"Portada\",\"item\":\"https:\\\/\\\/www.mexicanguitarplayers.com\\\/\"},{\"@type\":\"ListItem\",\"position\":2,\"name\":\"Tienda\",\"item\":\"https:\\\/\\\/www.mexicanguitarplayers.com\\\/tienda\\\/\"},{\"@type\":\"ListItem\",\"position\":3,\"name\":\"ESTUCHE SKB P\\\/BOMBO BATERIA 1SKB-D2022\"}]},{\"@type\":\"WebSite\",\"@id\":\"https:\\\/\\\/www.mexicanguitarplayers.com\\\/#website\",\"url\":\"https:\\\/\\\/www.mexicanguitarplayers.com\\\/\",\"name\":\"Mexican Guitar Players\",\"description\":\"Website\",\"publisher\":{\"@id\":\"https:\\\/\\\/www.mexicanguitarplayers.com\\\/#organization\"},\"potentialAction\":[{\"@type\":\"SearchAction\",\"target\":{\"@type\":\"EntryPoint\",\"urlTemplate\":\"https:\\\/\\\/www.mexicanguitarplayers.com\\\/?s={search_term_string}\"},\"query-input\":{\"@type\":\"PropertyValueSpecification\",\"valueRequired\":true,\"valueName\":\"search_term_string\"}}],\"inLanguage\":\"en-US\"},{\"@type\":\"Organization\",\"@id\":\"https:\\\/\\\/www.mexicanguitarplayers.com\\\/#organization\",\"name\":\"Mexican Guitar Players\",\"url\":\"https:\\\/\\\/www.mexicanguitarplayers.com\\\/\",\"logo\":{\"@type\":\"ImageObject\",\"inLanguage\":\"en-US\",\"@id\":\"https:\\\/\\\/www.mexicanguitarplayers.com\\\/#\\\/schema\\\/logo\\\/image\\\/\",\"url\":\"\",\"contentUrl\":\"\",\"caption\":\"Mexican Guitar Players\"},\"image\":{\"@id\":\"https:\\\/\\\/www.mexicanguitarplayers.com\\\/#\\\/schema\\\/logo\\\/image\\\/\"}}]}<\/script>\n<!-- \/ Yoast SEO plugin. -->","yoast_head_json":{"title":"ESTUCHE SKB P\/BOMBO BATERIA 1SKB-D2022 - Mexican Guitar Players","description":"Estuche para bombo de 20\u201d x 22\u201d, sistema apilable para un almacenamiento conveniente, patas de pedestal, interior acolchado para una mayor protecci\u00f3n, hebilla robusta de alta tensi\u00f3n, profundidad interior: 23.75\u201d pulgadas (60.33 cm), di\u00e1metro: 25\u201d pulgadas (63.50 cm), peso: 8.85 kg.","robots":{"index":"index","follow":"follow","max-snippet":"max-snippet:-1","max-image-preview":"max-image-preview:large","max-video-preview":"max-video-preview:-1"},"canonical":"https:\/\/www.mexicanguitarplayers.com\/en\/tienda\/sin categor\u00eda\/estuche-skb-p-bombo-bateria-1skb-d2022\/","og_locale":"en_US","og_type":"article","og_title":"ESTUCHE SKB P\/BOMBO BATERIA 1SKB-D2022 - Mexican Guitar Players","og_description":"Estuche para bombo de 20\u201d x 22\u201d, sistema apilable para un almacenamiento conveniente, patas de pedestal, interior acolchado para una mayor protecci\u00f3n, hebilla robusta de alta tensi\u00f3n, profundidad interior: 23.75\u201d pulgadas (60.33 cm), di\u00e1metro: 25\u201d pulgadas (63.50 cm), peso: 8.85 kg.","og_url":"https:\/\/www.mexicanguitarplayers.com\/en\/tienda\/sin categor\u00eda\/estuche-skb-p-bombo-bateria-1skb-d2022\/","og_site_name":"Mexican Guitar Players","article_modified_time":"2026-04-10T10:27:05+00:00","twitter_card":"summary_large_image","twitter_misc":{"Est. reading time":"1 minute"},"schema":{"@context":"https:\/\/schema.org","@graph":[{"@type":["WebPage","ItemPage"],"@id":"https:\/\/www.mexicanguitarplayers.com\/tienda\/sin categor\u00eda\/estuche-skb-p-bombo-bateria-1skb-d2022\/","url":"https:\/\/www.mexicanguitarplayers.com\/tienda\/sin categor\u00eda\/estuche-skb-p-bombo-bateria-1skb-d2022\/","name":"ESTUCHE SKB P\/BOMBO BATERIA 1SKB-D2022 - Mexican Guitar Players","isPartOf":{"@id":"https:\/\/www.mexicanguitarplayers.com\/#website"},"primaryImageOfPage":{"@id":"https:\/\/www.mexicanguitarplayers.com\/tienda\/sin categor\u00eda\/estuche-skb-p-bombo-bateria-1skb-d2022\/#primaryimage"},"image":{"@id":"https:\/\/www.mexicanguitarplayers.com\/tienda\/sin categor\u00eda\/estuche-skb-p-bombo-bateria-1skb-d2022\/#primaryimage"},"thumbnailUrl":"https:\/\/www.mexicanguitarplayers.com\/wp-content\/uploads\/2025\/04\/VASKB1SKB2022.png","datePublished":"2025-04-09T04:31:36+00:00","dateModified":"2026-04-10T10:27:05+00:00","description":"Estuche para bombo de 20\u201d x 22\u201d, sistema apilable para un almacenamiento conveniente, patas de pedestal, interior acolchado para una mayor protecci\u00f3n, hebilla robusta de alta tensi\u00f3n, profundidad interior: 23.75\u201d pulgadas (60.33 cm), di\u00e1metro: 25\u201d pulgadas (63.50 cm), peso: 8.85 kg.","breadcrumb":{"@id":"https:\/\/www.mexicanguitarplayers.com\/tienda\/sin categor\u00eda\/estuche-skb-p-bombo-bateria-1skb-d2022\/#breadcrumb"},"inLanguage":"en-US","potentialAction":[{"@type":"ReadAction","target":["https:\/\/www.mexicanguitarplayers.com\/tienda\/sin categor\u00eda\/estuche-skb-p-bombo-bateria-1skb-d2022\/"]}]},{"@type":"ImageObject","inLanguage":"en-US","@id":"https:\/\/www.mexicanguitarplayers.com\/tienda\/sin categor\u00eda\/estuche-skb-p-bombo-bateria-1skb-d2022\/#primaryimage","url":"https:\/\/www.mexicanguitarplayers.com\/wp-content\/uploads\/2025\/04\/VASKB1SKB2022.png","contentUrl":"https:\/\/www.mexicanguitarplayers.com\/wp-content\/uploads\/2025\/04\/VASKB1SKB2022.png","width":1200,"height":1200},{"@type":"BreadcrumbList","@id":"https:\/\/www.mexicanguitarplayers.com\/tienda\/sin categor\u00eda\/estuche-skb-p-bombo-bateria-1skb-d2022\/#breadcrumb","itemListElement":[{"@type":"ListItem","position":1,"name":"Portada","item":"https:\/\/www.mexicanguitarplayers.com\/"},{"@type":"ListItem","position":2,"name":"Tienda","item":"https:\/\/www.mexicanguitarplayers.com\/tienda\/"},{"@type":"ListItem","position":3,"name":"ESTUCHE SKB P\/BOMBO BATERIA 1SKB-D2022"}]},{"@type":"WebSite","@id":"https:\/\/www.mexicanguitarplayers.com\/#website","url":"https:\/\/www.mexicanguitarplayers.com\/","name":"Mexican Guitar Players","description":"Website","publisher":{"@id":"https:\/\/www.mexicanguitarplayers.com\/#organization"},"potentialAction":[{"@type":"SearchAction","target":{"@type":"EntryPoint","urlTemplate":"https:\/\/www.mexicanguitarplayers.com\/?s={search_term_string}"},"query-input":{"@type":"PropertyValueSpecification","valueRequired":true,"valueName":"search_term_string"}}],"inLanguage":"en-US"},{"@type":"Organization","@id":"https:\/\/www.mexicanguitarplayers.com\/#organization","name":"Mexican Guitar Players","url":"https:\/\/www.mexicanguitarplayers.com\/","logo":{"@type":"ImageObject","inLanguage":"en-US","@id":"https:\/\/www.mexicanguitarplayers.com\/#\/schema\/logo\/image\/","url":"","contentUrl":"","caption":"Mexican Guitar Players"},"image":{"@id":"https:\/\/www.mexicanguitarplayers.com\/#\/schema\/logo\/image\/"}}]}},"brands":[{"id":609,"name":"SKB","slug":"skb"}],"_links":{"self":[{"href":"https:\/\/www.mexicanguitarplayers.com\/en\/wp-json\/wp\/v2\/product\/36209","targetHints":{"allow":["GET"]}}],"collection":[{"href":"https:\/\/www.mexicanguitarplayers.com\/en\/wp-json\/wp\/v2\/product"}],"about":[{"href":"https:\/\/www.mexicanguitarplayers.com\/en\/wp-json\/wp\/v2\/types\/product"}],"replies":[{"embeddable":true,"href":"https:\/\/www.mexicanguitarplayers.com\/en\/wp-json\/wp\/v2\/comments?post=36209"}],"wp:featuredmedia":[{"embeddable":true,"href":"https:\/\/www.mexicanguitarplayers.com\/en\/wp-json\/wp\/v2\/media\/36204"}],"wp:attachment":[{"href":"https:\/\/www.mexicanguitarplayers.com\/en\/wp-json\/wp\/v2\/media?parent=36209"}],"wp:term":[{"taxonomy":"pwb-brand","embeddable":true,"href":"https:\/\/www.mexicanguitarplayers.com\/en\/wp-json\/wp\/v2\/pwb-brand?post=36209"},{"taxonomy":"product_brand","embeddable":true,"href":"https:\/\/www.mexicanguitarplayers.com\/en\/wp-json\/wp\/v2\/product_brand?post=36209"},{"taxonomy":"product_cat","embeddable":true,"href":"https:\/\/www.mexicanguitarplayers.com\/en\/wp-json\/wp\/v2\/product_cat?post=36209"},{"taxonomy":"product_tag","embeddable":true,"href":"https:\/\/www.mexicanguitarplayers.com\/en\/wp-json\/wp\/v2\/product_tag?post=36209"}],"curies":[{"name":"wp","href":"https:\/\/api.w.org\/{rel}","templated":true}]}}