{"id":36246,"date":"2025-04-08T22:32:24","date_gmt":"2025-04-09T04:32:24","guid":{"rendered":"https:\/\/www.mexicanguitarplayers.com\/tienda\/sin categor\u00eda\/bajo-cruzer-electrico-rvb-850\/"},"modified":"2026-04-10T04:27:00","modified_gmt":"2026-04-10T10:27:00","slug":"bajo-cruzer-electrico-rvb-850","status":"publish","type":"product","link":"https:\/\/www.mexicanguitarplayers.com\/en\/tienda\/cuerdas\/bajos\/electricos\/electricos-pasivos\/bajo-cruzer-electrico-rvb-850\/","title":{"rendered":"BAJO CRUZER  ELECTRICO    RVB-850"},"content":{"rendered":"<div style=\"text-align: justify\">\n<div>\n<h3>Sonido duro y demoledor.<\/h3>\n<\/div>\n<div>Con el bajo RVB850 de Cruizer encontraras la potencia y definici\u00f3n que estas buscando para tu sonido, acompa\u00f1ado de un equipamiento profesional que te garantiza mayor durabilidad, adem\u00e1s de tener en tus manos un dise\u00f1o igual de impactante que sus  potentes pastillas de fabricaci\u00f3n especial con la cual  podr\u00e1s lograr un  sonido demoledor, definido y brillante.  Calidad, resistencia y potencia en un solo  bajo RVB850 de Cruizer. Ideal para  rock cl\u00e1sico, rock-blues y metal extremo.   Gran variedad en bajos y guitarras el\u00e9ctricas con formas tradicionales y vanguardistas con los mejores componentes del mercado. Guitarras cl\u00e1sicas, ac\u00fasticas y electroac\u00fasticas en bellos dise\u00f1os concebidos por los artesanos de Crafter Guitars empleando maderas finas y la mejor mano de obra. Combos para bajo y guitarra el\u00e9ctrica, guitarras ac\u00fasticas y bajos. Pedales de efectos y afinadores de gran calidad y precisi\u00f3n, todo con el respaldo de Crafter.     <\/div>\n<div>\n<h4>Quick look<\/h4>\n<\/div>\n<ul style=\"margin: 0px 0px 0px 25px\">\n<li style=\"list-style-type: circle;margin: 5px\">Maquinaria  Diecast.<\/li>\n<li style=\"list-style-type: circle;margin: 5px\">Brazo de maple y diapas\u00f3n de palo de rosa.<\/li>\n<\/ul>\n<div>\n<div style=\"font-weight: bold\">Maquinaria  Diecast.<\/div>\n<div>\n<p>Con la maquinaria cromada  Diecast  tenemos la precisi\u00f3n absoluta en nuestra afinaci\u00f3n, no tenemos que preocuparnos mientras estamos tocando, adem\u00e1s de contar con una maquinaria fina y resistente. <\/p>\n<\/div>\n<div style=\"font-weight: bold\">Brazo de maple y diapas\u00f3n de palo de rosa.<\/div>\n<div>\n<p>Dos de las maderas mas finas del mercado que nos otorgan una resonancia  y  finesa en nuestras ejecuciones y hacen una  definici\u00f3n s\u00f3nica  impresionante, sus acabados y detalles ayudan a concentrarnos en el la emisi\u00f3n del sonido de una manera muy natural..<\/p>\n<\/div>\n<\/div>\n<div>\n<h4>Characteristics<\/h4>\n<\/div>\n<div>\n<ul style=\"margin: 0px 0px 0px 25px\">\n<li style=\"list-style-type: circle;margin: 5px\">24 Trastes.<\/li>\n<\/ul>\n<\/div>\n<\/div>","protected":false},"excerpt":{"rendered":"<p>Bajo Cruzer  el\u00e9ctrico   RVB-850 bajo Flying v, 4 cuerdas, cuerpo de basswood, brazo de maple y diapas\u00f3n  de rosewood, 2 pickups Cruzer de Luxe bass, 1vol y 1 tono, selector de 3 pasos, 24 trastes, hardware negro, maquinarias diecast.&hellip; <a class=\"kt-excerpt-readmore more-link\" href=\"https:\/\/www.mexicanguitarplayers.com\/en\/tienda\/cuerdas\/bajos\/electricos\/electricos-pasivos\/bajo-cruzer-electrico-rvb-850\/\">Read more<\/a><\/p>","protected":false},"featured_media":36245,"comment_status":"open","ping_status":"closed","template":"","meta":{"kt_blocks_editor_width":""},"pwb-brand":[259],"product_brand":[],"product_cat":[317,224,318,319],"product_tag":[],"class_list":{"0":"post-36246","1":"product","2":"type-product","3":"status-publish","4":"has-post-thumbnail","6":"pwb-brand-cruzer","7":"product_cat-bajos","8":"product_cat-cuerdas","9":"product_cat-electricos","10":"product_cat-electricos-pasivos","11":"product_shipping_class-5-10-kg","13":"first","14":"outofstock","15":"taxable","16":"shipping-taxable","17":"purchasable","18":"product-type-simple"},"yoast_head":"<!-- This site is optimized with the Yoast SEO plugin v27.5 - https:\/\/yoast.com\/product\/yoast-seo-wordpress\/ -->\n<title>BAJO CRUZER ELECTRICO  RVB-850 - Mexican Guitar Players<\/title>\n<meta name=\"description\" content=\"Bajo Cruzer el\u00e9ctrico  RVB-850 bajo Flying v, 4 cuerdas, cuerpo de basswood, brazo de maple y diapas\u00f3n de rosewood, 2 pickups Cruzer de Luxe bass, 1vol y 1 tono, selector de 3 pasos, 24 trastes, hardware negro, maquinarias diecast.\" \/>\n<meta name=\"robots\" content=\"index, follow, max-snippet:-1, max-image-preview:large, max-video-preview:-1\" \/>\n<link rel=\"canonical\" href=\"https:\/\/www.mexicanguitarplayers.com\/en\/tienda\/sin%20categor\u00eda\/bajo-cruzer-electrico-rvb-850\/\" \/>\n<meta property=\"og:locale\" content=\"en_US\" \/>\n<meta property=\"og:type\" content=\"article\" \/>\n<meta property=\"og:title\" content=\"BAJO CRUZER ELECTRICO  RVB-850 - Mexican Guitar Players\" \/>\n<meta property=\"og:description\" content=\"Bajo Cruzer el\u00e9ctrico  RVB-850 bajo Flying v, 4 cuerdas, cuerpo de basswood, brazo de maple y diapas\u00f3n de rosewood, 2 pickups Cruzer de Luxe bass, 1vol y 1 tono, selector de 3 pasos, 24 trastes, hardware negro, maquinarias diecast.\" \/>\n<meta property=\"og:url\" content=\"https:\/\/www.mexicanguitarplayers.com\/en\/tienda\/sin categor\u00eda\/bajo-cruzer-electrico-rvb-850\/\" \/>\n<meta property=\"og:site_name\" content=\"Mexican Guitar Players\" \/>\n<meta property=\"article:modified_time\" content=\"2026-04-10T10:27:00+00:00\" \/>\n<meta name=\"twitter:card\" content=\"summary_large_image\" \/>\n<meta name=\"twitter:label1\" content=\"Est. reading time\" \/>\n\t<meta name=\"twitter:data1\" content=\"1 minute\" \/>\n<script type=\"application\/ld+json\" class=\"yoast-schema-graph\">{\"@context\":\"https:\\\/\\\/schema.org\",\"@graph\":[{\"@type\":[\"WebPage\",\"ItemPage\"],\"@id\":\"https:\\\/\\\/www.mexicanguitarplayers.com\\\/tienda\\\/sin categor\u00eda\\\/bajo-cruzer-electrico-rvb-850\\\/\",\"url\":\"https:\\\/\\\/www.mexicanguitarplayers.com\\\/tienda\\\/sin categor\u00eda\\\/bajo-cruzer-electrico-rvb-850\\\/\",\"name\":\"BAJO CRUZER ELECTRICO RVB-850 - Mexican Guitar Players\",\"isPartOf\":{\"@id\":\"https:\\\/\\\/www.mexicanguitarplayers.com\\\/#website\"},\"primaryImageOfPage\":{\"@id\":\"https:\\\/\\\/www.mexicanguitarplayers.com\\\/tienda\\\/sin categor\u00eda\\\/bajo-cruzer-electrico-rvb-850\\\/#primaryimage\"},\"image\":{\"@id\":\"https:\\\/\\\/www.mexicanguitarplayers.com\\\/tienda\\\/sin categor\u00eda\\\/bajo-cruzer-electrico-rvb-850\\\/#primaryimage\"},\"thumbnailUrl\":\"https:\\\/\\\/www.mexicanguitarplayers.com\\\/wp-content\\\/uploads\\\/2025\\\/04\\\/ISCRZRVB850.jpg\",\"datePublished\":\"2025-04-09T04:32:24+00:00\",\"dateModified\":\"2026-04-10T10:27:00+00:00\",\"description\":\"Bajo Cruzer el\u00e9ctrico RVB-850 bajo Flying v, 4 cuerdas, cuerpo de basswood, brazo de maple y diapas\u00f3n de rosewood, 2 pickups Cruzer de Luxe bass, 1vol y 1 tono, selector de 3 pasos, 24 trastes, hardware negro, maquinarias diecast.\",\"breadcrumb\":{\"@id\":\"https:\\\/\\\/www.mexicanguitarplayers.com\\\/tienda\\\/sin categor\u00eda\\\/bajo-cruzer-electrico-rvb-850\\\/#breadcrumb\"},\"inLanguage\":\"en-US\",\"potentialAction\":[{\"@type\":\"ReadAction\",\"target\":[\"https:\\\/\\\/www.mexicanguitarplayers.com\\\/tienda\\\/sin categor\u00eda\\\/bajo-cruzer-electrico-rvb-850\\\/\"]}]},{\"@type\":\"ImageObject\",\"inLanguage\":\"en-US\",\"@id\":\"https:\\\/\\\/www.mexicanguitarplayers.com\\\/tienda\\\/sin categor\u00eda\\\/bajo-cruzer-electrico-rvb-850\\\/#primaryimage\",\"url\":\"https:\\\/\\\/www.mexicanguitarplayers.com\\\/wp-content\\\/uploads\\\/2025\\\/04\\\/ISCRZRVB850.jpg\",\"contentUrl\":\"https:\\\/\\\/www.mexicanguitarplayers.com\\\/wp-content\\\/uploads\\\/2025\\\/04\\\/ISCRZRVB850.jpg\",\"width\":300,\"height\":300},{\"@type\":\"BreadcrumbList\",\"@id\":\"https:\\\/\\\/www.mexicanguitarplayers.com\\\/tienda\\\/sin categor\u00eda\\\/bajo-cruzer-electrico-rvb-850\\\/#breadcrumb\",\"itemListElement\":[{\"@type\":\"ListItem\",\"position\":1,\"name\":\"Portada\",\"item\":\"https:\\\/\\\/www.mexicanguitarplayers.com\\\/\"},{\"@type\":\"ListItem\",\"position\":2,\"name\":\"Tienda\",\"item\":\"https:\\\/\\\/www.mexicanguitarplayers.com\\\/tienda\\\/\"},{\"@type\":\"ListItem\",\"position\":3,\"name\":\"BAJO CRUZER ELECTRICO RVB-850\"}]},{\"@type\":\"WebSite\",\"@id\":\"https:\\\/\\\/www.mexicanguitarplayers.com\\\/#website\",\"url\":\"https:\\\/\\\/www.mexicanguitarplayers.com\\\/\",\"name\":\"Mexican Guitar Players\",\"description\":\"Website\",\"publisher\":{\"@id\":\"https:\\\/\\\/www.mexicanguitarplayers.com\\\/#organization\"},\"potentialAction\":[{\"@type\":\"SearchAction\",\"target\":{\"@type\":\"EntryPoint\",\"urlTemplate\":\"https:\\\/\\\/www.mexicanguitarplayers.com\\\/?s={search_term_string}\"},\"query-input\":{\"@type\":\"PropertyValueSpecification\",\"valueRequired\":true,\"valueName\":\"search_term_string\"}}],\"inLanguage\":\"en-US\"},{\"@type\":\"Organization\",\"@id\":\"https:\\\/\\\/www.mexicanguitarplayers.com\\\/#organization\",\"name\":\"Mexican Guitar Players\",\"url\":\"https:\\\/\\\/www.mexicanguitarplayers.com\\\/\",\"logo\":{\"@type\":\"ImageObject\",\"inLanguage\":\"en-US\",\"@id\":\"https:\\\/\\\/www.mexicanguitarplayers.com\\\/#\\\/schema\\\/logo\\\/image\\\/\",\"url\":\"\",\"contentUrl\":\"\",\"caption\":\"Mexican Guitar Players\"},\"image\":{\"@id\":\"https:\\\/\\\/www.mexicanguitarplayers.com\\\/#\\\/schema\\\/logo\\\/image\\\/\"}}]}<\/script>\n<!-- \/ Yoast SEO plugin. -->","yoast_head_json":{"title":"BAJO CRUZER ELECTRICO  RVB-850 - Mexican Guitar Players","description":"Bajo Cruzer el\u00e9ctrico  RVB-850 bajo Flying v, 4 cuerdas, cuerpo de basswood, brazo de maple y diapas\u00f3n de rosewood, 2 pickups Cruzer de Luxe bass, 1vol y 1 tono, selector de 3 pasos, 24 trastes, hardware negro, maquinarias diecast.","robots":{"index":"index","follow":"follow","max-snippet":"max-snippet:-1","max-image-preview":"max-image-preview:large","max-video-preview":"max-video-preview:-1"},"canonical":"https:\/\/www.mexicanguitarplayers.com\/en\/tienda\/sin categor\u00eda\/bajo-cruzer-electrico-rvb-850\/","og_locale":"en_US","og_type":"article","og_title":"BAJO CRUZER ELECTRICO  RVB-850 - Mexican Guitar Players","og_description":"Bajo Cruzer el\u00e9ctrico  RVB-850 bajo Flying v, 4 cuerdas, cuerpo de basswood, brazo de maple y diapas\u00f3n de rosewood, 2 pickups Cruzer de Luxe bass, 1vol y 1 tono, selector de 3 pasos, 24 trastes, hardware negro, maquinarias diecast.","og_url":"https:\/\/www.mexicanguitarplayers.com\/en\/tienda\/sin categor\u00eda\/bajo-cruzer-electrico-rvb-850\/","og_site_name":"Mexican Guitar Players","article_modified_time":"2026-04-10T10:27:00+00:00","twitter_card":"summary_large_image","twitter_misc":{"Est. reading time":"1 minute"},"schema":{"@context":"https:\/\/schema.org","@graph":[{"@type":["WebPage","ItemPage"],"@id":"https:\/\/www.mexicanguitarplayers.com\/tienda\/sin categor\u00eda\/bajo-cruzer-electrico-rvb-850\/","url":"https:\/\/www.mexicanguitarplayers.com\/tienda\/sin categor\u00eda\/bajo-cruzer-electrico-rvb-850\/","name":"BAJO CRUZER ELECTRICO RVB-850 - Mexican Guitar Players","isPartOf":{"@id":"https:\/\/www.mexicanguitarplayers.com\/#website"},"primaryImageOfPage":{"@id":"https:\/\/www.mexicanguitarplayers.com\/tienda\/sin categor\u00eda\/bajo-cruzer-electrico-rvb-850\/#primaryimage"},"image":{"@id":"https:\/\/www.mexicanguitarplayers.com\/tienda\/sin categor\u00eda\/bajo-cruzer-electrico-rvb-850\/#primaryimage"},"thumbnailUrl":"https:\/\/www.mexicanguitarplayers.com\/wp-content\/uploads\/2025\/04\/ISCRZRVB850.jpg","datePublished":"2025-04-09T04:32:24+00:00","dateModified":"2026-04-10T10:27:00+00:00","description":"Bajo Cruzer el\u00e9ctrico RVB-850 bajo Flying v, 4 cuerdas, cuerpo de basswood, brazo de maple y diapas\u00f3n de rosewood, 2 pickups Cruzer de Luxe bass, 1vol y 1 tono, selector de 3 pasos, 24 trastes, hardware negro, maquinarias diecast.","breadcrumb":{"@id":"https:\/\/www.mexicanguitarplayers.com\/tienda\/sin categor\u00eda\/bajo-cruzer-electrico-rvb-850\/#breadcrumb"},"inLanguage":"en-US","potentialAction":[{"@type":"ReadAction","target":["https:\/\/www.mexicanguitarplayers.com\/tienda\/sin categor\u00eda\/bajo-cruzer-electrico-rvb-850\/"]}]},{"@type":"ImageObject","inLanguage":"en-US","@id":"https:\/\/www.mexicanguitarplayers.com\/tienda\/sin categor\u00eda\/bajo-cruzer-electrico-rvb-850\/#primaryimage","url":"https:\/\/www.mexicanguitarplayers.com\/wp-content\/uploads\/2025\/04\/ISCRZRVB850.jpg","contentUrl":"https:\/\/www.mexicanguitarplayers.com\/wp-content\/uploads\/2025\/04\/ISCRZRVB850.jpg","width":300,"height":300},{"@type":"BreadcrumbList","@id":"https:\/\/www.mexicanguitarplayers.com\/tienda\/sin categor\u00eda\/bajo-cruzer-electrico-rvb-850\/#breadcrumb","itemListElement":[{"@type":"ListItem","position":1,"name":"Portada","item":"https:\/\/www.mexicanguitarplayers.com\/"},{"@type":"ListItem","position":2,"name":"Tienda","item":"https:\/\/www.mexicanguitarplayers.com\/tienda\/"},{"@type":"ListItem","position":3,"name":"BAJO CRUZER ELECTRICO RVB-850"}]},{"@type":"WebSite","@id":"https:\/\/www.mexicanguitarplayers.com\/#website","url":"https:\/\/www.mexicanguitarplayers.com\/","name":"Mexican Guitar Players","description":"Website","publisher":{"@id":"https:\/\/www.mexicanguitarplayers.com\/#organization"},"potentialAction":[{"@type":"SearchAction","target":{"@type":"EntryPoint","urlTemplate":"https:\/\/www.mexicanguitarplayers.com\/?s={search_term_string}"},"query-input":{"@type":"PropertyValueSpecification","valueRequired":true,"valueName":"search_term_string"}}],"inLanguage":"en-US"},{"@type":"Organization","@id":"https:\/\/www.mexicanguitarplayers.com\/#organization","name":"Mexican Guitar Players","url":"https:\/\/www.mexicanguitarplayers.com\/","logo":{"@type":"ImageObject","inLanguage":"en-US","@id":"https:\/\/www.mexicanguitarplayers.com\/#\/schema\/logo\/image\/","url":"","contentUrl":"","caption":"Mexican Guitar Players"},"image":{"@id":"https:\/\/www.mexicanguitarplayers.com\/#\/schema\/logo\/image\/"}}]}},"brands":[{"id":259,"name":"CRUISE","slug":"cruzer"}],"_links":{"self":[{"href":"https:\/\/www.mexicanguitarplayers.com\/en\/wp-json\/wp\/v2\/product\/36246","targetHints":{"allow":["GET"]}}],"collection":[{"href":"https:\/\/www.mexicanguitarplayers.com\/en\/wp-json\/wp\/v2\/product"}],"about":[{"href":"https:\/\/www.mexicanguitarplayers.com\/en\/wp-json\/wp\/v2\/types\/product"}],"replies":[{"embeddable":true,"href":"https:\/\/www.mexicanguitarplayers.com\/en\/wp-json\/wp\/v2\/comments?post=36246"}],"wp:featuredmedia":[{"embeddable":true,"href":"https:\/\/www.mexicanguitarplayers.com\/en\/wp-json\/wp\/v2\/media\/36245"}],"wp:attachment":[{"href":"https:\/\/www.mexicanguitarplayers.com\/en\/wp-json\/wp\/v2\/media?parent=36246"}],"wp:term":[{"taxonomy":"pwb-brand","embeddable":true,"href":"https:\/\/www.mexicanguitarplayers.com\/en\/wp-json\/wp\/v2\/pwb-brand?post=36246"},{"taxonomy":"product_brand","embeddable":true,"href":"https:\/\/www.mexicanguitarplayers.com\/en\/wp-json\/wp\/v2\/product_brand?post=36246"},{"taxonomy":"product_cat","embeddable":true,"href":"https:\/\/www.mexicanguitarplayers.com\/en\/wp-json\/wp\/v2\/product_cat?post=36246"},{"taxonomy":"product_tag","embeddable":true,"href":"https:\/\/www.mexicanguitarplayers.com\/en\/wp-json\/wp\/v2\/product_tag?post=36246"}],"curies":[{"name":"wp","href":"https:\/\/api.w.org\/{rel}","templated":true}]}}