{"id":36290,"date":"2025-04-08T22:33:20","date_gmt":"2025-04-09T04:33:20","guid":{"rendered":"https:\/\/www.mexicanguitarplayers.com\/tienda\/sin categor\u00eda\/microfono-behringer-mod-sl-85s\/"},"modified":"2026-05-13T16:15:07","modified_gmt":"2026-05-13T22:15:07","slug":"microfono-behringer-mod-sl-85s","status":"publish","type":"product","link":"https:\/\/www.mexicanguitarplayers.com\/en\/tienda\/audio\/microfonia\/microfonos-alambricos\/de-mano\/microfono-behringer-mod-sl-85s\/","title":{"rendered":"MICROFONO BEHRINGER    MOD. SL 85S"},"content":{"rendered":"<div style=\"text-align: justify\">\n<div>\n<h3>Make yourself heard.<\/h3>\n<\/div>\n<div>El micr\u00f3fono din\u00e1mico cardioide  SL 85S es el sue\u00f1o de cualquier int\u00e9rprete o entusiasta de la grabaci\u00f3n casera hecho realidad. Este micr\u00f3fono de calidad profesional est\u00e1 dise\u00f1ado para capturar tus sonidos con una sensibilidad y precisi\u00f3n sobresalientes. Con un patr\u00f3n de captaci\u00f3n s\u00faper cardioide para una excelente separaci\u00f3n de la fuente de sonido y rechazo de la retroalimentaci\u00f3n, estos micr\u00f3fonos de respuesta de frecuencia ultra ancha son una excelente opci\u00f3n para cualquier escenario de interpretaci\u00f3n o grabaci\u00f3n. Incluye un sistema shock-mount integrado, un filtro esf\u00e9rico antiviento y antipop y un estuche resistente al impacto. Los micr\u00f3fonos din\u00e1micos tienen varias ventajas que los hacen ideales para aplicaciones vocales en vivo y para grabar instrumentos amplificados. Son robustos, resistentes a la humedad y pueden lograr una alta ganancia antes de la retroalimentaci\u00f3n. El patr\u00f3n de captaci\u00f3n s\u00faper cardioide de la serie BA captura la se\u00f1al fuente como un amplificador de guitarra o un vocalista, mientras evita el sonido fuera del eje. Y lo mejor de todo es que los micr\u00f3fonos din\u00e1micos no requieren ninguna alimentaci\u00f3n phantom, as\u00ed que todo lo que necesitas en tu micr\u00f3fono y tu cable. El SL 85S proporciona una respuesta de frecuencia incre\u00edblemente plana al tiempo que incorpora un aumento de presencia de frecuencia media suave para una excelente proyecci\u00f3n de voz e incluye un filtro antipop de dos etapas para minimizar los ruidos de manejo y de respiraci\u00f3n. Cuenta con una salida extremadamente alta para que tu voz salga a la luz.<\/div>\n<div>\n<h4>Characteristics<\/h4>\n<\/div>\n<div>\n<ul style=\"margin: 0px 0px 0px 25px\">\n<li style=\"list-style-type: circle;margin: 5px\">Micr\u00f3fono cardioide din\u00e1mico con switch On\/Off.<\/li>\n<li style=\"list-style-type: circle;margin: 5px\">Respuesta de frecuencia ultra plana.<\/li>\n<li style=\"list-style-type: circle;margin: 5px\">Sonido brillante y transparente.<\/li>\n<li style=\"list-style-type: circle;margin: 5px\">Salida de se\u00f1al extremadamente alta.<\/li>\n<li style=\"list-style-type: circle;margin: 5px\">M\u00e1ximo aislamiento de otras fuentes de sonido<\/li>\n<li style=\"list-style-type: circle;margin: 5px\">Filtro integrado antiviento y antipop.<\/li>\n<li style=\"list-style-type: circle;margin: 5px\">Sistema shock-mount.<\/li>\n<li style=\"list-style-type: circle;margin: 5px\">Conector XLR de 3 pines<\/li>\n<li style=\"list-style-type: circle;margin: 5px\">Incluye adaptador de soporte para micr\u00f3fono y estuche resistente al impacto.<\/li>\n<\/ul>\n<\/div>\n<\/div>","protected":false},"excerpt":{"rendered":"<p>Micr\u00f3fono cardioide din\u00e1mico con switch On\/Off, presencia suave de frecuencia media para una excelente reproducci\u00f3n de la voz, respuesta de frecuencia ultra plana para un sonido brillante y transparente, salida de se\u00f1al extremadamente alta, caracter\u00edstica cardioide que minimiza el ruido de fondo y la retroalimentaci\u00f3n, filtro esf\u00e9rico integrado antiviento y antipop, sistema shock-mount para reducir el ruido de manejo, conector XLR de 3 pines para mayor integridad de la se\u00f1al, incluye adaptador de soporte para micr\u00f3fono y estuche protector.&hellip; <a class=\"kt-excerpt-readmore more-link\" href=\"https:\/\/www.mexicanguitarplayers.com\/en\/tienda\/audio\/microfonia\/microfonos-alambricos\/de-mano\/microfono-behringer-mod-sl-85s\/\">Read more<\/a><\/p>","protected":false},"featured_media":36288,"comment_status":"open","ping_status":"closed","template":"","meta":{"kt_blocks_editor_width":""},"pwb-brand":[171],"product_brand":[],"product_cat":[213,218,214,215],"product_tag":[],"class_list":{"0":"post-36290","1":"product","2":"type-product","3":"status-publish","4":"has-post-thumbnail","6":"pwb-brand-behringer","7":"product_cat-audio","8":"product_cat-de-mano","9":"product_cat-microfonia","10":"product_cat-microfonos-alambricos","11":"product_shipping_class-0-5-kg","13":"first","14":"outofstock","15":"taxable","16":"shipping-taxable","17":"purchasable","18":"product-type-simple"},"yoast_head":"<!-- This site is optimized with the Yoast SEO plugin v27.6 - https:\/\/yoast.com\/product\/yoast-seo-wordpress\/ -->\n<title>MICROFONO BEHRINGER  MOD. SL 85S - Mexican Guitar Players<\/title>\n<meta name=\"description\" content=\"Micr\u00f3fono cardioide din\u00e1mico con switch On\/Off, presencia suave de frecuencia media para una excelente reproducci\u00f3n de la voz, respuesta de frecuencia ultra plana para un sonido brillante y transparente, salida de se\u00f1al extremadamente alta, caracter\u00edstica cardioide que minimiza el ruido de fondo y la retroalimentaci\u00f3n, filtro esf\u00e9rico integrado antiviento y antipop, sistema shock-mount para reducir el ruido de manejo, conector XLR de 3 pines para mayor integridad de la se\u00f1al, incluye adaptador de soporte para micr\u00f3fono y estuche protector.\" \/>\n<meta name=\"robots\" content=\"index, follow, max-snippet:-1, max-image-preview:large, max-video-preview:-1\" \/>\n<link rel=\"canonical\" href=\"https:\/\/www.mexicanguitarplayers.com\/en\/tienda\/sin%20categor\u00eda\/microfono-behringer-mod-sl-85s\/\" \/>\n<meta property=\"og:locale\" content=\"en_US\" \/>\n<meta property=\"og:type\" content=\"article\" \/>\n<meta property=\"og:title\" content=\"MICROFONO BEHRINGER  MOD. SL 85S - Mexican Guitar Players\" \/>\n<meta property=\"og:description\" content=\"Micr\u00f3fono cardioide din\u00e1mico con switch On\/Off, presencia suave de frecuencia media para una excelente reproducci\u00f3n de la voz, respuesta de frecuencia ultra plana para un sonido brillante y transparente, salida de se\u00f1al extremadamente alta, caracter\u00edstica cardioide que minimiza el ruido de fondo y la retroalimentaci\u00f3n, filtro esf\u00e9rico integrado antiviento y antipop, sistema shock-mount para reducir el ruido de manejo, conector XLR de 3 pines para mayor integridad de la se\u00f1al, incluye adaptador de soporte para micr\u00f3fono y estuche protector.\" \/>\n<meta property=\"og:url\" content=\"https:\/\/www.mexicanguitarplayers.com\/en\/tienda\/sin categor\u00eda\/microfono-behringer-mod-sl-85s\/\" \/>\n<meta property=\"og:site_name\" content=\"Mexican Guitar Players\" \/>\n<meta property=\"article:modified_time\" content=\"2026-05-13T22:15:07+00:00\" \/>\n<meta name=\"twitter:card\" content=\"summary_large_image\" \/>\n<meta name=\"twitter:label1\" content=\"Est. reading time\" \/>\n\t<meta name=\"twitter:data1\" content=\"2 minutes\" \/>\n<script type=\"application\/ld+json\" class=\"yoast-schema-graph\">{\"@context\":\"https:\\\/\\\/schema.org\",\"@graph\":[{\"@type\":[\"WebPage\",\"ItemPage\"],\"@id\":\"https:\\\/\\\/www.mexicanguitarplayers.com\\\/tienda\\\/sin categor\u00eda\\\/microfono-behringer-mod-sl-85s\\\/\",\"url\":\"https:\\\/\\\/www.mexicanguitarplayers.com\\\/tienda\\\/sin categor\u00eda\\\/microfono-behringer-mod-sl-85s\\\/\",\"name\":\"MICROFONO BEHRINGER MOD. SL 85S - Mexican Guitar Players\",\"isPartOf\":{\"@id\":\"https:\\\/\\\/www.mexicanguitarplayers.com\\\/#website\"},\"primaryImageOfPage\":{\"@id\":\"https:\\\/\\\/www.mexicanguitarplayers.com\\\/tienda\\\/sin categor\u00eda\\\/microfono-behringer-mod-sl-85s\\\/#primaryimage\"},\"image\":{\"@id\":\"https:\\\/\\\/www.mexicanguitarplayers.com\\\/tienda\\\/sin categor\u00eda\\\/microfono-behringer-mod-sl-85s\\\/#primaryimage\"},\"thumbnailUrl\":\"https:\\\/\\\/www.mexicanguitarplayers.com\\\/wp-content\\\/uploads\\\/2025\\\/04\\\/IABEHSL85S.jpg\",\"datePublished\":\"2025-04-09T04:33:20+00:00\",\"dateModified\":\"2026-05-13T22:15:07+00:00\",\"description\":\"Micr\u00f3fono cardioide din\u00e1mico con switch On\\\/Off, presencia suave de frecuencia media para una excelente reproducci\u00f3n de la voz, respuesta de frecuencia ultra plana para un sonido brillante y transparente, salida de se\u00f1al extremadamente alta, caracter\u00edstica cardioide que minimiza el ruido de fondo y la retroalimentaci\u00f3n, filtro esf\u00e9rico integrado antiviento y antipop, sistema shock-mount para reducir el ruido de manejo, conector XLR de 3 pines para mayor integridad de la se\u00f1al, incluye adaptador de soporte para micr\u00f3fono y estuche protector.\",\"breadcrumb\":{\"@id\":\"https:\\\/\\\/www.mexicanguitarplayers.com\\\/tienda\\\/sin categor\u00eda\\\/microfono-behringer-mod-sl-85s\\\/#breadcrumb\"},\"inLanguage\":\"en-US\",\"potentialAction\":[{\"@type\":\"ReadAction\",\"target\":[\"https:\\\/\\\/www.mexicanguitarplayers.com\\\/tienda\\\/sin categor\u00eda\\\/microfono-behringer-mod-sl-85s\\\/\"]}]},{\"@type\":\"ImageObject\",\"inLanguage\":\"en-US\",\"@id\":\"https:\\\/\\\/www.mexicanguitarplayers.com\\\/tienda\\\/sin categor\u00eda\\\/microfono-behringer-mod-sl-85s\\\/#primaryimage\",\"url\":\"https:\\\/\\\/www.mexicanguitarplayers.com\\\/wp-content\\\/uploads\\\/2025\\\/04\\\/IABEHSL85S.jpg\",\"contentUrl\":\"https:\\\/\\\/www.mexicanguitarplayers.com\\\/wp-content\\\/uploads\\\/2025\\\/04\\\/IABEHSL85S.jpg\",\"width\":800,\"height\":1600},{\"@type\":\"BreadcrumbList\",\"@id\":\"https:\\\/\\\/www.mexicanguitarplayers.com\\\/tienda\\\/sin categor\u00eda\\\/microfono-behringer-mod-sl-85s\\\/#breadcrumb\",\"itemListElement\":[{\"@type\":\"ListItem\",\"position\":1,\"name\":\"Portada\",\"item\":\"https:\\\/\\\/www.mexicanguitarplayers.com\\\/\"},{\"@type\":\"ListItem\",\"position\":2,\"name\":\"Tienda\",\"item\":\"https:\\\/\\\/www.mexicanguitarplayers.com\\\/tienda\\\/\"},{\"@type\":\"ListItem\",\"position\":3,\"name\":\"MICROFONO BEHRINGER MOD. SL 85S\"}]},{\"@type\":\"WebSite\",\"@id\":\"https:\\\/\\\/www.mexicanguitarplayers.com\\\/#website\",\"url\":\"https:\\\/\\\/www.mexicanguitarplayers.com\\\/\",\"name\":\"Mexican Guitar Players\",\"description\":\"Website\",\"publisher\":{\"@id\":\"https:\\\/\\\/www.mexicanguitarplayers.com\\\/#organization\"},\"potentialAction\":[{\"@type\":\"SearchAction\",\"target\":{\"@type\":\"EntryPoint\",\"urlTemplate\":\"https:\\\/\\\/www.mexicanguitarplayers.com\\\/?s={search_term_string}\"},\"query-input\":{\"@type\":\"PropertyValueSpecification\",\"valueRequired\":true,\"valueName\":\"search_term_string\"}}],\"inLanguage\":\"en-US\"},{\"@type\":\"Organization\",\"@id\":\"https:\\\/\\\/www.mexicanguitarplayers.com\\\/#organization\",\"name\":\"Mexican Guitar Players\",\"url\":\"https:\\\/\\\/www.mexicanguitarplayers.com\\\/\",\"logo\":{\"@type\":\"ImageObject\",\"inLanguage\":\"en-US\",\"@id\":\"https:\\\/\\\/www.mexicanguitarplayers.com\\\/#\\\/schema\\\/logo\\\/image\\\/\",\"url\":\"\",\"contentUrl\":\"\",\"caption\":\"Mexican Guitar Players\"},\"image\":{\"@id\":\"https:\\\/\\\/www.mexicanguitarplayers.com\\\/#\\\/schema\\\/logo\\\/image\\\/\"}}]}<\/script>\n<!-- \/ Yoast SEO plugin. -->","yoast_head_json":{"title":"MICROFONO BEHRINGER  MOD. SL 85S - Mexican Guitar Players","description":"Micr\u00f3fono cardioide din\u00e1mico con switch On\/Off, presencia suave de frecuencia media para una excelente reproducci\u00f3n de la voz, respuesta de frecuencia ultra plana para un sonido brillante y transparente, salida de se\u00f1al extremadamente alta, caracter\u00edstica cardioide que minimiza el ruido de fondo y la retroalimentaci\u00f3n, filtro esf\u00e9rico integrado antiviento y antipop, sistema shock-mount para reducir el ruido de manejo, conector XLR de 3 pines para mayor integridad de la se\u00f1al, incluye adaptador de soporte para micr\u00f3fono y estuche protector.","robots":{"index":"index","follow":"follow","max-snippet":"max-snippet:-1","max-image-preview":"max-image-preview:large","max-video-preview":"max-video-preview:-1"},"canonical":"https:\/\/www.mexicanguitarplayers.com\/en\/tienda\/sin categor\u00eda\/microfono-behringer-mod-sl-85s\/","og_locale":"en_US","og_type":"article","og_title":"MICROFONO BEHRINGER  MOD. SL 85S - Mexican Guitar Players","og_description":"Micr\u00f3fono cardioide din\u00e1mico con switch On\/Off, presencia suave de frecuencia media para una excelente reproducci\u00f3n de la voz, respuesta de frecuencia ultra plana para un sonido brillante y transparente, salida de se\u00f1al extremadamente alta, caracter\u00edstica cardioide que minimiza el ruido de fondo y la retroalimentaci\u00f3n, filtro esf\u00e9rico integrado antiviento y antipop, sistema shock-mount para reducir el ruido de manejo, conector XLR de 3 pines para mayor integridad de la se\u00f1al, incluye adaptador de soporte para micr\u00f3fono y estuche protector.","og_url":"https:\/\/www.mexicanguitarplayers.com\/en\/tienda\/sin categor\u00eda\/microfono-behringer-mod-sl-85s\/","og_site_name":"Mexican Guitar Players","article_modified_time":"2026-05-13T22:15:07+00:00","twitter_card":"summary_large_image","twitter_misc":{"Est. reading time":"2 minutes"},"schema":{"@context":"https:\/\/schema.org","@graph":[{"@type":["WebPage","ItemPage"],"@id":"https:\/\/www.mexicanguitarplayers.com\/tienda\/sin categor\u00eda\/microfono-behringer-mod-sl-85s\/","url":"https:\/\/www.mexicanguitarplayers.com\/tienda\/sin categor\u00eda\/microfono-behringer-mod-sl-85s\/","name":"MICROFONO BEHRINGER MOD. SL 85S - Mexican Guitar Players","isPartOf":{"@id":"https:\/\/www.mexicanguitarplayers.com\/#website"},"primaryImageOfPage":{"@id":"https:\/\/www.mexicanguitarplayers.com\/tienda\/sin categor\u00eda\/microfono-behringer-mod-sl-85s\/#primaryimage"},"image":{"@id":"https:\/\/www.mexicanguitarplayers.com\/tienda\/sin categor\u00eda\/microfono-behringer-mod-sl-85s\/#primaryimage"},"thumbnailUrl":"https:\/\/www.mexicanguitarplayers.com\/wp-content\/uploads\/2025\/04\/IABEHSL85S.jpg","datePublished":"2025-04-09T04:33:20+00:00","dateModified":"2026-05-13T22:15:07+00:00","description":"Micr\u00f3fono cardioide din\u00e1mico con switch On\/Off, presencia suave de frecuencia media para una excelente reproducci\u00f3n de la voz, respuesta de frecuencia ultra plana para un sonido brillante y transparente, salida de se\u00f1al extremadamente alta, caracter\u00edstica cardioide que minimiza el ruido de fondo y la retroalimentaci\u00f3n, filtro esf\u00e9rico integrado antiviento y antipop, sistema shock-mount para reducir el ruido de manejo, conector XLR de 3 pines para mayor integridad de la se\u00f1al, incluye adaptador de soporte para micr\u00f3fono y estuche protector.","breadcrumb":{"@id":"https:\/\/www.mexicanguitarplayers.com\/tienda\/sin categor\u00eda\/microfono-behringer-mod-sl-85s\/#breadcrumb"},"inLanguage":"en-US","potentialAction":[{"@type":"ReadAction","target":["https:\/\/www.mexicanguitarplayers.com\/tienda\/sin categor\u00eda\/microfono-behringer-mod-sl-85s\/"]}]},{"@type":"ImageObject","inLanguage":"en-US","@id":"https:\/\/www.mexicanguitarplayers.com\/tienda\/sin categor\u00eda\/microfono-behringer-mod-sl-85s\/#primaryimage","url":"https:\/\/www.mexicanguitarplayers.com\/wp-content\/uploads\/2025\/04\/IABEHSL85S.jpg","contentUrl":"https:\/\/www.mexicanguitarplayers.com\/wp-content\/uploads\/2025\/04\/IABEHSL85S.jpg","width":800,"height":1600},{"@type":"BreadcrumbList","@id":"https:\/\/www.mexicanguitarplayers.com\/tienda\/sin categor\u00eda\/microfono-behringer-mod-sl-85s\/#breadcrumb","itemListElement":[{"@type":"ListItem","position":1,"name":"Portada","item":"https:\/\/www.mexicanguitarplayers.com\/"},{"@type":"ListItem","position":2,"name":"Tienda","item":"https:\/\/www.mexicanguitarplayers.com\/tienda\/"},{"@type":"ListItem","position":3,"name":"MICROFONO BEHRINGER MOD. SL 85S"}]},{"@type":"WebSite","@id":"https:\/\/www.mexicanguitarplayers.com\/#website","url":"https:\/\/www.mexicanguitarplayers.com\/","name":"Mexican Guitar Players","description":"Website","publisher":{"@id":"https:\/\/www.mexicanguitarplayers.com\/#organization"},"potentialAction":[{"@type":"SearchAction","target":{"@type":"EntryPoint","urlTemplate":"https:\/\/www.mexicanguitarplayers.com\/?s={search_term_string}"},"query-input":{"@type":"PropertyValueSpecification","valueRequired":true,"valueName":"search_term_string"}}],"inLanguage":"en-US"},{"@type":"Organization","@id":"https:\/\/www.mexicanguitarplayers.com\/#organization","name":"Mexican Guitar Players","url":"https:\/\/www.mexicanguitarplayers.com\/","logo":{"@type":"ImageObject","inLanguage":"en-US","@id":"https:\/\/www.mexicanguitarplayers.com\/#\/schema\/logo\/image\/","url":"","contentUrl":"","caption":"Mexican Guitar Players"},"image":{"@id":"https:\/\/www.mexicanguitarplayers.com\/#\/schema\/logo\/image\/"}}]}},"brands":[{"id":171,"name":"BEHRINGER","slug":"behringer"}],"_links":{"self":[{"href":"https:\/\/www.mexicanguitarplayers.com\/en\/wp-json\/wp\/v2\/product\/36290","targetHints":{"allow":["GET"]}}],"collection":[{"href":"https:\/\/www.mexicanguitarplayers.com\/en\/wp-json\/wp\/v2\/product"}],"about":[{"href":"https:\/\/www.mexicanguitarplayers.com\/en\/wp-json\/wp\/v2\/types\/product"}],"replies":[{"embeddable":true,"href":"https:\/\/www.mexicanguitarplayers.com\/en\/wp-json\/wp\/v2\/comments?post=36290"}],"wp:featuredmedia":[{"embeddable":true,"href":"https:\/\/www.mexicanguitarplayers.com\/en\/wp-json\/wp\/v2\/media\/36288"}],"wp:attachment":[{"href":"https:\/\/www.mexicanguitarplayers.com\/en\/wp-json\/wp\/v2\/media?parent=36290"}],"wp:term":[{"taxonomy":"pwb-brand","embeddable":true,"href":"https:\/\/www.mexicanguitarplayers.com\/en\/wp-json\/wp\/v2\/pwb-brand?post=36290"},{"taxonomy":"product_brand","embeddable":true,"href":"https:\/\/www.mexicanguitarplayers.com\/en\/wp-json\/wp\/v2\/product_brand?post=36290"},{"taxonomy":"product_cat","embeddable":true,"href":"https:\/\/www.mexicanguitarplayers.com\/en\/wp-json\/wp\/v2\/product_cat?post=36290"},{"taxonomy":"product_tag","embeddable":true,"href":"https:\/\/www.mexicanguitarplayers.com\/en\/wp-json\/wp\/v2\/product_tag?post=36290"}],"curies":[{"name":"wp","href":"https:\/\/api.w.org\/{rel}","templated":true}]}}